{"id":276,"date":"2024-07-20T10:16:11","date_gmt":"2024-07-20T10:16:11","guid":{"rendered":"https:\/\/surgyteam.com\/?page_id=276"},"modified":"2024-07-20T17:22:33","modified_gmt":"2024-07-20T17:22:33","slug":"360-fettabsaugung","status":"publish","type":"page","link":"https:\/\/surgyteam.com\/de\/360-liposuction\/","title":{"rendered":"Oberschenkelstraffung"},"content":{"rendered":"<div data-elementor-type=\"wp-page\" data-elementor-id=\"276\" class=\"elementor elementor-276\">\n\t\t\t\t<div class=\"elementor-element elementor-element-09cf3b8 e-flex e-con-boxed wpr-particle-no wpr-jarallax-no wpr-parallax-no wpr-sticky-section-no wpr-equal-height-no e-con e-parent\" data-id=\"09cf3b8\" data-element_type=\"container\" data-e-type=\"container\" data-settings=\"{&quot;background_background&quot;:&quot;classic&quot;}\">\n\t\t\t\t\t<div class=\"e-con-inner\">\n\t\t\t\t<div class=\"elementor-element elementor-element-6eaee70 elementor-widget elementor-widget-wpr-post-title\" data-id=\"6eaee70\" data-element_type=\"widget\" data-e-type=\"widget\" data-widget_type=\"wpr-post-title.default\">\n\t\t\t\t<div class=\"elementor-widget-container\">\n\t\t\t\t\t<h1 class=\"wpr-post-title\">Oberschenkelstraffung<\/h1>\t\t\t\t<\/div>\n\t\t\t\t<\/div>\n\t\t\t\t\t<\/div>\n\t\t\t\t<\/div>\n\t\t<div class=\"elementor-element elementor-element-6ecccb3 e-flex e-con-boxed wpr-particle-no wpr-jarallax-no wpr-parallax-no wpr-sticky-section-no wpr-equal-height-no e-con e-parent\" data-id=\"6ecccb3\" data-element_type=\"container\" data-e-type=\"container\">\n\t\t\t\t\t<div class=\"e-con-inner\">\n\t\t<div class=\"elementor-element elementor-element-bd5f2bf e-con-full e-flex wpr-particle-no wpr-jarallax-no wpr-parallax-no wpr-sticky-section-no wpr-equal-height-no e-con e-child\" data-id=\"bd5f2bf\" data-element_type=\"container\" data-e-type=\"container\">\n\t\t\t\t<div class=\"elementor-element elementor-element-b88b836 elementor-widget elementor-widget-image\" data-id=\"b88b836\" data-element_type=\"widget\" data-e-type=\"widget\" data-widget_type=\"image.default\">\n\t\t\t\t<div class=\"elementor-widget-container\">\n\t\t\t\t\t\t\t\t\t\t\t\t\t\t\t<img fetchpriority=\"high\" decoding=\"async\" width=\"1024\" height=\"752\" src=\"https:\/\/surgyteam.com\/wp-content\/uploads\/2024\/07\/Thigh-Lift-1024x752.jpg\" class=\"attachment-large size-large wp-image-519\" alt=\"Oberschenkelstraffung\" srcset=\"https:\/\/surgyteam.com\/wp-content\/uploads\/2024\/07\/Thigh-Lift-1024x752.jpg 1024w, https:\/\/surgyteam.com\/wp-content\/uploads\/2024\/07\/Thigh-Lift-300x220.jpg 300w, https:\/\/surgyteam.com\/wp-content\/uploads\/2024\/07\/Thigh-Lift-768x564.jpg 768w, https:\/\/surgyteam.com\/wp-content\/uploads\/2024\/07\/Thigh-Lift.jpg 1500w\" sizes=\"(max-width: 1024px) 100vw, 1024px\" \/>\t\t\t\t\t\t\t\t\t\t\t\t\t\t\t<\/div>\n\t\t\t\t<\/div>\n\t\t\t\t<div class=\"elementor-element elementor-element-c5acd1f elementor-widget elementor-widget-text-editor\" data-id=\"c5acd1f\" data-element_type=\"widget\" data-e-type=\"widget\" data-widget_type=\"text-editor.default\">\n\t\t\t\t<div class=\"elementor-widget-container\">\n\t\t\t\t\t\t\t\t\t<h3 class=\"western\"><span style=\"color: #000000;\"><span style=\"font-size: medium;\"><b>Oberschenkelstraffung in der SURGYTEAM-Klinik<\/b><\/span><\/span><\/h3><p align=\"left\">In der SURGYTEAM-Klinik sind wir darauf spezialisiert, Ihnen durch fortschrittliche kosmetische Eingriffe wie die Oberschenkelstraffung zu straffen und konturierten Oberschenkeln zu verhelfen. Dieser chirurgische Eingriff dient dazu, \u00fcbersch\u00fcssige Haut und Fett von den Oberschenkeln zu entfernen, was zu glatteren, proportionaleren Konturen f\u00fchrt.<\/p><h3 class=\"western\"><a name=\"_h1qubtowusu4\"><\/a> <span style=\"color: #000000;\"><span style=\"font-size: medium;\"><b>Was ist ein Oberschenkellifting?<\/b><\/span><\/span><\/h3><p align=\"left\">Eine Oberschenkelstraffung, auch Oberschenkelplastik genannt, ist ein chirurgischer Eingriff, der sich auf schlaffe Haut und \u00fcbersch\u00fcssiges Fett an den Oberschenkeln konzentriert. Sie ist ideal f\u00fcr Personen, die erheblich an Gewicht verloren haben oder in diesem Bereich altersbedingt schlaffe Haut haben.<\/p><h3 class=\"western\"><a name=\"_m17xgsi9hlka\"><\/a> <span style=\"color: #000000;\"><span style=\"font-size: medium;\"><b>Vorteile einer Oberschenkelstraffung<\/b><\/span><\/span><\/h3><p align=\"left\">Zu den wichtigsten Vorteilen einer Oberschenkelstraffung geh\u00f6ren:<\/p><ul><li><p align=\"left\"><b>Verbesserte Oberschenkelkontur<\/b>: Der Eingriff verbessert die Form und Definition der Oberschenkel und sorgt f\u00fcr ein strafferes und strafferes Aussehen.<\/p><\/li><li><p align=\"left\"><b>Hautstraffung<\/b>: \u00dcbersch\u00fcssige Haut wird entfernt, was zu einer glatteren Hautstruktur und weniger Erschlaffung f\u00fchrt.<\/p><\/li><li><p align=\"left\"><b>Verbesserte K\u00f6rperproportionen<\/b>: Eine Oberschenkelstraffung kann die gesamten K\u00f6rperproportionen und die Silhouette verbessern, insbesondere in Kombination mit anderen Verfahren zur K\u00f6rperformung.<\/p><\/li><li><p align=\"left\"><b>Mehr Selbstvertrauen<\/b>: Schlankere und konturiertere Oberschenkel k\u00f6nnen das Selbstwertgef\u00fchl und das K\u00f6rperbewusstsein steigern.<\/p><\/li><\/ul><h3 class=\"western\"><a name=\"_6ydlsrnofedd\"><\/a> <span style=\"color: #000000;\"><span style=\"font-size: medium;\"><b>Das Verfahren der Oberschenkelstraffung<\/b><\/span><\/span><\/h3><p align=\"left\">In der SURGYTEAM-Klinik f\u00fchren unsere erfahrenen Chirurgen Oberschenkelstraffungen mit Pr\u00e4zision und Liebe zum Detail durch. Folgendes k\u00f6nnen Sie w\u00e4hrend des Eingriffs erwarten:<\/p><ul><li><p align=\"left\"><b>An\u00e4sthesie<\/b>: Oberschenkelstraffungen werden normalerweise unter Vollnarkose durchgef\u00fchrt, um Ihr Wohlbefinden w\u00e4hrend des gesamten Eingriffs zu gew\u00e4hrleisten.<\/p><\/li><li><p align=\"left\"><b>Platzierung des Einschnitts<\/b>: Die Schnitte werden strategisch in nat\u00fcrlichen Hautfalten oder entlang der Innenseite des Oberschenkels platziert, um sichtbare Narbenbildung zu minimieren.<\/p><\/li><li><p align=\"left\"><b>Haut- und Fettentfernung<\/b>: \u00dcbersch\u00fcssige Haut und Fett werden sorgf\u00e4ltig entfernt, um die Oberschenkel neu zu formen und zu konturieren.<\/p><\/li><li><p align=\"left\"><b>Muskelanspannung<\/b>: In einigen F\u00e4llen k\u00f6nnen darunter liegende Muskeln gestrafft werden, um die Kontur und Festigkeit der Oberschenkel weiter zu verbessern.<\/p><\/li><li><p align=\"left\"><b>N\u00e4hen<\/b>: Die Einschnitte werden mit N\u00e4hten geschlossen und es k\u00f6nnen Drainagen gelegt werden, um eine Fl\u00fcssigkeitsansammlung w\u00e4hrend der ersten Heilungsphase zu verhindern.<\/p><\/li><\/ul><h3 class=\"western\"><a name=\"_90uwqzubjcna\"><\/a> <span style=\"color: #000000;\"><span style=\"font-size: medium;\"><b>Genesung und Nachsorge<\/b><\/span><\/span><\/h3><p align=\"left\">Die Erholung nach einer Oberschenkelstraffung umfasst typischerweise:<\/p><ul><li><p align=\"left\"><b>Erste Wiederherstellung<\/b>: Es kann zu Schwellungen, Bluterg\u00fcssen und Beschwerden an den Oberschenkeln kommen, die mit verschreibungspflichtigen Medikamenten und Kompressionskleidung behandelt werden k\u00f6nnen.<\/p><\/li><li><p align=\"left\"><b>Aktivit\u00e4tseinschr\u00e4nkungen<\/b>: Um die Heilung zu f\u00f6rdern, sollten Sie mehrere Wochen lang anstrengende Aktivit\u00e4ten und das Heben schwerer Lasten vermeiden.<\/p><\/li><li><p align=\"left\"><b>Folgetermine<\/b>: Es finden regelm\u00e4\u00dfige Nachsorgetermine mit Ihrem Chirurgen in der SURGYTEAM-Klinik statt, um Ihren Heilungsverlauf zu \u00fcberwachen, etwaige N\u00e4hte oder Drainagen zu entfernen und Ihnen fortlaufende Pflegeanweisungen zu geben.<\/p><\/li><li><p align=\"left\"><b>Langfristige Ergebnisse<\/b>: Die Aufrechterhaltung eines stabilen Gewichts und eines gesunden Lebensstils k\u00f6nnen dazu beitragen, die Ergebnisse Ihrer Oberschenkelstraffung l\u00e4ngerfristig zu erzielen und so eine dauerhafte Verbesserung Ihrer Oberschenkelkonturen sicherzustellen.<\/p><\/li><\/ul><h3 class=\"western\"><a name=\"_2pw2848rzn4u\"><\/a> <span style=\"color: #000000;\"><span style=\"font-size: medium;\"><b>W\u00e4hlen Sie die SURGYTEAM-Klinik f\u00fcr Ihre Oberschenkelstraffung<\/b><\/span><\/span><\/h3><p align=\"left\">Wenn Sie sich f\u00fcr Ihre Oberschenkelstraffung f\u00fcr die SURGYTEAM-Klinik entscheiden, profitieren Sie von:<\/p><ul><li><p align=\"left\"><b>Sachverstand<\/b>: Unsere staatlich gepr\u00fcften plastischen Chirurgen sind auf Verfahren zur K\u00f6rperformung, einschlie\u00dflich Oberschenkelstraffungen, spezialisiert und gew\u00e4hrleisten sichere und wirksame Ergebnisse.<\/p><\/li><li><p align=\"left\"><b>Personalisierte Betreuung<\/b>: Ihre Sicherheit, Zufriedenheit und \u00e4sthetischen Ziele haben f\u00fcr uns oberste Priorit\u00e4t und wir erstellen personalisierte Behandlungspl\u00e4ne, die auf Ihre individuellen Bed\u00fcrfnisse zugeschnitten sind.<\/p><\/li><li><p align=\"left\"><b>Moderne Einrichtungen<\/b>: Die SURGYTEAM-Klinik ist mit hochmodernen Einrichtungen ausgestattet und h\u00e4lt sich an strenge Sicherheitsprotokolle, um ein angenehmes und sicheres Operationserlebnis zu gew\u00e4hrleisten.<\/p><\/li><li><p align=\"left\"><b>Umfassende Unterst\u00fctzung<\/b>: Von der ersten Beratung \u00fcber Ihre Genesung bis hin zur Nachsorge ist unser engagiertes medizinisches Personal bestrebt, Ihnen umfassende Unterst\u00fctzung und Beratung zu bieten.<\/p><\/li><\/ul><h3 class=\"western\"><a name=\"_rm8chhwskbta\"><\/a> <span style=\"color: #000000;\"><span style=\"font-size: medium;\"><b>Beratung und Planung<\/b><\/span><\/span><\/h3><p align=\"left\">Ihr Weg zu schlankeren, konturierteren Oberschenkeln beginnt mit einer vertraulichen Beratung in der SURGYTEAM-Klinik. W\u00e4hrend dieser Beratung:<\/p><ul><li><p align=\"left\"><b>Auswertung<\/b>: Unser Chirurg wird Ihren Oberschenkelbereich untersuchen, Ihre Krankengeschichte besprechen und Ihre \u00e4sthetischen Ziele verstehen.<\/p><\/li><li><p align=\"left\"><b>Individueller Behandlungsplan<\/b>: Basierend auf Ihrer individuellen Anatomie und den gew\u00fcnschten Ergebnissen empfehlen wir Ihnen einen ma\u00dfgeschneiderten Behandlungsplan zur Oberschenkelstraffung, der Ihren Erwartungen entspricht.<\/p><\/li><li><p align=\"left\"><b>Ausbildung und Vorbereitung<\/b>: Wir informieren Sie ausf\u00fchrlich \u00fcber den Eingriff, einschlie\u00dflich dessen, was Sie vor, w\u00e4hrend und nach der Operation erwartet. Sie erhalten au\u00dferdem Anweisungen zur pr\u00e4operativen Vorbereitung und zur postoperativen Pflege.<\/p><\/li><\/ul><h3 class=\"western\"><a name=\"_861adwgkt27t\"><\/a> <span style=\"color: #000000;\"><span style=\"font-size: medium;\"><b>Abschluss<\/b><\/span><\/span><\/h3><p align=\"left\">Wenn Sie eine Oberschenkelstraffung in Erw\u00e4gung ziehen, um glattere, konturiertere Oberschenkel zu bekommen und Ihre allgemeine K\u00f6rperform zu verbessern, ist die SURGYTEAM Clinic f\u00fcr Sie da. Kontaktieren Sie uns noch heute, um Ihren Beratungstermin zu vereinbaren und mit unserem erfahrenen Team von plastischen Chirurgen den ersten Schritt zur Verwirklichung Ihrer \u00e4sthetischen Ziele zu machen.<\/p>\t\t\t\t\t\t\t\t<\/div>\n\t\t\t\t<\/div>\n\t\t\t\t<\/div>\n\t\t<div class=\"elementor-element elementor-element-b373dbe e-con-full e-flex wpr-particle-no wpr-jarallax-no wpr-parallax-no wpr-sticky-section-no wpr-equal-height-no e-con e-child\" data-id=\"b373dbe\" data-element_type=\"container\" data-e-type=\"container\">\n\t\t\t\t<div class=\"elementor-element elementor-element-36389fc content-align-cta-default elementor-widget elementor-widget-eael-cta-box\" data-id=\"36389fc\" data-element_type=\"widget\" data-e-type=\"widget\" data-widget_type=\"eael-cta-box.default\">\n\t\t\t\t<div class=\"elementor-widget-container\">\n\t\t\t\t\t\t\t<div class=\"eael-call-to-action cta-basic bg-lite cta-preset-1\">\n        <h2 class=\"title eael-cta-heading\">WAS K\u00d6NNEN SIE ERWARTEN<\/h2><p>Klicken Sie auf die Links, um mehr \u00fcber den von Ihnen gew\u00e4hlten chirurgischen Eingriff zu erfahren, einschlie\u00dflich Informationen \u00fcber Ihren Krankenhausaufenthalt und <a href=\"https:\/\/surgyteam.com\/de\/kontaktieren-sie-uns\/\" rel=\"sponsored\">Erholungszeit<\/a>.<\/p><a href=\"\/de\/kontaktieren-sie-uns\/\" class=\"cta-button cta-preset-1\">Kontaktieren Sie uns<\/a>\t<\/div>\n\t\t\t\t\t\t\t\t<\/div>\n\t\t\t\t<\/div>\n\t\t\t\t<div class=\"elementor-element elementor-element-600ba92 eael-hamburger--none eael-simple-menu-hamburger-align-right elementor-widget elementor-widget-eael-simple-menu\" data-id=\"600ba92\" data-element_type=\"widget\" data-e-type=\"widget\" data-widget_type=\"eael-simple-menu.default\">\n\t\t\t\t<div class=\"elementor-widget-container\">\n\t\t\t\t\t            <div data-hamburger-icon=\"&lt;svg aria-hidden=&quot;true&quot; class=&quot;e-font-icon-svg e-fas-bars&quot; viewBox=&quot;0 0 448 512&quot; xmlns=&quot;http:\/\/www.w3.org\/2000\/svg&quot;&gt;&lt;path d=&quot;M16 132h416c8.837 0 16-7.163 16-16V76c0-8.837-7.163-16-16-16H16C7.163 60 0 67.163 0 76v40c0 8.837 7.163 16 16 16zm0 160h416c8.837 0 16-7.163 16-16v-40c0-8.837-7.163-16-16-16H16c-8.837 0-16 7.163-16 16v40c0 8.837 7.163 16 16 16zm0 160h416c8.837 0 16-7.163 16-16v-40c0-8.837-7.163-16-16-16H16c-8.837 0-16 7.163-16 16v40c0 8.837 7.163 16 16 16z&quot;&gt;&lt;\/path&gt;&lt;\/svg&gt;\" data-indicator-icon=\"&lt;svg aria-hidden=&quot;true&quot; class=&quot;e-font-icon-svg e-fas-angle-down&quot; viewBox=&quot;0 0 320 512&quot; xmlns=&quot;http:\/\/www.w3.org\/2000\/svg&quot;&gt;&lt;path d=&quot;M143 352.3L7 216.3c-9.4-9.4-9.4-24.6 0-33.9l22.6-22.6c9.4-9.4 24.6-9.4 33.9 0l96.4 96.4 96.4-96.4c9.4-9.4 24.6-9.4 33.9 0l22.6 22.6c9.4 9.4 9.4 24.6 0 33.9l-136 136c-9.2 9.4-24.4 9.4-33.8 0z&quot;&gt;&lt;\/path&gt;&lt;\/svg&gt;\" data-dropdown-indicator-icon=\"&lt;svg class=&quot;e-font-icon-svg e-fas-angle-down&quot; viewBox=&quot;0 0 320 512&quot; xmlns=&quot;http:\/\/www.w3.org\/2000\/svg&quot;&gt;&lt;path d=&quot;M143 352.3L7 216.3c-9.4-9.4-9.4-24.6 0-33.9l22.6-22.6c9.4-9.4 24.6-9.4 33.9 0l96.4 96.4 96.4-96.4c9.4-9.4 24.6-9.4 33.9 0l22.6 22.6c9.4 9.4 9.4 24.6 0 33.9l-136 136c-9.2 9.4-24.4 9.4-33.8 0z&quot;&gt;&lt;\/path&gt;&lt;\/svg&gt;\" class=\"eael-simple-menu-container eael-simple-menu--loading eael-simple-menu-align-left eael-simple-menu-dropdown-align-left preset-2\" data-hamburger-breakpoints=\"{&quot;mobile&quot;:&quot;Mobil Hochformat (&gt; 767px)&quot;,&quot;tablet&quot;:&quot;Tablet-Hochformat (&gt; 1024px)&quot;,&quot;desktop&quot;:&quot;Desktop (&gt; 2400px)&quot;,&quot;none&quot;:&quot;None&quot;}\" data-hamburger-device=\"none\">\n                <ul id=\"menu-estetik-cerrahi-islemler\" class=\"eael-simple-menu eael-simple-menu-dropdown-animate-to-top eael-simple-menu-indicator eael-simple-menu-vertical\"><li id=\"menu-item-539\" class=\"menu-item menu-item-type-post_type menu-item-object-page menu-item-539\"><a href=\"https:\/\/surgyteam.com\/de\/brow-lift\/\" class=\"menu-link\">Augenbrauenlifting<\/a><\/li>\n<li id=\"menu-item-538\" class=\"menu-item menu-item-type-post_type menu-item-object-page menu-item-538\"><a href=\"https:\/\/surgyteam.com\/de\/blepharoplasty\/\" class=\"menu-link\">Blepharoplastik<\/a><\/li>\n<li id=\"menu-item-537\" class=\"menu-item menu-item-type-post_type menu-item-object-page menu-item-537\"><a href=\"https:\/\/surgyteam.com\/de\/rhinoplasty\/\" class=\"menu-link\">Nasenkorrektur<\/a><\/li>\n<li id=\"menu-item-541\" class=\"menu-item menu-item-type-post_type menu-item-object-page menu-item-541\"><a href=\"https:\/\/surgyteam.com\/de\/prominent-ear\/\" class=\"menu-link\">Abstehende Ohren<\/a><\/li>\n<li id=\"menu-item-535\" class=\"menu-item menu-item-type-post_type menu-item-object-page menu-item-535\"><a href=\"https:\/\/surgyteam.com\/de\/bichectomy\/\" class=\"menu-link\">Bichektomie<\/a><\/li>\n<li id=\"menu-item-534\" class=\"menu-item menu-item-type-post_type menu-item-object-page menu-item-534\"><a href=\"https:\/\/surgyteam.com\/de\/lip-lift\/\" class=\"menu-link\">Lippenlifting<\/a><\/li>\n<li id=\"menu-item-533\" class=\"menu-item menu-item-type-post_type menu-item-object-page menu-item-533\"><a href=\"https:\/\/surgyteam.com\/de\/face-lift\/\" class=\"menu-link\">Facelift<\/a><\/li>\n<li id=\"menu-item-532\" class=\"menu-item menu-item-type-post_type menu-item-object-page menu-item-532\"><a href=\"https:\/\/surgyteam.com\/de\/neck-lift\/\" class=\"menu-link\">Halsstraffung<\/a><\/li>\n<li id=\"menu-item-531\" class=\"menu-item menu-item-type-post_type menu-item-object-page menu-item-531\"><a href=\"https:\/\/surgyteam.com\/de\/arm-lift\/\" class=\"menu-link\">Armstraffung<\/a><\/li>\n<li id=\"menu-item-530\" class=\"menu-item menu-item-type-post_type menu-item-object-page menu-item-530\"><a href=\"https:\/\/surgyteam.com\/de\/reduction-mammoplasty\/\" class=\"menu-link\">Brustverkleinerung<\/a><\/li>\n<li id=\"menu-item-529\" class=\"menu-item menu-item-type-post_type menu-item-object-page menu-item-529\"><a href=\"https:\/\/surgyteam.com\/de\/augmentation-mammoplasty\/\" class=\"menu-link\">Brustvergr\u00f6\u00dferung<\/a><\/li>\n<li id=\"menu-item-528\" class=\"menu-item menu-item-type-post_type menu-item-object-page menu-item-528\"><a href=\"https:\/\/surgyteam.com\/de\/augmentation-mastopexy\/\" class=\"menu-link\">Augmentationsmastopexie<\/a><\/li>\n<li id=\"menu-item-556\" class=\"menu-item menu-item-type-post_type menu-item-object-page menu-item-556\"><a href=\"https:\/\/surgyteam.com\/de\/tummy-tuck\/\" class=\"menu-link\">Bauchdeckenstraffung<\/a><\/li>\n<li id=\"menu-item-527\" class=\"menu-item menu-item-type-post_type menu-item-object-page menu-item-527\"><a href=\"https:\/\/surgyteam.com\/de\/back-lift\/\" class=\"menu-link\">R\u00fcckenheben<\/a><\/li>\n<li id=\"menu-item-526\" class=\"menu-item menu-item-type-post_type menu-item-object-page menu-item-526\"><a href=\"https:\/\/surgyteam.com\/de\/brasilian-butt-lift\/\" class=\"menu-link\">Brasilianisches Po-Lifting<\/a><\/li>\n<li id=\"menu-item-540\" class=\"menu-item menu-item-type-post_type menu-item-object-page menu-item-540\"><a href=\"https:\/\/surgyteam.com\/de\/360-liposuction\/\" class=\"menu-link\">Oberschenkelstraffung<\/a><\/li>\n<\/ul>                <button class=\"eael-simple-menu-toggle\">\n                    <span class=\"sr-only\">Hamburger Men\u00fc umschalten<\/span>\n                    <svg aria-hidden=\"true\" class=\"e-font-icon-svg e-fas-bars\" viewbox=\"0 0 448 512\" xmlns=\"http:\/\/www.w3.org\/2000\/svg\"><path d=\"M16 132h416c8.837 0 16-7.163 16-16V76c0-8.837-7.163-16-16-16H16C7.163 60 0 67.163 0 76v40c0 8.837 7.163 16 16 16zm0 160h416c8.837 0 16-7.163 16-16v-40c0-8.837-7.163-16-16-16H16c-8.837 0-16 7.163-16 16v40c0 8.837 7.163 16 16 16zm0 160h416c8.837 0 16-7.163 16-16v-40c0-8.837-7.163-16-16-16H16c-8.837 0-16 7.163-16 16v40c0 8.837 7.163 16 16 16z\"><\/path><\/svg>                <\/button>\n            <\/div>\n            \t\t\t\t<\/div>\n\t\t\t\t<\/div>\n\t\t\t\t<\/div>\n\t\t\t\t\t<\/div>\n\t\t\t\t<\/div>\n\t\t\t\t<\/div>","protected":false},"excerpt":{"rendered":"<p>Thigh Lift Thigh Lift at SURGYTEAM Clinic At SURGYTEAM Clinic, we specialize in helping you achieve toned and contoured thighs through advanced cosmetic procedures like the thigh lift. This surgical procedure is designed to remove excess skin and fat from the thighs, resulting in smoother, more proportionate contours. What is a Thigh Lift? A thigh lift, also known as thighplasty, is a surgical procedure that targets sagging skin and excess fat in the thighs. It is ideal for individuals who have experienced significant weight loss or aging-related skin laxity in this area. Benefits of a Thigh Lift The primary benefits of a thigh lift include: Improved Thigh Contour: The procedure enhances the shape and definition of the thighs, creating a firmer and more toned appearance. Skin Tightening: Excess skin is removed, resulting in smoother skin texture and reduced sagging. Enhanced Body Proportion: A thigh lift can improve overall body proportion and silhouette, especially when combined with other body contouring procedures. Boosted Confidence: Achieving slimmer and more contoured thighs can enhance self-esteem and body confidence. The Thigh Lift Procedure At SURGYTEAM Clinic, our experienced surgeons perform thigh lift procedures with precision and attention to detail. Here\u2019s what you can expect during the procedure: Anesthesia: Thigh lifts are typically performed under general anesthesia to ensure your comfort throughout the surgery. Incision Placement: Incisions are strategically placed in natural skin folds or along the inner thigh to minimize visible scarring. Skin and Fat Removal: Excess skin and fat are carefully excised to reshape and contour the thighs. Muscle Tightening: In some cases, underlying muscles may be tightened to further enhance the contour and firmness of the thighs. Suturing: The incisions are closed with sutures, and drains may be placed to prevent fluid buildup during the initial healing period. Recovery and Aftercare Recovery from a thigh lift typically involves: Initial Recovery: You may experience swelling, bruising, and discomfort around the thighs, which can be managed with prescribed medications and compression garments. Activity Restrictions: Strenuous activities and heavy lifting should be avoided for several weeks to promote proper healing. Follow-up Appointments: Regular follow-up appointments with your surgeon at SURGYTEAM Clinic are scheduled to monitor your healing progress, remove any sutures or drains, and provide ongoing care instructions. Long-term Results: Maintaining a stable weight and a healthy lifestyle can help prolong the results of your thigh lift, ensuring lasting improvements to your thigh contours. Choosing SURGYTEAM Clinic for Your Thigh Lift When you choose SURGYTEAM Clinic for your thigh lift procedure, you benefit from: Expertise: Our board-certified plastic surgeons specialize in body contouring procedures, including thigh lifts, ensuring safe and effective outcomes. Personalized Care: We prioritize your safety, satisfaction, and aesthetic goals, providing personalized treatment plans tailored to your unique needs. State-of-the-art Facilities: SURGYTEAM Clinic is equipped with state-of-the-art facilities and adheres to stringent safety protocols, ensuring a comfortable and safe surgical experience. Comprehensive Support: From your initial consultation through your recovery and follow-up care, our dedicated medical staff is committed to providing comprehensive support and guidance. Consultation and Planning Your journey to slimmer, more contoured thighs begins with a confidential consultation at SURGYTEAM Clinic. During this consultation: Evaluation: Our surgeon will assess your thigh area, discuss your medical history, and understand your aesthetic goals. Customized Treatment Plan: Based on your unique anatomy and desired outcomes, we will recommend a tailored thigh lift treatment plan that aligns with your expectations. Education and Preparation: We will provide detailed information about the procedure, including what to expect before, during, and after surgery. You will also receive instructions on pre-operative preparation and post-operative care. Conclusion If you are considering a thigh lift to achieve smoother, more contoured thighs and enhance your overall body shape, SURGYTEAM Clinic is here to support you. Contact us today to schedule your consultation and take the first step toward achieving your aesthetic goals with our experienced team of plastic surgeons. WHAT CAN YOU EXPECT Click on the links to discover more about your chosen surgical procedure, including information about your hospital stay and recovery time. Contact Us Brow lift Blepharoplasty Rhinoplasty Prominent ear Bichectomy Lip lift Face lift Neck Lift Arm Lift Reduction Mammoplasty Augmentation Mammoplasty Augmentation Mastopexy Tummy Tuck Back Lift Brasilian Butt Lift Thigh Lift Humberger Toggle Menu<\/p>","protected":false},"author":1,"featured_media":0,"parent":0,"menu_order":0,"comment_status":"closed","ping_status":"closed","template":"elementor_header_footer","meta":{"content-type":"","_daextam_enable_autolinks":"","site-sidebar-layout":"default","site-content-layout":"","ast-site-content-layout":"default","site-content-style":"default","site-sidebar-style":"default","ast-global-header-display":"","ast-banner-title-visibility":"","ast-main-header-display":"","ast-hfb-above-header-display":"","ast-hfb-below-header-display":"","ast-hfb-mobile-header-display":"","site-post-title":"","ast-breadcrumbs-content":"","ast-featured-img":"","footer-sml-layout":"","ast-disable-related-posts":"","theme-transparent-header-meta":"","adv-header-id-meta":"","stick-header-meta":"","header-above-stick-meta":"","header-main-stick-meta":"","header-below-stick-meta":"","astra-migrate-meta-layouts":"default","ast-page-background-enabled":"default","ast-page-background-meta":{"desktop":{"background-color":"var(--ast-global-color-4)","background-image":"","background-repeat":"repeat","background-position":"center center","background-size":"auto","background-attachment":"scroll","background-type":"","background-media":"","overlay-type":"","overlay-color":"","overlay-opacity":"","overlay-gradient":""},"tablet":{"background-color":"","background-image":"","background-repeat":"repeat","background-position":"center center","background-size":"auto","background-attachment":"scroll","background-type":"","background-media":"","overlay-type":"","overlay-color":"","overlay-opacity":"","overlay-gradient":""},"mobile":{"background-color":"","background-image":"","background-repeat":"repeat","background-position":"center center","background-size":"auto","background-attachment":"scroll","background-type":"","background-media":"","overlay-type":"","overlay-color":"","overlay-opacity":"","overlay-gradient":""}},"ast-content-background-meta":{"desktop":{"background-color":"var(--ast-global-color-5)","background-image":"","background-repeat":"repeat","background-position":"center center","background-size":"auto","background-attachment":"scroll","background-type":"","background-media":"","overlay-type":"","overlay-color":"","overlay-opacity":"","overlay-gradient":""},"tablet":{"background-color":"var(--ast-global-color-5)","background-image":"","background-repeat":"repeat","background-position":"center center","background-size":"auto","background-attachment":"scroll","background-type":"","background-media":"","overlay-type":"","overlay-color":"","overlay-opacity":"","overlay-gradient":""},"mobile":{"background-color":"var(--ast-global-color-5)","background-image":"","background-repeat":"repeat","background-position":"center center","background-size":"auto","background-attachment":"scroll","background-type":"","background-media":"","overlay-type":"","overlay-color":"","overlay-opacity":"","overlay-gradient":""}},"footnotes":""},"class_list":["post-276","page","type-page","status-publish","hentry"],"_links":{"self":[{"href":"https:\/\/surgyteam.com\/de\/wp-json\/wp\/v2\/pages\/276","targetHints":{"allow":["GET"]}}],"collection":[{"href":"https:\/\/surgyteam.com\/de\/wp-json\/wp\/v2\/pages"}],"about":[{"href":"https:\/\/surgyteam.com\/de\/wp-json\/wp\/v2\/types\/page"}],"author":[{"embeddable":true,"href":"https:\/\/surgyteam.com\/de\/wp-json\/wp\/v2\/users\/1"}],"replies":[{"embeddable":true,"href":"https:\/\/surgyteam.com\/de\/wp-json\/wp\/v2\/comments?post=276"}],"version-history":[{"count":0,"href":"https:\/\/surgyteam.com\/de\/wp-json\/wp\/v2\/pages\/276\/revisions"}],"wp:attachment":[{"href":"https:\/\/surgyteam.com\/de\/wp-json\/wp\/v2\/media?parent=276"}],"curies":[{"name":"wp","href":"https:\/\/api.w.org\/{rel}","templated":true}]}}