{"id":288,"date":"2024-07-20T10:24:15","date_gmt":"2024-07-20T10:24:15","guid":{"rendered":"https:\/\/surgyteam.com\/?page_id=288"},"modified":"2024-08-26T10:56:24","modified_gmt":"2024-08-26T10:56:24","slug":"hi-def-fettabsaugung","status":"publish","type":"page","link":"https:\/\/surgyteam.com\/de\/hi-def-liposuction\/","title":{"rendered":"Hi-Def-Fettabsaugung"},"content":{"rendered":"<div data-elementor-type=\"wp-page\" data-elementor-id=\"288\" class=\"elementor elementor-288\">\n\t\t\t\t<div class=\"elementor-element elementor-element-09cf3b8 e-flex e-con-boxed wpr-particle-no wpr-jarallax-no wpr-parallax-no wpr-sticky-section-no wpr-equal-height-no e-con e-parent\" data-id=\"09cf3b8\" data-element_type=\"container\" data-e-type=\"container\" data-settings=\"{&quot;background_background&quot;:&quot;classic&quot;}\">\n\t\t\t\t\t<div class=\"e-con-inner\">\n\t\t\t\t<div class=\"elementor-element elementor-element-6eaee70 elementor-widget elementor-widget-wpr-post-title\" data-id=\"6eaee70\" data-element_type=\"widget\" data-e-type=\"widget\" data-widget_type=\"wpr-post-title.default\">\n\t\t\t\t<div class=\"elementor-widget-container\">\n\t\t\t\t\t<h1 class=\"wpr-post-title\">Hi-Def-Fettabsaugung<\/h1>\t\t\t\t<\/div>\n\t\t\t\t<\/div>\n\t\t\t\t\t<\/div>\n\t\t\t\t<\/div>\n\t\t<div class=\"elementor-element elementor-element-6ecccb3 e-flex e-con-boxed wpr-particle-no wpr-jarallax-no wpr-parallax-no wpr-sticky-section-no wpr-equal-height-no e-con e-parent\" data-id=\"6ecccb3\" data-element_type=\"container\" data-e-type=\"container\">\n\t\t\t\t\t<div class=\"e-con-inner\">\n\t\t<div class=\"elementor-element elementor-element-bd5f2bf e-con-full e-flex wpr-particle-no wpr-jarallax-no wpr-parallax-no wpr-sticky-section-no wpr-equal-height-no e-con e-child\" data-id=\"bd5f2bf\" data-element_type=\"container\" data-e-type=\"container\">\n\t\t\t\t<div class=\"elementor-element elementor-element-a957f3b elementor-widget elementor-widget-image\" data-id=\"a957f3b\" data-element_type=\"widget\" data-e-type=\"widget\" data-widget_type=\"image.default\">\n\t\t\t\t<div class=\"elementor-widget-container\">\n\t\t\t\t\t\t\t\t\t\t\t\t\t\t\t<img fetchpriority=\"high\" decoding=\"async\" width=\"1024\" height=\"1024\" src=\"https:\/\/surgyteam.com\/wp-content\/uploads\/2024\/07\/liposuction-5.jpg\" class=\"attachment-large size-large wp-image-290\" alt=\"Fettabsaugung-5\" srcset=\"https:\/\/surgyteam.com\/wp-content\/uploads\/2024\/07\/liposuction-5.jpg.webp 1024w, https:\/\/surgyteam.com\/wp-content\/uploads\/2024\/07\/liposuction-5-300x300.jpg.webp 300w, https:\/\/surgyteam.com\/wp-content\/uploads\/2024\/07\/liposuction-5-150x150.jpg.webp 150w, https:\/\/surgyteam.com\/wp-content\/uploads\/2024\/07\/liposuction-5-768x768.jpg.webp 768w\" sizes=\"(max-width: 1024px) 100vw, 1024px\" \/>\t\t\t\t\t\t\t\t\t\t\t\t\t\t\t<\/div>\n\t\t\t\t<\/div>\n\t\t\t\t<div class=\"elementor-element elementor-element-c5acd1f elementor-widget elementor-widget-text-editor\" data-id=\"c5acd1f\" data-element_type=\"widget\" data-e-type=\"widget\" data-widget_type=\"text-editor.default\">\n\t\t\t\t<div class=\"elementor-widget-container\">\n\t\t\t\t\t\t\t\t\t<p align=\"left\"><b>Hi-Def-Fettabsaugung: Formen Sie Ihren Traumk\u00f6rper in der SURGYTEAM-Klinik<\/b><\/p><p align=\"left\">F\u00fcr diejenigen, die ein stark definiertes und athletisches Aussehen anstreben, bietet die Hi-Def-Fettabsaugung eine fortschrittliche L\u00f6sung. In der SURGYTEAM-Klinik sind wir auf dieses hochmoderne Verfahren spezialisiert, das \u00fcber die traditionelle Fettabsaugung hinausgeht, um die Muskeldefinition zu verbessern und ein gemei\u00dfeltes Aussehen zu schaffen.<\/p><p align=\"left\"><b>Was ist eine Hi-Def-Fettabsaugung?<\/b><\/p><p align=\"left\">Hi-Def-Fettabsaugung, auch bekannt als High-Definition-Fettabsaugung oder Vaser-Fettabsaugung, ist eine spezielle Technik, die Fett entfernt und den K\u00f6rper formt, um die darunter liegenden Muskeln hervorzuheben. Dieses Verfahren ist ideal f\u00fcr Personen, die bereits fit sind, aber ihre Muskeldefinition verbessern m\u00f6chten, um sportlicher auszusehen.<\/p><p align=\"left\"><b>Der Unterschied der SURGYTEAM-Klinik<\/b><\/p><p align=\"left\">Die SURGYTEAM Clinic ist f\u00fcr ihre Expertise in fortschrittlichen Fettabsaugungstechniken bekannt. Unsere erfahrenen Chirurgen verwenden modernste Ger\u00e4te und pr\u00e4zise Methoden, um hervorragende Ergebnisse zu erzielen. Wir konzentrieren uns darauf, nat\u00fcrlich aussehende Verbesserungen zu erzielen, die auf die individuelle Anatomie und die Fitnessziele jedes Patienten abgestimmt sind.<\/p><p align=\"left\"><b>Das Verfahren<\/b><\/p><p align=\"left\">Bei der Hi-Def-Fettabsaugung wird Ultraschalltechnologie verwendet, um Fett vor der Entfernung zu emulgieren. Dieser Ansatz erm\u00f6glicht eine pr\u00e4zisere Fettabsaugung und minimiert Sch\u00e4den am umliegenden Gewebe. Der Eingriff wird normalerweise unter Vollnarkose durchgef\u00fchrt und es werden kleine Einschnitte gemacht, um die Kan\u00fcle einzuf\u00fchren und das Fett zu entfernen.<\/p><p align=\"left\"><b>Vorteile der Hi-Def-Fettabsaugung<\/b><\/p><ul><li><p align=\"left\"><b>Verbesserte Muskeldefinition<\/b>: Durch die gezielte Behandlung bestimmter Fettbereiche verbessert die Hi-Def-Fettabsaugung die Sichtbarkeit der Muskeln und sorgt f\u00fcr ein definierteres und modellierteres Aussehen.<\/p><\/li><li><p align=\"left\"><b>Minimale Narbenbildung<\/b>: Die bei der Hi-Def-Fettabsaugung vorgenommenen kleinen Einschnitte f\u00fchren zu minimaler Narbenbildung, die mit der Zeit verblassen.<\/p><\/li><li><p align=\"left\"><b>Schnelle Wiederherstellung<\/b>: Die Patienten k\u00f6nnen mit einer relativ schnellen Genesungsphase rechnen; die meisten k\u00f6nnen innerhalb einer Woche ihre normalen Aktivit\u00e4ten wieder aufnehmen.<\/p><\/li><li><p align=\"left\"><b>Langanhaltende Ergebnisse<\/b>: Mit der richtigen Ern\u00e4hrung und Bewegung k\u00f6nnen die Ergebnisse der Hi-Def-Fettabsaugung langanhaltend sein und f\u00fcr ein dauerhaft sportliches Aussehen sorgen.<\/p><\/li><\/ul><p align=\"left\"><b>Ideale Kandidaten<\/b><\/p><p align=\"left\">Die Hi-Def-Fettabsaugung eignet sich am besten f\u00fcr Personen, die bereits in guter k\u00f6rperlicher Verfassung sind, aber mit hartn\u00e4ckigen Fettpolstern zu k\u00e4mpfen haben, die die Muskeldefinition verdecken. Ideale Kandidaten haben eine gute Hautelastizit\u00e4t und realistische Erwartungen hinsichtlich der Ergebnisse.<\/p><p align=\"left\"><b>Genesung und Nachsorge<\/b><\/p><p align=\"left\">Die Erholung nach einer Hi-Def-Fettabsaugung geht mit Schwellungen und Bluterg\u00fcssen einher, die normalerweise innerhalb weniger Wochen abklingen. Patienten wird geraten, die Anweisungen zur postoperativen Pflege der SURGYTEAM-Klinik zu befolgen, um eine reibungslose Genesung und optimale Ergebnisse zu gew\u00e4hrleisten. Kompressionskleidung kann empfohlen werden, um Schwellungen zu reduzieren und die neuen Konturen zu unterst\u00fctzen.<\/p><p align=\"left\"><b>Warum sollten Sie sich f\u00fcr die SURGYTEAM-Klinik entscheiden?<\/b><\/p><ul><li><p align=\"left\"><b>Erfahrene Chirurgen<\/b>: Unsere Chirurgen verf\u00fcgen \u00fcber umfassende Erfahrung in der Durchf\u00fchrung von Hi-Def-Fettabsaugungen und sind bestrebt, f\u00fcr unsere Patienten die bestm\u00f6glichen Ergebnisse zu erzielen.<\/p><\/li><li><p align=\"left\"><b>Fortgeschrittene Techniken<\/b>: Wir nutzen die neuesten Technologien und Techniken, um Pr\u00e4zision und Sicherheit w\u00e4hrend des Verfahrens zu gew\u00e4hrleisten.<\/p><\/li><li><p align=\"left\"><b>Patientenorientierte Versorgung<\/b>: In der SURGYTEAM-Klinik haben das Wohlbefinden und die Zufriedenheit unserer Patienten oberste Priorit\u00e4t. Wir bieten umfassende Beratungen und personalisierte Behandlungspl\u00e4ne, um den individuellen Bed\u00fcrfnissen jedes Patienten gerecht zu werden.<\/p><\/li><\/ul><p align=\"left\"><b>Vereinbaren Sie noch heute einen Beratungstermin<\/b><\/p><p align=\"left\">Wenn Sie bereit sind, Ihre Muskeldefinition zu verbessern und einen definierteren K\u00f6rper zu erreichen, kontaktieren Sie die SURGYTEAM-Klinik, um Ihren Beratungstermin zu vereinbaren. Unser Expertenteam unterst\u00fctzt Sie auf Ihrem gesamten Weg, von der ersten Beratung bis zur postoperativen Betreuung. Entdecken Sie die transformative Kraft der Hi-Def-Fettabsaugung und machen Sie den ersten Schritt zu Ihrem Traumk\u00f6rper.<\/p>\t\t\t\t\t\t\t\t<\/div>\n\t\t\t\t<\/div>\n\t\t\t\t<\/div>\n\t\t<div class=\"elementor-element elementor-element-b373dbe e-con-full e-flex wpr-particle-no wpr-jarallax-no wpr-parallax-no wpr-sticky-section-no wpr-equal-height-no e-con e-child\" data-id=\"b373dbe\" data-element_type=\"container\" data-e-type=\"container\">\n\t\t\t\t<div class=\"elementor-element elementor-element-36389fc content-align-cta-default elementor-widget elementor-widget-eael-cta-box\" data-id=\"36389fc\" data-element_type=\"widget\" data-e-type=\"widget\" data-widget_type=\"eael-cta-box.default\">\n\t\t\t\t<div class=\"elementor-widget-container\">\n\t\t\t\t\t\t\t<div class=\"eael-call-to-action cta-basic bg-lite cta-preset-1\">\n        <h2 class=\"title eael-cta-heading\">WAS K\u00d6NNEN SIE ERWARTEN<\/h2><p>Klicken Sie auf die Links, um mehr \u00fcber den von Ihnen gew\u00e4hlten chirurgischen Eingriff zu erfahren, einschlie\u00dflich Informationen \u00fcber Ihren Krankenhausaufenthalt und <a href=\"https:\/\/surgyteam.com\/de\/kontaktieren-sie-uns\/\" rel=\"sponsored\">Erholungszeit<\/a>.<\/p><a href=\"\/de\/kontaktieren-sie-uns\/\" class=\"cta-button cta-preset-1\">Kontaktieren Sie uns<\/a>\t<\/div>\n\t\t\t\t\t\t\t\t<\/div>\n\t\t\t\t<\/div>\n\t\t\t\t<div class=\"elementor-element elementor-element-1c7b11a eael-hamburger--none eael-simple-menu-hamburger-align-right elementor-widget elementor-widget-eael-simple-menu\" data-id=\"1c7b11a\" data-element_type=\"widget\" data-e-type=\"widget\" data-widget_type=\"eael-simple-menu.default\">\n\t\t\t\t<div class=\"elementor-widget-container\">\n\t\t\t\t\t            <div data-hamburger-icon=\"&lt;svg aria-hidden=&quot;true&quot; class=&quot;e-font-icon-svg e-fas-bars&quot; viewBox=&quot;0 0 448 512&quot; xmlns=&quot;http:\/\/www.w3.org\/2000\/svg&quot;&gt;&lt;path d=&quot;M16 132h416c8.837 0 16-7.163 16-16V76c0-8.837-7.163-16-16-16H16C7.163 60 0 67.163 0 76v40c0 8.837 7.163 16 16 16zm0 160h416c8.837 0 16-7.163 16-16v-40c0-8.837-7.163-16-16-16H16c-8.837 0-16 7.163-16 16v40c0 8.837 7.163 16 16 16zm0 160h416c8.837 0 16-7.163 16-16v-40c0-8.837-7.163-16-16-16H16c-8.837 0-16 7.163-16 16v40c0 8.837 7.163 16 16 16z&quot;&gt;&lt;\/path&gt;&lt;\/svg&gt;\" data-indicator-icon=\"&lt;svg aria-hidden=&quot;true&quot; class=&quot;e-font-icon-svg e-fas-angle-down&quot; viewBox=&quot;0 0 320 512&quot; xmlns=&quot;http:\/\/www.w3.org\/2000\/svg&quot;&gt;&lt;path d=&quot;M143 352.3L7 216.3c-9.4-9.4-9.4-24.6 0-33.9l22.6-22.6c9.4-9.4 24.6-9.4 33.9 0l96.4 96.4 96.4-96.4c9.4-9.4 24.6-9.4 33.9 0l22.6 22.6c9.4 9.4 9.4 24.6 0 33.9l-136 136c-9.2 9.4-24.4 9.4-33.8 0z&quot;&gt;&lt;\/path&gt;&lt;\/svg&gt;\" data-dropdown-indicator-icon=\"&lt;svg class=&quot;e-font-icon-svg e-fas-angle-down&quot; viewBox=&quot;0 0 320 512&quot; xmlns=&quot;http:\/\/www.w3.org\/2000\/svg&quot;&gt;&lt;path d=&quot;M143 352.3L7 216.3c-9.4-9.4-9.4-24.6 0-33.9l22.6-22.6c9.4-9.4 24.6-9.4 33.9 0l96.4 96.4 96.4-96.4c9.4-9.4 24.6-9.4 33.9 0l22.6 22.6c9.4 9.4 9.4 24.6 0 33.9l-136 136c-9.2 9.4-24.4 9.4-33.8 0z&quot;&gt;&lt;\/path&gt;&lt;\/svg&gt;\" class=\"eael-simple-menu-container eael-simple-menu--loading eael-simple-menu-align-left eael-simple-menu-dropdown-align-left preset-2\" data-hamburger-breakpoints=\"{&quot;mobile&quot;:&quot;Mobil Hochformat (&gt; 767px)&quot;,&quot;tablet&quot;:&quot;Tablet-Hochformat (&gt; 1024px)&quot;,&quot;desktop&quot;:&quot;Desktop (&gt; 2400px)&quot;,&quot;none&quot;:&quot;None&quot;}\" data-hamburger-device=\"none\">\n                <ul id=\"menu-kozmetik-cerrahi\" class=\"eael-simple-menu eael-simple-menu-dropdown-animate-to-top eael-simple-menu-indicator eael-simple-menu-vertical\"><li id=\"menu-item-552\" class=\"menu-item menu-item-type-post_type menu-item-object-page menu-item-552\"><a href=\"https:\/\/surgyteam.com\/de\/mommy-makeover-2\/\" class=\"menu-link\">Mama-Makeover<\/a><\/li>\n<li id=\"menu-item-543\" class=\"menu-item menu-item-type-post_type menu-item-object-page menu-item-543\"><a href=\"https:\/\/surgyteam.com\/de\/360-liposuction-2\/\" class=\"menu-link\">360 Fettabsaugung<\/a><\/li>\n<li id=\"menu-item-550\" class=\"menu-item menu-item-type-post_type menu-item-object-page menu-item-550\"><a href=\"https:\/\/surgyteam.com\/de\/hi-def-liposuction\/\" class=\"menu-link\">Hi-Def-Fettabsaugung<\/a><\/li>\n<li id=\"menu-item-545\" class=\"menu-item menu-item-type-post_type menu-item-object-page menu-item-545\"><a href=\"https:\/\/surgyteam.com\/de\/abs-cracks\/\" class=\"menu-link\">Bauchmuskelrisse<\/a><\/li>\n<li id=\"menu-item-544\" class=\"menu-item menu-item-type-post_type menu-item-object-page menu-item-544\"><a href=\"https:\/\/surgyteam.com\/de\/abdominal-etching\/\" class=\"menu-link\">Bauch\u00e4tzen<\/a><\/li>\n<li id=\"menu-item-555\" class=\"menu-item menu-item-type-post_type menu-item-object-page menu-item-555\"><a href=\"https:\/\/surgyteam.com\/de\/upper-blepharoplasty\/\" class=\"menu-link\">Obere Blepharoplastik<\/a><\/li>\n<li id=\"menu-item-551\" class=\"menu-item menu-item-type-post_type menu-item-object-page menu-item-551\"><a href=\"https:\/\/surgyteam.com\/de\/lower-blepharoplasty\/\" class=\"menu-link\">Untere Blepharoplastik<\/a><\/li>\n<li id=\"menu-item-547\" class=\"menu-item menu-item-type-post_type menu-item-object-page menu-item-547\"><a href=\"https:\/\/surgyteam.com\/de\/1-kozmetik-cerrahi-islemler-icin-cogaltilacak-2\/\" class=\"menu-link\">Katzenauge<\/a><\/li>\n<li id=\"menu-item-549\" class=\"menu-item menu-item-type-post_type menu-item-object-page menu-item-549\"><a href=\"https:\/\/surgyteam.com\/de\/fox-eye\/\" class=\"menu-link\">Fuchsauge<\/a><\/li>\n<li id=\"menu-item-546\" class=\"menu-item menu-item-type-post_type menu-item-object-page menu-item-546\"><a href=\"https:\/\/surgyteam.com\/de\/almond-eye\/\" class=\"menu-link\">Mandelauge<\/a><\/li>\n<li id=\"menu-item-554\" class=\"menu-item menu-item-type-post_type menu-item-object-page menu-item-554\"><a href=\"https:\/\/surgyteam.com\/de\/temporal-lift\/\" class=\"menu-link\">Schl\u00e4fenlift<\/a><\/li>\n<li id=\"menu-item-548\" class=\"menu-item menu-item-type-post_type menu-item-object-page menu-item-548\"><a href=\"https:\/\/surgyteam.com\/de\/double-jaw-surgery\/\" class=\"menu-link\">Doppelkieferchirurgie<\/a><\/li>\n<li id=\"menu-item-553\" class=\"menu-item menu-item-type-post_type menu-item-object-page menu-item-553\"><a href=\"https:\/\/surgyteam.com\/de\/orthognatic-surgery\/\" class=\"menu-link\">Kieferorthop\u00e4dische Chirurgie<\/a><\/li>\n<\/ul>                <button class=\"eael-simple-menu-toggle\">\n                    <span class=\"sr-only\">Hamburger Men\u00fc umschalten<\/span>\n                    <svg aria-hidden=\"true\" class=\"e-font-icon-svg e-fas-bars\" viewbox=\"0 0 448 512\" xmlns=\"http:\/\/www.w3.org\/2000\/svg\"><path d=\"M16 132h416c8.837 0 16-7.163 16-16V76c0-8.837-7.163-16-16-16H16C7.163 60 0 67.163 0 76v40c0 8.837 7.163 16 16 16zm0 160h416c8.837 0 16-7.163 16-16v-40c0-8.837-7.163-16-16-16H16c-8.837 0-16 7.163-16 16v40c0 8.837 7.163 16 16 16zm0 160h416c8.837 0 16-7.163 16-16v-40c0-8.837-7.163-16-16-16H16c-8.837 0-16 7.163-16 16v40c0 8.837 7.163 16 16 16z\"><\/path><\/svg>                <\/button>\n            <\/div>\n            \t\t\t\t<\/div>\n\t\t\t\t<\/div>\n\t\t\t\t<\/div>\n\t\t\t\t\t<\/div>\n\t\t\t\t<\/div>\n\t\t\t\t<\/div>","protected":false},"excerpt":{"rendered":"<p>Hi-Def Liposuction Hi-Def Liposuction: Sculpt Your Dream Physique at SURGYTEAM Clinic For those seeking a highly defined and athletic appearance, Hi-Def Liposuction offers an advanced solution. At SURGYTEAM Clinic, we specialize in this cutting-edge procedure that goes beyond traditional liposuction to enhance muscle definition and create a chiseled look. What is Hi-Def Liposuction? Hi-Def Liposuction, also known as high-definition liposuction or Vaser liposuction, is a specialized technique designed to remove fat and sculpt the body to highlight the underlying muscles. This procedure is ideal for individuals who are already fit but want to enhance their muscle definition for a more athletic appearance. The SURGYTEAM Clinic Difference SURGYTEAM Clinic is renowned for its expertise in advanced liposuction techniques. Our skilled surgeons use state-of-the-art equipment and precise methods to deliver outstanding results. We focus on achieving natural-looking enhancements that align with each patient\u2019s unique anatomy and fitness goals. The Procedure Hi-Def Liposuction involves using ultrasound technology to emulsify fat before removal. This approach allows for more precise fat extraction and minimizes damage to surrounding tissues. The procedure is typically performed under general anesthesia, and small incisions are made to insert the cannula and remove the fat. Benefits of Hi-Def Liposuction Enhanced Muscle Definition: By targeting specific areas of fat, Hi-Def Liposuction enhances the visibility of muscles, creating a more defined and sculpted look. Minimal Scarring: The small incisions used in Hi-Def Liposuction result in minimal scarring, which fades over time. Quick Recovery: Patients can expect a relatively quick recovery period, with most returning to normal activities within a week. Long-Lasting Results: With proper diet and exercise, the results of Hi-Def Liposuction can be long-lasting, providing a sustained athletic appearance. Ideal Candidates Hi-Def Liposuction is best suited for individuals who are already in good physical condition but struggle with stubborn fat pockets that obscure muscle definition. Ideal candidates have good skin elasticity and realistic expectations about the results. Recovery and Aftercare Recovery from Hi-Def Liposuction involves some swelling and bruising, which typically subsides within a few weeks. Patients are advised to follow post-operative care instructions provided by SURGYTEAM Clinic to ensure a smooth recovery and optimal results. Compression garments may be recommended to help reduce swelling and support the new contours. Why Choose SURGYTEAM Clinic? Experienced Surgeons: Our surgeons have extensive experience in performing Hi-Def Liposuction and are dedicated to achieving the best possible results for our patients. Advanced Techniques: We utilize the latest technologies and techniques to ensure precision and safety during the procedure. Patient-Focused Care: At SURGYTEAM Clinic, we prioritize our patients&#8217; well-being and satisfaction. We provide comprehensive consultations and personalized treatment plans to meet each patient\u2019s unique needs. Schedule Your Consultation Today If you&#8217;re ready to enhance your muscle definition and achieve a more sculpted physique, contact SURGYTEAM Clinic to schedule your consultation. Our expert team is here to support you throughout your journey, from the initial consultation to post-operative care. Discover the transformative power of Hi-Def Liposuction and take the first step towards your dream body. WHAT CAN YOU EXPECT Click on the links to discover more about your chosen surgical procedure, including information about your hospital stay and recovery time. Contact Us Mommy Makeover 360 Liposuction Hi-Def Liposuction Abs Cracks Abdominal Etching Upper Blepharoplasty Lower Blepharoplasty Cat Eye Fox Eye Almond Eye Temporal Lift Double Jaw Surgery Orthognatic Surgery Humberger Toggle Menu<\/p>","protected":false},"author":1,"featured_media":0,"parent":0,"menu_order":0,"comment_status":"closed","ping_status":"closed","template":"elementor_header_footer","meta":{"content-type":"","_daextam_enable_autolinks":"","site-sidebar-layout":"default","site-content-layout":"","ast-site-content-layout":"default","site-content-style":"default","site-sidebar-style":"default","ast-global-header-display":"","ast-banner-title-visibility":"","ast-main-header-display":"","ast-hfb-above-header-display":"","ast-hfb-below-header-display":"","ast-hfb-mobile-header-display":"","site-post-title":"","ast-breadcrumbs-content":"","ast-featured-img":"","footer-sml-layout":"","ast-disable-related-posts":"","theme-transparent-header-meta":"","adv-header-id-meta":"","stick-header-meta":"","header-above-stick-meta":"","header-main-stick-meta":"","header-below-stick-meta":"","astra-migrate-meta-layouts":"default","ast-page-background-enabled":"default","ast-page-background-meta":{"desktop":{"background-color":"var(--ast-global-color-4)","background-image":"","background-repeat":"repeat","background-position":"center center","background-size":"auto","background-attachment":"scroll","background-type":"","background-media":"","overlay-type":"","overlay-color":"","overlay-opacity":"","overlay-gradient":""},"tablet":{"background-color":"","background-image":"","background-repeat":"repeat","background-position":"center center","background-size":"auto","background-attachment":"scroll","background-type":"","background-media":"","overlay-type":"","overlay-color":"","overlay-opacity":"","overlay-gradient":""},"mobile":{"background-color":"","background-image":"","background-repeat":"repeat","background-position":"center center","background-size":"auto","background-attachment":"scroll","background-type":"","background-media":"","overlay-type":"","overlay-color":"","overlay-opacity":"","overlay-gradient":""}},"ast-content-background-meta":{"desktop":{"background-color":"var(--ast-global-color-5)","background-image":"","background-repeat":"repeat","background-position":"center center","background-size":"auto","background-attachment":"scroll","background-type":"","background-media":"","overlay-type":"","overlay-color":"","overlay-opacity":"","overlay-gradient":""},"tablet":{"background-color":"var(--ast-global-color-5)","background-image":"","background-repeat":"repeat","background-position":"center center","background-size":"auto","background-attachment":"scroll","background-type":"","background-media":"","overlay-type":"","overlay-color":"","overlay-opacity":"","overlay-gradient":""},"mobile":{"background-color":"var(--ast-global-color-5)","background-image":"","background-repeat":"repeat","background-position":"center center","background-size":"auto","background-attachment":"scroll","background-type":"","background-media":"","overlay-type":"","overlay-color":"","overlay-opacity":"","overlay-gradient":""}},"footnotes":""},"class_list":["post-288","page","type-page","status-publish","hentry"],"_links":{"self":[{"href":"https:\/\/surgyteam.com\/de\/wp-json\/wp\/v2\/pages\/288","targetHints":{"allow":["GET"]}}],"collection":[{"href":"https:\/\/surgyteam.com\/de\/wp-json\/wp\/v2\/pages"}],"about":[{"href":"https:\/\/surgyteam.com\/de\/wp-json\/wp\/v2\/types\/page"}],"author":[{"embeddable":true,"href":"https:\/\/surgyteam.com\/de\/wp-json\/wp\/v2\/users\/1"}],"replies":[{"embeddable":true,"href":"https:\/\/surgyteam.com\/de\/wp-json\/wp\/v2\/comments?post=288"}],"version-history":[{"count":0,"href":"https:\/\/surgyteam.com\/de\/wp-json\/wp\/v2\/pages\/288\/revisions"}],"wp:attachment":[{"href":"https:\/\/surgyteam.com\/de\/wp-json\/wp\/v2\/media?parent=288"}],"curies":[{"name":"wp","href":"https:\/\/api.w.org\/{rel}","templated":true}]}}