{"id":295,"date":"2024-07-20T10:27:49","date_gmt":"2024-07-20T10:27:49","guid":{"rendered":"https:\/\/surgyteam.com\/?page_id=295"},"modified":"2024-07-20T16:59:36","modified_gmt":"2024-07-20T16:59:36","slug":"bauchmuskelrisse","status":"publish","type":"page","link":"https:\/\/surgyteam.com\/de\/abs-cracks\/","title":{"rendered":"Bauchmuskelrisse"},"content":{"rendered":"<div data-elementor-type=\"wp-page\" data-elementor-id=\"295\" class=\"elementor elementor-295\">\n\t\t\t\t<div class=\"elementor-element elementor-element-09cf3b8 e-flex e-con-boxed wpr-particle-no wpr-jarallax-no wpr-parallax-no wpr-sticky-section-no wpr-equal-height-no e-con e-parent\" data-id=\"09cf3b8\" data-element_type=\"container\" data-e-type=\"container\" data-settings=\"{&quot;background_background&quot;:&quot;classic&quot;}\">\n\t\t\t\t\t<div class=\"e-con-inner\">\n\t\t\t\t<div class=\"elementor-element elementor-element-6eaee70 elementor-widget elementor-widget-wpr-post-title\" data-id=\"6eaee70\" data-element_type=\"widget\" data-e-type=\"widget\" data-widget_type=\"wpr-post-title.default\">\n\t\t\t\t<div class=\"elementor-widget-container\">\n\t\t\t\t\t<h1 class=\"wpr-post-title\">Bauchmuskelrisse<\/h1>\t\t\t\t<\/div>\n\t\t\t\t<\/div>\n\t\t\t\t\t<\/div>\n\t\t\t\t<\/div>\n\t\t<div class=\"elementor-element elementor-element-6ecccb3 e-flex e-con-boxed wpr-particle-no wpr-jarallax-no wpr-parallax-no wpr-sticky-section-no wpr-equal-height-no e-con e-parent\" data-id=\"6ecccb3\" data-element_type=\"container\" data-e-type=\"container\">\n\t\t\t\t\t<div class=\"e-con-inner\">\n\t\t<div class=\"elementor-element elementor-element-bd5f2bf e-con-full e-flex wpr-particle-no wpr-jarallax-no wpr-parallax-no wpr-sticky-section-no wpr-equal-height-no e-con e-child\" data-id=\"bd5f2bf\" data-element_type=\"container\" data-e-type=\"container\">\n\t\t\t\t<div class=\"elementor-element elementor-element-b88b836 elementor-widget elementor-widget-image\" data-id=\"b88b836\" data-element_type=\"widget\" data-e-type=\"widget\" data-widget_type=\"image.default\">\n\t\t\t\t<div class=\"elementor-widget-container\">\n\t\t\t\t\t\t\t\t\t\t\t\t\t\t\t<img fetchpriority=\"high\" decoding=\"async\" width=\"1024\" height=\"597\" src=\"https:\/\/surgyteam.com\/wp-content\/uploads\/2024\/07\/abs-cracks-1024x597.jpg\" class=\"attachment-large size-large wp-image-297\" alt=\"Bauchmuskelrisse\" srcset=\"https:\/\/surgyteam.com\/wp-content\/uploads\/2024\/07\/abs-cracks-1024x597.jpg 1024w, https:\/\/surgyteam.com\/wp-content\/uploads\/2024\/07\/abs-cracks-300x175.jpg 300w, https:\/\/surgyteam.com\/wp-content\/uploads\/2024\/07\/abs-cracks-768x448.jpg 768w, https:\/\/surgyteam.com\/wp-content\/uploads\/2024\/07\/abs-cracks-1536x896.jpg 1536w, https:\/\/surgyteam.com\/wp-content\/uploads\/2024\/07\/abs-cracks.jpg 1600w\" sizes=\"(max-width: 1024px) 100vw, 1024px\" \/>\t\t\t\t\t\t\t\t\t\t\t\t\t\t\t<\/div>\n\t\t\t\t<\/div>\n\t\t\t\t<div class=\"elementor-element elementor-element-c5acd1f elementor-widget elementor-widget-text-editor\" data-id=\"c5acd1f\" data-element_type=\"widget\" data-e-type=\"widget\" data-widget_type=\"text-editor.default\">\n\t\t\t\t<div class=\"elementor-widget-container\">\n\t\t\t\t\t\t\t\t\t<p align=\"left\"><b>Bauchmuskelrisse: Erreichen Sie einen geformten Bauch in der SURGYTEAM-Klinik<\/b><\/p><p align=\"left\">Definierte Bauchmuskeln sind ein Symbol f\u00fcr Fitness und Athletik, aber diesen gemei\u00dfelten Look zu erreichen, kann eine Herausforderung sein. In der SURGYTEAM Clinic bieten wir spezielle Verfahren an, die Ihnen helfen, \u201eBauchmuskelrisse\u201c zu erreichen, die definierten Linien, die den Eindruck eines modellierten Sixpacks erwecken.<\/p><p align=\"left\"><b>Was sind Bauchmuskelrisse?<\/b><\/p><p align=\"left\">Bauchmuskelrisse sind tiefe Linien, die vertikal entlang des Bauchs verlaufen und das Aussehen eines Sixpacks verst\u00e4rken. Dieser definierte Look wird erreicht, indem das Fett um die Bauchmuskeln reduziert und ihre nat\u00fcrlichen Konturen betont werden. Das Ergebnis ist ein sehr straffes und athletisches Aussehen.<\/p><p align=\"left\"><b>Der SURGYTEAM-Klinikansatz<\/b><\/p><p align=\"left\">In der SURGYTEAM-Klinik verwenden wir fortschrittliche Techniken, um unseren Patienten zu helfen, ihre \u00e4sthetischen Ziele zu erreichen. Unsere erfahrenen Chirurgen sind darauf spezialisiert, nat\u00fcrlich aussehende Bauchmuskeln zu erzeugen, die Ihren gesamten K\u00f6rperbau verbessern. Die Sicherheit und Zufriedenheit der Patienten steht bei uns an erster Stelle, um die bestm\u00f6glichen Ergebnisse zu erzielen.<\/p><p align=\"left\"><b>Das Verfahren<\/b><\/p><p align=\"left\">Das Erzeugen von Bauchmuskelrissen erfordert eine Kombination aus Fettabsaugung und Muskelaufbau. Der Chirurg entfernt \u00fcbersch\u00fcssiges Fett aus dem Bauchbereich und formt das verbleibende Fett, um die nat\u00fcrlichen Linien der Muskeln hervorzuheben. Dieser Eingriff wird in der Regel unter \u00f6rtlicher Bet\u00e4ubung oder Vollnarkose durchgef\u00fchrt, je nach Umfang der Behandlung.<\/p><p align=\"left\"><b>Vorteile der Bauchmuskelriss-Behandlung<\/b><\/p><ul><li><p align=\"left\"><b>Verbesserte Muskeldefinition<\/b>: Der Eingriff hebt die nat\u00fcrlichen Konturen der Bauchmuskeln hervor und sorgt f\u00fcr ein definierteres und modellierteres Aussehen.<\/p><\/li><li><p align=\"left\"><b>Schnelle Wiederherstellung<\/b>: Die meisten Patienten k\u00f6nnen innerhalb einer Woche mit minimalen Ausfallzeiten und Beschwerden zu ihren normalen Aktivit\u00e4ten zur\u00fcckkehren.<\/p><\/li><li><p align=\"left\"><b>Nat\u00fcrlich aussehende Ergebnisse<\/b>: Die Ergebnisse sollen nat\u00fcrlich aussehen und mit der Gesamtform Ihres K\u00f6rpers harmonieren.<\/p><\/li><li><p align=\"left\"><b>Mehr Selbstvertrauen<\/b>: Ein definierter Sixpack kann Ihr Selbstvertrauen und Ihr gesamtes Erscheinungsbild verbessern.<\/p><\/li><\/ul><p align=\"left\"><b>Ideale Kandidaten<\/b><\/p><p align=\"left\">Das Bauchmuskel-Cracken-Verfahren eignet sich am besten f\u00fcr Personen, die bereits in guter k\u00f6rperlicher Verfassung sind, aber Schwierigkeiten haben, das gew\u00fcnschte Ma\u00df an Muskeldefinition zu erreichen. Ideale Kandidaten haben eine gute Hautelastizit\u00e4t und realistische Erwartungen hinsichtlich der Ergebnisse.<\/p><p align=\"left\"><b>Genesung und Nachsorge<\/b><\/p><p align=\"left\">Die Erholung nach der Bauchmuskelzerrung geht mit Schwellungen und Bluterg\u00fcssen einher, die normalerweise innerhalb weniger Wochen abklingen. Patienten wird geraten, die Anweisungen zur postoperativen Pflege der SURGYTEAM-Klinik zu befolgen, um eine reibungslose Genesung und optimale Ergebnisse zu gew\u00e4hrleisten. Kompressionskleidung kann empfohlen werden, um Schwellungen zu reduzieren und die neuen Konturen zu unterst\u00fctzen.<\/p><p align=\"left\"><b>Warum sollten Sie sich f\u00fcr die SURGYTEAM-Klinik entscheiden?<\/b><\/p><ul><li><p align=\"left\"><b>Erfahrene Chirurgen<\/b>: Unser Chirurgenteam verf\u00fcgt \u00fcber umfassende Erfahrung in der Durchf\u00fchrung von K\u00f6rperformungsverfahren und ist bestrebt, die bestm\u00f6glichen Ergebnisse f\u00fcr unsere Patienten zu erzielen.<\/p><\/li><li><p align=\"left\"><b>Moderne Einrichtung<\/b>: Die SURGYTEAM-Klinik ist mit der neuesten Technologie und einem modernen Operationssaal ausgestattet und gew\u00e4hrleistet so eine sichere und komfortable Umgebung f\u00fcr unsere Patienten.<\/p><\/li><li><p align=\"left\"><b>Personalisierte Betreuung<\/b>: Wir bieten umfassende Beratung und personalisierte Behandlungspl\u00e4ne, um die individuellen Bed\u00fcrfnisse und Ziele jedes Patienten zu erf\u00fcllen.<\/p><\/li><li><p align=\"left\"><b>Nat\u00fcrliche Verbesserungen<\/b>: Unser Fokus liegt auf der Erzielung nat\u00fcrlich aussehender Ergebnisse, die Ihr Gesamterscheinungsbild verbessern und Ihr Selbstvertrauen st\u00e4rken.<\/p><\/li><\/ul><p align=\"left\"><b>Vereinbaren Sie noch heute einen Beratungstermin<\/b><\/p><p align=\"left\">Wenn Sie bereit sind, einen durchtrainierten Bauch mit definierten Bauchmuskeln zu bekommen, kontaktieren Sie die SURGYTEAM-Klinik, um Ihren Beratungstermin zu vereinbaren. Unser Expertenteam ist hier, um Sie durch jeden Schritt des Prozesses zu f\u00fchren, vom Verst\u00e4ndnis des Verfahrens bis hin zur Bereitstellung einer au\u00dfergew\u00f6hnlichen postoperativen Betreuung. Entdecken Sie die transformativen Vorteile des Bauchmuskel-Behandlungsverfahrens und machen Sie den ersten Schritt in Richtung Ihres Traumk\u00f6rpers.<\/p>\t\t\t\t\t\t\t\t<\/div>\n\t\t\t\t<\/div>\n\t\t\t\t<\/div>\n\t\t<div class=\"elementor-element elementor-element-b373dbe e-con-full e-flex wpr-particle-no wpr-jarallax-no wpr-parallax-no wpr-sticky-section-no wpr-equal-height-no e-con e-child\" data-id=\"b373dbe\" data-element_type=\"container\" data-e-type=\"container\">\n\t\t\t\t<div class=\"elementor-element elementor-element-36389fc content-align-cta-default elementor-widget elementor-widget-eael-cta-box\" data-id=\"36389fc\" data-element_type=\"widget\" data-e-type=\"widget\" data-widget_type=\"eael-cta-box.default\">\n\t\t\t\t<div class=\"elementor-widget-container\">\n\t\t\t\t\t\t\t<div class=\"eael-call-to-action cta-basic bg-lite cta-preset-1\">\n        <h2 class=\"title eael-cta-heading\">WAS K\u00d6NNEN SIE ERWARTEN<\/h2><p>Klicken Sie auf die Links, um mehr \u00fcber den von Ihnen gew\u00e4hlten chirurgischen Eingriff zu erfahren, einschlie\u00dflich Informationen \u00fcber Ihren Krankenhausaufenthalt und <a href=\"https:\/\/surgyteam.com\/de\/kontaktieren-sie-uns\/\" rel=\"sponsored\">Erholungszeit<\/a>.<\/p><a href=\"\/de\/kontaktieren-sie-uns\/\" class=\"cta-button cta-preset-1\">Kontaktieren Sie uns<\/a>\t<\/div>\n\t\t\t\t\t\t\t\t<\/div>\n\t\t\t\t<\/div>\n\t\t\t\t<div class=\"elementor-element elementor-element-fa1b0eb eael-hamburger--none eael-simple-menu-hamburger-align-right elementor-widget elementor-widget-eael-simple-menu\" data-id=\"fa1b0eb\" data-element_type=\"widget\" data-e-type=\"widget\" data-widget_type=\"eael-simple-menu.default\">\n\t\t\t\t<div class=\"elementor-widget-container\">\n\t\t\t\t\t            <div data-hamburger-icon=\"&lt;svg aria-hidden=&quot;true&quot; class=&quot;e-font-icon-svg e-fas-bars&quot; viewBox=&quot;0 0 448 512&quot; xmlns=&quot;http:\/\/www.w3.org\/2000\/svg&quot;&gt;&lt;path d=&quot;M16 132h416c8.837 0 16-7.163 16-16V76c0-8.837-7.163-16-16-16H16C7.163 60 0 67.163 0 76v40c0 8.837 7.163 16 16 16zm0 160h416c8.837 0 16-7.163 16-16v-40c0-8.837-7.163-16-16-16H16c-8.837 0-16 7.163-16 16v40c0 8.837 7.163 16 16 16zm0 160h416c8.837 0 16-7.163 16-16v-40c0-8.837-7.163-16-16-16H16c-8.837 0-16 7.163-16 16v40c0 8.837 7.163 16 16 16z&quot;&gt;&lt;\/path&gt;&lt;\/svg&gt;\" data-indicator-icon=\"&lt;svg aria-hidden=&quot;true&quot; class=&quot;e-font-icon-svg e-fas-angle-down&quot; viewBox=&quot;0 0 320 512&quot; xmlns=&quot;http:\/\/www.w3.org\/2000\/svg&quot;&gt;&lt;path d=&quot;M143 352.3L7 216.3c-9.4-9.4-9.4-24.6 0-33.9l22.6-22.6c9.4-9.4 24.6-9.4 33.9 0l96.4 96.4 96.4-96.4c9.4-9.4 24.6-9.4 33.9 0l22.6 22.6c9.4 9.4 9.4 24.6 0 33.9l-136 136c-9.2 9.4-24.4 9.4-33.8 0z&quot;&gt;&lt;\/path&gt;&lt;\/svg&gt;\" data-dropdown-indicator-icon=\"&lt;svg class=&quot;e-font-icon-svg e-fas-angle-down&quot; viewBox=&quot;0 0 320 512&quot; xmlns=&quot;http:\/\/www.w3.org\/2000\/svg&quot;&gt;&lt;path d=&quot;M143 352.3L7 216.3c-9.4-9.4-9.4-24.6 0-33.9l22.6-22.6c9.4-9.4 24.6-9.4 33.9 0l96.4 96.4 96.4-96.4c9.4-9.4 24.6-9.4 33.9 0l22.6 22.6c9.4 9.4 9.4 24.6 0 33.9l-136 136c-9.2 9.4-24.4 9.4-33.8 0z&quot;&gt;&lt;\/path&gt;&lt;\/svg&gt;\" class=\"eael-simple-menu-container eael-simple-menu--loading eael-simple-menu-align-left eael-simple-menu-dropdown-align-left preset-2\" data-hamburger-breakpoints=\"{&quot;mobile&quot;:&quot;Mobil Hochformat (&gt; 767px)&quot;,&quot;tablet&quot;:&quot;Tablet-Hochformat (&gt; 1024px)&quot;,&quot;desktop&quot;:&quot;Desktop (&gt; 2400px)&quot;,&quot;none&quot;:&quot;None&quot;}\" data-hamburger-device=\"none\">\n                <ul id=\"menu-kozmetik-cerrahi\" class=\"eael-simple-menu eael-simple-menu-dropdown-animate-to-top eael-simple-menu-indicator eael-simple-menu-vertical\"><li id=\"menu-item-552\" class=\"menu-item menu-item-type-post_type menu-item-object-page menu-item-552\"><a href=\"https:\/\/surgyteam.com\/de\/mommy-makeover-2\/\" class=\"menu-link\">Mama-Makeover<\/a><\/li>\n<li id=\"menu-item-543\" class=\"menu-item menu-item-type-post_type menu-item-object-page menu-item-543\"><a href=\"https:\/\/surgyteam.com\/de\/360-liposuction-2\/\" class=\"menu-link\">360 Fettabsaugung<\/a><\/li>\n<li id=\"menu-item-550\" class=\"menu-item menu-item-type-post_type menu-item-object-page menu-item-550\"><a href=\"https:\/\/surgyteam.com\/de\/hi-def-liposuction\/\" class=\"menu-link\">Hi-Def-Fettabsaugung<\/a><\/li>\n<li id=\"menu-item-545\" class=\"menu-item menu-item-type-post_type menu-item-object-page menu-item-545\"><a href=\"https:\/\/surgyteam.com\/de\/abs-cracks\/\" class=\"menu-link\">Bauchmuskelrisse<\/a><\/li>\n<li id=\"menu-item-544\" class=\"menu-item menu-item-type-post_type menu-item-object-page menu-item-544\"><a href=\"https:\/\/surgyteam.com\/de\/abdominal-etching\/\" class=\"menu-link\">Bauch\u00e4tzen<\/a><\/li>\n<li id=\"menu-item-555\" class=\"menu-item menu-item-type-post_type menu-item-object-page menu-item-555\"><a href=\"https:\/\/surgyteam.com\/de\/upper-blepharoplasty\/\" class=\"menu-link\">Obere Blepharoplastik<\/a><\/li>\n<li id=\"menu-item-551\" class=\"menu-item menu-item-type-post_type menu-item-object-page menu-item-551\"><a href=\"https:\/\/surgyteam.com\/de\/lower-blepharoplasty\/\" class=\"menu-link\">Untere Blepharoplastik<\/a><\/li>\n<li id=\"menu-item-547\" class=\"menu-item menu-item-type-post_type menu-item-object-page menu-item-547\"><a href=\"https:\/\/surgyteam.com\/de\/1-kozmetik-cerrahi-islemler-icin-cogaltilacak-2\/\" class=\"menu-link\">Katzenauge<\/a><\/li>\n<li id=\"menu-item-549\" class=\"menu-item menu-item-type-post_type menu-item-object-page menu-item-549\"><a href=\"https:\/\/surgyteam.com\/de\/fox-eye\/\" class=\"menu-link\">Fuchsauge<\/a><\/li>\n<li id=\"menu-item-546\" class=\"menu-item menu-item-type-post_type menu-item-object-page menu-item-546\"><a href=\"https:\/\/surgyteam.com\/de\/almond-eye\/\" class=\"menu-link\">Mandelauge<\/a><\/li>\n<li id=\"menu-item-554\" class=\"menu-item menu-item-type-post_type menu-item-object-page menu-item-554\"><a href=\"https:\/\/surgyteam.com\/de\/temporal-lift\/\" class=\"menu-link\">Schl\u00e4fenlift<\/a><\/li>\n<li id=\"menu-item-548\" class=\"menu-item menu-item-type-post_type menu-item-object-page menu-item-548\"><a href=\"https:\/\/surgyteam.com\/de\/double-jaw-surgery\/\" class=\"menu-link\">Doppelkieferchirurgie<\/a><\/li>\n<li id=\"menu-item-553\" class=\"menu-item menu-item-type-post_type menu-item-object-page menu-item-553\"><a href=\"https:\/\/surgyteam.com\/de\/orthognatic-surgery\/\" class=\"menu-link\">Kieferorthop\u00e4dische Chirurgie<\/a><\/li>\n<\/ul>                <button class=\"eael-simple-menu-toggle\">\n                    <span class=\"sr-only\">Hamburger Men\u00fc umschalten<\/span>\n                    <svg aria-hidden=\"true\" class=\"e-font-icon-svg e-fas-bars\" viewbox=\"0 0 448 512\" xmlns=\"http:\/\/www.w3.org\/2000\/svg\"><path d=\"M16 132h416c8.837 0 16-7.163 16-16V76c0-8.837-7.163-16-16-16H16C7.163 60 0 67.163 0 76v40c0 8.837 7.163 16 16 16zm0 160h416c8.837 0 16-7.163 16-16v-40c0-8.837-7.163-16-16-16H16c-8.837 0-16 7.163-16 16v40c0 8.837 7.163 16 16 16zm0 160h416c8.837 0 16-7.163 16-16v-40c0-8.837-7.163-16-16-16H16c-8.837 0-16 7.163-16 16v40c0 8.837 7.163 16 16 16z\"><\/path><\/svg>                <\/button>\n            <\/div>\n            \t\t\t\t<\/div>\n\t\t\t\t<\/div>\n\t\t\t\t<\/div>\n\t\t\t\t\t<\/div>\n\t\t\t\t<\/div>\n\t\t\t\t<\/div>","protected":false},"excerpt":{"rendered":"<p>Abs Cracks Abs Cracks: Achieve a Sculpted Abdomen at SURGYTEAM Clinic Defined abs are a symbol of fitness and athleticism, but achieving that chiseled look can be challenging. At SURGYTEAM Clinic, we offer specialized procedures to help you achieve &#8220;abs cracks,&#8221; the defined lines that create the appearance of a sculpted six-pack. What are Abs Cracks? Abs cracks refer to the deep lines that run vertically along the abdomen, enhancing the appearance of a six-pack. This defined look is achieved by reducing fat around the abdominal muscles and accentuating their natural contours. The result is a highly toned and athletic appearance. The SURGYTEAM Clinic Approach At SURGYTEAM Clinic, we use advanced techniques to help our patients achieve their aesthetic goals. Our experienced surgeons are skilled in creating natural-looking abs cracks that enhance your overall physique. We prioritize patient safety and satisfaction, ensuring the best possible results. The Procedure Creating abs cracks involves a combination of liposuction and muscle etching techniques. The surgeon removes excess fat from the abdominal area and sculpts the remaining fat to highlight the natural lines of the muscles. This procedure is typically performed under local or general anesthesia, depending on the extent of the treatment. Benefits of Abs Cracks Procedure Enhanced Muscle Definition: The procedure highlights the natural contours of the abdominal muscles, creating a more defined and sculpted look. Quick Recovery: Most patients can return to their normal activities within a week, with minimal downtime and discomfort. Natural-Looking Results: The results are designed to look natural and harmonious with your body&#8217;s overall shape. Boosted Confidence: Achieving a defined six-pack can enhance your self-confidence and overall appearance. Ideal Candidates The abs cracks procedure is best suited for individuals who are already in good physical condition but struggle to achieve the desired level of muscle definition. Ideal candidates have good skin elasticity and realistic expectations about the results. Recovery and Aftercare Recovery from the abs cracks procedure involves some swelling and bruising, which typically subsides within a few weeks. Patients are advised to follow post-operative care instructions provided by SURGYTEAM Clinic to ensure a smooth recovery and optimal results. Compression garments may be recommended to help reduce swelling and support the new contours. Why Choose SURGYTEAM Clinic? Expert Surgeons: Our team of surgeons has extensive experience in performing body contouring procedures and is dedicated to achieving the best possible results for our patients. State-of-the-Art Facility: SURGYTEAM Clinic is equipped with the latest technology and a modern surgical suite, ensuring a safe and comfortable environment for our patients. Personalized Care: We provide comprehensive consultations and personalized treatment plans to meet each patient&#8217;s unique needs and goals. Natural Enhancements: Our focus is on creating natural-looking results that enhance your overall appearance and boost your confidence. Schedule Your Consultation Today If you&#8217;re ready to achieve a sculpted abdomen with defined abs cracks, contact SURGYTEAM Clinic to schedule your consultation. Our expert team is here to guide you through every step of the process, from understanding the procedure to providing exceptional post-operative care. Discover the transformative benefits of the abs cracks procedure and take the first step towards your dream body. WHAT CAN YOU EXPECT Click on the links to discover more about your chosen surgical procedure, including information about your hospital stay and recovery time. Contact Us Mommy Makeover 360 Liposuction Hi-Def Liposuction Abs Cracks Abdominal Etching Upper Blepharoplasty Lower Blepharoplasty Cat Eye Fox Eye Almond Eye Temporal Lift Double Jaw Surgery Orthognatic Surgery Humberger Toggle Menu<\/p>","protected":false},"author":1,"featured_media":0,"parent":0,"menu_order":0,"comment_status":"closed","ping_status":"closed","template":"elementor_header_footer","meta":{"content-type":"","_daextam_enable_autolinks":"","site-sidebar-layout":"default","site-content-layout":"","ast-site-content-layout":"default","site-content-style":"default","site-sidebar-style":"default","ast-global-header-display":"","ast-banner-title-visibility":"","ast-main-header-display":"","ast-hfb-above-header-display":"","ast-hfb-below-header-display":"","ast-hfb-mobile-header-display":"","site-post-title":"","ast-breadcrumbs-content":"","ast-featured-img":"","footer-sml-layout":"","ast-disable-related-posts":"","theme-transparent-header-meta":"","adv-header-id-meta":"","stick-header-meta":"","header-above-stick-meta":"","header-main-stick-meta":"","header-below-stick-meta":"","astra-migrate-meta-layouts":"default","ast-page-background-enabled":"default","ast-page-background-meta":{"desktop":{"background-color":"var(--ast-global-color-4)","background-image":"","background-repeat":"repeat","background-position":"center center","background-size":"auto","background-attachment":"scroll","background-type":"","background-media":"","overlay-type":"","overlay-color":"","overlay-opacity":"","overlay-gradient":""},"tablet":{"background-color":"","background-image":"","background-repeat":"repeat","background-position":"center center","background-size":"auto","background-attachment":"scroll","background-type":"","background-media":"","overlay-type":"","overlay-color":"","overlay-opacity":"","overlay-gradient":""},"mobile":{"background-color":"","background-image":"","background-repeat":"repeat","background-position":"center center","background-size":"auto","background-attachment":"scroll","background-type":"","background-media":"","overlay-type":"","overlay-color":"","overlay-opacity":"","overlay-gradient":""}},"ast-content-background-meta":{"desktop":{"background-color":"var(--ast-global-color-5)","background-image":"","background-repeat":"repeat","background-position":"center center","background-size":"auto","background-attachment":"scroll","background-type":"","background-media":"","overlay-type":"","overlay-color":"","overlay-opacity":"","overlay-gradient":""},"tablet":{"background-color":"var(--ast-global-color-5)","background-image":"","background-repeat":"repeat","background-position":"center center","background-size":"auto","background-attachment":"scroll","background-type":"","background-media":"","overlay-type":"","overlay-color":"","overlay-opacity":"","overlay-gradient":""},"mobile":{"background-color":"var(--ast-global-color-5)","background-image":"","background-repeat":"repeat","background-position":"center center","background-size":"auto","background-attachment":"scroll","background-type":"","background-media":"","overlay-type":"","overlay-color":"","overlay-opacity":"","overlay-gradient":""}},"footnotes":""},"class_list":["post-295","page","type-page","status-publish","hentry"],"_links":{"self":[{"href":"https:\/\/surgyteam.com\/de\/wp-json\/wp\/v2\/pages\/295","targetHints":{"allow":["GET"]}}],"collection":[{"href":"https:\/\/surgyteam.com\/de\/wp-json\/wp\/v2\/pages"}],"about":[{"href":"https:\/\/surgyteam.com\/de\/wp-json\/wp\/v2\/types\/page"}],"author":[{"embeddable":true,"href":"https:\/\/surgyteam.com\/de\/wp-json\/wp\/v2\/users\/1"}],"replies":[{"embeddable":true,"href":"https:\/\/surgyteam.com\/de\/wp-json\/wp\/v2\/comments?post=295"}],"version-history":[{"count":0,"href":"https:\/\/surgyteam.com\/de\/wp-json\/wp\/v2\/pages\/295\/revisions"}],"wp:attachment":[{"href":"https:\/\/surgyteam.com\/de\/wp-json\/wp\/v2\/media?parent=295"}],"curies":[{"name":"wp","href":"https:\/\/api.w.org\/{rel}","templated":true}]}}