{"id":332,"date":"2024-07-20T11:41:36","date_gmt":"2024-07-20T11:41:36","guid":{"rendered":"https:\/\/surgyteam.com\/?page_id=332"},"modified":"2024-07-20T17:20:32","modified_gmt":"2024-07-20T17:20:32","slug":"1-kosmetik-cerrahi-islemler-icin-cogaltilacak-2","status":"publish","type":"page","link":"https:\/\/surgyteam.com\/de\/1-kozmetik-cerrahi-islemler-icin-cogaltilacak-2\/","title":{"rendered":"Katzenauge"},"content":{"rendered":"<div data-elementor-type=\"wp-page\" data-elementor-id=\"332\" class=\"elementor elementor-332\">\n\t\t\t\t<div class=\"elementor-element elementor-element-09cf3b8 e-flex e-con-boxed wpr-particle-no wpr-jarallax-no wpr-parallax-no wpr-sticky-section-no wpr-equal-height-no e-con e-parent\" data-id=\"09cf3b8\" data-element_type=\"container\" data-e-type=\"container\" data-settings=\"{&quot;background_background&quot;:&quot;classic&quot;}\">\n\t\t\t\t\t<div class=\"e-con-inner\">\n\t\t\t\t<div class=\"elementor-element elementor-element-9ad3fe9 elementor-widget elementor-widget-wpr-post-title\" data-id=\"9ad3fe9\" data-element_type=\"widget\" data-e-type=\"widget\" data-widget_type=\"wpr-post-title.default\">\n\t\t\t\t<div class=\"elementor-widget-container\">\n\t\t\t\t\t<h1 class=\"wpr-post-title\">Katzenauge<\/h1>\t\t\t\t<\/div>\n\t\t\t\t<\/div>\n\t\t\t\t\t<\/div>\n\t\t\t\t<\/div>\n\t\t<div class=\"elementor-element elementor-element-6ecccb3 e-flex e-con-boxed wpr-particle-no wpr-jarallax-no wpr-parallax-no wpr-sticky-section-no wpr-equal-height-no e-con e-parent\" data-id=\"6ecccb3\" data-element_type=\"container\" data-e-type=\"container\">\n\t\t\t\t\t<div class=\"e-con-inner\">\n\t\t<div class=\"elementor-element elementor-element-bd5f2bf e-con-full e-flex wpr-particle-no wpr-jarallax-no wpr-parallax-no wpr-sticky-section-no wpr-equal-height-no e-con e-child\" data-id=\"bd5f2bf\" data-element_type=\"container\" data-e-type=\"container\">\n\t\t\t\t<div class=\"elementor-element elementor-element-4227395 elementor-widget elementor-widget-image\" data-id=\"4227395\" data-element_type=\"widget\" data-e-type=\"widget\" data-widget_type=\"image.default\">\n\t\t\t\t<div class=\"elementor-widget-container\">\n\t\t\t\t\t\t\t\t\t\t\t\t\t\t\t<img fetchpriority=\"high\" decoding=\"async\" width=\"1024\" height=\"576\" src=\"https:\/\/surgyteam.com\/wp-content\/uploads\/2024\/07\/cat-eye-1024x576.jpg\" class=\"attachment-large size-large wp-image-334\" alt=\"Katzenauge\" srcset=\"https:\/\/surgyteam.com\/wp-content\/uploads\/2024\/07\/cat-eye-1024x576.jpg 1024w, https:\/\/surgyteam.com\/wp-content\/uploads\/2024\/07\/cat-eye-300x169.jpg 300w, https:\/\/surgyteam.com\/wp-content\/uploads\/2024\/07\/cat-eye-768x432.jpg 768w, https:\/\/surgyteam.com\/wp-content\/uploads\/2024\/07\/cat-eye.jpg 1170w\" sizes=\"(max-width: 1024px) 100vw, 1024px\" \/>\t\t\t\t\t\t\t\t\t\t\t\t\t\t\t<\/div>\n\t\t\t\t<\/div>\n\t\t\t\t<div class=\"elementor-element elementor-element-c5acd1f elementor-widget elementor-widget-text-editor\" data-id=\"c5acd1f\" data-element_type=\"widget\" data-e-type=\"widget\" data-widget_type=\"text-editor.default\">\n\t\t\t\t<div class=\"elementor-widget-container\">\n\t\t\t\t\t\t\t\t\t<p align=\"left\"><b>Katzenaugenoperation: Erreichen Sie verf\u00fchrerische Augen in der SURGYTEAM-Klinik<\/b><\/p><p align=\"left\">Der Katzenaugen-Look, der durch eine Aufw\u00e4rtsbewegung der \u00e4u\u00dferen Augenwinkel gekennzeichnet ist, ist aufgrund seiner verf\u00fchrerischen und exotischen Ausstrahlung sehr gefragt. In der SURGYTEAM-Klinik bieten wir Ihnen eine Katzenaugen-OP an, die Ihnen zu diesem fesselnden Look verhilft und Ihre gesamte Gesichts\u00e4sthetik verbessert.<\/p><p align=\"left\"><b>Was ist eine Katzenaugenoperation?<\/b><\/p><p align=\"left\">Die Katzenaugenoperation, auch Kanthoplastik genannt, ist ein kosmetischer Eingriff, bei dem die \u00e4u\u00dferen Augenwinkel neu geformt werden, sodass sie mandelf\u00f6rmiger und nach oben geneigt erscheinen. Diese Operation unterstreicht die nat\u00fcrliche Sch\u00f6nheit der Augen und verleiht ihnen ein l\u00e4ngeres und verf\u00fchrerischeres Aussehen.<\/p><p align=\"left\"><b>Der Unterschied der SURGYTEAM-Klinik<\/b><\/p><p align=\"left\">In der SURGYTEAM-Klinik verwenden unsere erfahrenen Chirurgen fortschrittliche Techniken, um nat\u00fcrlich wirkende Ergebnisse zu erzielen. Wir konzentrieren uns darauf, eine subtile Verbesserung zu erzielen, die Ihre Gesichtsz\u00fcge erg\u00e4nzt. Unser patientenzentrierter Ansatz stellt sicher, dass jeder Eingriff auf die individuellen Bed\u00fcrfnisse und \u00e4sthetischen Ziele zugeschnitten ist.<\/p><p align=\"left\"><b>Das Verfahren<\/b><\/p><p align=\"left\">Die Fox Eye-Operation wird normalerweise unter \u00f6rtlicher Bet\u00e4ubung mit Sedierung oder Vollnarkose durchgef\u00fchrt. Der Chirurg macht kleine Einschnitte an den \u00e4u\u00dferen Augenwinkeln, um die Position der Sehnen und Muskeln anzupassen und so den gew\u00fcnschten Lifting-Effekt zu erzielen. Der Eingriff dauert normalerweise etwa ein bis zwei Stunden.<\/p><p align=\"left\"><b>Vorteile der Katzenaugenoperation<\/b><\/p><ul><li><p align=\"left\"><b>Verf\u00fchrerisches Aussehen<\/b>: Der Eingriff unterstreicht die nat\u00fcrliche Sch\u00f6nheit der Augen und sorgt f\u00fcr einen verf\u00fchrerischeren und exotischeren Blick.<\/p><\/li><li><p align=\"left\"><b>Schnelle Wiederherstellung<\/b>: Die meisten Patienten k\u00f6nnen innerhalb einer Woche mit minimalen Ausfallzeiten und Beschwerden zu ihren normalen Aktivit\u00e4ten zur\u00fcckkehren.<\/p><\/li><li><p align=\"left\"><b>Langanhaltende Ergebnisse<\/b>: Die Ergebnisse der Katzenaugenoperation sind langanhaltend und verbessern Ihr Aussehen nachhaltig.<\/p><\/li><li><p align=\"left\"><b>Mehr Selbstvertrauen<\/b>: Der Katzenaugen-Look kann Ihr Selbstvertrauen und die gesamte Gesichts\u00e4sthetik verbessern.<\/p><\/li><\/ul><p align=\"left\"><b>Ideale Kandidaten<\/b><\/p><p align=\"left\">Die Katzenaugenoperation ist ideal f\u00fcr Personen, die sich eine l\u00e4nglichere und nach oben geneigte Augenform w\u00fcnschen. Die Kandidaten sollten sich in einem guten allgemeinen Gesundheitszustand befinden und realistische Erwartungen hinsichtlich der Ergebnisse haben.<\/p><p align=\"left\"><b>Genesung und Nachsorge<\/b><\/p><p align=\"left\">Die Genesung nach einer Oberlidstraffung geht mit Schwellungen und Bluterg\u00fcssen einher, die normalerweise innerhalb einer Woche abklingen. Patienten wird geraten, die postoperativen Pflegeanweisungen der SURGYTEAM-Klinik zu befolgen, um eine reibungslose Genesung und optimale Ergebnisse zu gew\u00e4hrleisten. Kalte Kompressen und verschriebene Medikamente k\u00f6nnen helfen, die Beschwerden w\u00e4hrend des Heilungsprozesses zu lindern.<\/p><p align=\"left\"><b>Warum sollten Sie sich f\u00fcr die SURGYTEAM-Klinik entscheiden?<\/b><\/p><ul><li><p align=\"left\"><b>Erfahrene Chirurgen<\/b>: Unser Chirurgenteam verf\u00fcgt \u00fcber umfassende Erfahrung in der Durchf\u00fchrung von Augenlidoperationen und ist bestrebt, die bestm\u00f6glichen Ergebnisse f\u00fcr unsere Patienten zu erzielen.<\/p><\/li><li><p align=\"left\"><b>Moderne Einrichtung<\/b>: Die SURGYTEAM-Klinik ist mit der neuesten Technologie und einem modernen Operationssaal ausgestattet und gew\u00e4hrleistet so eine sichere und komfortable Umgebung f\u00fcr unsere Patienten.<\/p><\/li><li><p align=\"left\"><b>Personalisierte Betreuung<\/b>: Wir bieten umfassende Beratung und personalisierte Behandlungspl\u00e4ne, um die individuellen Bed\u00fcrfnisse und Ziele jedes Patienten zu erf\u00fcllen.<\/p><\/li><li><p align=\"left\"><b>Nat\u00fcrliche Verbesserungen<\/b>: Unser Fokus liegt auf der Erzielung nat\u00fcrlich aussehender Ergebnisse, die Ihr Gesamterscheinungsbild verbessern und Ihr Selbstvertrauen st\u00e4rken.<\/p><\/li><\/ul><p align=\"left\"><b>Vereinbaren Sie noch heute einen Beratungstermin<\/b><\/p><p align=\"left\">Wenn Sie bereit sind, mit einer Katzenaugenoperation verf\u00fchrerische Augen zu bekommen, kontaktieren Sie die SURGYTEAM-Klinik, um Ihren Beratungstermin zu vereinbaren. Unser Expertenteam ist hier, um Sie durch jeden Schritt des Prozesses zu f\u00fchren, vom Verst\u00e4ndnis des Verfahrens bis zur Bereitstellung einer au\u00dfergew\u00f6hnlichen postoperativen Pflege. Entdecken Sie die transformativen Vorteile der Katzenaugenoperation und erfreuen Sie sich an einem bezaubernderen Blick.<\/p>\t\t\t\t\t\t\t\t<\/div>\n\t\t\t\t<\/div>\n\t\t\t\t<\/div>\n\t\t<div class=\"elementor-element elementor-element-b373dbe e-con-full e-flex wpr-particle-no wpr-jarallax-no wpr-parallax-no wpr-sticky-section-no wpr-equal-height-no e-con e-child\" data-id=\"b373dbe\" data-element_type=\"container\" data-e-type=\"container\">\n\t\t\t\t<div class=\"elementor-element elementor-element-36389fc content-align-cta-default elementor-widget elementor-widget-eael-cta-box\" data-id=\"36389fc\" data-element_type=\"widget\" data-e-type=\"widget\" data-widget_type=\"eael-cta-box.default\">\n\t\t\t\t<div class=\"elementor-widget-container\">\n\t\t\t\t\t\t\t<div class=\"eael-call-to-action cta-basic bg-lite cta-preset-1\">\n        <h2 class=\"title eael-cta-heading\">WAS K\u00d6NNEN SIE ERWARTEN<\/h2><p>Klicken Sie auf die Links, um mehr \u00fcber den von Ihnen gew\u00e4hlten chirurgischen Eingriff zu erfahren, einschlie\u00dflich Informationen \u00fcber Ihren Krankenhausaufenthalt und <a href=\"https:\/\/surgyteam.com\/de\/kontaktieren-sie-uns\/\" rel=\"sponsored\">Erholungszeit<\/a>.<\/p><a href=\"\/de\/kontaktieren-sie-uns\/\" class=\"cta-button cta-preset-1\">Kontaktieren Sie uns<\/a>\t<\/div>\n\t\t\t\t\t\t\t\t<\/div>\n\t\t\t\t<\/div>\n\t\t\t\t<div class=\"elementor-element elementor-element-796ea34 eael-hamburger--none eael-simple-menu-hamburger-align-right elementor-widget elementor-widget-eael-simple-menu\" data-id=\"796ea34\" data-element_type=\"widget\" data-e-type=\"widget\" data-widget_type=\"eael-simple-menu.default\">\n\t\t\t\t<div class=\"elementor-widget-container\">\n\t\t\t\t\t            <div data-hamburger-icon=\"&lt;svg aria-hidden=&quot;true&quot; class=&quot;e-font-icon-svg e-fas-bars&quot; viewBox=&quot;0 0 448 512&quot; xmlns=&quot;http:\/\/www.w3.org\/2000\/svg&quot;&gt;&lt;path d=&quot;M16 132h416c8.837 0 16-7.163 16-16V76c0-8.837-7.163-16-16-16H16C7.163 60 0 67.163 0 76v40c0 8.837 7.163 16 16 16zm0 160h416c8.837 0 16-7.163 16-16v-40c0-8.837-7.163-16-16-16H16c-8.837 0-16 7.163-16 16v40c0 8.837 7.163 16 16 16zm0 160h416c8.837 0 16-7.163 16-16v-40c0-8.837-7.163-16-16-16H16c-8.837 0-16 7.163-16 16v40c0 8.837 7.163 16 16 16z&quot;&gt;&lt;\/path&gt;&lt;\/svg&gt;\" data-indicator-icon=\"&lt;svg aria-hidden=&quot;true&quot; class=&quot;e-font-icon-svg e-fas-angle-down&quot; viewBox=&quot;0 0 320 512&quot; xmlns=&quot;http:\/\/www.w3.org\/2000\/svg&quot;&gt;&lt;path d=&quot;M143 352.3L7 216.3c-9.4-9.4-9.4-24.6 0-33.9l22.6-22.6c9.4-9.4 24.6-9.4 33.9 0l96.4 96.4 96.4-96.4c9.4-9.4 24.6-9.4 33.9 0l22.6 22.6c9.4 9.4 9.4 24.6 0 33.9l-136 136c-9.2 9.4-24.4 9.4-33.8 0z&quot;&gt;&lt;\/path&gt;&lt;\/svg&gt;\" data-dropdown-indicator-icon=\"&lt;svg class=&quot;e-font-icon-svg e-fas-angle-down&quot; viewBox=&quot;0 0 320 512&quot; xmlns=&quot;http:\/\/www.w3.org\/2000\/svg&quot;&gt;&lt;path d=&quot;M143 352.3L7 216.3c-9.4-9.4-9.4-24.6 0-33.9l22.6-22.6c9.4-9.4 24.6-9.4 33.9 0l96.4 96.4 96.4-96.4c9.4-9.4 24.6-9.4 33.9 0l22.6 22.6c9.4 9.4 9.4 24.6 0 33.9l-136 136c-9.2 9.4-24.4 9.4-33.8 0z&quot;&gt;&lt;\/path&gt;&lt;\/svg&gt;\" class=\"eael-simple-menu-container eael-simple-menu--loading eael-simple-menu-align-left eael-simple-menu-dropdown-align-left preset-2\" data-hamburger-breakpoints=\"{&quot;mobile&quot;:&quot;Mobil Hochformat (&gt; 767px)&quot;,&quot;tablet&quot;:&quot;Tablet-Hochformat (&gt; 1024px)&quot;,&quot;desktop&quot;:&quot;Desktop (&gt; 2400px)&quot;,&quot;none&quot;:&quot;None&quot;}\" data-hamburger-device=\"none\">\n                <ul id=\"menu-kozmetik-cerrahi\" class=\"eael-simple-menu eael-simple-menu-dropdown-animate-to-top eael-simple-menu-indicator eael-simple-menu-vertical\"><li id=\"menu-item-552\" class=\"menu-item menu-item-type-post_type menu-item-object-page menu-item-552\"><a href=\"https:\/\/surgyteam.com\/de\/mommy-makeover-2\/\" class=\"menu-link\">Mama-Makeover<\/a><\/li>\n<li id=\"menu-item-543\" class=\"menu-item menu-item-type-post_type menu-item-object-page menu-item-543\"><a href=\"https:\/\/surgyteam.com\/de\/360-liposuction-2\/\" class=\"menu-link\">360 Fettabsaugung<\/a><\/li>\n<li id=\"menu-item-550\" class=\"menu-item menu-item-type-post_type menu-item-object-page menu-item-550\"><a href=\"https:\/\/surgyteam.com\/de\/hi-def-liposuction\/\" class=\"menu-link\">Hi-Def-Fettabsaugung<\/a><\/li>\n<li id=\"menu-item-545\" class=\"menu-item menu-item-type-post_type menu-item-object-page menu-item-545\"><a href=\"https:\/\/surgyteam.com\/de\/abs-cracks\/\" class=\"menu-link\">Bauchmuskelrisse<\/a><\/li>\n<li id=\"menu-item-544\" class=\"menu-item menu-item-type-post_type menu-item-object-page menu-item-544\"><a href=\"https:\/\/surgyteam.com\/de\/abdominal-etching\/\" class=\"menu-link\">Bauch\u00e4tzen<\/a><\/li>\n<li id=\"menu-item-555\" class=\"menu-item menu-item-type-post_type menu-item-object-page menu-item-555\"><a href=\"https:\/\/surgyteam.com\/de\/upper-blepharoplasty\/\" class=\"menu-link\">Obere Blepharoplastik<\/a><\/li>\n<li id=\"menu-item-551\" class=\"menu-item menu-item-type-post_type menu-item-object-page menu-item-551\"><a href=\"https:\/\/surgyteam.com\/de\/lower-blepharoplasty\/\" class=\"menu-link\">Untere Blepharoplastik<\/a><\/li>\n<li id=\"menu-item-547\" class=\"menu-item menu-item-type-post_type menu-item-object-page menu-item-547\"><a href=\"https:\/\/surgyteam.com\/de\/1-kozmetik-cerrahi-islemler-icin-cogaltilacak-2\/\" class=\"menu-link\">Katzenauge<\/a><\/li>\n<li id=\"menu-item-549\" class=\"menu-item menu-item-type-post_type menu-item-object-page menu-item-549\"><a href=\"https:\/\/surgyteam.com\/de\/fox-eye\/\" class=\"menu-link\">Fuchsauge<\/a><\/li>\n<li id=\"menu-item-546\" class=\"menu-item menu-item-type-post_type menu-item-object-page menu-item-546\"><a href=\"https:\/\/surgyteam.com\/de\/almond-eye\/\" class=\"menu-link\">Mandelauge<\/a><\/li>\n<li id=\"menu-item-554\" class=\"menu-item menu-item-type-post_type menu-item-object-page menu-item-554\"><a href=\"https:\/\/surgyteam.com\/de\/temporal-lift\/\" class=\"menu-link\">Schl\u00e4fenlift<\/a><\/li>\n<li id=\"menu-item-548\" class=\"menu-item menu-item-type-post_type menu-item-object-page menu-item-548\"><a href=\"https:\/\/surgyteam.com\/de\/double-jaw-surgery\/\" class=\"menu-link\">Doppelkieferchirurgie<\/a><\/li>\n<li id=\"menu-item-553\" class=\"menu-item menu-item-type-post_type menu-item-object-page menu-item-553\"><a href=\"https:\/\/surgyteam.com\/de\/orthognatic-surgery\/\" class=\"menu-link\">Kieferorthop\u00e4dische Chirurgie<\/a><\/li>\n<\/ul>                <button class=\"eael-simple-menu-toggle\">\n                    <span class=\"sr-only\">Hamburger Men\u00fc umschalten<\/span>\n                    <svg aria-hidden=\"true\" class=\"e-font-icon-svg e-fas-bars\" viewbox=\"0 0 448 512\" xmlns=\"http:\/\/www.w3.org\/2000\/svg\"><path d=\"M16 132h416c8.837 0 16-7.163 16-16V76c0-8.837-7.163-16-16-16H16C7.163 60 0 67.163 0 76v40c0 8.837 7.163 16 16 16zm0 160h416c8.837 0 16-7.163 16-16v-40c0-8.837-7.163-16-16-16H16c-8.837 0-16 7.163-16 16v40c0 8.837 7.163 16 16 16zm0 160h416c8.837 0 16-7.163 16-16v-40c0-8.837-7.163-16-16-16H16c-8.837 0-16 7.163-16 16v40c0 8.837 7.163 16 16 16z\"><\/path><\/svg>                <\/button>\n            <\/div>\n            \t\t\t\t<\/div>\n\t\t\t\t<\/div>\n\t\t\t\t<\/div>\n\t\t\t\t\t<\/div>\n\t\t\t\t<\/div>\n\t\t\t\t<\/div>","protected":false},"excerpt":{"rendered":"<p>Katzenauge Katzenaugen-Operation: Erreichen Sie verf\u00fchrerische Augen in der SURGYTEAM-Klinik. Der Katzenaugen-Look, der durch eine Aufw\u00e4rtsbewegung der \u00e4u\u00dferen Augenwinkel gekennzeichnet ist, ist wegen seiner verf\u00fchrerischen und exotischen Ausstrahlung sehr begehrt. In der SURGYTEAM-Klinik bieten wir Katzenaugen-Operationen an, die Ihnen helfen, diesen fesselnden Look zu erreichen und Ihre allgemeine Gesichts\u00e4sthetik zu verbessern. Was ist eine Katzenaugen-Operation? Die Katzenaugen-Operation, auch als Kanthoplastik bekannt, ist ein kosmetischer Eingriff, bei dem die \u00e4u\u00dferen Augenwinkel neu geformt werden, sodass ein mandelf\u00f6rmigeres Aussehen mit einer Aufw\u00e4rtsbewegung entsteht. Dieser Eingriff unterstreicht die nat\u00fcrliche Sch\u00f6nheit der Augen und verleiht ihnen ein l\u00e4nglicheres und verf\u00fchrerischeres Aussehen. Der Unterschied der SURGYTEAM-Klinik In der SURGYTEAM-Klinik verwenden unsere erfahrenen Chirurgen fortschrittliche Techniken, um nat\u00fcrlich wirkende Ergebnisse zu erzielen. Wir konzentrieren uns darauf, eine subtile Verbesserung zu erzielen, die Ihre Gesichtsz\u00fcge erg\u00e4nzt. Unser patientenzentrierter Ansatz stellt sicher, dass jeder Eingriff auf die individuellen Bed\u00fcrfnisse und \u00e4sthetischen Ziele zugeschnitten ist. Der Eingriff Die Katzenaugen-Operation wird normalerweise unter \u00f6rtlicher Bet\u00e4ubung mit Sedierung oder Vollnarkose durchgef\u00fchrt. Der Chirurg macht kleine Einschnitte an den \u00e4u\u00dferen Augenwinkeln, um die Position der Sehnen und Muskeln anzupassen und so die gew\u00fcnschte Aufw\u00e4rtsneigung zu erzeugen. Der Eingriff dauert normalerweise ein bis zwei Stunden. Vorteile der Katzenaugenoperation Verf\u00fchrerisches Aussehen: Der Eingriff betont die nat\u00fcrliche Sch\u00f6nheit der Augen und sorgt f\u00fcr ein verf\u00fchrerischeres und exotischeres Aussehen. Schnelle Genesung: Die meisten Patienten k\u00f6nnen innerhalb einer Woche mit minimalen Ausfallzeiten und Beschwerden zu ihren normalen Aktivit\u00e4ten zur\u00fcckkehren. Langanhaltende Ergebnisse: Die Ergebnisse der Katzenaugenoperation sind langanhaltend und verbessern Ihr Aussehen nachhaltig. Mehr Selbstbewusstsein: Das Erreichen des Katzenaugen-Looks kann Ihr Selbstbewusstsein und Ihre allgemeine Gesichts\u00e4sthetik verbessern. Ideale Kandidaten Die Katzenaugenoperation ist ideal f\u00fcr Personen, die sich eine l\u00e4nglichere und nach oben geneigte Augenform w\u00fcnschen. Kandidaten sollten sich in einem guten allgemeinen Gesundheitszustand befinden und realistische Erwartungen hinsichtlich der Ergebnisse haben. Genesung und Nachsorge Die Genesung von einer Katzenaugenoperation ist mit Schwellungen und Bluterg\u00fcssen verbunden, die normalerweise innerhalb einer Woche abklingen. Patienten wird geraten, die postoperativen Pflegeanweisungen der SURGYTEAM Clinic zu befolgen, um eine reibungslose Genesung und optimale Ergebnisse sicherzustellen. Kalte Kompressen und verschriebene Medikamente k\u00f6nnen helfen, die Beschwerden w\u00e4hrend des Heilungsprozesses zu lindern. Warum sollten Sie sich f\u00fcr die SURGYTEAM Clinic entscheiden? Erfahrene Chirurgen: Unser Chirurgenteam verf\u00fcgt \u00fcber umfangreiche Erfahrung in der Durchf\u00fchrung von Augenoperationen und ist bestrebt, die bestm\u00f6glichen Ergebnisse f\u00fcr unsere Patienten zu erzielen. Hochmoderne Einrichtung: Die SURGYTEAM Clinic ist mit der neuesten Technologie und einem modernen Operationssaal ausgestattet, um unseren Patienten eine sichere und komfortable Umgebung zu gew\u00e4hrleisten. Personalisierte Pflege: Wir bieten umfassende Beratungen und personalisierte Behandlungspl\u00e4ne, um die individuellen Bed\u00fcrfnisse und Ziele jedes Patienten zu erf\u00fcllen. Nat\u00fcrliche Verbesserungen: Unser Fokus liegt auf der Erzielung nat\u00fcrlich aussehender Ergebnisse, die Ihr Gesamterscheinungsbild verbessern und Ihr Selbstvertrauen st\u00e4rken. Vereinbaren Sie noch heute Ihren Beratungstermin Wenn Sie bereit sind, mit einer Katzenaugenoperation verf\u00fchrerische Augen zu bekommen, wenden Sie sich an die SURGYTEAM Clinic, um Ihren Beratungstermin zu vereinbaren. Unser Expertenteam ist hier, um Sie durch jeden Schritt des Prozesses zu f\u00fchren, vom Verst\u00e4ndnis des Verfahrens bis zur Bereitstellung einer au\u00dfergew\u00f6hnlichen postoperativen Pflege. Entdecken Sie die transformativen Vorteile der Katzenaugen-OP und erfreuen Sie sich an einem bezaubernderen Aussehen. WAS K\u00d6NNEN SIE ERWARTEN? Klicken Sie auf die Links, um mehr \u00fcber den von Ihnen gew\u00e4hlten chirurgischen Eingriff zu erfahren, einschlie\u00dflich Informationen zu Ihrem Krankenhausaufenthalt und Ihrer Genesungszeit. Kontaktieren Sie uns Mommy Makeover 360-Grad-Fettabsaugung Hi-Def-Fettabsaugung Bauchmuskelrisse Abdominal-Etching Obere Blepharoplastik Untere Blepharoplastik Katzenauge Fuchsauge Mandelauge Schl\u00e4fenstraffung Doppelkiefer-OP Kieferorthop\u00e4die Kieferorthop\u00e4die Humberger Men\u00fc umschalten<\/p>","protected":false},"author":1,"featured_media":0,"parent":0,"menu_order":0,"comment_status":"closed","ping_status":"closed","template":"elementor_header_footer","meta":{"content-type":"","_daextam_enable_autolinks":"","site-sidebar-layout":"default","site-content-layout":"","ast-site-content-layout":"default","site-content-style":"default","site-sidebar-style":"default","ast-global-header-display":"","ast-banner-title-visibility":"","ast-main-header-display":"","ast-hfb-above-header-display":"","ast-hfb-below-header-display":"","ast-hfb-mobile-header-display":"","site-post-title":"","ast-breadcrumbs-content":"","ast-featured-img":"","footer-sml-layout":"","ast-disable-related-posts":"","theme-transparent-header-meta":"","adv-header-id-meta":"","stick-header-meta":"","header-above-stick-meta":"","header-main-stick-meta":"","header-below-stick-meta":"","astra-migrate-meta-layouts":"default","ast-page-background-enabled":"default","ast-page-background-meta":{"desktop":{"background-color":"var(--ast-global-color-4)","background-image":"","background-repeat":"repeat","background-position":"center center","background-size":"auto","background-attachment":"scroll","background-type":"","background-media":"","overlay-type":"","overlay-color":"","overlay-opacity":"","overlay-gradient":""},"tablet":{"background-color":"","background-image":"","background-repeat":"repeat","background-position":"center center","background-size":"auto","background-attachment":"scroll","background-type":"","background-media":"","overlay-type":"","overlay-color":"","overlay-opacity":"","overlay-gradient":""},"mobile":{"background-color":"","background-image":"","background-repeat":"repeat","background-position":"center center","background-size":"auto","background-attachment":"scroll","background-type":"","background-media":"","overlay-type":"","overlay-color":"","overlay-opacity":"","overlay-gradient":""}},"ast-content-background-meta":{"desktop":{"background-color":"var(--ast-global-color-5)","background-image":"","background-repeat":"repeat","background-position":"center center","background-size":"auto","background-attachment":"scroll","background-type":"","background-media":"","overlay-type":"","overlay-color":"","overlay-opacity":"","overlay-gradient":""},"tablet":{"background-color":"var(--ast-global-color-5)","background-image":"","background-repeat":"repeat","background-position":"center center","background-size":"auto","background-attachment":"scroll","background-type":"","background-media":"","overlay-type":"","overlay-color":"","overlay-opacity":"","overlay-gradient":""},"mobile":{"background-color":"var(--ast-global-color-5)","background-image":"","background-repeat":"repeat","background-position":"center center","background-size":"auto","background-attachment":"scroll","background-type":"","background-media":"","overlay-type":"","overlay-color":"","overlay-opacity":"","overlay-gradient":""}},"footnotes":""},"class_list":["post-332","page","type-page","status-publish","hentry"],"_links":{"self":[{"href":"https:\/\/surgyteam.com\/de\/wp-json\/wp\/v2\/pages\/332","targetHints":{"allow":["GET"]}}],"collection":[{"href":"https:\/\/surgyteam.com\/de\/wp-json\/wp\/v2\/pages"}],"about":[{"href":"https:\/\/surgyteam.com\/de\/wp-json\/wp\/v2\/types\/page"}],"author":[{"embeddable":true,"href":"https:\/\/surgyteam.com\/de\/wp-json\/wp\/v2\/users\/1"}],"replies":[{"embeddable":true,"href":"https:\/\/surgyteam.com\/de\/wp-json\/wp\/v2\/comments?post=332"}],"version-history":[{"count":0,"href":"https:\/\/surgyteam.com\/de\/wp-json\/wp\/v2\/pages\/332\/revisions"}],"wp:attachment":[{"href":"https:\/\/surgyteam.com\/de\/wp-json\/wp\/v2\/media?parent=332"}],"curies":[{"name":"wp","href":"https:\/\/api.w.org\/{rel}","templated":true}]}}