{"id":352,"date":"2024-07-20T11:55:30","date_gmt":"2024-07-20T11:55:30","guid":{"rendered":"https:\/\/surgyteam.com\/?page_id=352"},"modified":"2024-08-26T10:51:07","modified_gmt":"2024-08-26T10:51:07","slug":"schlafenlift","status":"publish","type":"page","link":"https:\/\/surgyteam.com\/de\/temporal-lift\/","title":{"rendered":"Schl\u00e4fenlift"},"content":{"rendered":"<div data-elementor-type=\"wp-page\" data-elementor-id=\"352\" class=\"elementor elementor-352\">\n\t\t\t\t<div class=\"elementor-element elementor-element-09cf3b8 e-flex e-con-boxed wpr-particle-no wpr-jarallax-no wpr-parallax-no wpr-sticky-section-no wpr-equal-height-no e-con e-parent\" data-id=\"09cf3b8\" data-element_type=\"container\" data-e-type=\"container\" data-settings=\"{&quot;background_background&quot;:&quot;classic&quot;}\">\n\t\t\t\t\t<div class=\"e-con-inner\">\n\t\t\t\t<div class=\"elementor-element elementor-element-9ad3fe9 elementor-widget elementor-widget-wpr-post-title\" data-id=\"9ad3fe9\" data-element_type=\"widget\" data-e-type=\"widget\" data-widget_type=\"wpr-post-title.default\">\n\t\t\t\t<div class=\"elementor-widget-container\">\n\t\t\t\t\t<h1 class=\"wpr-post-title\">Schl\u00e4fenlift<\/h1>\t\t\t\t<\/div>\n\t\t\t\t<\/div>\n\t\t\t\t\t<\/div>\n\t\t\t\t<\/div>\n\t\t<div class=\"elementor-element elementor-element-6ecccb3 e-flex e-con-boxed wpr-particle-no wpr-jarallax-no wpr-parallax-no wpr-sticky-section-no wpr-equal-height-no e-con e-parent\" data-id=\"6ecccb3\" data-element_type=\"container\" data-e-type=\"container\">\n\t\t\t\t\t<div class=\"e-con-inner\">\n\t\t<div class=\"elementor-element elementor-element-bd5f2bf e-con-full e-flex wpr-particle-no wpr-jarallax-no wpr-parallax-no wpr-sticky-section-no wpr-equal-height-no e-con e-child\" data-id=\"bd5f2bf\" data-element_type=\"container\" data-e-type=\"container\">\n\t\t\t\t<div class=\"elementor-element elementor-element-2ed2ff0 elementor-widget elementor-widget-image\" data-id=\"2ed2ff0\" data-element_type=\"widget\" data-e-type=\"widget\" data-widget_type=\"image.default\">\n\t\t\t\t<div class=\"elementor-widget-container\">\n\t\t\t\t\t\t\t\t\t\t\t\t\t\t\t<img fetchpriority=\"high\" decoding=\"async\" width=\"900\" height=\"673\" src=\"https:\/\/surgyteam.com\/wp-content\/uploads\/2024\/07\/Temporal-Lift.png\" class=\"attachment-large size-large wp-image-354\" alt=\"Schl\u00e4fenlift\" srcset=\"https:\/\/surgyteam.com\/wp-content\/uploads\/2024\/07\/Temporal-Lift.png 900w, https:\/\/surgyteam.com\/wp-content\/uploads\/2024\/07\/Temporal-Lift-300x224.png 300w, https:\/\/surgyteam.com\/wp-content\/uploads\/2024\/07\/Temporal-Lift-768x574.png 768w\" sizes=\"(max-width: 900px) 100vw, 900px\" \/>\t\t\t\t\t\t\t\t\t\t\t\t\t\t\t<\/div>\n\t\t\t\t<\/div>\n\t\t\t\t<div class=\"elementor-element elementor-element-c5acd1f elementor-widget elementor-widget-text-editor\" data-id=\"c5acd1f\" data-element_type=\"widget\" data-e-type=\"widget\" data-widget_type=\"text-editor.default\">\n\t\t\t\t<div class=\"elementor-widget-container\">\n\t\t\t\t\t\t\t\t\t<p align=\"left\"><b>Schl\u00e4fenlifting: Verj\u00fcngen Sie Ihr Gesicht in der SURGYTEAM-Klinik<\/b><\/p><p align=\"left\">Ein jugendliches und frisches Aussehen wird oft mit straffen und festen Gesichtskonturen in Verbindung gebracht. In der SURGYTEAM-Klinik bieten wir das Temporal Lift an, ein minimalinvasives Verfahren zur Verj\u00fcngung des oberen Gesichts und zur Verbesserung Ihres Gesamterscheinungsbildes.<\/p><p align=\"left\"><b>Was ist ein Temporal Lift?<\/b><\/p><p align=\"left\">Ein Temporal Lift, auch als seitliches Brauenlifting oder Schl\u00e4fenlifting bekannt, ist ein kosmetischer Eingriff, der auf die \u00e4u\u00dferen Ecken der Augenbrauen und die obere Gesichtsh\u00e4lfte abzielt. Dieser Eingriff hebt und strafft die Haut und das darunterliegende Gewebe, reduziert das Auftreten von Erschlaffung und Falten und sorgt f\u00fcr ein jugendlicheres und frischeres Aussehen.<\/p><p align=\"left\"><b>Der Unterschied der SURGYTEAM-Klinik<\/b><\/p><p align=\"left\">In der SURGYTEAM-Klinik verwenden unsere erfahrenen Chirurgen fortschrittliche Techniken, um nat\u00fcrlich wirkende Ergebnisse zu erzielen. Wir konzentrieren uns darauf, eine subtile Verbesserung zu erzielen, die Ihre Gesichtsz\u00fcge erg\u00e4nzt. Unser patientenzentrierter Ansatz stellt sicher, dass jeder Eingriff auf die individuellen Bed\u00fcrfnisse und \u00e4sthetischen Ziele zugeschnitten ist.<\/p><p align=\"left\"><b>Das Verfahren<\/b><\/p><p align=\"left\">Ein Temporal Lift wird normalerweise unter \u00f6rtlicher Bet\u00e4ubung mit Sedierung oder Vollnarkose durchgef\u00fchrt. Der Chirurg macht kleine Schnitte im Haaransatz an den Schl\u00e4fen, um die Haut und das darunter liegende Gewebe anzuheben und neu zu positionieren. Der Eingriff dauert normalerweise etwa ein bis zwei Stunden.<\/p><p align=\"left\"><b>Vorteile eines Schl\u00e4fenliftings<\/b><\/p><ul><li><p align=\"left\"><b>Verj\u00fcngtes Aussehen<\/b>: Der Eingriff strafft und festigt die obere Gesichtsh\u00e4lfte, wodurch Erschlaffung und F\u00e4ltchenbildung reduziert werden.<\/p><\/li><li><p align=\"left\"><b>Schnelle Wiederherstellung<\/b>: Die meisten Patienten k\u00f6nnen innerhalb einer Woche mit minimalen Ausfallzeiten und Beschwerden zu ihren normalen Aktivit\u00e4ten zur\u00fcckkehren.<\/p><\/li><li><p align=\"left\"><b>Nat\u00fcrlich aussehende Ergebnisse<\/b>: Die Ergebnisse eines Schl\u00e4fenliftings sollen nat\u00fcrlich aussehen und mit Ihren gesamten Gesichtsz\u00fcgen harmonieren.<\/p><\/li><li><p align=\"left\"><b>Mehr Selbstvertrauen<\/b>: Ein jugendlicheres und frischeres Aussehen kann Ihr Selbstvertrauen und die gesamte Gesichts\u00e4sthetik verbessern.<\/p><\/li><\/ul><p align=\"left\"><b>Ideale Kandidaten<\/b><\/p><p align=\"left\">Ein Schl\u00e4fenlifting ist ideal f\u00fcr Personen, die schlaffe Haut oder Falten im oberen Gesichtsbereich haben und sich ein jugendlicheres und strafferes Aussehen w\u00fcnschen. Die Kandidaten sollten sich in einem guten allgemeinen Gesundheitszustand befinden und realistische Erwartungen hinsichtlich der Ergebnisse haben.<\/p><p align=\"left\"><b>Genesung und Nachsorge<\/b><\/p><p align=\"left\">Die Erholung nach einem Temporal Lift geht mit Schwellungen und Bluterg\u00fcssen einher, die normalerweise innerhalb einer Woche abklingen. Patienten wird geraten, die postoperativen Pflegeanweisungen der SURGYTEAM-Klinik zu befolgen, um eine reibungslose Genesung und optimale Ergebnisse zu gew\u00e4hrleisten. Kalte Kompressen und verschriebene Medikamente k\u00f6nnen helfen, die Beschwerden w\u00e4hrend des Heilungsprozesses zu lindern.<\/p><p align=\"left\"><b>Warum sollten Sie sich f\u00fcr die SURGYTEAM-Klinik entscheiden?<\/b><\/p><ul><li><p align=\"left\"><b>Erfahrene Chirurgen<\/b>: Unser Chirurgenteam verf\u00fcgt \u00fcber umfassende Erfahrung bei der Durchf\u00fchrung von Eingriffen zur Gesichtsverj\u00fcngung und ist bestrebt, f\u00fcr unsere Patienten die bestm\u00f6glichen Ergebnisse zu erzielen.<\/p><\/li><li><p align=\"left\"><b>Moderne Einrichtung<\/b>: Die SURGYTEAM-Klinik ist mit der neuesten Technologie und einem modernen Operationssaal ausgestattet und gew\u00e4hrleistet so eine sichere und komfortable Umgebung f\u00fcr unsere Patienten.<\/p><\/li><li><p align=\"left\"><b>Personalisierte Betreuung<\/b>: Wir bieten umfassende Beratung und personalisierte Behandlungspl\u00e4ne, um die individuellen Bed\u00fcrfnisse und Ziele jedes Patienten zu erf\u00fcllen.<\/p><\/li><li><p align=\"left\"><b>Nat\u00fcrliche Verbesserungen<\/b>: Unser Fokus liegt auf der Erzielung nat\u00fcrlich aussehender Ergebnisse, die Ihr Gesamterscheinungsbild verbessern und Ihr Selbstvertrauen st\u00e4rken.<\/p><\/li><\/ul><p align=\"left\"><b>Vereinbaren Sie noch heute einen Beratungstermin<\/b><\/p><p align=\"left\">Wenn Sie bereit sind, Ihr Gesicht mit einem Schl\u00e4fenlifting zu verj\u00fcngen, kontaktieren Sie die SURGYTEAM-Klinik, um Ihren Beratungstermin zu vereinbaren. Unser Expertenteam begleitet Sie durch jeden Schritt des Prozesses, vom Verst\u00e4ndnis des Verfahrens bis hin zur Bereitstellung au\u00dfergew\u00f6hnlicher postoperativer Pflege. Entdecken Sie die transformativen Vorteile eines Schl\u00e4fenliftings und freuen Sie sich \u00fcber ein jugendlicheres und frischeres Aussehen.<\/p>\t\t\t\t\t\t\t\t<\/div>\n\t\t\t\t<\/div>\n\t\t\t\t<\/div>\n\t\t<div class=\"elementor-element elementor-element-b373dbe e-con-full e-flex wpr-particle-no wpr-jarallax-no wpr-parallax-no wpr-sticky-section-no wpr-equal-height-no e-con e-child\" data-id=\"b373dbe\" data-element_type=\"container\" data-e-type=\"container\">\n\t\t\t\t<div class=\"elementor-element elementor-element-36389fc content-align-cta-default elementor-widget elementor-widget-eael-cta-box\" data-id=\"36389fc\" data-element_type=\"widget\" data-e-type=\"widget\" data-widget_type=\"eael-cta-box.default\">\n\t\t\t\t<div class=\"elementor-widget-container\">\n\t\t\t\t\t\t\t<div class=\"eael-call-to-action cta-basic bg-lite cta-preset-1\">\n        <h2 class=\"title eael-cta-heading\">WAS K\u00d6NNEN SIE ERWARTEN<\/h2><p>Klicken Sie auf die Links, um mehr \u00fcber den von Ihnen gew\u00e4hlten chirurgischen Eingriff zu erfahren, einschlie\u00dflich Informationen \u00fcber Ihren Krankenhausaufenthalt und <a href=\"https:\/\/surgyteam.com\/de\/kontaktieren-sie-uns\/\" rel=\"sponsored\">Erholungszeit<\/a>.<\/p><a href=\"\/de\/kontaktieren-sie-uns\/\" class=\"cta-button cta-preset-1\">Kontaktieren Sie uns<\/a>\t<\/div>\n\t\t\t\t\t\t\t\t<\/div>\n\t\t\t\t<\/div>\n\t\t\t\t<div class=\"elementor-element elementor-element-c34f246 eael-hamburger--none eael-simple-menu-hamburger-align-right elementor-widget elementor-widget-eael-simple-menu\" data-id=\"c34f246\" data-element_type=\"widget\" data-e-type=\"widget\" data-widget_type=\"eael-simple-menu.default\">\n\t\t\t\t<div class=\"elementor-widget-container\">\n\t\t\t\t\t            <div data-hamburger-icon=\"&lt;svg aria-hidden=&quot;true&quot; class=&quot;e-font-icon-svg e-fas-bars&quot; viewBox=&quot;0 0 448 512&quot; xmlns=&quot;http:\/\/www.w3.org\/2000\/svg&quot;&gt;&lt;path d=&quot;M16 132h416c8.837 0 16-7.163 16-16V76c0-8.837-7.163-16-16-16H16C7.163 60 0 67.163 0 76v40c0 8.837 7.163 16 16 16zm0 160h416c8.837 0 16-7.163 16-16v-40c0-8.837-7.163-16-16-16H16c-8.837 0-16 7.163-16 16v40c0 8.837 7.163 16 16 16zm0 160h416c8.837 0 16-7.163 16-16v-40c0-8.837-7.163-16-16-16H16c-8.837 0-16 7.163-16 16v40c0 8.837 7.163 16 16 16z&quot;&gt;&lt;\/path&gt;&lt;\/svg&gt;\" data-indicator-icon=\"&lt;svg aria-hidden=&quot;true&quot; class=&quot;e-font-icon-svg e-fas-angle-down&quot; viewBox=&quot;0 0 320 512&quot; xmlns=&quot;http:\/\/www.w3.org\/2000\/svg&quot;&gt;&lt;path d=&quot;M143 352.3L7 216.3c-9.4-9.4-9.4-24.6 0-33.9l22.6-22.6c9.4-9.4 24.6-9.4 33.9 0l96.4 96.4 96.4-96.4c9.4-9.4 24.6-9.4 33.9 0l22.6 22.6c9.4 9.4 9.4 24.6 0 33.9l-136 136c-9.2 9.4-24.4 9.4-33.8 0z&quot;&gt;&lt;\/path&gt;&lt;\/svg&gt;\" data-dropdown-indicator-icon=\"&lt;svg class=&quot;e-font-icon-svg e-fas-angle-down&quot; viewBox=&quot;0 0 320 512&quot; xmlns=&quot;http:\/\/www.w3.org\/2000\/svg&quot;&gt;&lt;path d=&quot;M143 352.3L7 216.3c-9.4-9.4-9.4-24.6 0-33.9l22.6-22.6c9.4-9.4 24.6-9.4 33.9 0l96.4 96.4 96.4-96.4c9.4-9.4 24.6-9.4 33.9 0l22.6 22.6c9.4 9.4 9.4 24.6 0 33.9l-136 136c-9.2 9.4-24.4 9.4-33.8 0z&quot;&gt;&lt;\/path&gt;&lt;\/svg&gt;\" class=\"eael-simple-menu-container eael-simple-menu--loading eael-simple-menu-align-left eael-simple-menu-dropdown-align-left preset-2\" data-hamburger-breakpoints=\"{&quot;mobile&quot;:&quot;Mobil Hochformat (&gt; 767px)&quot;,&quot;tablet&quot;:&quot;Tablet-Hochformat (&gt; 1024px)&quot;,&quot;desktop&quot;:&quot;Desktop (&gt; 2400px)&quot;,&quot;none&quot;:&quot;None&quot;}\" data-hamburger-device=\"none\">\n                <ul id=\"menu-kozmetik-cerrahi\" class=\"eael-simple-menu eael-simple-menu-dropdown-animate-to-top eael-simple-menu-indicator eael-simple-menu-vertical\"><li id=\"menu-item-552\" class=\"menu-item menu-item-type-post_type menu-item-object-page menu-item-552\"><a href=\"https:\/\/surgyteam.com\/de\/mommy-makeover-2\/\" class=\"menu-link\">Mama-Makeover<\/a><\/li>\n<li id=\"menu-item-543\" class=\"menu-item menu-item-type-post_type menu-item-object-page menu-item-543\"><a href=\"https:\/\/surgyteam.com\/de\/360-liposuction-2\/\" class=\"menu-link\">360 Fettabsaugung<\/a><\/li>\n<li id=\"menu-item-550\" class=\"menu-item menu-item-type-post_type menu-item-object-page menu-item-550\"><a href=\"https:\/\/surgyteam.com\/de\/hi-def-liposuction\/\" class=\"menu-link\">Hi-Def-Fettabsaugung<\/a><\/li>\n<li id=\"menu-item-545\" class=\"menu-item menu-item-type-post_type menu-item-object-page menu-item-545\"><a href=\"https:\/\/surgyteam.com\/de\/abs-cracks\/\" class=\"menu-link\">Bauchmuskelrisse<\/a><\/li>\n<li id=\"menu-item-544\" class=\"menu-item menu-item-type-post_type menu-item-object-page menu-item-544\"><a href=\"https:\/\/surgyteam.com\/de\/abdominal-etching\/\" class=\"menu-link\">Bauch\u00e4tzen<\/a><\/li>\n<li id=\"menu-item-555\" class=\"menu-item menu-item-type-post_type menu-item-object-page menu-item-555\"><a href=\"https:\/\/surgyteam.com\/de\/upper-blepharoplasty\/\" class=\"menu-link\">Obere Blepharoplastik<\/a><\/li>\n<li id=\"menu-item-551\" class=\"menu-item menu-item-type-post_type menu-item-object-page menu-item-551\"><a href=\"https:\/\/surgyteam.com\/de\/lower-blepharoplasty\/\" class=\"menu-link\">Untere Blepharoplastik<\/a><\/li>\n<li id=\"menu-item-547\" class=\"menu-item menu-item-type-post_type menu-item-object-page menu-item-547\"><a href=\"https:\/\/surgyteam.com\/de\/1-kozmetik-cerrahi-islemler-icin-cogaltilacak-2\/\" class=\"menu-link\">Katzenauge<\/a><\/li>\n<li id=\"menu-item-549\" class=\"menu-item menu-item-type-post_type menu-item-object-page menu-item-549\"><a href=\"https:\/\/surgyteam.com\/de\/fox-eye\/\" class=\"menu-link\">Fuchsauge<\/a><\/li>\n<li id=\"menu-item-546\" class=\"menu-item menu-item-type-post_type menu-item-object-page menu-item-546\"><a href=\"https:\/\/surgyteam.com\/de\/almond-eye\/\" class=\"menu-link\">Mandelauge<\/a><\/li>\n<li id=\"menu-item-554\" class=\"menu-item menu-item-type-post_type menu-item-object-page menu-item-554\"><a href=\"https:\/\/surgyteam.com\/de\/temporal-lift\/\" class=\"menu-link\">Schl\u00e4fenlift<\/a><\/li>\n<li id=\"menu-item-548\" class=\"menu-item menu-item-type-post_type menu-item-object-page menu-item-548\"><a href=\"https:\/\/surgyteam.com\/de\/double-jaw-surgery\/\" class=\"menu-link\">Doppelkieferchirurgie<\/a><\/li>\n<li id=\"menu-item-553\" class=\"menu-item menu-item-type-post_type menu-item-object-page menu-item-553\"><a href=\"https:\/\/surgyteam.com\/de\/orthognatic-surgery\/\" class=\"menu-link\">Kieferorthop\u00e4dische Chirurgie<\/a><\/li>\n<\/ul>                <button class=\"eael-simple-menu-toggle\">\n                    <span class=\"sr-only\">Hamburger Men\u00fc umschalten<\/span>\n                    <svg aria-hidden=\"true\" class=\"e-font-icon-svg e-fas-bars\" viewbox=\"0 0 448 512\" xmlns=\"http:\/\/www.w3.org\/2000\/svg\"><path d=\"M16 132h416c8.837 0 16-7.163 16-16V76c0-8.837-7.163-16-16-16H16C7.163 60 0 67.163 0 76v40c0 8.837 7.163 16 16 16zm0 160h416c8.837 0 16-7.163 16-16v-40c0-8.837-7.163-16-16-16H16c-8.837 0-16 7.163-16 16v40c0 8.837 7.163 16 16 16zm0 160h416c8.837 0 16-7.163 16-16v-40c0-8.837-7.163-16-16-16H16c-8.837 0-16 7.163-16 16v40c0 8.837 7.163 16 16 16z\"><\/path><\/svg>                <\/button>\n            <\/div>\n            \t\t\t\t<\/div>\n\t\t\t\t<\/div>\n\t\t\t\t<\/div>\n\t\t\t\t\t<\/div>\n\t\t\t\t<\/div>\n\t\t\t\t<\/div>","protected":false},"excerpt":{"rendered":"<p>Temporal Lift Temporal Lift: Rejuvenate Your Face at SURGYTEAM Clinic A youthful and refreshed appearance is often associated with lifted and firm facial contours. At SURGYTEAM Clinic, we offer the Temporal Lift, a minimally invasive procedure designed to rejuvenate the upper face and enhance your overall appearance. What is a Temporal Lift? A Temporal Lift, also known as a lateral brow lift or temple lift, is a cosmetic procedure that targets the outer corners of the eyebrows and the upper face. This procedure lifts and tightens the skin and underlying tissues, reducing the appearance of sagging and wrinkles, and creating a more youthful and refreshed look. The SURGYTEAM Clinic Difference At SURGYTEAM Clinic, our experienced surgeons use advanced techniques to ensure natural-looking results. We focus on achieving a subtle enhancement that complements your facial features. Our patient-centered approach ensures that each procedure is tailored to meet individual needs and aesthetic goals. The Procedure A Temporal Lift is typically performed under local anesthesia with sedation or general anesthesia. The surgeon makes small incisions within the hairline at the temples to lift and reposition the skin and underlying tissues. The procedure usually takes about one to two hours. Benefits of a Temporal Lift Rejuvenated Appearance: The procedure lifts and tightens the upper face, reducing the appearance of sagging and wrinkles. Quick Recovery: Most patients can return to their normal activities within a week, with minimal downtime and discomfort. Natural-Looking Results: The results of a Temporal Lift are designed to look natural and harmonious with your overall facial features. Boosted Confidence: Achieving a more youthful and refreshed appearance can enhance your self-confidence and overall facial aesthetics. Ideal Candidates A Temporal Lift is ideal for individuals who have sagging or wrinkles in the upper face and desire a more youthful and lifted appearance. Candidates should be in good overall health and have realistic expectations about the results. Recovery and Aftercare Recovery from a Temporal Lift involves some swelling and bruising, which typically subsides within a week. Patients are advised to follow post-operative care instructions provided by SURGYTEAM Clinic to ensure a smooth recovery and optimal results. Cold compresses and prescribed medications can help manage discomfort during the healing process. Why Choose SURGYTEAM Clinic? Expert Surgeons: Our team of surgeons has extensive experience in performing facial rejuvenation procedures and is dedicated to achieving the best possible results for our patients. State-of-the-Art Facility: SURGYTEAM Clinic is equipped with the latest technology and a modern surgical suite, ensuring a safe and comfortable environment for our patients. Personalized Care: We provide comprehensive consultations and personalized treatment plans to meet each patient&#8217;s unique needs and goals. Natural Enhancements: Our focus is on creating natural-looking results that enhance your overall appearance and boost your confidence. Schedule Your Consultation Today If you&#8217;re ready to rejuvenate your face with a Temporal Lift, contact SURGYTEAM Clinic to schedule your consultation. Our expert team is here to guide you through every step of the process, from understanding the procedure to providing exceptional post-operative care. Discover the transformative benefits of a Temporal Lift and embrace a more youthful and refreshed look. WHAT CAN YOU EXPECT Click on the links to discover more about your chosen surgical procedure, including information about your hospital stay and recovery time. Contact Us Mommy Makeover 360 Liposuction Hi-Def Liposuction Abs Cracks Abdominal Etching Upper Blepharoplasty Lower Blepharoplasty Cat Eye Fox Eye Almond Eye Temporal Lift Double Jaw Surgery Orthognatic Surgery Humberger Toggle Menu<\/p>","protected":false},"author":1,"featured_media":0,"parent":0,"menu_order":0,"comment_status":"closed","ping_status":"closed","template":"elementor_header_footer","meta":{"content-type":"","_daextam_enable_autolinks":"","site-sidebar-layout":"default","site-content-layout":"","ast-site-content-layout":"default","site-content-style":"default","site-sidebar-style":"default","ast-global-header-display":"","ast-banner-title-visibility":"","ast-main-header-display":"","ast-hfb-above-header-display":"","ast-hfb-below-header-display":"","ast-hfb-mobile-header-display":"","site-post-title":"","ast-breadcrumbs-content":"","ast-featured-img":"","footer-sml-layout":"","ast-disable-related-posts":"","theme-transparent-header-meta":"","adv-header-id-meta":"","stick-header-meta":"","header-above-stick-meta":"","header-main-stick-meta":"","header-below-stick-meta":"","astra-migrate-meta-layouts":"default","ast-page-background-enabled":"default","ast-page-background-meta":{"desktop":{"background-color":"var(--ast-global-color-4)","background-image":"","background-repeat":"repeat","background-position":"center center","background-size":"auto","background-attachment":"scroll","background-type":"","background-media":"","overlay-type":"","overlay-color":"","overlay-opacity":"","overlay-gradient":""},"tablet":{"background-color":"","background-image":"","background-repeat":"repeat","background-position":"center center","background-size":"auto","background-attachment":"scroll","background-type":"","background-media":"","overlay-type":"","overlay-color":"","overlay-opacity":"","overlay-gradient":""},"mobile":{"background-color":"","background-image":"","background-repeat":"repeat","background-position":"center center","background-size":"auto","background-attachment":"scroll","background-type":"","background-media":"","overlay-type":"","overlay-color":"","overlay-opacity":"","overlay-gradient":""}},"ast-content-background-meta":{"desktop":{"background-color":"var(--ast-global-color-5)","background-image":"","background-repeat":"repeat","background-position":"center center","background-size":"auto","background-attachment":"scroll","background-type":"","background-media":"","overlay-type":"","overlay-color":"","overlay-opacity":"","overlay-gradient":""},"tablet":{"background-color":"var(--ast-global-color-5)","background-image":"","background-repeat":"repeat","background-position":"center center","background-size":"auto","background-attachment":"scroll","background-type":"","background-media":"","overlay-type":"","overlay-color":"","overlay-opacity":"","overlay-gradient":""},"mobile":{"background-color":"var(--ast-global-color-5)","background-image":"","background-repeat":"repeat","background-position":"center center","background-size":"auto","background-attachment":"scroll","background-type":"","background-media":"","overlay-type":"","overlay-color":"","overlay-opacity":"","overlay-gradient":""}},"footnotes":""},"class_list":["post-352","page","type-page","status-publish","hentry"],"_links":{"self":[{"href":"https:\/\/surgyteam.com\/de\/wp-json\/wp\/v2\/pages\/352","targetHints":{"allow":["GET"]}}],"collection":[{"href":"https:\/\/surgyteam.com\/de\/wp-json\/wp\/v2\/pages"}],"about":[{"href":"https:\/\/surgyteam.com\/de\/wp-json\/wp\/v2\/types\/page"}],"author":[{"embeddable":true,"href":"https:\/\/surgyteam.com\/de\/wp-json\/wp\/v2\/users\/1"}],"replies":[{"embeddable":true,"href":"https:\/\/surgyteam.com\/de\/wp-json\/wp\/v2\/comments?post=352"}],"version-history":[{"count":0,"href":"https:\/\/surgyteam.com\/de\/wp-json\/wp\/v2\/pages\/352\/revisions"}],"wp:attachment":[{"href":"https:\/\/surgyteam.com\/de\/wp-json\/wp\/v2\/media?parent=352"}],"curies":[{"name":"wp","href":"https:\/\/api.w.org\/{rel}","templated":true}]}}