{"id":360,"date":"2024-07-20T12:21:26","date_gmt":"2024-07-20T12:21:26","guid":{"rendered":"https:\/\/surgyteam.com\/?page_id=360"},"modified":"2024-07-20T17:22:21","modified_gmt":"2024-07-20T17:22:21","slug":"doppelkieferoperation","status":"publish","type":"page","link":"https:\/\/surgyteam.com\/de\/double-jaw-surgery\/","title":{"rendered":"Doppelkieferchirurgie"},"content":{"rendered":"<div data-elementor-type=\"wp-page\" data-elementor-id=\"360\" class=\"elementor elementor-360\">\n\t\t\t\t<div class=\"elementor-element elementor-element-09cf3b8 e-flex e-con-boxed wpr-particle-no wpr-jarallax-no wpr-parallax-no wpr-sticky-section-no wpr-equal-height-no e-con e-parent\" data-id=\"09cf3b8\" data-element_type=\"container\" data-e-type=\"container\" data-settings=\"{&quot;background_background&quot;:&quot;classic&quot;}\">\n\t\t\t\t\t<div class=\"e-con-inner\">\n\t\t\t\t<div class=\"elementor-element elementor-element-6eaee70 elementor-widget elementor-widget-wpr-post-title\" data-id=\"6eaee70\" data-element_type=\"widget\" data-e-type=\"widget\" data-widget_type=\"wpr-post-title.default\">\n\t\t\t\t<div class=\"elementor-widget-container\">\n\t\t\t\t\t<h1 class=\"wpr-post-title\">Doppelkieferchirurgie<\/h1>\t\t\t\t<\/div>\n\t\t\t\t<\/div>\n\t\t\t\t\t<\/div>\n\t\t\t\t<\/div>\n\t\t<div class=\"elementor-element elementor-element-6ecccb3 e-flex e-con-boxed wpr-particle-no wpr-jarallax-no wpr-parallax-no wpr-sticky-section-no wpr-equal-height-no e-con e-parent\" data-id=\"6ecccb3\" data-element_type=\"container\" data-e-type=\"container\">\n\t\t\t\t\t<div class=\"e-con-inner\">\n\t\t<div class=\"elementor-element elementor-element-bd5f2bf e-con-full e-flex wpr-particle-no wpr-jarallax-no wpr-parallax-no wpr-sticky-section-no wpr-equal-height-no e-con e-child\" data-id=\"bd5f2bf\" data-element_type=\"container\" data-e-type=\"container\">\n\t\t\t\t<div class=\"elementor-element elementor-element-b88b836 elementor-widget elementor-widget-image\" data-id=\"b88b836\" data-element_type=\"widget\" data-e-type=\"widget\" data-widget_type=\"image.default\">\n\t\t\t\t<div class=\"elementor-widget-container\">\n\t\t\t\t\t\t\t\t\t\t\t\t\t\t\t<img fetchpriority=\"high\" decoding=\"async\" width=\"1024\" height=\"729\" src=\"https:\/\/surgyteam.com\/wp-content\/uploads\/2024\/07\/Double-Jaw-Surgery-1024x729.png\" class=\"attachment-large size-large wp-image-362\" alt=\"Doppelkieferchirurgie\" srcset=\"https:\/\/surgyteam.com\/wp-content\/uploads\/2024\/07\/Double-Jaw-Surgery-1024x729.png 1024w, https:\/\/surgyteam.com\/wp-content\/uploads\/2024\/07\/Double-Jaw-Surgery-300x214.png 300w, https:\/\/surgyteam.com\/wp-content\/uploads\/2024\/07\/Double-Jaw-Surgery-768x547.png 768w, https:\/\/surgyteam.com\/wp-content\/uploads\/2024\/07\/Double-Jaw-Surgery.png 1280w\" sizes=\"(max-width: 1024px) 100vw, 1024px\" \/>\t\t\t\t\t\t\t\t\t\t\t\t\t\t\t<\/div>\n\t\t\t\t<\/div>\n\t\t\t\t<div class=\"elementor-element elementor-element-c5acd1f elementor-widget elementor-widget-text-editor\" data-id=\"c5acd1f\" data-element_type=\"widget\" data-e-type=\"widget\" data-widget_type=\"text-editor.default\">\n\t\t\t\t<div class=\"elementor-widget-container\">\n\t\t\t\t\t\t\t\t\t<p align=\"left\"><b>Doppelkieferoperation: Verwandeln Sie Ihr L\u00e4cheln in der SURGYTEAM-Klinik<\/b><\/p><p align=\"left\">Die Doppelkieferoperation, auch als bimaxill\u00e4re Osteotomie bekannt, ist ein Korrekturverfahren, das das Aussehen und die Funktionalit\u00e4t Ihres Kiefers und Ihrer Z\u00e4hne ver\u00e4ndern kann. In der SURGYTEAM-Klinik bieten wir diese fortschrittliche chirurgische Option an, um Ihnen zu einem harmonischen Gesichtsprofil und einem verbesserten Biss zu verhelfen.<\/p><p align=\"left\"><b>Was ist eine Doppelkieferoperation?<\/b><\/p><p align=\"left\">Bei der Doppelkieferoperation werden sowohl der Oberkiefer (Maxilla) als auch der Unterkiefer (Mandibula) neu positioniert. Dieser Eingriff wird h\u00e4ufig durchgef\u00fchrt, um funktionelle Probleme wie Bissfehlstellungen (Malokklusion), Atemprobleme und Sprachschwierigkeiten zu korrigieren sowie die Gesichts\u00e4sthetik zu verbessern.<\/p><p align=\"left\"><b>Der Unterschied der SURGYTEAM-Klinik<\/b><\/p><p align=\"left\">In der SURGYTEAM-Klinik verwenden unsere erfahrenen Chirurgen fortschrittliche Techniken, um pr\u00e4zise und effektive Ergebnisse zu erzielen. Wir konzentrieren uns darauf, sowohl funktionelle als auch \u00e4sthetische Verbesserungen zu erzielen und passen jeden Eingriff an die individuellen Bed\u00fcrfnisse und Ziele unserer Patienten an.<\/p><p align=\"left\"><b>Das Verfahren<\/b><\/p><p align=\"left\">Die Operation am Doppelkiefer wird normalerweise unter Vollnarkose durchgef\u00fchrt. Der Chirurg macht Schnitte im Mund, um an die Kieferknochen zu gelangen, wodurch sichtbare Narbenbildung minimiert wird. Die Kiefer werden dann neu positioniert und mit Platten und Schrauben befestigt. Der Eingriff dauert in der Regel etwa drei bis sechs Stunden, je nach Komplexit\u00e4t des Falles.<\/p><p align=\"left\"><b>Vorteile der Doppelkieferoperation<\/b><\/p><ul><li><p align=\"left\"><b>Verbesserter Biss und Funktionalit\u00e4t<\/b>: Die Korrektur einer Kieferfehlstellung kann die Kau-, Sprech- und Atemfunktionen verbessern.<\/p><\/li><li><p align=\"left\"><b>Verbesserte Gesichts\u00e4sthetik<\/b>: Durch den Eingriff k\u00f6nnen die Ausgewogenheit und Harmonie Ihrer Gesichtsz\u00fcge deutlich verbessert werden.<\/p><\/li><li><p align=\"left\"><b>Langanhaltende Ergebnisse<\/b>: Die Ergebnisse der Doppelkieferoperation sind auf Langlebigkeit ausgelegt und sorgen f\u00fcr nachhaltige Verbesserungen sowohl der Funktion als auch des Aussehens.<\/p><\/li><li><p align=\"left\"><b>Mehr Selbstvertrauen<\/b>: Ein ausgeglichenerer und funktionsf\u00e4higerer Kiefer kann Ihr Selbstvertrauen und Ihre allgemeine Lebensqualit\u00e4t steigern.<\/p><\/li><\/ul><p align=\"left\"><b>Ideale Kandidaten<\/b><\/p><p align=\"left\">Die Doppelkieferoperation ist ideal f\u00fcr Personen mit erheblicher Kieferfehlstellung, die ihren Biss, ihre Sprache oder ihre Gesichts\u00e4sthetik beeintr\u00e4chtigt. Die Kandidaten sollten sich in einem guten allgemeinen Gesundheitszustand befinden und realistische Erwartungen hinsichtlich der Ergebnisse haben.<\/p><p align=\"left\"><b>Genesung und Nachsorge<\/b><\/p><p align=\"left\">Die Erholung nach einer Doppelkieferoperation umfasst einen Krankenhausaufenthalt von ein bis zwei Tagen, gefolgt von einigen Wochen Erholung zu Hause. Die Patienten k\u00f6nnen Schwellungen und Beschwerden versp\u00fcren, die normalerweise innerhalb weniger Wochen abklingen. W\u00e4hrend der ersten Heilungsphase wird eine weiche oder fl\u00fcssige Ern\u00e4hrung empfohlen. Nachsorgetermine in der SURGYTEAM-Klinik sind unerl\u00e4sslich, um den Fortschritt zu \u00fcberwachen und optimale Ergebnisse sicherzustellen.<\/p><p align=\"left\"><b>Warum sollten Sie sich f\u00fcr die SURGYTEAM-Klinik entscheiden?<\/b><\/p><ul><li><p align=\"left\"><b>Erfahrene Chirurgen<\/b>: Unser Chirurgenteam verf\u00fcgt \u00fcber umfassende Erfahrung in der Durchf\u00fchrung von Augenlidoperationen und ist bestrebt, die bestm\u00f6glichen Ergebnisse f\u00fcr unsere Patienten zu erzielen.<\/p><\/li><li><p align=\"left\"><b>Moderne Einrichtung<\/b>: Die SURGYTEAM-Klinik ist mit der neuesten Technologie und einem modernen Operationssaal ausgestattet und gew\u00e4hrleistet so eine sichere und komfortable Umgebung f\u00fcr unsere Patienten.<\/p><\/li><li><p align=\"left\"><b>Personalisierte Betreuung<\/b>: Wir bieten umfassende Beratung und personalisierte Behandlungspl\u00e4ne, um die individuellen Bed\u00fcrfnisse und Ziele jedes Patienten zu erf\u00fcllen.<\/p><\/li><li><p align=\"left\"><b>Funktionale und \u00e4sthetische Verbesserungen<\/b>: Unser Fokus liegt auf der Erzielung sowohl funktionaler als auch \u00e4sthetischer Verbesserungen, die Ihre allgemeine Lebensqualit\u00e4t steigern.<\/p><\/li><\/ul><p align=\"left\"><b>Vereinbaren Sie noch heute einen Beratungstermin<\/b><\/p><p align=\"left\">Wenn Sie bereit sind, Ihr L\u00e4cheln mit einer Doppelkieferoperation zu verwandeln, kontaktieren Sie die SURGYTEAM-Klinik, um Ihren Beratungstermin zu vereinbaren. Unser Expertenteam ist hier, um Sie durch jeden Schritt des Prozesses zu f\u00fchren, vom Verst\u00e4ndnis des Verfahrens bis zur Bereitstellung einer au\u00dfergew\u00f6hnlichen postoperativen Betreuung. Entdecken Sie die transformativen Vorteile der Doppelkieferoperation und freuen Sie sich \u00fcber einen harmonischeren und funktionaleren Kiefer.<\/p>\t\t\t\t\t\t\t\t<\/div>\n\t\t\t\t<\/div>\n\t\t\t\t<\/div>\n\t\t<div class=\"elementor-element elementor-element-b373dbe e-con-full e-flex wpr-particle-no wpr-jarallax-no wpr-parallax-no wpr-sticky-section-no wpr-equal-height-no e-con e-child\" data-id=\"b373dbe\" data-element_type=\"container\" data-e-type=\"container\">\n\t\t\t\t<div class=\"elementor-element elementor-element-36389fc content-align-cta-default elementor-widget elementor-widget-eael-cta-box\" data-id=\"36389fc\" data-element_type=\"widget\" data-e-type=\"widget\" data-widget_type=\"eael-cta-box.default\">\n\t\t\t\t<div class=\"elementor-widget-container\">\n\t\t\t\t\t\t\t<div class=\"eael-call-to-action cta-basic bg-lite cta-preset-1\">\n        <h2 class=\"title eael-cta-heading\">WAS K\u00d6NNEN SIE ERWARTEN<\/h2><p>Klicken Sie auf die Links, um mehr \u00fcber den von Ihnen gew\u00e4hlten chirurgischen Eingriff zu erfahren, einschlie\u00dflich Informationen \u00fcber Ihren Krankenhausaufenthalt und <a href=\"https:\/\/surgyteam.com\/de\/kontaktieren-sie-uns\/\" rel=\"sponsored\">Erholungszeit<\/a>.<\/p><a href=\"\/de\/kontaktieren-sie-uns\/\" class=\"cta-button cta-preset-1\">Kontaktieren Sie uns<\/a>\t<\/div>\n\t\t\t\t\t\t\t\t<\/div>\n\t\t\t\t<\/div>\n\t\t\t\t<div class=\"elementor-element elementor-element-d02a452 eael-hamburger--none eael-simple-menu-hamburger-align-right elementor-widget elementor-widget-eael-simple-menu\" data-id=\"d02a452\" data-element_type=\"widget\" data-e-type=\"widget\" data-widget_type=\"eael-simple-menu.default\">\n\t\t\t\t<div class=\"elementor-widget-container\">\n\t\t\t\t\t            <div data-hamburger-icon=\"&lt;svg aria-hidden=&quot;true&quot; class=&quot;e-font-icon-svg e-fas-bars&quot; viewBox=&quot;0 0 448 512&quot; xmlns=&quot;http:\/\/www.w3.org\/2000\/svg&quot;&gt;&lt;path d=&quot;M16 132h416c8.837 0 16-7.163 16-16V76c0-8.837-7.163-16-16-16H16C7.163 60 0 67.163 0 76v40c0 8.837 7.163 16 16 16zm0 160h416c8.837 0 16-7.163 16-16v-40c0-8.837-7.163-16-16-16H16c-8.837 0-16 7.163-16 16v40c0 8.837 7.163 16 16 16zm0 160h416c8.837 0 16-7.163 16-16v-40c0-8.837-7.163-16-16-16H16c-8.837 0-16 7.163-16 16v40c0 8.837 7.163 16 16 16z&quot;&gt;&lt;\/path&gt;&lt;\/svg&gt;\" data-indicator-icon=\"&lt;svg aria-hidden=&quot;true&quot; class=&quot;e-font-icon-svg e-fas-angle-down&quot; viewBox=&quot;0 0 320 512&quot; xmlns=&quot;http:\/\/www.w3.org\/2000\/svg&quot;&gt;&lt;path d=&quot;M143 352.3L7 216.3c-9.4-9.4-9.4-24.6 0-33.9l22.6-22.6c9.4-9.4 24.6-9.4 33.9 0l96.4 96.4 96.4-96.4c9.4-9.4 24.6-9.4 33.9 0l22.6 22.6c9.4 9.4 9.4 24.6 0 33.9l-136 136c-9.2 9.4-24.4 9.4-33.8 0z&quot;&gt;&lt;\/path&gt;&lt;\/svg&gt;\" data-dropdown-indicator-icon=\"&lt;svg class=&quot;e-font-icon-svg e-fas-angle-down&quot; viewBox=&quot;0 0 320 512&quot; xmlns=&quot;http:\/\/www.w3.org\/2000\/svg&quot;&gt;&lt;path d=&quot;M143 352.3L7 216.3c-9.4-9.4-9.4-24.6 0-33.9l22.6-22.6c9.4-9.4 24.6-9.4 33.9 0l96.4 96.4 96.4-96.4c9.4-9.4 24.6-9.4 33.9 0l22.6 22.6c9.4 9.4 9.4 24.6 0 33.9l-136 136c-9.2 9.4-24.4 9.4-33.8 0z&quot;&gt;&lt;\/path&gt;&lt;\/svg&gt;\" class=\"eael-simple-menu-container eael-simple-menu--loading eael-simple-menu-align-left eael-simple-menu-dropdown-align-left preset-2\" data-hamburger-breakpoints=\"{&quot;mobile&quot;:&quot;Mobil Hochformat (&gt; 767px)&quot;,&quot;tablet&quot;:&quot;Tablet-Hochformat (&gt; 1024px)&quot;,&quot;desktop&quot;:&quot;Desktop (&gt; 2400px)&quot;,&quot;none&quot;:&quot;None&quot;}\" data-hamburger-device=\"none\">\n                <ul id=\"menu-kozmetik-cerrahi\" class=\"eael-simple-menu eael-simple-menu-dropdown-animate-to-top eael-simple-menu-indicator eael-simple-menu-vertical\"><li id=\"menu-item-552\" class=\"menu-item menu-item-type-post_type menu-item-object-page menu-item-552\"><a href=\"https:\/\/surgyteam.com\/de\/mommy-makeover-2\/\" class=\"menu-link\">Mama-Makeover<\/a><\/li>\n<li id=\"menu-item-543\" class=\"menu-item menu-item-type-post_type menu-item-object-page menu-item-543\"><a href=\"https:\/\/surgyteam.com\/de\/360-liposuction-2\/\" class=\"menu-link\">360 Fettabsaugung<\/a><\/li>\n<li id=\"menu-item-550\" class=\"menu-item menu-item-type-post_type menu-item-object-page menu-item-550\"><a href=\"https:\/\/surgyteam.com\/de\/hi-def-liposuction\/\" class=\"menu-link\">Hi-Def-Fettabsaugung<\/a><\/li>\n<li id=\"menu-item-545\" class=\"menu-item menu-item-type-post_type menu-item-object-page menu-item-545\"><a href=\"https:\/\/surgyteam.com\/de\/abs-cracks\/\" class=\"menu-link\">Bauchmuskelrisse<\/a><\/li>\n<li id=\"menu-item-544\" class=\"menu-item menu-item-type-post_type menu-item-object-page menu-item-544\"><a href=\"https:\/\/surgyteam.com\/de\/abdominal-etching\/\" class=\"menu-link\">Bauch\u00e4tzen<\/a><\/li>\n<li id=\"menu-item-555\" class=\"menu-item menu-item-type-post_type menu-item-object-page menu-item-555\"><a href=\"https:\/\/surgyteam.com\/de\/upper-blepharoplasty\/\" class=\"menu-link\">Obere Blepharoplastik<\/a><\/li>\n<li id=\"menu-item-551\" class=\"menu-item menu-item-type-post_type menu-item-object-page menu-item-551\"><a href=\"https:\/\/surgyteam.com\/de\/lower-blepharoplasty\/\" class=\"menu-link\">Untere Blepharoplastik<\/a><\/li>\n<li id=\"menu-item-547\" class=\"menu-item menu-item-type-post_type menu-item-object-page menu-item-547\"><a href=\"https:\/\/surgyteam.com\/de\/1-kozmetik-cerrahi-islemler-icin-cogaltilacak-2\/\" class=\"menu-link\">Katzenauge<\/a><\/li>\n<li id=\"menu-item-549\" class=\"menu-item menu-item-type-post_type menu-item-object-page menu-item-549\"><a href=\"https:\/\/surgyteam.com\/de\/fox-eye\/\" class=\"menu-link\">Fuchsauge<\/a><\/li>\n<li id=\"menu-item-546\" class=\"menu-item menu-item-type-post_type menu-item-object-page menu-item-546\"><a href=\"https:\/\/surgyteam.com\/de\/almond-eye\/\" class=\"menu-link\">Mandelauge<\/a><\/li>\n<li id=\"menu-item-554\" class=\"menu-item menu-item-type-post_type menu-item-object-page menu-item-554\"><a href=\"https:\/\/surgyteam.com\/de\/temporal-lift\/\" class=\"menu-link\">Schl\u00e4fenlift<\/a><\/li>\n<li id=\"menu-item-548\" class=\"menu-item menu-item-type-post_type menu-item-object-page menu-item-548\"><a href=\"https:\/\/surgyteam.com\/de\/double-jaw-surgery\/\" class=\"menu-link\">Doppelkieferchirurgie<\/a><\/li>\n<li id=\"menu-item-553\" class=\"menu-item menu-item-type-post_type menu-item-object-page menu-item-553\"><a href=\"https:\/\/surgyteam.com\/de\/orthognatic-surgery\/\" class=\"menu-link\">Kieferorthop\u00e4dische Chirurgie<\/a><\/li>\n<\/ul>                <button class=\"eael-simple-menu-toggle\">\n                    <span class=\"sr-only\">Hamburger Men\u00fc umschalten<\/span>\n                    <svg aria-hidden=\"true\" class=\"e-font-icon-svg e-fas-bars\" viewbox=\"0 0 448 512\" xmlns=\"http:\/\/www.w3.org\/2000\/svg\"><path d=\"M16 132h416c8.837 0 16-7.163 16-16V76c0-8.837-7.163-16-16-16H16C7.163 60 0 67.163 0 76v40c0 8.837 7.163 16 16 16zm0 160h416c8.837 0 16-7.163 16-16v-40c0-8.837-7.163-16-16-16H16c-8.837 0-16 7.163-16 16v40c0 8.837 7.163 16 16 16zm0 160h416c8.837 0 16-7.163 16-16v-40c0-8.837-7.163-16-16-16H16c-8.837 0-16 7.163-16 16v40c0 8.837 7.163 16 16 16z\"><\/path><\/svg>                <\/button>\n            <\/div>\n            \t\t\t\t<\/div>\n\t\t\t\t<\/div>\n\t\t\t\t<\/div>\n\t\t\t\t\t<\/div>\n\t\t\t\t<\/div>\n\t\t\t\t<\/div>","protected":false},"excerpt":{"rendered":"<p>Double Jaw Surgery Double Jaw Surgery: Transform Your Smile at SURGYTEAM Clinic Double Jaw Surgery, also known as bimaxillary osteotomy, is a corrective procedure that can transform the appearance and functionality of your jaw and teeth. At SURGYTEAM Clinic, we offer this advanced surgical option to help you achieve a harmonious facial profile and an improved bite. What is Double Jaw Surgery? Double Jaw Surgery involves the repositioning of both the upper (maxilla) and lower (mandible) jaws. This procedure is often performed to correct functional issues such as bite misalignment (malocclusion), breathing problems, and speech difficulties, as well as to enhance facial aesthetics. The SURGYTEAM Clinic Difference At SURGYTEAM Clinic, our experienced surgeons use advanced techniques to ensure precise and effective results. We focus on achieving both functional and aesthetic improvements, tailoring each procedure to meet the individual needs and goals of our patients. The Procedure Double Jaw Surgery is typically performed under general anesthesia. The surgeon makes incisions inside the mouth to access the jawbones, minimizing visible scarring. The jaws are then repositioned and secured with plates and screws. The procedure usually takes about three to six hours, depending on the complexity of the case. Benefits of Double Jaw Surgery Improved Bite and Functionality: Correcting jaw misalignment can improve chewing, speaking, and breathing functions. Enhanced Facial Aesthetics: The procedure can significantly improve the balance and harmony of your facial features. Long-Lasting Results: The results of Double Jaw Surgery are designed to be long-lasting, providing sustained improvements in both function and appearance. Boosted Confidence: Achieving a more balanced and functional jaw can enhance your self-confidence and overall quality of life. Ideal Candidates Double Jaw Surgery is ideal for individuals with significant jaw misalignment that affects their bite, speech, or facial aesthetics. Candidates should be in good overall health and have realistic expectations about the results. Recovery and Aftercare Recovery from Double Jaw Surgery involves a hospital stay of one to two days, followed by a few weeks of recovery at home. Patients may experience swelling and discomfort, which typically subsides within a few weeks. A soft or liquid diet is recommended during the initial healing period. Follow-up appointments at SURGYTEAM Clinic are essential to monitor progress and ensure optimal results. Why Choose SURGYTEAM Clinic? Expert Surgeons: Our team of surgeons has extensive experience in performing jaw surgeries and is dedicated to achieving the best possible results for our patients. State-of-the-Art Facility: SURGYTEAM Clinic is equipped with the latest technology and a modern surgical suite, ensuring a safe and comfortable environment for our patients. Personalized Care: We provide comprehensive consultations and personalized treatment plans to meet each patient&#8217;s unique needs and goals. Functional and Aesthetic Enhancements: Our focus is on achieving both functional and aesthetic improvements that enhance your overall quality of life. Schedule Your Consultation Today If you&#8217;re ready to transform your smile with Double Jaw Surgery, contact SURGYTEAM Clinic to schedule your consultation. Our expert team is here to guide you through every step of the process, from understanding the procedure to providing exceptional post-operative care. Discover the transformative benefits of Double Jaw Surgery and embrace a more harmonious and functional jaw. WHAT CAN YOU EXPECT Click on the links to discover more about your chosen surgical procedure, including information about your hospital stay and recovery time. Contact Us Mommy Makeover 360 Liposuction Hi-Def Liposuction Abs Cracks Abdominal Etching Upper Blepharoplasty Lower Blepharoplasty Cat Eye Fox Eye Almond Eye Temporal Lift Double Jaw Surgery Orthognatic Surgery Humberger Toggle Menu<\/p>","protected":false},"author":1,"featured_media":0,"parent":0,"menu_order":0,"comment_status":"closed","ping_status":"closed","template":"elementor_header_footer","meta":{"content-type":"","_daextam_enable_autolinks":"","site-sidebar-layout":"default","site-content-layout":"","ast-site-content-layout":"default","site-content-style":"default","site-sidebar-style":"default","ast-global-header-display":"","ast-banner-title-visibility":"","ast-main-header-display":"","ast-hfb-above-header-display":"","ast-hfb-below-header-display":"","ast-hfb-mobile-header-display":"","site-post-title":"","ast-breadcrumbs-content":"","ast-featured-img":"","footer-sml-layout":"","ast-disable-related-posts":"","theme-transparent-header-meta":"","adv-header-id-meta":"","stick-header-meta":"","header-above-stick-meta":"","header-main-stick-meta":"","header-below-stick-meta":"","astra-migrate-meta-layouts":"default","ast-page-background-enabled":"default","ast-page-background-meta":{"desktop":{"background-color":"var(--ast-global-color-4)","background-image":"","background-repeat":"repeat","background-position":"center center","background-size":"auto","background-attachment":"scroll","background-type":"","background-media":"","overlay-type":"","overlay-color":"","overlay-opacity":"","overlay-gradient":""},"tablet":{"background-color":"","background-image":"","background-repeat":"repeat","background-position":"center center","background-size":"auto","background-attachment":"scroll","background-type":"","background-media":"","overlay-type":"","overlay-color":"","overlay-opacity":"","overlay-gradient":""},"mobile":{"background-color":"","background-image":"","background-repeat":"repeat","background-position":"center center","background-size":"auto","background-attachment":"scroll","background-type":"","background-media":"","overlay-type":"","overlay-color":"","overlay-opacity":"","overlay-gradient":""}},"ast-content-background-meta":{"desktop":{"background-color":"var(--ast-global-color-5)","background-image":"","background-repeat":"repeat","background-position":"center center","background-size":"auto","background-attachment":"scroll","background-type":"","background-media":"","overlay-type":"","overlay-color":"","overlay-opacity":"","overlay-gradient":""},"tablet":{"background-color":"var(--ast-global-color-5)","background-image":"","background-repeat":"repeat","background-position":"center center","background-size":"auto","background-attachment":"scroll","background-type":"","background-media":"","overlay-type":"","overlay-color":"","overlay-opacity":"","overlay-gradient":""},"mobile":{"background-color":"var(--ast-global-color-5)","background-image":"","background-repeat":"repeat","background-position":"center center","background-size":"auto","background-attachment":"scroll","background-type":"","background-media":"","overlay-type":"","overlay-color":"","overlay-opacity":"","overlay-gradient":""}},"footnotes":""},"class_list":["post-360","page","type-page","status-publish","hentry"],"_links":{"self":[{"href":"https:\/\/surgyteam.com\/de\/wp-json\/wp\/v2\/pages\/360","targetHints":{"allow":["GET"]}}],"collection":[{"href":"https:\/\/surgyteam.com\/de\/wp-json\/wp\/v2\/pages"}],"about":[{"href":"https:\/\/surgyteam.com\/de\/wp-json\/wp\/v2\/types\/page"}],"author":[{"embeddable":true,"href":"https:\/\/surgyteam.com\/de\/wp-json\/wp\/v2\/users\/1"}],"replies":[{"embeddable":true,"href":"https:\/\/surgyteam.com\/de\/wp-json\/wp\/v2\/comments?post=360"}],"version-history":[{"count":0,"href":"https:\/\/surgyteam.com\/de\/wp-json\/wp\/v2\/pages\/360\/revisions"}],"wp:attachment":[{"href":"https:\/\/surgyteam.com\/de\/wp-json\/wp\/v2\/media?parent=360"}],"curies":[{"name":"wp","href":"https:\/\/api.w.org\/{rel}","templated":true}]}}