{"id":372,"date":"2024-07-20T12:35:58","date_gmt":"2024-07-20T12:35:58","guid":{"rendered":"https:\/\/surgyteam.com\/?page_id=372"},"modified":"2024-07-20T17:01:19","modified_gmt":"2024-07-20T17:01:19","slug":"augenbrauenlifting","status":"publish","type":"page","link":"https:\/\/surgyteam.com\/de\/brow-lift\/","title":{"rendered":"Augenbrauenlifting"},"content":{"rendered":"<div data-elementor-type=\"wp-page\" data-elementor-id=\"372\" class=\"elementor elementor-372\">\n\t\t\t\t<div class=\"elementor-element elementor-element-09cf3b8 e-flex e-con-boxed wpr-particle-no wpr-jarallax-no wpr-parallax-no wpr-sticky-section-no wpr-equal-height-no e-con e-parent\" data-id=\"09cf3b8\" data-element_type=\"container\" data-e-type=\"container\" data-settings=\"{&quot;background_background&quot;:&quot;classic&quot;}\">\n\t\t\t\t\t<div class=\"e-con-inner\">\n\t\t\t\t<div class=\"elementor-element elementor-element-6eaee70 elementor-widget elementor-widget-wpr-post-title\" data-id=\"6eaee70\" data-element_type=\"widget\" data-e-type=\"widget\" data-widget_type=\"wpr-post-title.default\">\n\t\t\t\t<div class=\"elementor-widget-container\">\n\t\t\t\t\t<h1 class=\"wpr-post-title\">Augenbrauenlifting<\/h1>\t\t\t\t<\/div>\n\t\t\t\t<\/div>\n\t\t\t\t\t<\/div>\n\t\t\t\t<\/div>\n\t\t<div class=\"elementor-element elementor-element-6ecccb3 e-flex e-con-boxed wpr-particle-no wpr-jarallax-no wpr-parallax-no wpr-sticky-section-no wpr-equal-height-no e-con e-parent\" data-id=\"6ecccb3\" data-element_type=\"container\" data-e-type=\"container\">\n\t\t\t\t\t<div class=\"e-con-inner\">\n\t\t<div class=\"elementor-element elementor-element-bd5f2bf e-con-full e-flex wpr-particle-no wpr-jarallax-no wpr-parallax-no wpr-sticky-section-no wpr-equal-height-no e-con e-child\" data-id=\"bd5f2bf\" data-element_type=\"container\" data-e-type=\"container\">\n\t\t\t\t<div class=\"elementor-element elementor-element-b88b836 elementor-widget elementor-widget-image\" data-id=\"b88b836\" data-element_type=\"widget\" data-e-type=\"widget\" data-widget_type=\"image.default\">\n\t\t\t\t<div class=\"elementor-widget-container\">\n\t\t\t\t\t\t\t\t\t\t\t\t\t\t\t<img fetchpriority=\"high\" decoding=\"async\" width=\"1024\" height=\"683\" src=\"https:\/\/surgyteam.com\/wp-content\/uploads\/2024\/07\/Brow-lift-1024x683.jpg\" class=\"attachment-large size-large wp-image-374\" alt=\"Augenbrauenlifting\" srcset=\"https:\/\/surgyteam.com\/wp-content\/uploads\/2024\/07\/Brow-lift-1024x683.jpg 1024w, https:\/\/surgyteam.com\/wp-content\/uploads\/2024\/07\/Brow-lift-300x200.jpg 300w, https:\/\/surgyteam.com\/wp-content\/uploads\/2024\/07\/Brow-lift-768x512.jpg 768w, https:\/\/surgyteam.com\/wp-content\/uploads\/2024\/07\/Brow-lift-1536x1024.jpg 1536w, https:\/\/surgyteam.com\/wp-content\/uploads\/2024\/07\/Brow-lift-2048x1366.jpg 2048w, https:\/\/surgyteam.com\/wp-content\/uploads\/2024\/07\/Brow-lift.jpg 1920w\" sizes=\"(max-width: 1024px) 100vw, 1024px\" \/>\t\t\t\t\t\t\t\t\t\t\t\t\t\t\t<\/div>\n\t\t\t\t<\/div>\n\t\t\t\t<div class=\"elementor-element elementor-element-c5acd1f elementor-widget elementor-widget-text-editor\" data-id=\"c5acd1f\" data-element_type=\"widget\" data-e-type=\"widget\" data-widget_type=\"text-editor.default\">\n\t\t\t\t<div class=\"elementor-widget-container\">\n\t\t\t\t\t\t\t\t\t<h2 class=\"western\"><span style=\"font-size: x-large;\"><b>Augenbrauenlifting in der SURGYTEAM-Klinik<\/b><\/span><\/h2><p align=\"left\">In der SURGYTEAM-Klinik wissen wir, wie wichtig es ist, sich in seinem Aussehen wohlzuf\u00fchlen. Eine der wirksamsten Behandlungen zur Verj\u00fcngung des Gesichts und zur Schaffung eines jugendlicheren Aussehens ist das Stirnlifting. Dieses Verfahren ist darauf ausgelegt, die Stirn anzuheben und zu gl\u00e4tten, das Auftreten von Falten und schlaffer Haut zu reduzieren und Ihnen ein frischeres, lebendigeres Aussehen zu verleihen.<\/p><h3 class=\"western\"><a name=\"_fyzktmqt6a7j\"><\/a> <span style=\"color: #000000;\"><span style=\"font-size: medium;\"><b>Was ist ein Brauenlifting?<\/b><\/span><\/span><\/h3><p align=\"left\">Ein Brauenlifting, auch Stirnlifting genannt, ist ein kosmetischer Eingriff, der die Zeichen der Alterung im oberen Gesichtsbereich behandelt. Dabei werden die Haut und das darunterliegende Gewebe der Stirn- und Brauenpartie angehoben, um Falten, Zornesfalten und Erschlaffung zu reduzieren. Das Ergebnis ist eine glattere, jugendlichere Stirn und ein offeneres und wacheres Aussehen der Augen.<\/p><h3 class=\"western\"><a name=\"_r5r9xmsokl12\"><\/a> <span style=\"color: #000000;\"><span style=\"font-size: medium;\"><b>Vorteile eines Brauenliftings<\/b><\/span><\/span><\/h3><p align=\"left\">Zu den wichtigsten Vorteilen eines Stirnliftings geh\u00f6ren:<\/p><ul><li><p align=\"left\"><b>Reduzierung von Falten<\/b>: Durch dieses Verfahren werden horizontale Stirnfalten und vertikale Zornesfalten zwischen den Augenbrauen gegl\u00e4ttet.<\/p><\/li><li><p align=\"left\"><b>Verbessertes Aussehen der Augen<\/b>: Durch das Anheben einer h\u00e4ngenden Augenbraue wirken die Augen offener und wacher.<\/p><\/li><li><p align=\"left\"><b>Verbesserte Gesichtsharmonie<\/b>: Ein Brauenlifting kann zu einem ausgeglicheneren und harmonischeren Gesichtsausdruck f\u00fchren.<\/p><\/li><li><p align=\"left\"><b>Langanhaltende Ergebnisse<\/b>: Die Wirkung eines Brauenliftings kann viele Jahre anhalten und ist daher eine lohnende Investition in Ihr Aussehen.<\/p><\/li><\/ul><h3 class=\"western\"><a name=\"_ce0fxcixpzuu\"><\/a> <span style=\"color: #000000;\"><span style=\"font-size: medium;\"><b>Das Brauenlifting<\/b><\/span><\/span><\/h3><p align=\"left\">In der SURGYTEAM-Klinik verwenden unsere erfahrenen Chirurgen die neuesten Techniken, um die bestm\u00f6glichen Ergebnisse f\u00fcr unsere Patienten zu erzielen. Der Eingriff umfasst normalerweise eine der folgenden Methoden:<\/p><ul><li><p align=\"left\"><b>Endoskopisches Brauenlifting<\/b>: Bei dieser minimalinvasiven Technik werden kleine Schnitte im Haaransatz vorgenommen. Mithilfe einer kleinen Kamera (Endoskop) und spezieller Instrumente werden das Gewebe und die Muskeln der Stirn angehoben.<\/p><\/li><li><p align=\"left\"><b>Stirnlifting<\/b>: Bei dieser traditionellen Methode wird ein gr\u00f6\u00dferer Schnitt auf der Oberseite des Kopfes innerhalb des Haaransatzes vorgenommen. Sie ist ideal f\u00fcr Patienten mit deutlich schlaffer Kopfhaut und tieferen Falten.<\/p><\/li><li><p align=\"left\"><b>Tempor\u00e4res oder begrenztes Brauenlifting<\/b>: Bei dieser Methode werden kleinere Einschnitte an den Schl\u00e4fen vorgenommen und sie wird h\u00e4ufig mit anderen Eingriffen im Gesicht, wie beispielsweise einer Augenlidoperation, kombiniert.<\/p><\/li><\/ul><h3 class=\"western\"><a name=\"_ukr4hyw2y4re\"><\/a> <span style=\"color: #000000;\"><span style=\"font-size: medium;\"><b>Genesung und Nachsorge<\/b><\/span><\/span><\/h3><p align=\"left\">Die Genesung nach einem Stirnlifting variiert je nach Patient und angewandter Technik. Im Allgemeinen m\u00fcssen Patienten in den ersten ein bis zwei Wochen mit Schwellungen und Bluterg\u00fcssen rechnen. Unser Team in der SURGYTEAM-Klinik gibt detaillierte Anweisungen zur Nachsorge, um einen reibungslosen Genesungsprozess zu gew\u00e4hrleisten. Die meisten Patienten k\u00f6nnen innerhalb von 10 bis 14 Tagen wieder arbeiten und ihren normalen Aktivit\u00e4ten nachgehen.<\/p><h3 class=\"western\"><a name=\"_jmh80d888c13\"><\/a> <span style=\"color: #000000;\"><span style=\"font-size: medium;\"><b>W\u00e4hlen Sie die SURGYTEAM-Klinik f\u00fcr Ihr Augenbrauenlifting<\/b><\/span><\/span><\/h3><p align=\"left\">In der SURGYTEAM Clinic legen wir gr\u00f6\u00dften Wert auf Patientenzufriedenheit und -sicherheit. Unsere erfahrenen Chirurgen und unser engagiertes medizinisches Personal arbeiten eng mit jedem Patienten zusammen, um einen individuellen Behandlungsplan zu entwickeln, der seinen individuellen Bed\u00fcrfnissen und Zielen entspricht. Wir setzen auf den Einsatz neuester Technologien und Techniken, um nat\u00fcrlich wirkende Ergebnisse zu erzielen.<\/p><h3 class=\"western\"><a name=\"_m5bln6yn2w2z\"><\/a> <span style=\"color: #000000;\"><span style=\"font-size: medium;\"><b>Beratung und Planung<\/b><\/span><\/span><\/h3><p align=\"left\">Der erste Schritt auf Ihrem Weg zum Brauenlifting ist eine umfassende Beratung durch einen unserer erfahrenen Chirurgen in der SURGYTEAM-Klinik. W\u00e4hrend dieser Beratung besprechen wir Ihre Anliegen, Ihre Krankengeschichte und Ihre \u00e4sthetischen Ziele. Unser Chirurg wird Ihre Gesichtsstruktur und Ihren Hautzustand beurteilen, um die am besten geeignete Technik f\u00fcr Ihr Brauenlifting zu bestimmen.<\/p><h3 class=\"western\"><a name=\"_ri9m1nk0en8a\"><\/a> <span style=\"color: #000000;\"><span style=\"font-size: medium;\"><b>Warum ein Brauenlifting w\u00e4hlen?<\/b><\/span><\/span><\/h3><p align=\"left\">Mit zunehmendem Alter beginnen die Haut und das Gewebe der Stirn und der Brauen aufgrund der Schwerkraft, der Sonneneinstrahlung und des nat\u00fcrlichen Elastizit\u00e4tsverlusts der Haut zu erschlaffen. Dies kann zu einem m\u00fcden, w\u00fctenden oder traurigen Aussehen f\u00fchren, selbst wenn Sie sich ausgeruht und gl\u00fccklich f\u00fchlen. Ein Brauenlifting kann Ihnen helfen, so jung und lebendig auszusehen, wie Sie sich innerlich f\u00fchlen.<\/p><h3 class=\"western\"><a name=\"_9895db636csw\"><\/a> <span style=\"color: #000000;\"><span style=\"font-size: medium;\"><b>Kombination von Verfahren f\u00fcr bessere Ergebnisse<\/b><\/span><\/span><\/h3><p align=\"left\">F\u00fcr noch dramatischere Ergebnisse kombinieren viele Patienten ihr Brauenlifting mit anderen Gesichtsbehandlungen. In der SURGYTEAM-Klinik bieten wir eine Reihe erg\u00e4nzender Behandlungen an, darunter Blepharoplastik (Lidstraffung), Facelifts und Hauterneuerungsbehandlungen. Die Kombination von Verfahren kann zu einer umfassenderen Verj\u00fcngung und einem harmonischeren Gesamterscheinungsbild f\u00fchren.<\/p><h3 class=\"western\"><a name=\"_tugfk5x6i84n\"><\/a> <span style=\"color: #000000;\"><span style=\"font-size: medium;\"><b>Abschluss<\/b><\/span><\/span><\/h3><p align=\"left\">Wenn Sie \u00fcber ein Stirnlifting nachdenken, um Ihr Aussehen zu verbessern und Ihr Selbstbewusstsein zu st\u00e4rken, sind Sie bei der SURGYTEAM Clinic genau richtig. Unser Team aus erfahrenen Chirurgen ist bestrebt, die beste Behandlungsqualit\u00e4t zu bieten und hervorragende Ergebnisse zu erzielen. Kontaktieren Sie uns noch heute, um Ihren Beratungstermin zu vereinbaren und den ersten Schritt zu einem jugendlicheren, frischeren Ich zu machen.<\/p>\t\t\t\t\t\t\t\t<\/div>\n\t\t\t\t<\/div>\n\t\t\t\t<\/div>\n\t\t<div class=\"elementor-element elementor-element-b373dbe e-con-full e-flex wpr-particle-no wpr-jarallax-no wpr-parallax-no wpr-sticky-section-no wpr-equal-height-no e-con e-child\" data-id=\"b373dbe\" data-element_type=\"container\" data-e-type=\"container\">\n\t\t\t\t<div class=\"elementor-element elementor-element-36389fc content-align-cta-default elementor-widget elementor-widget-eael-cta-box\" data-id=\"36389fc\" data-element_type=\"widget\" data-e-type=\"widget\" data-widget_type=\"eael-cta-box.default\">\n\t\t\t\t<div class=\"elementor-widget-container\">\n\t\t\t\t\t\t\t<div class=\"eael-call-to-action cta-basic bg-lite cta-preset-1\">\n        <h2 class=\"title eael-cta-heading\">WAS K\u00d6NNEN SIE ERWARTEN<\/h2><p>Klicken Sie auf die Links, um mehr \u00fcber den von Ihnen gew\u00e4hlten chirurgischen Eingriff zu erfahren, einschlie\u00dflich Informationen \u00fcber Ihren Krankenhausaufenthalt und <a href=\"https:\/\/surgyteam.com\/de\/kontaktieren-sie-uns\/\" rel=\"sponsored\">Erholungszeit<\/a>.<\/p><a href=\"\/de\/kontaktieren-sie-uns\/\" class=\"cta-button cta-preset-1\">Kontaktieren Sie uns<\/a>\t<\/div>\n\t\t\t\t\t\t\t\t<\/div>\n\t\t\t\t<\/div>\n\t\t\t\t<div class=\"elementor-element elementor-element-4ea8dc0 eael-hamburger--none eael-simple-menu-hamburger-align-right elementor-widget elementor-widget-eael-simple-menu\" data-id=\"4ea8dc0\" data-element_type=\"widget\" data-e-type=\"widget\" data-widget_type=\"eael-simple-menu.default\">\n\t\t\t\t<div class=\"elementor-widget-container\">\n\t\t\t\t\t            <div data-hamburger-icon=\"&lt;svg aria-hidden=&quot;true&quot; class=&quot;e-font-icon-svg e-fas-bars&quot; viewBox=&quot;0 0 448 512&quot; xmlns=&quot;http:\/\/www.w3.org\/2000\/svg&quot;&gt;&lt;path d=&quot;M16 132h416c8.837 0 16-7.163 16-16V76c0-8.837-7.163-16-16-16H16C7.163 60 0 67.163 0 76v40c0 8.837 7.163 16 16 16zm0 160h416c8.837 0 16-7.163 16-16v-40c0-8.837-7.163-16-16-16H16c-8.837 0-16 7.163-16 16v40c0 8.837 7.163 16 16 16zm0 160h416c8.837 0 16-7.163 16-16v-40c0-8.837-7.163-16-16-16H16c-8.837 0-16 7.163-16 16v40c0 8.837 7.163 16 16 16z&quot;&gt;&lt;\/path&gt;&lt;\/svg&gt;\" data-indicator-icon=\"&lt;svg aria-hidden=&quot;true&quot; class=&quot;e-font-icon-svg e-fas-angle-down&quot; viewBox=&quot;0 0 320 512&quot; xmlns=&quot;http:\/\/www.w3.org\/2000\/svg&quot;&gt;&lt;path d=&quot;M143 352.3L7 216.3c-9.4-9.4-9.4-24.6 0-33.9l22.6-22.6c9.4-9.4 24.6-9.4 33.9 0l96.4 96.4 96.4-96.4c9.4-9.4 24.6-9.4 33.9 0l22.6 22.6c9.4 9.4 9.4 24.6 0 33.9l-136 136c-9.2 9.4-24.4 9.4-33.8 0z&quot;&gt;&lt;\/path&gt;&lt;\/svg&gt;\" data-dropdown-indicator-icon=\"&lt;svg class=&quot;e-font-icon-svg e-fas-angle-down&quot; viewBox=&quot;0 0 320 512&quot; xmlns=&quot;http:\/\/www.w3.org\/2000\/svg&quot;&gt;&lt;path d=&quot;M143 352.3L7 216.3c-9.4-9.4-9.4-24.6 0-33.9l22.6-22.6c9.4-9.4 24.6-9.4 33.9 0l96.4 96.4 96.4-96.4c9.4-9.4 24.6-9.4 33.9 0l22.6 22.6c9.4 9.4 9.4 24.6 0 33.9l-136 136c-9.2 9.4-24.4 9.4-33.8 0z&quot;&gt;&lt;\/path&gt;&lt;\/svg&gt;\" class=\"eael-simple-menu-container eael-simple-menu--loading eael-simple-menu-align-left eael-simple-menu-dropdown-align-left preset-2\" data-hamburger-breakpoints=\"{&quot;mobile&quot;:&quot;Mobil Hochformat (&gt; 767px)&quot;,&quot;tablet&quot;:&quot;Tablet-Hochformat (&gt; 1024px)&quot;,&quot;desktop&quot;:&quot;Desktop (&gt; 2400px)&quot;,&quot;none&quot;:&quot;None&quot;}\" data-hamburger-device=\"none\">\n                <ul id=\"menu-estetik-cerrahi-islemler\" class=\"eael-simple-menu eael-simple-menu-dropdown-animate-to-top eael-simple-menu-indicator eael-simple-menu-vertical\"><li id=\"menu-item-539\" class=\"menu-item menu-item-type-post_type menu-item-object-page menu-item-539\"><a href=\"https:\/\/surgyteam.com\/de\/brow-lift\/\" class=\"menu-link\">Augenbrauenlifting<\/a><\/li>\n<li id=\"menu-item-538\" class=\"menu-item menu-item-type-post_type menu-item-object-page menu-item-538\"><a href=\"https:\/\/surgyteam.com\/de\/blepharoplasty\/\" class=\"menu-link\">Blepharoplastik<\/a><\/li>\n<li id=\"menu-item-537\" class=\"menu-item menu-item-type-post_type menu-item-object-page menu-item-537\"><a href=\"https:\/\/surgyteam.com\/de\/rhinoplasty\/\" class=\"menu-link\">Nasenkorrektur<\/a><\/li>\n<li id=\"menu-item-541\" class=\"menu-item menu-item-type-post_type menu-item-object-page menu-item-541\"><a href=\"https:\/\/surgyteam.com\/de\/prominent-ear\/\" class=\"menu-link\">Abstehende Ohren<\/a><\/li>\n<li id=\"menu-item-535\" class=\"menu-item menu-item-type-post_type menu-item-object-page menu-item-535\"><a href=\"https:\/\/surgyteam.com\/de\/bichectomy\/\" class=\"menu-link\">Bichektomie<\/a><\/li>\n<li id=\"menu-item-534\" class=\"menu-item menu-item-type-post_type menu-item-object-page menu-item-534\"><a href=\"https:\/\/surgyteam.com\/de\/lip-lift\/\" class=\"menu-link\">Lippenlifting<\/a><\/li>\n<li id=\"menu-item-533\" class=\"menu-item menu-item-type-post_type menu-item-object-page menu-item-533\"><a href=\"https:\/\/surgyteam.com\/de\/face-lift\/\" class=\"menu-link\">Facelift<\/a><\/li>\n<li id=\"menu-item-532\" class=\"menu-item menu-item-type-post_type menu-item-object-page menu-item-532\"><a href=\"https:\/\/surgyteam.com\/de\/neck-lift\/\" class=\"menu-link\">Halsstraffung<\/a><\/li>\n<li id=\"menu-item-531\" class=\"menu-item menu-item-type-post_type menu-item-object-page menu-item-531\"><a href=\"https:\/\/surgyteam.com\/de\/arm-lift\/\" class=\"menu-link\">Armstraffung<\/a><\/li>\n<li id=\"menu-item-530\" class=\"menu-item menu-item-type-post_type menu-item-object-page menu-item-530\"><a href=\"https:\/\/surgyteam.com\/de\/reduction-mammoplasty\/\" class=\"menu-link\">Brustverkleinerung<\/a><\/li>\n<li id=\"menu-item-529\" class=\"menu-item menu-item-type-post_type menu-item-object-page menu-item-529\"><a href=\"https:\/\/surgyteam.com\/de\/augmentation-mammoplasty\/\" class=\"menu-link\">Brustvergr\u00f6\u00dferung<\/a><\/li>\n<li id=\"menu-item-528\" class=\"menu-item menu-item-type-post_type menu-item-object-page menu-item-528\"><a href=\"https:\/\/surgyteam.com\/de\/augmentation-mastopexy\/\" class=\"menu-link\">Augmentationsmastopexie<\/a><\/li>\n<li id=\"menu-item-556\" class=\"menu-item menu-item-type-post_type menu-item-object-page menu-item-556\"><a href=\"https:\/\/surgyteam.com\/de\/tummy-tuck\/\" class=\"menu-link\">Bauchdeckenstraffung<\/a><\/li>\n<li id=\"menu-item-527\" class=\"menu-item menu-item-type-post_type menu-item-object-page menu-item-527\"><a href=\"https:\/\/surgyteam.com\/de\/back-lift\/\" class=\"menu-link\">R\u00fcckenheben<\/a><\/li>\n<li id=\"menu-item-526\" class=\"menu-item menu-item-type-post_type menu-item-object-page menu-item-526\"><a href=\"https:\/\/surgyteam.com\/de\/brasilian-butt-lift\/\" class=\"menu-link\">Brasilianisches Po-Lifting<\/a><\/li>\n<li id=\"menu-item-540\" class=\"menu-item menu-item-type-post_type menu-item-object-page menu-item-540\"><a href=\"https:\/\/surgyteam.com\/de\/360-liposuction\/\" class=\"menu-link\">Oberschenkelstraffung<\/a><\/li>\n<\/ul>                <button class=\"eael-simple-menu-toggle\">\n                    <span class=\"sr-only\">Hamburger Men\u00fc umschalten<\/span>\n                    <svg aria-hidden=\"true\" class=\"e-font-icon-svg e-fas-bars\" viewbox=\"0 0 448 512\" xmlns=\"http:\/\/www.w3.org\/2000\/svg\"><path d=\"M16 132h416c8.837 0 16-7.163 16-16V76c0-8.837-7.163-16-16-16H16C7.163 60 0 67.163 0 76v40c0 8.837 7.163 16 16 16zm0 160h416c8.837 0 16-7.163 16-16v-40c0-8.837-7.163-16-16-16H16c-8.837 0-16 7.163-16 16v40c0 8.837 7.163 16 16 16zm0 160h416c8.837 0 16-7.163 16-16v-40c0-8.837-7.163-16-16-16H16c-8.837 0-16 7.163-16 16v40c0 8.837 7.163 16 16 16z\"><\/path><\/svg>                <\/button>\n            <\/div>\n            \t\t\t\t<\/div>\n\t\t\t\t<\/div>\n\t\t\t\t<\/div>\n\t\t\t\t\t<\/div>\n\t\t\t\t<\/div>\n\t\t\t\t<\/div>","protected":false},"excerpt":{"rendered":"<p>Brow lift Brow Lift at SURGYTEAM Clinic At SURGYTEAM Clinic, we understand the importance of feeling confident in your appearance. One of the most effective procedures for rejuvenating the face and creating a more youthful look is the brow lift. This procedure is designed to lift and smooth the forehead, reducing the appearance of wrinkles and sagging skin, and giving you a refreshed, more vibrant appearance. What is a Brow Lift? A brow lift, also known as a forehead lift, is a cosmetic procedure that addresses the signs of aging in the upper face. It involves lifting the skin and underlying tissues of the forehead and brow area to reduce wrinkles, frown lines, and sagging. The result is a smoother, more youthful forehead and a more open and alert appearance of the eyes. Benefits of a Brow Lift The primary benefits of a brow lift include: Reduction of Wrinkles: This procedure smooths out horizontal forehead lines and vertical frown lines between the eyebrows. Improved Eye Appearance: By lifting a drooping brow, the eyes appear more open and alert. Enhanced Facial Harmony: A brow lift can create a more balanced and harmonious facial appearance. Long-lasting Results: The effects of a brow lift can last for many years, making it a worthwhile investment in your appearance. The Brow Lift Procedure At SURGYTEAM Clinic, our skilled surgeons use the latest techniques to ensure the best possible outcomes for our patients. The procedure typically involves one of the following methods: Endoscopic Brow Lift: This minimally invasive technique uses small incisions hidden within the hairline. A small camera (endoscope) and specialized instruments are used to lift the tissues and muscles of the forehead. Coronal Brow Lift: This traditional method involves a larger incision across the top of the head, within the hairline. It is ideal for patients with significant sagging and deeper wrinkles. Temporal or Limited Incision Brow Lift: This method uses smaller incisions at the temples and is often combined with other facial procedures, such as eyelid surgery. Recovery and Aftercare Recovery from a brow lift varies depending on the individual and the technique used. Generally, patients can expect some swelling and bruising for the first week or two. Our team at SURGYTEAM Clinic provides detailed aftercare instructions to ensure a smooth recovery process. Most patients can return to work and normal activities within 10-14 days. Choosing SURGYTEAM Clinic for Your Brow Lift At SURGYTEAM Clinic, we prioritize patient satisfaction and safety. Our experienced surgeons and dedicated medical staff work closely with each patient to develop a personalized treatment plan that meets their unique needs and goals. We are committed to using the latest technology and techniques to achieve natural-looking results. Consultation and Planning The first step in your brow lift journey is a comprehensive consultation with one of our expert surgeons at SURGYTEAM Clinic. During this consultation, we will discuss your concerns, medical history, and aesthetic goals. Our surgeon will evaluate your facial structure and skin condition to determine the most suitable technique for your brow lift. Why Choose a Brow Lift? As we age, the skin and tissues of the forehead and brow naturally begin to sag due to the effects of gravity, sun exposure, and the natural loss of skin elasticity. This can lead to a tired, angry, or sad appearance, even when you feel rested and happy. A brow lift can help you look as young and vibrant as you feel inside. Combining Procedures for Enhanced Results For even more dramatic results, many patients choose to combine their brow lift with other facial procedures. At SURGYTEAM Clinic, we offer a range of complementary treatments, including blepharoplasty (eyelid surgery), facelifts, and skin resurfacing treatments. Combining procedures can provide a more comprehensive rejuvenation and a more harmonious overall appearance. Conclusion If you\u2019re considering a brow lift to enhance your appearance and boost your confidence, look no further than SURGYTEAM Clinic. Our team of experienced surgeons is dedicated to providing the highest quality care and achieving outstanding results. Contact us today to schedule your consultation and take the first step toward a more youthful, refreshed you. WHAT CAN YOU EXPECT Click on the links to discover more about your chosen surgical procedure, including information about your hospital stay and recovery time. Contact Us Brow lift Blepharoplasty Rhinoplasty Prominent ear Bichectomy Lip lift Face lift Neck Lift Arm Lift Reduction Mammoplasty Augmentation Mammoplasty Augmentation Mastopexy Tummy Tuck Back Lift Brasilian Butt Lift Thigh Lift Humberger Toggle Menu<\/p>","protected":false},"author":1,"featured_media":0,"parent":0,"menu_order":0,"comment_status":"closed","ping_status":"closed","template":"elementor_header_footer","meta":{"content-type":"","_daextam_enable_autolinks":"","site-sidebar-layout":"default","site-content-layout":"","ast-site-content-layout":"default","site-content-style":"default","site-sidebar-style":"default","ast-global-header-display":"","ast-banner-title-visibility":"","ast-main-header-display":"","ast-hfb-above-header-display":"","ast-hfb-below-header-display":"","ast-hfb-mobile-header-display":"","site-post-title":"","ast-breadcrumbs-content":"","ast-featured-img":"","footer-sml-layout":"","ast-disable-related-posts":"","theme-transparent-header-meta":"","adv-header-id-meta":"","stick-header-meta":"","header-above-stick-meta":"","header-main-stick-meta":"","header-below-stick-meta":"","astra-migrate-meta-layouts":"default","ast-page-background-enabled":"default","ast-page-background-meta":{"desktop":{"background-color":"var(--ast-global-color-4)","background-image":"","background-repeat":"repeat","background-position":"center center","background-size":"auto","background-attachment":"scroll","background-type":"","background-media":"","overlay-type":"","overlay-color":"","overlay-opacity":"","overlay-gradient":""},"tablet":{"background-color":"","background-image":"","background-repeat":"repeat","background-position":"center center","background-size":"auto","background-attachment":"scroll","background-type":"","background-media":"","overlay-type":"","overlay-color":"","overlay-opacity":"","overlay-gradient":""},"mobile":{"background-color":"","background-image":"","background-repeat":"repeat","background-position":"center center","background-size":"auto","background-attachment":"scroll","background-type":"","background-media":"","overlay-type":"","overlay-color":"","overlay-opacity":"","overlay-gradient":""}},"ast-content-background-meta":{"desktop":{"background-color":"var(--ast-global-color-5)","background-image":"","background-repeat":"repeat","background-position":"center center","background-size":"auto","background-attachment":"scroll","background-type":"","background-media":"","overlay-type":"","overlay-color":"","overlay-opacity":"","overlay-gradient":""},"tablet":{"background-color":"var(--ast-global-color-5)","background-image":"","background-repeat":"repeat","background-position":"center center","background-size":"auto","background-attachment":"scroll","background-type":"","background-media":"","overlay-type":"","overlay-color":"","overlay-opacity":"","overlay-gradient":""},"mobile":{"background-color":"var(--ast-global-color-5)","background-image":"","background-repeat":"repeat","background-position":"center center","background-size":"auto","background-attachment":"scroll","background-type":"","background-media":"","overlay-type":"","overlay-color":"","overlay-opacity":"","overlay-gradient":""}},"footnotes":""},"class_list":["post-372","page","type-page","status-publish","hentry"],"_links":{"self":[{"href":"https:\/\/surgyteam.com\/de\/wp-json\/wp\/v2\/pages\/372","targetHints":{"allow":["GET"]}}],"collection":[{"href":"https:\/\/surgyteam.com\/de\/wp-json\/wp\/v2\/pages"}],"about":[{"href":"https:\/\/surgyteam.com\/de\/wp-json\/wp\/v2\/types\/page"}],"author":[{"embeddable":true,"href":"https:\/\/surgyteam.com\/de\/wp-json\/wp\/v2\/users\/1"}],"replies":[{"embeddable":true,"href":"https:\/\/surgyteam.com\/de\/wp-json\/wp\/v2\/comments?post=372"}],"version-history":[{"count":0,"href":"https:\/\/surgyteam.com\/de\/wp-json\/wp\/v2\/pages\/372\/revisions"}],"wp:attachment":[{"href":"https:\/\/surgyteam.com\/de\/wp-json\/wp\/v2\/media?parent=372"}],"curies":[{"name":"wp","href":"https:\/\/api.w.org\/{rel}","templated":true}]}}