{"id":441,"date":"2024-07-20T13:20:44","date_gmt":"2024-07-20T13:20:44","guid":{"rendered":"https:\/\/surgyteam.com\/?page_id=441"},"modified":"2024-08-26T10:53:31","modified_gmt":"2024-08-26T10:53:31","slug":"oberarmstraffung","status":"publish","type":"page","link":"https:\/\/surgyteam.com\/de\/arm-lift\/","title":{"rendered":"Armstraffung"},"content":{"rendered":"<div data-elementor-type=\"wp-page\" data-elementor-id=\"441\" class=\"elementor elementor-441\">\n\t\t\t\t<div class=\"elementor-element elementor-element-09cf3b8 e-flex e-con-boxed wpr-particle-no wpr-jarallax-no wpr-parallax-no wpr-sticky-section-no wpr-equal-height-no e-con e-parent\" data-id=\"09cf3b8\" data-element_type=\"container\" data-e-type=\"container\" data-settings=\"{&quot;background_background&quot;:&quot;classic&quot;}\">\n\t\t\t\t\t<div class=\"e-con-inner\">\n\t\t\t\t<div class=\"elementor-element elementor-element-6eaee70 elementor-widget elementor-widget-wpr-post-title\" data-id=\"6eaee70\" data-element_type=\"widget\" data-e-type=\"widget\" data-widget_type=\"wpr-post-title.default\">\n\t\t\t\t<div class=\"elementor-widget-container\">\n\t\t\t\t\t<h1 class=\"wpr-post-title\">Armstraffung<\/h1>\t\t\t\t<\/div>\n\t\t\t\t<\/div>\n\t\t\t\t\t<\/div>\n\t\t\t\t<\/div>\n\t\t<div class=\"elementor-element elementor-element-6ecccb3 e-flex e-con-boxed wpr-particle-no wpr-jarallax-no wpr-parallax-no wpr-sticky-section-no wpr-equal-height-no e-con e-parent\" data-id=\"6ecccb3\" data-element_type=\"container\" data-e-type=\"container\">\n\t\t\t\t\t<div class=\"e-con-inner\">\n\t\t<div class=\"elementor-element elementor-element-bd5f2bf e-con-full e-flex wpr-particle-no wpr-jarallax-no wpr-parallax-no wpr-sticky-section-no wpr-equal-height-no e-con e-child\" data-id=\"bd5f2bf\" data-element_type=\"container\" data-e-type=\"container\">\n\t\t\t\t<div class=\"elementor-element elementor-element-8c39d07 elementor-widget elementor-widget-image\" data-id=\"8c39d07\" data-element_type=\"widget\" data-e-type=\"widget\" data-widget_type=\"image.default\">\n\t\t\t\t<div class=\"elementor-widget-container\">\n\t\t\t\t\t\t\t\t\t\t\t\t\t\t\t<img fetchpriority=\"high\" decoding=\"async\" width=\"1024\" height=\"353\" src=\"https:\/\/surgyteam.com\/wp-content\/uploads\/2024\/07\/arm-lift-e1724669602906-1024x353.jpg\" class=\"attachment-large size-large wp-image-447\" alt=\"Oberarmstraffung\" srcset=\"https:\/\/surgyteam.com\/wp-content\/uploads\/2024\/07\/arm-lift-e1724669602906-1024x353.jpg 1024w, https:\/\/surgyteam.com\/wp-content\/uploads\/2024\/07\/arm-lift-e1724669602906-300x103.jpg 300w, https:\/\/surgyteam.com\/wp-content\/uploads\/2024\/07\/arm-lift-e1724669602906-768x265.jpg 768w, https:\/\/surgyteam.com\/wp-content\/uploads\/2024\/07\/arm-lift-e1724669602906-1536x530.jpg 1536w, https:\/\/surgyteam.com\/wp-content\/uploads\/2024\/07\/arm-lift-e1724669602906-2048x706.jpg 2048w, https:\/\/surgyteam.com\/wp-content\/uploads\/2024\/07\/arm-lift-e1724669602906.jpg 1920w\" sizes=\"(max-width: 1024px) 100vw, 1024px\" \/>\t\t\t\t\t\t\t\t\t\t\t\t\t\t\t<\/div>\n\t\t\t\t<\/div>\n\t\t\t\t<div class=\"elementor-element elementor-element-c5acd1f elementor-widget elementor-widget-text-editor\" data-id=\"c5acd1f\" data-element_type=\"widget\" data-e-type=\"widget\" data-widget_type=\"text-editor.default\">\n\t\t\t\t<div class=\"elementor-widget-container\">\n\t\t\t\t\t\t\t\t\t<h2 class=\"western\"><span style=\"font-size: x-large;\"><b>Armstraffung in der SURGYTEAM-Klinik<\/b><\/span><\/h2><p align=\"left\">In der SURGYTEAM Clinic sind wir bestrebt, Ihnen durch unsere fortschrittlichen kosmetischen Verfahren zu einem straffen und jugendlichen Aussehen zu verhelfen. Eine unserer hochwirksamen Behandlungen ist die Oberarmstraffung, die schlaffe Haut und \u00fcbersch\u00fcssiges Fett an den Oberarmen beseitigt und f\u00fcr ein konturierteres und attraktiveres Aussehen sorgt.<\/p><h3 class=\"western\"><a name=\"_r15dmpz1bmha\"><\/a> <span style=\"color: #000000;\"><span style=\"font-size: medium;\"><b>Was ist ein Armlifting?<\/b><\/span><\/span><\/h3><p align=\"left\">Eine Oberarmstraffung, auch Brachioplastik genannt, ist ein chirurgischer Eingriff, bei dem die Oberarme durch die Entfernung \u00fcbersch\u00fcssiger Haut und Fett neu geformt und gestrafft werden. Dieser Eingriff ist ideal f\u00fcr Personen, die erheblich an Gewicht verloren haben oder deren Haut aufgrund des Alterns schlaff und h\u00e4ngend ist.<\/p><h3 class=\"western\"><a name=\"_i8d22uk2cjf1\"><\/a> <span style=\"color: #000000;\"><span style=\"font-size: medium;\"><b>Vorteile einer Armstraffung<\/b><\/span><\/span><\/h3><p align=\"left\">Zu den wichtigsten Vorteilen einer Oberarmstraffung geh\u00f6ren:<\/p><ul><li><p align=\"left\"><b>Reduzierung schlaffer Haut<\/b>: Bei einer Oberarmstraffung wird \u00fcbersch\u00fcssige Haut gestrafft und entfernt, sodass schlaffe Haut weniger sichtbar wird und die Konturen glatter werden.<\/p><\/li><li><p align=\"left\"><b>Verbesserte Armkontur<\/b>: Durch die Entfernung \u00fcbersch\u00fcssigen Fetts und die Straffung des darunter liegenden Gewebes verbessert eine Armstraffung die Gesamtform und den Tonus der Oberarme.<\/p><\/li><li><p align=\"left\"><b>Mehr Selbstvertrauen<\/b>: Ein strafferes und konturierteres Aussehen kann das Selbstwertgef\u00fchl und das Selbstvertrauen erheblich steigern, insbesondere beim Tragen \u00e4rmelloser Kleidung.<\/p><\/li><li><p align=\"left\"><b>Langanhaltende Ergebnisse<\/b>: Die Wirkung einer Oberarmstraffung ist langanhaltend und sorgt f\u00fcr eine deutliche und dauerhafte Verbesserung des Aussehens der Oberarme.<\/p><\/li><\/ul><h3 class=\"western\"><a name=\"_96xq867rb6a4\"><\/a> <span style=\"color: #000000;\"><span style=\"font-size: medium;\"><b>Das Oberarmstraffungsverfahren<\/b><\/span><\/span><\/h3><p align=\"left\">In der SURGYTEAM-Klinik verwenden unsere erfahrenen Chirurgen fortschrittliche Techniken, um die bestm\u00f6glichen Ergebnisse zu erzielen. Das Facelift kann unter \u00f6rtlicher Bet\u00e4ubung mit Sedierung oder Vollnarkose durchgef\u00fchrt werden. Der Eingriff umfasst die folgenden Schritte:<\/p><ul><li><p align=\"left\"><b>Einschnitte<\/b>: Die Schnitte werden normalerweise an der Innen- oder R\u00fcckseite der Arme vorgenommen und reichen von der Achsel bis zum Ellenbogen, um sichtbare Narbenbildung zu minimieren.<\/p><\/li><li><p align=\"left\"><b>Fettabsaugung<\/b>: In einigen F\u00e4llen kann eine Fettabsaugung durchgef\u00fchrt werden, um \u00fcbersch\u00fcssiges Fett zu entfernen und die Halskontur weiter zu verbessern.<\/p><\/li><li><p align=\"left\"><b>Anheben und Festziehen<\/b>: Die darunter liegenden Muskeln und Gewebe werden angehoben und gestrafft, um jugendliche Konturen wiederherzustellen. \u00dcbersch\u00fcssige Haut wird entfernt.<\/p><\/li><li><p align=\"left\"><b>N\u00e4hen<\/b>: Die Einschnitte werden mit N\u00e4hten geschlossen und der Patient erh\u00e4lt Anweisungen zur postoperativen Pflege.<\/p><\/li><\/ul><h3 class=\"western\"><a name=\"_1iga0j1639jh\"><\/a> <span style=\"color: #000000;\"><span style=\"font-size: medium;\"><b>Genesung und Nachsorge<\/b><\/span><\/span><\/h3><p align=\"left\">Die Erholung nach einem Facelifting ist unterschiedlich, aber die meisten Patienten haben in den ersten zwei Wochen Schwellungen und Bluterg\u00fcsse. Unser Team in der SURGYTEAM-Klinik gibt detaillierte Anweisungen zur Nachsorge, um eine reibungslose Genesung zu gew\u00e4hrleisten. Es ist wichtig, den Kopf hoch zu halten, anstrengende Aktivit\u00e4ten zu vermeiden und unsere Richtlinien zur Reinigung und Pflege der Einschnittstellen zu befolgen. Die meisten Patienten k\u00f6nnen innerhalb von zwei bis drei Wochen wieder arbeiten und ihren normalen Aktivit\u00e4ten nachgehen, obwohl die vollst\u00e4ndige Genesung und die endg\u00fcltigen Ergebnisse mehrere Monate dauern k\u00f6nnen.<\/p><h3 class=\"western\"><a name=\"_mqoy561qh4au\"><\/a> <span style=\"color: #000000;\"><span style=\"font-size: medium;\"><b>W\u00e4hlen Sie die SURGYTEAM-Klinik f\u00fcr Ihre Armstraffung<\/b><\/span><\/span><\/h3><p align=\"left\">In der SURGYTEAM Clinic legen wir gr\u00f6\u00dften Wert auf Patientenzufriedenheit und -sicherheit. Unsere erfahrenen Chirurgen und unser engagiertes medizinisches Personal arbeiten eng mit jedem Patienten zusammen, um einen individuellen Behandlungsplan zu entwickeln, der seinen individuellen Bed\u00fcrfnissen und Zielen entspricht. Wir setzen auf den Einsatz neuester Technologien und Techniken, um nat\u00fcrlich wirkende Ergebnisse zu erzielen.<\/p><h3 class=\"western\"><a name=\"_oyuy5jn82baz\"><\/a> <span style=\"color: #000000;\"><span style=\"font-size: medium;\"><b>Beratung und Planung<\/b><\/span><\/span><\/h3><p align=\"left\">Der erste Schritt auf Ihrem Weg zur Oberarmstraffung ist eine umfassende Beratung durch einen unserer erfahrenen Chirurgen in der SURGYTEAM-Klinik. W\u00e4hrend dieser Beratung besprechen wir Ihre Anliegen, Ihre Krankengeschichte und Ihre \u00e4sthetischen Ziele. Unser Chirurg wird Ihre Oberarmkontur und Ihren Hautzustand beurteilen, um den am besten geeigneten Ansatz f\u00fcr Ihre Operation zu bestimmen.<\/p><h3 class=\"western\"><a name=\"_ft9uzihx0d86\"><\/a> <span style=\"color: #000000;\"><span style=\"font-size: medium;\"><b>Warum eine Armstraffung w\u00e4hlen?<\/b><\/span><\/span><\/h3><p align=\"left\">Viele Menschen w\u00fcnschen sich eine Oberarmstraffung, um ihre Probleme mit schlaffer Haut und \u00fcbersch\u00fcssigem Fett an den Oberarmen zu l\u00f6sen. Dieser Eingriff ist besonders bei Personen beliebt, die erheblich an Gewicht verloren haben oder aufgrund des Alters schlaffe, schlaffe Haut haben. Eine Oberarmstraffung kann erhebliche \u00e4sthetische Verbesserungen bringen und Ihnen zu einem strafferen und jugendlicheren Aussehen verhelfen.<\/p><h3 class=\"western\"><a name=\"_pi6jwcf94b22\"><\/a> <span style=\"color: #000000;\"><span style=\"font-size: medium;\"><b>Kombination von Verfahren f\u00fcr bessere Ergebnisse<\/b><\/span><\/span><\/h3><p align=\"left\">Um noch dramatischere Ergebnisse zu erzielen, kombinieren viele Patientinnen ihre Brustverkleinerung mit anderen K\u00f6rperformungsverfahren. In der SURGYTEAM-Klinik bieten wir eine Reihe erg\u00e4nzender Behandlungen an, darunter Fettabsaugung, Bauchstraffung und Oberarmstraffung. Die Kombination von Verfahren kann zu einer umfassenderen Verj\u00fcngung und einem harmonischeren Gesamterscheinungsbild f\u00fchren.<\/p><h3 class=\"western\"><a name=\"_nz5159chss3e\"><\/a> <span style=\"color: #000000;\"><span style=\"font-size: medium;\"><b>Abschluss<\/b><\/span><\/span><\/h3><p align=\"left\">Wenn Sie eine Oberarmstraffung in Erw\u00e4gung ziehen, um Ihr Aussehen zu verbessern und Ihr Selbstbewusstsein zu st\u00e4rken, sind Sie bei der SURGYTEAM Clinic genau richtig. Unser Team aus erfahrenen Chirurgen ist bestrebt, Ihnen die bestm\u00f6gliche Behandlung zu bieten und hervorragende Ergebnisse zu erzielen. Kontaktieren Sie uns noch heute, um Ihren Beratungstermin zu vereinbaren und den ersten Schritt zu einem strafferen, konturierteren Ich zu machen.<\/p>\t\t\t\t\t\t\t\t<\/div>\n\t\t\t\t<\/div>\n\t\t\t\t<\/div>\n\t\t<div class=\"elementor-element elementor-element-b373dbe e-con-full e-flex wpr-particle-no wpr-jarallax-no wpr-parallax-no wpr-sticky-section-no wpr-equal-height-no e-con e-child\" data-id=\"b373dbe\" data-element_type=\"container\" data-e-type=\"container\">\n\t\t\t\t<div class=\"elementor-element elementor-element-36389fc content-align-cta-default elementor-widget elementor-widget-eael-cta-box\" data-id=\"36389fc\" data-element_type=\"widget\" data-e-type=\"widget\" data-widget_type=\"eael-cta-box.default\">\n\t\t\t\t<div class=\"elementor-widget-container\">\n\t\t\t\t\t\t\t<div class=\"eael-call-to-action cta-basic bg-lite cta-preset-1\">\n        <h2 class=\"title eael-cta-heading\">WAS K\u00d6NNEN SIE ERWARTEN<\/h2><p>Klicken Sie auf die Links, um mehr \u00fcber den von Ihnen gew\u00e4hlten chirurgischen Eingriff zu erfahren, einschlie\u00dflich Informationen \u00fcber Ihren Krankenhausaufenthalt und <a href=\"https:\/\/surgyteam.com\/de\/kontaktieren-sie-uns\/\" rel=\"sponsored\">Erholungszeit<\/a>.<\/p><a href=\"\/de\/kontaktieren-sie-uns\/\" class=\"cta-button cta-preset-1\">Kontaktieren Sie uns<\/a>\t<\/div>\n\t\t\t\t\t\t\t\t<\/div>\n\t\t\t\t<\/div>\n\t\t\t\t<div class=\"elementor-element elementor-element-c4d019f eael-hamburger--none eael-simple-menu-hamburger-align-right elementor-widget elementor-widget-eael-simple-menu\" data-id=\"c4d019f\" data-element_type=\"widget\" data-e-type=\"widget\" data-widget_type=\"eael-simple-menu.default\">\n\t\t\t\t<div class=\"elementor-widget-container\">\n\t\t\t\t\t            <div data-hamburger-icon=\"&lt;svg aria-hidden=&quot;true&quot; class=&quot;e-font-icon-svg e-fas-bars&quot; viewBox=&quot;0 0 448 512&quot; xmlns=&quot;http:\/\/www.w3.org\/2000\/svg&quot;&gt;&lt;path d=&quot;M16 132h416c8.837 0 16-7.163 16-16V76c0-8.837-7.163-16-16-16H16C7.163 60 0 67.163 0 76v40c0 8.837 7.163 16 16 16zm0 160h416c8.837 0 16-7.163 16-16v-40c0-8.837-7.163-16-16-16H16c-8.837 0-16 7.163-16 16v40c0 8.837 7.163 16 16 16zm0 160h416c8.837 0 16-7.163 16-16v-40c0-8.837-7.163-16-16-16H16c-8.837 0-16 7.163-16 16v40c0 8.837 7.163 16 16 16z&quot;&gt;&lt;\/path&gt;&lt;\/svg&gt;\" data-indicator-icon=\"&lt;svg aria-hidden=&quot;true&quot; class=&quot;e-font-icon-svg e-fas-angle-down&quot; viewBox=&quot;0 0 320 512&quot; xmlns=&quot;http:\/\/www.w3.org\/2000\/svg&quot;&gt;&lt;path d=&quot;M143 352.3L7 216.3c-9.4-9.4-9.4-24.6 0-33.9l22.6-22.6c9.4-9.4 24.6-9.4 33.9 0l96.4 96.4 96.4-96.4c9.4-9.4 24.6-9.4 33.9 0l22.6 22.6c9.4 9.4 9.4 24.6 0 33.9l-136 136c-9.2 9.4-24.4 9.4-33.8 0z&quot;&gt;&lt;\/path&gt;&lt;\/svg&gt;\" data-dropdown-indicator-icon=\"&lt;svg class=&quot;e-font-icon-svg e-fas-angle-down&quot; viewBox=&quot;0 0 320 512&quot; xmlns=&quot;http:\/\/www.w3.org\/2000\/svg&quot;&gt;&lt;path d=&quot;M143 352.3L7 216.3c-9.4-9.4-9.4-24.6 0-33.9l22.6-22.6c9.4-9.4 24.6-9.4 33.9 0l96.4 96.4 96.4-96.4c9.4-9.4 24.6-9.4 33.9 0l22.6 22.6c9.4 9.4 9.4 24.6 0 33.9l-136 136c-9.2 9.4-24.4 9.4-33.8 0z&quot;&gt;&lt;\/path&gt;&lt;\/svg&gt;\" class=\"eael-simple-menu-container eael-simple-menu--loading eael-simple-menu-align-left eael-simple-menu-dropdown-align-left preset-2\" data-hamburger-breakpoints=\"{&quot;mobile&quot;:&quot;Mobil Hochformat (&gt; 767px)&quot;,&quot;tablet&quot;:&quot;Tablet-Hochformat (&gt; 1024px)&quot;,&quot;desktop&quot;:&quot;Desktop (&gt; 2400px)&quot;,&quot;none&quot;:&quot;None&quot;}\" data-hamburger-device=\"none\">\n                <ul id=\"menu-estetik-cerrahi-islemler\" class=\"eael-simple-menu eael-simple-menu-dropdown-animate-to-top eael-simple-menu-indicator eael-simple-menu-vertical\"><li id=\"menu-item-539\" class=\"menu-item menu-item-type-post_type menu-item-object-page menu-item-539\"><a href=\"https:\/\/surgyteam.com\/de\/brow-lift\/\" class=\"menu-link\">Augenbrauenlifting<\/a><\/li>\n<li id=\"menu-item-538\" class=\"menu-item menu-item-type-post_type menu-item-object-page menu-item-538\"><a href=\"https:\/\/surgyteam.com\/de\/blepharoplasty\/\" class=\"menu-link\">Blepharoplastik<\/a><\/li>\n<li id=\"menu-item-537\" class=\"menu-item menu-item-type-post_type menu-item-object-page menu-item-537\"><a href=\"https:\/\/surgyteam.com\/de\/rhinoplasty\/\" class=\"menu-link\">Nasenkorrektur<\/a><\/li>\n<li id=\"menu-item-541\" class=\"menu-item menu-item-type-post_type menu-item-object-page menu-item-541\"><a href=\"https:\/\/surgyteam.com\/de\/prominent-ear\/\" class=\"menu-link\">Abstehende Ohren<\/a><\/li>\n<li id=\"menu-item-535\" class=\"menu-item menu-item-type-post_type menu-item-object-page menu-item-535\"><a href=\"https:\/\/surgyteam.com\/de\/bichectomy\/\" class=\"menu-link\">Bichektomie<\/a><\/li>\n<li id=\"menu-item-534\" class=\"menu-item menu-item-type-post_type menu-item-object-page menu-item-534\"><a href=\"https:\/\/surgyteam.com\/de\/lip-lift\/\" class=\"menu-link\">Lippenlifting<\/a><\/li>\n<li id=\"menu-item-533\" class=\"menu-item menu-item-type-post_type menu-item-object-page menu-item-533\"><a href=\"https:\/\/surgyteam.com\/de\/face-lift\/\" class=\"menu-link\">Facelift<\/a><\/li>\n<li id=\"menu-item-532\" class=\"menu-item menu-item-type-post_type menu-item-object-page menu-item-532\"><a href=\"https:\/\/surgyteam.com\/de\/neck-lift\/\" class=\"menu-link\">Halsstraffung<\/a><\/li>\n<li id=\"menu-item-531\" class=\"menu-item menu-item-type-post_type menu-item-object-page menu-item-531\"><a href=\"https:\/\/surgyteam.com\/de\/arm-lift\/\" class=\"menu-link\">Armstraffung<\/a><\/li>\n<li id=\"menu-item-530\" class=\"menu-item menu-item-type-post_type menu-item-object-page menu-item-530\"><a href=\"https:\/\/surgyteam.com\/de\/reduction-mammoplasty\/\" class=\"menu-link\">Brustverkleinerung<\/a><\/li>\n<li id=\"menu-item-529\" class=\"menu-item menu-item-type-post_type menu-item-object-page menu-item-529\"><a href=\"https:\/\/surgyteam.com\/de\/augmentation-mammoplasty\/\" class=\"menu-link\">Brustvergr\u00f6\u00dferung<\/a><\/li>\n<li id=\"menu-item-528\" class=\"menu-item menu-item-type-post_type menu-item-object-page menu-item-528\"><a href=\"https:\/\/surgyteam.com\/de\/augmentation-mastopexy\/\" class=\"menu-link\">Augmentationsmastopexie<\/a><\/li>\n<li id=\"menu-item-556\" class=\"menu-item menu-item-type-post_type menu-item-object-page menu-item-556\"><a href=\"https:\/\/surgyteam.com\/de\/tummy-tuck\/\" class=\"menu-link\">Bauchdeckenstraffung<\/a><\/li>\n<li id=\"menu-item-527\" class=\"menu-item menu-item-type-post_type menu-item-object-page menu-item-527\"><a href=\"https:\/\/surgyteam.com\/de\/back-lift\/\" class=\"menu-link\">R\u00fcckenheben<\/a><\/li>\n<li id=\"menu-item-526\" class=\"menu-item menu-item-type-post_type menu-item-object-page menu-item-526\"><a href=\"https:\/\/surgyteam.com\/de\/brasilian-butt-lift\/\" class=\"menu-link\">Brasilianisches Po-Lifting<\/a><\/li>\n<li id=\"menu-item-540\" class=\"menu-item menu-item-type-post_type menu-item-object-page menu-item-540\"><a href=\"https:\/\/surgyteam.com\/de\/360-liposuction\/\" class=\"menu-link\">Oberschenkelstraffung<\/a><\/li>\n<\/ul>                <button class=\"eael-simple-menu-toggle\">\n                    <span class=\"sr-only\">Hamburger Men\u00fc umschalten<\/span>\n                    <svg aria-hidden=\"true\" class=\"e-font-icon-svg e-fas-bars\" viewbox=\"0 0 448 512\" xmlns=\"http:\/\/www.w3.org\/2000\/svg\"><path d=\"M16 132h416c8.837 0 16-7.163 16-16V76c0-8.837-7.163-16-16-16H16C7.163 60 0 67.163 0 76v40c0 8.837 7.163 16 16 16zm0 160h416c8.837 0 16-7.163 16-16v-40c0-8.837-7.163-16-16-16H16c-8.837 0-16 7.163-16 16v40c0 8.837 7.163 16 16 16zm0 160h416c8.837 0 16-7.163 16-16v-40c0-8.837-7.163-16-16-16H16c-8.837 0-16 7.163-16 16v40c0 8.837 7.163 16 16 16z\"><\/path><\/svg>                <\/button>\n            <\/div>\n            \t\t\t\t<\/div>\n\t\t\t\t<\/div>\n\t\t\t\t<\/div>\n\t\t\t\t\t<\/div>\n\t\t\t\t<\/div>\n\t\t\t\t<\/div>","protected":false},"excerpt":{"rendered":"<p>Arm Lift Arm Lift at SURGYTEAM Clinic At SURGYTEAM Clinic, we are dedicated to helping you achieve a toned and youthful appearance through our advanced cosmetic procedures. One of our highly effective treatments is the arm lift, designed to address sagging skin and excess fat in the upper arms, providing a more contoured and attractive look. What is an Arm Lift? An arm lift, also known as brachioplasty, is a surgical procedure that reshapes and tightens the upper arms by removing excess skin and fat. This procedure is ideal for individuals who have experienced significant weight loss or have loose, sagging skin due to aging. Benefits of an Arm Lift The primary benefits of an arm lift include: Reduction of Sagging Skin: An arm lift tightens and removes excess skin, reducing the appearance of sagging and creating a smoother contour. Enhanced Arm Contour: By removing excess fat and tightening the underlying tissues, an arm lift enhances the overall shape and tone of the upper arms. Boosted Confidence: A more toned and contoured appearance can greatly enhance self-esteem and confidence, especially when wearing sleeveless clothing. Long-lasting Results: The effects of an arm lift are long-lasting, providing a significant and enduring improvement to the appearance of the upper arms. The Arm Lift Procedure At SURGYTEAM Clinic, our skilled surgeons use advanced techniques to achieve the best possible outcomes. The arm lift can be performed under local anesthesia with sedation or general anesthesia. The procedure involves the following steps: Incisions: Incisions are typically made along the inner or back of the arms, extending from the underarm to the elbow, to minimize visible scarring. Liposuction: In some cases, liposuction may be performed to remove excess fat and further enhance the arm contour. Lifting and Tightening: The underlying tissues and muscles are lifted and tightened to restore youthful contours. Excess skin is removed. Suturing: The incisions are closed with sutures, and the patient is provided with post-operative care instructions. Recovery and Aftercare Recovery from an arm lift varies, but most patients experience swelling and bruising for the first two weeks. Our team at SURGYTEAM Clinic provides detailed aftercare instructions to ensure a smooth recovery. It is important to keep your arms elevated, avoid strenuous activities, and follow our guidelines for cleaning and caring for the incision sites. Most patients can return to work and normal activities within two to three weeks, although full recovery and the final results can take several months. Choosing SURGYTEAM Clinic for Your Arm Lift At SURGYTEAM Clinic, we prioritize patient satisfaction and safety. Our experienced surgeons and dedicated medical staff work closely with each patient to develop a personalized treatment plan that meets their unique needs and goals. We are committed to using the latest technology and techniques to achieve natural-looking results. Consultation and Planning The first step in your arm lift journey is a comprehensive consultation with one of our expert surgeons at SURGYTEAM Clinic. During this consultation, we will discuss your concerns, medical history, and aesthetic goals. Our surgeon will evaluate your arm contour and skin condition to determine the most suitable approach for your surgery. Why Choose an Arm Lift? Many individuals seek an arm lift to address concerns about sagging skin and excess fat in the upper arms. This procedure is particularly popular among those who have experienced significant weight loss or have loose, sagging skin due to aging. An arm lift can provide significant aesthetic enhancements, helping you achieve a more toned and youthful appearance. Combining Procedures for Enhanced Results For even more dramatic results, many patients choose to combine their arm lift with other body contouring procedures. At SURGYTEAM Clinic, we offer a range of complementary treatments, including liposuction, tummy tucks, and thigh lifts. Combining procedures can provide a more comprehensive rejuvenation and a more harmonious overall appearance. Conclusion If you\u2019re considering an arm lift to enhance your appearance and boost your confidence, look no further than SURGYTEAM Clinic. Our team of experienced surgeons is dedicated to providing the highest quality care and achieving outstanding results. Contact us today to schedule your consultation and take the first step toward a more toned, contoured you. WHAT CAN YOU EXPECT Click on the links to discover more about your chosen surgical procedure, including information about your hospital stay and recovery time. Contact Us Brow lift Blepharoplasty Rhinoplasty Prominent ear Bichectomy Lip lift Face lift Neck Lift Arm Lift Reduction Mammoplasty Augmentation Mammoplasty Augmentation Mastopexy Tummy Tuck Back Lift Brasilian Butt Lift Thigh Lift Humberger Toggle Menu<\/p>","protected":false},"author":1,"featured_media":0,"parent":0,"menu_order":0,"comment_status":"closed","ping_status":"closed","template":"elementor_header_footer","meta":{"content-type":"","_daextam_enable_autolinks":"","site-sidebar-layout":"default","site-content-layout":"","ast-site-content-layout":"default","site-content-style":"default","site-sidebar-style":"default","ast-global-header-display":"","ast-banner-title-visibility":"","ast-main-header-display":"","ast-hfb-above-header-display":"","ast-hfb-below-header-display":"","ast-hfb-mobile-header-display":"","site-post-title":"","ast-breadcrumbs-content":"","ast-featured-img":"","footer-sml-layout":"","ast-disable-related-posts":"","theme-transparent-header-meta":"","adv-header-id-meta":"","stick-header-meta":"","header-above-stick-meta":"","header-main-stick-meta":"","header-below-stick-meta":"","astra-migrate-meta-layouts":"default","ast-page-background-enabled":"default","ast-page-background-meta":{"desktop":{"background-color":"var(--ast-global-color-4)","background-image":"","background-repeat":"repeat","background-position":"center center","background-size":"auto","background-attachment":"scroll","background-type":"","background-media":"","overlay-type":"","overlay-color":"","overlay-opacity":"","overlay-gradient":""},"tablet":{"background-color":"","background-image":"","background-repeat":"repeat","background-position":"center center","background-size":"auto","background-attachment":"scroll","background-type":"","background-media":"","overlay-type":"","overlay-color":"","overlay-opacity":"","overlay-gradient":""},"mobile":{"background-color":"","background-image":"","background-repeat":"repeat","background-position":"center center","background-size":"auto","background-attachment":"scroll","background-type":"","background-media":"","overlay-type":"","overlay-color":"","overlay-opacity":"","overlay-gradient":""}},"ast-content-background-meta":{"desktop":{"background-color":"var(--ast-global-color-5)","background-image":"","background-repeat":"repeat","background-position":"center center","background-size":"auto","background-attachment":"scroll","background-type":"","background-media":"","overlay-type":"","overlay-color":"","overlay-opacity":"","overlay-gradient":""},"tablet":{"background-color":"var(--ast-global-color-5)","background-image":"","background-repeat":"repeat","background-position":"center center","background-size":"auto","background-attachment":"scroll","background-type":"","background-media":"","overlay-type":"","overlay-color":"","overlay-opacity":"","overlay-gradient":""},"mobile":{"background-color":"var(--ast-global-color-5)","background-image":"","background-repeat":"repeat","background-position":"center center","background-size":"auto","background-attachment":"scroll","background-type":"","background-media":"","overlay-type":"","overlay-color":"","overlay-opacity":"","overlay-gradient":""}},"footnotes":""},"class_list":["post-441","page","type-page","status-publish","hentry"],"_links":{"self":[{"href":"https:\/\/surgyteam.com\/de\/wp-json\/wp\/v2\/pages\/441","targetHints":{"allow":["GET"]}}],"collection":[{"href":"https:\/\/surgyteam.com\/de\/wp-json\/wp\/v2\/pages"}],"about":[{"href":"https:\/\/surgyteam.com\/de\/wp-json\/wp\/v2\/types\/page"}],"author":[{"embeddable":true,"href":"https:\/\/surgyteam.com\/de\/wp-json\/wp\/v2\/users\/1"}],"replies":[{"embeddable":true,"href":"https:\/\/surgyteam.com\/de\/wp-json\/wp\/v2\/comments?post=441"}],"version-history":[{"count":0,"href":"https:\/\/surgyteam.com\/de\/wp-json\/wp\/v2\/pages\/441\/revisions"}],"wp:attachment":[{"href":"https:\/\/surgyteam.com\/de\/wp-json\/wp\/v2\/media?parent=441"}],"curies":[{"name":"wp","href":"https:\/\/api.w.org\/{rel}","templated":true}]}}