{"id":517,"date":"2024-07-20T16:37:05","date_gmt":"2024-07-20T16:37:05","guid":{"rendered":"https:\/\/surgyteam.com\/?page_id=517"},"modified":"2024-08-26T10:55:41","modified_gmt":"2024-08-26T10:55:41","slug":"360-fettabsaugung-2","status":"publish","type":"page","link":"https:\/\/surgyteam.com\/de\/360-liposuction-2\/","title":{"rendered":"360 Fettabsaugung"},"content":{"rendered":"<div data-elementor-type=\"wp-page\" data-elementor-id=\"517\" class=\"elementor elementor-517\">\n\t\t\t\t<div class=\"elementor-element elementor-element-09cf3b8 e-flex e-con-boxed wpr-particle-no wpr-jarallax-no wpr-parallax-no wpr-sticky-section-no wpr-equal-height-no e-con e-parent\" data-id=\"09cf3b8\" data-element_type=\"container\" data-e-type=\"container\" data-settings=\"{&quot;background_background&quot;:&quot;classic&quot;}\">\n\t\t\t\t\t<div class=\"e-con-inner\">\n\t\t\t\t<div class=\"elementor-element elementor-element-6eaee70 elementor-widget elementor-widget-wpr-post-title\" data-id=\"6eaee70\" data-element_type=\"widget\" data-e-type=\"widget\" data-widget_type=\"wpr-post-title.default\">\n\t\t\t\t<div class=\"elementor-widget-container\">\n\t\t\t\t\t<h1 class=\"wpr-post-title\">360 Fettabsaugung<\/h1>\t\t\t\t<\/div>\n\t\t\t\t<\/div>\n\t\t\t\t\t<\/div>\n\t\t\t\t<\/div>\n\t\t<div class=\"elementor-element elementor-element-6ecccb3 e-flex e-con-boxed wpr-particle-no wpr-jarallax-no wpr-parallax-no wpr-sticky-section-no wpr-equal-height-no e-con e-parent\" data-id=\"6ecccb3\" data-element_type=\"container\" data-e-type=\"container\">\n\t\t\t\t\t<div class=\"e-con-inner\">\n\t\t<div class=\"elementor-element elementor-element-bd5f2bf e-con-full e-flex wpr-particle-no wpr-jarallax-no wpr-parallax-no wpr-sticky-section-no wpr-equal-height-no e-con e-child\" data-id=\"bd5f2bf\" data-element_type=\"container\" data-e-type=\"container\">\n\t\t\t\t<div class=\"elementor-element elementor-element-1eac5e6 elementor-widget elementor-widget-image\" data-id=\"1eac5e6\" data-element_type=\"widget\" data-e-type=\"widget\" data-widget_type=\"image.default\">\n\t\t\t\t<div class=\"elementor-widget-container\">\n\t\t\t\t\t\t\t\t\t\t\t\t\t\t\t<img fetchpriority=\"high\" decoding=\"async\" width=\"980\" height=\"450\" src=\"https:\/\/surgyteam.com\/wp-content\/uploads\/2024\/07\/Liposuction-.webp\" class=\"attachment-large size-large wp-image-291\" alt=\"A surgeon in blue scrubs is marking a patient&#039;s abdomen and waist area with a purple marker before a liposuction procedure. The patient is standing, and the markings indicate the areas to be treated.\" srcset=\"https:\/\/surgyteam.com\/wp-content\/uploads\/2024\/07\/Liposuction-.webp 980w, https:\/\/surgyteam.com\/wp-content\/uploads\/2024\/07\/Liposuction--300x138.webp 300w, https:\/\/surgyteam.com\/wp-content\/uploads\/2024\/07\/Liposuction--768x353.webp 768w\" sizes=\"(max-width: 980px) 100vw, 980px\" \/>\t\t\t\t\t\t\t\t\t\t\t\t\t\t\t<\/div>\n\t\t\t\t<\/div>\n\t\t\t\t<div class=\"elementor-element elementor-element-c5acd1f elementor-widget elementor-widget-text-editor\" data-id=\"c5acd1f\" data-element_type=\"widget\" data-e-type=\"widget\" data-widget_type=\"text-editor.default\">\n\t\t\t\t<div class=\"elementor-widget-container\">\n\t\t\t\t\t\t\t\t\t<p align=\"left\"><b>360-Grad-Fettabsaugung: Umfassende K\u00f6rperformung in der SURGYTEAM-Klinik<\/b><\/p>\n<p align=\"left\">Einen straffen und geformten K\u00f6rper zu erreichen, kann eine Herausforderung sein, insbesondere wenn hartn\u00e4ckige Fettpolster sich trotz Di\u00e4t und Training nicht beseitigen lassen. Die SURGYTEAM Clinic bietet die 360-Grad-Fettabsaugung an, ein revolution\u00e4res Verfahren, das Fett aus allen Winkeln entfernt und so eine umfassende K\u00f6rperkonturierung und hervorragende Ergebnisse erm\u00f6glicht.<\/p>\n<p align=\"left\"><b>Was ist eine 360-Grad-Fettabsaugung?<\/b><\/p>\n<p align=\"left\">Die 360-Grad-Fettabsaugung, auch zirkul\u00e4re Fettabsaugung genannt, ist eine Technik, bei der mehrere Bereiche des K\u00f6rpers in einer einzigen Sitzung behandelt werden. Dieser Ansatz sorgt f\u00fcr eine harmonische und ausgewogene Kontur, indem Fett aus Bauch, Flanken, R\u00fccken und Oberschenkeln entfernt wird. Das Ergebnis ist eine schlankere, definiertere Silhouette.<\/p>\n<p align=\"left\"><b>Warum sollten Sie sich f\u00fcr eine 360-Grad-Fettabsaugung in der SURGYTEAM-Klinik entscheiden?<\/b><\/p>\n<p align=\"left\">In der SURGYTEAM-Klinik verwenden unsere erfahrenen Chirurgen die neuesten Technologien und Techniken zur Fettabsaugung, um optimale Ergebnisse zu erzielen. Wir wissen, dass jeder Patient einzigartig ist, und passen unseren Ansatz an die individuellen Bed\u00fcrfnisse und Ziele an. Unser Engagement f\u00fcr Sicherheit, Pr\u00e4zision und Patientenzufriedenheit zeichnet uns aus.<\/p>\n<p align=\"left\"><b>Das Verfahren<\/b><\/p>\n<p align=\"left\">Bei der 360-Grad-Fettabsaugung werden an strategisch platzierten Stellen kleine Schnitte gemacht, um unerw\u00fcnschtes Fett zu erreichen und zu entfernen. Mit einer Kan\u00fcle saugt der Chirurg die Fettablagerungen vorsichtig ab und formt den K\u00f6rper, um die nat\u00fcrlichen Kurven zu betonen. Dieser Eingriff kann je nach Umfang der Behandlung unter \u00f6rtlicher Bet\u00e4ubung oder Vollnarkose durchgef\u00fchrt werden.<\/p>\n<p align=\"left\"><b>Vorteile der 360\u00b0 Fettabsaugung<\/b><\/p>\n<ul>\n<li>\n<p align=\"left\"><b>Umfassende Konturierung<\/b>: Anders als bei der herk\u00f6mmlichen Fettabsaugung, bei der nur einzelne Bereiche behandelt werden, sorgt die 360-Grad-Fettabsaugung durch die gleichzeitige Behandlung mehrerer Regionen f\u00fcr ein ausgewogeneres und proportionaleres Ergebnis.<\/p>\n<\/li>\n<li>\n<p align=\"left\"><b>Minimale Ausfallzeiten<\/b>: Dank fortschrittlicher Techniken und Technologien erholen sich Patienten im Vergleich zu herk\u00f6mmlichen Methoden in der Regel schneller und haben weniger Beschwerden.<\/p>\n<\/li>\n<li>\n<p align=\"left\"><b>Langanhaltende Ergebnisse<\/b>: Durch die Entfernung von Fettzellen aus mehreren Bereichen bietet die 360-Grad-Fettabsaugung langanhaltende Ergebnisse, vorausgesetzt, die Patienten pflegen nach dem Eingriff einen gesunden Lebensstil.<\/p>\n<\/li>\n<\/ul>\n<p align=\"left\"><b>Genesung und Nachsorge<\/b><\/p>\n<p align=\"left\">Die Erholung nach einer 360-Grad-Fettabsaugung h\u00e4ngt vom Umfang des Eingriffs und dem individuellen Heilungsprozess ab. Die meisten Patienten k\u00f6nnen innerhalb einer Woche zu ihren t\u00e4glichen Aktivit\u00e4ten zur\u00fcckkehren, die vollst\u00e4ndige Genesung kann jedoch mehrere Wochen dauern. In der SURGYTEAM-Klinik bieten wir umfassende Anweisungen zur Nachsorge, um eine reibungslose Genesung und optimale Ergebnisse zu gew\u00e4hrleisten.<\/p>\n<p align=\"left\"><b style=\"color: var( --e-global-color-text ); font-family: var( --e-global-typography-text-font-family ), Sans-serif; font-size: var( --e-global-typography-text-font-size ); text-align: var(--text-align);\">Pers\u00f6nliche Beratung<\/b><br><\/p>\n<p align=\"left\">In der SURGYTEAM Clinic legen wir Wert auf eine individuelle Betreuung, die auf die individuellen Bed\u00fcrfnisse und Ziele jedes Patienten zugeschnitten ist. W\u00e4hrend Ihrer Beratung werden unsere erfahrenen Chirurgen Ihren K\u00f6rper untersuchen, Ihre \u00e4sthetischen W\u00fcnsche besprechen und einen individuellen Behandlungsplan erstellen. Unser Ziel ist es, Ihnen die Informationen und Unterst\u00fctzung zu bieten, die Sie ben\u00f6tigen, um fundierte Entscheidungen \u00fcber Ihre K\u00f6rperformung zu treffen.<\/p>\n<p align=\"left\"><b>Warum sollten Sie sich f\u00fcr die SURGYTEAM-Klinik entscheiden?<\/b><\/p>\n<ul>\n<li>\n<p align=\"left\"><b>Erfahrene Chirurgen<\/b>: Unser Team besteht aus hochqualifizierten und erfahrenen Chirurgen, die auf K\u00f6rperformung spezialisiert sind. Sie sind stets auf dem neuesten Stand der kosmetischen Chirurgie, um sicherzustellen, dass Sie die bestm\u00f6gliche Behandlung erhalten.<\/p>\n<\/li>\n<li>\n<p align=\"left\"><b>Moderne Einrichtung<\/b>: Die SURGYTEAM-Klinik ist mit modernster Technologie und einem modernen Operationssaal ausgestattet und gew\u00e4hrleistet so eine sichere und komfortable Umgebung f\u00fcr unsere Patienten.<\/p>\n<\/li>\n<li>\n<p align=\"left\"><b>Patientenzentrierter Ansatz<\/b>: Die Sicherheit, der Komfort und die Zufriedenheit unserer Patienten haben f\u00fcr uns oberste Priorit\u00e4t. Von der ersten Beratung bis zur postoperativen Betreuung ist unser Team bestrebt, eine positive und unterst\u00fctzende Erfahrung zu bieten.<\/p>\n<\/li>\n<li>\n<p align=\"left\"><b>Nat\u00fcrlich aussehende Ergebnisse<\/b>: Unser Ziel ist es, Ihre nat\u00fcrliche Sch\u00f6nheit zu unterstreichen und harmonische und ausgewogene Ergebnisse zu erzielen. Wir konzentrieren uns darauf, ein ausgewogenes und wohlgeformtes Aussehen zu schaffen, das Ihren K\u00f6rper erg\u00e4nzt.<\/p>\n<\/li>\n<\/ul>\n<p align=\"left\"><b>Vereinbaren Sie noch heute einen Beratungstermin<\/b><\/p>\n<p align=\"left\">Wenn Sie bereit sind, einen strafferen und geformteren K\u00f6rper zu erreichen, kontaktieren Sie die SURGYTEAM-Klinik, um Ihren Beratungstermin zu vereinbaren. Unser Team ist hier, um Sie durch jeden Schritt des Prozesses zu f\u00fchren, vom Verst\u00e4ndnis des Verfahrens bis hin zur Bereitstellung einer au\u00dfergew\u00f6hnlichen postoperativen Betreuung. Erleben Sie die transformativen Vorteile der 360-Grad-Fettabsaugung und erreichen Sie ein neues Ma\u00df an Selbstvertrauen.<\/p>\t\t\t\t\t\t\t\t<\/div>\n\t\t\t\t<\/div>\n\t\t\t\t<\/div>\n\t\t<div class=\"elementor-element elementor-element-b373dbe e-con-full e-flex wpr-particle-no wpr-jarallax-no wpr-parallax-no wpr-sticky-section-no wpr-equal-height-no e-con e-child\" data-id=\"b373dbe\" data-element_type=\"container\" data-e-type=\"container\">\n\t\t\t\t<div class=\"elementor-element elementor-element-36389fc content-align-cta-default elementor-widget elementor-widget-eael-cta-box\" data-id=\"36389fc\" data-element_type=\"widget\" data-e-type=\"widget\" data-widget_type=\"eael-cta-box.default\">\n\t\t\t\t<div class=\"elementor-widget-container\">\n\t\t\t\t\t\t\t<div class=\"eael-call-to-action cta-basic bg-lite cta-preset-1\">\n        <h2 class=\"title eael-cta-heading\">WAS K\u00d6NNEN SIE ERWARTEN<\/h2><p>Klicken Sie auf die Links, um mehr \u00fcber den von Ihnen gew\u00e4hlten chirurgischen Eingriff zu erfahren, einschlie\u00dflich Informationen \u00fcber Ihren Krankenhausaufenthalt und <a href=\"https:\/\/surgyteam.com\/de\/kontaktieren-sie-uns\/\" rel=\"sponsored\">Erholungszeit<\/a>.<\/p><a href=\"\/de\/kontaktieren-sie-uns\/\" class=\"cta-button cta-preset-1\">Kontaktieren Sie uns<\/a>\t<\/div>\n\t\t\t\t\t\t\t\t<\/div>\n\t\t\t\t<\/div>\n\t\t\t\t<div class=\"elementor-element elementor-element-e8eb1f0 eael-hamburger--none eael-simple-menu-hamburger-align-right elementor-widget elementor-widget-eael-simple-menu\" data-id=\"e8eb1f0\" data-element_type=\"widget\" data-e-type=\"widget\" data-widget_type=\"eael-simple-menu.default\">\n\t\t\t\t<div class=\"elementor-widget-container\">\n\t\t\t\t\t            <div data-hamburger-icon=\"&lt;svg aria-hidden=&quot;true&quot; class=&quot;e-font-icon-svg e-fas-bars&quot; viewBox=&quot;0 0 448 512&quot; xmlns=&quot;http:\/\/www.w3.org\/2000\/svg&quot;&gt;&lt;path d=&quot;M16 132h416c8.837 0 16-7.163 16-16V76c0-8.837-7.163-16-16-16H16C7.163 60 0 67.163 0 76v40c0 8.837 7.163 16 16 16zm0 160h416c8.837 0 16-7.163 16-16v-40c0-8.837-7.163-16-16-16H16c-8.837 0-16 7.163-16 16v40c0 8.837 7.163 16 16 16zm0 160h416c8.837 0 16-7.163 16-16v-40c0-8.837-7.163-16-16-16H16c-8.837 0-16 7.163-16 16v40c0 8.837 7.163 16 16 16z&quot;&gt;&lt;\/path&gt;&lt;\/svg&gt;\" data-indicator-icon=\"&lt;svg aria-hidden=&quot;true&quot; class=&quot;e-font-icon-svg e-fas-angle-down&quot; viewBox=&quot;0 0 320 512&quot; xmlns=&quot;http:\/\/www.w3.org\/2000\/svg&quot;&gt;&lt;path d=&quot;M143 352.3L7 216.3c-9.4-9.4-9.4-24.6 0-33.9l22.6-22.6c9.4-9.4 24.6-9.4 33.9 0l96.4 96.4 96.4-96.4c9.4-9.4 24.6-9.4 33.9 0l22.6 22.6c9.4 9.4 9.4 24.6 0 33.9l-136 136c-9.2 9.4-24.4 9.4-33.8 0z&quot;&gt;&lt;\/path&gt;&lt;\/svg&gt;\" data-dropdown-indicator-icon=\"&lt;svg class=&quot;e-font-icon-svg e-fas-angle-down&quot; viewBox=&quot;0 0 320 512&quot; xmlns=&quot;http:\/\/www.w3.org\/2000\/svg&quot;&gt;&lt;path d=&quot;M143 352.3L7 216.3c-9.4-9.4-9.4-24.6 0-33.9l22.6-22.6c9.4-9.4 24.6-9.4 33.9 0l96.4 96.4 96.4-96.4c9.4-9.4 24.6-9.4 33.9 0l22.6 22.6c9.4 9.4 9.4 24.6 0 33.9l-136 136c-9.2 9.4-24.4 9.4-33.8 0z&quot;&gt;&lt;\/path&gt;&lt;\/svg&gt;\" class=\"eael-simple-menu-container eael-simple-menu--loading eael-simple-menu-align-left eael-simple-menu-dropdown-align-left preset-2\" data-hamburger-breakpoints=\"{&quot;mobile&quot;:&quot;Mobil Hochformat (&gt; 767px)&quot;,&quot;tablet&quot;:&quot;Tablet-Hochformat (&gt; 1024px)&quot;,&quot;desktop&quot;:&quot;Desktop (&gt; 2400px)&quot;,&quot;none&quot;:&quot;None&quot;}\" data-hamburger-device=\"none\">\n                <ul id=\"menu-kozmetik-cerrahi\" class=\"eael-simple-menu eael-simple-menu-dropdown-animate-to-top eael-simple-menu-indicator eael-simple-menu-vertical\"><li id=\"menu-item-552\" class=\"menu-item menu-item-type-post_type menu-item-object-page menu-item-552\"><a href=\"https:\/\/surgyteam.com\/de\/mommy-makeover-2\/\" class=\"menu-link\">Mama-Makeover<\/a><\/li>\n<li id=\"menu-item-543\" class=\"menu-item menu-item-type-post_type menu-item-object-page menu-item-543\"><a href=\"https:\/\/surgyteam.com\/de\/360-liposuction-2\/\" class=\"menu-link\">360 Fettabsaugung<\/a><\/li>\n<li id=\"menu-item-550\" class=\"menu-item menu-item-type-post_type menu-item-object-page menu-item-550\"><a href=\"https:\/\/surgyteam.com\/de\/hi-def-liposuction\/\" class=\"menu-link\">Hi-Def-Fettabsaugung<\/a><\/li>\n<li id=\"menu-item-545\" class=\"menu-item menu-item-type-post_type menu-item-object-page menu-item-545\"><a href=\"https:\/\/surgyteam.com\/de\/abs-cracks\/\" class=\"menu-link\">Bauchmuskelrisse<\/a><\/li>\n<li id=\"menu-item-544\" class=\"menu-item menu-item-type-post_type menu-item-object-page menu-item-544\"><a href=\"https:\/\/surgyteam.com\/de\/abdominal-etching\/\" class=\"menu-link\">Bauch\u00e4tzen<\/a><\/li>\n<li id=\"menu-item-555\" class=\"menu-item menu-item-type-post_type menu-item-object-page menu-item-555\"><a href=\"https:\/\/surgyteam.com\/de\/upper-blepharoplasty\/\" class=\"menu-link\">Obere Blepharoplastik<\/a><\/li>\n<li id=\"menu-item-551\" class=\"menu-item menu-item-type-post_type menu-item-object-page menu-item-551\"><a href=\"https:\/\/surgyteam.com\/de\/lower-blepharoplasty\/\" class=\"menu-link\">Untere Blepharoplastik<\/a><\/li>\n<li id=\"menu-item-547\" class=\"menu-item menu-item-type-post_type menu-item-object-page menu-item-547\"><a href=\"https:\/\/surgyteam.com\/de\/1-kozmetik-cerrahi-islemler-icin-cogaltilacak-2\/\" class=\"menu-link\">Katzenauge<\/a><\/li>\n<li id=\"menu-item-549\" class=\"menu-item menu-item-type-post_type menu-item-object-page menu-item-549\"><a href=\"https:\/\/surgyteam.com\/de\/fox-eye\/\" class=\"menu-link\">Fuchsauge<\/a><\/li>\n<li id=\"menu-item-546\" class=\"menu-item menu-item-type-post_type menu-item-object-page menu-item-546\"><a href=\"https:\/\/surgyteam.com\/de\/almond-eye\/\" class=\"menu-link\">Mandelauge<\/a><\/li>\n<li id=\"menu-item-554\" class=\"menu-item menu-item-type-post_type menu-item-object-page menu-item-554\"><a href=\"https:\/\/surgyteam.com\/de\/temporal-lift\/\" class=\"menu-link\">Schl\u00e4fenlift<\/a><\/li>\n<li id=\"menu-item-548\" class=\"menu-item menu-item-type-post_type menu-item-object-page menu-item-548\"><a href=\"https:\/\/surgyteam.com\/de\/double-jaw-surgery\/\" class=\"menu-link\">Doppelkieferchirurgie<\/a><\/li>\n<li id=\"menu-item-553\" class=\"menu-item menu-item-type-post_type menu-item-object-page menu-item-553\"><a href=\"https:\/\/surgyteam.com\/de\/orthognatic-surgery\/\" class=\"menu-link\">Kieferorthop\u00e4dische Chirurgie<\/a><\/li>\n<\/ul>                <button class=\"eael-simple-menu-toggle\">\n                    <span class=\"sr-only\">Hamburger Men\u00fc umschalten<\/span>\n                    <svg aria-hidden=\"true\" class=\"e-font-icon-svg e-fas-bars\" viewbox=\"0 0 448 512\" xmlns=\"http:\/\/www.w3.org\/2000\/svg\"><path d=\"M16 132h416c8.837 0 16-7.163 16-16V76c0-8.837-7.163-16-16-16H16C7.163 60 0 67.163 0 76v40c0 8.837 7.163 16 16 16zm0 160h416c8.837 0 16-7.163 16-16v-40c0-8.837-7.163-16-16-16H16c-8.837 0-16 7.163-16 16v40c0 8.837 7.163 16 16 16zm0 160h416c8.837 0 16-7.163 16-16v-40c0-8.837-7.163-16-16-16H16c-8.837 0-16 7.163-16 16v40c0 8.837 7.163 16 16 16z\"><\/path><\/svg>                <\/button>\n            <\/div>\n            \t\t\t\t<\/div>\n\t\t\t\t<\/div>\n\t\t\t\t<\/div>\n\t\t\t\t\t<\/div>\n\t\t\t\t<\/div>\n\t\t\t\t<\/div>","protected":false},"excerpt":{"rendered":"<p>360 Liposuction 360 Liposuction: Comprehensive Body Contouring at SURGYTEAM Clinic Achieving a toned and sculpted body can be challenging, especially when stubborn fat pockets resist diet and exercise. SURGYTEAM Clinic offers 360 Liposuction, a revolutionary procedure that targets fat from all angles, providing comprehensive body contouring and outstanding results. What is 360 Liposuction? 360 Liposuction, also known as circumferential liposuction, is a technique that addresses multiple areas of the body in a single session. This approach ensures a harmonious and balanced contour by removing fat from the abdomen, flanks, back, and thighs. The result is a slimmer, more defined silhouette. Why Choose 360 Liposuction at SURGYTEAM Clinic? At SURGYTEAM Clinic, our experienced surgeons utilize the latest liposuction technologies and techniques to deliver optimal results. We understand that each patient is unique, and we tailor our approach to meet individual needs and goals. Our commitment to safety, precision, and patient satisfaction sets us apart. The Procedure 360 Liposuction involves making small incisions in strategically placed areas to access and remove unwanted fat. Using a cannula, the surgeon carefully suctions out the fat deposits, sculpting the body to enhance natural curves. This procedure can be performed under local or general anesthesia, depending on the extent of the treatment. Benefits of 360 Liposuction Comprehensive Contouring: Unlike traditional liposuction, which targets isolated areas, 360 Liposuction provides a more balanced and proportional result by treating multiple regions simultaneously. Minimal Downtime: Thanks to advanced techniques and technologies, patients typically experience a quicker recovery and less discomfort compared to traditional methods. Long-Lasting Results: By removing fat cells from multiple areas, 360 Liposuction offers long-lasting results, provided patients maintain a healthy lifestyle post-procedure. Recovery and Aftercare Recovery from 360 Liposuction varies depending on the extent of the procedure and the individual\u2019s healing process. Most patients can return to their daily activities within a week, though full recovery may take several weeks. At SURGYTEAM Clinic, we provide comprehensive aftercare instructions to ensure a smooth recovery and optimal results. Personalized Consultations At SURGYTEAM Clinic, we believe in personalized care tailored to each patient&#8217;s unique needs and goals. During your consultation, our expert surgeons will evaluate your body, discuss your aesthetic desires, and create a customized treatment plan. We aim to provide you with the information and support you need to make informed decisions about your body contouring journey. Why Choose SURGYTEAM Clinic? Expert Surgeons: Our team comprises highly skilled and experienced surgeons who specialize in body contouring procedures. They stay updated with the latest advancements in cosmetic surgery to ensure you receive the best care possible. State-of-the-Art Facility: SURGYTEAM Clinic is equipped with cutting-edge technology and a modern surgical suite, ensuring a safe and comfortable environment for our patients. Patient-Centered Approach: We prioritize our patients&#8217; safety, comfort, and satisfaction. From the initial consultation to post-operative care, our team is dedicated to providing a positive and supportive experience. Natural-Looking Results: Our goal is to enhance your natural beauty and achieve results that look harmonious and proportionate. We focus on creating a balanced and sculpted appearance that complements your body. Schedule Your Consultation Today If you&#8217;re ready to achieve a more toned and sculpted body, contact SURGYTEAM Clinic to schedule your consultation. Our team is here to guide you through every step of the process, from understanding the procedure to providing exceptional post-operative care. Experience the transformative benefits of 360 Liposuction and embrace a new level of confidence. WHAT CAN YOU EXPECT Click on the links to discover more about your chosen surgical procedure, including information about your hospital stay and recovery time. Contact Us Mommy Makeover 360 Liposuction Hi-Def Liposuction Abs Cracks Abdominal Etching Upper Blepharoplasty Lower Blepharoplasty Cat Eye Fox Eye Almond Eye Temporal Lift Double Jaw Surgery Orthognatic Surgery Humberger Toggle Menu<\/p>","protected":false},"author":1,"featured_media":0,"parent":0,"menu_order":0,"comment_status":"closed","ping_status":"closed","template":"elementor_header_footer","meta":{"content-type":"","_daextam_enable_autolinks":"","site-sidebar-layout":"default","site-content-layout":"","ast-site-content-layout":"default","site-content-style":"default","site-sidebar-style":"default","ast-global-header-display":"","ast-banner-title-visibility":"","ast-main-header-display":"","ast-hfb-above-header-display":"","ast-hfb-below-header-display":"","ast-hfb-mobile-header-display":"","site-post-title":"","ast-breadcrumbs-content":"","ast-featured-img":"","footer-sml-layout":"","ast-disable-related-posts":"","theme-transparent-header-meta":"","adv-header-id-meta":"","stick-header-meta":"","header-above-stick-meta":"","header-main-stick-meta":"","header-below-stick-meta":"","astra-migrate-meta-layouts":"default","ast-page-background-enabled":"default","ast-page-background-meta":{"desktop":{"background-color":"var(--ast-global-color-4)","background-image":"","background-repeat":"repeat","background-position":"center center","background-size":"auto","background-attachment":"scroll","background-type":"","background-media":"","overlay-type":"","overlay-color":"","overlay-opacity":"","overlay-gradient":""},"tablet":{"background-color":"","background-image":"","background-repeat":"repeat","background-position":"center center","background-size":"auto","background-attachment":"scroll","background-type":"","background-media":"","overlay-type":"","overlay-color":"","overlay-opacity":"","overlay-gradient":""},"mobile":{"background-color":"","background-image":"","background-repeat":"repeat","background-position":"center center","background-size":"auto","background-attachment":"scroll","background-type":"","background-media":"","overlay-type":"","overlay-color":"","overlay-opacity":"","overlay-gradient":""}},"ast-content-background-meta":{"desktop":{"background-color":"var(--ast-global-color-5)","background-image":"","background-repeat":"repeat","background-position":"center center","background-size":"auto","background-attachment":"scroll","background-type":"","background-media":"","overlay-type":"","overlay-color":"","overlay-opacity":"","overlay-gradient":""},"tablet":{"background-color":"var(--ast-global-color-5)","background-image":"","background-repeat":"repeat","background-position":"center center","background-size":"auto","background-attachment":"scroll","background-type":"","background-media":"","overlay-type":"","overlay-color":"","overlay-opacity":"","overlay-gradient":""},"mobile":{"background-color":"var(--ast-global-color-5)","background-image":"","background-repeat":"repeat","background-position":"center center","background-size":"auto","background-attachment":"scroll","background-type":"","background-media":"","overlay-type":"","overlay-color":"","overlay-opacity":"","overlay-gradient":""}},"footnotes":""},"class_list":["post-517","page","type-page","status-publish","hentry"],"_links":{"self":[{"href":"https:\/\/surgyteam.com\/de\/wp-json\/wp\/v2\/pages\/517","targetHints":{"allow":["GET"]}}],"collection":[{"href":"https:\/\/surgyteam.com\/de\/wp-json\/wp\/v2\/pages"}],"about":[{"href":"https:\/\/surgyteam.com\/de\/wp-json\/wp\/v2\/types\/page"}],"author":[{"embeddable":true,"href":"https:\/\/surgyteam.com\/de\/wp-json\/wp\/v2\/users\/1"}],"replies":[{"embeddable":true,"href":"https:\/\/surgyteam.com\/de\/wp-json\/wp\/v2\/comments?post=517"}],"version-history":[{"count":0,"href":"https:\/\/surgyteam.com\/de\/wp-json\/wp\/v2\/pages\/517\/revisions"}],"wp:attachment":[{"href":"https:\/\/surgyteam.com\/de\/wp-json\/wp\/v2\/media?parent=517"}],"curies":[{"name":"wp","href":"https:\/\/api.w.org\/{rel}","templated":true}]}}