{"id":557,"date":"2024-07-20T16:48:56","date_gmt":"2024-07-20T16:48:56","guid":{"rendered":"https:\/\/surgyteam.com\/?page_id=557"},"modified":"2024-07-20T18:37:18","modified_gmt":"2024-07-20T18:37:18","slug":"mittelgesichtslifting","status":"publish","type":"page","link":"https:\/\/surgyteam.com\/de\/midface-lift\/","title":{"rendered":"Mittelgesichtslifting"},"content":{"rendered":"<div data-elementor-type=\"wp-page\" data-elementor-id=\"557\" class=\"elementor elementor-557\">\n\t\t\t\t<div class=\"elementor-element elementor-element-09cf3b8 e-flex e-con-boxed wpr-particle-no wpr-jarallax-no wpr-parallax-no wpr-sticky-section-no wpr-equal-height-no e-con e-parent\" data-id=\"09cf3b8\" data-element_type=\"container\" data-e-type=\"container\" data-settings=\"{&quot;background_background&quot;:&quot;classic&quot;}\">\n\t\t\t\t\t<div class=\"e-con-inner\">\n\t\t\t\t<div class=\"elementor-element elementor-element-6eaee70 elementor-widget elementor-widget-wpr-post-title\" data-id=\"6eaee70\" data-element_type=\"widget\" data-e-type=\"widget\" data-widget_type=\"wpr-post-title.default\">\n\t\t\t\t<div class=\"elementor-widget-container\">\n\t\t\t\t\t<h1 class=\"wpr-post-title\">Mittelgesichtslifting<\/h1>\t\t\t\t<\/div>\n\t\t\t\t<\/div>\n\t\t\t\t\t<\/div>\n\t\t\t\t<\/div>\n\t\t<div class=\"elementor-element elementor-element-6ecccb3 e-flex e-con-boxed wpr-particle-no wpr-jarallax-no wpr-parallax-no wpr-sticky-section-no wpr-equal-height-no e-con e-parent\" data-id=\"6ecccb3\" data-element_type=\"container\" data-e-type=\"container\">\n\t\t\t\t\t<div class=\"e-con-inner\">\n\t\t<div class=\"elementor-element elementor-element-bd5f2bf e-con-full e-flex wpr-particle-no wpr-jarallax-no wpr-parallax-no wpr-sticky-section-no wpr-equal-height-no e-con e-child\" data-id=\"bd5f2bf\" data-element_type=\"container\" data-e-type=\"container\">\n\t\t\t\t<div class=\"elementor-element elementor-element-b88b836 elementor-widget elementor-widget-image\" data-id=\"b88b836\" data-element_type=\"widget\" data-e-type=\"widget\" data-widget_type=\"image.default\">\n\t\t\t\t<div class=\"elementor-widget-container\">\n\t\t\t\t\t\t\t\t\t\t\t\t\t\t\t<img fetchpriority=\"high\" decoding=\"async\" width=\"800\" height=\"568\" src=\"https:\/\/surgyteam.com\/wp-content\/uploads\/2024\/07\/Midface-lift.jpg\" class=\"attachment-large size-large wp-image-392\" alt=\"A woman receiving a midface lift procedure, with a doctor&#039;s gloved hands indicating the areas of treatment on her face.\" srcset=\"https:\/\/surgyteam.com\/wp-content\/uploads\/2024\/07\/Midface-lift.jpg.webp 800w, https:\/\/surgyteam.com\/wp-content\/uploads\/2024\/07\/Midface-lift-300x213.jpg.webp 300w, https:\/\/surgyteam.com\/wp-content\/uploads\/2024\/07\/Midface-lift-768x545.jpg.webp 768w\" sizes=\"(max-width: 800px) 100vw, 800px\" \/>\t\t\t\t\t\t\t\t\t\t\t\t\t\t\t<\/div>\n\t\t\t\t<\/div>\n\t\t\t\t<div class=\"elementor-element elementor-element-c5acd1f elementor-widget elementor-widget-text-editor\" data-id=\"c5acd1f\" data-element_type=\"widget\" data-e-type=\"widget\" data-widget_type=\"text-editor.default\">\n\t\t\t\t<div class=\"elementor-widget-container\">\n\t\t\t\t\t\t\t\t\t<h2 class=\"western\"><span style=\"font-size: x-large;\"><b>Midface Lift in der SURGYTEAM-Klinik<\/b><\/span><\/h2><p align=\"left\">In der SURGYTEAM Clinic m\u00f6chten wir Ihnen mit unseren fortschrittlichen kosmetischen Verfahren zu einem verj\u00fcngten und jugendlichen Aussehen verhelfen. Eine unserer hochwirksamen Behandlungen ist das Midface-Lift, das Alterserscheinungen im mittleren Gesichtsbereich bek\u00e4mpft und f\u00fcr ein nat\u00fcrliches und frisches Aussehen sorgt.<\/p><h3 class=\"western\"><a name=\"_bccpwncuylvx\"><\/a> <span style=\"color: #000000;\"><span style=\"font-size: medium;\"><b>Was ist ein Midface-Lift?<\/b><\/span><\/span><\/h3><p align=\"left\">Ein Midface-Lift, auch Wangenlifting genannt, ist ein chirurgischer Eingriff, der auf das mittlere Drittel des Gesichts abzielt, insbesondere auf den Bereich um die Wangen und die unteren Augenlider. Bei diesem Eingriff werden schlaffe Gewebe angehoben und neu positioniert, wodurch Volumen und Kontur der Wangen wiederhergestellt und das Auftreten von Nasolabialfalten und Augenringen reduziert wird.<\/p><h3 class=\"western\"><a name=\"_39qxr5un69t3\"><\/a> <span style=\"color: #000000;\"><span style=\"font-size: medium;\"><b>Vorteile eines Midface Lifts<\/b><\/span><\/span><\/h3><p align=\"left\">Zu den wichtigsten Vorteilen eines Midface-Lifts geh\u00f6ren:<\/p><ul><li><p align=\"left\"><b>Wiederhergestellte Jugendlichkeit<\/b>: Durch Anheben und Neupositionieren des Mittelgesichtsgewebes werden bei diesem Verfahren die Wangen und der Bereich unter den Augen wieder jugendlich konturiert.<\/p><\/li><li><p align=\"left\"><b>Reduzierte Falten<\/b>: Das Midface-Lift gl\u00e4ttet tiefe Nasolabialfalten und andere F\u00e4ltchen im mittleren Gesichtsbereich.<\/p><\/li><li><p align=\"left\"><b>Verbesserte Gesichtsharmonie<\/b>: Durch die Verj\u00fcngung des Mittelgesichts kann ein ausgeglicheneres und harmonischeres Gesamterscheinungsbild des Gesichts geschaffen werden.<\/p><\/li><li><p align=\"left\"><b>Nat\u00fcrlich aussehende Ergebnisse<\/b>: Das Midface-Lift sorgt f\u00fcr subtile, nat\u00fcrlich wirkende Verbesserungen, die Ihr Gesamterscheinungsbild aufwerten, ohne \u00fcbertrieben zu wirken.<\/p><\/li><\/ul><h3 class=\"western\"><a name=\"_9tdgal47ulm8\"><\/a> <span style=\"color: #000000;\"><span style=\"font-size: medium;\"><b>Das Midface-Lift-Verfahren<\/b><\/span><\/span><\/h3><p align=\"left\">In der SURGYTEAM-Klinik verwenden unsere erfahrenen Chirurgen die neuesten Techniken, um die bestm\u00f6glichen Ergebnisse zu erzielen. Das Midface-Lift kann unter \u00f6rtlicher Bet\u00e4ubung mit Sedierung oder Vollnarkose durchgef\u00fchrt werden. Der Eingriff umfasst die folgenden Schritte:<\/p><ul><li><p align=\"left\"><b>Einschnitte<\/b>: Um sichtbare Narbenbildung zu minimieren, werden kleine Einschnitte vorgenommen, normalerweise im Haaransatz oder im Mund.<\/p><\/li><li><p align=\"left\"><b>Anheben und Neupositionieren<\/b>: Die darunter liegenden Gewebe und Muskeln des Mittelgesichts werden angehoben und neu positioniert, um jugendliche Konturen wiederherzustellen und<\/p><\/li><li><p align=\"left\">\u00a0<\/p><\/li><\/ul><h3 class=\"western\"><a name=\"_alpxgejhfv4o\"><\/a> <span style=\"color: #000000;\"><span style=\"font-size: medium;\"><b>Gesichtsvolumen steigern.<\/b><\/span><\/span><\/h3><ul><li><p align=\"left\"><b>Straffung und Gl\u00e4ttung<\/b>: \u00dcbersch\u00fcssige Haut wird entfernt und die verbleibende Haut gestrafft, um Falten zu gl\u00e4tten und die allgemeine Hautstruktur zu verbessern.<\/p><\/li><\/ul><h3 class=\"western\"><a name=\"_173ywdet8n8r\"><\/a> <span style=\"color: #000000;\"><span style=\"font-size: medium;\"><b>Genesung und Nachsorge<\/b><\/span><\/span><\/h3><p align=\"left\">Die Erholung nach einem Facelifting ist unterschiedlich, aber die meisten Patienten haben in den ersten zwei Wochen Schwellungen und Bluterg\u00fcsse. Unser Team in der SURGYTEAM-Klinik gibt detaillierte Anweisungen zur Nachsorge, um eine reibungslose Genesung zu gew\u00e4hrleisten. Es ist wichtig, den Kopf hoch zu halten, anstrengende Aktivit\u00e4ten zu vermeiden und unsere Richtlinien zur Reinigung und Pflege der Einschnittstellen zu befolgen. Die meisten Patienten k\u00f6nnen innerhalb von zwei bis drei Wochen wieder arbeiten und ihren normalen Aktivit\u00e4ten nachgehen, obwohl die vollst\u00e4ndige Genesung und die endg\u00fcltigen Ergebnisse mehrere Monate dauern k\u00f6nnen.<\/p><h3 class=\"western\"><a name=\"_hor146vgd9i1\"><\/a> <span style=\"color: #000000;\"><span style=\"font-size: medium;\"><b>W\u00e4hlen Sie die SURGYTEAM-Klinik f\u00fcr Ihr Midface-Lifting<\/b><\/span><\/span><\/h3><p align=\"left\">In der SURGYTEAM Clinic legen wir gr\u00f6\u00dften Wert auf Patientenzufriedenheit und -sicherheit. Unsere erfahrenen Chirurgen und unser engagiertes medizinisches Personal arbeiten eng mit jedem Patienten zusammen, um einen individuellen Behandlungsplan zu entwickeln, der seinen individuellen Bed\u00fcrfnissen und Zielen entspricht. Wir setzen auf den Einsatz neuester Technologien und Techniken, um nat\u00fcrlich wirkende Ergebnisse zu erzielen.<\/p><h3 class=\"western\"><a name=\"_cvbsu2hxw58x\"><\/a> <span style=\"color: #000000;\"><span style=\"font-size: medium;\"><b>Beratung und Planung<\/b><\/span><\/span><\/h3><p align=\"left\">Der erste Schritt auf Ihrem Weg zum Facelift ist eine umfassende Beratung durch einen unserer erfahrenen Chirurgen in der SURGYTEAM-Klinik. W\u00e4hrend dieser Beratung besprechen wir Ihre Anliegen, Ihre Krankengeschichte und Ihre \u00e4sthetischen Ziele. Unser Chirurg wird Ihre Gesichtsstruktur und Ihren Hautzustand beurteilen, um den am besten geeigneten Ansatz f\u00fcr Ihre Operation zu bestimmen.<\/p><h3 class=\"western\"><a name=\"_pn7lemjkjpy4\"><\/a> <span style=\"color: #000000;\"><span style=\"font-size: medium;\"><b>Warum ein Midface-Lift?<\/b><\/span><\/span><\/h3><p align=\"left\">Mit zunehmendem Alter f\u00fchren die Auswirkungen der Schwerkraft, Sonneneinstrahlung und der nat\u00fcrliche Verlust von Kollagen und Elastin dazu, dass das Mittelgesichtsgewebe schlaff wird und an Volumen verliert. Dies kann zu eingefallenen Wangen, tiefen Nasolabialfalten und Augenringen f\u00fchren, was dem Gesicht ein m\u00fcdes und gealtertes Aussehen verleiht. Ein Mittelgesichtslifting kann jugendliche Konturen wiederherstellen und die Gesichtsharmonie verbessern, sodass Sie so lebendig und energiegeladen aussehen, wie Sie sich innerlich f\u00fchlen.<\/p><h3 class=\"western\"><a name=\"_1iwb446jp0y0\"><\/a> <span style=\"color: #000000;\"><span style=\"font-size: medium;\"><b>Kombination von Verfahren f\u00fcr bessere Ergebnisse<\/b><\/span><\/span><\/h3><p align=\"left\">F\u00fcr noch dramatischere Ergebnisse kombinieren viele Patienten ihr Brauenlifting mit anderen Gesichtsbehandlungen. In der SURGYTEAM-Klinik bieten wir eine Reihe erg\u00e4nzender Behandlungen an, darunter Blepharoplastik (Lidstraffung), Facelifts und Hauterneuerungsbehandlungen. Die Kombination von Verfahren kann zu einer umfassenderen Verj\u00fcngung und einem harmonischeren Gesamterscheinungsbild f\u00fchren.<\/p><h3 class=\"western\"><a name=\"_hcxeznim2np8\"><\/a> <span style=\"color: #000000;\"><span style=\"font-size: medium;\"><b>Abschluss<\/b><\/span><\/span><\/h3><p align=\"left\">Wenn Sie \u00fcber ein Stirnlifting nachdenken, um Ihr Aussehen zu verbessern und Ihr Selbstbewusstsein zu st\u00e4rken, sind Sie bei der SURGYTEAM Clinic genau richtig. Unser Team aus erfahrenen Chirurgen ist bestrebt, die beste Behandlungsqualit\u00e4t zu bieten und hervorragende Ergebnisse zu erzielen. Kontaktieren Sie uns noch heute, um Ihren Beratungstermin zu vereinbaren und den ersten Schritt zu einem jugendlicheren, frischeren Ich zu machen.<\/p>\t\t\t\t\t\t\t\t<\/div>\n\t\t\t\t<\/div>\n\t\t\t\t<\/div>\n\t\t<div class=\"elementor-element elementor-element-b373dbe e-con-full e-flex wpr-particle-no wpr-jarallax-no wpr-parallax-no wpr-sticky-section-no wpr-equal-height-no e-con e-child\" data-id=\"b373dbe\" data-element_type=\"container\" data-e-type=\"container\">\n\t\t\t\t<div class=\"elementor-element elementor-element-36389fc content-align-cta-default elementor-widget elementor-widget-eael-cta-box\" data-id=\"36389fc\" data-element_type=\"widget\" data-e-type=\"widget\" data-widget_type=\"eael-cta-box.default\">\n\t\t\t\t<div class=\"elementor-widget-container\">\n\t\t\t\t\t\t\t<div class=\"eael-call-to-action cta-basic bg-lite cta-preset-1\">\n        <h2 class=\"title eael-cta-heading\">WAS K\u00d6NNEN SIE ERWARTEN<\/h2><p>Klicken Sie auf die Links, um mehr \u00fcber den von Ihnen gew\u00e4hlten chirurgischen Eingriff zu erfahren, einschlie\u00dflich Informationen \u00fcber Ihren Krankenhausaufenthalt und <a href=\"https:\/\/surgyteam.com\/de\/kontaktieren-sie-uns\/\" rel=\"sponsored\">Erholungszeit<\/a>.<\/p><a href=\"\/de\/kontaktieren-sie-uns\/\" class=\"cta-button cta-preset-1\">Kontaktieren Sie uns<\/a>\t<\/div>\n\t\t\t\t\t\t\t\t<\/div>\n\t\t\t\t<\/div>\n\t\t\t\t<div class=\"elementor-element elementor-element-741269f eael-hamburger--none eael-simple-menu-hamburger-align-right elementor-widget elementor-widget-eael-simple-menu\" data-id=\"741269f\" data-element_type=\"widget\" data-e-type=\"widget\" data-widget_type=\"eael-simple-menu.default\">\n\t\t\t\t<div class=\"elementor-widget-container\">\n\t\t\t\t\t            <div data-hamburger-icon=\"&lt;svg aria-hidden=&quot;true&quot; class=&quot;e-font-icon-svg e-fas-bars&quot; viewBox=&quot;0 0 448 512&quot; xmlns=&quot;http:\/\/www.w3.org\/2000\/svg&quot;&gt;&lt;path d=&quot;M16 132h416c8.837 0 16-7.163 16-16V76c0-8.837-7.163-16-16-16H16C7.163 60 0 67.163 0 76v40c0 8.837 7.163 16 16 16zm0 160h416c8.837 0 16-7.163 16-16v-40c0-8.837-7.163-16-16-16H16c-8.837 0-16 7.163-16 16v40c0 8.837 7.163 16 16 16zm0 160h416c8.837 0 16-7.163 16-16v-40c0-8.837-7.163-16-16-16H16c-8.837 0-16 7.163-16 16v40c0 8.837 7.163 16 16 16z&quot;&gt;&lt;\/path&gt;&lt;\/svg&gt;\" data-indicator-icon=\"&lt;svg aria-hidden=&quot;true&quot; class=&quot;e-font-icon-svg e-fas-angle-down&quot; viewBox=&quot;0 0 320 512&quot; xmlns=&quot;http:\/\/www.w3.org\/2000\/svg&quot;&gt;&lt;path d=&quot;M143 352.3L7 216.3c-9.4-9.4-9.4-24.6 0-33.9l22.6-22.6c9.4-9.4 24.6-9.4 33.9 0l96.4 96.4 96.4-96.4c9.4-9.4 24.6-9.4 33.9 0l22.6 22.6c9.4 9.4 9.4 24.6 0 33.9l-136 136c-9.2 9.4-24.4 9.4-33.8 0z&quot;&gt;&lt;\/path&gt;&lt;\/svg&gt;\" data-dropdown-indicator-icon=\"&lt;svg class=&quot;e-font-icon-svg e-fas-angle-down&quot; viewBox=&quot;0 0 320 512&quot; xmlns=&quot;http:\/\/www.w3.org\/2000\/svg&quot;&gt;&lt;path d=&quot;M143 352.3L7 216.3c-9.4-9.4-9.4-24.6 0-33.9l22.6-22.6c9.4-9.4 24.6-9.4 33.9 0l96.4 96.4 96.4-96.4c9.4-9.4 24.6-9.4 33.9 0l22.6 22.6c9.4 9.4 9.4 24.6 0 33.9l-136 136c-9.2 9.4-24.4 9.4-33.8 0z&quot;&gt;&lt;\/path&gt;&lt;\/svg&gt;\" class=\"eael-simple-menu-container eael-simple-menu--loading eael-simple-menu-align-left eael-simple-menu-dropdown-align-left preset-2\" data-hamburger-breakpoints=\"{&quot;mobile&quot;:&quot;Mobil Hochformat (&gt; 767px)&quot;,&quot;tablet&quot;:&quot;Tablet-Hochformat (&gt; 1024px)&quot;,&quot;desktop&quot;:&quot;Desktop (&gt; 2400px)&quot;,&quot;none&quot;:&quot;None&quot;}\" data-hamburger-device=\"none\">\n                <ul id=\"menu-estetik-cerrahi-islemler\" class=\"eael-simple-menu eael-simple-menu-dropdown-animate-to-top eael-simple-menu-indicator eael-simple-menu-vertical\"><li id=\"menu-item-539\" class=\"menu-item menu-item-type-post_type menu-item-object-page menu-item-539\"><a href=\"https:\/\/surgyteam.com\/de\/brow-lift\/\" class=\"menu-link\">Augenbrauenlifting<\/a><\/li>\n<li id=\"menu-item-538\" class=\"menu-item menu-item-type-post_type menu-item-object-page menu-item-538\"><a href=\"https:\/\/surgyteam.com\/de\/blepharoplasty\/\" class=\"menu-link\">Blepharoplastik<\/a><\/li>\n<li id=\"menu-item-537\" class=\"menu-item menu-item-type-post_type menu-item-object-page menu-item-537\"><a href=\"https:\/\/surgyteam.com\/de\/rhinoplasty\/\" class=\"menu-link\">Nasenkorrektur<\/a><\/li>\n<li id=\"menu-item-541\" class=\"menu-item menu-item-type-post_type menu-item-object-page menu-item-541\"><a href=\"https:\/\/surgyteam.com\/de\/prominent-ear\/\" class=\"menu-link\">Abstehende Ohren<\/a><\/li>\n<li id=\"menu-item-535\" class=\"menu-item menu-item-type-post_type menu-item-object-page menu-item-535\"><a href=\"https:\/\/surgyteam.com\/de\/bichectomy\/\" class=\"menu-link\">Bichektomie<\/a><\/li>\n<li id=\"menu-item-534\" class=\"menu-item menu-item-type-post_type menu-item-object-page menu-item-534\"><a href=\"https:\/\/surgyteam.com\/de\/lip-lift\/\" class=\"menu-link\">Lippenlifting<\/a><\/li>\n<li id=\"menu-item-533\" class=\"menu-item menu-item-type-post_type menu-item-object-page menu-item-533\"><a href=\"https:\/\/surgyteam.com\/de\/face-lift\/\" class=\"menu-link\">Facelift<\/a><\/li>\n<li id=\"menu-item-532\" class=\"menu-item menu-item-type-post_type menu-item-object-page menu-item-532\"><a href=\"https:\/\/surgyteam.com\/de\/neck-lift\/\" class=\"menu-link\">Halsstraffung<\/a><\/li>\n<li id=\"menu-item-531\" class=\"menu-item menu-item-type-post_type menu-item-object-page menu-item-531\"><a href=\"https:\/\/surgyteam.com\/de\/arm-lift\/\" class=\"menu-link\">Armstraffung<\/a><\/li>\n<li id=\"menu-item-530\" class=\"menu-item menu-item-type-post_type menu-item-object-page menu-item-530\"><a href=\"https:\/\/surgyteam.com\/de\/reduction-mammoplasty\/\" class=\"menu-link\">Brustverkleinerung<\/a><\/li>\n<li id=\"menu-item-529\" class=\"menu-item menu-item-type-post_type menu-item-object-page menu-item-529\"><a href=\"https:\/\/surgyteam.com\/de\/augmentation-mammoplasty\/\" class=\"menu-link\">Brustvergr\u00f6\u00dferung<\/a><\/li>\n<li id=\"menu-item-528\" class=\"menu-item menu-item-type-post_type menu-item-object-page menu-item-528\"><a href=\"https:\/\/surgyteam.com\/de\/augmentation-mastopexy\/\" class=\"menu-link\">Augmentationsmastopexie<\/a><\/li>\n<li id=\"menu-item-556\" class=\"menu-item menu-item-type-post_type menu-item-object-page menu-item-556\"><a href=\"https:\/\/surgyteam.com\/de\/tummy-tuck\/\" class=\"menu-link\">Bauchdeckenstraffung<\/a><\/li>\n<li id=\"menu-item-527\" class=\"menu-item menu-item-type-post_type menu-item-object-page menu-item-527\"><a href=\"https:\/\/surgyteam.com\/de\/back-lift\/\" class=\"menu-link\">R\u00fcckenheben<\/a><\/li>\n<li id=\"menu-item-526\" class=\"menu-item menu-item-type-post_type menu-item-object-page menu-item-526\"><a href=\"https:\/\/surgyteam.com\/de\/brasilian-butt-lift\/\" class=\"menu-link\">Brasilianisches Po-Lifting<\/a><\/li>\n<li id=\"menu-item-540\" class=\"menu-item menu-item-type-post_type menu-item-object-page menu-item-540\"><a href=\"https:\/\/surgyteam.com\/de\/360-liposuction\/\" class=\"menu-link\">Oberschenkelstraffung<\/a><\/li>\n<\/ul>                <button class=\"eael-simple-menu-toggle\">\n                    <span class=\"sr-only\">Hamburger Men\u00fc umschalten<\/span>\n                    <svg aria-hidden=\"true\" class=\"e-font-icon-svg e-fas-bars\" viewbox=\"0 0 448 512\" xmlns=\"http:\/\/www.w3.org\/2000\/svg\"><path d=\"M16 132h416c8.837 0 16-7.163 16-16V76c0-8.837-7.163-16-16-16H16C7.163 60 0 67.163 0 76v40c0 8.837 7.163 16 16 16zm0 160h416c8.837 0 16-7.163 16-16v-40c0-8.837-7.163-16-16-16H16c-8.837 0-16 7.163-16 16v40c0 8.837 7.163 16 16 16zm0 160h416c8.837 0 16-7.163 16-16v-40c0-8.837-7.163-16-16-16H16c-8.837 0-16 7.163-16 16v40c0 8.837 7.163 16 16 16z\"><\/path><\/svg>                <\/button>\n            <\/div>\n            \t\t\t\t<\/div>\n\t\t\t\t<\/div>\n\t\t\t\t<\/div>\n\t\t\t\t\t<\/div>\n\t\t\t\t<\/div>\n\t\t\t\t<\/div>","protected":false},"excerpt":{"rendered":"<p>Midface lift Midface Lift at SURGYTEAM Clinic At SURGYTEAM Clinic, we are committed to helping you achieve a rejuvenated and youthful appearance through our advanced cosmetic procedures. One of our highly effective treatments is the midface lift, designed to address signs of aging in the middle portion of the face, providing a natural and refreshed look. What is a Midface Lift? A midface lift, also known as a cheek lift, is a surgical procedure that targets the middle third of the face, specifically the area around the cheeks and lower eyelids. This procedure lifts and repositions sagging tissues, restoring volume and contour to the cheeks, and reducing the appearance of nasolabial folds and under-eye hollows. Benefits of a Midface Lift The primary benefits of a midface lift include: Restored Youthfulness: By lifting and repositioning the midface tissues, this procedure restores a youthful contour to the cheeks and under-eye area. Reduced Wrinkles: The midface lift smooths out deep nasolabial folds and other wrinkles in the middle portion of the face. Enhanced Facial Harmony: Rejuvenating the midface can create a more balanced and harmonious overall facial appearance. Natural-Looking Results: The midface lift provides subtle, natural-looking improvements that enhance your overall appearance without looking overdone. The Midface Lift Procedure At SURGYTEAM Clinic, our skilled surgeons use the latest techniques to achieve the best possible outcomes. The midface lift can be performed under local anesthesia with sedation or general anesthesia. The procedure involves the following steps: Incisions: Small incisions are made, typically within the hairline or inside the mouth, to minimize visible scarring. Lifting and Repositioning: The underlying tissues and muscles of the midface are lifted and repositioned to restore youthful contours and \u00a0 enhance facial volume. Tightening and Smoothing: Excess skin is removed, and the remaining skin is tightened to smooth out wrinkles and improve overall skin texture. Recovery and Aftercare Recovery from a midface lift varies, but most patients experience swelling and bruising for the first one to two weeks. Our team at SURGYTEAM Clinic provides detailed aftercare instructions to ensure a smooth recovery. It is essential to keep your head elevated, avoid strenuous activities, and follow our guidelines for cleaning and caring for the incision sites. Most patients can return to work and normal activities within two weeks, though full recovery and the final results can take several months. Choosing SURGYTEAM Clinic for Your Midface Lift At SURGYTEAM Clinic, we prioritize patient satisfaction and safety. Our experienced surgeons and dedicated medical staff work closely with each patient to develop a personalized treatment plan that meets their unique needs and goals. We are committed to using the latest technology and techniques to achieve natural-looking results. Consultation and Planning The first step in your midface lift journey is a comprehensive consultation with one of our expert surgeons at SURGYTEAM Clinic. During this consultation, we will discuss your concerns, medical history, and aesthetic goals. Our surgeon will evaluate your facial structure and skin condition to determine the most suitable approach for your midface lift. Why Choose a Midface Lift? As we age, the effects of gravity, sun exposure, and the natural loss of collagen and elastin cause the midface tissues to sag and lose volume. This can result in hollow cheeks, deep nasolabial folds, and under-eye hollows, giving the face a tired and aged appearance. A midface lift can restore youthful contours and improve facial harmony, helping you look as vibrant and energetic as you feel inside. Combining Procedures for Enhanced Results For even more dramatic results, many patients choose to combine their midface lift with other facial procedures. At SURGYTEAM Clinic, we offer a range of complementary treatments, including blepharoplasty (eyelid surgery), brow lifts, and skin resurfacing treatments. Combining procedures can provide a more comprehensive rejuvenation and a more harmonious overall appearance. Conclusion If you\u2019re considering a midface lift to enhance your appearance and boost your confidence, look no further than SURGYTEAM Clinic. Our team of experienced surgeons is dedicated to providing the highest quality care and achieving outstanding results. Contact us today to schedule your consultation and take the first step toward a more youthful, refreshed you. WHAT CAN YOU EXPECT Click on the links to discover more about your chosen surgical procedure, including information about your hospital stay and recovery time. Contact Us Brow lift Blepharoplasty Rhinoplasty Prominent ear Bichectomy Lip lift Face lift Neck Lift Arm Lift Reduction Mammoplasty Augmentation Mammoplasty Augmentation Mastopexy Tummy Tuck Back Lift Brasilian Butt Lift Thigh Lift Humberger Toggle Menu<\/p>","protected":false},"author":1,"featured_media":0,"parent":0,"menu_order":0,"comment_status":"closed","ping_status":"closed","template":"elementor_header_footer","meta":{"content-type":"","_daextam_enable_autolinks":"","site-sidebar-layout":"default","site-content-layout":"","ast-site-content-layout":"default","site-content-style":"default","site-sidebar-style":"default","ast-global-header-display":"","ast-banner-title-visibility":"","ast-main-header-display":"","ast-hfb-above-header-display":"","ast-hfb-below-header-display":"","ast-hfb-mobile-header-display":"","site-post-title":"","ast-breadcrumbs-content":"","ast-featured-img":"","footer-sml-layout":"","ast-disable-related-posts":"","theme-transparent-header-meta":"","adv-header-id-meta":"","stick-header-meta":"","header-above-stick-meta":"","header-main-stick-meta":"","header-below-stick-meta":"","astra-migrate-meta-layouts":"default","ast-page-background-enabled":"default","ast-page-background-meta":{"desktop":{"background-color":"var(--ast-global-color-4)","background-image":"","background-repeat":"repeat","background-position":"center center","background-size":"auto","background-attachment":"scroll","background-type":"","background-media":"","overlay-type":"","overlay-color":"","overlay-opacity":"","overlay-gradient":""},"tablet":{"background-color":"","background-image":"","background-repeat":"repeat","background-position":"center center","background-size":"auto","background-attachment":"scroll","background-type":"","background-media":"","overlay-type":"","overlay-color":"","overlay-opacity":"","overlay-gradient":""},"mobile":{"background-color":"","background-image":"","background-repeat":"repeat","background-position":"center center","background-size":"auto","background-attachment":"scroll","background-type":"","background-media":"","overlay-type":"","overlay-color":"","overlay-opacity":"","overlay-gradient":""}},"ast-content-background-meta":{"desktop":{"background-color":"var(--ast-global-color-5)","background-image":"","background-repeat":"repeat","background-position":"center center","background-size":"auto","background-attachment":"scroll","background-type":"","background-media":"","overlay-type":"","overlay-color":"","overlay-opacity":"","overlay-gradient":""},"tablet":{"background-color":"var(--ast-global-color-5)","background-image":"","background-repeat":"repeat","background-position":"center center","background-size":"auto","background-attachment":"scroll","background-type":"","background-media":"","overlay-type":"","overlay-color":"","overlay-opacity":"","overlay-gradient":""},"mobile":{"background-color":"var(--ast-global-color-5)","background-image":"","background-repeat":"repeat","background-position":"center center","background-size":"auto","background-attachment":"scroll","background-type":"","background-media":"","overlay-type":"","overlay-color":"","overlay-opacity":"","overlay-gradient":""}},"footnotes":""},"class_list":["post-557","page","type-page","status-publish","hentry"],"_links":{"self":[{"href":"https:\/\/surgyteam.com\/de\/wp-json\/wp\/v2\/pages\/557","targetHints":{"allow":["GET"]}}],"collection":[{"href":"https:\/\/surgyteam.com\/de\/wp-json\/wp\/v2\/pages"}],"about":[{"href":"https:\/\/surgyteam.com\/de\/wp-json\/wp\/v2\/types\/page"}],"author":[{"embeddable":true,"href":"https:\/\/surgyteam.com\/de\/wp-json\/wp\/v2\/users\/1"}],"replies":[{"embeddable":true,"href":"https:\/\/surgyteam.com\/de\/wp-json\/wp\/v2\/comments?post=557"}],"version-history":[{"count":0,"href":"https:\/\/surgyteam.com\/de\/wp-json\/wp\/v2\/pages\/557\/revisions"}],"wp:attachment":[{"href":"https:\/\/surgyteam.com\/de\/wp-json\/wp\/v2\/media?parent=557"}],"curies":[{"name":"wp","href":"https:\/\/api.w.org\/{rel}","templated":true}]}}