{"id":1002,"date":"2024-08-12T08:05:48","date_gmt":"2024-08-12T08:05:48","guid":{"rendered":"https:\/\/surgyteam.com\/?page_id=1002"},"modified":"2024-08-26T10:57:04","modified_gmt":"2024-08-26T10:57:04","slug":"rellenos-de-labios","status":"publish","type":"page","link":"https:\/\/surgyteam.com\/es\/lip-fillers\/","title":{"rendered":"Rellenos de labios"},"content":{"rendered":"<div data-elementor-type=\"wp-page\" data-elementor-id=\"1002\" class=\"elementor elementor-1002\">\n\t\t\t\t<div class=\"elementor-element elementor-element-09cf3b8 e-flex e-con-boxed wpr-particle-no wpr-jarallax-no wpr-parallax-no wpr-sticky-section-no wpr-equal-height-no e-con e-parent\" data-id=\"09cf3b8\" data-element_type=\"container\" data-e-type=\"container\" data-settings=\"{&quot;background_background&quot;:&quot;classic&quot;}\">\n\t\t\t\t\t<div class=\"e-con-inner\">\n\t\t\t\t<div class=\"elementor-element elementor-element-6eaee70 elementor-widget elementor-widget-wpr-post-title\" data-id=\"6eaee70\" data-element_type=\"widget\" data-e-type=\"widget\" data-widget_type=\"wpr-post-title.default\">\n\t\t\t\t<div class=\"elementor-widget-container\">\n\t\t\t\t\t<h1 class=\"wpr-post-title\">Rellenos de labios<\/h1>\t\t\t\t<\/div>\n\t\t\t\t<\/div>\n\t\t\t\t\t<\/div>\n\t\t\t\t<\/div>\n\t\t<div class=\"elementor-element elementor-element-6ecccb3 e-flex e-con-boxed wpr-particle-no wpr-jarallax-no wpr-parallax-no wpr-sticky-section-no wpr-equal-height-no e-con e-parent\" data-id=\"6ecccb3\" data-element_type=\"container\" data-e-type=\"container\">\n\t\t\t\t\t<div class=\"e-con-inner\">\n\t\t<div class=\"elementor-element elementor-element-bd5f2bf e-con-full e-flex wpr-particle-no wpr-jarallax-no wpr-parallax-no wpr-sticky-section-no wpr-equal-height-no e-con e-child\" data-id=\"bd5f2bf\" data-element_type=\"container\" data-e-type=\"container\">\n\t\t\t\t<div class=\"elementor-element elementor-element-236cd7f elementor-widget elementor-widget-image\" data-id=\"236cd7f\" data-element_type=\"widget\" data-e-type=\"widget\" data-widget_type=\"image.default\">\n\t\t\t\t<div class=\"elementor-widget-container\">\n\t\t\t\t\t\t\t\t\t\t\t\t\t\t\t<img fetchpriority=\"high\" decoding=\"async\" width=\"1024\" height=\"483\" src=\"https:\/\/surgyteam.com\/wp-content\/uploads\/2024\/07\/Lip-lift-1024x483.jpg\" class=\"attachment-large size-large wp-image-425\" alt=\"Levantamiento de labios\" srcset=\"https:\/\/surgyteam.com\/wp-content\/uploads\/2024\/07\/Lip-lift-1024x483.jpg 1024w, https:\/\/surgyteam.com\/wp-content\/uploads\/2024\/07\/Lip-lift-300x142.jpg 300w, https:\/\/surgyteam.com\/wp-content\/uploads\/2024\/07\/Lip-lift-768x362.jpg 768w, https:\/\/surgyteam.com\/wp-content\/uploads\/2024\/07\/Lip-lift.jpg 1170w\" sizes=\"(max-width: 1024px) 100vw, 1024px\" \/>\t\t\t\t\t\t\t\t\t\t\t\t\t\t\t<\/div>\n\t\t\t\t<\/div>\n\t\t\t\t<div class=\"elementor-element elementor-element-c5acd1f elementor-widget elementor-widget-text-editor\" data-id=\"c5acd1f\" data-element_type=\"widget\" data-e-type=\"widget\" data-widget_type=\"text-editor.default\">\n\t\t\t\t<div class=\"elementor-widget-container\">\n\t\t\t\t\t\t\t\t\t<p><strong>Realza tu belleza con rellenos de labios: todo lo que necesitas saber<\/strong><\/p><p>Los rellenos de labios se han convertido en uno de los tratamientos cosm\u00e9ticos m\u00e1s populares en los \u00faltimos a\u00f1os, ya que ofrecen una forma no quir\u00fargica de lograr labios m\u00e1s voluminosos y definidos. Ya sea que est\u00e9 buscando realzar su belleza natural o corregir la asimetr\u00eda, los rellenos de labios pueden brindar la soluci\u00f3n perfecta. En esta gu\u00eda completa, exploraremos todo lo que necesita saber sobre los rellenos de labios, desde qu\u00e9 son y c\u00f3mo funcionan hasta qu\u00e9 puede esperar del procedimiento.<\/p><h3>\u00bfQu\u00e9 son los rellenos de labios?<\/h3><p>Los rellenos de labios, tambi\u00e9n conocidos como aumento de labios o inyecciones de labios, implican el uso de rellenos d\u00e9rmicos para agregar volumen, forma y estructura a los labios. El tipo de relleno m\u00e1s com\u00fan que se utiliza es el \u00e1cido hialur\u00f3nico (AH), una sustancia que se encuentra naturalmente en el cuerpo y que ayuda a retener la humedad y brindar elasticidad. Los rellenos de AH son los preferidos debido a su apariencia natural, efectos secundarios m\u00ednimos y reversibilidad si es necesario.<\/p><h3>\u00bfC\u00f3mo funcionan los rellenos de labios?<\/h3><p>Los rellenos de labios se inyectan en zonas espec\u00edficas de los labios para crear volumen y forma. El procedimiento suele tardar unos 30 minutos e implica el uso de una aguja fina o c\u00e1nula para colocar con precisi\u00f3n el relleno debajo de la piel. Los resultados son inmediatos: los labios lucen m\u00e1s llenos y definidos inmediatamente despu\u00e9s del tratamiento. Con el tiempo, el relleno se integra con el tejido, lo que proporciona un efecto natural y duradero.<\/p><h3>Beneficios de los rellenos de labios<\/h3><ol><li><p><strong>Resultados inmediatos:<\/strong> Uno de los aspectos m\u00e1s atractivos de los rellenos de labios es la mejora instant\u00e1nea. A diferencia de otros procedimientos cosm\u00e9ticos que pueden tardar semanas en mostrar resultados, los rellenos de labios brindan satisfacci\u00f3n inmediata.<\/p><\/li><li><p><strong>Aspecto natural:<\/strong> Cuando los realiza un profesional capacitado, los rellenos de labios pueden realzarlos sin que parezcan exagerados. El uso de rellenos de \u00e1cido hialur\u00f3nico garantiza un aspecto natural que complementa los rasgos faciales.<\/p><\/li><li><p><strong>Reversibilidad:<\/strong> Si no est\u00e1 satisfecho con los resultados, los rellenos de \u00e1cido hialur\u00f3nico se pueden disolver con una enzima llamada hialuronidasa, lo que lo convierte en una opci\u00f3n de bajo riesgo.<\/p><\/li><li><p><strong>Personalizaci\u00f3n:<\/strong> Los rellenos de labios son altamente personalizables, lo que le permite lograr el aspecto deseado, ya sea una mejora sutil o un cambio m\u00e1s dram\u00e1tico.<\/p><\/li><li><p><strong>Tiempo de inactividad m\u00ednimo:<\/strong> La mayor\u00eda de los pacientes experimentan poco o ning\u00fan tiempo de inactividad, y cualquier hinchaz\u00f3n o hematoma generalmente desaparece en unos pocos d\u00edas.<\/p><\/li><\/ol><h3>Qu\u00e9 esperar durante el procedimiento<\/h3><p>Antes del procedimiento, es fundamental consultar con un profesional cualificado. Durante esta consulta, hablar\u00e1 de sus objetivos y el profesional evaluar\u00e1 sus labios y la estructura facial para determinar el mejor enfoque. El tratamiento propiamente dicho comienza con la aplicaci\u00f3n de una crema anest\u00e9sica t\u00f3pica para minimizar las molestias. Una vez que la zona est\u00e9 adormecida, se inyecta cuidadosamente el relleno en los labios.<\/p><p>El proceso es r\u00e1pido y suele completarse en 15 a 30 minutos. Despu\u00e9s de las inyecciones, es posible que experimente algo de hinchaz\u00f3n y hematomas, pero estos efectos secundarios son temporales y deber\u00edan desaparecer en una semana.<\/p><h3>Cuidados posteriores y recuperaci\u00f3n<\/h3><p>Despu\u00e9s del procedimiento, su m\u00e9dico le dar\u00e1 instrucciones sobre los cuidados posteriores para garantizar los mejores resultados. Es importante evitar tocarse o masajearse los labios durante al menos 24 horas para evitar que el relleno se mueva. Tambi\u00e9n debe evitar el ejercicio extenuante, el calor excesivo y el alcohol durante las primeras 48 horas para reducir el riesgo de hinchaz\u00f3n y hematomas.<\/p><p>La aplicaci\u00f3n de compresas fr\u00edas puede ayudar a aliviar las molestias o la hinchaz\u00f3n. Tambi\u00e9n se recomienda mantenerse hidratado y evitar la ingesta excesiva de sal, ya que puede contribuir a la hinchaz\u00f3n.<\/p><h3>\u00bfCu\u00e1nto duran los rellenos de labios?<\/h3><p>La duraci\u00f3n de los rellenos de labios depende de varios factores, entre ellos el tipo de relleno utilizado, el metabolismo y la cantidad de producto inyectado. En promedio, los rellenos de labios duran entre 6 y 12 meses. Los retoques peri\u00f3dicos pueden ayudar a mantener el aspecto deseado y algunos pacientes pueden notar que necesitan menos producto con el tiempo.<\/p><h3>C\u00f3mo elegir al profesional adecuado<\/h3><p>La clave para lograr resultados hermosos y de aspecto natural radica en elegir al profesional adecuado. Es importante seleccionar un profesional con licencia y experiencia que se especialice en inyecciones cosm\u00e9ticas. Durante la consulta, pida ver fotos de antes y despu\u00e9s de clientes anteriores y comente cualquier inquietud o pregunta que pueda tener.<\/p><h3>\u00bfSon los rellenos de labios adecuados para usted?<\/h3><p>Los rellenos de labios son una excelente opci\u00f3n para las personas que buscan mejorar el volumen y la forma de sus labios. Ya sea que desee abordar el adelgazamiento de los labios debido al envejecimiento, corregir la asimetr\u00eda o simplemente desea unos labios m\u00e1s voluminosos, este tratamiento puede brindarle los resultados que desea. Sin embargo, es fundamental tener expectativas realistas y comprender que el objetivo es realzar su belleza natural, no cambiar dr\u00e1sticamente su apariencia.<\/p><h3>Conclusi\u00f3n<\/h3><p>Los rellenos de labios ofrecen una forma segura, eficaz y personalizable de lograr los labios llenos y hermosos que siempre ha deseado. Con un tiempo de recuperaci\u00f3n m\u00ednimo, resultados inmediatos y la posibilidad de revertir el tratamiento si es necesario, no es de extra\u00f1ar que los rellenos de labios se hayan convertido en un procedimiento cosm\u00e9tico de referencia para muchas personas. Si elige un profesional capacitado y sigue los cuidados posteriores adecuados, podr\u00e1 disfrutar de unos labios mejorados que se vean naturales y complementen su est\u00e9tica facial general.<\/p>\t\t\t\t\t\t\t\t<\/div>\n\t\t\t\t<\/div>\n\t\t\t\t<\/div>\n\t\t<div class=\"elementor-element elementor-element-b373dbe e-con-full e-flex wpr-particle-no wpr-jarallax-no wpr-parallax-no wpr-sticky-section-no wpr-equal-height-no e-con e-child\" data-id=\"b373dbe\" data-element_type=\"container\" data-e-type=\"container\">\n\t\t\t\t<div class=\"elementor-element elementor-element-36389fc content-align-cta-default elementor-widget elementor-widget-eael-cta-box\" data-id=\"36389fc\" data-element_type=\"widget\" data-e-type=\"widget\" data-widget_type=\"eael-cta-box.default\">\n\t\t\t\t<div class=\"elementor-widget-container\">\n\t\t\t\t\t\t\t<div class=\"eael-call-to-action cta-basic bg-lite cta-preset-1\">\n        <h2 class=\"title eael-cta-heading\">\u00bfQU\u00c9 PUEDES ESPERAR?<\/h2><p>Haga clic en los enlaces para obtener m\u00e1s informaci\u00f3n sobre el procedimiento quir\u00fargico elegido, incluida informaci\u00f3n sobre su estad\u00eda en el hospital y <a href=\"https:\/\/surgyteam.com\/es\/contactenos\/\" rel=\"sponsored\">Tiempo de recuperaci\u00f3n<\/a>.<\/p><a href=\"\/es\/contactenos\/\" class=\"cta-button cta-preset-1\">Cont\u00e1ctenos<\/a>\t<\/div>\n\t\t\t\t\t\t\t\t<\/div>\n\t\t\t\t<\/div>\n\t\t\t\t<div class=\"elementor-element elementor-element-e8eb1f0 eael-hamburger--none eael-simple-menu-hamburger-align-right elementor-widget elementor-widget-eael-simple-menu\" data-id=\"e8eb1f0\" data-element_type=\"widget\" data-e-type=\"widget\" data-widget_type=\"eael-simple-menu.default\">\n\t\t\t\t<div class=\"elementor-widget-container\">\n\t\t\t\t\t            <div data-hamburger-icon=\"&lt;svg aria-hidden=&quot;true&quot; class=&quot;e-font-icon-svg e-fas-bars&quot; viewBox=&quot;0 0 448 512&quot; xmlns=&quot;http:\/\/www.w3.org\/2000\/svg&quot;&gt;&lt;path d=&quot;M16 132h416c8.837 0 16-7.163 16-16V76c0-8.837-7.163-16-16-16H16C7.163 60 0 67.163 0 76v40c0 8.837 7.163 16 16 16zm0 160h416c8.837 0 16-7.163 16-16v-40c0-8.837-7.163-16-16-16H16c-8.837 0-16 7.163-16 16v40c0 8.837 7.163 16 16 16zm0 160h416c8.837 0 16-7.163 16-16v-40c0-8.837-7.163-16-16-16H16c-8.837 0-16 7.163-16 16v40c0 8.837 7.163 16 16 16z&quot;&gt;&lt;\/path&gt;&lt;\/svg&gt;\" data-indicator-icon=\"&lt;svg aria-hidden=&quot;true&quot; class=&quot;e-font-icon-svg e-fas-angle-down&quot; viewBox=&quot;0 0 320 512&quot; xmlns=&quot;http:\/\/www.w3.org\/2000\/svg&quot;&gt;&lt;path d=&quot;M143 352.3L7 216.3c-9.4-9.4-9.4-24.6 0-33.9l22.6-22.6c9.4-9.4 24.6-9.4 33.9 0l96.4 96.4 96.4-96.4c9.4-9.4 24.6-9.4 33.9 0l22.6 22.6c9.4 9.4 9.4 24.6 0 33.9l-136 136c-9.2 9.4-24.4 9.4-33.8 0z&quot;&gt;&lt;\/path&gt;&lt;\/svg&gt;\" data-dropdown-indicator-icon=\"&lt;svg class=&quot;e-font-icon-svg e-fas-angle-down&quot; viewBox=&quot;0 0 320 512&quot; xmlns=&quot;http:\/\/www.w3.org\/2000\/svg&quot;&gt;&lt;path d=&quot;M143 352.3L7 216.3c-9.4-9.4-9.4-24.6 0-33.9l22.6-22.6c9.4-9.4 24.6-9.4 33.9 0l96.4 96.4 96.4-96.4c9.4-9.4 24.6-9.4 33.9 0l22.6 22.6c9.4 9.4 9.4 24.6 0 33.9l-136 136c-9.2 9.4-24.4 9.4-33.8 0z&quot;&gt;&lt;\/path&gt;&lt;\/svg&gt;\" class=\"eael-simple-menu-container eael-simple-menu--loading eael-simple-menu-align-left eael-simple-menu-dropdown-align-left preset-2\" data-hamburger-breakpoints=\"{&quot;mobile&quot;:&quot;M\\u00f3vil vertical (&gt; 767px)&quot;,&quot;tablet&quot;:&quot;Tableta vertical (&gt; 1024px)&quot;,&quot;desktop&quot;:&quot;Escritorio (&gt; 2400px)&quot;,&quot;none&quot;:&quot;Ninguno&quot;}\" data-hamburger-device=\"none\">\n                <ul id=\"menu-kozmetik-cerrahi\" class=\"eael-simple-menu eael-simple-menu-dropdown-animate-to-top eael-simple-menu-indicator eael-simple-menu-vertical\"><li id=\"menu-item-552\" class=\"menu-item menu-item-type-post_type menu-item-object-page menu-item-552\"><a href=\"https:\/\/surgyteam.com\/es\/mommy-makeover-2\/\" class=\"menu-link\">Cambio de imagen de mam\u00e1<\/a><\/li>\n<li id=\"menu-item-543\" class=\"menu-item menu-item-type-post_type menu-item-object-page menu-item-543\"><a href=\"https:\/\/surgyteam.com\/es\/360-liposuction-2\/\" class=\"menu-link\">Liposucci\u00f3n 360<\/a><\/li>\n<li id=\"menu-item-550\" class=\"menu-item menu-item-type-post_type menu-item-object-page menu-item-550\"><a href=\"https:\/\/surgyteam.com\/es\/hi-def-liposuction\/\" class=\"menu-link\">Liposucci\u00f3n de alta definici\u00f3n<\/a><\/li>\n<li id=\"menu-item-545\" class=\"menu-item menu-item-type-post_type menu-item-object-page menu-item-545\"><a href=\"https:\/\/surgyteam.com\/es\/abs-cracks\/\" class=\"menu-link\">Grietas abdominales<\/a><\/li>\n<li id=\"menu-item-544\" class=\"menu-item menu-item-type-post_type menu-item-object-page menu-item-544\"><a href=\"https:\/\/surgyteam.com\/es\/abdominal-etching\/\" class=\"menu-link\">Grabado abdominal<\/a><\/li>\n<li id=\"menu-item-555\" class=\"menu-item menu-item-type-post_type menu-item-object-page menu-item-555\"><a href=\"https:\/\/surgyteam.com\/es\/upper-blepharoplasty\/\" class=\"menu-link\">Blefaroplastia superior<\/a><\/li>\n<li id=\"menu-item-551\" class=\"menu-item menu-item-type-post_type menu-item-object-page menu-item-551\"><a href=\"https:\/\/surgyteam.com\/es\/lower-blepharoplasty\/\" class=\"menu-link\">Blefaroplastia inferior<\/a><\/li>\n<li id=\"menu-item-547\" class=\"menu-item menu-item-type-post_type menu-item-object-page menu-item-547\"><a href=\"https:\/\/surgyteam.com\/es\/1-kozmetik-cerrahi-islemler-icin-cogaltilacak-2\/\" class=\"menu-link\">Ojo de gato<\/a><\/li>\n<li id=\"menu-item-549\" class=\"menu-item menu-item-type-post_type menu-item-object-page menu-item-549\"><a href=\"https:\/\/surgyteam.com\/es\/fox-eye\/\" class=\"menu-link\">Ojo de zorro<\/a><\/li>\n<li id=\"menu-item-546\" class=\"menu-item menu-item-type-post_type menu-item-object-page menu-item-546\"><a href=\"https:\/\/surgyteam.com\/es\/almond-eye\/\" class=\"menu-link\">Ojo de almendra<\/a><\/li>\n<li id=\"menu-item-554\" class=\"menu-item menu-item-type-post_type menu-item-object-page menu-item-554\"><a href=\"https:\/\/surgyteam.com\/es\/temporal-lift\/\" class=\"menu-link\">Elevaci\u00f3n temporal<\/a><\/li>\n<li id=\"menu-item-548\" class=\"menu-item menu-item-type-post_type menu-item-object-page menu-item-548\"><a href=\"https:\/\/surgyteam.com\/es\/double-jaw-surgery\/\" class=\"menu-link\">Cirug\u00eda de doble mand\u00edbula<\/a><\/li>\n<li id=\"menu-item-553\" class=\"menu-item menu-item-type-post_type menu-item-object-page menu-item-553\"><a href=\"https:\/\/surgyteam.com\/es\/orthognatic-surgery\/\" class=\"menu-link\">Cirug\u00eda ortogn\u00e1tica<\/a><\/li>\n<\/ul>                <button class=\"eael-simple-menu-toggle\">\n                    <span class=\"sr-only\">Men\u00fa de hamburguesas<\/span>\n                    <svg aria-hidden=\"true\" class=\"e-font-icon-svg e-fas-bars\" viewbox=\"0 0 448 512\" xmlns=\"http:\/\/www.w3.org\/2000\/svg\"><path d=\"M16 132h416c8.837 0 16-7.163 16-16V76c0-8.837-7.163-16-16-16H16C7.163 60 0 67.163 0 76v40c0 8.837 7.163 16 16 16zm0 160h416c8.837 0 16-7.163 16-16v-40c0-8.837-7.163-16-16-16H16c-8.837 0-16 7.163-16 16v40c0 8.837 7.163 16 16 16zm0 160h416c8.837 0 16-7.163 16-16v-40c0-8.837-7.163-16-16-16H16c-8.837 0-16 7.163-16 16v40c0 8.837 7.163 16 16 16z\"><\/path><\/svg>                <\/button>\n            <\/div>\n            \t\t\t\t<\/div>\n\t\t\t\t<\/div>\n\t\t\t\t<\/div>\n\t\t\t\t\t<\/div>\n\t\t\t\t<\/div>\n\t\t\t\t<\/div>","protected":false},"excerpt":{"rendered":"<p>Lip Fillers Enhance Your Beauty with Lip Fillers: Everything You Need to Know Lip fillers have become one of the most popular cosmetic treatments in recent years, offering a non-surgical way to achieve fuller, more defined lips. Whether you&#8217;re looking to enhance your natural beauty or correct asymmetry, lip fillers can provide the perfect solution. In this comprehensive guide, we\u2019ll explore everything you need to know about lip fillers, from what they are and how they work to what you can expect from the procedure. What Are Lip Fillers? Lip fillers, also known as lip augmentation or lip injections, involve the use of dermal fillers to add volume, shape, and structure to the lips. The most common type of filler used is hyaluronic acid (HA), a substance naturally found in the body that helps to retain moisture and provide elasticity. HA fillers are preferred due to their natural appearance, minimal side effects, and reversibility if needed. How Do Lip Fillers Work? Lip fillers are injected into specific areas of the lips to create volume and shape. The procedure typically takes around 30 minutes and involves the use of a fine needle or cannula to precisely place the filler beneath the skin. The results are immediate, with lips appearing fuller and more defined right after the treatment. Over time, the filler integrates with the tissue, providing a natural and long-lasting effect. Benefits of Lip Fillers Immediate Results: One of the most appealing aspects of lip fillers is the instant enhancement. Unlike other cosmetic procedures that may take weeks to show results, lip fillers provide immediate satisfaction. Natural Appearance: When performed by a skilled practitioner, lip fillers can enhance your lips without looking overdone. The use of hyaluronic acid fillers ensures a natural look that complements your facial features. Reversibility: If you\u2019re unhappy with the results, hyaluronic acid fillers can be dissolved with an enzyme called hyaluronidase, making it a low-risk option. Customization: Lip fillers are highly customizable, allowing you to achieve your desired look, whether that\u2019s a subtle enhancement or a more dramatic change. Minimal Downtime: Most patients experience little to no downtime, with any swelling or bruising typically subsiding within a few days. What to Expect During the Procedure Before the procedure, a consultation with a qualified practitioner is essential. During this consultation, you\u2019ll discuss your goals, and the practitioner will assess your lips and facial structure to determine the best approach. The actual treatment begins with the application of a topical numbing cream to minimize discomfort. Once the area is numb, the filler is carefully injected into the lips. The process is quick, usually completed within 15-30 minutes. After the injections, you may experience some swelling and bruising, but these side effects are temporary and should subside within a week. Aftercare and Recovery After the procedure, your practitioner will provide aftercare instructions to ensure the best results. It\u2019s important to avoid touching or massaging your lips for at least 24 hours to prevent the filler from moving. You should also avoid strenuous exercise, excessive heat, and alcohol for the first 48 hours to reduce the risk of swelling and bruising. Applying a cold compress can help alleviate any discomfort or swelling. It\u2019s also recommended to stay hydrated and avoid excessive salt intake, as this can contribute to swelling. How Long Do Lip Fillers Last? The longevity of lip fillers depends on several factors, including the type of filler used, your metabolism, and how much product was injected. On average, lip fillers last between 6 to 12 months. Regular touch-ups can help maintain the desired look, and some patients may find that less product is needed over time. Choosing the Right Practitioner The key to achieving beautiful, natural-looking results lies in choosing the right practitioner. It\u2019s important to select a licensed and experienced professional who specializes in cosmetic injectables. During your consultation, ask to see before and after photos of previous clients and discuss any concerns or questions you may have. Are Lip Fillers Right for You? Lip fillers are an excellent option for individuals looking to enhance their lips\u2019 volume and shape. Whether you\u2019re seeking to address thinning lips due to aging, correct asymmetry, or simply want fuller lips, this treatment can provide the results you desire. However, it\u2019s crucial to have realistic expectations and understand that the goal is to enhance your natural beauty, not drastically change your appearance. Conclusion Lip fillers offer a safe, effective, and customizable way to achieve the full, beautiful lips you\u2019ve always wanted. With minimal downtime, immediate results, and the ability to reverse the treatment if needed, it\u2019s no wonder lip fillers have become a go-to cosmetic procedure for many. By choosing a skilled practitioner and following proper aftercare, you can enjoy enhanced lips that look natural and complement your overall facial aesthetics. WHAT CAN YOU EXPECT Click on the links to discover more about your chosen surgical procedure, including information about your hospital stay and recovery time. Contact Us Mommy Makeover 360 Liposuction Hi-Def Liposuction Abs Cracks Abdominal Etching Upper Blepharoplasty Lower Blepharoplasty Cat Eye Fox Eye Almond Eye Temporal Lift Double Jaw Surgery Orthognatic Surgery Humberger Toggle Menu<\/p>","protected":false},"author":1,"featured_media":0,"parent":0,"menu_order":0,"comment_status":"closed","ping_status":"closed","template":"elementor_header_footer","meta":{"content-type":"","_daextam_enable_autolinks":"","site-sidebar-layout":"default","site-content-layout":"","ast-site-content-layout":"default","site-content-style":"default","site-sidebar-style":"default","ast-global-header-display":"","ast-banner-title-visibility":"","ast-main-header-display":"","ast-hfb-above-header-display":"","ast-hfb-below-header-display":"","ast-hfb-mobile-header-display":"","site-post-title":"","ast-breadcrumbs-content":"","ast-featured-img":"","footer-sml-layout":"","ast-disable-related-posts":"","theme-transparent-header-meta":"","adv-header-id-meta":"","stick-header-meta":"","header-above-stick-meta":"","header-main-stick-meta":"","header-below-stick-meta":"","astra-migrate-meta-layouts":"default","ast-page-background-enabled":"default","ast-page-background-meta":{"desktop":{"background-color":"var(--ast-global-color-4)","background-image":"","background-repeat":"repeat","background-position":"center center","background-size":"auto","background-attachment":"scroll","background-type":"","background-media":"","overlay-type":"","overlay-color":"","overlay-opacity":"","overlay-gradient":""},"tablet":{"background-color":"","background-image":"","background-repeat":"repeat","background-position":"center center","background-size":"auto","background-attachment":"scroll","background-type":"","background-media":"","overlay-type":"","overlay-color":"","overlay-opacity":"","overlay-gradient":""},"mobile":{"background-color":"","background-image":"","background-repeat":"repeat","background-position":"center center","background-size":"auto","background-attachment":"scroll","background-type":"","background-media":"","overlay-type":"","overlay-color":"","overlay-opacity":"","overlay-gradient":""}},"ast-content-background-meta":{"desktop":{"background-color":"var(--ast-global-color-5)","background-image":"","background-repeat":"repeat","background-position":"center center","background-size":"auto","background-attachment":"scroll","background-type":"","background-media":"","overlay-type":"","overlay-color":"","overlay-opacity":"","overlay-gradient":""},"tablet":{"background-color":"var(--ast-global-color-5)","background-image":"","background-repeat":"repeat","background-position":"center center","background-size":"auto","background-attachment":"scroll","background-type":"","background-media":"","overlay-type":"","overlay-color":"","overlay-opacity":"","overlay-gradient":""},"mobile":{"background-color":"var(--ast-global-color-5)","background-image":"","background-repeat":"repeat","background-position":"center center","background-size":"auto","background-attachment":"scroll","background-type":"","background-media":"","overlay-type":"","overlay-color":"","overlay-opacity":"","overlay-gradient":""}},"footnotes":""},"class_list":["post-1002","page","type-page","status-publish","hentry"],"_links":{"self":[{"href":"https:\/\/surgyteam.com\/es\/wp-json\/wp\/v2\/pages\/1002","targetHints":{"allow":["GET"]}}],"collection":[{"href":"https:\/\/surgyteam.com\/es\/wp-json\/wp\/v2\/pages"}],"about":[{"href":"https:\/\/surgyteam.com\/es\/wp-json\/wp\/v2\/types\/page"}],"author":[{"embeddable":true,"href":"https:\/\/surgyteam.com\/es\/wp-json\/wp\/v2\/users\/1"}],"replies":[{"embeddable":true,"href":"https:\/\/surgyteam.com\/es\/wp-json\/wp\/v2\/comments?post=1002"}],"version-history":[{"count":0,"href":"https:\/\/surgyteam.com\/es\/wp-json\/wp\/v2\/pages\/1002\/revisions"}],"wp:attachment":[{"href":"https:\/\/surgyteam.com\/es\/wp-json\/wp\/v2\/media?parent=1002"}],"curies":[{"name":"wp","href":"https:\/\/api.w.org\/{rel}","templated":true}]}}