{"id":295,"date":"2024-07-20T10:27:49","date_gmt":"2024-07-20T10:27:49","guid":{"rendered":"https:\/\/surgyteam.com\/?page_id=295"},"modified":"2024-07-20T16:59:36","modified_gmt":"2024-07-20T16:59:36","slug":"grietas-en-los-abdominales","status":"publish","type":"page","link":"https:\/\/surgyteam.com\/es\/abs-cracks\/","title":{"rendered":"Grietas abdominales"},"content":{"rendered":"<div data-elementor-type=\"wp-page\" data-elementor-id=\"295\" class=\"elementor elementor-295\">\n\t\t\t\t<div class=\"elementor-element elementor-element-09cf3b8 e-flex e-con-boxed wpr-particle-no wpr-jarallax-no wpr-parallax-no wpr-sticky-section-no wpr-equal-height-no e-con e-parent\" data-id=\"09cf3b8\" data-element_type=\"container\" data-e-type=\"container\" data-settings=\"{&quot;background_background&quot;:&quot;classic&quot;}\">\n\t\t\t\t\t<div class=\"e-con-inner\">\n\t\t\t\t<div class=\"elementor-element elementor-element-6eaee70 elementor-widget elementor-widget-wpr-post-title\" data-id=\"6eaee70\" data-element_type=\"widget\" data-e-type=\"widget\" data-widget_type=\"wpr-post-title.default\">\n\t\t\t\t<div class=\"elementor-widget-container\">\n\t\t\t\t\t<h1 class=\"wpr-post-title\">Grietas abdominales<\/h1>\t\t\t\t<\/div>\n\t\t\t\t<\/div>\n\t\t\t\t\t<\/div>\n\t\t\t\t<\/div>\n\t\t<div class=\"elementor-element elementor-element-6ecccb3 e-flex e-con-boxed wpr-particle-no wpr-jarallax-no wpr-parallax-no wpr-sticky-section-no wpr-equal-height-no e-con e-parent\" data-id=\"6ecccb3\" data-element_type=\"container\" data-e-type=\"container\">\n\t\t\t\t\t<div class=\"e-con-inner\">\n\t\t<div class=\"elementor-element elementor-element-bd5f2bf e-con-full e-flex wpr-particle-no wpr-jarallax-no wpr-parallax-no wpr-sticky-section-no wpr-equal-height-no e-con e-child\" data-id=\"bd5f2bf\" data-element_type=\"container\" data-e-type=\"container\">\n\t\t\t\t<div class=\"elementor-element elementor-element-b88b836 elementor-widget elementor-widget-image\" data-id=\"b88b836\" data-element_type=\"widget\" data-e-type=\"widget\" data-widget_type=\"image.default\">\n\t\t\t\t<div class=\"elementor-widget-container\">\n\t\t\t\t\t\t\t\t\t\t\t\t\t\t\t<img fetchpriority=\"high\" decoding=\"async\" width=\"1024\" height=\"597\" src=\"https:\/\/surgyteam.com\/wp-content\/uploads\/2024\/07\/abs-cracks-1024x597.jpg\" class=\"attachment-large size-large wp-image-297\" alt=\"grietas en los abdominales\" srcset=\"https:\/\/surgyteam.com\/wp-content\/uploads\/2024\/07\/abs-cracks-1024x597.jpg 1024w, https:\/\/surgyteam.com\/wp-content\/uploads\/2024\/07\/abs-cracks-300x175.jpg 300w, https:\/\/surgyteam.com\/wp-content\/uploads\/2024\/07\/abs-cracks-768x448.jpg 768w, https:\/\/surgyteam.com\/wp-content\/uploads\/2024\/07\/abs-cracks-1536x896.jpg 1536w, https:\/\/surgyteam.com\/wp-content\/uploads\/2024\/07\/abs-cracks.jpg 1600w\" sizes=\"(max-width: 1024px) 100vw, 1024px\" \/>\t\t\t\t\t\t\t\t\t\t\t\t\t\t\t<\/div>\n\t\t\t\t<\/div>\n\t\t\t\t<div class=\"elementor-element elementor-element-c5acd1f elementor-widget elementor-widget-text-editor\" data-id=\"c5acd1f\" data-element_type=\"widget\" data-e-type=\"widget\" data-widget_type=\"text-editor.default\">\n\t\t\t\t<div class=\"elementor-widget-container\">\n\t\t\t\t\t\t\t\t\t<p align=\"left\"><b>Abs Cracks: Consiga un abdomen esculpido en la Cl\u00ednica SURGYTEAM<\/b><\/p><p align=\"left\">Los abdominales definidos son un s\u00edmbolo de aptitud f\u00edsica y capacidad atl\u00e9tica, pero lograr esa apariencia cincelada puede ser un desaf\u00edo. En la Cl\u00ednica SURGYTEAM, ofrecemos procedimientos especializados para ayudarlo a lograr \u201cabdominales marcados\u201d, las l\u00edneas definidas que crean la apariencia de un six-pack esculpido.<\/p><p align=\"left\"><b>\u00bfQu\u00e9 son los Abdominales Cracks?<\/b><\/p><p align=\"left\">Las grietas abdominales son las l\u00edneas profundas que recorren verticalmente el abdomen y realzan la apariencia de un six-pack. Este aspecto definido se logra reduciendo la grasa alrededor de los m\u00fasculos abdominales y acentuando sus contornos naturales. El resultado es una apariencia muy tonificada y atl\u00e9tica.<\/p><p align=\"left\"><b>El enfoque cl\u00ednico de SURGYTEAM<\/b><\/p><p align=\"left\">En la Cl\u00ednica SURGYTEAM, utilizamos t\u00e9cnicas avanzadas para ayudar a nuestros pacientes a lograr sus objetivos est\u00e9ticos. Nuestros cirujanos experimentados est\u00e1n capacitados para crear abdominales de aspecto natural que realzan su f\u00edsico en general. Priorizamos la seguridad y la satisfacci\u00f3n del paciente, garantizando los mejores resultados posibles.<\/p><p align=\"left\"><b>El procedimiento<\/b><\/p><p align=\"left\">La creaci\u00f3n de grietas en los abdominales implica una combinaci\u00f3n de t\u00e9cnicas de liposucci\u00f3n y grabado muscular. El cirujano elimina el exceso de grasa de la zona abdominal y esculpe la grasa restante para resaltar las l\u00edneas naturales de los m\u00fasculos. Este procedimiento se realiza normalmente con anestesia local o general, seg\u00fan la extensi\u00f3n del tratamiento.<\/p><p align=\"left\"><b>Beneficios del procedimiento Abs Cracks<\/b><\/p><ul><li><p align=\"left\"><b>Definici\u00f3n muscular mejorada<\/b>:El procedimiento resalta los contornos naturales de los m\u00fasculos abdominales, creando una apariencia m\u00e1s definida y esculpida.<\/p><\/li><li><p align=\"left\"><b>Recuperaci\u00f3n r\u00e1pida<\/b>:La mayor\u00eda de los pacientes pueden volver a sus actividades normales en una semana, con un tiempo de inactividad y molestias m\u00ednimos.<\/p><\/li><li><p align=\"left\"><b>Resultados de apariencia natural<\/b>:Los resultados est\u00e1n dise\u00f1ados para lucir naturales y armoniosos con la forma general de su cuerpo.<\/p><\/li><li><p align=\"left\"><b>Mayor confianza<\/b>:Lograr un six-pack definido puede mejorar tu confianza en ti mismo y tu apariencia general.<\/p><\/li><\/ul><p align=\"left\"><b>Candidatos ideales<\/b><\/p><p align=\"left\">El procedimiento de abdominales es m\u00e1s adecuado para personas que ya est\u00e1n en buena forma f\u00edsica pero que tienen dificultades para lograr el nivel deseado de definici\u00f3n muscular. Los candidatos ideales tienen buena elasticidad de la piel y expectativas realistas sobre los resultados.<\/p><p align=\"left\"><b>Recuperaci\u00f3n y cuidados posteriores<\/b><\/p><p align=\"left\">La recuperaci\u00f3n del procedimiento de fracturas abdominales implica algo de hinchaz\u00f3n y hematomas, que generalmente desaparecen en unas pocas semanas. Se recomienda a los pacientes que sigan las instrucciones de cuidados posoperatorios proporcionadas por la Cl\u00ednica SURGYTEAM para garantizar una recuperaci\u00f3n sin problemas y resultados \u00f3ptimos. Se pueden recomendar prendas de compresi\u00f3n para ayudar a reducir la hinchaz\u00f3n y sujetar los nuevos contornos.<\/p><p align=\"left\"><b>\u00bfPor qu\u00e9 elegir la Cl\u00ednica SURGYTEAM?<\/b><\/p><ul><li><p align=\"left\"><b>Cirujanos expertos<\/b>Nuestro equipo de cirujanos tiene una amplia experiencia en la realizaci\u00f3n de procedimientos de contorno corporal y est\u00e1 dedicado a lograr los mejores resultados posibles para nuestros pacientes.<\/p><\/li><li><p align=\"left\"><b>Instalaciones de \u00faltima generaci\u00f3n<\/b>:La Cl\u00ednica SURGYTEAM est\u00e1 equipada con la \u00faltima tecnolog\u00eda y una moderna suite quir\u00fargica, garantizando un ambiente seguro y confortable para nuestros pacientes.<\/p><\/li><li><p align=\"left\"><b>Atenci\u00f3n personalizada<\/b>Ofrecemos consultas integrales y planes de tratamiento personalizados para satisfacer las necesidades y objetivos \u00fanicos de cada paciente.<\/p><\/li><li><p align=\"left\"><b>Mejoras naturales<\/b>Nuestro enfoque se centra en crear resultados de aspecto natural que mejoren su apariencia general y aumenten su confianza.<\/p><\/li><\/ul><p align=\"left\"><b>Programe su consulta hoy<\/b><\/p><p align=\"left\">Si est\u00e1 listo para lograr un abdomen esculpido con abdominales definidos, comun\u00edquese con la Cl\u00ednica SURGYTEAM para programar su consulta. Nuestro equipo de expertos est\u00e1 aqu\u00ed para guiarlo en cada paso del proceso, desde comprender el procedimiento hasta brindarle una atenci\u00f3n posoperatoria excepcional. Descubra los beneficios transformadores del procedimiento de abdominales definidos y d\u00e9 el primer paso hacia el cuerpo de sus sue\u00f1os.<\/p>\t\t\t\t\t\t\t\t<\/div>\n\t\t\t\t<\/div>\n\t\t\t\t<\/div>\n\t\t<div class=\"elementor-element elementor-element-b373dbe e-con-full e-flex wpr-particle-no wpr-jarallax-no wpr-parallax-no wpr-sticky-section-no wpr-equal-height-no e-con e-child\" data-id=\"b373dbe\" data-element_type=\"container\" data-e-type=\"container\">\n\t\t\t\t<div class=\"elementor-element elementor-element-36389fc content-align-cta-default elementor-widget elementor-widget-eael-cta-box\" data-id=\"36389fc\" data-element_type=\"widget\" data-e-type=\"widget\" data-widget_type=\"eael-cta-box.default\">\n\t\t\t\t<div class=\"elementor-widget-container\">\n\t\t\t\t\t\t\t<div class=\"eael-call-to-action cta-basic bg-lite cta-preset-1\">\n        <h2 class=\"title eael-cta-heading\">\u00bfQU\u00c9 PUEDES ESPERAR?<\/h2><p>Haga clic en los enlaces para obtener m\u00e1s informaci\u00f3n sobre el procedimiento quir\u00fargico elegido, incluida informaci\u00f3n sobre su estad\u00eda en el hospital y <a href=\"https:\/\/surgyteam.com\/es\/contactenos\/\" rel=\"sponsored\">Tiempo de recuperaci\u00f3n<\/a>.<\/p><a href=\"\/es\/contactenos\/\" class=\"cta-button cta-preset-1\">Cont\u00e1ctenos<\/a>\t<\/div>\n\t\t\t\t\t\t\t\t<\/div>\n\t\t\t\t<\/div>\n\t\t\t\t<div class=\"elementor-element elementor-element-fa1b0eb eael-hamburger--none eael-simple-menu-hamburger-align-right elementor-widget elementor-widget-eael-simple-menu\" data-id=\"fa1b0eb\" data-element_type=\"widget\" data-e-type=\"widget\" data-widget_type=\"eael-simple-menu.default\">\n\t\t\t\t<div class=\"elementor-widget-container\">\n\t\t\t\t\t            <div data-hamburger-icon=\"&lt;svg aria-hidden=&quot;true&quot; class=&quot;e-font-icon-svg e-fas-bars&quot; viewBox=&quot;0 0 448 512&quot; xmlns=&quot;http:\/\/www.w3.org\/2000\/svg&quot;&gt;&lt;path d=&quot;M16 132h416c8.837 0 16-7.163 16-16V76c0-8.837-7.163-16-16-16H16C7.163 60 0 67.163 0 76v40c0 8.837 7.163 16 16 16zm0 160h416c8.837 0 16-7.163 16-16v-40c0-8.837-7.163-16-16-16H16c-8.837 0-16 7.163-16 16v40c0 8.837 7.163 16 16 16zm0 160h416c8.837 0 16-7.163 16-16v-40c0-8.837-7.163-16-16-16H16c-8.837 0-16 7.163-16 16v40c0 8.837 7.163 16 16 16z&quot;&gt;&lt;\/path&gt;&lt;\/svg&gt;\" data-indicator-icon=\"&lt;svg aria-hidden=&quot;true&quot; class=&quot;e-font-icon-svg e-fas-angle-down&quot; viewBox=&quot;0 0 320 512&quot; xmlns=&quot;http:\/\/www.w3.org\/2000\/svg&quot;&gt;&lt;path d=&quot;M143 352.3L7 216.3c-9.4-9.4-9.4-24.6 0-33.9l22.6-22.6c9.4-9.4 24.6-9.4 33.9 0l96.4 96.4 96.4-96.4c9.4-9.4 24.6-9.4 33.9 0l22.6 22.6c9.4 9.4 9.4 24.6 0 33.9l-136 136c-9.2 9.4-24.4 9.4-33.8 0z&quot;&gt;&lt;\/path&gt;&lt;\/svg&gt;\" data-dropdown-indicator-icon=\"&lt;svg class=&quot;e-font-icon-svg e-fas-angle-down&quot; viewBox=&quot;0 0 320 512&quot; xmlns=&quot;http:\/\/www.w3.org\/2000\/svg&quot;&gt;&lt;path d=&quot;M143 352.3L7 216.3c-9.4-9.4-9.4-24.6 0-33.9l22.6-22.6c9.4-9.4 24.6-9.4 33.9 0l96.4 96.4 96.4-96.4c9.4-9.4 24.6-9.4 33.9 0l22.6 22.6c9.4 9.4 9.4 24.6 0 33.9l-136 136c-9.2 9.4-24.4 9.4-33.8 0z&quot;&gt;&lt;\/path&gt;&lt;\/svg&gt;\" class=\"eael-simple-menu-container eael-simple-menu--loading eael-simple-menu-align-left eael-simple-menu-dropdown-align-left preset-2\" data-hamburger-breakpoints=\"{&quot;mobile&quot;:&quot;M\\u00f3vil vertical (&gt; 767px)&quot;,&quot;tablet&quot;:&quot;Tableta vertical (&gt; 1024px)&quot;,&quot;desktop&quot;:&quot;Escritorio (&gt; 2400px)&quot;,&quot;none&quot;:&quot;Ninguno&quot;}\" data-hamburger-device=\"none\">\n                <ul id=\"menu-kozmetik-cerrahi\" class=\"eael-simple-menu eael-simple-menu-dropdown-animate-to-top eael-simple-menu-indicator eael-simple-menu-vertical\"><li id=\"menu-item-552\" class=\"menu-item menu-item-type-post_type menu-item-object-page menu-item-552\"><a href=\"https:\/\/surgyteam.com\/es\/mommy-makeover-2\/\" class=\"menu-link\">Cambio de imagen de mam\u00e1<\/a><\/li>\n<li id=\"menu-item-543\" class=\"menu-item menu-item-type-post_type menu-item-object-page menu-item-543\"><a href=\"https:\/\/surgyteam.com\/es\/360-liposuction-2\/\" class=\"menu-link\">Liposucci\u00f3n 360<\/a><\/li>\n<li id=\"menu-item-550\" class=\"menu-item menu-item-type-post_type menu-item-object-page menu-item-550\"><a href=\"https:\/\/surgyteam.com\/es\/hi-def-liposuction\/\" class=\"menu-link\">Liposucci\u00f3n de alta definici\u00f3n<\/a><\/li>\n<li id=\"menu-item-545\" class=\"menu-item menu-item-type-post_type menu-item-object-page menu-item-545\"><a href=\"https:\/\/surgyteam.com\/es\/abs-cracks\/\" class=\"menu-link\">Grietas abdominales<\/a><\/li>\n<li id=\"menu-item-544\" class=\"menu-item menu-item-type-post_type menu-item-object-page menu-item-544\"><a href=\"https:\/\/surgyteam.com\/es\/abdominal-etching\/\" class=\"menu-link\">Grabado abdominal<\/a><\/li>\n<li id=\"menu-item-555\" class=\"menu-item menu-item-type-post_type menu-item-object-page menu-item-555\"><a href=\"https:\/\/surgyteam.com\/es\/upper-blepharoplasty\/\" class=\"menu-link\">Blefaroplastia superior<\/a><\/li>\n<li id=\"menu-item-551\" class=\"menu-item menu-item-type-post_type menu-item-object-page menu-item-551\"><a href=\"https:\/\/surgyteam.com\/es\/lower-blepharoplasty\/\" class=\"menu-link\">Blefaroplastia inferior<\/a><\/li>\n<li id=\"menu-item-547\" class=\"menu-item menu-item-type-post_type menu-item-object-page menu-item-547\"><a href=\"https:\/\/surgyteam.com\/es\/1-kozmetik-cerrahi-islemler-icin-cogaltilacak-2\/\" class=\"menu-link\">Ojo de gato<\/a><\/li>\n<li id=\"menu-item-549\" class=\"menu-item menu-item-type-post_type menu-item-object-page menu-item-549\"><a href=\"https:\/\/surgyteam.com\/es\/fox-eye\/\" class=\"menu-link\">Ojo de zorro<\/a><\/li>\n<li id=\"menu-item-546\" class=\"menu-item menu-item-type-post_type menu-item-object-page menu-item-546\"><a href=\"https:\/\/surgyteam.com\/es\/almond-eye\/\" class=\"menu-link\">Ojo de almendra<\/a><\/li>\n<li id=\"menu-item-554\" class=\"menu-item menu-item-type-post_type menu-item-object-page menu-item-554\"><a href=\"https:\/\/surgyteam.com\/es\/temporal-lift\/\" class=\"menu-link\">Elevaci\u00f3n temporal<\/a><\/li>\n<li id=\"menu-item-548\" class=\"menu-item menu-item-type-post_type menu-item-object-page menu-item-548\"><a href=\"https:\/\/surgyteam.com\/es\/double-jaw-surgery\/\" class=\"menu-link\">Cirug\u00eda de doble mand\u00edbula<\/a><\/li>\n<li id=\"menu-item-553\" class=\"menu-item menu-item-type-post_type menu-item-object-page menu-item-553\"><a href=\"https:\/\/surgyteam.com\/es\/orthognatic-surgery\/\" class=\"menu-link\">Cirug\u00eda ortogn\u00e1tica<\/a><\/li>\n<\/ul>                <button class=\"eael-simple-menu-toggle\">\n                    <span class=\"sr-only\">Men\u00fa de hamburguesas<\/span>\n                    <svg aria-hidden=\"true\" class=\"e-font-icon-svg e-fas-bars\" viewbox=\"0 0 448 512\" xmlns=\"http:\/\/www.w3.org\/2000\/svg\"><path d=\"M16 132h416c8.837 0 16-7.163 16-16V76c0-8.837-7.163-16-16-16H16C7.163 60 0 67.163 0 76v40c0 8.837 7.163 16 16 16zm0 160h416c8.837 0 16-7.163 16-16v-40c0-8.837-7.163-16-16-16H16c-8.837 0-16 7.163-16 16v40c0 8.837 7.163 16 16 16zm0 160h416c8.837 0 16-7.163 16-16v-40c0-8.837-7.163-16-16-16H16c-8.837 0-16 7.163-16 16v40c0 8.837 7.163 16 16 16z\"><\/path><\/svg>                <\/button>\n            <\/div>\n            \t\t\t\t<\/div>\n\t\t\t\t<\/div>\n\t\t\t\t<\/div>\n\t\t\t\t\t<\/div>\n\t\t\t\t<\/div>\n\t\t\t\t<\/div>","protected":false},"excerpt":{"rendered":"<p>Abs Cracks Abs Cracks: Achieve a Sculpted Abdomen at SURGYTEAM Clinic Defined abs are a symbol of fitness and athleticism, but achieving that chiseled look can be challenging. At SURGYTEAM Clinic, we offer specialized procedures to help you achieve &#8220;abs cracks,&#8221; the defined lines that create the appearance of a sculpted six-pack. What are Abs Cracks? Abs cracks refer to the deep lines that run vertically along the abdomen, enhancing the appearance of a six-pack. This defined look is achieved by reducing fat around the abdominal muscles and accentuating their natural contours. The result is a highly toned and athletic appearance. The SURGYTEAM Clinic Approach At SURGYTEAM Clinic, we use advanced techniques to help our patients achieve their aesthetic goals. Our experienced surgeons are skilled in creating natural-looking abs cracks that enhance your overall physique. We prioritize patient safety and satisfaction, ensuring the best possible results. The Procedure Creating abs cracks involves a combination of liposuction and muscle etching techniques. The surgeon removes excess fat from the abdominal area and sculpts the remaining fat to highlight the natural lines of the muscles. This procedure is typically performed under local or general anesthesia, depending on the extent of the treatment. Benefits of Abs Cracks Procedure Enhanced Muscle Definition: The procedure highlights the natural contours of the abdominal muscles, creating a more defined and sculpted look. Quick Recovery: Most patients can return to their normal activities within a week, with minimal downtime and discomfort. Natural-Looking Results: The results are designed to look natural and harmonious with your body&#8217;s overall shape. Boosted Confidence: Achieving a defined six-pack can enhance your self-confidence and overall appearance. Ideal Candidates The abs cracks procedure is best suited for individuals who are already in good physical condition but struggle to achieve the desired level of muscle definition. Ideal candidates have good skin elasticity and realistic expectations about the results. Recovery and Aftercare Recovery from the abs cracks procedure involves some swelling and bruising, which typically subsides within a few weeks. Patients are advised to follow post-operative care instructions provided by SURGYTEAM Clinic to ensure a smooth recovery and optimal results. Compression garments may be recommended to help reduce swelling and support the new contours. Why Choose SURGYTEAM Clinic? Expert Surgeons: Our team of surgeons has extensive experience in performing body contouring procedures and is dedicated to achieving the best possible results for our patients. State-of-the-Art Facility: SURGYTEAM Clinic is equipped with the latest technology and a modern surgical suite, ensuring a safe and comfortable environment for our patients. Personalized Care: We provide comprehensive consultations and personalized treatment plans to meet each patient&#8217;s unique needs and goals. Natural Enhancements: Our focus is on creating natural-looking results that enhance your overall appearance and boost your confidence. Schedule Your Consultation Today If you&#8217;re ready to achieve a sculpted abdomen with defined abs cracks, contact SURGYTEAM Clinic to schedule your consultation. Our expert team is here to guide you through every step of the process, from understanding the procedure to providing exceptional post-operative care. Discover the transformative benefits of the abs cracks procedure and take the first step towards your dream body. WHAT CAN YOU EXPECT Click on the links to discover more about your chosen surgical procedure, including information about your hospital stay and recovery time. Contact Us Mommy Makeover 360 Liposuction Hi-Def Liposuction Abs Cracks Abdominal Etching Upper Blepharoplasty Lower Blepharoplasty Cat Eye Fox Eye Almond Eye Temporal Lift Double Jaw Surgery Orthognatic Surgery Humberger Toggle Menu<\/p>","protected":false},"author":1,"featured_media":0,"parent":0,"menu_order":0,"comment_status":"closed","ping_status":"closed","template":"elementor_header_footer","meta":{"content-type":"","_daextam_enable_autolinks":"","site-sidebar-layout":"default","site-content-layout":"","ast-site-content-layout":"default","site-content-style":"default","site-sidebar-style":"default","ast-global-header-display":"","ast-banner-title-visibility":"","ast-main-header-display":"","ast-hfb-above-header-display":"","ast-hfb-below-header-display":"","ast-hfb-mobile-header-display":"","site-post-title":"","ast-breadcrumbs-content":"","ast-featured-img":"","footer-sml-layout":"","ast-disable-related-posts":"","theme-transparent-header-meta":"","adv-header-id-meta":"","stick-header-meta":"","header-above-stick-meta":"","header-main-stick-meta":"","header-below-stick-meta":"","astra-migrate-meta-layouts":"default","ast-page-background-enabled":"default","ast-page-background-meta":{"desktop":{"background-color":"var(--ast-global-color-4)","background-image":"","background-repeat":"repeat","background-position":"center center","background-size":"auto","background-attachment":"scroll","background-type":"","background-media":"","overlay-type":"","overlay-color":"","overlay-opacity":"","overlay-gradient":""},"tablet":{"background-color":"","background-image":"","background-repeat":"repeat","background-position":"center center","background-size":"auto","background-attachment":"scroll","background-type":"","background-media":"","overlay-type":"","overlay-color":"","overlay-opacity":"","overlay-gradient":""},"mobile":{"background-color":"","background-image":"","background-repeat":"repeat","background-position":"center center","background-size":"auto","background-attachment":"scroll","background-type":"","background-media":"","overlay-type":"","overlay-color":"","overlay-opacity":"","overlay-gradient":""}},"ast-content-background-meta":{"desktop":{"background-color":"var(--ast-global-color-5)","background-image":"","background-repeat":"repeat","background-position":"center center","background-size":"auto","background-attachment":"scroll","background-type":"","background-media":"","overlay-type":"","overlay-color":"","overlay-opacity":"","overlay-gradient":""},"tablet":{"background-color":"var(--ast-global-color-5)","background-image":"","background-repeat":"repeat","background-position":"center center","background-size":"auto","background-attachment":"scroll","background-type":"","background-media":"","overlay-type":"","overlay-color":"","overlay-opacity":"","overlay-gradient":""},"mobile":{"background-color":"var(--ast-global-color-5)","background-image":"","background-repeat":"repeat","background-position":"center center","background-size":"auto","background-attachment":"scroll","background-type":"","background-media":"","overlay-type":"","overlay-color":"","overlay-opacity":"","overlay-gradient":""}},"footnotes":""},"class_list":["post-295","page","type-page","status-publish","hentry"],"_links":{"self":[{"href":"https:\/\/surgyteam.com\/es\/wp-json\/wp\/v2\/pages\/295","targetHints":{"allow":["GET"]}}],"collection":[{"href":"https:\/\/surgyteam.com\/es\/wp-json\/wp\/v2\/pages"}],"about":[{"href":"https:\/\/surgyteam.com\/es\/wp-json\/wp\/v2\/types\/page"}],"author":[{"embeddable":true,"href":"https:\/\/surgyteam.com\/es\/wp-json\/wp\/v2\/users\/1"}],"replies":[{"embeddable":true,"href":"https:\/\/surgyteam.com\/es\/wp-json\/wp\/v2\/comments?post=295"}],"version-history":[{"count":0,"href":"https:\/\/surgyteam.com\/es\/wp-json\/wp\/v2\/pages\/295\/revisions"}],"wp:attachment":[{"href":"https:\/\/surgyteam.com\/es\/wp-json\/wp\/v2\/media?parent=295"}],"curies":[{"name":"wp","href":"https:\/\/api.w.org\/{rel}","templated":true}]}}