{"id":322,"date":"2024-07-20T11:28:01","date_gmt":"2024-07-20T11:28:01","guid":{"rendered":"https:\/\/surgyteam.com\/?page_id=322"},"modified":"2025-02-04T15:33:41","modified_gmt":"2025-02-04T15:33:41","slug":"blefaroplastia-inferior","status":"publish","type":"page","link":"https:\/\/surgyteam.com\/es\/lower-blepharoplasty\/","title":{"rendered":"Blefaroplastia inferior"},"content":{"rendered":"<div data-elementor-type=\"wp-page\" data-elementor-id=\"322\" class=\"elementor elementor-322\">\n\t\t\t\t<div class=\"elementor-element elementor-element-09cf3b8 e-flex e-con-boxed wpr-particle-no wpr-jarallax-no wpr-parallax-no wpr-sticky-section-no wpr-equal-height-no e-con e-parent\" data-id=\"09cf3b8\" data-element_type=\"container\" data-e-type=\"container\" data-settings=\"{&quot;background_background&quot;:&quot;classic&quot;}\">\n\t\t\t\t\t<div class=\"e-con-inner\">\n\t\t\t\t<div class=\"elementor-element elementor-element-9ad3fe9 elementor-widget elementor-widget-wpr-post-title\" data-id=\"9ad3fe9\" data-element_type=\"widget\" data-e-type=\"widget\" data-widget_type=\"wpr-post-title.default\">\n\t\t\t\t<div class=\"elementor-widget-container\">\n\t\t\t\t\t<h1 class=\"wpr-post-title\">Blefaroplastia inferior<\/h1>\t\t\t\t<\/div>\n\t\t\t\t<\/div>\n\t\t\t\t\t<\/div>\n\t\t\t\t<\/div>\n\t\t<div class=\"elementor-element elementor-element-6ecccb3 e-flex e-con-boxed wpr-particle-no wpr-jarallax-no wpr-parallax-no wpr-sticky-section-no wpr-equal-height-no e-con e-parent\" data-id=\"6ecccb3\" data-element_type=\"container\" data-e-type=\"container\">\n\t\t\t\t\t<div class=\"e-con-inner\">\n\t\t<div class=\"elementor-element elementor-element-bd5f2bf e-con-full e-flex wpr-particle-no wpr-jarallax-no wpr-parallax-no wpr-sticky-section-no wpr-equal-height-no e-con e-child\" data-id=\"bd5f2bf\" data-element_type=\"container\" data-e-type=\"container\">\n\t\t\t\t<div class=\"elementor-element elementor-element-4227395 elementor-widget elementor-widget-image\" data-id=\"4227395\" data-element_type=\"widget\" data-e-type=\"widget\" data-widget_type=\"image.default\">\n\t\t\t\t<div class=\"elementor-widget-container\">\n\t\t\t\t\t\t\t\t\t\t\t\t\t\t\t<img fetchpriority=\"high\" decoding=\"async\" width=\"1024\" height=\"576\" src=\"https:\/\/surgyteam.com\/wp-content\/uploads\/2024\/07\/Lower-blepharoplasty-1024x576.jpg\" class=\"attachment-large size-large wp-image-326\" alt=\"Blefaroplastia inferior\" srcset=\"https:\/\/surgyteam.com\/wp-content\/uploads\/2024\/07\/Lower-blepharoplasty-1024x576.jpg 1024w, https:\/\/surgyteam.com\/wp-content\/uploads\/2024\/07\/Lower-blepharoplasty-300x169.jpg 300w, https:\/\/surgyteam.com\/wp-content\/uploads\/2024\/07\/Lower-blepharoplasty-768x432.jpg 768w, https:\/\/surgyteam.com\/wp-content\/uploads\/2024\/07\/Lower-blepharoplasty-1536x864.jpg 1536w, https:\/\/surgyteam.com\/wp-content\/uploads\/2024\/07\/Lower-blepharoplasty.jpg 1920w\" sizes=\"(max-width: 1024px) 100vw, 1024px\" \/>\t\t\t\t\t\t\t\t\t\t\t\t\t\t\t<\/div>\n\t\t\t\t<\/div>\n\t\t\t\t<div class=\"elementor-element elementor-element-c5acd1f elementor-widget elementor-widget-text-editor\" data-id=\"c5acd1f\" data-element_type=\"widget\" data-e-type=\"widget\" data-widget_type=\"text-editor.default\">\n\t\t\t\t<div class=\"elementor-widget-container\">\n\t\t\t\t\t\t\t\t\t<p align=\"left\"><b>Blefaroplastia Inferior: Ilumine su mirada en la Cl\u00ednica SURGYTEAM<\/b><\/p><p align=\"left\">Las bolsas debajo de los ojos, la hinchaz\u00f3n y las ojeras pueden hacer que luzca cansado y mayor de lo que se siente. En la Cl\u00ednica SURGYTEAM, ofrecemos blefaroplastia inferior para rejuvenecer los p\u00e1rpados inferiores y recuperar una apariencia joven y vibrante.<\/p><p align=\"left\"><b>\u00bfQu\u00e9 es la Blefaroplastia Inferior?<\/b><\/p><p align=\"left\">La blefaroplastia inferior, tambi\u00e9n conocida como cirug\u00eda de p\u00e1rpados inferiores, es un procedimiento cosm\u00e9tico que elimina el exceso de piel, grasa y m\u00fasculo de los p\u00e1rpados inferiores. Esta cirug\u00eda ayuda a reducir la hinchaz\u00f3n, suavizar las arrugas y eliminar las bolsas debajo de los ojos, lo que le da un aspecto m\u00e1s fresco y despierto.<\/p><p align=\"left\"><b>El enfoque cl\u00ednico de SURGYTEAM<\/b><\/p><p align=\"left\">En la Cl\u00ednica SURGYTEAM, nuestros cirujanos experimentados utilizan t\u00e9cnicas avanzadas para garantizar resultados de apariencia natural. Nos centramos en lograr una mejora sutil que complemente sus rasgos faciales. Nuestro enfoque centrado en el paciente garantiza que cada procedimiento se adapte a las necesidades individuales y los objetivos est\u00e9ticos.<\/p><p align=\"left\"><b>El procedimiento<\/b><\/p><p align=\"left\">La blefaroplastia inferior se realiza generalmente con anestesia local con sedaci\u00f3n o anestesia general. El cirujano realiza incisiones dentro del p\u00e1rpado inferior (abordaje transconjuntival) o justo debajo de la l\u00ednea de las pesta\u00f1as inferiores (abordaje subciliar) para eliminar o reposicionar la grasa y tensar la piel. El procedimiento suele durar entre una y dos horas.<\/p><p align=\"left\"><b>Beneficios de la blefaroplastia inferior<\/b><\/p><ul><li><p align=\"left\"><b>Apariencia rejuvenecida<\/b>:El procedimiento ayuda a restaurar una apariencia juvenil y fresca a los ojos.<\/p><\/li><li><p align=\"left\"><b>Reducci\u00f3n de bolsas bajo los ojos<\/b>:La eliminaci\u00f3n o reposicionamiento de la grasa reduce la hinchaz\u00f3n y las bolsas debajo de los ojos.<\/p><\/li><li><p align=\"left\"><b>Piel m\u00e1s suave<\/b>:Al tensar la piel se suavizan las arrugas y las l\u00edneas finas.<\/p><\/li><li><p align=\"left\"><b>Cicatrices m\u00ednimas<\/b>:Las incisiones se realizan en lugares poco visibles, lo que da como resultado cicatrices visibles m\u00ednimas.<\/p><\/li><\/ul><p align=\"left\"><b>Candidatos ideales<\/b><\/p><p align=\"left\">La blefaroplastia inferior es ideal para personas que tienen bolsas, hinchazones o arrugas debajo de los ojos que afectan su apariencia. Los candidatos deben tener buena salud general y expectativas realistas sobre los resultados.<\/p><p align=\"left\"><b>Recuperaci\u00f3n y cuidados posteriores<\/b><\/p><p align=\"left\">La recuperaci\u00f3n de la blefaroplastia superior implica algo de hinchaz\u00f3n y hematomas, que suelen desaparecer en una semana. Se recomienda a los pacientes que sigan las instrucciones de cuidados posoperatorios proporcionadas por la Cl\u00ednica SURGYTEAM para garantizar una recuperaci\u00f3n sin problemas y resultados \u00f3ptimos. Las compresas fr\u00edas y los medicamentos recetados pueden ayudar a controlar las molestias durante el proceso de curaci\u00f3n.<\/p><p align=\"left\"><b>\u00bfPor qu\u00e9 elegir la Cl\u00ednica SURGYTEAM?<\/b><\/p><ul><li><p align=\"left\"><b>Cirujanos expertos<\/b>:Nuestro equipo de cirujanos tiene una amplia experiencia en la realizaci\u00f3n de cirug\u00edas de p\u00e1rpados y est\u00e1 dedicado a lograr los mejores resultados posibles para nuestros pacientes.<\/p><\/li><li><p align=\"left\"><b>Instalaciones de \u00faltima generaci\u00f3n<\/b>:La Cl\u00ednica SURGYTEAM est\u00e1 equipada con la \u00faltima tecnolog\u00eda y una moderna suite quir\u00fargica, garantizando un ambiente seguro y confortable para nuestros pacientes.<\/p><\/li><li><p align=\"left\"><b>Atenci\u00f3n personalizada<\/b>Ofrecemos consultas integrales y planes de tratamiento personalizados para satisfacer las necesidades y objetivos \u00fanicos de cada paciente.<\/p><\/li><li><p align=\"left\"><b>Mejoras naturales<\/b>Nuestro enfoque se centra en crear resultados de aspecto natural que mejoren su apariencia general y aumenten su confianza.<\/p><\/li><\/ul><p align=\"left\"><b>Programe su consulta hoy<\/b><\/p><p align=\"left\">Si est\u00e1 listo para iluminar su mirada con una blefaroplastia inferior, comun\u00edquese con la Cl\u00ednica SURGYTEAM para programar una consulta. Nuestro equipo de expertos est\u00e1 aqu\u00ed para guiarlo en cada paso del proceso, desde comprender el procedimiento hasta brindarle una atenci\u00f3n posoperatoria excepcional. Descubra los beneficios transformadores de la blefaroplastia inferior y adopte una apariencia m\u00e1s joven y vibrante.<\/p>\t\t\t\t\t\t\t\t<\/div>\n\t\t\t\t<\/div>\n\t\t\t\t<\/div>\n\t\t<div class=\"elementor-element elementor-element-b373dbe e-con-full e-flex wpr-particle-no wpr-jarallax-no wpr-parallax-no wpr-sticky-section-no wpr-equal-height-no e-con e-child\" data-id=\"b373dbe\" data-element_type=\"container\" data-e-type=\"container\">\n\t\t\t\t<div class=\"elementor-element elementor-element-36389fc content-align-cta-default elementor-widget elementor-widget-eael-cta-box\" data-id=\"36389fc\" data-element_type=\"widget\" data-e-type=\"widget\" data-widget_type=\"eael-cta-box.default\">\n\t\t\t\t<div class=\"elementor-widget-container\">\n\t\t\t\t\t\t\t<div class=\"eael-call-to-action cta-basic bg-lite cta-preset-1\">\n        <h2 class=\"title eael-cta-heading\">\u00bfQU\u00c9 PUEDES ESPERAR?<\/h2><p>Haga clic en los enlaces para obtener m\u00e1s informaci\u00f3n sobre el procedimiento quir\u00fargico elegido, incluida informaci\u00f3n sobre su estad\u00eda en el hospital y <a href=\"https:\/\/surgyteam.com\/es\/contactenos\/\" rel=\"sponsored\">Tiempo de recuperaci\u00f3n<\/a>.<\/p><a href=\"\/es\/contactenos\/\" class=\"cta-button cta-preset-1\">Cont\u00e1ctenos<\/a>\t<\/div>\n\t\t\t\t\t\t\t\t<\/div>\n\t\t\t\t<\/div>\n\t\t\t\t<div class=\"elementor-element elementor-element-3f7df0b eael-hamburger--none eael-simple-menu-hamburger-align-right elementor-widget elementor-widget-eael-simple-menu\" data-id=\"3f7df0b\" data-element_type=\"widget\" data-e-type=\"widget\" data-widget_type=\"eael-simple-menu.default\">\n\t\t\t\t<div class=\"elementor-widget-container\">\n\t\t\t\t\t            <div data-hamburger-icon=\"&lt;svg aria-hidden=&quot;true&quot; class=&quot;e-font-icon-svg e-fas-bars&quot; viewBox=&quot;0 0 448 512&quot; xmlns=&quot;http:\/\/www.w3.org\/2000\/svg&quot;&gt;&lt;path d=&quot;M16 132h416c8.837 0 16-7.163 16-16V76c0-8.837-7.163-16-16-16H16C7.163 60 0 67.163 0 76v40c0 8.837 7.163 16 16 16zm0 160h416c8.837 0 16-7.163 16-16v-40c0-8.837-7.163-16-16-16H16c-8.837 0-16 7.163-16 16v40c0 8.837 7.163 16 16 16zm0 160h416c8.837 0 16-7.163 16-16v-40c0-8.837-7.163-16-16-16H16c-8.837 0-16 7.163-16 16v40c0 8.837 7.163 16 16 16z&quot;&gt;&lt;\/path&gt;&lt;\/svg&gt;\" data-indicator-icon=\"&lt;svg aria-hidden=&quot;true&quot; class=&quot;e-font-icon-svg e-fas-angle-down&quot; viewBox=&quot;0 0 320 512&quot; xmlns=&quot;http:\/\/www.w3.org\/2000\/svg&quot;&gt;&lt;path d=&quot;M143 352.3L7 216.3c-9.4-9.4-9.4-24.6 0-33.9l22.6-22.6c9.4-9.4 24.6-9.4 33.9 0l96.4 96.4 96.4-96.4c9.4-9.4 24.6-9.4 33.9 0l22.6 22.6c9.4 9.4 9.4 24.6 0 33.9l-136 136c-9.2 9.4-24.4 9.4-33.8 0z&quot;&gt;&lt;\/path&gt;&lt;\/svg&gt;\" data-dropdown-indicator-icon=\"&lt;svg class=&quot;e-font-icon-svg e-fas-angle-down&quot; viewBox=&quot;0 0 320 512&quot; xmlns=&quot;http:\/\/www.w3.org\/2000\/svg&quot;&gt;&lt;path d=&quot;M143 352.3L7 216.3c-9.4-9.4-9.4-24.6 0-33.9l22.6-22.6c9.4-9.4 24.6-9.4 33.9 0l96.4 96.4 96.4-96.4c9.4-9.4 24.6-9.4 33.9 0l22.6 22.6c9.4 9.4 9.4 24.6 0 33.9l-136 136c-9.2 9.4-24.4 9.4-33.8 0z&quot;&gt;&lt;\/path&gt;&lt;\/svg&gt;\" class=\"eael-simple-menu-container eael-simple-menu--loading eael-simple-menu-align-left eael-simple-menu-dropdown-align-left preset-2\" data-hamburger-breakpoints=\"{&quot;mobile&quot;:&quot;M\\u00f3vil vertical (&gt; 767px)&quot;,&quot;tablet&quot;:&quot;Tableta vertical (&gt; 1024px)&quot;,&quot;desktop&quot;:&quot;Escritorio (&gt; 2400px)&quot;,&quot;none&quot;:&quot;Ninguno&quot;}\" data-hamburger-device=\"none\">\n                <ul id=\"menu-kozmetik-cerrahi\" class=\"eael-simple-menu eael-simple-menu-dropdown-animate-to-top eael-simple-menu-indicator eael-simple-menu-vertical\"><li id=\"menu-item-552\" class=\"menu-item menu-item-type-post_type menu-item-object-page menu-item-552\"><a href=\"https:\/\/surgyteam.com\/es\/mommy-makeover-2\/\" class=\"menu-link\">Cambio de imagen de mam\u00e1<\/a><\/li>\n<li id=\"menu-item-543\" class=\"menu-item menu-item-type-post_type menu-item-object-page menu-item-543\"><a href=\"https:\/\/surgyteam.com\/es\/360-liposuction-2\/\" class=\"menu-link\">Liposucci\u00f3n 360<\/a><\/li>\n<li id=\"menu-item-550\" class=\"menu-item menu-item-type-post_type menu-item-object-page menu-item-550\"><a href=\"https:\/\/surgyteam.com\/es\/hi-def-liposuction\/\" class=\"menu-link\">Liposucci\u00f3n de alta definici\u00f3n<\/a><\/li>\n<li id=\"menu-item-545\" class=\"menu-item menu-item-type-post_type menu-item-object-page menu-item-545\"><a href=\"https:\/\/surgyteam.com\/es\/abs-cracks\/\" class=\"menu-link\">Grietas abdominales<\/a><\/li>\n<li id=\"menu-item-544\" class=\"menu-item menu-item-type-post_type menu-item-object-page menu-item-544\"><a href=\"https:\/\/surgyteam.com\/es\/abdominal-etching\/\" class=\"menu-link\">Grabado abdominal<\/a><\/li>\n<li id=\"menu-item-555\" class=\"menu-item menu-item-type-post_type menu-item-object-page menu-item-555\"><a href=\"https:\/\/surgyteam.com\/es\/upper-blepharoplasty\/\" class=\"menu-link\">Blefaroplastia superior<\/a><\/li>\n<li id=\"menu-item-551\" class=\"menu-item menu-item-type-post_type menu-item-object-page menu-item-551\"><a href=\"https:\/\/surgyteam.com\/es\/lower-blepharoplasty\/\" class=\"menu-link\">Blefaroplastia inferior<\/a><\/li>\n<li id=\"menu-item-547\" class=\"menu-item menu-item-type-post_type menu-item-object-page menu-item-547\"><a href=\"https:\/\/surgyteam.com\/es\/1-kozmetik-cerrahi-islemler-icin-cogaltilacak-2\/\" class=\"menu-link\">Ojo de gato<\/a><\/li>\n<li id=\"menu-item-549\" class=\"menu-item menu-item-type-post_type menu-item-object-page menu-item-549\"><a href=\"https:\/\/surgyteam.com\/es\/fox-eye\/\" class=\"menu-link\">Ojo de zorro<\/a><\/li>\n<li id=\"menu-item-546\" class=\"menu-item menu-item-type-post_type menu-item-object-page menu-item-546\"><a href=\"https:\/\/surgyteam.com\/es\/almond-eye\/\" class=\"menu-link\">Ojo de almendra<\/a><\/li>\n<li id=\"menu-item-554\" class=\"menu-item menu-item-type-post_type menu-item-object-page menu-item-554\"><a href=\"https:\/\/surgyteam.com\/es\/temporal-lift\/\" class=\"menu-link\">Elevaci\u00f3n temporal<\/a><\/li>\n<li id=\"menu-item-548\" class=\"menu-item menu-item-type-post_type menu-item-object-page menu-item-548\"><a href=\"https:\/\/surgyteam.com\/es\/double-jaw-surgery\/\" class=\"menu-link\">Cirug\u00eda de doble mand\u00edbula<\/a><\/li>\n<li id=\"menu-item-553\" class=\"menu-item menu-item-type-post_type menu-item-object-page menu-item-553\"><a href=\"https:\/\/surgyteam.com\/es\/orthognatic-surgery\/\" class=\"menu-link\">Cirug\u00eda ortogn\u00e1tica<\/a><\/li>\n<\/ul>                <button class=\"eael-simple-menu-toggle\">\n                    <span class=\"sr-only\">Men\u00fa de hamburguesas<\/span>\n                    <svg aria-hidden=\"true\" class=\"e-font-icon-svg e-fas-bars\" viewbox=\"0 0 448 512\" xmlns=\"http:\/\/www.w3.org\/2000\/svg\"><path d=\"M16 132h416c8.837 0 16-7.163 16-16V76c0-8.837-7.163-16-16-16H16C7.163 60 0 67.163 0 76v40c0 8.837 7.163 16 16 16zm0 160h416c8.837 0 16-7.163 16-16v-40c0-8.837-7.163-16-16-16H16c-8.837 0-16 7.163-16 16v40c0 8.837 7.163 16 16 16zm0 160h416c8.837 0 16-7.163 16-16v-40c0-8.837-7.163-16-16-16H16c-8.837 0-16 7.163-16 16v40c0 8.837 7.163 16 16 16z\"><\/path><\/svg>                <\/button>\n            <\/div>\n            \t\t\t\t<\/div>\n\t\t\t\t<\/div>\n\t\t\t\t<\/div>\n\t\t\t\t\t<\/div>\n\t\t\t\t<\/div>\n\t\t\t\t<\/div>","protected":false},"excerpt":{"rendered":"<p>Blefaroplastia Inferior Blefaroplastia Inferior: Ilumine sus ojos en la Cl\u00ednica SURGYTEAM Las bolsas debajo de los ojos, la hinchaz\u00f3n y las ojeras pueden hacer que luzca cansado y mayor de lo que se siente. En la Cl\u00ednica SURGYTEAM, ofrecemos Blefaroplastia Inferior para rejuvenecer los p\u00e1rpados inferiores y restaurar una apariencia juvenil y vibrante. \u00bfQu\u00e9 es la Blefaroplastia Inferior? La Blefaroplastia Inferior, tambi\u00e9n conocida como cirug\u00eda de p\u00e1rpados inferiores, es un procedimiento cosm\u00e9tico que elimina el exceso de piel, grasa y m\u00fasculo de los p\u00e1rpados inferiores. Esta cirug\u00eda ayuda a reducir la hinchaz\u00f3n, suavizar las arrugas y eliminar las bolsas debajo de los ojos, lo que le brinda una apariencia m\u00e1s fresca y despierta. El enfoque de la Cl\u00ednica SURGYTEAM En la Cl\u00ednica SURGYTEAM, nuestros cirujanos experimentados utilizan t\u00e9cnicas avanzadas para garantizar resultados de apariencia natural. Nos enfocamos en lograr una mejora sutil que complemente sus rasgos faciales. Nuestro enfoque centrado en el paciente garantiza que cada procedimiento se adapte para satisfacer las necesidades individuales y los objetivos est\u00e9ticos. El procedimiento La blefaroplastia inferior se realiza generalmente con anestesia local con sedaci\u00f3n o anestesia general. El cirujano realiza incisiones ya sea dentro del p\u00e1rpado inferior (abordaje transconjuntival) o justo debajo de la l\u00ednea de las pesta\u00f1as inferiores (abordaje subciliar) para eliminar o reposicionar la grasa y tensar la piel. El procedimiento suele tardar entre una y dos horas. Beneficios de la blefaroplastia inferior Aspecto rejuvenecido: el procedimiento ayuda a restaurar una apariencia juvenil y fresca a los ojos. Reducci\u00f3n de las bolsas debajo de los ojos: la eliminaci\u00f3n o reposicionamiento de la grasa reduce la hinchaz\u00f3n y las bolsas debajo de los ojos. Piel m\u00e1s suave: el tensado de la piel suaviza las arrugas y las l\u00edneas finas. Cicatrices m\u00ednimas: las incisiones se realizan en lugares discretos, lo que da como resultado cicatrices visibles m\u00ednimas. Candidatos ideales La blefaroplastia inferior es ideal para personas que tienen hinchaz\u00f3n, bolsas o arrugas debajo de los ojos que afectan su apariencia. Los candidatos deben tener una buena salud general y tener expectativas realistas sobre los resultados. Recuperaci\u00f3n y cuidados posteriores La recuperaci\u00f3n de la blefaroplastia inferior implica algo de hinchaz\u00f3n y hematomas, que generalmente desaparecen en una semana. Se recomienda a los pacientes que sigan las instrucciones de cuidados posoperatorios proporcionadas por la Cl\u00ednica SURGYTEAM para garantizar una recuperaci\u00f3n sin problemas y resultados \u00f3ptimos. Las compresas fr\u00edas y los medicamentos recetados pueden ayudar a controlar las molestias durante el proceso de curaci\u00f3n. \u00bfPor qu\u00e9 elegir la Cl\u00ednica SURGYTEAM? Cirujanos expertos: Nuestro equipo de cirujanos tiene una amplia experiencia en la realizaci\u00f3n de cirug\u00edas de p\u00e1rpados y se dedica a lograr los mejores resultados posibles para nuestros pacientes. Instalaciones de \u00faltima generaci\u00f3n: La Cl\u00ednica SURGYTEAM est\u00e1 equipada con la \u00faltima tecnolog\u00eda y una moderna suite quir\u00fargica, lo que garantiza un entorno seguro y c\u00f3modo para nuestros pacientes. Atenci\u00f3n personalizada: Brindamos consultas integrales y planes de tratamiento personalizados para satisfacer las necesidades y objetivos \u00fanicos de cada paciente. Mejoras naturales: Nuestro enfoque est\u00e1 en crear resultados de apariencia natural que mejoren su apariencia general y aumenten su confianza. Programe su consulta hoy Si est\u00e1 listo para iluminar sus ojos con una blefaroplastia inferior, comun\u00edquese con la Cl\u00ednica SURGYTEAM para programar su consulta. Nuestro equipo de expertos est\u00e1 aqu\u00ed para guiarlo en cada paso del proceso, desde la comprensi\u00f3n del procedimiento hasta la prestaci\u00f3n de una atenci\u00f3n posoperatoria excepcional. Descubra los beneficios transformadores de la blefaroplastia inferior y adopte una apariencia m\u00e1s juvenil y vibrante. \u00bfQU\u00c9 PUEDE ESPERAR? Haga clic en los enlaces para obtener m\u00e1s informaci\u00f3n sobre el procedimiento quir\u00fargico elegido, incluida informaci\u00f3n sobre su estad\u00eda en el hospital y el tiempo de recuperaci\u00f3n. Cont\u00e1ctenos Mommy Makeover 360 Liposucci\u00f3n Liposucci\u00f3n de alta definici\u00f3n Abdominales agrietados Grabado abdominal Blefaroplastia superior Blefaroplastia inferior Ojo de gato Ojo de zorro Ojo de almendra Levantamiento temporal Cirug\u00eda de doble mand\u00edbula Cirug\u00eda ortogn\u00e1tica Humberger Alternar men\u00fa<\/p>","protected":false},"author":1,"featured_media":0,"parent":0,"menu_order":0,"comment_status":"closed","ping_status":"closed","template":"elementor_header_footer","meta":{"content-type":"","_daextam_enable_autolinks":"","site-sidebar-layout":"default","site-content-layout":"","ast-site-content-layout":"default","site-content-style":"default","site-sidebar-style":"default","ast-global-header-display":"","ast-banner-title-visibility":"","ast-main-header-display":"","ast-hfb-above-header-display":"","ast-hfb-below-header-display":"","ast-hfb-mobile-header-display":"","site-post-title":"","ast-breadcrumbs-content":"","ast-featured-img":"","footer-sml-layout":"","ast-disable-related-posts":"","theme-transparent-header-meta":"","adv-header-id-meta":"","stick-header-meta":"","header-above-stick-meta":"","header-main-stick-meta":"","header-below-stick-meta":"","astra-migrate-meta-layouts":"default","ast-page-background-enabled":"default","ast-page-background-meta":{"desktop":{"background-color":"var(--ast-global-color-4)","background-image":"","background-repeat":"repeat","background-position":"center center","background-size":"auto","background-attachment":"scroll","background-type":"","background-media":"","overlay-type":"","overlay-color":"","overlay-opacity":"","overlay-gradient":""},"tablet":{"background-color":"","background-image":"","background-repeat":"repeat","background-position":"center center","background-size":"auto","background-attachment":"scroll","background-type":"","background-media":"","overlay-type":"","overlay-color":"","overlay-opacity":"","overlay-gradient":""},"mobile":{"background-color":"","background-image":"","background-repeat":"repeat","background-position":"center center","background-size":"auto","background-attachment":"scroll","background-type":"","background-media":"","overlay-type":"","overlay-color":"","overlay-opacity":"","overlay-gradient":""}},"ast-content-background-meta":{"desktop":{"background-color":"var(--ast-global-color-5)","background-image":"","background-repeat":"repeat","background-position":"center center","background-size":"auto","background-attachment":"scroll","background-type":"","background-media":"","overlay-type":"","overlay-color":"","overlay-opacity":"","overlay-gradient":""},"tablet":{"background-color":"var(--ast-global-color-5)","background-image":"","background-repeat":"repeat","background-position":"center center","background-size":"auto","background-attachment":"scroll","background-type":"","background-media":"","overlay-type":"","overlay-color":"","overlay-opacity":"","overlay-gradient":""},"mobile":{"background-color":"var(--ast-global-color-5)","background-image":"","background-repeat":"repeat","background-position":"center center","background-size":"auto","background-attachment":"scroll","background-type":"","background-media":"","overlay-type":"","overlay-color":"","overlay-opacity":"","overlay-gradient":""}},"footnotes":""},"class_list":["post-322","page","type-page","status-publish","hentry"],"_links":{"self":[{"href":"https:\/\/surgyteam.com\/es\/wp-json\/wp\/v2\/pages\/322","targetHints":{"allow":["GET"]}}],"collection":[{"href":"https:\/\/surgyteam.com\/es\/wp-json\/wp\/v2\/pages"}],"about":[{"href":"https:\/\/surgyteam.com\/es\/wp-json\/wp\/v2\/types\/page"}],"author":[{"embeddable":true,"href":"https:\/\/surgyteam.com\/es\/wp-json\/wp\/v2\/users\/1"}],"replies":[{"embeddable":true,"href":"https:\/\/surgyteam.com\/es\/wp-json\/wp\/v2\/comments?post=322"}],"version-history":[{"count":1,"href":"https:\/\/surgyteam.com\/es\/wp-json\/wp\/v2\/pages\/322\/revisions"}],"predecessor-version":[{"id":2845,"href":"https:\/\/surgyteam.com\/es\/wp-json\/wp\/v2\/pages\/322\/revisions\/2845"}],"wp:attachment":[{"href":"https:\/\/surgyteam.com\/es\/wp-json\/wp\/v2\/media?parent=322"}],"curies":[{"name":"wp","href":"https:\/\/api.w.org\/{rel}","templated":true}]}}