{"id":366,"date":"2024-07-20T12:32:25","date_gmt":"2024-07-20T12:32:25","guid":{"rendered":"https:\/\/surgyteam.com\/?page_id=366"},"modified":"2024-07-20T17:22:49","modified_gmt":"2024-07-20T17:22:49","slug":"cirugia-ortognatica","status":"publish","type":"page","link":"https:\/\/surgyteam.com\/es\/orthognatic-surgery\/","title":{"rendered":"Cirug\u00eda ortogn\u00e1tica"},"content":{"rendered":"<div data-elementor-type=\"wp-page\" data-elementor-id=\"366\" class=\"elementor elementor-366\">\n\t\t\t\t<div class=\"elementor-element elementor-element-09cf3b8 e-flex e-con-boxed wpr-particle-no wpr-jarallax-no wpr-parallax-no wpr-sticky-section-no wpr-equal-height-no e-con e-parent\" data-id=\"09cf3b8\" data-element_type=\"container\" data-e-type=\"container\" data-settings=\"{&quot;background_background&quot;:&quot;classic&quot;}\">\n\t\t\t\t\t<div class=\"e-con-inner\">\n\t\t\t\t<div class=\"elementor-element elementor-element-6eaee70 elementor-widget elementor-widget-wpr-post-title\" data-id=\"6eaee70\" data-element_type=\"widget\" data-e-type=\"widget\" data-widget_type=\"wpr-post-title.default\">\n\t\t\t\t<div class=\"elementor-widget-container\">\n\t\t\t\t\t<h1 class=\"wpr-post-title\">Cirug\u00eda ortogn\u00e1tica<\/h1>\t\t\t\t<\/div>\n\t\t\t\t<\/div>\n\t\t\t\t\t<\/div>\n\t\t\t\t<\/div>\n\t\t<div class=\"elementor-element elementor-element-6ecccb3 e-flex e-con-boxed wpr-particle-no wpr-jarallax-no wpr-parallax-no wpr-sticky-section-no wpr-equal-height-no e-con e-parent\" data-id=\"6ecccb3\" data-element_type=\"container\" data-e-type=\"container\">\n\t\t\t\t\t<div class=\"e-con-inner\">\n\t\t<div class=\"elementor-element elementor-element-bd5f2bf e-con-full e-flex wpr-particle-no wpr-jarallax-no wpr-parallax-no wpr-sticky-section-no wpr-equal-height-no e-con e-child\" data-id=\"bd5f2bf\" data-element_type=\"container\" data-e-type=\"container\">\n\t\t\t\t<div class=\"elementor-element elementor-element-b88b836 elementor-widget elementor-widget-image\" data-id=\"b88b836\" data-element_type=\"widget\" data-e-type=\"widget\" data-widget_type=\"image.default\">\n\t\t\t\t<div class=\"elementor-widget-container\">\n\t\t\t\t\t\t\t\t\t\t\t\t\t\t\t<img fetchpriority=\"high\" decoding=\"async\" width=\"829\" height=\"481\" src=\"https:\/\/surgyteam.com\/wp-content\/uploads\/2024\/07\/Orthognathic-Surgery.png\" class=\"attachment-large size-large wp-image-368\" alt=\"Cirug\u00eda Ortogn\u00e1tica\" srcset=\"https:\/\/surgyteam.com\/wp-content\/uploads\/2024\/07\/Orthognathic-Surgery.png 829w, https:\/\/surgyteam.com\/wp-content\/uploads\/2024\/07\/Orthognathic-Surgery-300x174.png 300w, https:\/\/surgyteam.com\/wp-content\/uploads\/2024\/07\/Orthognathic-Surgery-768x446.png 768w\" sizes=\"(max-width: 829px) 100vw, 829px\" \/>\t\t\t\t\t\t\t\t\t\t\t\t\t\t\t<\/div>\n\t\t\t\t<\/div>\n\t\t\t\t<div class=\"elementor-element elementor-element-c5acd1f elementor-widget elementor-widget-text-editor\" data-id=\"c5acd1f\" data-element_type=\"widget\" data-e-type=\"widget\" data-widget_type=\"text-editor.default\">\n\t\t\t\t<div class=\"elementor-widget-container\">\n\t\t\t\t\t\t\t\t\t<p align=\"left\"><b>Cirug\u00eda Ortogn\u00e1tica: Consiga la Armon\u00eda Facial en la Cl\u00ednica SURGYTEAM<\/b><\/p><p align=\"left\">La cirug\u00eda ortogn\u00e1tica, com\u00fanmente conocida como cirug\u00eda correctiva de mand\u00edbula, es un procedimiento transformador que aborda la desalineaci\u00f3n de la mand\u00edbula y los desequilibrios faciales. En la Cl\u00ednica SURGYTEAM, ofrecemos cirug\u00eda ortogn\u00e1tica para ayudarlo a lograr una mejor funcionalidad y una mejor est\u00e9tica facial.<\/p><p align=\"left\"><b>\u00bfQu\u00e9 es la cirug\u00eda ortogn\u00e1tica?<\/b><\/p><p align=\"left\">La cirug\u00eda ortogn\u00e1tica consiste en la correcci\u00f3n quir\u00fargica de las irregularidades de la mand\u00edbula para mejorar la alineaci\u00f3n y la funci\u00f3n de la mand\u00edbula y los dientes. Este procedimiento suele ser necesario para personas con discrepancias esquel\u00e9ticas que no se pueden corregir \u00fanicamente con ortodoncia. Aborda problemas como la maloclusi\u00f3n, la asimetr\u00eda de la mand\u00edbula y los problemas respiratorios.<\/p><p align=\"left\"><b>La diferencia de la Cl\u00ednica SURGYTEAM<\/b><\/p><p align=\"left\">En la Cl\u00ednica SURGYTEAM, nuestros cirujanos experimentados utilizan t\u00e9cnicas avanzadas para garantizar resultados precisos y efectivos. Nos centramos en lograr mejoras tanto funcionales como est\u00e9ticas, adaptando cada procedimiento para satisfacer las necesidades y objetivos individuales de nuestros pacientes.<\/p><p align=\"left\"><b>El procedimiento<\/b><\/p><p align=\"left\">La cirug\u00eda ortogn\u00e1tica se realiza generalmente bajo anestesia general. El cirujano realiza incisiones dentro de la boca para acceder a los maxilares, minimizando las cicatrices visibles. Luego, se reposicionan los maxilares y se fijan con placas y tornillos. El procedimiento suele durar entre tres y seis horas, seg\u00fan la complejidad del caso.<\/p><p align=\"left\"><b>Beneficios de la cirug\u00eda ortogn\u00e1tica<\/b><\/p><ul><li><p align=\"left\"><b>Mordida y funcionalidad mejoradas<\/b>:La correcci\u00f3n de la desalineaci\u00f3n de la mand\u00edbula puede mejorar las funciones de masticaci\u00f3n, habla y respiraci\u00f3n.<\/p><\/li><li><p align=\"left\"><b>Est\u00e9tica facial mejorada<\/b>:El procedimiento puede mejorar significativamente el equilibrio y la armon\u00eda de sus rasgos faciales.<\/p><\/li><li><p align=\"left\"><b>Resultados duraderos<\/b>:Los resultados de la cirug\u00eda ortogn\u00e1tica est\u00e1n dise\u00f1ados para ser duraderos, proporcionando mejoras sostenidas tanto en la funci\u00f3n como en la apariencia.<\/p><\/li><li><p align=\"left\"><b>Mayor confianza<\/b>:Lograr una mand\u00edbula m\u00e1s equilibrada y funcional puede mejorar su confianza en s\u00ed mismo y su calidad de vida en general.<\/p><\/li><\/ul><p align=\"left\"><b>Candidatos ideales<\/b><\/p><p align=\"left\">La cirug\u00eda ortogn\u00e1tica es ideal para personas con una desalineaci\u00f3n mandibular significativa que afecta su mordida, habla o est\u00e9tica facial. Los candidatos deben tener buena salud general y expectativas realistas sobre los resultados.<\/p><p align=\"left\"><b>Recuperaci\u00f3n y cuidados posteriores<\/b><\/p><p align=\"left\">La recuperaci\u00f3n de la cirug\u00eda ortogn\u00e1tica implica una hospitalizaci\u00f3n de uno a dos d\u00edas, seguida de unas semanas de recuperaci\u00f3n en casa. Los pacientes pueden experimentar hinchaz\u00f3n y molestias, que suelen desaparecer en unas pocas semanas. Se recomienda una dieta blanda o l\u00edquida durante el per\u00edodo inicial de curaci\u00f3n. Las citas de seguimiento en la Cl\u00ednica SURGYTEAM son esenciales para controlar el progreso y garantizar resultados \u00f3ptimos.<\/p><p align=\"left\"><b>\u00bfPor qu\u00e9 elegir la Cl\u00ednica SURGYTEAM?<\/b><\/p><ul><li><p align=\"left\"><b>Cirujanos expertos<\/b>:Nuestro equipo de cirujanos tiene una amplia experiencia en la realizaci\u00f3n de cirug\u00edas de p\u00e1rpados y est\u00e1 dedicado a lograr los mejores resultados posibles para nuestros pacientes.<\/p><\/li><li><p align=\"left\"><b>Instalaciones de \u00faltima generaci\u00f3n<\/b>:La Cl\u00ednica SURGYTEAM est\u00e1 equipada con la \u00faltima tecnolog\u00eda y una moderna suite quir\u00fargica, garantizando un ambiente seguro y confortable para nuestros pacientes.<\/p><\/li><li><p align=\"left\"><b>Atenci\u00f3n personalizada<\/b>Ofrecemos consultas integrales y planes de tratamiento personalizados para satisfacer las necesidades y objetivos \u00fanicos de cada paciente.<\/p><\/li><li><p align=\"left\"><b>Mejoras funcionales y est\u00e9ticas<\/b>Nuestro enfoque se centra en lograr mejoras tanto funcionales como est\u00e9ticas que mejoren su calidad de vida en general.<\/p><\/li><\/ul><p align=\"left\"><b>Programe su consulta hoy<\/b><\/p><p align=\"left\">Si est\u00e1 listo para lograr la armon\u00eda facial con la cirug\u00eda ortogn\u00e1tica, comun\u00edquese con la Cl\u00ednica SURGYTEAM para programar su consulta. Nuestro equipo de expertos est\u00e1 aqu\u00ed para guiarlo en cada paso del proceso, desde comprender el procedimiento hasta brindar una atenci\u00f3n posoperatoria excepcional. Descubra los beneficios transformadores de la cirug\u00eda ortogn\u00e1tica y adopte una mand\u00edbula m\u00e1s equilibrada y funcional.<\/p>\t\t\t\t\t\t\t\t<\/div>\n\t\t\t\t<\/div>\n\t\t\t\t<\/div>\n\t\t<div class=\"elementor-element elementor-element-b373dbe e-con-full e-flex wpr-particle-no wpr-jarallax-no wpr-parallax-no wpr-sticky-section-no wpr-equal-height-no e-con e-child\" data-id=\"b373dbe\" data-element_type=\"container\" data-e-type=\"container\">\n\t\t\t\t<div class=\"elementor-element elementor-element-36389fc content-align-cta-default elementor-widget elementor-widget-eael-cta-box\" data-id=\"36389fc\" data-element_type=\"widget\" data-e-type=\"widget\" data-widget_type=\"eael-cta-box.default\">\n\t\t\t\t<div class=\"elementor-widget-container\">\n\t\t\t\t\t\t\t<div class=\"eael-call-to-action cta-basic bg-lite cta-preset-1\">\n        <h2 class=\"title eael-cta-heading\">\u00bfQU\u00c9 PUEDES ESPERAR?<\/h2><p>Haga clic en los enlaces para obtener m\u00e1s informaci\u00f3n sobre el procedimiento quir\u00fargico elegido, incluida informaci\u00f3n sobre su estad\u00eda en el hospital y <a href=\"https:\/\/surgyteam.com\/es\/contactenos\/\" rel=\"sponsored\">Tiempo de recuperaci\u00f3n<\/a>.<\/p><a href=\"\/es\/contactenos\/\" class=\"cta-button cta-preset-1\">Cont\u00e1ctenos<\/a>\t<\/div>\n\t\t\t\t\t\t\t\t<\/div>\n\t\t\t\t<\/div>\n\t\t\t\t<div class=\"elementor-element elementor-element-182a182 eael-hamburger--none eael-simple-menu-hamburger-align-right elementor-widget elementor-widget-eael-simple-menu\" data-id=\"182a182\" data-element_type=\"widget\" data-e-type=\"widget\" data-widget_type=\"eael-simple-menu.default\">\n\t\t\t\t<div class=\"elementor-widget-container\">\n\t\t\t\t\t            <div data-hamburger-icon=\"&lt;svg aria-hidden=&quot;true&quot; class=&quot;e-font-icon-svg e-fas-bars&quot; viewBox=&quot;0 0 448 512&quot; xmlns=&quot;http:\/\/www.w3.org\/2000\/svg&quot;&gt;&lt;path d=&quot;M16 132h416c8.837 0 16-7.163 16-16V76c0-8.837-7.163-16-16-16H16C7.163 60 0 67.163 0 76v40c0 8.837 7.163 16 16 16zm0 160h416c8.837 0 16-7.163 16-16v-40c0-8.837-7.163-16-16-16H16c-8.837 0-16 7.163-16 16v40c0 8.837 7.163 16 16 16zm0 160h416c8.837 0 16-7.163 16-16v-40c0-8.837-7.163-16-16-16H16c-8.837 0-16 7.163-16 16v40c0 8.837 7.163 16 16 16z&quot;&gt;&lt;\/path&gt;&lt;\/svg&gt;\" data-indicator-icon=\"&lt;svg aria-hidden=&quot;true&quot; class=&quot;e-font-icon-svg e-fas-angle-down&quot; viewBox=&quot;0 0 320 512&quot; xmlns=&quot;http:\/\/www.w3.org\/2000\/svg&quot;&gt;&lt;path d=&quot;M143 352.3L7 216.3c-9.4-9.4-9.4-24.6 0-33.9l22.6-22.6c9.4-9.4 24.6-9.4 33.9 0l96.4 96.4 96.4-96.4c9.4-9.4 24.6-9.4 33.9 0l22.6 22.6c9.4 9.4 9.4 24.6 0 33.9l-136 136c-9.2 9.4-24.4 9.4-33.8 0z&quot;&gt;&lt;\/path&gt;&lt;\/svg&gt;\" data-dropdown-indicator-icon=\"&lt;svg class=&quot;e-font-icon-svg e-fas-angle-down&quot; viewBox=&quot;0 0 320 512&quot; xmlns=&quot;http:\/\/www.w3.org\/2000\/svg&quot;&gt;&lt;path d=&quot;M143 352.3L7 216.3c-9.4-9.4-9.4-24.6 0-33.9l22.6-22.6c9.4-9.4 24.6-9.4 33.9 0l96.4 96.4 96.4-96.4c9.4-9.4 24.6-9.4 33.9 0l22.6 22.6c9.4 9.4 9.4 24.6 0 33.9l-136 136c-9.2 9.4-24.4 9.4-33.8 0z&quot;&gt;&lt;\/path&gt;&lt;\/svg&gt;\" class=\"eael-simple-menu-container eael-simple-menu--loading eael-simple-menu-align-left eael-simple-menu-dropdown-align-left preset-2\" data-hamburger-breakpoints=\"{&quot;mobile&quot;:&quot;M\\u00f3vil vertical (&gt; 767px)&quot;,&quot;tablet&quot;:&quot;Tableta vertical (&gt; 1024px)&quot;,&quot;desktop&quot;:&quot;Escritorio (&gt; 2400px)&quot;,&quot;none&quot;:&quot;Ninguno&quot;}\" data-hamburger-device=\"none\">\n                <ul id=\"menu-kozmetik-cerrahi\" class=\"eael-simple-menu eael-simple-menu-dropdown-animate-to-top eael-simple-menu-indicator eael-simple-menu-vertical\"><li id=\"menu-item-552\" class=\"menu-item menu-item-type-post_type menu-item-object-page menu-item-552\"><a href=\"https:\/\/surgyteam.com\/es\/mommy-makeover-2\/\" class=\"menu-link\">Cambio de imagen de mam\u00e1<\/a><\/li>\n<li id=\"menu-item-543\" class=\"menu-item menu-item-type-post_type menu-item-object-page menu-item-543\"><a href=\"https:\/\/surgyteam.com\/es\/360-liposuction-2\/\" class=\"menu-link\">Liposucci\u00f3n 360<\/a><\/li>\n<li id=\"menu-item-550\" class=\"menu-item menu-item-type-post_type menu-item-object-page menu-item-550\"><a href=\"https:\/\/surgyteam.com\/es\/hi-def-liposuction\/\" class=\"menu-link\">Liposucci\u00f3n de alta definici\u00f3n<\/a><\/li>\n<li id=\"menu-item-545\" class=\"menu-item menu-item-type-post_type menu-item-object-page menu-item-545\"><a href=\"https:\/\/surgyteam.com\/es\/abs-cracks\/\" class=\"menu-link\">Grietas abdominales<\/a><\/li>\n<li id=\"menu-item-544\" class=\"menu-item menu-item-type-post_type menu-item-object-page menu-item-544\"><a href=\"https:\/\/surgyteam.com\/es\/abdominal-etching\/\" class=\"menu-link\">Grabado abdominal<\/a><\/li>\n<li id=\"menu-item-555\" class=\"menu-item menu-item-type-post_type menu-item-object-page menu-item-555\"><a href=\"https:\/\/surgyteam.com\/es\/upper-blepharoplasty\/\" class=\"menu-link\">Blefaroplastia superior<\/a><\/li>\n<li id=\"menu-item-551\" class=\"menu-item menu-item-type-post_type menu-item-object-page menu-item-551\"><a href=\"https:\/\/surgyteam.com\/es\/lower-blepharoplasty\/\" class=\"menu-link\">Blefaroplastia inferior<\/a><\/li>\n<li id=\"menu-item-547\" class=\"menu-item menu-item-type-post_type menu-item-object-page menu-item-547\"><a href=\"https:\/\/surgyteam.com\/es\/1-kozmetik-cerrahi-islemler-icin-cogaltilacak-2\/\" class=\"menu-link\">Ojo de gato<\/a><\/li>\n<li id=\"menu-item-549\" class=\"menu-item menu-item-type-post_type menu-item-object-page menu-item-549\"><a href=\"https:\/\/surgyteam.com\/es\/fox-eye\/\" class=\"menu-link\">Ojo de zorro<\/a><\/li>\n<li id=\"menu-item-546\" class=\"menu-item menu-item-type-post_type menu-item-object-page menu-item-546\"><a href=\"https:\/\/surgyteam.com\/es\/almond-eye\/\" class=\"menu-link\">Ojo de almendra<\/a><\/li>\n<li id=\"menu-item-554\" class=\"menu-item menu-item-type-post_type menu-item-object-page menu-item-554\"><a href=\"https:\/\/surgyteam.com\/es\/temporal-lift\/\" class=\"menu-link\">Elevaci\u00f3n temporal<\/a><\/li>\n<li id=\"menu-item-548\" class=\"menu-item menu-item-type-post_type menu-item-object-page menu-item-548\"><a href=\"https:\/\/surgyteam.com\/es\/double-jaw-surgery\/\" class=\"menu-link\">Cirug\u00eda de doble mand\u00edbula<\/a><\/li>\n<li id=\"menu-item-553\" class=\"menu-item menu-item-type-post_type menu-item-object-page menu-item-553\"><a href=\"https:\/\/surgyteam.com\/es\/orthognatic-surgery\/\" class=\"menu-link\">Cirug\u00eda ortogn\u00e1tica<\/a><\/li>\n<\/ul>                <button class=\"eael-simple-menu-toggle\">\n                    <span class=\"sr-only\">Men\u00fa de hamburguesas<\/span>\n                    <svg aria-hidden=\"true\" class=\"e-font-icon-svg e-fas-bars\" viewbox=\"0 0 448 512\" xmlns=\"http:\/\/www.w3.org\/2000\/svg\"><path d=\"M16 132h416c8.837 0 16-7.163 16-16V76c0-8.837-7.163-16-16-16H16C7.163 60 0 67.163 0 76v40c0 8.837 7.163 16 16 16zm0 160h416c8.837 0 16-7.163 16-16v-40c0-8.837-7.163-16-16-16H16c-8.837 0-16 7.163-16 16v40c0 8.837 7.163 16 16 16zm0 160h416c8.837 0 16-7.163 16-16v-40c0-8.837-7.163-16-16-16H16c-8.837 0-16 7.163-16 16v40c0 8.837 7.163 16 16 16z\"><\/path><\/svg>                <\/button>\n            <\/div>\n            \t\t\t\t<\/div>\n\t\t\t\t<\/div>\n\t\t\t\t<\/div>\n\t\t\t\t\t<\/div>\n\t\t\t\t<\/div>\n\t\t\t\t<\/div>","protected":false},"excerpt":{"rendered":"<p>Orthognatic Surgery Orthognathic Surgery: Achieve Facial Harmony at SURGYTEAM Clinic Orthognathic surgery, commonly known as corrective jaw surgery, is a transformative procedure that addresses jaw misalignment and facial imbalances. At SURGYTEAM Clinic, we offer orthognathic surgery to help you achieve improved functionality and enhanced facial aesthetics. What is Orthognathic Surgery? Orthognathic surgery involves the surgical correction of jaw irregularities to improve the alignment and function of the jaw and teeth. This procedure is often necessary for individuals with skeletal discrepancies that cannot be corrected with orthodontics alone. It addresses issues such as malocclusion, jaw asymmetry, and breathing problems. The SURGYTEAM Clinic Difference At SURGYTEAM Clinic, our experienced surgeons use advanced techniques to ensure precise and effective results. We focus on achieving both functional and aesthetic improvements, tailoring each procedure to meet the individual needs and goals of our patients. The Procedure Orthognathic surgery is typically performed under general anesthesia. The surgeon makes incisions inside the mouth to access the jawbones, minimizing visible scarring. The jaws are then repositioned and secured with plates and screws. The procedure usually takes about three to six hours, depending on the complexity of the case. Benefits of Orthognathic Surgery Improved Bite and Functionality: Correcting jaw misalignment can improve chewing, speaking, and breathing functions. Enhanced Facial Aesthetics: The procedure can significantly improve the balance and harmony of your facial features. Long-Lasting Results: The results of orthognathic surgery are designed to be long-lasting, providing sustained improvements in both function and appearance. Boosted Confidence: Achieving a more balanced and functional jaw can enhance your self-confidence and overall quality of life. Ideal Candidates Orthognathic surgery is ideal for individuals with significant jaw misalignment that affects their bite, speech, or facial aesthetics. Candidates should be in good overall health and have realistic expectations about the results. Recovery and Aftercare Recovery from orthognathic surgery involves a hospital stay of one to two days, followed by a few weeks of recovery at home. Patients may experience swelling and discomfort, which typically subsides within a few weeks. A soft or liquid diet is recommended during the initial healing period. Follow-up appointments at SURGYTEAM Clinic are essential to monitor progress and ensure optimal results. Why Choose SURGYTEAM Clinic? Expert Surgeons: Our team of surgeons has extensive experience in performing jaw surgeries and is dedicated to achieving the best possible results for our patients. State-of-the-Art Facility: SURGYTEAM Clinic is equipped with the latest technology and a modern surgical suite, ensuring a safe and comfortable environment for our patients. Personalized Care: We provide comprehensive consultations and personalized treatment plans to meet each patient&#8217;s unique needs and goals. Functional and Aesthetic Enhancements: Our focus is on achieving both functional and aesthetic improvements that enhance your overall quality of life. Schedule Your Consultation Today If you&#8217;re ready to achieve facial harmony with orthognathic surgery, contact SURGYTEAM Clinic to schedule your consultation. Our expert team is here to guide you through every step of the process, from understanding the procedure to providing exceptional post-operative care. Discover the transformative benefits of orthognathic surgery and embrace a more balanced and functional jaw. WHAT CAN YOU EXPECT Click on the links to discover more about your chosen surgical procedure, including information about your hospital stay and recovery time. Contact Us Mommy Makeover 360 Liposuction Hi-Def Liposuction Abs Cracks Abdominal Etching Upper Blepharoplasty Lower Blepharoplasty Cat Eye Fox Eye Almond Eye Temporal Lift Double Jaw Surgery Orthognatic Surgery Humberger Toggle Menu<\/p>","protected":false},"author":1,"featured_media":0,"parent":0,"menu_order":0,"comment_status":"closed","ping_status":"closed","template":"elementor_header_footer","meta":{"content-type":"","_daextam_enable_autolinks":"","site-sidebar-layout":"default","site-content-layout":"","ast-site-content-layout":"default","site-content-style":"default","site-sidebar-style":"default","ast-global-header-display":"","ast-banner-title-visibility":"","ast-main-header-display":"","ast-hfb-above-header-display":"","ast-hfb-below-header-display":"","ast-hfb-mobile-header-display":"","site-post-title":"","ast-breadcrumbs-content":"","ast-featured-img":"","footer-sml-layout":"","ast-disable-related-posts":"","theme-transparent-header-meta":"","adv-header-id-meta":"","stick-header-meta":"","header-above-stick-meta":"","header-main-stick-meta":"","header-below-stick-meta":"","astra-migrate-meta-layouts":"default","ast-page-background-enabled":"default","ast-page-background-meta":{"desktop":{"background-color":"var(--ast-global-color-4)","background-image":"","background-repeat":"repeat","background-position":"center center","background-size":"auto","background-attachment":"scroll","background-type":"","background-media":"","overlay-type":"","overlay-color":"","overlay-opacity":"","overlay-gradient":""},"tablet":{"background-color":"","background-image":"","background-repeat":"repeat","background-position":"center center","background-size":"auto","background-attachment":"scroll","background-type":"","background-media":"","overlay-type":"","overlay-color":"","overlay-opacity":"","overlay-gradient":""},"mobile":{"background-color":"","background-image":"","background-repeat":"repeat","background-position":"center center","background-size":"auto","background-attachment":"scroll","background-type":"","background-media":"","overlay-type":"","overlay-color":"","overlay-opacity":"","overlay-gradient":""}},"ast-content-background-meta":{"desktop":{"background-color":"var(--ast-global-color-5)","background-image":"","background-repeat":"repeat","background-position":"center center","background-size":"auto","background-attachment":"scroll","background-type":"","background-media":"","overlay-type":"","overlay-color":"","overlay-opacity":"","overlay-gradient":""},"tablet":{"background-color":"var(--ast-global-color-5)","background-image":"","background-repeat":"repeat","background-position":"center center","background-size":"auto","background-attachment":"scroll","background-type":"","background-media":"","overlay-type":"","overlay-color":"","overlay-opacity":"","overlay-gradient":""},"mobile":{"background-color":"var(--ast-global-color-5)","background-image":"","background-repeat":"repeat","background-position":"center center","background-size":"auto","background-attachment":"scroll","background-type":"","background-media":"","overlay-type":"","overlay-color":"","overlay-opacity":"","overlay-gradient":""}},"footnotes":""},"class_list":["post-366","page","type-page","status-publish","hentry"],"_links":{"self":[{"href":"https:\/\/surgyteam.com\/es\/wp-json\/wp\/v2\/pages\/366","targetHints":{"allow":["GET"]}}],"collection":[{"href":"https:\/\/surgyteam.com\/es\/wp-json\/wp\/v2\/pages"}],"about":[{"href":"https:\/\/surgyteam.com\/es\/wp-json\/wp\/v2\/types\/page"}],"author":[{"embeddable":true,"href":"https:\/\/surgyteam.com\/es\/wp-json\/wp\/v2\/users\/1"}],"replies":[{"embeddable":true,"href":"https:\/\/surgyteam.com\/es\/wp-json\/wp\/v2\/comments?post=366"}],"version-history":[{"count":0,"href":"https:\/\/surgyteam.com\/es\/wp-json\/wp\/v2\/pages\/366\/revisions"}],"wp:attachment":[{"href":"https:\/\/surgyteam.com\/es\/wp-json\/wp\/v2\/media?parent=366"}],"curies":[{"name":"wp","href":"https:\/\/api.w.org\/{rel}","templated":true}]}}