{"id":435,"date":"2024-07-20T13:17:23","date_gmt":"2024-07-20T13:17:23","guid":{"rendered":"https:\/\/surgyteam.com\/?page_id=435"},"modified":"2024-07-20T17:10:14","modified_gmt":"2024-07-20T17:10:14","slug":"estiramiento-de-cuello","status":"publish","type":"page","link":"https:\/\/surgyteam.com\/es\/neck-lift\/","title":{"rendered":"Estiramiento de cuello"},"content":{"rendered":"<div data-elementor-type=\"wp-page\" data-elementor-id=\"435\" class=\"elementor elementor-435\">\n\t\t\t\t<div class=\"elementor-element elementor-element-09cf3b8 e-flex e-con-boxed wpr-particle-no wpr-jarallax-no wpr-parallax-no wpr-sticky-section-no wpr-equal-height-no e-con e-parent\" data-id=\"09cf3b8\" data-element_type=\"container\" data-e-type=\"container\" data-settings=\"{&quot;background_background&quot;:&quot;classic&quot;}\">\n\t\t\t\t\t<div class=\"e-con-inner\">\n\t\t\t\t<div class=\"elementor-element elementor-element-6eaee70 elementor-widget elementor-widget-wpr-post-title\" data-id=\"6eaee70\" data-element_type=\"widget\" data-e-type=\"widget\" data-widget_type=\"wpr-post-title.default\">\n\t\t\t\t<div class=\"elementor-widget-container\">\n\t\t\t\t\t<h1 class=\"wpr-post-title\">Estiramiento de cuello<\/h1>\t\t\t\t<\/div>\n\t\t\t\t<\/div>\n\t\t\t\t\t<\/div>\n\t\t\t\t<\/div>\n\t\t<div class=\"elementor-element elementor-element-6ecccb3 e-flex e-con-boxed wpr-particle-no wpr-jarallax-no wpr-parallax-no wpr-sticky-section-no wpr-equal-height-no e-con e-parent\" data-id=\"6ecccb3\" data-element_type=\"container\" data-e-type=\"container\">\n\t\t\t\t\t<div class=\"e-con-inner\">\n\t\t<div class=\"elementor-element elementor-element-bd5f2bf e-con-full e-flex wpr-particle-no wpr-jarallax-no wpr-parallax-no wpr-sticky-section-no wpr-equal-height-no e-con e-child\" data-id=\"bd5f2bf\" data-element_type=\"container\" data-e-type=\"container\">\n\t\t\t\t<div class=\"elementor-element elementor-element-b88b836 elementor-widget elementor-widget-image\" data-id=\"b88b836\" data-element_type=\"widget\" data-e-type=\"widget\" data-widget_type=\"image.default\">\n\t\t\t\t<div class=\"elementor-widget-container\">\n\t\t\t\t\t\t\t\t\t\t\t\t\t\t\t<img fetchpriority=\"high\" decoding=\"async\" width=\"799\" height=\"555\" src=\"https:\/\/surgyteam.com\/wp-content\/uploads\/2024\/07\/neck-lift.webp\" class=\"attachment-large size-large wp-image-437\" alt=\"A diagram illustrating the areas of the neck where a neck lift procedure is performed, highlighting the incisions and treated regions.\" srcset=\"https:\/\/surgyteam.com\/wp-content\/uploads\/2024\/07\/neck-lift.webp 799w, https:\/\/surgyteam.com\/wp-content\/uploads\/2024\/07\/neck-lift-300x208.webp 300w, https:\/\/surgyteam.com\/wp-content\/uploads\/2024\/07\/neck-lift-768x533.webp 768w\" sizes=\"(max-width: 799px) 100vw, 799px\" \/>\t\t\t\t\t\t\t\t\t\t\t\t\t\t\t<\/div>\n\t\t\t\t<\/div>\n\t\t\t\t<div class=\"elementor-element elementor-element-c5acd1f elementor-widget elementor-widget-text-editor\" data-id=\"c5acd1f\" data-element_type=\"widget\" data-e-type=\"widget\" data-widget_type=\"text-editor.default\">\n\t\t\t\t<div class=\"elementor-widget-container\">\n\t\t\t\t\t\t\t\t\t<h2 class=\"western\"><span style=\"font-size: x-large;\"><b>Lifting de cuello en la cl\u00ednica SURGYTEAM<\/b><\/span><\/h2><p align=\"left\">En la Cl\u00ednica SURGYTEAM, nos dedicamos a ayudarlo a lograr una apariencia rejuvenecida y juvenil a trav\u00e9s de nuestros procedimientos cosm\u00e9ticos avanzados. Uno de nuestros tratamientos altamente efectivos es el estiramiento de cuello, dise\u00f1ado para abordar los signos del envejecimiento en el cuello y la mand\u00edbula, proporcionando un contorno m\u00e1s suave y refinado.<\/p><h3 class=\"western\"><a name=\"_ls58l1qm95gu\"><\/a> <span style=\"color: #000000;\"><span style=\"font-size: medium;\"><b>\u00bfQu\u00e9 es un lifting de cuello?<\/b><\/span><\/span><\/h3><p align=\"left\">El estiramiento de cuello, tambi\u00e9n conocido como ritidectom\u00eda inferior, es un procedimiento quir\u00fargico que se enfoca en el cuello y la mand\u00edbula para reducir la flacidez de la piel, eliminar el exceso de grasa y tensar los m\u00fasculos subyacentes. Este procedimiento puede abordar problemas como el cuello de pavo, la papada y las bandas horizontales del cuello, lo que da como resultado un contorno de cuello m\u00e1s juvenil y elegante.<\/p><h3 class=\"western\"><a name=\"_mk5ud74skqdz\"><\/a> <span style=\"color: #000000;\"><span style=\"font-size: medium;\"><b>Beneficios de un lifting de cuello<\/b><\/span><\/span><\/h3><p align=\"left\">Los principales beneficios de un estiramiento de cuello incluyen:<\/p><ul><li><p align=\"left\"><b>Reducci\u00f3n de la flacidez de la piel<\/b>:Un estiramiento de cuello tensa y elimina el exceso de piel, reduciendo la apariencia de flacidez y creando un contorno m\u00e1s suave.<\/p><\/li><li><p align=\"left\"><b>Definici\u00f3n mejorada de la l\u00ednea de la mand\u00edbula<\/b>Al abordar la papada y la piel fl\u00e1cida, el estiramiento de cuello mejora la definici\u00f3n de la l\u00ednea de la mand\u00edbula.<\/p><\/li><li><p align=\"left\"><b>Resultados duraderos<\/b>:Los efectos de un estiramiento de cuello son duraderos y proporcionan una mejora significativa y duradera en la apariencia del cuello y la mand\u00edbula.<\/p><\/li><li><p align=\"left\"><b>Mayor confianza<\/b>:Un cuello y una mand\u00edbula rejuvenecidos pueden mejorar enormemente la autoestima y la confianza.<\/p><\/li><\/ul><h3 class=\"western\"><a name=\"_6mo5ffxapocb\"><\/a> <span style=\"color: #000000;\"><span style=\"font-size: medium;\"><b>El procedimiento de estiramiento de cuello<\/b><\/span><\/span><\/h3><p align=\"left\">En la Cl\u00ednica SURGYTEAM, nuestros cirujanos expertos utilizan t\u00e9cnicas avanzadas para lograr los mejores resultados posibles. El estiramiento facial se puede realizar con anestesia local con sedaci\u00f3n o anestesia general. El procedimiento implica los siguientes pasos:<\/p><ul><li><p align=\"left\"><b>Incisiones<\/b>:Las incisiones generalmente se realizan detr\u00e1s de las orejas y debajo del ment\u00f3n para minimizar las cicatrices visibles.<\/p><\/li><li><p align=\"left\"><b>Levantamiento y reafirmaci\u00f3n<\/b>:Se tensan y levantan los m\u00fasculos y tejidos subyacentes para restaurar los contornos juveniles. Se elimina el exceso de piel.<\/p><\/li><li><p align=\"left\"><b>Liposucci\u00f3n<\/b>:En algunos casos, se puede realizar una liposucci\u00f3n para eliminar el exceso de grasa y mejorar a\u00fan m\u00e1s el contorno del cuello.<\/p><\/li><li><p align=\"left\"><b>Sutura<\/b>:Las incisiones se cierran con suturas y se proporcionan al paciente instrucciones sobre el cuidado postoperatorio.<\/p><\/li><\/ul><h3 class=\"western\"><a name=\"_2ogu0o5gg3bi\"><\/a> <span style=\"color: #000000;\"><span style=\"font-size: medium;\"><b>Recuperaci\u00f3n y cuidados posteriores<\/b><\/span><\/span><\/h3><p align=\"left\">La recuperaci\u00f3n de un estiramiento facial var\u00eda, pero la mayor\u00eda de los pacientes experimentan hinchaz\u00f3n y hematomas durante las primeras dos semanas. Nuestro equipo de la Cl\u00ednica SURGYTEAM proporciona instrucciones detalladas sobre los cuidados posteriores para garantizar una recuperaci\u00f3n sin problemas. Es importante mantener la cabeza elevada, evitar actividades extenuantes y seguir nuestras pautas para la limpieza y el cuidado de las zonas de incisi\u00f3n. La mayor\u00eda de los pacientes pueden volver al trabajo y a sus actividades normales en dos o tres semanas, aunque la recuperaci\u00f3n completa y los resultados finales pueden tardar varios meses.<\/p><h3 class=\"western\"><a name=\"_y22ke26awpcs\"><\/a> <span style=\"color: #000000;\"><span style=\"font-size: medium;\"><b>Elegir la cl\u00ednica SURGYTEAM para su lifting de cuello<\/b><\/span><\/span><\/h3><p align=\"left\">En la Cl\u00ednica SURGYTEAM, priorizamos la satisfacci\u00f3n y la seguridad del paciente. Nuestros cirujanos experimentados y nuestro personal m\u00e9dico dedicado trabajan en estrecha colaboraci\u00f3n con cada paciente para desarrollar un plan de tratamiento personalizado que satisfaga sus necesidades y objetivos \u00fanicos. Nos comprometemos a utilizar la \u00faltima tecnolog\u00eda y t\u00e9cnicas para lograr resultados de aspecto natural.<\/p><h3 class=\"western\"><a name=\"_pae785wrrdud\"><\/a> <span style=\"color: #000000;\"><span style=\"font-size: medium;\"><b>Consulta y planificaci\u00f3n<\/b><\/span><\/span><\/h3><p align=\"left\">El primer paso en su proceso de lifting de cuello es una consulta integral con uno de nuestros cirujanos expertos en la Cl\u00ednica SURGYTEAM. Durante esta consulta, analizaremos sus inquietudes, su historial m\u00e9dico y sus objetivos est\u00e9ticos. Nuestro cirujano evaluar\u00e1 su cuello y mand\u00edbula para determinar el enfoque m\u00e1s adecuado para su cirug\u00eda.<\/p><h3 class=\"western\"><a name=\"_fzjdcifg9e8k\"><\/a> <span style=\"color: #000000;\"><span style=\"font-size: medium;\"><b>\u00bfPor qu\u00e9 elegir un lifting de cuello?<\/b><\/span><\/span><\/h3><p align=\"left\">A medida que envejecemos, los efectos de la gravedad, la exposici\u00f3n al sol y la p\u00e9rdida natural de col\u00e1geno y elastina hacen que los tejidos del cuello y la mand\u00edbula se descolgasen y pierdan elasticidad. Esto puede dar lugar a un cuello de pavo, papada y bandas horizontales en el cuello, lo que le har\u00e1 parecer mayor y m\u00e1s cansado de lo que se siente. Un estiramiento de cuello puede restaurar los contornos juveniles y mejorar la armon\u00eda del cuello y la mand\u00edbula, ayud\u00e1ndole a lucir tan vibrante y en\u00e9rgico como se siente por dentro.<\/p><h3 class=\"western\"><a name=\"_bazs52geaprg\"><\/a> <span style=\"color: #000000;\"><span style=\"font-size: medium;\"><b>Combinaci\u00f3n de procedimientos para obtener mejores resultados<\/b><\/span><\/span><\/h3><p align=\"left\">Para obtener resultados a\u00fan m\u00e1s espectaculares, muchos pacientes optan por combinar la rinoplastia con otros procedimientos faciales. En la Cl\u00ednica SURGYTEAM, ofrecemos una variedad de tratamientos complementarios, que incluyen aumento de ment\u00f3n, estiramientos faciales y tratamientos de renovaci\u00f3n de la piel. La combinaci\u00f3n de procedimientos puede brindar un rejuvenecimiento m\u00e1s integral y una apariencia general m\u00e1s armoniosa.<\/p><h3 class=\"western\"><a name=\"_rv5xuc9z3ja3\"><\/a> <span style=\"color: #000000;\"><span style=\"font-size: medium;\"><b>Conclusi\u00f3n<\/b><\/span><\/span><\/h3><p align=\"left\">Si est\u00e1 considerando un estiramiento de cuello para mejorar su apariencia y aumentar su confianza, no busque m\u00e1s que en la Cl\u00ednica SURGYTEAM. Nuestro equipo de cirujanos experimentados se dedica a brindar atenci\u00f3n de la m\u00e1s alta calidad y lograr resultados excepcionales. Comun\u00edquese con nosotros hoy para programar su consulta y dar el primer paso hacia una apariencia m\u00e1s joven y refinada.<\/p>\t\t\t\t\t\t\t\t<\/div>\n\t\t\t\t<\/div>\n\t\t\t\t<\/div>\n\t\t<div class=\"elementor-element elementor-element-b373dbe e-con-full e-flex wpr-particle-no wpr-jarallax-no wpr-parallax-no wpr-sticky-section-no wpr-equal-height-no e-con e-child\" data-id=\"b373dbe\" data-element_type=\"container\" data-e-type=\"container\">\n\t\t\t\t<div class=\"elementor-element elementor-element-36389fc content-align-cta-default elementor-widget elementor-widget-eael-cta-box\" data-id=\"36389fc\" data-element_type=\"widget\" data-e-type=\"widget\" data-widget_type=\"eael-cta-box.default\">\n\t\t\t\t<div class=\"elementor-widget-container\">\n\t\t\t\t\t\t\t<div class=\"eael-call-to-action cta-basic bg-lite cta-preset-1\">\n        <h2 class=\"title eael-cta-heading\">\u00bfQU\u00c9 PUEDES ESPERAR?<\/h2><p>Haga clic en los enlaces para obtener m\u00e1s informaci\u00f3n sobre el procedimiento quir\u00fargico elegido, incluida informaci\u00f3n sobre su estad\u00eda en el hospital y <a href=\"https:\/\/surgyteam.com\/es\/contactenos\/\" rel=\"sponsored\">Tiempo de recuperaci\u00f3n<\/a>.<\/p><a href=\"\/es\/contactenos\/\" class=\"cta-button cta-preset-1\">Cont\u00e1ctenos<\/a>\t<\/div>\n\t\t\t\t\t\t\t\t<\/div>\n\t\t\t\t<\/div>\n\t\t\t\t<div class=\"elementor-element elementor-element-fb77e98 eael-hamburger--none eael-simple-menu-hamburger-align-right elementor-widget elementor-widget-eael-simple-menu\" data-id=\"fb77e98\" data-element_type=\"widget\" data-e-type=\"widget\" data-widget_type=\"eael-simple-menu.default\">\n\t\t\t\t<div class=\"elementor-widget-container\">\n\t\t\t\t\t            <div data-hamburger-icon=\"&lt;svg aria-hidden=&quot;true&quot; class=&quot;e-font-icon-svg e-fas-bars&quot; viewBox=&quot;0 0 448 512&quot; xmlns=&quot;http:\/\/www.w3.org\/2000\/svg&quot;&gt;&lt;path d=&quot;M16 132h416c8.837 0 16-7.163 16-16V76c0-8.837-7.163-16-16-16H16C7.163 60 0 67.163 0 76v40c0 8.837 7.163 16 16 16zm0 160h416c8.837 0 16-7.163 16-16v-40c0-8.837-7.163-16-16-16H16c-8.837 0-16 7.163-16 16v40c0 8.837 7.163 16 16 16zm0 160h416c8.837 0 16-7.163 16-16v-40c0-8.837-7.163-16-16-16H16c-8.837 0-16 7.163-16 16v40c0 8.837 7.163 16 16 16z&quot;&gt;&lt;\/path&gt;&lt;\/svg&gt;\" data-indicator-icon=\"&lt;svg aria-hidden=&quot;true&quot; class=&quot;e-font-icon-svg e-fas-angle-down&quot; viewBox=&quot;0 0 320 512&quot; xmlns=&quot;http:\/\/www.w3.org\/2000\/svg&quot;&gt;&lt;path d=&quot;M143 352.3L7 216.3c-9.4-9.4-9.4-24.6 0-33.9l22.6-22.6c9.4-9.4 24.6-9.4 33.9 0l96.4 96.4 96.4-96.4c9.4-9.4 24.6-9.4 33.9 0l22.6 22.6c9.4 9.4 9.4 24.6 0 33.9l-136 136c-9.2 9.4-24.4 9.4-33.8 0z&quot;&gt;&lt;\/path&gt;&lt;\/svg&gt;\" data-dropdown-indicator-icon=\"&lt;svg class=&quot;e-font-icon-svg e-fas-angle-down&quot; viewBox=&quot;0 0 320 512&quot; xmlns=&quot;http:\/\/www.w3.org\/2000\/svg&quot;&gt;&lt;path d=&quot;M143 352.3L7 216.3c-9.4-9.4-9.4-24.6 0-33.9l22.6-22.6c9.4-9.4 24.6-9.4 33.9 0l96.4 96.4 96.4-96.4c9.4-9.4 24.6-9.4 33.9 0l22.6 22.6c9.4 9.4 9.4 24.6 0 33.9l-136 136c-9.2 9.4-24.4 9.4-33.8 0z&quot;&gt;&lt;\/path&gt;&lt;\/svg&gt;\" class=\"eael-simple-menu-container eael-simple-menu--loading eael-simple-menu-align-left eael-simple-menu-dropdown-align-left preset-2\" data-hamburger-breakpoints=\"{&quot;mobile&quot;:&quot;M\\u00f3vil vertical (&gt; 767px)&quot;,&quot;tablet&quot;:&quot;Tableta vertical (&gt; 1024px)&quot;,&quot;desktop&quot;:&quot;Escritorio (&gt; 2400px)&quot;,&quot;none&quot;:&quot;Ninguno&quot;}\" data-hamburger-device=\"none\">\n                <ul id=\"menu-estetik-cerrahi-islemler\" class=\"eael-simple-menu eael-simple-menu-dropdown-animate-to-top eael-simple-menu-indicator eael-simple-menu-vertical\"><li id=\"menu-item-539\" class=\"menu-item menu-item-type-post_type menu-item-object-page menu-item-539\"><a href=\"https:\/\/surgyteam.com\/es\/brow-lift\/\" class=\"menu-link\">Levantamiento de cejas<\/a><\/li>\n<li id=\"menu-item-538\" class=\"menu-item menu-item-type-post_type menu-item-object-page menu-item-538\"><a href=\"https:\/\/surgyteam.com\/es\/blepharoplasty\/\" class=\"menu-link\">Blefaroplastia<\/a><\/li>\n<li id=\"menu-item-537\" class=\"menu-item menu-item-type-post_type menu-item-object-page menu-item-537\"><a href=\"https:\/\/surgyteam.com\/es\/rhinoplasty\/\" class=\"menu-link\">Rinoplastia<\/a><\/li>\n<li id=\"menu-item-541\" class=\"menu-item menu-item-type-post_type menu-item-object-page menu-item-541\"><a href=\"https:\/\/surgyteam.com\/es\/prominent-ear\/\" class=\"menu-link\">Oreja prominente<\/a><\/li>\n<li id=\"menu-item-535\" class=\"menu-item menu-item-type-post_type menu-item-object-page menu-item-535\"><a href=\"https:\/\/surgyteam.com\/es\/bichectomy\/\" class=\"menu-link\">Bichectom\u00eda<\/a><\/li>\n<li id=\"menu-item-534\" class=\"menu-item menu-item-type-post_type menu-item-object-page menu-item-534\"><a href=\"https:\/\/surgyteam.com\/es\/lip-lift\/\" class=\"menu-link\">Levantamiento de labios<\/a><\/li>\n<li id=\"menu-item-533\" class=\"menu-item menu-item-type-post_type menu-item-object-page menu-item-533\"><a href=\"https:\/\/surgyteam.com\/es\/face-lift\/\" class=\"menu-link\">Estiramiento facial<\/a><\/li>\n<li id=\"menu-item-532\" class=\"menu-item menu-item-type-post_type menu-item-object-page menu-item-532\"><a href=\"https:\/\/surgyteam.com\/es\/neck-lift\/\" class=\"menu-link\">Estiramiento de cuello<\/a><\/li>\n<li id=\"menu-item-531\" class=\"menu-item menu-item-type-post_type menu-item-object-page menu-item-531\"><a href=\"https:\/\/surgyteam.com\/es\/arm-lift\/\" class=\"menu-link\">Elevaci\u00f3n de brazos<\/a><\/li>\n<li id=\"menu-item-530\" class=\"menu-item menu-item-type-post_type menu-item-object-page menu-item-530\"><a href=\"https:\/\/surgyteam.com\/es\/reduction-mammoplasty\/\" class=\"menu-link\">Mamoplastia de reducci\u00f3n<\/a><\/li>\n<li id=\"menu-item-529\" class=\"menu-item menu-item-type-post_type menu-item-object-page menu-item-529\"><a href=\"https:\/\/surgyteam.com\/es\/augmentation-mammoplasty\/\" class=\"menu-link\">Mamoplastia de aumento<\/a><\/li>\n<li id=\"menu-item-528\" class=\"menu-item menu-item-type-post_type menu-item-object-page menu-item-528\"><a href=\"https:\/\/surgyteam.com\/es\/augmentation-mastopexy\/\" class=\"menu-link\">Mastopexia de aumento<\/a><\/li>\n<li id=\"menu-item-556\" class=\"menu-item menu-item-type-post_type menu-item-object-page menu-item-556\"><a href=\"https:\/\/surgyteam.com\/es\/tummy-tuck\/\" class=\"menu-link\">Abdominoplastia<\/a><\/li>\n<li id=\"menu-item-527\" class=\"menu-item menu-item-type-post_type menu-item-object-page menu-item-527\"><a href=\"https:\/\/surgyteam.com\/es\/back-lift\/\" class=\"menu-link\">Elevaci\u00f3n de espalda<\/a><\/li>\n<li id=\"menu-item-526\" class=\"menu-item menu-item-type-post_type menu-item-object-page menu-item-526\"><a href=\"https:\/\/surgyteam.com\/es\/brasilian-butt-lift\/\" class=\"menu-link\">Levantamiento de gl\u00fateos brasile\u00f1o<\/a><\/li>\n<li id=\"menu-item-540\" class=\"menu-item menu-item-type-post_type menu-item-object-page menu-item-540\"><a href=\"https:\/\/surgyteam.com\/es\/360-liposuction\/\" class=\"menu-link\">Levantamiento de muslos<\/a><\/li>\n<\/ul>                <button class=\"eael-simple-menu-toggle\">\n                    <span class=\"sr-only\">Men\u00fa de hamburguesas<\/span>\n                    <svg aria-hidden=\"true\" class=\"e-font-icon-svg e-fas-bars\" viewbox=\"0 0 448 512\" xmlns=\"http:\/\/www.w3.org\/2000\/svg\"><path d=\"M16 132h416c8.837 0 16-7.163 16-16V76c0-8.837-7.163-16-16-16H16C7.163 60 0 67.163 0 76v40c0 8.837 7.163 16 16 16zm0 160h416c8.837 0 16-7.163 16-16v-40c0-8.837-7.163-16-16-16H16c-8.837 0-16 7.163-16 16v40c0 8.837 7.163 16 16 16zm0 160h416c8.837 0 16-7.163 16-16v-40c0-8.837-7.163-16-16-16H16c-8.837 0-16 7.163-16 16v40c0 8.837 7.163 16 16 16z\"><\/path><\/svg>                <\/button>\n            <\/div>\n            \t\t\t\t<\/div>\n\t\t\t\t<\/div>\n\t\t\t\t<\/div>\n\t\t\t\t\t<\/div>\n\t\t\t\t<\/div>\n\t\t\t\t<\/div>","protected":false},"excerpt":{"rendered":"<p>Neck Lift Neck Lift at SURGYTEAM Clinic At SURGYTEAM Clinic, we are dedicated to helping you achieve a rejuvenated and youthful appearance through our advanced cosmetic procedures. One of our highly effective treatments is the neck lift, designed to address signs of aging in the neck and jawline, providing a smoother and more refined contour. What is a Neck Lift? A neck lift, also known as lower rhytidectomy, is a surgical procedure that targets the neck and jawline to reduce sagging skin, remove excess fat, and tighten the underlying muscles. This procedure can address issues such as turkey neck, jowls, and horizontal neck bands, resulting in a more youthful and elegant neck contour. Benefits of a Neck Lift The primary benefits of a neck lift include: Reduction of Sagging Skin: A neck lift tightens and removes excess skin, reducing the appearance of sagging and creating a smoother contour. Improved Jawline Definition: By addressing jowls and loose skin, a neck lift enhances the definition of the jawline. Long-lasting Results: The effects of a neck lift are long-lasting, providing a significant and enduring improvement to the appearance of the neck and jawline. Boosted Confidence: A rejuvenated neck and jawline can greatly enhance self-esteem and confidence. The Neck Lift Procedure At SURGYTEAM Clinic, our skilled surgeons use advanced techniques to achieve the best possible outcomes. The neck lift can be performed under local anesthesia with sedation or general anesthesia. The procedure involves the following steps: Incisions: Incisions are typically made behind the ears and under the chin to minimize visible scarring. Lifting and Tightening: The underlying muscles and tissues are lifted and tightened to restore youthful contours. Excess skin is removed. Liposuction: In some cases, liposuction may be performed to remove excess fat and further enhance the neck contour. Suturing: The incisions are closed with sutures, and the patient is provided with post-operative care instructions. Recovery and Aftercare Recovery from a neck lift varies, but most patients experience swelling and bruising for the first two weeks. Our team at SURGYTEAM Clinic provides detailed aftercare instructions to ensure a smooth recovery. It is important to keep your head elevated, avoid strenuous activities, and follow our guidelines for cleaning and caring for the incision sites. Most patients can return to work and normal activities within two to three weeks, although full recovery and the final results can take several months. Choosing SURGYTEAM Clinic for Your Neck Lift At SURGYTEAM Clinic, we prioritize patient satisfaction and safety. Our experienced surgeons and dedicated medical staff work closely with each patient to develop a personalized treatment plan that meets their unique needs and goals. We are committed to using the latest technology and techniques to achieve natural-looking results. Consultation and Planning The first step in your neck lift journey is a comprehensive consultation with one of our expert surgeons at SURGYTEAM Clinic. During this consultation, we will discuss your concerns, medical history, and aesthetic goals. Our surgeon will evaluate your neck and jawline to determine the most suitable approach for your surgery. Why Choose a Neck Lift? As we age, the effects of gravity, sun exposure, and the natural loss of collagen and elastin cause the neck and jawline tissues to sag and lose elasticity. This can result in a turkey neck, jowls, and horizontal neck bands, making you look older and more tired than you feel. A neck lift can restore youthful contours and improve neck and jawline harmony, helping you look as vibrant and energetic as you feel inside. Combining Procedures for Enhanced Results For even more dramatic results, many patients choose to combine their neck lift with other facial procedures. At SURGYTEAM Clinic, we offer a range of complementary treatments, including facelifts, chin augmentation, and skin resurfacing treatments. Combining procedures can provide a more comprehensive rejuvenation and a more harmonious overall appearance. Conclusion If you\u2019re considering a neck lift to enhance your appearance and boost your confidence, look no further than SURGYTEAM Clinic. Our team of experienced surgeons is dedicated to providing the highest quality care and achieving outstanding results. Contact us today to schedule your consultation and take the first step toward a more youthful, refined you. WHAT CAN YOU EXPECT Click on the links to discover more about your chosen surgical procedure, including information about your hospital stay and recovery time. Contact Us Brow lift Blepharoplasty Rhinoplasty Prominent ear Bichectomy Lip lift Face lift Neck Lift Arm Lift Reduction Mammoplasty Augmentation Mammoplasty Augmentation Mastopexy Tummy Tuck Back Lift Brasilian Butt Lift Thigh Lift Humberger Toggle Menu<\/p>","protected":false},"author":1,"featured_media":0,"parent":0,"menu_order":0,"comment_status":"closed","ping_status":"closed","template":"elementor_header_footer","meta":{"content-type":"","_daextam_enable_autolinks":"","site-sidebar-layout":"default","site-content-layout":"","ast-site-content-layout":"default","site-content-style":"default","site-sidebar-style":"default","ast-global-header-display":"","ast-banner-title-visibility":"","ast-main-header-display":"","ast-hfb-above-header-display":"","ast-hfb-below-header-display":"","ast-hfb-mobile-header-display":"","site-post-title":"","ast-breadcrumbs-content":"","ast-featured-img":"","footer-sml-layout":"","ast-disable-related-posts":"","theme-transparent-header-meta":"","adv-header-id-meta":"","stick-header-meta":"","header-above-stick-meta":"","header-main-stick-meta":"","header-below-stick-meta":"","astra-migrate-meta-layouts":"default","ast-page-background-enabled":"default","ast-page-background-meta":{"desktop":{"background-color":"var(--ast-global-color-4)","background-image":"","background-repeat":"repeat","background-position":"center center","background-size":"auto","background-attachment":"scroll","background-type":"","background-media":"","overlay-type":"","overlay-color":"","overlay-opacity":"","overlay-gradient":""},"tablet":{"background-color":"","background-image":"","background-repeat":"repeat","background-position":"center center","background-size":"auto","background-attachment":"scroll","background-type":"","background-media":"","overlay-type":"","overlay-color":"","overlay-opacity":"","overlay-gradient":""},"mobile":{"background-color":"","background-image":"","background-repeat":"repeat","background-position":"center center","background-size":"auto","background-attachment":"scroll","background-type":"","background-media":"","overlay-type":"","overlay-color":"","overlay-opacity":"","overlay-gradient":""}},"ast-content-background-meta":{"desktop":{"background-color":"var(--ast-global-color-5)","background-image":"","background-repeat":"repeat","background-position":"center center","background-size":"auto","background-attachment":"scroll","background-type":"","background-media":"","overlay-type":"","overlay-color":"","overlay-opacity":"","overlay-gradient":""},"tablet":{"background-color":"var(--ast-global-color-5)","background-image":"","background-repeat":"repeat","background-position":"center center","background-size":"auto","background-attachment":"scroll","background-type":"","background-media":"","overlay-type":"","overlay-color":"","overlay-opacity":"","overlay-gradient":""},"mobile":{"background-color":"var(--ast-global-color-5)","background-image":"","background-repeat":"repeat","background-position":"center center","background-size":"auto","background-attachment":"scroll","background-type":"","background-media":"","overlay-type":"","overlay-color":"","overlay-opacity":"","overlay-gradient":""}},"footnotes":""},"class_list":["post-435","page","type-page","status-publish","hentry"],"_links":{"self":[{"href":"https:\/\/surgyteam.com\/es\/wp-json\/wp\/v2\/pages\/435","targetHints":{"allow":["GET"]}}],"collection":[{"href":"https:\/\/surgyteam.com\/es\/wp-json\/wp\/v2\/pages"}],"about":[{"href":"https:\/\/surgyteam.com\/es\/wp-json\/wp\/v2\/types\/page"}],"author":[{"embeddable":true,"href":"https:\/\/surgyteam.com\/es\/wp-json\/wp\/v2\/users\/1"}],"replies":[{"embeddable":true,"href":"https:\/\/surgyteam.com\/es\/wp-json\/wp\/v2\/comments?post=435"}],"version-history":[{"count":0,"href":"https:\/\/surgyteam.com\/es\/wp-json\/wp\/v2\/pages\/435\/revisions"}],"wp:attachment":[{"href":"https:\/\/surgyteam.com\/es\/wp-json\/wp\/v2\/media?parent=435"}],"curies":[{"name":"wp","href":"https:\/\/api.w.org\/{rel}","templated":true}]}}