{"id":469,"date":"2024-07-20T13:30:15","date_gmt":"2024-07-20T13:30:15","guid":{"rendered":"https:\/\/surgyteam.com\/?page_id=469"},"modified":"2024-07-20T18:33:19","modified_gmt":"2024-07-20T18:33:19","slug":"mastopexia-de-aumento","status":"publish","type":"page","link":"https:\/\/surgyteam.com\/es\/augmentation-mastopexy\/","title":{"rendered":"Mastopexia de aumento"},"content":{"rendered":"<div data-elementor-type=\"wp-page\" data-elementor-id=\"469\" class=\"elementor elementor-469\">\n\t\t\t\t<div class=\"elementor-element elementor-element-09cf3b8 e-flex e-con-boxed wpr-particle-no wpr-jarallax-no wpr-parallax-no wpr-sticky-section-no wpr-equal-height-no e-con e-parent\" data-id=\"09cf3b8\" data-element_type=\"container\" data-e-type=\"container\" data-settings=\"{&quot;background_background&quot;:&quot;classic&quot;}\">\n\t\t\t\t\t<div class=\"e-con-inner\">\n\t\t\t\t<div class=\"elementor-element elementor-element-6eaee70 elementor-widget elementor-widget-wpr-post-title\" data-id=\"6eaee70\" data-element_type=\"widget\" data-e-type=\"widget\" data-widget_type=\"wpr-post-title.default\">\n\t\t\t\t<div class=\"elementor-widget-container\">\n\t\t\t\t\t<h1 class=\"wpr-post-title\">Mastopexia de aumento<\/h1>\t\t\t\t<\/div>\n\t\t\t\t<\/div>\n\t\t\t\t\t<\/div>\n\t\t\t\t<\/div>\n\t\t<div class=\"elementor-element elementor-element-6ecccb3 e-flex e-con-boxed wpr-particle-no wpr-jarallax-no wpr-parallax-no wpr-sticky-section-no wpr-equal-height-no e-con e-parent\" data-id=\"6ecccb3\" data-element_type=\"container\" data-e-type=\"container\">\n\t\t\t\t\t<div class=\"e-con-inner\">\n\t\t<div class=\"elementor-element elementor-element-bd5f2bf e-con-full e-flex wpr-particle-no wpr-jarallax-no wpr-parallax-no wpr-sticky-section-no wpr-equal-height-no e-con e-child\" data-id=\"bd5f2bf\" data-element_type=\"container\" data-e-type=\"container\">\n\t\t\t\t<div class=\"elementor-element elementor-element-b88b836 elementor-widget elementor-widget-image\" data-id=\"b88b836\" data-element_type=\"widget\" data-e-type=\"widget\" data-widget_type=\"image.default\">\n\t\t\t\t<div class=\"elementor-widget-container\">\n\t\t\t\t\t\t\t\t\t\t\t\t\t\t\t<img fetchpriority=\"high\" decoding=\"async\" width=\"740\" height=\"386\" src=\"https:\/\/surgyteam.com\/wp-content\/uploads\/2024\/07\/Augmentation-Mastopexy.jpg\" class=\"attachment-large size-large wp-image-472\" alt=\"Mastopexia de aumento\" srcset=\"https:\/\/surgyteam.com\/wp-content\/uploads\/2024\/07\/Augmentation-Mastopexy.jpg 740w, https:\/\/surgyteam.com\/wp-content\/uploads\/2024\/07\/Augmentation-Mastopexy-300x156.jpg 300w\" sizes=\"(max-width: 740px) 100vw, 740px\" \/>\t\t\t\t\t\t\t\t\t\t\t\t\t\t\t<\/div>\n\t\t\t\t<\/div>\n\t\t\t\t<div class=\"elementor-element elementor-element-c5acd1f elementor-widget elementor-widget-text-editor\" data-id=\"c5acd1f\" data-element_type=\"widget\" data-e-type=\"widget\" data-widget_type=\"text-editor.default\">\n\t\t\t\t<div class=\"elementor-widget-container\">\n\t\t\t\t\t\t\t\t\t<h2 class=\"western\"><span style=\"font-size: x-large;\"><b>Mastopexia de aumento en la Cl\u00ednica SURGYTEAM<\/b><\/span><\/h2><p align=\"left\">En la Cl\u00ednica SURGYTEAM, nos dedicamos a ayudarle a lograr el contorno corporal deseado a trav\u00e9s de nuestros procedimientos cosm\u00e9ticos avanzados. Uno de nuestros tratamientos altamente efectivos es la mastopexia de aumento, una combinaci\u00f3n de aumento de senos y levantamiento de senos dise\u00f1ada para mejorar el tama\u00f1o, la forma y la posici\u00f3n de los senos.<\/p><h3 class=\"western\"><a name=\"_qle5u11h9j8e\"><\/a> <span style=\"color: #000000;\"><span style=\"font-size: medium;\"><b>\u00bfQu\u00e9 es la Mastopexia de Aumento?<\/b><\/span><\/span><\/h3><p align=\"left\">La mastopexia de aumento, tambi\u00e9n conocida como levantamiento de senos con implantes, es un procedimiento quir\u00fargico que combina el aumento de senos con un levantamiento de senos. Este procedimiento aumenta el volumen de los senos, mejora la forma de los mismos y eleva la posici\u00f3n de los senos en el pecho para lograr una apariencia m\u00e1s juvenil y atractiva.<\/p><h3 class=\"western\"><a name=\"_5wmwv8jtiolr\"><\/a> <span style=\"color: #000000;\"><span style=\"font-size: medium;\"><b>Beneficios de la Mastopexia de Aumento<\/b><\/span><\/span><\/h3><p align=\"left\">Los principales beneficios de la mastopexia de aumento incluyen:<\/p><ul><li><p align=\"left\"><b>Mejora del tama\u00f1o y la forma de los senos<\/b>:La mastopexia de aumento aumenta el volumen mamario y mejora la forma y el contorno general de los senos.<\/p><\/li><li><p align=\"left\"><b>Apariencia levantada y juvenil<\/b>:Este procedimiento eleva la posici\u00f3n de los senos, abordando la flacidez y creando una apariencia m\u00e1s juvenil.<\/p><\/li><li><p align=\"left\"><b>Simetr\u00eda mejorada<\/b>:La mastopexia de aumento puede corregir los senos asim\u00e9tricos, creando una apariencia m\u00e1s equilibrada y armoniosa.<\/p><\/li><li><p align=\"left\"><b>Mayor confianza<\/b>:Un aumento en el tama\u00f1o, la forma y la posici\u00f3n de los senos pueden mejorar enormemente la autoestima y la confianza.<\/p><\/li><li><p align=\"left\"><b>Resultados personalizables<\/b>:La mastopexia de aumento ofrece una variedad de tipos, tama\u00f1os y formas de implantes para lograr los objetivos est\u00e9ticos deseados.<\/p><\/li><\/ul><h3 class=\"western\"><a name=\"_lute3b12os4l\"><\/a> <span style=\"color: #000000;\"><span style=\"font-size: medium;\"><b>El procedimiento de mastopexia de aumento<\/b><\/span><\/span><\/h3><p align=\"left\">En la Cl\u00ednica SURGYTEAM, nuestros cirujanos expertos utilizan t\u00e9cnicas avanzadas para lograr los mejores resultados posibles. La mastopexia de aumento se puede realizar con anestesia local con sedaci\u00f3n o anestesia general. El procedimiento implica los siguientes pasos:<\/p><ul><li><p align=\"left\"><b>Incisiones<\/b>:Se pueden realizar incisiones en zonas poco visibles como el pliegue inframamario (debajo del seno), periareolar (alrededor del pez\u00f3n) o transaxilar (en la axila) para minimizar las cicatrices visibles.<\/p><\/li><li><p align=\"left\"><b>Colocaci\u00f3n de implantes<\/b>:Los implantes elegidos (silicona o soluci\u00f3n salina) se colocan debajo del tejido mamario o debajo del m\u00fasculo del pecho para lograr el tama\u00f1o y la forma deseados.<\/p><\/li><li><p align=\"left\"><b>Levantamiento de senos<\/b>:Se elimina el exceso de piel y se levanta y remodela el tejido restante para lograr la posici\u00f3n y el contorno deseados del seno.<\/p><\/li><li><p align=\"left\"><b>Sutura<\/b>:Las incisiones se cierran con suturas y se proporcionan al paciente instrucciones sobre el cuidado postoperatorio.<\/p><\/li><\/ul><h3 class=\"western\"><a name=\"_uuty1vecr0fv\"><\/a> <span style=\"color: #000000;\"><span style=\"font-size: medium;\"><b>Recuperaci\u00f3n y cuidados posteriores<\/b><\/span><\/span><\/h3><p align=\"left\">La recuperaci\u00f3n de una mamoplastia de reducci\u00f3n var\u00eda, pero la mayor\u00eda de las pacientes experimentan hinchaz\u00f3n y molestias durante las dos primeras semanas. Nuestro equipo de la Cl\u00ednica SURGYTEAM proporciona instrucciones detalladas sobre los cuidados posteriores para garantizar una recuperaci\u00f3n sin problemas. Es importante usar un sost\u00e9n que sujete bien la zona, evitar actividades extenuantes y seguir nuestras pautas para el cuidado de la zona quir\u00fargica. La mayor\u00eda de las pacientes pueden volver al trabajo y a sus actividades normales en dos o tres semanas, aunque la recuperaci\u00f3n completa y los resultados finales pueden tardar varios meses.<\/p><h3 class=\"western\"><a name=\"_1qj74eabn4a\"><\/a> <span style=\"color: #000000;\"><span style=\"font-size: medium;\"><b>Elegir la cl\u00ednica SURGYTEAM para su mastopexia de aumento<\/b><\/span><\/span><\/h3><p align=\"left\">En la Cl\u00ednica SURGYTEAM, priorizamos la satisfacci\u00f3n y la seguridad del paciente. Nuestros cirujanos experimentados y nuestro personal m\u00e9dico dedicado trabajan en estrecha colaboraci\u00f3n con cada paciente para desarrollar un plan de tratamiento personalizado que satisfaga sus necesidades y objetivos \u00fanicos. Nos comprometemos a utilizar la \u00faltima tecnolog\u00eda y t\u00e9cnicas para lograr resultados de aspecto natural.<\/p><h3 class=\"western\"><a name=\"_dtstg6affvyj\"><\/a> <span style=\"color: #000000;\"><span style=\"font-size: medium;\"><b>Consulta y planificaci\u00f3n<\/b><\/span><\/span><\/h3><p align=\"left\">El primer paso en su proceso de mastopexia de aumento es una consulta integral con uno de nuestros cirujanos expertos en la Cl\u00ednica SURGYTEAM. Durante esta consulta, analizaremos sus inquietudes, su historial m\u00e9dico y sus objetivos est\u00e9ticos. Nuestro cirujano evaluar\u00e1 la anatom\u00eda de sus senos y el estado de su piel para determinar el enfoque m\u00e1s adecuado para su cirug\u00eda.<\/p><h3 class=\"western\"><a name=\"_ccroqyozl0sa\"><\/a> <span style=\"color: #000000;\"><span style=\"font-size: medium;\"><b>\u00bfPor qu\u00e9 elegir la mastopexia de aumento?<\/b><\/span><\/span><\/h3><p align=\"left\">Muchas personas buscan una mastopexia de aumento para mejorar el tama\u00f1o, la forma y la posici\u00f3n de sus senos, y solucionar sus inquietudes sobre senos peque\u00f1os o ca\u00eddos. Este procedimiento es ideal para quienes desean lograr una figura m\u00e1s proporcionada y atractiva, lo que aumenta la confianza corporal general.<\/p><h3 class=\"western\"><a name=\"_2tmxs2nwy0es\"><\/a> <span style=\"color: #000000;\"><span style=\"font-size: medium;\"><b>Combinaci\u00f3n de procedimientos para obtener mejores resultados<\/b><\/span><\/span><\/h3><p align=\"left\">Para obtener resultados a\u00fan m\u00e1s espectaculares, muchos pacientes optan por combinar la mamoplastia de reducci\u00f3n con otros procedimientos de remodelaci\u00f3n corporal. En la cl\u00ednica SURGYTEAM, ofrecemos una variedad de tratamientos complementarios, que incluyen liposucci\u00f3n, abdominoplastia y levantamiento de brazos. La combinaci\u00f3n de procedimientos puede brindar un rejuvenecimiento m\u00e1s integral y una apariencia general m\u00e1s armoniosa.<\/p><h3 class=\"western\"><a name=\"_l3s7yzri92su\"><\/a> <span style=\"color: #000000;\"><span style=\"font-size: medium;\"><b>Conclusi\u00f3n<\/b><\/span><\/span><\/h3><p align=\"left\">Si est\u00e1 considerando una mastopexia de aumento para mejorar su apariencia y aumentar su confianza, no busque m\u00e1s que en la Cl\u00ednica SURGYTEAM. Nuestro equipo de cirujanos experimentados se dedica a brindar atenci\u00f3n de la m\u00e1s alta calidad y lograr resultados excepcionales. Comun\u00edquese con nosotros hoy para programar su consulta y dar el primer paso hacia una apariencia m\u00e1s proporcionada y juvenil.<\/p>\t\t\t\t\t\t\t\t<\/div>\n\t\t\t\t<\/div>\n\t\t\t\t<\/div>\n\t\t<div class=\"elementor-element elementor-element-b373dbe e-con-full e-flex wpr-particle-no wpr-jarallax-no wpr-parallax-no wpr-sticky-section-no wpr-equal-height-no e-con e-child\" data-id=\"b373dbe\" data-element_type=\"container\" data-e-type=\"container\">\n\t\t\t\t<div class=\"elementor-element elementor-element-36389fc content-align-cta-default elementor-widget elementor-widget-eael-cta-box\" data-id=\"36389fc\" data-element_type=\"widget\" data-e-type=\"widget\" data-widget_type=\"eael-cta-box.default\">\n\t\t\t\t<div class=\"elementor-widget-container\">\n\t\t\t\t\t\t\t<div class=\"eael-call-to-action cta-basic bg-lite cta-preset-1\">\n        <h2 class=\"title eael-cta-heading\">\u00bfQU\u00c9 PUEDES ESPERAR?<\/h2><p>Haga clic en los enlaces para obtener m\u00e1s informaci\u00f3n sobre el procedimiento quir\u00fargico elegido, incluida informaci\u00f3n sobre su estad\u00eda en el hospital y <a href=\"https:\/\/surgyteam.com\/es\/contactenos\/\" rel=\"sponsored\">Tiempo de recuperaci\u00f3n<\/a>.<\/p><a href=\"\/es\/contactenos\/\" class=\"cta-button cta-preset-1\">Cont\u00e1ctenos<\/a>\t<\/div>\n\t\t\t\t\t\t\t\t<\/div>\n\t\t\t\t<\/div>\n\t\t\t\t<div class=\"elementor-element elementor-element-6be28ad eael-hamburger--none eael-simple-menu-hamburger-align-right elementor-widget elementor-widget-eael-simple-menu\" data-id=\"6be28ad\" data-element_type=\"widget\" data-e-type=\"widget\" data-widget_type=\"eael-simple-menu.default\">\n\t\t\t\t<div class=\"elementor-widget-container\">\n\t\t\t\t\t            <div data-hamburger-icon=\"&lt;svg aria-hidden=&quot;true&quot; class=&quot;e-font-icon-svg e-fas-bars&quot; viewBox=&quot;0 0 448 512&quot; xmlns=&quot;http:\/\/www.w3.org\/2000\/svg&quot;&gt;&lt;path d=&quot;M16 132h416c8.837 0 16-7.163 16-16V76c0-8.837-7.163-16-16-16H16C7.163 60 0 67.163 0 76v40c0 8.837 7.163 16 16 16zm0 160h416c8.837 0 16-7.163 16-16v-40c0-8.837-7.163-16-16-16H16c-8.837 0-16 7.163-16 16v40c0 8.837 7.163 16 16 16zm0 160h416c8.837 0 16-7.163 16-16v-40c0-8.837-7.163-16-16-16H16c-8.837 0-16 7.163-16 16v40c0 8.837 7.163 16 16 16z&quot;&gt;&lt;\/path&gt;&lt;\/svg&gt;\" data-indicator-icon=\"&lt;svg aria-hidden=&quot;true&quot; class=&quot;e-font-icon-svg e-fas-angle-down&quot; viewBox=&quot;0 0 320 512&quot; xmlns=&quot;http:\/\/www.w3.org\/2000\/svg&quot;&gt;&lt;path d=&quot;M143 352.3L7 216.3c-9.4-9.4-9.4-24.6 0-33.9l22.6-22.6c9.4-9.4 24.6-9.4 33.9 0l96.4 96.4 96.4-96.4c9.4-9.4 24.6-9.4 33.9 0l22.6 22.6c9.4 9.4 9.4 24.6 0 33.9l-136 136c-9.2 9.4-24.4 9.4-33.8 0z&quot;&gt;&lt;\/path&gt;&lt;\/svg&gt;\" data-dropdown-indicator-icon=\"&lt;svg class=&quot;e-font-icon-svg e-fas-angle-down&quot; viewBox=&quot;0 0 320 512&quot; xmlns=&quot;http:\/\/www.w3.org\/2000\/svg&quot;&gt;&lt;path d=&quot;M143 352.3L7 216.3c-9.4-9.4-9.4-24.6 0-33.9l22.6-22.6c9.4-9.4 24.6-9.4 33.9 0l96.4 96.4 96.4-96.4c9.4-9.4 24.6-9.4 33.9 0l22.6 22.6c9.4 9.4 9.4 24.6 0 33.9l-136 136c-9.2 9.4-24.4 9.4-33.8 0z&quot;&gt;&lt;\/path&gt;&lt;\/svg&gt;\" class=\"eael-simple-menu-container eael-simple-menu--loading eael-simple-menu-align-left eael-simple-menu-dropdown-align-left preset-2\" data-hamburger-breakpoints=\"{&quot;mobile&quot;:&quot;M\\u00f3vil vertical (&gt; 767px)&quot;,&quot;tablet&quot;:&quot;Tableta vertical (&gt; 1024px)&quot;,&quot;desktop&quot;:&quot;Escritorio (&gt; 2400px)&quot;,&quot;none&quot;:&quot;Ninguno&quot;}\" data-hamburger-device=\"none\">\n                <ul id=\"menu-estetik-cerrahi-islemler\" class=\"eael-simple-menu eael-simple-menu-dropdown-animate-to-top eael-simple-menu-indicator eael-simple-menu-vertical\"><li id=\"menu-item-539\" class=\"menu-item menu-item-type-post_type menu-item-object-page menu-item-539\"><a href=\"https:\/\/surgyteam.com\/es\/brow-lift\/\" class=\"menu-link\">Levantamiento de cejas<\/a><\/li>\n<li id=\"menu-item-538\" class=\"menu-item menu-item-type-post_type menu-item-object-page menu-item-538\"><a href=\"https:\/\/surgyteam.com\/es\/blepharoplasty\/\" class=\"menu-link\">Blefaroplastia<\/a><\/li>\n<li id=\"menu-item-537\" class=\"menu-item menu-item-type-post_type menu-item-object-page menu-item-537\"><a href=\"https:\/\/surgyteam.com\/es\/rhinoplasty\/\" class=\"menu-link\">Rinoplastia<\/a><\/li>\n<li id=\"menu-item-541\" class=\"menu-item menu-item-type-post_type menu-item-object-page menu-item-541\"><a href=\"https:\/\/surgyteam.com\/es\/prominent-ear\/\" class=\"menu-link\">Oreja prominente<\/a><\/li>\n<li id=\"menu-item-535\" class=\"menu-item menu-item-type-post_type menu-item-object-page menu-item-535\"><a href=\"https:\/\/surgyteam.com\/es\/bichectomy\/\" class=\"menu-link\">Bichectom\u00eda<\/a><\/li>\n<li id=\"menu-item-534\" class=\"menu-item menu-item-type-post_type menu-item-object-page menu-item-534\"><a href=\"https:\/\/surgyteam.com\/es\/lip-lift\/\" class=\"menu-link\">Levantamiento de labios<\/a><\/li>\n<li id=\"menu-item-533\" class=\"menu-item menu-item-type-post_type menu-item-object-page menu-item-533\"><a href=\"https:\/\/surgyteam.com\/es\/face-lift\/\" class=\"menu-link\">Estiramiento facial<\/a><\/li>\n<li id=\"menu-item-532\" class=\"menu-item menu-item-type-post_type menu-item-object-page menu-item-532\"><a href=\"https:\/\/surgyteam.com\/es\/neck-lift\/\" class=\"menu-link\">Estiramiento de cuello<\/a><\/li>\n<li id=\"menu-item-531\" class=\"menu-item menu-item-type-post_type menu-item-object-page menu-item-531\"><a href=\"https:\/\/surgyteam.com\/es\/arm-lift\/\" class=\"menu-link\">Elevaci\u00f3n de brazos<\/a><\/li>\n<li id=\"menu-item-530\" class=\"menu-item menu-item-type-post_type menu-item-object-page menu-item-530\"><a href=\"https:\/\/surgyteam.com\/es\/reduction-mammoplasty\/\" class=\"menu-link\">Mamoplastia de reducci\u00f3n<\/a><\/li>\n<li id=\"menu-item-529\" class=\"menu-item menu-item-type-post_type menu-item-object-page menu-item-529\"><a href=\"https:\/\/surgyteam.com\/es\/augmentation-mammoplasty\/\" class=\"menu-link\">Mamoplastia de aumento<\/a><\/li>\n<li id=\"menu-item-528\" class=\"menu-item menu-item-type-post_type menu-item-object-page menu-item-528\"><a href=\"https:\/\/surgyteam.com\/es\/augmentation-mastopexy\/\" class=\"menu-link\">Mastopexia de aumento<\/a><\/li>\n<li id=\"menu-item-556\" class=\"menu-item menu-item-type-post_type menu-item-object-page menu-item-556\"><a href=\"https:\/\/surgyteam.com\/es\/tummy-tuck\/\" class=\"menu-link\">Abdominoplastia<\/a><\/li>\n<li id=\"menu-item-527\" class=\"menu-item menu-item-type-post_type menu-item-object-page menu-item-527\"><a href=\"https:\/\/surgyteam.com\/es\/back-lift\/\" class=\"menu-link\">Elevaci\u00f3n de espalda<\/a><\/li>\n<li id=\"menu-item-526\" class=\"menu-item menu-item-type-post_type menu-item-object-page menu-item-526\"><a href=\"https:\/\/surgyteam.com\/es\/brasilian-butt-lift\/\" class=\"menu-link\">Levantamiento de gl\u00fateos brasile\u00f1o<\/a><\/li>\n<li id=\"menu-item-540\" class=\"menu-item menu-item-type-post_type menu-item-object-page menu-item-540\"><a href=\"https:\/\/surgyteam.com\/es\/360-liposuction\/\" class=\"menu-link\">Levantamiento de muslos<\/a><\/li>\n<\/ul>                <button class=\"eael-simple-menu-toggle\">\n                    <span class=\"sr-only\">Men\u00fa de hamburguesas<\/span>\n                    <svg aria-hidden=\"true\" class=\"e-font-icon-svg e-fas-bars\" viewbox=\"0 0 448 512\" xmlns=\"http:\/\/www.w3.org\/2000\/svg\"><path d=\"M16 132h416c8.837 0 16-7.163 16-16V76c0-8.837-7.163-16-16-16H16C7.163 60 0 67.163 0 76v40c0 8.837 7.163 16 16 16zm0 160h416c8.837 0 16-7.163 16-16v-40c0-8.837-7.163-16-16-16H16c-8.837 0-16 7.163-16 16v40c0 8.837 7.163 16 16 16zm0 160h416c8.837 0 16-7.163 16-16v-40c0-8.837-7.163-16-16-16H16c-8.837 0-16 7.163-16 16v40c0 8.837 7.163 16 16 16z\"><\/path><\/svg>                <\/button>\n            <\/div>\n            \t\t\t\t<\/div>\n\t\t\t\t<\/div>\n\t\t\t\t<\/div>\n\t\t\t\t\t<\/div>\n\t\t\t\t<\/div>\n\t\t\t\t<\/div>","protected":false},"excerpt":{"rendered":"<p>Augmentation Mastopexy Augmentation Mastopexy at SURGYTEAM Clinic At SURGYTEAM Clinic, we are dedicated to helping you achieve your desired body contour through our advanced cosmetic procedures. One of our highly effective treatments is augmentation mastopexy, a combination of breast augmentation and breast lift designed to enhance the size, shape, and position of the breasts. What is Augmentation Mastopexy? Augmentation mastopexy, also known as a breast lift with implants, is a surgical procedure that combines breast augmentation with a breast lift. This procedure increases breast volume, improves breast shape, and raises the position of the breasts on the chest for a more youthful and attractive appearance. Benefits of Augmentation Mastopexy The primary benefits of augmentation mastopexy include: Enhanced Breast Size and Shape: Augmentation mastopexy increases breast volume and improves the overall shape and contour of the breasts. Lifted and Youthful Appearance: This procedure raises the position of the breasts, addressing sagging and creating a more youthful look. Improved Symmetry: Augmentation mastopexy can correct asymmetrical breasts, creating a more balanced and harmonious appearance. Boosted Confidence: Enhanced breast size, shape, and position can greatly enhance self-esteem and confidence. Customizable Results: Augmentation mastopexy offers a variety of implant types, sizes, and shapes to achieve the desired aesthetic goals. The Augmentation Mastopexy Procedure At SURGYTEAM Clinic, our skilled surgeons use advanced techniques to achieve the best possible outcomes. Augmentation mastopexy can be performed under local anesthesia with sedation or general anesthesia. The procedure involves the following steps: Incisions: Incisions can be made in inconspicuous areas such as the inframammary fold (under the breast), periareolar (around the nipple), or transaxillary (in the armpit) to minimize visible scarring. Implant Placement: The chosen implants (silicone or saline) are placed either under the breast tissue or beneath the chest muscle to achieve the desired size and shape. Breast Lift: The excess skin is removed, and the remaining tissue is lifted and reshaped to achieve the desired breast position and contour. Suturing: The incisions are closed with sutures, and the patient is provided with post-operative care instructions. Recovery and Aftercare Recovery from augmentation mastopexy varies, but most patients experience swelling and discomfort for the first week. Our team at SURGYTEAM Clinic provides detailed aftercare instructions to ensure a smooth recovery. It is important to wear a supportive bra, avoid strenuous activities, and follow our guidelines for caring for the surgical site. Most patients can return to work and normal activities within one to two weeks, although full recovery and the final results can take several months. Choosing SURGYTEAM Clinic for Your Augmentation Mastopexy At SURGYTEAM Clinic, we prioritize patient satisfaction and safety. Our experienced surgeons and dedicated medical staff work closely with each patient to develop a personalized treatment plan that meets their unique needs and goals. We are committed to using the latest technology and techniques to achieve natural-looking results. Consultation and Planning The first step in your augmentation mastopexy journey is a comprehensive consultation with one of our expert surgeons at SURGYTEAM Clinic. During this consultation, we will discuss your concerns, medical history, and aesthetic goals. Our surgeon will evaluate your breast anatomy and skin condition to determine the most suitable approach for your surgery. Why Choose Augmentation Mastopexy? Many individuals seek augmentation mastopexy to enhance their breast size, shape, and position, addressing concerns about small or sagging breasts. This procedure is ideal for those who want to achieve a more proportionate and attractive figure, boosting overall body confidence. Combining Procedures for Enhanced Results For even more dramatic results, many patients choose to combine their augmentation mastopexy with other body contouring procedures. At SURGYTEAM Clinic, we offer a range of complementary treatments, including tummy tucks, liposuction, and arm lifts. Combining procedures can provide a more comprehensive rejuvenation and a more harmonious overall appearance. Conclusion If you\u2019re considering augmentation mastopexy to enhance your appearance and boost your confidence, look no further than SURGYTEAM Clinic. Our team of experienced surgeons is dedicated to providing the highest quality care and achieving outstanding results. Contact us today to schedule your consultation and take the first step toward a more proportionate, youthful you. WHAT CAN YOU EXPECT Click on the links to discover more about your chosen surgical procedure, including information about your hospital stay and recovery time. Contact Us Brow lift Blepharoplasty Rhinoplasty Prominent ear Bichectomy Lip lift Face lift Neck Lift Arm Lift Reduction Mammoplasty Augmentation Mammoplasty Augmentation Mastopexy Tummy Tuck Back Lift Brasilian Butt Lift Thigh Lift Humberger Toggle Menu<\/p>","protected":false},"author":1,"featured_media":0,"parent":0,"menu_order":0,"comment_status":"closed","ping_status":"closed","template":"elementor_header_footer","meta":{"content-type":"","_daextam_enable_autolinks":"","site-sidebar-layout":"default","site-content-layout":"","ast-site-content-layout":"default","site-content-style":"default","site-sidebar-style":"default","ast-global-header-display":"","ast-banner-title-visibility":"","ast-main-header-display":"","ast-hfb-above-header-display":"","ast-hfb-below-header-display":"","ast-hfb-mobile-header-display":"","site-post-title":"","ast-breadcrumbs-content":"","ast-featured-img":"","footer-sml-layout":"","ast-disable-related-posts":"","theme-transparent-header-meta":"","adv-header-id-meta":"","stick-header-meta":"","header-above-stick-meta":"","header-main-stick-meta":"","header-below-stick-meta":"","astra-migrate-meta-layouts":"default","ast-page-background-enabled":"default","ast-page-background-meta":{"desktop":{"background-color":"var(--ast-global-color-4)","background-image":"","background-repeat":"repeat","background-position":"center center","background-size":"auto","background-attachment":"scroll","background-type":"","background-media":"","overlay-type":"","overlay-color":"","overlay-opacity":"","overlay-gradient":""},"tablet":{"background-color":"","background-image":"","background-repeat":"repeat","background-position":"center center","background-size":"auto","background-attachment":"scroll","background-type":"","background-media":"","overlay-type":"","overlay-color":"","overlay-opacity":"","overlay-gradient":""},"mobile":{"background-color":"","background-image":"","background-repeat":"repeat","background-position":"center center","background-size":"auto","background-attachment":"scroll","background-type":"","background-media":"","overlay-type":"","overlay-color":"","overlay-opacity":"","overlay-gradient":""}},"ast-content-background-meta":{"desktop":{"background-color":"var(--ast-global-color-5)","background-image":"","background-repeat":"repeat","background-position":"center center","background-size":"auto","background-attachment":"scroll","background-type":"","background-media":"","overlay-type":"","overlay-color":"","overlay-opacity":"","overlay-gradient":""},"tablet":{"background-color":"var(--ast-global-color-5)","background-image":"","background-repeat":"repeat","background-position":"center center","background-size":"auto","background-attachment":"scroll","background-type":"","background-media":"","overlay-type":"","overlay-color":"","overlay-opacity":"","overlay-gradient":""},"mobile":{"background-color":"var(--ast-global-color-5)","background-image":"","background-repeat":"repeat","background-position":"center center","background-size":"auto","background-attachment":"scroll","background-type":"","background-media":"","overlay-type":"","overlay-color":"","overlay-opacity":"","overlay-gradient":""}},"footnotes":""},"class_list":["post-469","page","type-page","status-publish","hentry"],"_links":{"self":[{"href":"https:\/\/surgyteam.com\/es\/wp-json\/wp\/v2\/pages\/469","targetHints":{"allow":["GET"]}}],"collection":[{"href":"https:\/\/surgyteam.com\/es\/wp-json\/wp\/v2\/pages"}],"about":[{"href":"https:\/\/surgyteam.com\/es\/wp-json\/wp\/v2\/types\/page"}],"author":[{"embeddable":true,"href":"https:\/\/surgyteam.com\/es\/wp-json\/wp\/v2\/users\/1"}],"replies":[{"embeddable":true,"href":"https:\/\/surgyteam.com\/es\/wp-json\/wp\/v2\/comments?post=469"}],"version-history":[{"count":0,"href":"https:\/\/surgyteam.com\/es\/wp-json\/wp\/v2\/pages\/469\/revisions"}],"wp:attachment":[{"href":"https:\/\/surgyteam.com\/es\/wp-json\/wp\/v2\/media?parent=469"}],"curies":[{"name":"wp","href":"https:\/\/api.w.org\/{rel}","templated":true}]}}