{"id":1002,"date":"2024-08-12T08:05:48","date_gmt":"2024-08-12T08:05:48","guid":{"rendered":"https:\/\/surgyteam.com\/?page_id=1002"},"modified":"2024-08-26T10:57:04","modified_gmt":"2024-08-26T10:57:04","slug":"riempitivi-per-le-labbra","status":"publish","type":"page","link":"https:\/\/surgyteam.com\/it\/lip-fillers\/","title":{"rendered":"Riempitivi per le labbra"},"content":{"rendered":"<div data-elementor-type=\"wp-page\" data-elementor-id=\"1002\" class=\"elementor elementor-1002\">\n\t\t\t\t<div class=\"elementor-element elementor-element-09cf3b8 e-flex e-con-boxed wpr-particle-no wpr-jarallax-no wpr-parallax-no wpr-sticky-section-no wpr-equal-height-no e-con e-parent\" data-id=\"09cf3b8\" data-element_type=\"container\" data-e-type=\"container\" data-settings=\"{&quot;background_background&quot;:&quot;classic&quot;}\">\n\t\t\t\t\t<div class=\"e-con-inner\">\n\t\t\t\t<div class=\"elementor-element elementor-element-6eaee70 elementor-widget elementor-widget-wpr-post-title\" data-id=\"6eaee70\" data-element_type=\"widget\" data-e-type=\"widget\" data-widget_type=\"wpr-post-title.default\">\n\t\t\t\t<div class=\"elementor-widget-container\">\n\t\t\t\t\t<h1 class=\"wpr-post-title\">Riempitivi per le labbra<\/h1>\t\t\t\t<\/div>\n\t\t\t\t<\/div>\n\t\t\t\t\t<\/div>\n\t\t\t\t<\/div>\n\t\t<div class=\"elementor-element elementor-element-6ecccb3 e-flex e-con-boxed wpr-particle-no wpr-jarallax-no wpr-parallax-no wpr-sticky-section-no wpr-equal-height-no e-con e-parent\" data-id=\"6ecccb3\" data-element_type=\"container\" data-e-type=\"container\">\n\t\t\t\t\t<div class=\"e-con-inner\">\n\t\t<div class=\"elementor-element elementor-element-bd5f2bf e-con-full e-flex wpr-particle-no wpr-jarallax-no wpr-parallax-no wpr-sticky-section-no wpr-equal-height-no e-con e-child\" data-id=\"bd5f2bf\" data-element_type=\"container\" data-e-type=\"container\">\n\t\t\t\t<div class=\"elementor-element elementor-element-236cd7f elementor-widget elementor-widget-image\" data-id=\"236cd7f\" data-element_type=\"widget\" data-e-type=\"widget\" data-widget_type=\"image.default\">\n\t\t\t\t<div class=\"elementor-widget-container\">\n\t\t\t\t\t\t\t\t\t\t\t\t\t\t\t<img fetchpriority=\"high\" decoding=\"async\" width=\"1024\" height=\"483\" src=\"https:\/\/surgyteam.com\/wp-content\/uploads\/2024\/07\/Lip-lift-1024x483.jpg\" class=\"attachment-large size-large wp-image-425\" alt=\"Lifting delle labbra\" srcset=\"https:\/\/surgyteam.com\/wp-content\/uploads\/2024\/07\/Lip-lift-1024x483.jpg 1024w, https:\/\/surgyteam.com\/wp-content\/uploads\/2024\/07\/Lip-lift-300x142.jpg 300w, https:\/\/surgyteam.com\/wp-content\/uploads\/2024\/07\/Lip-lift-768x362.jpg 768w, https:\/\/surgyteam.com\/wp-content\/uploads\/2024\/07\/Lip-lift.jpg 1170w\" sizes=\"(max-width: 1024px) 100vw, 1024px\" \/>\t\t\t\t\t\t\t\t\t\t\t\t\t\t\t<\/div>\n\t\t\t\t<\/div>\n\t\t\t\t<div class=\"elementor-element elementor-element-c5acd1f elementor-widget elementor-widget-text-editor\" data-id=\"c5acd1f\" data-element_type=\"widget\" data-e-type=\"widget\" data-widget_type=\"text-editor.default\">\n\t\t\t\t<div class=\"elementor-widget-container\">\n\t\t\t\t\t\t\t\t\t<p><strong>Esalta la tua bellezza con i filler per le labbra: tutto ci\u00f2 che devi sapere<\/strong><\/p><p>I filler per le labbra sono diventati uno dei trattamenti estetici pi\u00f9 popolari degli ultimi anni, offrendo un modo non chirurgico per ottenere labbra pi\u00f9 piene e definite. Che tu stia cercando di migliorare la tua bellezza naturale o correggere l&#039;asimmetria, i filler per le labbra possono fornire la soluzione perfetta. In questa guida completa, esploreremo tutto ci\u00f2 che devi sapere sui filler per le labbra, da cosa sono e come funzionano a cosa puoi aspettarti dalla procedura.<\/p><h3>Cosa sono i filler per le labbra?<\/h3><p>I filler per le labbra, noti anche come aumento delle labbra o iniezioni per le labbra, comportano l&#039;uso di filler dermici per aggiungere volume, forma e struttura alle labbra. Il tipo di filler pi\u00f9 comune utilizzato \u00e8 l&#039;acido ialuronico (HA), una sostanza naturalmente presente nel corpo che aiuta a trattenere l&#039;idratazione e a fornire elasticit\u00e0. I filler HA sono preferiti per il loro aspetto naturale, gli effetti collaterali minimi e la reversibilit\u00e0, se necessario.<\/p><h3>Come funzionano i filler per le labbra?<\/h3><p>I filler per le labbra vengono iniettati in aree specifiche delle labbra per creare volume e forma. La procedura dura in genere circa 30 minuti e prevede l&#039;uso di un ago sottile o di una cannula per posizionare con precisione il filler sotto la pelle. I risultati sono immediati, con le labbra che appaiono pi\u00f9 piene e definite subito dopo il trattamento. Nel tempo, il filler si integra con il tessuto, fornendo un effetto naturale e duraturo.<\/p><h3>Vantaggi dei filler per le labbra<\/h3><ol><li><p><strong>Risultati immediati:<\/strong> Uno degli aspetti pi\u00f9 attraenti dei filler per le labbra \u00e8 il miglioramento immediato. A differenza di altre procedure cosmetiche che possono richiedere settimane per mostrare risultati, i filler per le labbra forniscono soddisfazione immediata.<\/p><\/li><li><p><strong>Aspetto naturale:<\/strong> Se eseguiti da un professionista esperto, i filler per le labbra possono valorizzare le tue labbra senza sembrare esagerati. L&#039;uso di filler all&#039;acido ialuronico assicura un aspetto naturale che completa i tuoi lineamenti del viso.<\/p><\/li><li><p><strong>Reversibilit\u00e0:<\/strong> Se non si \u00e8 soddisfatti dei risultati, i filler all&#039;acido ialuronico possono essere sciolti con un enzima chiamato ialuronidasi, rendendoli un&#039;opzione a basso rischio.<\/p><\/li><li><p><strong>Personalizzazione:<\/strong> I filler per le labbra sono altamente personalizzabili e consentono di ottenere il look desiderato, che si tratti di un leggero miglioramento o di un cambiamento pi\u00f9 radicale.<\/p><\/li><li><p><strong>Tempi di inattivit\u00e0 minimi:<\/strong> La maggior parte dei pazienti non riscontra alcun tempo di recupero o quasi; eventuali gonfiori o lividi solitamente scompaiono nel giro di pochi giorni.<\/p><\/li><\/ol><h3>Cosa aspettarsi durante la procedura<\/h3><p>Prima della procedura, \u00e8 essenziale una consulenza con un professionista qualificato. Durante questa consulenza, discuterai dei tuoi obiettivi e il professionista valuter\u00e0 le tue labbra e la struttura del viso per determinare l&#039;approccio migliore. Il trattamento vero e proprio inizia con l&#039;applicazione di una crema anestetica topica per ridurre al minimo il disagio. Una volta che la zona \u00e8 intorpidita, il filler viene iniettato con cura nelle labbra.<\/p><p>Il processo \u00e8 rapido, solitamente completato entro 15-30 minuti. Dopo le iniezioni, potresti riscontrare un po&#039; di gonfiore e lividi, ma questi effetti collaterali sono temporanei e dovrebbero scomparire entro una settimana.<\/p><h3>Post-trattamento e recupero<\/h3><p>Dopo la procedura, il tuo medico ti fornir\u00e0 istruzioni postoperatorie per garantire i migliori risultati. \u00c8 importante evitare di toccare o massaggiare le labbra per almeno 24 ore per impedire al filler di muoversi. Dovresti anche evitare esercizi faticosi, calore eccessivo e alcol per le prime 48 ore per ridurre il rischio di gonfiore e lividi.<\/p><p>Applicare un impacco freddo pu\u00f2 aiutare ad alleviare qualsiasi fastidio o gonfiore. Si raccomanda inoltre di mantenersi idratati ed evitare un&#039;eccessiva assunzione di sale, poich\u00e9 pu\u00f2 contribuire al gonfiore.<\/p><h3>Quanto durano i filler per le labbra?<\/h3><p>La longevit\u00e0 dei filler per le labbra dipende da diversi fattori, tra cui il tipo di filler utilizzato, il metabolismo e la quantit\u00e0 di prodotto iniettata. In media, i filler per le labbra durano dai 6 ai 12 mesi. Ritocchi regolari possono aiutare a mantenere l&#039;aspetto desiderato e alcuni pazienti potrebbero scoprire che nel tempo \u00e8 necessario meno prodotto.<\/p><h3>Scegliere il professionista giusto<\/h3><p>La chiave per ottenere risultati belli e naturali sta nello scegliere il professionista giusto. \u00c8 importante selezionare un professionista autorizzato ed esperto specializzato in iniettabili cosmetici. Durante la consulenza, chiedi di vedere le foto prima e dopo dei clienti precedenti e discuti di eventuali dubbi o domande che potresti avere.<\/p><h3>I filler per le labbra sono adatti a te?<\/h3><p>I filler per le labbra sono un&#039;opzione eccellente per chi desidera migliorare il volume e la forma delle proprie labbra. Che tu voglia risolvere il problema delle labbra sottili dovute all&#039;invecchiamento, correggere l&#039;asimmetria o semplicemente avere labbra pi\u00f9 piene, questo trattamento pu\u00f2 darti i risultati che desideri. Tuttavia, \u00e8 fondamentale avere aspettative realistiche e capire che l&#039;obiettivo \u00e8 migliorare la tua bellezza naturale, non cambiare drasticamente il tuo aspetto.<\/p><h3>Conclusione<\/h3><p>I filler per le labbra offrono un modo sicuro, efficace e personalizzabile per ottenere le labbra piene e belle che hai sempre desiderato. Con tempi di recupero minimi, risultati immediati e la possibilit\u00e0 di invertire il trattamento se necessario, non c&#039;\u00e8 da stupirsi che i filler per le labbra siano diventati una procedura cosmetica di riferimento per molti. Scegliendo un professionista esperto e seguendo le cure successive appropriate, puoi goderti labbra migliorate che sembrano naturali e completano l&#039;estetica generale del tuo viso.<\/p>\t\t\t\t\t\t\t\t<\/div>\n\t\t\t\t<\/div>\n\t\t\t\t<\/div>\n\t\t<div class=\"elementor-element elementor-element-b373dbe e-con-full e-flex wpr-particle-no wpr-jarallax-no wpr-parallax-no wpr-sticky-section-no wpr-equal-height-no e-con e-child\" data-id=\"b373dbe\" data-element_type=\"container\" data-e-type=\"container\">\n\t\t\t\t<div class=\"elementor-element elementor-element-36389fc content-align-cta-default elementor-widget elementor-widget-eael-cta-box\" data-id=\"36389fc\" data-element_type=\"widget\" data-e-type=\"widget\" data-widget_type=\"eael-cta-box.default\">\n\t\t\t\t<div class=\"elementor-widget-container\">\n\t\t\t\t\t\t\t<div class=\"eael-call-to-action cta-basic bg-lite cta-preset-1\">\n        <h2 class=\"title eael-cta-heading\">COSA PUOI ASPETTARTI<\/h2><p>Clicca sui link per scoprire di pi\u00f9 sulla procedura chirurgica scelta, comprese le informazioni sul tuo ricovero ospedaliero e <a href=\"https:\/\/surgyteam.com\/it\/contattaci\/\" rel=\"sponsored\">tempo di recupero<\/a>.<\/p><a href=\"\/it\/contattaci\/\" class=\"cta-button cta-preset-1\">Contattaci<\/a>\t<\/div>\n\t\t\t\t\t\t\t\t<\/div>\n\t\t\t\t<\/div>\n\t\t\t\t<div class=\"elementor-element elementor-element-e8eb1f0 eael-hamburger--none eael-simple-menu-hamburger-align-right elementor-widget elementor-widget-eael-simple-menu\" data-id=\"e8eb1f0\" data-element_type=\"widget\" data-e-type=\"widget\" data-widget_type=\"eael-simple-menu.default\">\n\t\t\t\t<div class=\"elementor-widget-container\">\n\t\t\t\t\t            <div data-hamburger-icon=\"&lt;svg aria-hidden=&quot;true&quot; class=&quot;e-font-icon-svg e-fas-bars&quot; viewBox=&quot;0 0 448 512&quot; xmlns=&quot;http:\/\/www.w3.org\/2000\/svg&quot;&gt;&lt;path d=&quot;M16 132h416c8.837 0 16-7.163 16-16V76c0-8.837-7.163-16-16-16H16C7.163 60 0 67.163 0 76v40c0 8.837 7.163 16 16 16zm0 160h416c8.837 0 16-7.163 16-16v-40c0-8.837-7.163-16-16-16H16c-8.837 0-16 7.163-16 16v40c0 8.837 7.163 16 16 16zm0 160h416c8.837 0 16-7.163 16-16v-40c0-8.837-7.163-16-16-16H16c-8.837 0-16 7.163-16 16v40c0 8.837 7.163 16 16 16z&quot;&gt;&lt;\/path&gt;&lt;\/svg&gt;\" data-indicator-icon=\"&lt;svg aria-hidden=&quot;true&quot; class=&quot;e-font-icon-svg e-fas-angle-down&quot; viewBox=&quot;0 0 320 512&quot; xmlns=&quot;http:\/\/www.w3.org\/2000\/svg&quot;&gt;&lt;path d=&quot;M143 352.3L7 216.3c-9.4-9.4-9.4-24.6 0-33.9l22.6-22.6c9.4-9.4 24.6-9.4 33.9 0l96.4 96.4 96.4-96.4c9.4-9.4 24.6-9.4 33.9 0l22.6 22.6c9.4 9.4 9.4 24.6 0 33.9l-136 136c-9.2 9.4-24.4 9.4-33.8 0z&quot;&gt;&lt;\/path&gt;&lt;\/svg&gt;\" data-dropdown-indicator-icon=\"&lt;svg class=&quot;e-font-icon-svg e-fas-angle-down&quot; viewBox=&quot;0 0 320 512&quot; xmlns=&quot;http:\/\/www.w3.org\/2000\/svg&quot;&gt;&lt;path d=&quot;M143 352.3L7 216.3c-9.4-9.4-9.4-24.6 0-33.9l22.6-22.6c9.4-9.4 24.6-9.4 33.9 0l96.4 96.4 96.4-96.4c9.4-9.4 24.6-9.4 33.9 0l22.6 22.6c9.4 9.4 9.4 24.6 0 33.9l-136 136c-9.2 9.4-24.4 9.4-33.8 0z&quot;&gt;&lt;\/path&gt;&lt;\/svg&gt;\" class=\"eael-simple-menu-container eael-simple-menu--loading eael-simple-menu-align-left eael-simple-menu-dropdown-align-left preset-2\" data-hamburger-breakpoints=\"{&quot;mobile&quot;:&quot;Mobile Portrait (&gt; 767px)&quot;,&quot;tablet&quot;:&quot;Tablet verticale (&gt; 1024px)&quot;,&quot;desktop&quot;:&quot;Desktop (&gt; 2400px)&quot;,&quot;none&quot;:&quot;None&quot;}\" data-hamburger-device=\"none\">\n                <ul id=\"menu-kozmetik-cerrahi\" class=\"eael-simple-menu eael-simple-menu-dropdown-animate-to-top eael-simple-menu-indicator eael-simple-menu-vertical\"><li id=\"menu-item-552\" class=\"menu-item menu-item-type-post_type menu-item-object-page menu-item-552\"><a href=\"https:\/\/surgyteam.com\/it\/mommy-makeover-2\/\" class=\"menu-link\">Trasformazione della mamma<\/a><\/li>\n<li id=\"menu-item-543\" class=\"menu-item menu-item-type-post_type menu-item-object-page menu-item-543\"><a href=\"https:\/\/surgyteam.com\/it\/360-liposuction-2\/\" class=\"menu-link\">Liposuzione a 360\u00b0<\/a><\/li>\n<li id=\"menu-item-550\" class=\"menu-item menu-item-type-post_type menu-item-object-page menu-item-550\"><a href=\"https:\/\/surgyteam.com\/it\/hi-def-liposuction\/\" class=\"menu-link\">Liposuzione ad alta definizione<\/a><\/li>\n<li id=\"menu-item-545\" class=\"menu-item menu-item-type-post_type menu-item-object-page menu-item-545\"><a href=\"https:\/\/surgyteam.com\/it\/abs-cracks\/\" class=\"menu-link\">Crepe addominali<\/a><\/li>\n<li id=\"menu-item-544\" class=\"menu-item menu-item-type-post_type menu-item-object-page menu-item-544\"><a href=\"https:\/\/surgyteam.com\/it\/abdominal-etching\/\" class=\"menu-link\">Incisione addominale<\/a><\/li>\n<li id=\"menu-item-555\" class=\"menu-item menu-item-type-post_type menu-item-object-page menu-item-555\"><a href=\"https:\/\/surgyteam.com\/it\/upper-blepharoplasty\/\" class=\"menu-link\">Blefaroplastica superiore<\/a><\/li>\n<li id=\"menu-item-551\" class=\"menu-item menu-item-type-post_type menu-item-object-page menu-item-551\"><a href=\"https:\/\/surgyteam.com\/it\/lower-blepharoplasty\/\" class=\"menu-link\">Blefaroplastica inferiore<\/a><\/li>\n<li id=\"menu-item-547\" class=\"menu-item menu-item-type-post_type menu-item-object-page menu-item-547\"><a href=\"https:\/\/surgyteam.com\/it\/1-kozmetik-cerrahi-islemler-icin-cogaltilacak-2\/\" class=\"menu-link\">Occhio di gatto<\/a><\/li>\n<li id=\"menu-item-549\" class=\"menu-item menu-item-type-post_type menu-item-object-page menu-item-549\"><a href=\"https:\/\/surgyteam.com\/it\/fox-eye\/\" class=\"menu-link\">Occhio di volpe<\/a><\/li>\n<li id=\"menu-item-546\" class=\"menu-item menu-item-type-post_type menu-item-object-page menu-item-546\"><a href=\"https:\/\/surgyteam.com\/it\/almond-eye\/\" class=\"menu-link\">Occhio di mandorla<\/a><\/li>\n<li id=\"menu-item-554\" class=\"menu-item menu-item-type-post_type menu-item-object-page menu-item-554\"><a href=\"https:\/\/surgyteam.com\/it\/temporal-lift\/\" class=\"menu-link\">Sollevamento temporale<\/a><\/li>\n<li id=\"menu-item-548\" class=\"menu-item menu-item-type-post_type menu-item-object-page menu-item-548\"><a href=\"https:\/\/surgyteam.com\/it\/double-jaw-surgery\/\" class=\"menu-link\">Chirurgia della doppia mascella<\/a><\/li>\n<li id=\"menu-item-553\" class=\"menu-item menu-item-type-post_type menu-item-object-page menu-item-553\"><a href=\"https:\/\/surgyteam.com\/it\/orthognatic-surgery\/\" class=\"menu-link\">Chirurgia Ortognatica<\/a><\/li>\n<\/ul>                <button class=\"eael-simple-menu-toggle\">\n                    <span class=\"sr-only\">Menu a discesa dell&#039;hamburger<\/span>\n                    <svg aria-hidden=\"true\" class=\"e-font-icon-svg e-fas-bars\" viewbox=\"0 0 448 512\" xmlns=\"http:\/\/www.w3.org\/2000\/svg\"><path d=\"M16 132h416c8.837 0 16-7.163 16-16V76c0-8.837-7.163-16-16-16H16C7.163 60 0 67.163 0 76v40c0 8.837 7.163 16 16 16zm0 160h416c8.837 0 16-7.163 16-16v-40c0-8.837-7.163-16-16-16H16c-8.837 0-16 7.163-16 16v40c0 8.837 7.163 16 16 16zm0 160h416c8.837 0 16-7.163 16-16v-40c0-8.837-7.163-16-16-16H16c-8.837 0-16 7.163-16 16v40c0 8.837 7.163 16 16 16z\"><\/path><\/svg>                <\/button>\n            <\/div>\n            \t\t\t\t<\/div>\n\t\t\t\t<\/div>\n\t\t\t\t<\/div>\n\t\t\t\t\t<\/div>\n\t\t\t\t<\/div>\n\t\t\t\t<\/div>","protected":false},"excerpt":{"rendered":"<p>Lip Fillers Enhance Your Beauty with Lip Fillers: Everything You Need to Know Lip fillers have become one of the most popular cosmetic treatments in recent years, offering a non-surgical way to achieve fuller, more defined lips. Whether you&#8217;re looking to enhance your natural beauty or correct asymmetry, lip fillers can provide the perfect solution. In this comprehensive guide, we\u2019ll explore everything you need to know about lip fillers, from what they are and how they work to what you can expect from the procedure. What Are Lip Fillers? Lip fillers, also known as lip augmentation or lip injections, involve the use of dermal fillers to add volume, shape, and structure to the lips. The most common type of filler used is hyaluronic acid (HA), a substance naturally found in the body that helps to retain moisture and provide elasticity. HA fillers are preferred due to their natural appearance, minimal side effects, and reversibility if needed. How Do Lip Fillers Work? Lip fillers are injected into specific areas of the lips to create volume and shape. The procedure typically takes around 30 minutes and involves the use of a fine needle or cannula to precisely place the filler beneath the skin. The results are immediate, with lips appearing fuller and more defined right after the treatment. Over time, the filler integrates with the tissue, providing a natural and long-lasting effect. Benefits of Lip Fillers Immediate Results: One of the most appealing aspects of lip fillers is the instant enhancement. Unlike other cosmetic procedures that may take weeks to show results, lip fillers provide immediate satisfaction. Natural Appearance: When performed by a skilled practitioner, lip fillers can enhance your lips without looking overdone. The use of hyaluronic acid fillers ensures a natural look that complements your facial features. Reversibility: If you\u2019re unhappy with the results, hyaluronic acid fillers can be dissolved with an enzyme called hyaluronidase, making it a low-risk option. Customization: Lip fillers are highly customizable, allowing you to achieve your desired look, whether that\u2019s a subtle enhancement or a more dramatic change. Minimal Downtime: Most patients experience little to no downtime, with any swelling or bruising typically subsiding within a few days. What to Expect During the Procedure Before the procedure, a consultation with a qualified practitioner is essential. During this consultation, you\u2019ll discuss your goals, and the practitioner will assess your lips and facial structure to determine the best approach. The actual treatment begins with the application of a topical numbing cream to minimize discomfort. Once the area is numb, the filler is carefully injected into the lips. The process is quick, usually completed within 15-30 minutes. After the injections, you may experience some swelling and bruising, but these side effects are temporary and should subside within a week. Aftercare and Recovery After the procedure, your practitioner will provide aftercare instructions to ensure the best results. It\u2019s important to avoid touching or massaging your lips for at least 24 hours to prevent the filler from moving. You should also avoid strenuous exercise, excessive heat, and alcohol for the first 48 hours to reduce the risk of swelling and bruising. Applying a cold compress can help alleviate any discomfort or swelling. It\u2019s also recommended to stay hydrated and avoid excessive salt intake, as this can contribute to swelling. How Long Do Lip Fillers Last? The longevity of lip fillers depends on several factors, including the type of filler used, your metabolism, and how much product was injected. On average, lip fillers last between 6 to 12 months. Regular touch-ups can help maintain the desired look, and some patients may find that less product is needed over time. Choosing the Right Practitioner The key to achieving beautiful, natural-looking results lies in choosing the right practitioner. It\u2019s important to select a licensed and experienced professional who specializes in cosmetic injectables. During your consultation, ask to see before and after photos of previous clients and discuss any concerns or questions you may have. Are Lip Fillers Right for You? Lip fillers are an excellent option for individuals looking to enhance their lips\u2019 volume and shape. Whether you\u2019re seeking to address thinning lips due to aging, correct asymmetry, or simply want fuller lips, this treatment can provide the results you desire. However, it\u2019s crucial to have realistic expectations and understand that the goal is to enhance your natural beauty, not drastically change your appearance. Conclusion Lip fillers offer a safe, effective, and customizable way to achieve the full, beautiful lips you\u2019ve always wanted. With minimal downtime, immediate results, and the ability to reverse the treatment if needed, it\u2019s no wonder lip fillers have become a go-to cosmetic procedure for many. By choosing a skilled practitioner and following proper aftercare, you can enjoy enhanced lips that look natural and complement your overall facial aesthetics. WHAT CAN YOU EXPECT Click on the links to discover more about your chosen surgical procedure, including information about your hospital stay and recovery time. Contact Us Mommy Makeover 360 Liposuction Hi-Def Liposuction Abs Cracks Abdominal Etching Upper Blepharoplasty Lower Blepharoplasty Cat Eye Fox Eye Almond Eye Temporal Lift Double Jaw Surgery Orthognatic Surgery Humberger Toggle Menu<\/p>","protected":false},"author":1,"featured_media":0,"parent":0,"menu_order":0,"comment_status":"closed","ping_status":"closed","template":"elementor_header_footer","meta":{"content-type":"","_daextam_enable_autolinks":"","site-sidebar-layout":"default","site-content-layout":"","ast-site-content-layout":"default","site-content-style":"default","site-sidebar-style":"default","ast-global-header-display":"","ast-banner-title-visibility":"","ast-main-header-display":"","ast-hfb-above-header-display":"","ast-hfb-below-header-display":"","ast-hfb-mobile-header-display":"","site-post-title":"","ast-breadcrumbs-content":"","ast-featured-img":"","footer-sml-layout":"","ast-disable-related-posts":"","theme-transparent-header-meta":"","adv-header-id-meta":"","stick-header-meta":"","header-above-stick-meta":"","header-main-stick-meta":"","header-below-stick-meta":"","astra-migrate-meta-layouts":"default","ast-page-background-enabled":"default","ast-page-background-meta":{"desktop":{"background-color":"var(--ast-global-color-4)","background-image":"","background-repeat":"repeat","background-position":"center center","background-size":"auto","background-attachment":"scroll","background-type":"","background-media":"","overlay-type":"","overlay-color":"","overlay-opacity":"","overlay-gradient":""},"tablet":{"background-color":"","background-image":"","background-repeat":"repeat","background-position":"center center","background-size":"auto","background-attachment":"scroll","background-type":"","background-media":"","overlay-type":"","overlay-color":"","overlay-opacity":"","overlay-gradient":""},"mobile":{"background-color":"","background-image":"","background-repeat":"repeat","background-position":"center center","background-size":"auto","background-attachment":"scroll","background-type":"","background-media":"","overlay-type":"","overlay-color":"","overlay-opacity":"","overlay-gradient":""}},"ast-content-background-meta":{"desktop":{"background-color":"var(--ast-global-color-5)","background-image":"","background-repeat":"repeat","background-position":"center center","background-size":"auto","background-attachment":"scroll","background-type":"","background-media":"","overlay-type":"","overlay-color":"","overlay-opacity":"","overlay-gradient":""},"tablet":{"background-color":"var(--ast-global-color-5)","background-image":"","background-repeat":"repeat","background-position":"center center","background-size":"auto","background-attachment":"scroll","background-type":"","background-media":"","overlay-type":"","overlay-color":"","overlay-opacity":"","overlay-gradient":""},"mobile":{"background-color":"var(--ast-global-color-5)","background-image":"","background-repeat":"repeat","background-position":"center center","background-size":"auto","background-attachment":"scroll","background-type":"","background-media":"","overlay-type":"","overlay-color":"","overlay-opacity":"","overlay-gradient":""}},"footnotes":""},"class_list":["post-1002","page","type-page","status-publish","hentry"],"_links":{"self":[{"href":"https:\/\/surgyteam.com\/it\/wp-json\/wp\/v2\/pages\/1002","targetHints":{"allow":["GET"]}}],"collection":[{"href":"https:\/\/surgyteam.com\/it\/wp-json\/wp\/v2\/pages"}],"about":[{"href":"https:\/\/surgyteam.com\/it\/wp-json\/wp\/v2\/types\/page"}],"author":[{"embeddable":true,"href":"https:\/\/surgyteam.com\/it\/wp-json\/wp\/v2\/users\/1"}],"replies":[{"embeddable":true,"href":"https:\/\/surgyteam.com\/it\/wp-json\/wp\/v2\/comments?post=1002"}],"version-history":[{"count":0,"href":"https:\/\/surgyteam.com\/it\/wp-json\/wp\/v2\/pages\/1002\/revisions"}],"wp:attachment":[{"href":"https:\/\/surgyteam.com\/it\/wp-json\/wp\/v2\/media?parent=1002"}],"curies":[{"name":"wp","href":"https:\/\/api.w.org\/{rel}","templated":true}]}}