{"id":304,"date":"2024-07-20T10:36:14","date_gmt":"2024-07-20T10:36:14","guid":{"rendered":"https:\/\/surgyteam.com\/?page_id=304"},"modified":"2024-08-26T10:55:56","modified_gmt":"2024-08-26T10:55:56","slug":"incisione-addominale","status":"publish","type":"page","link":"https:\/\/surgyteam.com\/it\/abdominal-etching\/","title":{"rendered":"Incisione addominale"},"content":{"rendered":"<div data-elementor-type=\"wp-page\" data-elementor-id=\"304\" class=\"elementor elementor-304\">\n\t\t\t\t<div class=\"elementor-element elementor-element-09cf3b8 e-flex e-con-boxed wpr-particle-no wpr-jarallax-no wpr-parallax-no wpr-sticky-section-no wpr-equal-height-no e-con e-parent\" data-id=\"09cf3b8\" data-element_type=\"container\" data-e-type=\"container\" data-settings=\"{&quot;background_background&quot;:&quot;classic&quot;}\">\n\t\t\t\t\t<div class=\"e-con-inner\">\n\t\t\t\t<div class=\"elementor-element elementor-element-6eaee70 elementor-widget elementor-widget-wpr-post-title\" data-id=\"6eaee70\" data-element_type=\"widget\" data-e-type=\"widget\" data-widget_type=\"wpr-post-title.default\">\n\t\t\t\t<div class=\"elementor-widget-container\">\n\t\t\t\t\t<h1 class=\"wpr-post-title\">Incisione addominale<\/h1>\t\t\t\t<\/div>\n\t\t\t\t<\/div>\n\t\t\t\t\t<\/div>\n\t\t\t\t<\/div>\n\t\t<div class=\"elementor-element elementor-element-6ecccb3 e-flex e-con-boxed wpr-particle-no wpr-jarallax-no wpr-parallax-no wpr-sticky-section-no wpr-equal-height-no e-con e-parent\" data-id=\"6ecccb3\" data-element_type=\"container\" data-e-type=\"container\">\n\t\t\t\t\t<div class=\"e-con-inner\">\n\t\t<div class=\"elementor-element elementor-element-bd5f2bf e-con-full e-flex wpr-particle-no wpr-jarallax-no wpr-parallax-no wpr-sticky-section-no wpr-equal-height-no e-con e-child\" data-id=\"bd5f2bf\" data-element_type=\"container\" data-e-type=\"container\">\n\t\t\t\t<div class=\"elementor-element elementor-element-cadc367 elementor-widget elementor-widget-image\" data-id=\"cadc367\" data-element_type=\"widget\" data-e-type=\"widget\" data-widget_type=\"image.default\">\n\t\t\t\t<div class=\"elementor-widget-container\">\n\t\t\t\t\t\t\t\t\t\t\t\t\t\t\t<img fetchpriority=\"high\" decoding=\"async\" width=\"1024\" height=\"683\" src=\"https:\/\/surgyteam.com\/wp-content\/uploads\/2024\/07\/Abdominal-Etching-1024x683.jpg\" class=\"attachment-large size-large wp-image-313\" alt=\"Incisione addominale:\" srcset=\"https:\/\/surgyteam.com\/wp-content\/uploads\/2024\/07\/Abdominal-Etching-1024x683.jpg 1024w, https:\/\/surgyteam.com\/wp-content\/uploads\/2024\/07\/Abdominal-Etching-300x200.jpg 300w, https:\/\/surgyteam.com\/wp-content\/uploads\/2024\/07\/Abdominal-Etching-768x512.jpg 768w, https:\/\/surgyteam.com\/wp-content\/uploads\/2024\/07\/Abdominal-Etching.jpg 1200w\" sizes=\"(max-width: 1024px) 100vw, 1024px\" \/>\t\t\t\t\t\t\t\t\t\t\t\t\t\t\t<\/div>\n\t\t\t\t<\/div>\n\t\t\t\t<div class=\"elementor-element elementor-element-c5acd1f elementor-widget elementor-widget-text-editor\" data-id=\"c5acd1f\" data-element_type=\"widget\" data-e-type=\"widget\" data-widget_type=\"text-editor.default\">\n\t\t\t\t<div class=\"elementor-widget-container\">\n\t\t\t\t\t\t\t\t\t<p align=\"left\"><b>Incisione addominale: addominali scolpiti con precisione presso la clinica SURGYTEAM<\/b><\/p><p align=\"left\">Ottenere un addome scolpito con una definizione muscolare visibile \u00e8 un obiettivo comune per molti appassionati di fitness. Presso la clinica SURGYTEAM, offriamo Abdominal Etching, una procedura specializzata progettata per migliorare i contorni naturali dei tuoi addominali, fornendo un aspetto definito e atletico.<\/p><p align=\"left\"><b>Che cosa \u00e8 l&#039;incisione addominale?<\/b><\/p><p align=\"left\">L&#039;Abdominal Etching \u00e8 una forma di liposuzione che si concentra sulla definizione dei muscoli addominali. Questa procedura comporta la rimozione selettiva di piccole quantit\u00e0 di grasso dai muscoli addominali per creare un aspetto pi\u00f9 cesellato. \u00c8 ideale per le persone che sono gi\u00e0 in forma ma vogliono migliorare la definizione muscolare.<\/p><p align=\"left\"><b>La differenza della clinica SURGYTEAM<\/b><\/p><p align=\"left\">Presso la clinica SURGYTEAM, i nostri chirurghi esperti sono esperti nell&#039;arte dell&#039;incisione addominale. Utilizziamo tecniche e tecnologie avanzate per garantire risultati precisi e dall&#039;aspetto naturale. Il nostro approccio incentrato sul paziente d\u00e0 priorit\u00e0 a sicurezza, comfort e soddisfazione, rendendoci una scelta affidabile per le procedure di body contouring.<\/p><p align=\"left\"><b>La procedura<\/b><\/p><p align=\"left\">L&#039;incisione addominale comporta la pratica di piccole incisioni attraverso le quali viene inserita una cannula per rimuovere i depositi di grasso. Il chirurgo scolpisce il grasso attorno ai muscoli addominali, esaltando le linee naturali e creando l&#039;aspetto di un six-pack. Questa procedura viene in genere eseguita in anestesia generale e dura circa una o due ore.<\/p><p align=\"left\"><b>Vantaggi dell&#039;incisione addominale<\/b><\/p><ul><li><p align=\"left\"><b>Definizione muscolare migliorata<\/b>: La procedura accentua i contorni naturali dei muscoli addominali, creando un aspetto pi\u00f9 definito e atletico.<\/p><\/li><li><p align=\"left\"><b>Recupero rapido<\/b>: In genere i pazienti possono riprendere le loro normali attivit\u00e0 entro una settimana, con tempi di recupero e disagi minimi.<\/p><\/li><li><p align=\"left\"><b>Risultati duraturi<\/b>: Con una dieta adeguata e l&#039;esercizio fisico, i risultati dell&#039;incisione addominale possono essere duraturi.<\/p><\/li><li><p align=\"left\"><b>Maggiore fiducia<\/b>: Ottenere un addome scolpito pu\u00f2 migliorare la tua autostima e il tuo aspetto generale.<\/p><\/li><\/ul><p align=\"left\"><b>Candidati ideali<\/b><\/p><p align=\"left\">L&#039;incisione addominale \u00e8 pi\u00f9 adatta a individui che sono gi\u00e0 in buone condizioni fisiche ma che hanno difficolt\u00e0 a raggiungere il livello desiderato di definizione muscolare. I candidati ideali hanno una buona elasticit\u00e0 della pelle e aspettative realistiche sui risultati.<\/p><p align=\"left\"><b>Recupero e post-trattamento<\/b><\/p><p align=\"left\">Il recupero dall&#039;incisione addominale comporta un po&#039; di gonfiore e lividi, che in genere si attenuano nel giro di poche settimane. Si consiglia ai pazienti di seguire le istruzioni per la cura postoperatoria fornite dalla clinica SURGYTEAM per garantire un recupero regolare e risultati ottimali. Possono essere consigliati indumenti compressivi per aiutare a ridurre il gonfiore e supportare i nuovi contorni.<\/p><p align=\"left\"><b>Perch\u00e9 scegliere la clinica SURGYTEAM?<\/b><\/p><ul><li><p align=\"left\"><b>Chirurghi esperti<\/b>:Il nostro team di chirurghi vanta una vasta esperienza nell&#039;esecuzione di interventi di rimodellamento corporeo ed \u00e8 impegnato a ottenere i migliori risultati possibili per i nostri pazienti.<\/p><\/li><li><p align=\"left\"><b>Struttura all&#039;avanguardia<\/b>:La clinica SURGYTEAM \u00e8 dotata delle tecnologie pi\u00f9 all&#039;avanguardia e di una moderna sala operatoria, garantendo ai nostri pazienti un ambiente sicuro e confortevole.<\/p><\/li><li><p align=\"left\"><b>Assistenza personalizzata<\/b>:Offriamo consulenze complete e piani di trattamento personalizzati per soddisfare le esigenze e gli obiettivi unici di ogni paziente.<\/p><\/li><li><p align=\"left\"><b>Miglioramenti naturali<\/b>:Il nostro obiettivo \u00e8 creare risultati dall&#039;aspetto naturale che migliorino il tuo aspetto generale e aumentino la tua sicurezza.<\/p><\/li><\/ul><p align=\"left\"><b>Prenota la tua consulenza oggi<\/b><\/p><p align=\"left\">Se sei pronto a ottenere un addome scolpito con Abdominal Etching, contatta SURGYTEAM Clinic per programmare la tua consulenza. Il nostro team di esperti \u00e8 qui per guidarti in ogni fase del processo, dalla comprensione della procedura alla fornitura di cure post-operatorie eccezionali. Scopri i benefici trasformativi di Abdominal Etching e fai il primo passo verso il corpo dei tuoi sogni.<\/p>\t\t\t\t\t\t\t\t<\/div>\n\t\t\t\t<\/div>\n\t\t\t\t<\/div>\n\t\t<div class=\"elementor-element elementor-element-b373dbe e-con-full e-flex wpr-particle-no wpr-jarallax-no wpr-parallax-no wpr-sticky-section-no wpr-equal-height-no e-con e-child\" data-id=\"b373dbe\" data-element_type=\"container\" data-e-type=\"container\">\n\t\t\t\t<div class=\"elementor-element elementor-element-36389fc content-align-cta-default elementor-widget elementor-widget-eael-cta-box\" data-id=\"36389fc\" data-element_type=\"widget\" data-e-type=\"widget\" data-widget_type=\"eael-cta-box.default\">\n\t\t\t\t<div class=\"elementor-widget-container\">\n\t\t\t\t\t\t\t<div class=\"eael-call-to-action cta-basic bg-lite cta-preset-1\">\n        <h2 class=\"title eael-cta-heading\">COSA PUOI ASPETTARTI<\/h2><p>Clicca sui link per scoprire di pi\u00f9 sulla procedura chirurgica scelta, comprese le informazioni sul tuo ricovero ospedaliero e <a href=\"https:\/\/surgyteam.com\/it\/contattaci\/\" rel=\"sponsored\">tempo di recupero<\/a>.<\/p><a href=\"\/it\/contattaci\/\" class=\"cta-button cta-preset-1\">Contattaci<\/a>\t<\/div>\n\t\t\t\t\t\t\t\t<\/div>\n\t\t\t\t<\/div>\n\t\t\t\t<div class=\"elementor-element elementor-element-169f70b eael-hamburger--none eael-simple-menu-hamburger-align-right elementor-widget elementor-widget-eael-simple-menu\" data-id=\"169f70b\" data-element_type=\"widget\" data-e-type=\"widget\" data-widget_type=\"eael-simple-menu.default\">\n\t\t\t\t<div class=\"elementor-widget-container\">\n\t\t\t\t\t            <div data-hamburger-icon=\"&lt;svg aria-hidden=&quot;true&quot; class=&quot;e-font-icon-svg e-fas-bars&quot; viewBox=&quot;0 0 448 512&quot; xmlns=&quot;http:\/\/www.w3.org\/2000\/svg&quot;&gt;&lt;path d=&quot;M16 132h416c8.837 0 16-7.163 16-16V76c0-8.837-7.163-16-16-16H16C7.163 60 0 67.163 0 76v40c0 8.837 7.163 16 16 16zm0 160h416c8.837 0 16-7.163 16-16v-40c0-8.837-7.163-16-16-16H16c-8.837 0-16 7.163-16 16v40c0 8.837 7.163 16 16 16zm0 160h416c8.837 0 16-7.163 16-16v-40c0-8.837-7.163-16-16-16H16c-8.837 0-16 7.163-16 16v40c0 8.837 7.163 16 16 16z&quot;&gt;&lt;\/path&gt;&lt;\/svg&gt;\" data-indicator-icon=\"&lt;svg aria-hidden=&quot;true&quot; class=&quot;e-font-icon-svg e-fas-angle-down&quot; viewBox=&quot;0 0 320 512&quot; xmlns=&quot;http:\/\/www.w3.org\/2000\/svg&quot;&gt;&lt;path d=&quot;M143 352.3L7 216.3c-9.4-9.4-9.4-24.6 0-33.9l22.6-22.6c9.4-9.4 24.6-9.4 33.9 0l96.4 96.4 96.4-96.4c9.4-9.4 24.6-9.4 33.9 0l22.6 22.6c9.4 9.4 9.4 24.6 0 33.9l-136 136c-9.2 9.4-24.4 9.4-33.8 0z&quot;&gt;&lt;\/path&gt;&lt;\/svg&gt;\" data-dropdown-indicator-icon=\"&lt;svg class=&quot;e-font-icon-svg e-fas-angle-down&quot; viewBox=&quot;0 0 320 512&quot; xmlns=&quot;http:\/\/www.w3.org\/2000\/svg&quot;&gt;&lt;path d=&quot;M143 352.3L7 216.3c-9.4-9.4-9.4-24.6 0-33.9l22.6-22.6c9.4-9.4 24.6-9.4 33.9 0l96.4 96.4 96.4-96.4c9.4-9.4 24.6-9.4 33.9 0l22.6 22.6c9.4 9.4 9.4 24.6 0 33.9l-136 136c-9.2 9.4-24.4 9.4-33.8 0z&quot;&gt;&lt;\/path&gt;&lt;\/svg&gt;\" class=\"eael-simple-menu-container eael-simple-menu--loading eael-simple-menu-align-left eael-simple-menu-dropdown-align-left preset-2\" data-hamburger-breakpoints=\"{&quot;mobile&quot;:&quot;Mobile Portrait (&gt; 767px)&quot;,&quot;tablet&quot;:&quot;Tablet verticale (&gt; 1024px)&quot;,&quot;desktop&quot;:&quot;Desktop (&gt; 2400px)&quot;,&quot;none&quot;:&quot;None&quot;}\" data-hamburger-device=\"none\">\n                <ul id=\"menu-kozmetik-cerrahi\" class=\"eael-simple-menu eael-simple-menu-dropdown-animate-to-top eael-simple-menu-indicator eael-simple-menu-vertical\"><li id=\"menu-item-552\" class=\"menu-item menu-item-type-post_type menu-item-object-page menu-item-552\"><a href=\"https:\/\/surgyteam.com\/it\/mommy-makeover-2\/\" class=\"menu-link\">Trasformazione della mamma<\/a><\/li>\n<li id=\"menu-item-543\" class=\"menu-item menu-item-type-post_type menu-item-object-page menu-item-543\"><a href=\"https:\/\/surgyteam.com\/it\/360-liposuction-2\/\" class=\"menu-link\">Liposuzione a 360\u00b0<\/a><\/li>\n<li id=\"menu-item-550\" class=\"menu-item menu-item-type-post_type menu-item-object-page menu-item-550\"><a href=\"https:\/\/surgyteam.com\/it\/hi-def-liposuction\/\" class=\"menu-link\">Liposuzione ad alta definizione<\/a><\/li>\n<li id=\"menu-item-545\" class=\"menu-item menu-item-type-post_type menu-item-object-page menu-item-545\"><a href=\"https:\/\/surgyteam.com\/it\/abs-cracks\/\" class=\"menu-link\">Crepe addominali<\/a><\/li>\n<li id=\"menu-item-544\" class=\"menu-item menu-item-type-post_type menu-item-object-page menu-item-544\"><a href=\"https:\/\/surgyteam.com\/it\/abdominal-etching\/\" class=\"menu-link\">Incisione addominale<\/a><\/li>\n<li id=\"menu-item-555\" class=\"menu-item menu-item-type-post_type menu-item-object-page menu-item-555\"><a href=\"https:\/\/surgyteam.com\/it\/upper-blepharoplasty\/\" class=\"menu-link\">Blefaroplastica superiore<\/a><\/li>\n<li id=\"menu-item-551\" class=\"menu-item menu-item-type-post_type menu-item-object-page menu-item-551\"><a href=\"https:\/\/surgyteam.com\/it\/lower-blepharoplasty\/\" class=\"menu-link\">Blefaroplastica inferiore<\/a><\/li>\n<li id=\"menu-item-547\" class=\"menu-item menu-item-type-post_type menu-item-object-page menu-item-547\"><a href=\"https:\/\/surgyteam.com\/it\/1-kozmetik-cerrahi-islemler-icin-cogaltilacak-2\/\" class=\"menu-link\">Occhio di gatto<\/a><\/li>\n<li id=\"menu-item-549\" class=\"menu-item menu-item-type-post_type menu-item-object-page menu-item-549\"><a href=\"https:\/\/surgyteam.com\/it\/fox-eye\/\" class=\"menu-link\">Occhio di volpe<\/a><\/li>\n<li id=\"menu-item-546\" class=\"menu-item menu-item-type-post_type menu-item-object-page menu-item-546\"><a href=\"https:\/\/surgyteam.com\/it\/almond-eye\/\" class=\"menu-link\">Occhio di mandorla<\/a><\/li>\n<li id=\"menu-item-554\" class=\"menu-item menu-item-type-post_type menu-item-object-page menu-item-554\"><a href=\"https:\/\/surgyteam.com\/it\/temporal-lift\/\" class=\"menu-link\">Sollevamento temporale<\/a><\/li>\n<li id=\"menu-item-548\" class=\"menu-item menu-item-type-post_type menu-item-object-page menu-item-548\"><a href=\"https:\/\/surgyteam.com\/it\/double-jaw-surgery\/\" class=\"menu-link\">Chirurgia della doppia mascella<\/a><\/li>\n<li id=\"menu-item-553\" class=\"menu-item menu-item-type-post_type menu-item-object-page menu-item-553\"><a href=\"https:\/\/surgyteam.com\/it\/orthognatic-surgery\/\" class=\"menu-link\">Chirurgia Ortognatica<\/a><\/li>\n<\/ul>                <button class=\"eael-simple-menu-toggle\">\n                    <span class=\"sr-only\">Menu a discesa dell&#039;hamburger<\/span>\n                    <svg aria-hidden=\"true\" class=\"e-font-icon-svg e-fas-bars\" viewbox=\"0 0 448 512\" xmlns=\"http:\/\/www.w3.org\/2000\/svg\"><path d=\"M16 132h416c8.837 0 16-7.163 16-16V76c0-8.837-7.163-16-16-16H16C7.163 60 0 67.163 0 76v40c0 8.837 7.163 16 16 16zm0 160h416c8.837 0 16-7.163 16-16v-40c0-8.837-7.163-16-16-16H16c-8.837 0-16 7.163-16 16v40c0 8.837 7.163 16 16 16zm0 160h416c8.837 0 16-7.163 16-16v-40c0-8.837-7.163-16-16-16H16c-8.837 0-16 7.163-16 16v40c0 8.837 7.163 16 16 16z\"><\/path><\/svg>                <\/button>\n            <\/div>\n            \t\t\t\t<\/div>\n\t\t\t\t<\/div>\n\t\t\t\t<\/div>\n\t\t\t\t\t<\/div>\n\t\t\t\t<\/div>\n\t\t\t\t<\/div>","protected":false},"excerpt":{"rendered":"<p>Incisione addominale Incisione addominale: addominali scolpiti con precisione presso la clinica SURGYTEAM Ottenere un addome scolpito con una definizione muscolare visibile \u00e8 un obiettivo comune per molti appassionati di fitness. Presso la clinica SURGYTEAM, offriamo l&#039;incisione addominale, una procedura specializzata progettata per migliorare i contorni naturali dei tuoi addominali, fornendo un aspetto definito e atletico. Cos&#039;\u00e8 l&#039;incisione addominale? L&#039;incisione addominale \u00e8 una forma di liposuzione che si concentra sulla definizione dei muscoli addominali. Questa procedura comporta la rimozione selettiva di piccole quantit\u00e0 di grasso dai muscoli addominali per creare un aspetto pi\u00f9 cesellato. \u00c8 ideale per le persone che sono gi\u00e0 in forma ma vogliono migliorare la loro definizione muscolare. La differenza della clinica SURGYTEAM Presso la clinica SURGYTEAM, i nostri chirurghi esperti sono esperti nell&#039;arte dell&#039;incisione addominale. Utilizziamo tecniche e tecnologie avanzate per garantire risultati precisi e dall&#039;aspetto naturale. Il nostro approccio incentrato sul paziente d\u00e0 priorit\u00e0 a sicurezza, comfort e soddisfazione, rendendoci una scelta affidabile per le procedure di body contouring. La procedura L&#039;incisione addominale prevede la realizzazione di piccole incisioni attraverso le quali viene inserita una cannula per rimuovere i depositi di grasso. Il chirurgo scolpisce il grasso attorno ai muscoli addominali, esaltando le linee naturali e creando l&#039;aspetto di un six-pack. Questa procedura viene in genere eseguita in anestesia generale e dura circa una o due ore. Vantaggi dell&#039;incisione addominale Definizione muscolare migliorata: la procedura accentua i contorni naturali dei muscoli addominali, creando un aspetto pi\u00f9 definito e atletico. Recupero rapido: i pazienti possono in genere tornare alle loro normali attivit\u00e0 entro una settimana, con tempi di inattivit\u00e0 e disagio minimi. Risultati duraturi: con una dieta e un esercizio adeguati, i risultati dell&#039;incisione addominale possono essere duraturi. Maggiore sicurezza: ottenere un addome scolpito pu\u00f2 migliorare la tua autostima e il tuo aspetto generale. Candidati ideali L&#039;incisione addominale \u00e8 pi\u00f9 adatta a individui che sono gi\u00e0 in buone condizioni fisiche ma che hanno difficolt\u00e0 a raggiungere il livello desiderato di definizione muscolare. I candidati ideali hanno una buona elasticit\u00e0 della pelle e aspettative realistiche sui risultati. Recupero e cure successive Il recupero dall&#039;incisione addominale comporta gonfiore e lividi, che in genere si attenuano nel giro di poche settimane. Si consiglia ai pazienti di seguire le istruzioni per la cura postoperatoria fornite dalla clinica SURGYTEAM per garantire un recupero regolare e risultati ottimali. Possono essere consigliati indumenti compressivi per aiutare a ridurre il gonfiore e sostenere i nuovi contorni. Perch\u00e9 scegliere la clinica SURGYTEAM? Chirurghi esperti: il nostro team di chirurghi ha una vasta esperienza nell&#039;esecuzione di procedure di body contouring ed \u00e8 impegnato a ottenere i migliori risultati possibili per i nostri pazienti. Struttura all&#039;avanguardia: la clinica SURGYTEAM \u00e8 dotata delle ultime tecnologie e di una moderna sala operatoria, garantendo un ambiente sicuro e confortevole per i nostri pazienti. Cure personalizzate: forniamo consulenze complete e piani di trattamento personalizzati per soddisfare le esigenze e gli obiettivi unici di ogni paziente. Miglioramenti naturali: il nostro obiettivo \u00e8 creare risultati dall&#039;aspetto naturale che migliorino il tuo aspetto generale e aumentino la tua sicurezza. Pianifica la tua consulenza oggi Se sei pronto a ottenere un addome scolpito con l&#039;incisione addominale, contatta la clinica SURGYTEAM per pianificare la tua consulenza. Il nostro team di esperti \u00e8 qui per guidarti in ogni fase del processo, dalla comprensione della procedura alla fornitura di cure post-operatorie eccezionali. Scopri i benefici trasformativi dell&#039;incisione addominale e fai il primo passo verso il corpo dei tuoi sogni. COSA PUOI ASPETTARTI Fai clic sui link per scoprire di pi\u00f9 sulla procedura chirurgica scelta, comprese informazioni sulla degenza ospedaliera e sui tempi di recupero. Contattaci Mommy Makeover Liposuzione a 360\u00b0 Liposuzione ad alta definizione Ragade addominale Incisione addominale Blefaroplastica superiore Blefaroplastica inferiore Occhio di gatto Occhio di volpe Occhio a mandorla Lifting temporale Chirurgia della doppia mascella Chirurgia ortognatica Humberger Toggle Menu<\/p>","protected":false},"author":1,"featured_media":0,"parent":0,"menu_order":0,"comment_status":"closed","ping_status":"closed","template":"elementor_header_footer","meta":{"content-type":"","_daextam_enable_autolinks":"","site-sidebar-layout":"default","site-content-layout":"","ast-site-content-layout":"default","site-content-style":"default","site-sidebar-style":"default","ast-global-header-display":"","ast-banner-title-visibility":"","ast-main-header-display":"","ast-hfb-above-header-display":"","ast-hfb-below-header-display":"","ast-hfb-mobile-header-display":"","site-post-title":"","ast-breadcrumbs-content":"","ast-featured-img":"","footer-sml-layout":"","ast-disable-related-posts":"","theme-transparent-header-meta":"","adv-header-id-meta":"","stick-header-meta":"","header-above-stick-meta":"","header-main-stick-meta":"","header-below-stick-meta":"","astra-migrate-meta-layouts":"default","ast-page-background-enabled":"default","ast-page-background-meta":{"desktop":{"background-color":"var(--ast-global-color-4)","background-image":"","background-repeat":"repeat","background-position":"center center","background-size":"auto","background-attachment":"scroll","background-type":"","background-media":"","overlay-type":"","overlay-color":"","overlay-opacity":"","overlay-gradient":""},"tablet":{"background-color":"","background-image":"","background-repeat":"repeat","background-position":"center center","background-size":"auto","background-attachment":"scroll","background-type":"","background-media":"","overlay-type":"","overlay-color":"","overlay-opacity":"","overlay-gradient":""},"mobile":{"background-color":"","background-image":"","background-repeat":"repeat","background-position":"center center","background-size":"auto","background-attachment":"scroll","background-type":"","background-media":"","overlay-type":"","overlay-color":"","overlay-opacity":"","overlay-gradient":""}},"ast-content-background-meta":{"desktop":{"background-color":"var(--ast-global-color-5)","background-image":"","background-repeat":"repeat","background-position":"center center","background-size":"auto","background-attachment":"scroll","background-type":"","background-media":"","overlay-type":"","overlay-color":"","overlay-opacity":"","overlay-gradient":""},"tablet":{"background-color":"var(--ast-global-color-5)","background-image":"","background-repeat":"repeat","background-position":"center center","background-size":"auto","background-attachment":"scroll","background-type":"","background-media":"","overlay-type":"","overlay-color":"","overlay-opacity":"","overlay-gradient":""},"mobile":{"background-color":"var(--ast-global-color-5)","background-image":"","background-repeat":"repeat","background-position":"center center","background-size":"auto","background-attachment":"scroll","background-type":"","background-media":"","overlay-type":"","overlay-color":"","overlay-opacity":"","overlay-gradient":""}},"footnotes":""},"class_list":["post-304","page","type-page","status-publish","hentry"],"_links":{"self":[{"href":"https:\/\/surgyteam.com\/it\/wp-json\/wp\/v2\/pages\/304","targetHints":{"allow":["GET"]}}],"collection":[{"href":"https:\/\/surgyteam.com\/it\/wp-json\/wp\/v2\/pages"}],"about":[{"href":"https:\/\/surgyteam.com\/it\/wp-json\/wp\/v2\/types\/page"}],"author":[{"embeddable":true,"href":"https:\/\/surgyteam.com\/it\/wp-json\/wp\/v2\/users\/1"}],"replies":[{"embeddable":true,"href":"https:\/\/surgyteam.com\/it\/wp-json\/wp\/v2\/comments?post=304"}],"version-history":[{"count":0,"href":"https:\/\/surgyteam.com\/it\/wp-json\/wp\/v2\/pages\/304\/revisions"}],"wp:attachment":[{"href":"https:\/\/surgyteam.com\/it\/wp-json\/wp\/v2\/media?parent=304"}],"curies":[{"name":"wp","href":"https:\/\/api.w.org\/{rel}","templated":true}]}}