{"id":332,"date":"2024-07-20T11:41:36","date_gmt":"2024-07-20T11:41:36","guid":{"rendered":"https:\/\/surgyteam.com\/?page_id=332"},"modified":"2024-07-20T17:20:32","modified_gmt":"2024-07-20T17:20:32","slug":"1-kozmetik-cerrahi-islemler-icin-cogaltilacak-2","status":"publish","type":"page","link":"https:\/\/surgyteam.com\/it\/1-kozmetik-cerrahi-islemler-icin-cogaltilacak-2\/","title":{"rendered":"Occhio di gatto"},"content":{"rendered":"<div data-elementor-type=\"wp-page\" data-elementor-id=\"332\" class=\"elementor elementor-332\">\n\t\t\t\t<div class=\"elementor-element elementor-element-09cf3b8 e-flex e-con-boxed wpr-particle-no wpr-jarallax-no wpr-parallax-no wpr-sticky-section-no wpr-equal-height-no e-con e-parent\" data-id=\"09cf3b8\" data-element_type=\"container\" data-e-type=\"container\" data-settings=\"{&quot;background_background&quot;:&quot;classic&quot;}\">\n\t\t\t\t\t<div class=\"e-con-inner\">\n\t\t\t\t<div class=\"elementor-element elementor-element-9ad3fe9 elementor-widget elementor-widget-wpr-post-title\" data-id=\"9ad3fe9\" data-element_type=\"widget\" data-e-type=\"widget\" data-widget_type=\"wpr-post-title.default\">\n\t\t\t\t<div class=\"elementor-widget-container\">\n\t\t\t\t\t<h1 class=\"wpr-post-title\">Occhio di gatto<\/h1>\t\t\t\t<\/div>\n\t\t\t\t<\/div>\n\t\t\t\t\t<\/div>\n\t\t\t\t<\/div>\n\t\t<div class=\"elementor-element elementor-element-6ecccb3 e-flex e-con-boxed wpr-particle-no wpr-jarallax-no wpr-parallax-no wpr-sticky-section-no wpr-equal-height-no e-con e-parent\" data-id=\"6ecccb3\" data-element_type=\"container\" data-e-type=\"container\">\n\t\t\t\t\t<div class=\"e-con-inner\">\n\t\t<div class=\"elementor-element elementor-element-bd5f2bf e-con-full e-flex wpr-particle-no wpr-jarallax-no wpr-parallax-no wpr-sticky-section-no wpr-equal-height-no e-con e-child\" data-id=\"bd5f2bf\" data-element_type=\"container\" data-e-type=\"container\">\n\t\t\t\t<div class=\"elementor-element elementor-element-4227395 elementor-widget elementor-widget-image\" data-id=\"4227395\" data-element_type=\"widget\" data-e-type=\"widget\" data-widget_type=\"image.default\">\n\t\t\t\t<div class=\"elementor-widget-container\">\n\t\t\t\t\t\t\t\t\t\t\t\t\t\t\t<img fetchpriority=\"high\" decoding=\"async\" width=\"1024\" height=\"576\" src=\"https:\/\/surgyteam.com\/wp-content\/uploads\/2024\/07\/cat-eye-1024x576.jpg\" class=\"attachment-large size-large wp-image-334\" alt=\"occhio di gatto\" srcset=\"https:\/\/surgyteam.com\/wp-content\/uploads\/2024\/07\/cat-eye-1024x576.jpg 1024w, https:\/\/surgyteam.com\/wp-content\/uploads\/2024\/07\/cat-eye-300x169.jpg 300w, https:\/\/surgyteam.com\/wp-content\/uploads\/2024\/07\/cat-eye-768x432.jpg 768w, https:\/\/surgyteam.com\/wp-content\/uploads\/2024\/07\/cat-eye.jpg 1170w\" sizes=\"(max-width: 1024px) 100vw, 1024px\" \/>\t\t\t\t\t\t\t\t\t\t\t\t\t\t\t<\/div>\n\t\t\t\t<\/div>\n\t\t\t\t<div class=\"elementor-element elementor-element-c5acd1f elementor-widget elementor-widget-text-editor\" data-id=\"c5acd1f\" data-element_type=\"widget\" data-e-type=\"widget\" data-widget_type=\"text-editor.default\">\n\t\t\t\t<div class=\"elementor-widget-container\">\n\t\t\t\t\t\t\t\t\t<p align=\"left\"><b>Chirurgia dell&#039;occhio di gatto: ottieni occhi affascinanti presso la clinica SURGYTEAM<\/b><\/p><p align=\"left\">Il look cat eye, caratterizzato da un sollevamento verso l&#039;alto degli angoli esterni degli occhi, \u00e8 molto ricercato per il suo fascino seducente ed esotico. Alla clinica SURGYTEAM, offriamo la chirurgia Cat Eye per aiutarti a ottenere questo look accattivante e migliorare l&#039;estetica generale del tuo viso.<\/p><p align=\"left\"><b>Che cos&#039;\u00e8 la chirurgia estetica dell&#039;occhio del gatto?<\/b><\/p><p align=\"left\">La chirurgia Cat Eye, nota anche come cantoplastica, \u00e8 una procedura estetica che rimodella gli angoli esterni degli occhi, creando un aspetto pi\u00f9 a mandorla con un&#039;inclinazione verso l&#039;alto. Questo intervento migliora la bellezza naturale degli occhi, conferendo loro un aspetto pi\u00f9 allungato e seducente.<\/p><p align=\"left\"><b>La differenza della clinica SURGYTEAM<\/b><\/p><p align=\"left\">Presso la clinica SURGYTEAM, i nostri chirurghi esperti utilizzano tecniche avanzate per garantire risultati dall&#039;aspetto naturale. Ci concentriamo sul raggiungimento di un miglioramento sottile che completi i lineamenti del tuo viso. Il nostro approccio incentrato sul paziente assicura che ogni procedura sia personalizzata per soddisfare le esigenze individuali e gli obiettivi estetici.<\/p><p align=\"left\"><b>La procedura<\/b><\/p><p align=\"left\">La Fox Eye Surgery viene solitamente eseguita in anestesia locale con sedazione o in anestesia generale. Il chirurgo esegue piccole incisioni agli angoli esterni degli occhi per regolare la posizione dei tendini e dei muscoli, creando l&#039;effetto lifting desiderato. La procedura dura solitamente da una a due ore.<\/p><p align=\"left\"><b>Vantaggi della chirurgia oculare del gatto<\/b><\/p><ul><li><p align=\"left\"><b>Aspetto seducente<\/b>: La procedura esalta la bellezza naturale degli occhi, creando un aspetto pi\u00f9 seducente ed esotico.<\/p><\/li><li><p align=\"left\"><b>Recupero rapido<\/b>: La maggior parte dei pazienti pu\u00f2 riprendere le proprie normali attivit\u00e0 entro una settimana, con tempi di recupero e disagi minimi.<\/p><\/li><li><p align=\"left\"><b>Risultati duraturi<\/b>:I risultati della Fox Eye Surgery sono duraturi e migliorano in modo duraturo il tuo aspetto.<\/p><\/li><li><p align=\"left\"><b>Maggiore fiducia<\/b>: Ottenere il look &quot;occhi di volpe&quot; pu\u00f2 aumentare la tua autostima e l&#039;estetica generale del tuo viso.<\/p><\/li><\/ul><p align=\"left\"><b>Candidati ideali<\/b><\/p><p align=\"left\">La Cat Eye Surgery \u00e8 ideale per le persone che desiderano una forma dell&#039;occhio pi\u00f9 allungata e inclinata verso l&#039;alto. I candidati devono essere in buona salute generale e avere aspettative realistiche sui risultati.<\/p><p align=\"left\"><b>Recupero e post-trattamento<\/b><\/p><p align=\"left\">Il recupero da un lifting temporale comporta un po&#039; di gonfiore e lividi, che in genere si attenuano entro una settimana. Si consiglia ai pazienti di seguire le istruzioni per la cura postoperatoria fornite dalla clinica SURGYTEAM per garantire un recupero regolare e risultati ottimali. Impacchi freddi e farmaci prescritti possono aiutare a gestire il disagio durante il processo di guarigione.<\/p><p align=\"left\"><b>Perch\u00e9 scegliere la clinica SURGYTEAM?<\/b><\/p><ul><li><p align=\"left\"><b>Chirurghi esperti<\/b>:Il nostro team di chirurghi vanta una vasta esperienza nell&#039;esecuzione di interventi chirurgici alla mascella e si impegna a ottenere i migliori risultati possibili per i nostri pazienti.<\/p><\/li><li><p align=\"left\"><b>Struttura all&#039;avanguardia<\/b>:La clinica SURGYTEAM \u00e8 dotata delle tecnologie pi\u00f9 all&#039;avanguardia e di una moderna sala operatoria, garantendo ai nostri pazienti un ambiente sicuro e confortevole.<\/p><\/li><li><p align=\"left\"><b>Assistenza personalizzata<\/b>:Offriamo consulenze complete e piani di trattamento personalizzati per soddisfare le esigenze e gli obiettivi unici di ogni paziente.<\/p><\/li><li><p align=\"left\"><b>Miglioramenti naturali<\/b>:Il nostro obiettivo \u00e8 creare risultati dall&#039;aspetto naturale che migliorino il tuo aspetto generale e aumentino la tua sicurezza.<\/p><\/li><\/ul><p align=\"left\"><b>Prenota la tua consulenza oggi<\/b><\/p><p align=\"left\">Se sei pronto a ottenere occhi seducenti con la Cat Eye Surgery, contatta la clinica SURGYTEAM per programmare la tua consulenza. Il nostro team di esperti \u00e8 qui per guidarti in ogni fase del processo, dalla comprensione della procedura alla fornitura di cure post-operatorie eccezionali. Scopri i benefici trasformativi della Cat Eye Surgery e abbraccia uno sguardo pi\u00f9 accattivante.<\/p>\t\t\t\t\t\t\t\t<\/div>\n\t\t\t\t<\/div>\n\t\t\t\t<\/div>\n\t\t<div class=\"elementor-element elementor-element-b373dbe e-con-full e-flex wpr-particle-no wpr-jarallax-no wpr-parallax-no wpr-sticky-section-no wpr-equal-height-no e-con e-child\" data-id=\"b373dbe\" data-element_type=\"container\" data-e-type=\"container\">\n\t\t\t\t<div class=\"elementor-element elementor-element-36389fc content-align-cta-default elementor-widget elementor-widget-eael-cta-box\" data-id=\"36389fc\" data-element_type=\"widget\" data-e-type=\"widget\" data-widget_type=\"eael-cta-box.default\">\n\t\t\t\t<div class=\"elementor-widget-container\">\n\t\t\t\t\t\t\t<div class=\"eael-call-to-action cta-basic bg-lite cta-preset-1\">\n        <h2 class=\"title eael-cta-heading\">COSA PUOI ASPETTARTI<\/h2><p>Clicca sui link per scoprire di pi\u00f9 sulla procedura chirurgica scelta, comprese le informazioni sul tuo ricovero ospedaliero e <a href=\"https:\/\/surgyteam.com\/it\/contattaci\/\" rel=\"sponsored\">tempo di recupero<\/a>.<\/p><a href=\"\/it\/contattaci\/\" class=\"cta-button cta-preset-1\">Contattaci<\/a>\t<\/div>\n\t\t\t\t\t\t\t\t<\/div>\n\t\t\t\t<\/div>\n\t\t\t\t<div class=\"elementor-element elementor-element-796ea34 eael-hamburger--none eael-simple-menu-hamburger-align-right elementor-widget elementor-widget-eael-simple-menu\" data-id=\"796ea34\" data-element_type=\"widget\" data-e-type=\"widget\" data-widget_type=\"eael-simple-menu.default\">\n\t\t\t\t<div class=\"elementor-widget-container\">\n\t\t\t\t\t            <div data-hamburger-icon=\"&lt;svg aria-hidden=&quot;true&quot; class=&quot;e-font-icon-svg e-fas-bars&quot; viewBox=&quot;0 0 448 512&quot; xmlns=&quot;http:\/\/www.w3.org\/2000\/svg&quot;&gt;&lt;path d=&quot;M16 132h416c8.837 0 16-7.163 16-16V76c0-8.837-7.163-16-16-16H16C7.163 60 0 67.163 0 76v40c0 8.837 7.163 16 16 16zm0 160h416c8.837 0 16-7.163 16-16v-40c0-8.837-7.163-16-16-16H16c-8.837 0-16 7.163-16 16v40c0 8.837 7.163 16 16 16zm0 160h416c8.837 0 16-7.163 16-16v-40c0-8.837-7.163-16-16-16H16c-8.837 0-16 7.163-16 16v40c0 8.837 7.163 16 16 16z&quot;&gt;&lt;\/path&gt;&lt;\/svg&gt;\" data-indicator-icon=\"&lt;svg aria-hidden=&quot;true&quot; class=&quot;e-font-icon-svg e-fas-angle-down&quot; viewBox=&quot;0 0 320 512&quot; xmlns=&quot;http:\/\/www.w3.org\/2000\/svg&quot;&gt;&lt;path d=&quot;M143 352.3L7 216.3c-9.4-9.4-9.4-24.6 0-33.9l22.6-22.6c9.4-9.4 24.6-9.4 33.9 0l96.4 96.4 96.4-96.4c9.4-9.4 24.6-9.4 33.9 0l22.6 22.6c9.4 9.4 9.4 24.6 0 33.9l-136 136c-9.2 9.4-24.4 9.4-33.8 0z&quot;&gt;&lt;\/path&gt;&lt;\/svg&gt;\" data-dropdown-indicator-icon=\"&lt;svg class=&quot;e-font-icon-svg e-fas-angle-down&quot; viewBox=&quot;0 0 320 512&quot; xmlns=&quot;http:\/\/www.w3.org\/2000\/svg&quot;&gt;&lt;path d=&quot;M143 352.3L7 216.3c-9.4-9.4-9.4-24.6 0-33.9l22.6-22.6c9.4-9.4 24.6-9.4 33.9 0l96.4 96.4 96.4-96.4c9.4-9.4 24.6-9.4 33.9 0l22.6 22.6c9.4 9.4 9.4 24.6 0 33.9l-136 136c-9.2 9.4-24.4 9.4-33.8 0z&quot;&gt;&lt;\/path&gt;&lt;\/svg&gt;\" class=\"eael-simple-menu-container eael-simple-menu--loading eael-simple-menu-align-left eael-simple-menu-dropdown-align-left preset-2\" data-hamburger-breakpoints=\"{&quot;mobile&quot;:&quot;Mobile Portrait (&gt; 767px)&quot;,&quot;tablet&quot;:&quot;Tablet verticale (&gt; 1024px)&quot;,&quot;desktop&quot;:&quot;Desktop (&gt; 2400px)&quot;,&quot;none&quot;:&quot;None&quot;}\" data-hamburger-device=\"none\">\n                <ul id=\"menu-kozmetik-cerrahi\" class=\"eael-simple-menu eael-simple-menu-dropdown-animate-to-top eael-simple-menu-indicator eael-simple-menu-vertical\"><li id=\"menu-item-552\" class=\"menu-item menu-item-type-post_type menu-item-object-page menu-item-552\"><a href=\"https:\/\/surgyteam.com\/it\/mommy-makeover-2\/\" class=\"menu-link\">Trasformazione della mamma<\/a><\/li>\n<li id=\"menu-item-543\" class=\"menu-item menu-item-type-post_type menu-item-object-page menu-item-543\"><a href=\"https:\/\/surgyteam.com\/it\/360-liposuction-2\/\" class=\"menu-link\">Liposuzione a 360\u00b0<\/a><\/li>\n<li id=\"menu-item-550\" class=\"menu-item menu-item-type-post_type menu-item-object-page menu-item-550\"><a href=\"https:\/\/surgyteam.com\/it\/hi-def-liposuction\/\" class=\"menu-link\">Liposuzione ad alta definizione<\/a><\/li>\n<li id=\"menu-item-545\" class=\"menu-item menu-item-type-post_type menu-item-object-page menu-item-545\"><a href=\"https:\/\/surgyteam.com\/it\/abs-cracks\/\" class=\"menu-link\">Crepe addominali<\/a><\/li>\n<li id=\"menu-item-544\" class=\"menu-item menu-item-type-post_type menu-item-object-page menu-item-544\"><a href=\"https:\/\/surgyteam.com\/it\/abdominal-etching\/\" class=\"menu-link\">Incisione addominale<\/a><\/li>\n<li id=\"menu-item-555\" class=\"menu-item menu-item-type-post_type menu-item-object-page menu-item-555\"><a href=\"https:\/\/surgyteam.com\/it\/upper-blepharoplasty\/\" class=\"menu-link\">Blefaroplastica superiore<\/a><\/li>\n<li id=\"menu-item-551\" class=\"menu-item menu-item-type-post_type menu-item-object-page menu-item-551\"><a href=\"https:\/\/surgyteam.com\/it\/lower-blepharoplasty\/\" class=\"menu-link\">Blefaroplastica inferiore<\/a><\/li>\n<li id=\"menu-item-547\" class=\"menu-item menu-item-type-post_type menu-item-object-page menu-item-547\"><a href=\"https:\/\/surgyteam.com\/it\/1-kozmetik-cerrahi-islemler-icin-cogaltilacak-2\/\" class=\"menu-link\">Occhio di gatto<\/a><\/li>\n<li id=\"menu-item-549\" class=\"menu-item menu-item-type-post_type menu-item-object-page menu-item-549\"><a href=\"https:\/\/surgyteam.com\/it\/fox-eye\/\" class=\"menu-link\">Occhio di volpe<\/a><\/li>\n<li id=\"menu-item-546\" class=\"menu-item menu-item-type-post_type menu-item-object-page menu-item-546\"><a href=\"https:\/\/surgyteam.com\/it\/almond-eye\/\" class=\"menu-link\">Occhio di mandorla<\/a><\/li>\n<li id=\"menu-item-554\" class=\"menu-item menu-item-type-post_type menu-item-object-page menu-item-554\"><a href=\"https:\/\/surgyteam.com\/it\/temporal-lift\/\" class=\"menu-link\">Sollevamento temporale<\/a><\/li>\n<li id=\"menu-item-548\" class=\"menu-item menu-item-type-post_type menu-item-object-page menu-item-548\"><a href=\"https:\/\/surgyteam.com\/it\/double-jaw-surgery\/\" class=\"menu-link\">Chirurgia della doppia mascella<\/a><\/li>\n<li id=\"menu-item-553\" class=\"menu-item menu-item-type-post_type menu-item-object-page menu-item-553\"><a href=\"https:\/\/surgyteam.com\/it\/orthognatic-surgery\/\" class=\"menu-link\">Chirurgia Ortognatica<\/a><\/li>\n<\/ul>                <button class=\"eael-simple-menu-toggle\">\n                    <span class=\"sr-only\">Menu a discesa dell&#039;hamburger<\/span>\n                    <svg aria-hidden=\"true\" class=\"e-font-icon-svg e-fas-bars\" viewbox=\"0 0 448 512\" xmlns=\"http:\/\/www.w3.org\/2000\/svg\"><path d=\"M16 132h416c8.837 0 16-7.163 16-16V76c0-8.837-7.163-16-16-16H16C7.163 60 0 67.163 0 76v40c0 8.837 7.163 16 16 16zm0 160h416c8.837 0 16-7.163 16-16v-40c0-8.837-7.163-16-16-16H16c-8.837 0-16 7.163-16 16v40c0 8.837 7.163 16 16 16zm0 160h416c8.837 0 16-7.163 16-16v-40c0-8.837-7.163-16-16-16H16c-8.837 0-16 7.163-16 16v40c0 8.837 7.163 16 16 16z\"><\/path><\/svg>                <\/button>\n            <\/div>\n            \t\t\t\t<\/div>\n\t\t\t\t<\/div>\n\t\t\t\t<\/div>\n\t\t\t\t\t<\/div>\n\t\t\t\t<\/div>\n\t\t\t\t<\/div>","protected":false},"excerpt":{"rendered":"<p>Occhio di gatto Chirurgia dell&#039;occhio di gatto: ottieni occhi seducenti presso la clinica SURGYTEAM Il look dell&#039;occhio di gatto, caratterizzato da un sollevamento verso l&#039;alto degli angoli esterni degli occhi, \u00e8 molto ricercato per il suo fascino seducente ed esotico. Presso la clinica SURGYTEAM, offriamo la chirurgia dell&#039;occhio di gatto per aiutarti a ottenere questo aspetto accattivante e migliorare l&#039;estetica generale del tuo viso. Cos&#039;\u00e8 la chirurgia dell&#039;occhio di gatto? La chirurgia dell&#039;occhio di gatto, nota anche come cantoplastica, \u00e8 una procedura estetica che rimodella gli angoli esterni degli occhi, creando un aspetto pi\u00f9 a mandorla con un&#039;inclinazione verso l&#039;alto. Questa chirurgia esalta la bellezza naturale degli occhi, conferendo loro un aspetto pi\u00f9 allungato e seducente. La differenza della clinica SURGYTEAM Presso la clinica SURGYTEAM, i nostri chirurghi esperti utilizzano tecniche avanzate per garantire risultati dall&#039;aspetto naturale. Ci concentriamo sul raggiungimento di un miglioramento sottile che completi i tuoi lineamenti del viso. Il nostro approccio incentrato sul paziente garantisce che ogni procedura sia personalizzata per soddisfare le esigenze individuali e gli obiettivi estetici. La procedura La chirurgia dell&#039;occhio di gatto viene in genere eseguita in anestesia locale con sedazione o in anestesia generale. Il chirurgo esegue piccole incisioni agli angoli esterni degli occhi per regolare la posizione dei tendini e dei muscoli, creando l&#039;inclinazione verso l&#039;alto desiderata. La procedura dura solitamente da una a due ore. Vantaggi della chirurgia dell&#039;occhio di gatto Aspetto seducente: la procedura esalta la bellezza naturale degli occhi, creando un aspetto pi\u00f9 seducente ed esotico. Recupero rapido: la maggior parte dei pazienti pu\u00f2 tornare alle proprie normali attivit\u00e0 entro una settimana, con tempi di inattivit\u00e0 e disagi minimi. Risultati duraturi: i risultati della chirurgia dell&#039;occhio di gatto sono duraturi e forniscono un miglioramento duraturo del tuo aspetto. Maggiore sicurezza: ottenere l&#039;aspetto dell&#039;occhio di gatto pu\u00f2 migliorare la tua autostima e l&#039;estetica generale del viso. Candidati ideali La chirurgia dell&#039;occhio di gatto \u00e8 ideale per le persone che desiderano una forma degli occhi pi\u00f9 allungata e inclinata verso l&#039;alto. I candidati devono essere in buona salute generale e avere aspettative realistiche sui risultati. Recupero e cure successive Il recupero dalla chirurgia dell&#039;occhio di gatto comporta un po&#039; di gonfiore e lividi, che in genere si attenuano entro una settimana. Si consiglia ai pazienti di seguire le istruzioni per le cure postoperatorie fornite dalla clinica SURGYTEAM per garantire un recupero regolare e risultati ottimali. Impacchi freddi e farmaci prescritti possono aiutare a gestire il disagio durante il processo di guarigione. Perch\u00e9 scegliere la clinica SURGYTEAM? Chirurghi esperti: il nostro team di chirurghi ha una vasta esperienza nell&#039;esecuzione di interventi chirurgici agli occhi ed \u00e8 impegnato a ottenere i migliori risultati possibili per i nostri pazienti. Struttura all&#039;avanguardia: la clinica SURGYTEAM \u00e8 dotata delle ultime tecnologie e di una moderna sala operatoria, garantendo un ambiente sicuro e confortevole per i nostri pazienti. Assistenza personalizzata: forniamo consulenze complete e piani di trattamento personalizzati per soddisfare le esigenze e gli obiettivi unici di ogni paziente. Miglioramenti naturali: il nostro obiettivo \u00e8 creare risultati dall&#039;aspetto naturale che migliorino il tuo aspetto generale e aumentino la tua sicurezza. Pianifica la tua consulenza oggi Se sei pronto a ottenere occhi seducenti con la chirurgia estetica degli occhi di gatto, contatta la clinica SURGYTEAM per pianificare la tua consulenza. Il nostro team di esperti \u00e8 qui per guidarti attraverso ogni fase del processo, dalla comprensione della procedura alla fornitura di cure post-operatorie eccezionali. Scopri i vantaggi trasformativi della chirurgia estetica degli occhi di gatto e abbraccia un aspetto pi\u00f9 accattivante. COSA PUOI ASPETTARTI Fai clic sui link per scoprire di pi\u00f9 sulla procedura chirurgica scelta, comprese informazioni sulla degenza ospedaliera e sui tempi di recupero. Contattaci Mommy Makeover Liposuzione a 360\u00b0 Liposuzione ad alta definizione Ragade addominale Incisione addominale Blefaroplastica superiore Blefaroplastica inferiore Occhio di gatto Occhio di volpe Occhio a mandorla Lifting temporale Chirurgia della doppia mascella Chirurgia ortognatica Humberger Toggle Menu<\/p>","protected":false},"author":1,"featured_media":0,"parent":0,"menu_order":0,"comment_status":"closed","ping_status":"closed","template":"elementor_header_footer","meta":{"content-type":"","_daextam_enable_autolinks":"","site-sidebar-layout":"default","site-content-layout":"","ast-site-content-layout":"default","site-content-style":"default","site-sidebar-style":"default","ast-global-header-display":"","ast-banner-title-visibility":"","ast-main-header-display":"","ast-hfb-above-header-display":"","ast-hfb-below-header-display":"","ast-hfb-mobile-header-display":"","site-post-title":"","ast-breadcrumbs-content":"","ast-featured-img":"","footer-sml-layout":"","ast-disable-related-posts":"","theme-transparent-header-meta":"","adv-header-id-meta":"","stick-header-meta":"","header-above-stick-meta":"","header-main-stick-meta":"","header-below-stick-meta":"","astra-migrate-meta-layouts":"default","ast-page-background-enabled":"default","ast-page-background-meta":{"desktop":{"background-color":"var(--ast-global-color-4)","background-image":"","background-repeat":"repeat","background-position":"center center","background-size":"auto","background-attachment":"scroll","background-type":"","background-media":"","overlay-type":"","overlay-color":"","overlay-opacity":"","overlay-gradient":""},"tablet":{"background-color":"","background-image":"","background-repeat":"repeat","background-position":"center center","background-size":"auto","background-attachment":"scroll","background-type":"","background-media":"","overlay-type":"","overlay-color":"","overlay-opacity":"","overlay-gradient":""},"mobile":{"background-color":"","background-image":"","background-repeat":"repeat","background-position":"center center","background-size":"auto","background-attachment":"scroll","background-type":"","background-media":"","overlay-type":"","overlay-color":"","overlay-opacity":"","overlay-gradient":""}},"ast-content-background-meta":{"desktop":{"background-color":"var(--ast-global-color-5)","background-image":"","background-repeat":"repeat","background-position":"center center","background-size":"auto","background-attachment":"scroll","background-type":"","background-media":"","overlay-type":"","overlay-color":"","overlay-opacity":"","overlay-gradient":""},"tablet":{"background-color":"var(--ast-global-color-5)","background-image":"","background-repeat":"repeat","background-position":"center center","background-size":"auto","background-attachment":"scroll","background-type":"","background-media":"","overlay-type":"","overlay-color":"","overlay-opacity":"","overlay-gradient":""},"mobile":{"background-color":"var(--ast-global-color-5)","background-image":"","background-repeat":"repeat","background-position":"center center","background-size":"auto","background-attachment":"scroll","background-type":"","background-media":"","overlay-type":"","overlay-color":"","overlay-opacity":"","overlay-gradient":""}},"footnotes":""},"class_list":["post-332","page","type-page","status-publish","hentry"],"_links":{"self":[{"href":"https:\/\/surgyteam.com\/it\/wp-json\/wp\/v2\/pages\/332","targetHints":{"allow":["GET"]}}],"collection":[{"href":"https:\/\/surgyteam.com\/it\/wp-json\/wp\/v2\/pages"}],"about":[{"href":"https:\/\/surgyteam.com\/it\/wp-json\/wp\/v2\/types\/page"}],"author":[{"embeddable":true,"href":"https:\/\/surgyteam.com\/it\/wp-json\/wp\/v2\/users\/1"}],"replies":[{"embeddable":true,"href":"https:\/\/surgyteam.com\/it\/wp-json\/wp\/v2\/comments?post=332"}],"version-history":[{"count":0,"href":"https:\/\/surgyteam.com\/it\/wp-json\/wp\/v2\/pages\/332\/revisions"}],"wp:attachment":[{"href":"https:\/\/surgyteam.com\/it\/wp-json\/wp\/v2\/media?parent=332"}],"curies":[{"name":"wp","href":"https:\/\/api.w.org\/{rel}","templated":true}]}}