{"id":352,"date":"2024-07-20T11:55:30","date_gmt":"2024-07-20T11:55:30","guid":{"rendered":"https:\/\/surgyteam.com\/?page_id=352"},"modified":"2024-08-26T10:51:07","modified_gmt":"2024-08-26T10:51:07","slug":"sollevamento-temporale","status":"publish","type":"page","link":"https:\/\/surgyteam.com\/it\/temporal-lift\/","title":{"rendered":"Sollevamento temporale"},"content":{"rendered":"<div data-elementor-type=\"wp-page\" data-elementor-id=\"352\" class=\"elementor elementor-352\">\n\t\t\t\t<div class=\"elementor-element elementor-element-09cf3b8 e-flex e-con-boxed wpr-particle-no wpr-jarallax-no wpr-parallax-no wpr-sticky-section-no wpr-equal-height-no e-con e-parent\" data-id=\"09cf3b8\" data-element_type=\"container\" data-e-type=\"container\" data-settings=\"{&quot;background_background&quot;:&quot;classic&quot;}\">\n\t\t\t\t\t<div class=\"e-con-inner\">\n\t\t\t\t<div class=\"elementor-element elementor-element-9ad3fe9 elementor-widget elementor-widget-wpr-post-title\" data-id=\"9ad3fe9\" data-element_type=\"widget\" data-e-type=\"widget\" data-widget_type=\"wpr-post-title.default\">\n\t\t\t\t<div class=\"elementor-widget-container\">\n\t\t\t\t\t<h1 class=\"wpr-post-title\">Sollevamento temporale<\/h1>\t\t\t\t<\/div>\n\t\t\t\t<\/div>\n\t\t\t\t\t<\/div>\n\t\t\t\t<\/div>\n\t\t<div class=\"elementor-element elementor-element-6ecccb3 e-flex e-con-boxed wpr-particle-no wpr-jarallax-no wpr-parallax-no wpr-sticky-section-no wpr-equal-height-no e-con e-parent\" data-id=\"6ecccb3\" data-element_type=\"container\" data-e-type=\"container\">\n\t\t\t\t\t<div class=\"e-con-inner\">\n\t\t<div class=\"elementor-element elementor-element-bd5f2bf e-con-full e-flex wpr-particle-no wpr-jarallax-no wpr-parallax-no wpr-sticky-section-no wpr-equal-height-no e-con e-child\" data-id=\"bd5f2bf\" data-element_type=\"container\" data-e-type=\"container\">\n\t\t\t\t<div class=\"elementor-element elementor-element-2ed2ff0 elementor-widget elementor-widget-image\" data-id=\"2ed2ff0\" data-element_type=\"widget\" data-e-type=\"widget\" data-widget_type=\"image.default\">\n\t\t\t\t<div class=\"elementor-widget-container\">\n\t\t\t\t\t\t\t\t\t\t\t\t\t\t\t<img fetchpriority=\"high\" decoding=\"async\" width=\"900\" height=\"673\" src=\"https:\/\/surgyteam.com\/wp-content\/uploads\/2024\/07\/Temporal-Lift.png\" class=\"attachment-large size-large wp-image-354\" alt=\"Sollevamento temporale\" srcset=\"https:\/\/surgyteam.com\/wp-content\/uploads\/2024\/07\/Temporal-Lift.png 900w, https:\/\/surgyteam.com\/wp-content\/uploads\/2024\/07\/Temporal-Lift-300x224.png 300w, https:\/\/surgyteam.com\/wp-content\/uploads\/2024\/07\/Temporal-Lift-768x574.png 768w\" sizes=\"(max-width: 900px) 100vw, 900px\" \/>\t\t\t\t\t\t\t\t\t\t\t\t\t\t\t<\/div>\n\t\t\t\t<\/div>\n\t\t\t\t<div class=\"elementor-element elementor-element-c5acd1f elementor-widget elementor-widget-text-editor\" data-id=\"c5acd1f\" data-element_type=\"widget\" data-e-type=\"widget\" data-widget_type=\"text-editor.default\">\n\t\t\t\t<div class=\"elementor-widget-container\">\n\t\t\t\t\t\t\t\t\t<p align=\"left\"><b>Lifting temporale: ringiovanisci il tuo viso presso la clinica SURGYTEAM<\/b><\/p><p align=\"left\">Un aspetto giovane e fresco \u00e8 spesso associato a contorni del viso sollevati e sodi. Alla clinica SURGYTEAM, offriamo il Temporal Lift, una procedura minimamente invasiva progettata per ringiovanire la parte superiore del viso e migliorare il tuo aspetto generale.<\/p><p align=\"left\"><b>Cos&#039;\u00e8 un lifting temporale?<\/b><\/p><p align=\"left\">Un lifting temporale, noto anche come lifting laterale delle sopracciglia o lifting delle tempie, \u00e8 una procedura estetica che si concentra sugli angoli esterni delle sopracciglia e sulla parte superiore del viso. Questa procedura solleva e rassoda la pelle e i tessuti sottostanti, riducendo la comparsa di cedimenti e rughe e creando un aspetto pi\u00f9 giovane e fresco.<\/p><p align=\"left\"><b>La differenza della clinica SURGYTEAM<\/b><\/p><p align=\"left\">Presso la clinica SURGYTEAM, i nostri chirurghi esperti utilizzano tecniche avanzate per garantire risultati dall&#039;aspetto naturale. Ci concentriamo sul raggiungimento di un miglioramento sottile che completi i lineamenti del tuo viso. Il nostro approccio incentrato sul paziente assicura che ogni procedura sia personalizzata per soddisfare le esigenze individuali e gli obiettivi estetici.<\/p><p align=\"left\"><b>La procedura<\/b><\/p><p align=\"left\">Un lifting temporale viene solitamente eseguito in anestesia locale con sedazione o in anestesia generale. Il chirurgo esegue piccole incisioni all&#039;interno dell&#039;attaccatura dei capelli alle tempie per sollevare e riposizionare la pelle e i tessuti sottostanti. La procedura dura solitamente da una a due ore.<\/p><p align=\"left\"><b>Vantaggi di un lifting temporale<\/b><\/p><ul><li><p align=\"left\"><b>Aspetto ringiovanito<\/b>: La procedura solleva e rassoda la parte superiore del viso, riducendo la comparsa di rilassamento cutaneo e rughe.<\/p><\/li><li><p align=\"left\"><b>Recupero rapido<\/b>: La maggior parte dei pazienti pu\u00f2 riprendere le proprie normali attivit\u00e0 entro una settimana, con tempi di recupero e disagi minimi.<\/p><\/li><li><p align=\"left\"><b>Risultati dall&#039;aspetto naturale<\/b>:I risultati di un lifting temporale sono studiati per apparire naturali e in armonia con i lineamenti generali del tuo viso.<\/p><\/li><li><p align=\"left\"><b>Maggiore fiducia<\/b>: Ottenere un aspetto pi\u00f9 giovane e fresco pu\u00f2 migliorare la tua autostima e l&#039;estetica generale del tuo viso.<\/p><\/li><\/ul><p align=\"left\"><b>Candidati ideali<\/b><\/p><p align=\"left\">Un lifting temporale \u00e8 ideale per le persone che hanno cedimenti o rughe nella parte superiore del viso e desiderano un aspetto pi\u00f9 giovane e sollevato. I candidati devono essere in buona salute generale e avere aspettative realistiche sui risultati.<\/p><p align=\"left\"><b>Recupero e post-trattamento<\/b><\/p><p align=\"left\">Il recupero da un lifting temporale comporta un po&#039; di gonfiore e lividi, che in genere si attenuano entro una settimana. Si consiglia ai pazienti di seguire le istruzioni per la cura postoperatoria fornite dalla clinica SURGYTEAM per garantire un recupero regolare e risultati ottimali. Impacchi freddi e farmaci prescritti possono aiutare a gestire il disagio durante il processo di guarigione.<\/p><p align=\"left\"><b>Perch\u00e9 scegliere la clinica SURGYTEAM?<\/b><\/p><ul><li><p align=\"left\"><b>Chirurghi esperti<\/b>:Il nostro team di chirurghi vanta una vasta esperienza nell&#039;esecuzione di procedure di ringiovanimento del viso ed \u00e8 impegnato a ottenere i migliori risultati possibili per i nostri pazienti.<\/p><\/li><li><p align=\"left\"><b>Struttura all&#039;avanguardia<\/b>:La clinica SURGYTEAM \u00e8 dotata delle tecnologie pi\u00f9 all&#039;avanguardia e di una moderna sala operatoria, garantendo ai nostri pazienti un ambiente sicuro e confortevole.<\/p><\/li><li><p align=\"left\"><b>Assistenza personalizzata<\/b>:Offriamo consulenze complete e piani di trattamento personalizzati per soddisfare le esigenze e gli obiettivi unici di ogni paziente.<\/p><\/li><li><p align=\"left\"><b>Miglioramenti naturali<\/b>:Il nostro obiettivo \u00e8 creare risultati dall&#039;aspetto naturale che migliorino il tuo aspetto generale e aumentino la tua sicurezza.<\/p><\/li><\/ul><p align=\"left\"><b>Prenota la tua consulenza oggi<\/b><\/p><p align=\"left\">Se sei pronto a ringiovanire il tuo viso con un Temporal Lift, contatta la clinica SURGYTEAM per programmare la tua consulenza. Il nostro team di esperti \u00e8 qui per guidarti in ogni fase del processo, dalla comprensione della procedura alla fornitura di cure post-operatorie eccezionali. Scopri i benefici trasformativi di un Temporal Lift e abbraccia un aspetto pi\u00f9 giovane e fresco.<\/p>\t\t\t\t\t\t\t\t<\/div>\n\t\t\t\t<\/div>\n\t\t\t\t<\/div>\n\t\t<div class=\"elementor-element elementor-element-b373dbe e-con-full e-flex wpr-particle-no wpr-jarallax-no wpr-parallax-no wpr-sticky-section-no wpr-equal-height-no e-con e-child\" data-id=\"b373dbe\" data-element_type=\"container\" data-e-type=\"container\">\n\t\t\t\t<div class=\"elementor-element elementor-element-36389fc content-align-cta-default elementor-widget elementor-widget-eael-cta-box\" data-id=\"36389fc\" data-element_type=\"widget\" data-e-type=\"widget\" data-widget_type=\"eael-cta-box.default\">\n\t\t\t\t<div class=\"elementor-widget-container\">\n\t\t\t\t\t\t\t<div class=\"eael-call-to-action cta-basic bg-lite cta-preset-1\">\n        <h2 class=\"title eael-cta-heading\">COSA PUOI ASPETTARTI<\/h2><p>Clicca sui link per scoprire di pi\u00f9 sulla procedura chirurgica scelta, comprese le informazioni sul tuo ricovero ospedaliero e <a href=\"https:\/\/surgyteam.com\/it\/contattaci\/\" rel=\"sponsored\">tempo di recupero<\/a>.<\/p><a href=\"\/it\/contattaci\/\" class=\"cta-button cta-preset-1\">Contattaci<\/a>\t<\/div>\n\t\t\t\t\t\t\t\t<\/div>\n\t\t\t\t<\/div>\n\t\t\t\t<div class=\"elementor-element elementor-element-c34f246 eael-hamburger--none eael-simple-menu-hamburger-align-right elementor-widget elementor-widget-eael-simple-menu\" data-id=\"c34f246\" data-element_type=\"widget\" data-e-type=\"widget\" data-widget_type=\"eael-simple-menu.default\">\n\t\t\t\t<div class=\"elementor-widget-container\">\n\t\t\t\t\t            <div data-hamburger-icon=\"&lt;svg aria-hidden=&quot;true&quot; class=&quot;e-font-icon-svg e-fas-bars&quot; viewBox=&quot;0 0 448 512&quot; xmlns=&quot;http:\/\/www.w3.org\/2000\/svg&quot;&gt;&lt;path d=&quot;M16 132h416c8.837 0 16-7.163 16-16V76c0-8.837-7.163-16-16-16H16C7.163 60 0 67.163 0 76v40c0 8.837 7.163 16 16 16zm0 160h416c8.837 0 16-7.163 16-16v-40c0-8.837-7.163-16-16-16H16c-8.837 0-16 7.163-16 16v40c0 8.837 7.163 16 16 16zm0 160h416c8.837 0 16-7.163 16-16v-40c0-8.837-7.163-16-16-16H16c-8.837 0-16 7.163-16 16v40c0 8.837 7.163 16 16 16z&quot;&gt;&lt;\/path&gt;&lt;\/svg&gt;\" data-indicator-icon=\"&lt;svg aria-hidden=&quot;true&quot; class=&quot;e-font-icon-svg e-fas-angle-down&quot; viewBox=&quot;0 0 320 512&quot; xmlns=&quot;http:\/\/www.w3.org\/2000\/svg&quot;&gt;&lt;path d=&quot;M143 352.3L7 216.3c-9.4-9.4-9.4-24.6 0-33.9l22.6-22.6c9.4-9.4 24.6-9.4 33.9 0l96.4 96.4 96.4-96.4c9.4-9.4 24.6-9.4 33.9 0l22.6 22.6c9.4 9.4 9.4 24.6 0 33.9l-136 136c-9.2 9.4-24.4 9.4-33.8 0z&quot;&gt;&lt;\/path&gt;&lt;\/svg&gt;\" data-dropdown-indicator-icon=\"&lt;svg class=&quot;e-font-icon-svg e-fas-angle-down&quot; viewBox=&quot;0 0 320 512&quot; xmlns=&quot;http:\/\/www.w3.org\/2000\/svg&quot;&gt;&lt;path d=&quot;M143 352.3L7 216.3c-9.4-9.4-9.4-24.6 0-33.9l22.6-22.6c9.4-9.4 24.6-9.4 33.9 0l96.4 96.4 96.4-96.4c9.4-9.4 24.6-9.4 33.9 0l22.6 22.6c9.4 9.4 9.4 24.6 0 33.9l-136 136c-9.2 9.4-24.4 9.4-33.8 0z&quot;&gt;&lt;\/path&gt;&lt;\/svg&gt;\" class=\"eael-simple-menu-container eael-simple-menu--loading eael-simple-menu-align-left eael-simple-menu-dropdown-align-left preset-2\" data-hamburger-breakpoints=\"{&quot;mobile&quot;:&quot;Mobile Portrait (&gt; 767px)&quot;,&quot;tablet&quot;:&quot;Tablet verticale (&gt; 1024px)&quot;,&quot;desktop&quot;:&quot;Desktop (&gt; 2400px)&quot;,&quot;none&quot;:&quot;None&quot;}\" data-hamburger-device=\"none\">\n                <ul id=\"menu-kozmetik-cerrahi\" class=\"eael-simple-menu eael-simple-menu-dropdown-animate-to-top eael-simple-menu-indicator eael-simple-menu-vertical\"><li id=\"menu-item-552\" class=\"menu-item menu-item-type-post_type menu-item-object-page menu-item-552\"><a href=\"https:\/\/surgyteam.com\/it\/mommy-makeover-2\/\" class=\"menu-link\">Trasformazione della mamma<\/a><\/li>\n<li id=\"menu-item-543\" class=\"menu-item menu-item-type-post_type menu-item-object-page menu-item-543\"><a href=\"https:\/\/surgyteam.com\/it\/360-liposuction-2\/\" class=\"menu-link\">Liposuzione a 360\u00b0<\/a><\/li>\n<li id=\"menu-item-550\" class=\"menu-item menu-item-type-post_type menu-item-object-page menu-item-550\"><a href=\"https:\/\/surgyteam.com\/it\/hi-def-liposuction\/\" class=\"menu-link\">Liposuzione ad alta definizione<\/a><\/li>\n<li id=\"menu-item-545\" class=\"menu-item menu-item-type-post_type menu-item-object-page menu-item-545\"><a href=\"https:\/\/surgyteam.com\/it\/abs-cracks\/\" class=\"menu-link\">Crepe addominali<\/a><\/li>\n<li id=\"menu-item-544\" class=\"menu-item menu-item-type-post_type menu-item-object-page menu-item-544\"><a href=\"https:\/\/surgyteam.com\/it\/abdominal-etching\/\" class=\"menu-link\">Incisione addominale<\/a><\/li>\n<li id=\"menu-item-555\" class=\"menu-item menu-item-type-post_type menu-item-object-page menu-item-555\"><a href=\"https:\/\/surgyteam.com\/it\/upper-blepharoplasty\/\" class=\"menu-link\">Blefaroplastica superiore<\/a><\/li>\n<li id=\"menu-item-551\" class=\"menu-item menu-item-type-post_type menu-item-object-page menu-item-551\"><a href=\"https:\/\/surgyteam.com\/it\/lower-blepharoplasty\/\" class=\"menu-link\">Blefaroplastica inferiore<\/a><\/li>\n<li id=\"menu-item-547\" class=\"menu-item menu-item-type-post_type menu-item-object-page menu-item-547\"><a href=\"https:\/\/surgyteam.com\/it\/1-kozmetik-cerrahi-islemler-icin-cogaltilacak-2\/\" class=\"menu-link\">Occhio di gatto<\/a><\/li>\n<li id=\"menu-item-549\" class=\"menu-item menu-item-type-post_type menu-item-object-page menu-item-549\"><a href=\"https:\/\/surgyteam.com\/it\/fox-eye\/\" class=\"menu-link\">Occhio di volpe<\/a><\/li>\n<li id=\"menu-item-546\" class=\"menu-item menu-item-type-post_type menu-item-object-page menu-item-546\"><a href=\"https:\/\/surgyteam.com\/it\/almond-eye\/\" class=\"menu-link\">Occhio di mandorla<\/a><\/li>\n<li id=\"menu-item-554\" class=\"menu-item menu-item-type-post_type menu-item-object-page menu-item-554\"><a href=\"https:\/\/surgyteam.com\/it\/temporal-lift\/\" class=\"menu-link\">Sollevamento temporale<\/a><\/li>\n<li id=\"menu-item-548\" class=\"menu-item menu-item-type-post_type menu-item-object-page menu-item-548\"><a href=\"https:\/\/surgyteam.com\/it\/double-jaw-surgery\/\" class=\"menu-link\">Chirurgia della doppia mascella<\/a><\/li>\n<li id=\"menu-item-553\" class=\"menu-item menu-item-type-post_type menu-item-object-page menu-item-553\"><a href=\"https:\/\/surgyteam.com\/it\/orthognatic-surgery\/\" class=\"menu-link\">Chirurgia Ortognatica<\/a><\/li>\n<\/ul>                <button class=\"eael-simple-menu-toggle\">\n                    <span class=\"sr-only\">Menu a discesa dell&#039;hamburger<\/span>\n                    <svg aria-hidden=\"true\" class=\"e-font-icon-svg e-fas-bars\" viewbox=\"0 0 448 512\" xmlns=\"http:\/\/www.w3.org\/2000\/svg\"><path d=\"M16 132h416c8.837 0 16-7.163 16-16V76c0-8.837-7.163-16-16-16H16C7.163 60 0 67.163 0 76v40c0 8.837 7.163 16 16 16zm0 160h416c8.837 0 16-7.163 16-16v-40c0-8.837-7.163-16-16-16H16c-8.837 0-16 7.163-16 16v40c0 8.837 7.163 16 16 16zm0 160h416c8.837 0 16-7.163 16-16v-40c0-8.837-7.163-16-16-16H16c-8.837 0-16 7.163-16 16v40c0 8.837 7.163 16 16 16z\"><\/path><\/svg>                <\/button>\n            <\/div>\n            \t\t\t\t<\/div>\n\t\t\t\t<\/div>\n\t\t\t\t<\/div>\n\t\t\t\t\t<\/div>\n\t\t\t\t<\/div>\n\t\t\t\t<\/div>","protected":false},"excerpt":{"rendered":"<p>Lifting Temporale Lifting Temporale: Ringiovanisci il tuo viso presso la Clinica SURGYTEAM Un aspetto giovane e fresco \u00e8 spesso associato a contorni del viso sollevati e rassodati. Presso la Clinica SURGYTEAM, offriamo il Lifting Temporale, una procedura mini-invasiva progettata per ringiovanire la parte superiore del viso e migliorare il tuo aspetto generale. Cos&#039;\u00e8 un Lifting Temporale? Un Lifting Temporale, noto anche come lifting laterale delle sopracciglia o lifting delle tempie, \u00e8 una procedura estetica che si concentra sugli angoli esterni delle sopracciglia e sulla parte superiore del viso. Questa procedura solleva e rassoda la pelle e i tessuti sottostanti, riducendo la comparsa di rilassamento cutaneo e rughe e creando un aspetto pi\u00f9 giovane e fresco. La differenza della Clinica SURGYTEAM Presso la Clinica SURGYTEAM, i nostri chirurghi esperti utilizzano tecniche avanzate per garantire risultati dall&#039;aspetto naturale. Ci concentriamo sul raggiungimento di un miglioramento sottile che valorizzi i tuoi lineamenti del viso. Il nostro approccio incentrato sul paziente garantisce che ogni procedura sia personalizzata per soddisfare le esigenze individuali e gli obiettivi estetici. La procedura Un Lifting Temporale viene in genere eseguito in anestesia locale con sedazione o in anestesia generale. Il chirurgo esegue piccole incisioni all&#039;attaccatura dei capelli sulle tempie per sollevare e riposizionare la pelle e i tessuti sottostanti. La procedura dura in genere da una a due ore. Vantaggi di un lifting temporale Aspetto ringiovanito: la procedura solleva e rassoda la parte superiore del viso, riducendo la comparsa di rilassamento cutaneo e rughe. Recupero rapido: la maggior parte dei pazienti pu\u00f2 tornare alle proprie normali attivit\u00e0 entro una settimana, con tempi di recupero e disagi minimi. Risultati dall&#039;aspetto naturale: i risultati di un lifting temporale sono progettati per apparire naturali e armoniosi con i lineamenti del viso. Maggiore fiducia in se stessi: ottenere un aspetto pi\u00f9 giovane e fresco pu\u00f2 migliorare la fiducia in se stessi e l&#039;estetica generale del viso. Candidati ideali Un lifting temporale \u00e8 ideale per le persone che presentano rilassamento cutaneo o rughe nella parte superiore del viso e desiderano un aspetto pi\u00f9 giovane e sollevato. I candidati devono godere di buona salute generale e avere aspettative realistiche sui risultati. Recupero e cure successive Il recupero da un lifting temporale comporta gonfiore e lividi, che in genere scompaiono entro una settimana. Si consiglia ai pazienti di seguire le istruzioni per la cura postoperatoria fornite dalla Clinica SURGYTEAM per garantire una convalescenza senza problemi e risultati ottimali. Impacchi freddi e farmaci prescritti possono aiutare a gestire il disagio durante il processo di guarigione. Perch\u00e9 scegliere la Clinica SURGYTEAM? Chirurghi esperti: il nostro team di chirurghi vanta una vasta esperienza nell&#039;esecuzione di procedure di ringiovanimento del viso ed \u00e8 impegnato a ottenere i migliori risultati possibili per i nostri pazienti. Struttura all&#039;avanguardia: la Clinica SURGYTEAM \u00e8 dotata delle tecnologie pi\u00f9 recenti e di una moderna sala operatoria, garantendo un ambiente sicuro e confortevole per i nostri pazienti. Assistenza personalizzata: offriamo consulenze complete e piani di trattamento personalizzati per soddisfare le esigenze e gli obiettivi specifici di ogni paziente. Miglioramenti naturali: il nostro obiettivo \u00e8 creare risultati dall&#039;aspetto naturale che migliorino il vostro aspetto generale e aumentino la vostra autostima. Prenotate la vostra consulenza oggi stesso. Se siete pronti a ringiovanire il vostro viso con un lifting temporale, contattate la Clinica SURGYTEAM per prenotare una consulenza. Il nostro team di esperti \u00e8 qui per guidarvi in ogni fase del processo, dalla comprensione della procedura all&#039;erogazione di un&#039;assistenza postoperatoria eccezionale. Scopri i benefici trasformativi di un lifting temporale e goditi un aspetto pi\u00f9 giovane e fresco. COSA PUOI ASPETTARTI? Clicca sui link per saperne di pi\u00f9 sulla procedura chirurgica scelta, comprese informazioni sulla degenza ospedaliera e sui tempi di recupero. Contattaci Mommy Makeover Liposuzione a 360\u00b0 Liposuzione ad alta definizione Ragade addominale Incisione addominale Blefaroplastica superiore Blefaroplastica inferiore Occhio di gatto Occhio di volpe Occhio a mandorla Lifting temporale Chirurgia doppia mandibolare Chirurgia ortognatica Humberger Apri menu<\/p>","protected":false},"author":1,"featured_media":0,"parent":0,"menu_order":0,"comment_status":"closed","ping_status":"closed","template":"elementor_header_footer","meta":{"content-type":"","_daextam_enable_autolinks":"","site-sidebar-layout":"default","site-content-layout":"","ast-site-content-layout":"default","site-content-style":"default","site-sidebar-style":"default","ast-global-header-display":"","ast-banner-title-visibility":"","ast-main-header-display":"","ast-hfb-above-header-display":"","ast-hfb-below-header-display":"","ast-hfb-mobile-header-display":"","site-post-title":"","ast-breadcrumbs-content":"","ast-featured-img":"","footer-sml-layout":"","ast-disable-related-posts":"","theme-transparent-header-meta":"","adv-header-id-meta":"","stick-header-meta":"","header-above-stick-meta":"","header-main-stick-meta":"","header-below-stick-meta":"","astra-migrate-meta-layouts":"default","ast-page-background-enabled":"default","ast-page-background-meta":{"desktop":{"background-color":"var(--ast-global-color-4)","background-image":"","background-repeat":"repeat","background-position":"center center","background-size":"auto","background-attachment":"scroll","background-type":"","background-media":"","overlay-type":"","overlay-color":"","overlay-opacity":"","overlay-gradient":""},"tablet":{"background-color":"","background-image":"","background-repeat":"repeat","background-position":"center center","background-size":"auto","background-attachment":"scroll","background-type":"","background-media":"","overlay-type":"","overlay-color":"","overlay-opacity":"","overlay-gradient":""},"mobile":{"background-color":"","background-image":"","background-repeat":"repeat","background-position":"center center","background-size":"auto","background-attachment":"scroll","background-type":"","background-media":"","overlay-type":"","overlay-color":"","overlay-opacity":"","overlay-gradient":""}},"ast-content-background-meta":{"desktop":{"background-color":"var(--ast-global-color-5)","background-image":"","background-repeat":"repeat","background-position":"center center","background-size":"auto","background-attachment":"scroll","background-type":"","background-media":"","overlay-type":"","overlay-color":"","overlay-opacity":"","overlay-gradient":""},"tablet":{"background-color":"var(--ast-global-color-5)","background-image":"","background-repeat":"repeat","background-position":"center center","background-size":"auto","background-attachment":"scroll","background-type":"","background-media":"","overlay-type":"","overlay-color":"","overlay-opacity":"","overlay-gradient":""},"mobile":{"background-color":"var(--ast-global-color-5)","background-image":"","background-repeat":"repeat","background-position":"center center","background-size":"auto","background-attachment":"scroll","background-type":"","background-media":"","overlay-type":"","overlay-color":"","overlay-opacity":"","overlay-gradient":""}},"footnotes":""},"class_list":["post-352","page","type-page","status-publish","hentry"],"_links":{"self":[{"href":"https:\/\/surgyteam.com\/it\/wp-json\/wp\/v2\/pages\/352","targetHints":{"allow":["GET"]}}],"collection":[{"href":"https:\/\/surgyteam.com\/it\/wp-json\/wp\/v2\/pages"}],"about":[{"href":"https:\/\/surgyteam.com\/it\/wp-json\/wp\/v2\/types\/page"}],"author":[{"embeddable":true,"href":"https:\/\/surgyteam.com\/it\/wp-json\/wp\/v2\/users\/1"}],"replies":[{"embeddable":true,"href":"https:\/\/surgyteam.com\/it\/wp-json\/wp\/v2\/comments?post=352"}],"version-history":[{"count":0,"href":"https:\/\/surgyteam.com\/it\/wp-json\/wp\/v2\/pages\/352\/revisions"}],"wp:attachment":[{"href":"https:\/\/surgyteam.com\/it\/wp-json\/wp\/v2\/media?parent=352"}],"curies":[{"name":"wp","href":"https:\/\/api.w.org\/{rel}","templated":true}]}}