{"id":360,"date":"2024-07-20T12:21:26","date_gmt":"2024-07-20T12:21:26","guid":{"rendered":"https:\/\/surgyteam.com\/?page_id=360"},"modified":"2024-07-20T17:22:21","modified_gmt":"2024-07-20T17:22:21","slug":"intervento-chirurgico-alla-mascella-doppia","status":"publish","type":"page","link":"https:\/\/surgyteam.com\/it\/double-jaw-surgery\/","title":{"rendered":"Chirurgia della doppia mascella"},"content":{"rendered":"<div data-elementor-type=\"wp-page\" data-elementor-id=\"360\" class=\"elementor elementor-360\">\n\t\t\t\t<div class=\"elementor-element elementor-element-09cf3b8 e-flex e-con-boxed wpr-particle-no wpr-jarallax-no wpr-parallax-no wpr-sticky-section-no wpr-equal-height-no e-con e-parent\" data-id=\"09cf3b8\" data-element_type=\"container\" data-e-type=\"container\" data-settings=\"{&quot;background_background&quot;:&quot;classic&quot;}\">\n\t\t\t\t\t<div class=\"e-con-inner\">\n\t\t\t\t<div class=\"elementor-element elementor-element-6eaee70 elementor-widget elementor-widget-wpr-post-title\" data-id=\"6eaee70\" data-element_type=\"widget\" data-e-type=\"widget\" data-widget_type=\"wpr-post-title.default\">\n\t\t\t\t<div class=\"elementor-widget-container\">\n\t\t\t\t\t<h1 class=\"wpr-post-title\">Chirurgia della doppia mascella<\/h1>\t\t\t\t<\/div>\n\t\t\t\t<\/div>\n\t\t\t\t\t<\/div>\n\t\t\t\t<\/div>\n\t\t<div class=\"elementor-element elementor-element-6ecccb3 e-flex e-con-boxed wpr-particle-no wpr-jarallax-no wpr-parallax-no wpr-sticky-section-no wpr-equal-height-no e-con e-parent\" data-id=\"6ecccb3\" data-element_type=\"container\" data-e-type=\"container\">\n\t\t\t\t\t<div class=\"e-con-inner\">\n\t\t<div class=\"elementor-element elementor-element-bd5f2bf e-con-full e-flex wpr-particle-no wpr-jarallax-no wpr-parallax-no wpr-sticky-section-no wpr-equal-height-no e-con e-child\" data-id=\"bd5f2bf\" data-element_type=\"container\" data-e-type=\"container\">\n\t\t\t\t<div class=\"elementor-element elementor-element-b88b836 elementor-widget elementor-widget-image\" data-id=\"b88b836\" data-element_type=\"widget\" data-e-type=\"widget\" data-widget_type=\"image.default\">\n\t\t\t\t<div class=\"elementor-widget-container\">\n\t\t\t\t\t\t\t\t\t\t\t\t\t\t\t<img fetchpriority=\"high\" decoding=\"async\" width=\"1024\" height=\"729\" src=\"https:\/\/surgyteam.com\/wp-content\/uploads\/2024\/07\/Double-Jaw-Surgery-1024x729.png\" class=\"attachment-large size-large wp-image-362\" alt=\"Chirurgia della doppia mascella\" srcset=\"https:\/\/surgyteam.com\/wp-content\/uploads\/2024\/07\/Double-Jaw-Surgery-1024x729.png 1024w, https:\/\/surgyteam.com\/wp-content\/uploads\/2024\/07\/Double-Jaw-Surgery-300x214.png 300w, https:\/\/surgyteam.com\/wp-content\/uploads\/2024\/07\/Double-Jaw-Surgery-768x547.png 768w, https:\/\/surgyteam.com\/wp-content\/uploads\/2024\/07\/Double-Jaw-Surgery.png 1280w\" sizes=\"(max-width: 1024px) 100vw, 1024px\" \/>\t\t\t\t\t\t\t\t\t\t\t\t\t\t\t<\/div>\n\t\t\t\t<\/div>\n\t\t\t\t<div class=\"elementor-element elementor-element-c5acd1f elementor-widget elementor-widget-text-editor\" data-id=\"c5acd1f\" data-element_type=\"widget\" data-e-type=\"widget\" data-widget_type=\"text-editor.default\">\n\t\t\t\t<div class=\"elementor-widget-container\">\n\t\t\t\t\t\t\t\t\t<p align=\"left\"><b>Chirurgia della doppia mascella: trasforma il tuo sorriso presso la clinica SURGYTEAM<\/b><\/p><p align=\"left\">La chirurgia della doppia mascella, nota anche come osteotomia bimascellare, \u00e8 una procedura correttiva che pu\u00f2 trasformare l&#039;aspetto e la funzionalit\u00e0 della mascella e dei denti. Presso la clinica SURGYTEAM, offriamo questa opzione chirurgica avanzata per aiutarti a ottenere un profilo facciale armonioso e un morso migliorato.<\/p><p align=\"left\"><b>Che cosa \u00e8 la chirurgia bilaterale?<\/b><\/p><p align=\"left\">La chirurgia della doppia mascella comporta il riposizionamento sia della mascella superiore (mascella) che di quella inferiore (mandibola). Questa procedura viene spesso eseguita per correggere problemi funzionali come disallineamento del morso (malocclusione), problemi respiratori e difficolt\u00e0 di linguaggio, nonch\u00e9 per migliorare l&#039;estetica del viso.<\/p><p align=\"left\"><b>La differenza della clinica SURGYTEAM<\/b><\/p><p align=\"left\">Presso la clinica SURGYTEAM, i nostri chirurghi esperti utilizzano tecniche avanzate per garantire risultati precisi ed efficaci. Ci concentriamo sul raggiungimento di miglioramenti sia funzionali che estetici, adattando ogni procedura alle esigenze e agli obiettivi individuali dei nostri pazienti.<\/p><p align=\"left\"><b>La procedura<\/b><\/p><p align=\"left\">La chirurgia ortognatica viene solitamente eseguita in anestesia generale. Il chirurgo esegue delle incisioni all&#039;interno della bocca per accedere alle ossa mascellari, riducendo al minimo le cicatrici visibili. Le mascelle vengono quindi riposizionate e fissate con placche e viti. La procedura dura solitamente dalle tre alle sei ore, a seconda della complessit\u00e0 del caso.<\/p><p align=\"left\"><b>Vantaggi della chirurgia della doppia mascella<\/b><\/p><ul><li><p align=\"left\"><b>Miglioramento del morso e della funzionalit\u00e0<\/b>: Correggere il disallineamento della mascella pu\u00f2 migliorare le funzioni masticatorie, verbali e respiratorie.<\/p><\/li><li><p align=\"left\"><b>Estetica facciale migliorata<\/b>: La procedura pu\u00f2 migliorare significativamente l&#039;equilibrio e l&#039;armonia dei lineamenti del viso.<\/p><\/li><li><p align=\"left\"><b>Risultati duraturi<\/b>:I risultati della chirurgia della doppia mascella sono progettati per essere duraturi e garantire miglioramenti duraturi sia nella funzionalit\u00e0 che nell&#039;aspetto.<\/p><\/li><li><p align=\"left\"><b>Maggiore fiducia<\/b>: Ottenere una mascella pi\u00f9 equilibrata e funzionale pu\u00f2 migliorare la tua autostima e la qualit\u00e0 della vita in generale.<\/p><\/li><\/ul><p align=\"left\"><b>Candidati ideali<\/b><\/p><p align=\"left\">La chirurgia ortognatica \u00e8 ideale per gli individui con un disallineamento significativo della mascella che influisce sul morso, sulla parola o sull&#039;estetica facciale. I candidati devono essere in buona salute generale e avere aspettative realistiche sui risultati.<\/p><p align=\"left\"><b>Recupero e post-trattamento<\/b><\/p><p align=\"left\">Il recupero da un intervento chirurgico ortognatico comporta una degenza ospedaliera di uno o due giorni, seguita da alcune settimane di recupero a casa. I pazienti possono avvertire gonfiore e fastidio, che in genere si attenuano nel giro di poche settimane. Si raccomanda una dieta morbida o liquida durante il periodo di guarigione iniziale. Gli appuntamenti di follow-up presso la clinica SURGYTEAM sono essenziali per monitorare i progressi e garantire risultati ottimali.<\/p><p align=\"left\"><b>Perch\u00e9 scegliere la clinica SURGYTEAM?<\/b><\/p><ul><li><p align=\"left\"><b>Chirurghi esperti<\/b>:Il nostro team di chirurghi vanta una vasta esperienza nell&#039;esecuzione di interventi chirurgici alla mascella e si impegna a ottenere i migliori risultati possibili per i nostri pazienti.<\/p><\/li><li><p align=\"left\"><b>Struttura all&#039;avanguardia<\/b>:La clinica SURGYTEAM \u00e8 dotata delle tecnologie pi\u00f9 all&#039;avanguardia e di una moderna sala operatoria, garantendo ai nostri pazienti un ambiente sicuro e confortevole.<\/p><\/li><li><p align=\"left\"><b>Assistenza personalizzata<\/b>:Offriamo consulenze complete e piani di trattamento personalizzati per soddisfare le esigenze e gli obiettivi unici di ogni paziente.<\/p><\/li><li><p align=\"left\"><b>Miglioramenti funzionali ed estetici<\/b>: Il nostro obiettivo \u00e8 realizzare miglioramenti sia funzionali che estetici che migliorino la qualit\u00e0 della vostra vita in generale.<\/p><\/li><\/ul><p align=\"left\"><b>Prenota la tua consulenza oggi<\/b><\/p><p align=\"left\">Se sei pronto a trasformare il tuo sorriso con la chirurgia Double Jaw, contatta la clinica SURGYTEAM per programmare la tua consulenza. Il nostro team di esperti \u00e8 qui per guidarti in ogni fase del processo, dalla comprensione della procedura alla fornitura di cure post-operatorie eccezionali. Scopri i benefici trasformativi della chirurgia Double Jaw e abbraccia una mascella pi\u00f9 armoniosa e funzionale.<\/p>\t\t\t\t\t\t\t\t<\/div>\n\t\t\t\t<\/div>\n\t\t\t\t<\/div>\n\t\t<div class=\"elementor-element elementor-element-b373dbe e-con-full e-flex wpr-particle-no wpr-jarallax-no wpr-parallax-no wpr-sticky-section-no wpr-equal-height-no e-con e-child\" data-id=\"b373dbe\" data-element_type=\"container\" data-e-type=\"container\">\n\t\t\t\t<div class=\"elementor-element elementor-element-36389fc content-align-cta-default elementor-widget elementor-widget-eael-cta-box\" data-id=\"36389fc\" data-element_type=\"widget\" data-e-type=\"widget\" data-widget_type=\"eael-cta-box.default\">\n\t\t\t\t<div class=\"elementor-widget-container\">\n\t\t\t\t\t\t\t<div class=\"eael-call-to-action cta-basic bg-lite cta-preset-1\">\n        <h2 class=\"title eael-cta-heading\">COSA PUOI ASPETTARTI<\/h2><p>Clicca sui link per scoprire di pi\u00f9 sulla procedura chirurgica scelta, comprese le informazioni sul tuo ricovero ospedaliero e <a href=\"https:\/\/surgyteam.com\/it\/contattaci\/\" rel=\"sponsored\">tempo di recupero<\/a>.<\/p><a href=\"\/it\/contattaci\/\" class=\"cta-button cta-preset-1\">Contattaci<\/a>\t<\/div>\n\t\t\t\t\t\t\t\t<\/div>\n\t\t\t\t<\/div>\n\t\t\t\t<div class=\"elementor-element elementor-element-d02a452 eael-hamburger--none eael-simple-menu-hamburger-align-right elementor-widget elementor-widget-eael-simple-menu\" data-id=\"d02a452\" data-element_type=\"widget\" data-e-type=\"widget\" data-widget_type=\"eael-simple-menu.default\">\n\t\t\t\t<div class=\"elementor-widget-container\">\n\t\t\t\t\t            <div data-hamburger-icon=\"&lt;svg aria-hidden=&quot;true&quot; class=&quot;e-font-icon-svg e-fas-bars&quot; viewBox=&quot;0 0 448 512&quot; xmlns=&quot;http:\/\/www.w3.org\/2000\/svg&quot;&gt;&lt;path d=&quot;M16 132h416c8.837 0 16-7.163 16-16V76c0-8.837-7.163-16-16-16H16C7.163 60 0 67.163 0 76v40c0 8.837 7.163 16 16 16zm0 160h416c8.837 0 16-7.163 16-16v-40c0-8.837-7.163-16-16-16H16c-8.837 0-16 7.163-16 16v40c0 8.837 7.163 16 16 16zm0 160h416c8.837 0 16-7.163 16-16v-40c0-8.837-7.163-16-16-16H16c-8.837 0-16 7.163-16 16v40c0 8.837 7.163 16 16 16z&quot;&gt;&lt;\/path&gt;&lt;\/svg&gt;\" data-indicator-icon=\"&lt;svg aria-hidden=&quot;true&quot; class=&quot;e-font-icon-svg e-fas-angle-down&quot; viewBox=&quot;0 0 320 512&quot; xmlns=&quot;http:\/\/www.w3.org\/2000\/svg&quot;&gt;&lt;path d=&quot;M143 352.3L7 216.3c-9.4-9.4-9.4-24.6 0-33.9l22.6-22.6c9.4-9.4 24.6-9.4 33.9 0l96.4 96.4 96.4-96.4c9.4-9.4 24.6-9.4 33.9 0l22.6 22.6c9.4 9.4 9.4 24.6 0 33.9l-136 136c-9.2 9.4-24.4 9.4-33.8 0z&quot;&gt;&lt;\/path&gt;&lt;\/svg&gt;\" data-dropdown-indicator-icon=\"&lt;svg class=&quot;e-font-icon-svg e-fas-angle-down&quot; viewBox=&quot;0 0 320 512&quot; xmlns=&quot;http:\/\/www.w3.org\/2000\/svg&quot;&gt;&lt;path d=&quot;M143 352.3L7 216.3c-9.4-9.4-9.4-24.6 0-33.9l22.6-22.6c9.4-9.4 24.6-9.4 33.9 0l96.4 96.4 96.4-96.4c9.4-9.4 24.6-9.4 33.9 0l22.6 22.6c9.4 9.4 9.4 24.6 0 33.9l-136 136c-9.2 9.4-24.4 9.4-33.8 0z&quot;&gt;&lt;\/path&gt;&lt;\/svg&gt;\" class=\"eael-simple-menu-container eael-simple-menu--loading eael-simple-menu-align-left eael-simple-menu-dropdown-align-left preset-2\" data-hamburger-breakpoints=\"{&quot;mobile&quot;:&quot;Mobile Portrait (&gt; 767px)&quot;,&quot;tablet&quot;:&quot;Tablet verticale (&gt; 1024px)&quot;,&quot;desktop&quot;:&quot;Desktop (&gt; 2400px)&quot;,&quot;none&quot;:&quot;None&quot;}\" data-hamburger-device=\"none\">\n                <ul id=\"menu-kozmetik-cerrahi\" class=\"eael-simple-menu eael-simple-menu-dropdown-animate-to-top eael-simple-menu-indicator eael-simple-menu-vertical\"><li id=\"menu-item-552\" class=\"menu-item menu-item-type-post_type menu-item-object-page menu-item-552\"><a href=\"https:\/\/surgyteam.com\/it\/mommy-makeover-2\/\" class=\"menu-link\">Trasformazione della mamma<\/a><\/li>\n<li id=\"menu-item-543\" class=\"menu-item menu-item-type-post_type menu-item-object-page menu-item-543\"><a href=\"https:\/\/surgyteam.com\/it\/360-liposuction-2\/\" class=\"menu-link\">Liposuzione a 360\u00b0<\/a><\/li>\n<li id=\"menu-item-550\" class=\"menu-item menu-item-type-post_type menu-item-object-page menu-item-550\"><a href=\"https:\/\/surgyteam.com\/it\/hi-def-liposuction\/\" class=\"menu-link\">Liposuzione ad alta definizione<\/a><\/li>\n<li id=\"menu-item-545\" class=\"menu-item menu-item-type-post_type menu-item-object-page menu-item-545\"><a href=\"https:\/\/surgyteam.com\/it\/abs-cracks\/\" class=\"menu-link\">Crepe addominali<\/a><\/li>\n<li id=\"menu-item-544\" class=\"menu-item menu-item-type-post_type menu-item-object-page menu-item-544\"><a href=\"https:\/\/surgyteam.com\/it\/abdominal-etching\/\" class=\"menu-link\">Incisione addominale<\/a><\/li>\n<li id=\"menu-item-555\" class=\"menu-item menu-item-type-post_type menu-item-object-page menu-item-555\"><a href=\"https:\/\/surgyteam.com\/it\/upper-blepharoplasty\/\" class=\"menu-link\">Blefaroplastica superiore<\/a><\/li>\n<li id=\"menu-item-551\" class=\"menu-item menu-item-type-post_type menu-item-object-page menu-item-551\"><a href=\"https:\/\/surgyteam.com\/it\/lower-blepharoplasty\/\" class=\"menu-link\">Blefaroplastica inferiore<\/a><\/li>\n<li id=\"menu-item-547\" class=\"menu-item menu-item-type-post_type menu-item-object-page menu-item-547\"><a href=\"https:\/\/surgyteam.com\/it\/1-kozmetik-cerrahi-islemler-icin-cogaltilacak-2\/\" class=\"menu-link\">Occhio di gatto<\/a><\/li>\n<li id=\"menu-item-549\" class=\"menu-item menu-item-type-post_type menu-item-object-page menu-item-549\"><a href=\"https:\/\/surgyteam.com\/it\/fox-eye\/\" class=\"menu-link\">Occhio di volpe<\/a><\/li>\n<li id=\"menu-item-546\" class=\"menu-item menu-item-type-post_type menu-item-object-page menu-item-546\"><a href=\"https:\/\/surgyteam.com\/it\/almond-eye\/\" class=\"menu-link\">Occhio di mandorla<\/a><\/li>\n<li id=\"menu-item-554\" class=\"menu-item menu-item-type-post_type menu-item-object-page menu-item-554\"><a href=\"https:\/\/surgyteam.com\/it\/temporal-lift\/\" class=\"menu-link\">Sollevamento temporale<\/a><\/li>\n<li id=\"menu-item-548\" class=\"menu-item menu-item-type-post_type menu-item-object-page menu-item-548\"><a href=\"https:\/\/surgyteam.com\/it\/double-jaw-surgery\/\" class=\"menu-link\">Chirurgia della doppia mascella<\/a><\/li>\n<li id=\"menu-item-553\" class=\"menu-item menu-item-type-post_type menu-item-object-page menu-item-553\"><a href=\"https:\/\/surgyteam.com\/it\/orthognatic-surgery\/\" class=\"menu-link\">Chirurgia Ortognatica<\/a><\/li>\n<\/ul>                <button class=\"eael-simple-menu-toggle\">\n                    <span class=\"sr-only\">Menu a discesa dell&#039;hamburger<\/span>\n                    <svg aria-hidden=\"true\" class=\"e-font-icon-svg e-fas-bars\" viewbox=\"0 0 448 512\" xmlns=\"http:\/\/www.w3.org\/2000\/svg\"><path d=\"M16 132h416c8.837 0 16-7.163 16-16V76c0-8.837-7.163-16-16-16H16C7.163 60 0 67.163 0 76v40c0 8.837 7.163 16 16 16zm0 160h416c8.837 0 16-7.163 16-16v-40c0-8.837-7.163-16-16-16H16c-8.837 0-16 7.163-16 16v40c0 8.837 7.163 16 16 16zm0 160h416c8.837 0 16-7.163 16-16v-40c0-8.837-7.163-16-16-16H16c-8.837 0-16 7.163-16 16v40c0 8.837 7.163 16 16 16z\"><\/path><\/svg>                <\/button>\n            <\/div>\n            \t\t\t\t<\/div>\n\t\t\t\t<\/div>\n\t\t\t\t<\/div>\n\t\t\t\t\t<\/div>\n\t\t\t\t<\/div>\n\t\t\t\t<\/div>","protected":false},"excerpt":{"rendered":"<p>Chirurgia della doppia mascella Chirurgia della doppia mascella: trasforma il tuo sorriso presso la clinica SURGYTEAM La chirurgia della doppia mascella, nota anche come osteotomia bimascellare, \u00e8 una procedura correttiva che pu\u00f2 trasformare l&#039;aspetto e la funzionalit\u00e0 della mascella e dei denti. Presso la clinica SURGYTEAM, offriamo questa opzione chirurgica avanzata per aiutarti a ottenere un profilo facciale armonioso e un morso migliorato. Cos&#039;\u00e8 la chirurgia della doppia mascella? La chirurgia della doppia mascella comporta il riposizionamento sia della mascella superiore (mascella) che di quella inferiore (mandibola). Questa procedura viene spesso eseguita per correggere problemi funzionali come disallineamento del morso (malocclusione), problemi respiratori e difficolt\u00e0 di linguaggio, nonch\u00e9 per migliorare l&#039;estetica del viso. La differenza della clinica SURGYTEAM Presso la clinica SURGYTEAM, i nostri chirurghi esperti utilizzano tecniche avanzate per garantire risultati precisi ed efficaci. Ci concentriamo sul raggiungimento di miglioramenti sia funzionali che estetici, adattando ogni procedura alle esigenze e agli obiettivi individuali dei nostri pazienti. La procedura La chirurgia della doppia mascella viene in genere eseguita in anestesia generale. Il chirurgo esegue delle incisioni all&#039;interno della bocca per accedere alle ossa mascellari, riducendo al minimo le cicatrici visibili. Le mascelle vengono quindi riposizionate e fissate con placche e viti. La procedura dura solitamente dalle tre alle sei ore, a seconda della complessit\u00e0 del caso. Vantaggi della chirurgia della doppia mascella Morso e funzionalit\u00e0 migliorati: correggere il disallineamento della mascella pu\u00f2 migliorare le funzioni di masticazione, parola e respirazione. Estetica facciale migliorata: la procedura pu\u00f2 migliorare significativamente l&#039;equilibrio e l&#039;armonia dei lineamenti del viso. Risultati duraturi: i risultati della chirurgia della doppia mascella sono progettati per essere duraturi, fornendo miglioramenti sostenuti sia nella funzione che nell&#039;aspetto. Maggiore sicurezza: ottenere una mascella pi\u00f9 equilibrata e funzionale pu\u00f2 migliorare la tua autostima e la qualit\u00e0 della vita complessiva. Candidati ideali La chirurgia della doppia mascella \u00e8 ideale per le persone con un significativo disallineamento della mascella che influisce sul morso, sulla parola o sull&#039;estetica facciale. I candidati devono essere in buona salute generale e avere aspettative realistiche sui risultati. Recupero e cure successive Il recupero dalla chirurgia della doppia mascella comporta una degenza ospedaliera di uno o due giorni, seguita da alcune settimane di recupero a casa. I pazienti possono avvertire gonfiore e fastidio, che in genere si attenuano entro poche settimane. Si raccomanda una dieta morbida o liquida durante il periodo di guarigione iniziale. Gli appuntamenti di controllo presso la clinica SURGYTEAM sono essenziali per monitorare i progressi e garantire risultati ottimali. Perch\u00e9 scegliere la clinica SURGYTEAM? Chirurghi esperti: il nostro team di chirurghi ha una vasta esperienza nell&#039;esecuzione di interventi chirurgici alla mascella ed \u00e8 impegnato a ottenere i migliori risultati possibili per i nostri pazienti. Struttura all&#039;avanguardia: la clinica SURGYTEAM \u00e8 dotata delle ultime tecnologie e di una moderna sala operatoria, garantendo un ambiente sicuro e confortevole per i nostri pazienti. Assistenza personalizzata: forniamo consulenze complete e piani di trattamento personalizzati per soddisfare le esigenze e gli obiettivi unici di ogni paziente. Miglioramenti funzionali ed estetici: il nostro obiettivo \u00e8 ottenere miglioramenti sia funzionali che estetici che migliorino la tua qualit\u00e0 di vita complessiva. Fissa un appuntamento oggi stesso Se sei pronto a trasformare il tuo sorriso con la chirurgia della doppia mascella, contatta la clinica SURGYTEAM per fissare un appuntamento. Il nostro team di esperti \u00e8 qui per guidarti in ogni fase del processo, dalla comprensione della procedura alla fornitura di cure post-operatorie eccezionali. Scopri i vantaggi trasformativi della chirurgia della doppia mascella e abbraccia una mascella pi\u00f9 armoniosa e funzionale. COSA PUOI ASPETTARTI Fai clic sui link per scoprire di pi\u00f9 sulla procedura chirurgica scelta, comprese informazioni sulla degenza ospedaliera e sui tempi di recupero. Contattaci Mommy Makeover Liposuzione a 360\u00b0 Liposuzione ad alta definizione Ragade addominale Incisione addominale Blefaroplastica superiore Blefaroplastica inferiore Occhio di gatto Occhio di volpe Occhio a mandorla Lifting temporale Chirurgia della doppia mascella Chirurgia ortognatica Humberger Toggle Menu<\/p>","protected":false},"author":1,"featured_media":0,"parent":0,"menu_order":0,"comment_status":"closed","ping_status":"closed","template":"elementor_header_footer","meta":{"content-type":"","_daextam_enable_autolinks":"","site-sidebar-layout":"default","site-content-layout":"","ast-site-content-layout":"default","site-content-style":"default","site-sidebar-style":"default","ast-global-header-display":"","ast-banner-title-visibility":"","ast-main-header-display":"","ast-hfb-above-header-display":"","ast-hfb-below-header-display":"","ast-hfb-mobile-header-display":"","site-post-title":"","ast-breadcrumbs-content":"","ast-featured-img":"","footer-sml-layout":"","ast-disable-related-posts":"","theme-transparent-header-meta":"","adv-header-id-meta":"","stick-header-meta":"","header-above-stick-meta":"","header-main-stick-meta":"","header-below-stick-meta":"","astra-migrate-meta-layouts":"default","ast-page-background-enabled":"default","ast-page-background-meta":{"desktop":{"background-color":"var(--ast-global-color-4)","background-image":"","background-repeat":"repeat","background-position":"center center","background-size":"auto","background-attachment":"scroll","background-type":"","background-media":"","overlay-type":"","overlay-color":"","overlay-opacity":"","overlay-gradient":""},"tablet":{"background-color":"","background-image":"","background-repeat":"repeat","background-position":"center center","background-size":"auto","background-attachment":"scroll","background-type":"","background-media":"","overlay-type":"","overlay-color":"","overlay-opacity":"","overlay-gradient":""},"mobile":{"background-color":"","background-image":"","background-repeat":"repeat","background-position":"center center","background-size":"auto","background-attachment":"scroll","background-type":"","background-media":"","overlay-type":"","overlay-color":"","overlay-opacity":"","overlay-gradient":""}},"ast-content-background-meta":{"desktop":{"background-color":"var(--ast-global-color-5)","background-image":"","background-repeat":"repeat","background-position":"center center","background-size":"auto","background-attachment":"scroll","background-type":"","background-media":"","overlay-type":"","overlay-color":"","overlay-opacity":"","overlay-gradient":""},"tablet":{"background-color":"var(--ast-global-color-5)","background-image":"","background-repeat":"repeat","background-position":"center center","background-size":"auto","background-attachment":"scroll","background-type":"","background-media":"","overlay-type":"","overlay-color":"","overlay-opacity":"","overlay-gradient":""},"mobile":{"background-color":"var(--ast-global-color-5)","background-image":"","background-repeat":"repeat","background-position":"center center","background-size":"auto","background-attachment":"scroll","background-type":"","background-media":"","overlay-type":"","overlay-color":"","overlay-opacity":"","overlay-gradient":""}},"footnotes":""},"class_list":["post-360","page","type-page","status-publish","hentry"],"_links":{"self":[{"href":"https:\/\/surgyteam.com\/it\/wp-json\/wp\/v2\/pages\/360","targetHints":{"allow":["GET"]}}],"collection":[{"href":"https:\/\/surgyteam.com\/it\/wp-json\/wp\/v2\/pages"}],"about":[{"href":"https:\/\/surgyteam.com\/it\/wp-json\/wp\/v2\/types\/page"}],"author":[{"embeddable":true,"href":"https:\/\/surgyteam.com\/it\/wp-json\/wp\/v2\/users\/1"}],"replies":[{"embeddable":true,"href":"https:\/\/surgyteam.com\/it\/wp-json\/wp\/v2\/comments?post=360"}],"version-history":[{"count":0,"href":"https:\/\/surgyteam.com\/it\/wp-json\/wp\/v2\/pages\/360\/revisions"}],"wp:attachment":[{"href":"https:\/\/surgyteam.com\/it\/wp-json\/wp\/v2\/media?parent=360"}],"curies":[{"name":"wp","href":"https:\/\/api.w.org\/{rel}","templated":true}]}}