{"id":378,"date":"2024-07-20T12:42:43","date_gmt":"2024-07-20T12:42:43","guid":{"rendered":"https:\/\/surgyteam.com\/?page_id=378"},"modified":"2024-08-26T10:51:46","modified_gmt":"2024-08-26T10:51:46","slug":"blefaroplastica","status":"publish","type":"page","link":"https:\/\/surgyteam.com\/it\/blepharoplasty\/","title":{"rendered":"Blefaroplastica"},"content":{"rendered":"<div data-elementor-type=\"wp-page\" data-elementor-id=\"378\" class=\"elementor elementor-378\">\n\t\t\t\t<div class=\"elementor-element elementor-element-09cf3b8 e-flex e-con-boxed wpr-particle-no wpr-jarallax-no wpr-parallax-no wpr-sticky-section-no wpr-equal-height-no e-con e-parent\" data-id=\"09cf3b8\" data-element_type=\"container\" data-e-type=\"container\" data-settings=\"{&quot;background_background&quot;:&quot;classic&quot;}\">\n\t\t\t\t\t<div class=\"e-con-inner\">\n\t\t\t\t<div class=\"elementor-element elementor-element-6eaee70 elementor-widget elementor-widget-wpr-post-title\" data-id=\"6eaee70\" data-element_type=\"widget\" data-e-type=\"widget\" data-widget_type=\"wpr-post-title.default\">\n\t\t\t\t<div class=\"elementor-widget-container\">\n\t\t\t\t\t<h1 class=\"wpr-post-title\">Blefaroplastica<\/h1>\t\t\t\t<\/div>\n\t\t\t\t<\/div>\n\t\t\t\t\t<\/div>\n\t\t\t\t<\/div>\n\t\t<div class=\"elementor-element elementor-element-6ecccb3 e-flex e-con-boxed wpr-particle-no wpr-jarallax-no wpr-parallax-no wpr-sticky-section-no wpr-equal-height-no e-con e-parent\" data-id=\"6ecccb3\" data-element_type=\"container\" data-e-type=\"container\">\n\t\t\t\t\t<div class=\"e-con-inner\">\n\t\t<div class=\"elementor-element elementor-element-bd5f2bf e-con-full e-flex wpr-particle-no wpr-jarallax-no wpr-parallax-no wpr-sticky-section-no wpr-equal-height-no e-con e-child\" data-id=\"bd5f2bf\" data-element_type=\"container\" data-e-type=\"container\">\n\t\t\t\t<div class=\"elementor-element elementor-element-eaf4193 elementor-widget elementor-widget-image\" data-id=\"eaf4193\" data-element_type=\"widget\" data-e-type=\"widget\" data-widget_type=\"image.default\">\n\t\t\t\t<div class=\"elementor-widget-container\">\n\t\t\t\t\t\t\t\t\t\t\t\t\t\t\t<img fetchpriority=\"high\" decoding=\"async\" width=\"1024\" height=\"742\" src=\"https:\/\/surgyteam.com\/wp-content\/uploads\/2024\/07\/Blepharoplasty-1-1024x742.jpg\" class=\"attachment-large size-large wp-image-381\" alt=\"Blefaroplastica\" srcset=\"https:\/\/surgyteam.com\/wp-content\/uploads\/2024\/07\/Blepharoplasty-1-1024x742.jpg 1024w, https:\/\/surgyteam.com\/wp-content\/uploads\/2024\/07\/Blepharoplasty-1-300x217.jpg 300w, https:\/\/surgyteam.com\/wp-content\/uploads\/2024\/07\/Blepharoplasty-1-768x556.jpg 768w, https:\/\/surgyteam.com\/wp-content\/uploads\/2024\/07\/Blepharoplasty-1.jpg 1280w\" sizes=\"(max-width: 1024px) 100vw, 1024px\" \/>\t\t\t\t\t\t\t\t\t\t\t\t\t\t\t<\/div>\n\t\t\t\t<\/div>\n\t\t\t\t<div class=\"elementor-element elementor-element-c5acd1f elementor-widget elementor-widget-text-editor\" data-id=\"c5acd1f\" data-element_type=\"widget\" data-e-type=\"widget\" data-widget_type=\"text-editor.default\">\n\t\t\t\t<div class=\"elementor-widget-container\">\n\t\t\t\t\t\t\t\t\t<h2 class=\"western\"><span style=\"font-size: x-large;\"><b>Blefaroplastica presso la clinica SURGYTEAM<\/b><\/span><\/h2><p align=\"left\">Presso la clinica SURGYTEAM, ci impegniamo ad aiutarti a ottenere un aspetto fresco e giovanile attraverso le nostre procedure cosmetiche esperte. Uno dei nostri trattamenti pi\u00f9 popolari \u00e8 la blefaroplastica, nota anche come chirurgia delle palpebre. Questa procedura pu\u00f2 migliorare notevolmente l&#039;aspetto dei tuoi occhi, riducendo i segni dell&#039;invecchiamento e della stanchezza.<\/p><h3 class=\"western\"><a name=\"_oz7g64yx4p72\"><\/a> <span style=\"color: #000000;\"><span style=\"font-size: medium;\"><b>Che cos&#039;\u00e8 la blefaroplastica?<\/b><\/span><\/span><\/h3><p align=\"left\">La blefaroplastica \u00e8 una procedura chirurgica progettata per correggere le palpebre cadenti e rimuovere pelle, muscoli e grasso in eccesso. Questo intervento pu\u00f2 essere eseguito sulle palpebre superiori, inferiori o entrambe, a seconda delle esigenze del paziente. Il risultato \u00e8 un aspetto pi\u00f9 vigile, giovane e fresco.<\/p><h3 class=\"western\"><a name=\"_l2n8gz32itov\"><\/a> <span style=\"color: #000000;\"><span style=\"font-size: medium;\"><b>Vantaggi della blefaroplastica<\/b><\/span><\/span><\/h3><p align=\"left\">I principali vantaggi della blefaroplastica includono:<\/p><ul><li><p align=\"left\"><b>Aspetto ringiovanito<\/b>:Rimuovendo la pelle e il grasso in eccesso, la blefaroplastica riduce l&#039;aspetto delle palpebre cadenti e delle borse sotto gli occhi.<\/p><\/li><li><p align=\"left\"><b>Visione migliorata<\/b>: Nei casi in cui le palpebre superiori cadenti ostacolano la vista, questo intervento pu\u00f2 migliorare significativamente la vista.<\/p><\/li><li><p align=\"left\"><b>Maggiore fiducia<\/b>:Un aspetto pi\u00f9 giovane e riposato pu\u00f2 aumentare l&#039;autostima e la sicurezza.<\/p><\/li><li><p align=\"left\"><b>Risultati duraturi<\/b>:Gli effetti della blefaroplastica possono durare molti anni, offrendo una soluzione duratura all&#039;invecchiamento degli occhi.<\/p><\/li><\/ul><h3 class=\"western\"><a name=\"_ibkrr2sel70c\"><\/a> <span style=\"color: #000000;\"><span style=\"font-size: medium;\"><b>La procedura di blefaroplastica<\/b><\/span><\/span><\/h3><p align=\"left\">Presso la clinica SURGYTEAM, i nostri abili chirurghi utilizzano le tecniche pi\u00f9 recenti per garantire i migliori risultati per i nostri pazienti. La blefaroplastica pu\u00f2 essere eseguita in regime ambulatoriale in anestesia locale con sedazione o in anestesia generale. La procedura prevede i seguenti passaggi:<\/p><ul><li><p align=\"left\"><b>Chirurgia della palpebra superiore<\/b>: Viene effettuata un&#039;incisione lungo la piega naturale della palpebra superiore per rimuovere o riposizionare la pelle, i muscoli e il grasso in eccesso.<\/p><\/li><li><p align=\"left\"><b>Chirurgia della palpebra inferiore<\/b>: Viene praticata un&#039;incisione appena sotto la linea delle ciglia inferiori o all&#039;interno della palpebra inferiore. Il grasso in eccesso viene rimosso o riposizionato e la pelle cadente viene rassodata.<\/p><\/li><\/ul><h3 class=\"western\"><a name=\"_japdnz8w9qdd\"><\/a> <span style=\"color: #000000;\"><span style=\"font-size: medium;\"><b>Recupero e post-trattamento<\/b><\/span><\/span><\/h3><p align=\"left\">Il recupero dalla blefaroplastica varia, ma la maggior parte dei pazienti presenta gonfiore e lividi per la prima o la seconda settimana. Il nostro team presso la clinica SURGYTEAM fornisce istruzioni dettagliate per la cura successiva per favorire un recupero senza intoppi. \u00c8 importante tenere la testa sollevata, usare impacchi freddi ed evitare attivit\u00e0 faticose durante il periodo di guarigione iniziale. La maggior parte dei pazienti pu\u00f2 tornare al lavoro e alle normali attivit\u00e0 entro 10-14 giorni.<\/p><h3 class=\"western\"><a name=\"_p7ff9hquilqg\"><\/a> <span style=\"color: #000000;\"><span style=\"font-size: medium;\"><b>Scegli la clinica SURGYTEAM per la tua blefaroplastica<\/b><\/span><\/span><\/h3><p align=\"left\">Presso la clinica SURGYTEAM, diamo priorit\u00e0 alla soddisfazione e alla sicurezza del paziente. I nostri chirurghi esperti e il personale medico dedicato lavorano a stretto contatto con ogni paziente per sviluppare un piano di trattamento personalizzato che soddisfi le sue esigenze e i suoi obiettivi unici. Ci impegniamo a utilizzare le tecnologie e le tecniche pi\u00f9 recenti per ottenere risultati dall&#039;aspetto naturale.<\/p><h3 class=\"western\"><a name=\"_xnu1h9b7o89d\"><\/a> <span style=\"color: #000000;\"><span style=\"font-size: medium;\"><b>Consulenza e pianificazione<\/b><\/span><\/span><\/h3><p align=\"left\">Il primo passo nel tuo percorso di lifting \u00e8 una consulenza completa con uno dei nostri chirurghi esperti presso la clinica SURGYTEAM. Durante questa consulenza, discuteremo delle tue preoccupazioni, della tua storia clinica e dei tuoi obiettivi estetici. Il nostro chirurgo valuter\u00e0 la struttura del tuo viso e le condizioni della tua pelle per determinare l&#039;approccio pi\u00f9 adatto al tuo intervento chirurgico.<\/p><h3 class=\"western\"><a name=\"_n842guejx0kt\"><\/a> <span style=\"color: #000000;\"><span style=\"font-size: medium;\"><b>Perch\u00e9 scegliere la blefaroplastica?<\/b><\/span><\/span><\/h3><p align=\"left\">Invecchiando, la pelle e i muscoli intorno agli occhi perdono elasticit\u00e0 e tono, causando palpebre cadenti, borse sotto gli occhi e rughe. Questi cambiamenti possono farti sembrare pi\u00f9 vecchio e stanco di quanto ti senti. La blefaroplastica pu\u00f2 ripristinare un aspetto giovanile ed energico, aiutandoti a sembrare giovane e vibrante come ti senti dentro.<\/p><h3 class=\"western\"><a name=\"_98933qt22vrd\"><\/a> <span style=\"color: #000000;\"><span style=\"font-size: medium;\"><b>Combinazione di procedure per risultati migliori<\/b><\/span><\/span><\/h3><p align=\"left\">Per risultati ancora pi\u00f9 spettacolari, molti pazienti scelgono di combinare il lifting delle sopracciglia con altre procedure facciali. Alla clinica SURGYTEAM offriamo una gamma di trattamenti complementari, tra cui blefaroplastica (chirurgia delle palpebre), lifting del viso e trattamenti di resurfacing cutaneo. Combinare le procedure pu\u00f2 fornire un ringiovanimento pi\u00f9 completo e un aspetto generale pi\u00f9 armonioso.<\/p><h3 class=\"western\"><a name=\"_l175vjt9px60\"><\/a> <span style=\"color: #000000;\"><span style=\"font-size: medium;\"><b>Conclusione<\/b><\/span><\/span><\/h3><p align=\"left\">Se stai pensando a un lifting delle sopracciglia per migliorare il tuo aspetto e aumentare la tua sicurezza, non cercare oltre la clinica SURGYTEAM. Il nostro team di chirurghi esperti \u00e8 impegnato a fornire la massima qualit\u00e0 di cure e a ottenere risultati eccezionali. Contattaci oggi stesso per programmare la tua consulenza e fare il primo passo verso un te pi\u00f9 giovane e fresco.<\/p>\t\t\t\t\t\t\t\t<\/div>\n\t\t\t\t<\/div>\n\t\t\t\t<\/div>\n\t\t<div class=\"elementor-element elementor-element-b373dbe e-con-full e-flex wpr-particle-no wpr-jarallax-no wpr-parallax-no wpr-sticky-section-no wpr-equal-height-no e-con e-child\" data-id=\"b373dbe\" data-element_type=\"container\" data-e-type=\"container\">\n\t\t\t\t<div class=\"elementor-element elementor-element-36389fc content-align-cta-default elementor-widget elementor-widget-eael-cta-box\" data-id=\"36389fc\" data-element_type=\"widget\" data-e-type=\"widget\" data-widget_type=\"eael-cta-box.default\">\n\t\t\t\t<div class=\"elementor-widget-container\">\n\t\t\t\t\t\t\t<div class=\"eael-call-to-action cta-basic bg-lite cta-preset-1\">\n        <h2 class=\"title eael-cta-heading\">COSA PUOI ASPETTARTI<\/h2><p>Clicca sui link per scoprire di pi\u00f9 sulla procedura chirurgica scelta, comprese le informazioni sul tuo ricovero ospedaliero e <a href=\"https:\/\/surgyteam.com\/it\/contattaci\/\" rel=\"sponsored\">tempo di recupero<\/a>.<\/p><a href=\"\/it\/contattaci\/\" class=\"cta-button cta-preset-1\">Contattaci<\/a>\t<\/div>\n\t\t\t\t\t\t\t\t<\/div>\n\t\t\t\t<\/div>\n\t\t\t\t<div class=\"elementor-element elementor-element-3b82df3 eael-hamburger--none eael-simple-menu-hamburger-align-right elementor-widget elementor-widget-eael-simple-menu\" data-id=\"3b82df3\" data-element_type=\"widget\" data-e-type=\"widget\" data-widget_type=\"eael-simple-menu.default\">\n\t\t\t\t<div class=\"elementor-widget-container\">\n\t\t\t\t\t            <div data-hamburger-icon=\"&lt;svg aria-hidden=&quot;true&quot; class=&quot;e-font-icon-svg e-fas-bars&quot; viewBox=&quot;0 0 448 512&quot; xmlns=&quot;http:\/\/www.w3.org\/2000\/svg&quot;&gt;&lt;path d=&quot;M16 132h416c8.837 0 16-7.163 16-16V76c0-8.837-7.163-16-16-16H16C7.163 60 0 67.163 0 76v40c0 8.837 7.163 16 16 16zm0 160h416c8.837 0 16-7.163 16-16v-40c0-8.837-7.163-16-16-16H16c-8.837 0-16 7.163-16 16v40c0 8.837 7.163 16 16 16zm0 160h416c8.837 0 16-7.163 16-16v-40c0-8.837-7.163-16-16-16H16c-8.837 0-16 7.163-16 16v40c0 8.837 7.163 16 16 16z&quot;&gt;&lt;\/path&gt;&lt;\/svg&gt;\" data-indicator-icon=\"&lt;svg aria-hidden=&quot;true&quot; class=&quot;e-font-icon-svg e-fas-angle-down&quot; viewBox=&quot;0 0 320 512&quot; xmlns=&quot;http:\/\/www.w3.org\/2000\/svg&quot;&gt;&lt;path d=&quot;M143 352.3L7 216.3c-9.4-9.4-9.4-24.6 0-33.9l22.6-22.6c9.4-9.4 24.6-9.4 33.9 0l96.4 96.4 96.4-96.4c9.4-9.4 24.6-9.4 33.9 0l22.6 22.6c9.4 9.4 9.4 24.6 0 33.9l-136 136c-9.2 9.4-24.4 9.4-33.8 0z&quot;&gt;&lt;\/path&gt;&lt;\/svg&gt;\" data-dropdown-indicator-icon=\"&lt;svg class=&quot;e-font-icon-svg e-fas-angle-down&quot; viewBox=&quot;0 0 320 512&quot; xmlns=&quot;http:\/\/www.w3.org\/2000\/svg&quot;&gt;&lt;path d=&quot;M143 352.3L7 216.3c-9.4-9.4-9.4-24.6 0-33.9l22.6-22.6c9.4-9.4 24.6-9.4 33.9 0l96.4 96.4 96.4-96.4c9.4-9.4 24.6-9.4 33.9 0l22.6 22.6c9.4 9.4 9.4 24.6 0 33.9l-136 136c-9.2 9.4-24.4 9.4-33.8 0z&quot;&gt;&lt;\/path&gt;&lt;\/svg&gt;\" class=\"eael-simple-menu-container eael-simple-menu--loading eael-simple-menu-align-left eael-simple-menu-dropdown-align-left preset-2\" data-hamburger-breakpoints=\"{&quot;mobile&quot;:&quot;Mobile Portrait (&gt; 767px)&quot;,&quot;tablet&quot;:&quot;Tablet verticale (&gt; 1024px)&quot;,&quot;desktop&quot;:&quot;Desktop (&gt; 2400px)&quot;,&quot;none&quot;:&quot;None&quot;}\" data-hamburger-device=\"none\">\n                <ul id=\"menu-estetik-cerrahi-islemler\" class=\"eael-simple-menu eael-simple-menu-dropdown-animate-to-top eael-simple-menu-indicator eael-simple-menu-vertical\"><li id=\"menu-item-539\" class=\"menu-item menu-item-type-post_type menu-item-object-page menu-item-539\"><a href=\"https:\/\/surgyteam.com\/it\/brow-lift\/\" class=\"menu-link\">Lifting delle sopracciglia<\/a><\/li>\n<li id=\"menu-item-538\" class=\"menu-item menu-item-type-post_type menu-item-object-page menu-item-538\"><a href=\"https:\/\/surgyteam.com\/it\/blepharoplasty\/\" class=\"menu-link\">Blefaroplastica<\/a><\/li>\n<li id=\"menu-item-537\" class=\"menu-item menu-item-type-post_type menu-item-object-page menu-item-537\"><a href=\"https:\/\/surgyteam.com\/it\/rhinoplasty\/\" class=\"menu-link\">Rinoplastica<\/a><\/li>\n<li id=\"menu-item-541\" class=\"menu-item menu-item-type-post_type menu-item-object-page menu-item-541\"><a href=\"https:\/\/surgyteam.com\/it\/prominent-ear\/\" class=\"menu-link\">Orecchio prominente<\/a><\/li>\n<li id=\"menu-item-535\" class=\"menu-item menu-item-type-post_type menu-item-object-page menu-item-535\"><a href=\"https:\/\/surgyteam.com\/it\/bichectomy\/\" class=\"menu-link\">Bichectomia<\/a><\/li>\n<li id=\"menu-item-534\" class=\"menu-item menu-item-type-post_type menu-item-object-page menu-item-534\"><a href=\"https:\/\/surgyteam.com\/it\/lip-lift\/\" class=\"menu-link\">Lifting delle labbra<\/a><\/li>\n<li id=\"menu-item-533\" class=\"menu-item menu-item-type-post_type menu-item-object-page menu-item-533\"><a href=\"https:\/\/surgyteam.com\/it\/face-lift\/\" class=\"menu-link\">Lifting del viso<\/a><\/li>\n<li id=\"menu-item-532\" class=\"menu-item menu-item-type-post_type menu-item-object-page menu-item-532\"><a href=\"https:\/\/surgyteam.com\/it\/neck-lift\/\" class=\"menu-link\">Lifting del collo<\/a><\/li>\n<li id=\"menu-item-531\" class=\"menu-item menu-item-type-post_type menu-item-object-page menu-item-531\"><a href=\"https:\/\/surgyteam.com\/it\/arm-lift\/\" class=\"menu-link\">Lifting delle braccia<\/a><\/li>\n<li id=\"menu-item-530\" class=\"menu-item menu-item-type-post_type menu-item-object-page menu-item-530\"><a href=\"https:\/\/surgyteam.com\/it\/reduction-mammoplasty\/\" class=\"menu-link\">Mastoplastica riduttiva<\/a><\/li>\n<li id=\"menu-item-529\" class=\"menu-item menu-item-type-post_type menu-item-object-page menu-item-529\"><a href=\"https:\/\/surgyteam.com\/it\/augmentation-mammoplasty\/\" class=\"menu-link\">Mastoplastica additiva<\/a><\/li>\n<li id=\"menu-item-528\" class=\"menu-item menu-item-type-post_type menu-item-object-page menu-item-528\"><a href=\"https:\/\/surgyteam.com\/it\/augmentation-mastopexy\/\" class=\"menu-link\">Mastopessi additiva<\/a><\/li>\n<li id=\"menu-item-556\" class=\"menu-item menu-item-type-post_type menu-item-object-page menu-item-556\"><a href=\"https:\/\/surgyteam.com\/it\/tummy-tuck\/\" class=\"menu-link\">Addominoplastica<\/a><\/li>\n<li id=\"menu-item-527\" class=\"menu-item menu-item-type-post_type menu-item-object-page menu-item-527\"><a href=\"https:\/\/surgyteam.com\/it\/back-lift\/\" class=\"menu-link\">Sollevamento della schiena<\/a><\/li>\n<li id=\"menu-item-526\" class=\"menu-item menu-item-type-post_type menu-item-object-page menu-item-526\"><a href=\"https:\/\/surgyteam.com\/it\/brasilian-butt-lift\/\" class=\"menu-link\">Lifting dei glutei brasiliano<\/a><\/li>\n<li id=\"menu-item-540\" class=\"menu-item menu-item-type-post_type menu-item-object-page menu-item-540\"><a href=\"https:\/\/surgyteam.com\/it\/360-liposuction\/\" class=\"menu-link\">Lifting delle cosce<\/a><\/li>\n<\/ul>                <button class=\"eael-simple-menu-toggle\">\n                    <span class=\"sr-only\">Menu a discesa dell&#039;hamburger<\/span>\n                    <svg aria-hidden=\"true\" class=\"e-font-icon-svg e-fas-bars\" viewbox=\"0 0 448 512\" xmlns=\"http:\/\/www.w3.org\/2000\/svg\"><path d=\"M16 132h416c8.837 0 16-7.163 16-16V76c0-8.837-7.163-16-16-16H16C7.163 60 0 67.163 0 76v40c0 8.837 7.163 16 16 16zm0 160h416c8.837 0 16-7.163 16-16v-40c0-8.837-7.163-16-16-16H16c-8.837 0-16 7.163-16 16v40c0 8.837 7.163 16 16 16zm0 160h416c8.837 0 16-7.163 16-16v-40c0-8.837-7.163-16-16-16H16c-8.837 0-16 7.163-16 16v40c0 8.837 7.163 16 16 16z\"><\/path><\/svg>                <\/button>\n            <\/div>\n            \t\t\t\t<\/div>\n\t\t\t\t<\/div>\n\t\t\t\t<\/div>\n\t\t\t\t\t<\/div>\n\t\t\t\t<\/div>\n\t\t\t\t<\/div>","protected":false},"excerpt":{"rendered":"<p>Blefaroplastica Blefaroplastica presso la clinica SURGYTEAM Presso la clinica SURGYTEAM, ci impegniamo ad aiutarti a ottenere un aspetto fresco e giovanile attraverso le nostre procedure cosmetiche esperte. Uno dei nostri trattamenti pi\u00f9 popolari \u00e8 la blefaroplastica, nota anche come chirurgia delle palpebre. Questa procedura pu\u00f2 migliorare notevolmente l&#039;aspetto dei tuoi occhi, riducendo i segni dell&#039;invecchiamento e della stanchezza. Cos&#039;\u00e8 la blefaroplastica? La blefaroplastica \u00e8 una procedura chirurgica progettata per correggere le palpebre cadenti e rimuovere l&#039;eccesso di pelle, muscoli e grasso. Questo intervento pu\u00f2 essere eseguito sulle palpebre superiori, inferiori o entrambe, a seconda delle esigenze del paziente. Il risultato \u00e8 un aspetto pi\u00f9 vigile, giovane e fresco. Vantaggi della blefaroplastica I principali vantaggi della blefaroplastica includono: Aspetto ringiovanito: rimuovendo l&#039;eccesso di pelle e grasso, la blefaroplastica riduce l&#039;aspetto delle palpebre cadenti e delle borse sotto gli occhi. Vista migliorata: nei casi in cui le palpebre superiori cadenti ostruiscono la vista, questo intervento pu\u00f2 migliorare significativamente la vista. Maggiore sicurezza: un aspetto pi\u00f9 giovane e riposato pu\u00f2 aumentare l&#039;autostima e la sicurezza. Risultati duraturi: gli effetti della blefaroplastica possono durare per molti anni, fornendo una soluzione duratura agli occhi che invecchiano. La procedura di blefaroplastica Presso la clinica SURGYTEAM, i nostri chirurghi qualificati utilizzano le tecniche pi\u00f9 recenti per garantire i migliori risultati per i nostri pazienti. La blefaroplastica pu\u00f2 essere eseguita in regime ambulatoriale in anestesia locale con sedazione o in anestesia generale. La procedura prevede i seguenti passaggi: Chirurgia della palpebra superiore: viene eseguita un&#039;incisione lungo la piega naturale della palpebra superiore per rimuovere o riposizionare la pelle, i muscoli e il grasso in eccesso. Chirurgia della palpebra inferiore: viene eseguita un&#039;incisione appena sotto la linea delle ciglia inferiori o all&#039;interno della palpebra inferiore. Il grasso in eccesso viene rimosso o riposizionato e la pelle cadente viene rassodata. Recupero e cure successive Il recupero dalla blefaroplastica varia, ma la maggior parte dei pazienti sperimenta gonfiore e lividi per la prima o la seconda settimana. Il nostro team presso la clinica SURGYTEAM fornisce istruzioni dettagliate per la cura successiva per promuovere una guarigione senza intoppi. \u00c8 importante tenere la testa sollevata, usare impacchi freddi ed evitare attivit\u00e0 faticose durante il periodo di guarigione iniziale. La maggior parte dei pazienti pu\u00f2 tornare al lavoro e alle normali attivit\u00e0 entro 10-14 giorni. Scegliere la clinica SURGYTEAM per la tua blefaroplastica Alla clinica SURGYTEAM, diamo priorit\u00e0 alla soddisfazione e alla sicurezza del paziente. I nostri chirurghi esperti e il personale medico dedicato lavorano a stretto contatto con ogni paziente per sviluppare un piano di trattamento personalizzato che soddisfi le sue esigenze e i suoi obiettivi unici. Ci impegniamo a utilizzare le ultime tecnologie e tecniche per ottenere risultati dall&#039;aspetto naturale. Consulenza e pianificazione Il primo passo nel tuo percorso di blefaroplastica \u00e8 una consulenza completa con uno dei nostri chirurghi esperti presso la clinica SURGYTEAM. Durante questa consulenza, discuteremo delle tue preoccupazioni, della tua storia medica e dei tuoi obiettivi estetici. Il nostro chirurgo valuter\u00e0 la struttura della tua palpebra e le condizioni della pelle per determinare l&#039;approccio pi\u00f9 adatto al tuo intervento chirurgico. Perch\u00e9 scegliere la blefaroplastica? Invecchiando, la pelle e i muscoli intorno agli occhi perdono elasticit\u00e0 e tono, causando palpebre cadenti, borse sotto gli occhi e rughe. Questi cambiamenti possono farti sembrare pi\u00f9 vecchio e stanco di quanto ti senti. La blefaroplastica pu\u00f2 ripristinare un aspetto giovanile ed energico, aiutandoti a sembrare giovane e vibrante come ti senti dentro. Combinare le procedure per risultati migliori Per risultati ancora pi\u00f9 spettacolari, molti pazienti scelgono di combinare la loro blefaroplastica con altre procedure facciali. Alla clinica SURGYTEAM, offriamo una gamma di trattamenti complementari, tra cui lifting delle sopracciglia, lifting del viso e trattamenti di resurfacing della pelle. Combinare le procedure pu\u00f2 fornire un ringiovanimento pi\u00f9 completo e un aspetto generale pi\u00f9 armonioso. Conclusione Se stai prendendo in considerazione la blefaroplastica per migliorare il tuo aspetto e aumentare la tua sicurezza, non cercare oltre la clinica SURGYTEAM. Il nostro team di chirurghi esperti \u00e8 impegnato a fornire la massima qualit\u00e0 di assistenza e a ottenere risultati eccezionali. Contattaci oggi per programmare la tua consulenza e fare il primo passo verso un te pi\u00f9 giovane e fresco. COSA PUOI ASPETTARTI Fai clic sui link per scoprire di pi\u00f9 sulla procedura chirurgica scelta, comprese informazioni sulla degenza ospedaliera e sui tempi di recupero. Contattaci Lifting delle sopracciglia Blefaroplastica Rinoplastica Orecchio sporgente Bichectomia Lifting delle labbra Lifting del viso Lifting del collo Lifting delle braccia Riduzione Mastoplastica additiva Mastoplastica additiva Mastopessi Addominoplastica Lifting della schiena Lifting brasiliano dei glutei Lifting delle cosce Humberger Toggle Menu<\/p>","protected":false},"author":1,"featured_media":0,"parent":0,"menu_order":0,"comment_status":"closed","ping_status":"closed","template":"elementor_header_footer","meta":{"content-type":"","_daextam_enable_autolinks":"","site-sidebar-layout":"default","site-content-layout":"","ast-site-content-layout":"default","site-content-style":"default","site-sidebar-style":"default","ast-global-header-display":"","ast-banner-title-visibility":"","ast-main-header-display":"","ast-hfb-above-header-display":"","ast-hfb-below-header-display":"","ast-hfb-mobile-header-display":"","site-post-title":"","ast-breadcrumbs-content":"","ast-featured-img":"","footer-sml-layout":"","ast-disable-related-posts":"","theme-transparent-header-meta":"","adv-header-id-meta":"","stick-header-meta":"","header-above-stick-meta":"","header-main-stick-meta":"","header-below-stick-meta":"","astra-migrate-meta-layouts":"default","ast-page-background-enabled":"default","ast-page-background-meta":{"desktop":{"background-color":"var(--ast-global-color-4)","background-image":"","background-repeat":"repeat","background-position":"center center","background-size":"auto","background-attachment":"scroll","background-type":"","background-media":"","overlay-type":"","overlay-color":"","overlay-opacity":"","overlay-gradient":""},"tablet":{"background-color":"","background-image":"","background-repeat":"repeat","background-position":"center center","background-size":"auto","background-attachment":"scroll","background-type":"","background-media":"","overlay-type":"","overlay-color":"","overlay-opacity":"","overlay-gradient":""},"mobile":{"background-color":"","background-image":"","background-repeat":"repeat","background-position":"center center","background-size":"auto","background-attachment":"scroll","background-type":"","background-media":"","overlay-type":"","overlay-color":"","overlay-opacity":"","overlay-gradient":""}},"ast-content-background-meta":{"desktop":{"background-color":"var(--ast-global-color-5)","background-image":"","background-repeat":"repeat","background-position":"center center","background-size":"auto","background-attachment":"scroll","background-type":"","background-media":"","overlay-type":"","overlay-color":"","overlay-opacity":"","overlay-gradient":""},"tablet":{"background-color":"var(--ast-global-color-5)","background-image":"","background-repeat":"repeat","background-position":"center center","background-size":"auto","background-attachment":"scroll","background-type":"","background-media":"","overlay-type":"","overlay-color":"","overlay-opacity":"","overlay-gradient":""},"mobile":{"background-color":"var(--ast-global-color-5)","background-image":"","background-repeat":"repeat","background-position":"center center","background-size":"auto","background-attachment":"scroll","background-type":"","background-media":"","overlay-type":"","overlay-color":"","overlay-opacity":"","overlay-gradient":""}},"footnotes":""},"class_list":["post-378","page","type-page","status-publish","hentry"],"_links":{"self":[{"href":"https:\/\/surgyteam.com\/it\/wp-json\/wp\/v2\/pages\/378","targetHints":{"allow":["GET"]}}],"collection":[{"href":"https:\/\/surgyteam.com\/it\/wp-json\/wp\/v2\/pages"}],"about":[{"href":"https:\/\/surgyteam.com\/it\/wp-json\/wp\/v2\/types\/page"}],"author":[{"embeddable":true,"href":"https:\/\/surgyteam.com\/it\/wp-json\/wp\/v2\/users\/1"}],"replies":[{"embeddable":true,"href":"https:\/\/surgyteam.com\/it\/wp-json\/wp\/v2\/comments?post=378"}],"version-history":[{"count":0,"href":"https:\/\/surgyteam.com\/it\/wp-json\/wp\/v2\/pages\/378\/revisions"}],"wp:attachment":[{"href":"https:\/\/surgyteam.com\/it\/wp-json\/wp\/v2\/media?parent=378"}],"curies":[{"name":"wp","href":"https:\/\/api.w.org\/{rel}","templated":true}]}}