{"id":401,"date":"2024-07-20T13:00:50","date_gmt":"2024-07-20T13:00:50","guid":{"rendered":"https:\/\/surgyteam.com\/?page_id=401"},"modified":"2024-08-26T10:52:14","modified_gmt":"2024-08-26T10:52:14","slug":"orecchio-prominente","status":"publish","type":"page","link":"https:\/\/surgyteam.com\/it\/prominent-ear\/","title":{"rendered":"Orecchio prominente"},"content":{"rendered":"<div data-elementor-type=\"wp-page\" data-elementor-id=\"401\" class=\"elementor elementor-401\">\n\t\t\t\t<div class=\"elementor-element elementor-element-09cf3b8 e-flex e-con-boxed wpr-particle-no wpr-jarallax-no wpr-parallax-no wpr-sticky-section-no wpr-equal-height-no e-con e-parent\" data-id=\"09cf3b8\" data-element_type=\"container\" data-e-type=\"container\" data-settings=\"{&quot;background_background&quot;:&quot;classic&quot;}\">\n\t\t\t\t\t<div class=\"e-con-inner\">\n\t\t\t\t<div class=\"elementor-element elementor-element-6eaee70 elementor-widget elementor-widget-wpr-post-title\" data-id=\"6eaee70\" data-element_type=\"widget\" data-e-type=\"widget\" data-widget_type=\"wpr-post-title.default\">\n\t\t\t\t<div class=\"elementor-widget-container\">\n\t\t\t\t\t<h1 class=\"wpr-post-title\">Orecchio prominente<\/h1>\t\t\t\t<\/div>\n\t\t\t\t<\/div>\n\t\t\t\t\t<\/div>\n\t\t\t\t<\/div>\n\t\t<div class=\"elementor-element elementor-element-6ecccb3 e-flex e-con-boxed wpr-particle-no wpr-jarallax-no wpr-parallax-no wpr-sticky-section-no wpr-equal-height-no e-con e-parent\" data-id=\"6ecccb3\" data-element_type=\"container\" data-e-type=\"container\">\n\t\t\t\t\t<div class=\"e-con-inner\">\n\t\t<div class=\"elementor-element elementor-element-bd5f2bf e-con-full e-flex wpr-particle-no wpr-jarallax-no wpr-parallax-no wpr-sticky-section-no wpr-equal-height-no e-con e-child\" data-id=\"bd5f2bf\" data-element_type=\"container\" data-e-type=\"container\">\n\t\t\t\t<div class=\"elementor-element elementor-element-f3e2bc6 elementor-widget elementor-widget-image\" data-id=\"f3e2bc6\" data-element_type=\"widget\" data-e-type=\"widget\" data-widget_type=\"image.default\">\n\t\t\t\t<div class=\"elementor-widget-container\">\n\t\t\t\t\t\t\t\t\t\t\t\t\t\t\t<img fetchpriority=\"high\" decoding=\"async\" width=\"1024\" height=\"640\" src=\"https:\/\/surgyteam.com\/wp-content\/uploads\/2024\/07\/Prominent-ear-1024x640.webp\" class=\"attachment-large size-large wp-image-406\" alt=\"Orecchio prominente\" srcset=\"https:\/\/surgyteam.com\/wp-content\/uploads\/2024\/07\/Prominent-ear-1024x640.webp 1024w, https:\/\/surgyteam.com\/wp-content\/uploads\/2024\/07\/Prominent-ear-300x188.webp 300w, https:\/\/surgyteam.com\/wp-content\/uploads\/2024\/07\/Prominent-ear-768x480.webp 768w, https:\/\/surgyteam.com\/wp-content\/uploads\/2024\/07\/Prominent-ear.webp 1225w\" sizes=\"(max-width: 1024px) 100vw, 1024px\" \/>\t\t\t\t\t\t\t\t\t\t\t\t\t\t\t<\/div>\n\t\t\t\t<\/div>\n\t\t\t\t<div class=\"elementor-element elementor-element-c5acd1f elementor-widget elementor-widget-text-editor\" data-id=\"c5acd1f\" data-element_type=\"widget\" data-e-type=\"widget\" data-widget_type=\"text-editor.default\">\n\t\t\t\t<div class=\"elementor-widget-container\">\n\t\t\t\t\t\t\t\t\t<h2 class=\"western\"><span style=\"font-size: x-large;\"><b>Correzione dell&#039;orecchio prominente presso la clinica SURGYTEAM<\/b><\/span><\/h2><p align=\"left\">Alla clinica SURGYTEAM, comprendiamo l&#039;impatto che le orecchie a sventola possono avere sull&#039;autostima e la sicurezza di un individuo. La nostra procedura di correzione delle orecchie a sventola, nota anche come otoplastica, pu\u00f2 aiutarti a ottenere un aspetto facciale pi\u00f9 equilibrato e armonioso, consentendoti di sentirti pi\u00f9 sicuro del tuo aspetto.<\/p><h3 class=\"western\"><a name=\"_dlx41wse9dio\"><\/a> <span style=\"color: #000000;\"><span style=\"font-size: medium;\"><b>Che cosa si intende per correzione delle orecchie a sventola?<\/b><\/span><\/span><\/h3><p align=\"left\">La correzione delle orecchie sporgenti, o otoplastica, \u00e8 una procedura chirurgica progettata per rimodellare e riposizionare le orecchie pi\u00f9 vicine alla testa. Questa procedura affronta problemi come orecchie eccessivamente grandi o sporgenti, fornendo un aspetto pi\u00f9 naturale ed esteticamente gradevole.<\/p><h3 class=\"western\"><a name=\"_v9bg38khf7kh\"><\/a> <span style=\"color: #000000;\"><span style=\"font-size: medium;\"><b>Vantaggi della correzione dell&#039;orecchio prominente<\/b><\/span><\/span><\/h3><p align=\"left\">I principali benefici dell&#039;otoplastica includono:<\/p><ul><li><p align=\"left\"><b>Aspetto migliorato<\/b>:Riposizionando le orecchie, l&#039;otoplastica conferisce al viso un aspetto pi\u00f9 equilibrato e proporzionato.<\/p><\/li><li><p align=\"left\"><b>Maggiore fiducia<\/b>: Correggere le orecchie a sventola pu\u00f2 migliorare significativamente l&#039;autostima e la sicurezza, soprattutto nei bambini e negli adolescenti.<\/p><\/li><li><p align=\"left\"><b>Risultati dall&#039;aspetto naturale<\/b>:L&#039;otoplastica apporta lievi miglioramenti che valorizzano l&#039;aspetto generale senza risultare artificiale.<\/p><\/li><li><p align=\"left\"><b>Soluzione permanente<\/b>:I risultati dell&#039;otoplastica sono duraturi e migliorano in modo permanente l&#039;aspetto delle orecchie.<\/p><\/li><\/ul><h3 class=\"western\"><a name=\"_h9pquflsfgkc\"><\/a> <span style=\"color: #000000;\"><span style=\"font-size: medium;\"><b>La procedura di otoplastica<\/b><\/span><\/span><\/h3><p align=\"left\">Presso la clinica SURGYTEAM, i nostri abili chirurghi utilizzano tecniche avanzate per ottenere i migliori risultati possibili. La mastoplastica riduttiva pu\u00f2 essere eseguita in anestesia locale con sedazione o in anestesia generale. La procedura prevede i seguenti passaggi:<\/p><ul><li><p align=\"left\"><b>Incisioni<\/b>: Le incisioni vengono solitamente eseguite dietro le orecchie, nelle pieghe naturali, per ridurre al minimo le cicatrici visibili.<\/p><\/li><li><p align=\"left\"><b>Rimodellamento della cartilagine<\/b>: La cartilagine viene rimodellata e riposizionata pi\u00f9 vicino alla testa e la pelle in eccesso pu\u00f2 essere rimossa per ottenere il contorno desiderato.<\/p><\/li><li><p align=\"left\"><b>Suturazione<\/b>: Le incisioni vengono chiuse con suture e le orecchie vengono bendate per proteggere il sito chirurgico durante la guarigione iniziale.<\/p><\/li><\/ul><h3 class=\"western\"><a name=\"_n2bz0cohcq1x\"><\/a> <span style=\"color: #000000;\"><span style=\"font-size: medium;\"><b>Recupero e post-trattamento<\/b><\/span><\/span><\/h3><p align=\"left\">Il recupero dall&#039;otoplastica varia, ma la maggior parte dei pazienti avverte gonfiore e fastidio nei primi giorni. Il nostro team presso la clinica SURGYTEAM fornisce istruzioni dettagliate per la cura postoperatoria per garantire un recupero senza intoppi. \u00c8 importante tenere la testa sollevata, evitare attivit\u00e0 faticose e seguire le nostre linee guida per la cura del sito chirurgico. La maggior parte dei pazienti pu\u00f2 tornare al lavoro e alle normali attivit\u00e0 entro una settimana, anche se il recupero completo e i risultati finali possono richiedere diversi mesi.<\/p><h3 class=\"western\"><a name=\"_s3q3l3vl3m7s\"><\/a> <span style=\"color: #000000;\"><span style=\"font-size: medium;\"><b>Scegli la clinica SURGYTEAM per la tua otoplastica<\/b><\/span><\/span><\/h3><p align=\"left\">Presso la clinica SURGYTEAM, diamo priorit\u00e0 alla soddisfazione e alla sicurezza del paziente. I nostri chirurghi esperti e il personale medico dedicato lavorano a stretto contatto con ogni paziente per sviluppare un piano di trattamento personalizzato che soddisfi le sue esigenze e i suoi obiettivi unici. Ci impegniamo a utilizzare le tecnologie e le tecniche pi\u00f9 recenti per ottenere risultati dall&#039;aspetto naturale.<\/p><h3 class=\"western\"><a name=\"_4powvnq2qpqw\"><\/a> <span style=\"color: #000000;\"><span style=\"font-size: medium;\"><b>Consulenza e pianificazione<\/b><\/span><\/span><\/h3><p align=\"left\">Il primo passo nel tuo percorso di lifting delle labbra \u00e8 una consulenza completa con uno dei nostri chirurghi esperti presso la clinica SURGYTEAM. Durante questa consulenza, discuteremo delle tue preoccupazioni, della tua storia clinica e dei tuoi obiettivi estetici. Il nostro chirurgo valuter\u00e0 la struttura delle tue labbra e le proporzioni del viso per determinare l&#039;approccio pi\u00f9 adatto al tuo intervento chirurgico.<\/p><h3 class=\"western\"><a name=\"_m28scen0lfz\"><\/a> <span style=\"color: #000000;\"><span style=\"font-size: medium;\"><b>Perch\u00e9 scegliere l&#039;otoplastica?<\/b><\/span><\/span><\/h3><p align=\"left\">Molti individui, in particolare bambini e adolescenti, sperimentano imbarazzo e ansia sociale a causa delle orecchie prominenti o sporgenti. L&#039;otoplastica pu\u00f2 dare una spinta significativa alla sicurezza creando un aspetto facciale pi\u00f9 equilibrato e armonioso. Che tu stia cercando una correzione per te stesso o per tuo figlio, l&#039;otoplastica pu\u00f2 offrire una soluzione permanente ed efficace.<\/p><h3 class=\"western\"><a name=\"_6efkcuqivtj0\"><\/a> <span style=\"color: #000000;\"><span style=\"font-size: medium;\"><b>Combinazione di procedure per risultati migliori<\/b><\/span><\/span><\/h3><p align=\"left\">Per risultati ancora pi\u00f9 spettacolari, molti pazienti scelgono di abbinare il lifting delle labbra ad altre procedure facciali. Alla clinica SURGYTEAM offriamo una gamma di trattamenti complementari, tra cui rinoplastica, lifting e trattamenti di resurfacing cutaneo. L&#039;associazione di procedure pu\u00f2 fornire un ringiovanimento pi\u00f9 completo e un aspetto generale pi\u00f9 armonioso.<\/p><h3 class=\"western\"><a name=\"_wa7o5ejrfsdx\"><\/a> <span style=\"color: #000000;\"><span style=\"font-size: medium;\"><b>Conclusione<\/b><\/span><\/span><\/h3><p align=\"left\">Se stai pensando alla mastoplastica riduttiva per migliorare il tuo aspetto e aumentare la tua sicurezza, non cercare oltre la clinica SURGYTEAM. Il nostro team di chirurghi esperti \u00e8 impegnato a fornire la massima qualit\u00e0 di cure e a ottenere risultati eccezionali. Contattaci oggi stesso per programmare la tua consulenza e fare il primo passo verso un te pi\u00f9 equilibrato e confortevole.<\/p>\t\t\t\t\t\t\t\t<\/div>\n\t\t\t\t<\/div>\n\t\t\t\t<\/div>\n\t\t<div class=\"elementor-element elementor-element-b373dbe e-con-full e-flex wpr-particle-no wpr-jarallax-no wpr-parallax-no wpr-sticky-section-no wpr-equal-height-no e-con e-child\" data-id=\"b373dbe\" data-element_type=\"container\" data-e-type=\"container\">\n\t\t\t\t<div class=\"elementor-element elementor-element-36389fc content-align-cta-default elementor-widget elementor-widget-eael-cta-box\" data-id=\"36389fc\" data-element_type=\"widget\" data-e-type=\"widget\" data-widget_type=\"eael-cta-box.default\">\n\t\t\t\t<div class=\"elementor-widget-container\">\n\t\t\t\t\t\t\t<div class=\"eael-call-to-action cta-basic bg-lite cta-preset-1\">\n        <h2 class=\"title eael-cta-heading\">COSA PUOI ASPETTARTI<\/h2><p>Clicca sui link per scoprire di pi\u00f9 sulla procedura chirurgica scelta, comprese le informazioni sul tuo ricovero ospedaliero e <a href=\"https:\/\/surgyteam.com\/it\/contattaci\/\" rel=\"sponsored\">tempo di recupero<\/a>.<\/p><a href=\"\/it\/contattaci\/\" class=\"cta-button cta-preset-1\">Contattaci<\/a>\t<\/div>\n\t\t\t\t\t\t\t\t<\/div>\n\t\t\t\t<\/div>\n\t\t\t\t<div class=\"elementor-element elementor-element-2356532 eael-hamburger--none eael-simple-menu-hamburger-align-right elementor-widget elementor-widget-eael-simple-menu\" data-id=\"2356532\" data-element_type=\"widget\" data-e-type=\"widget\" data-widget_type=\"eael-simple-menu.default\">\n\t\t\t\t<div class=\"elementor-widget-container\">\n\t\t\t\t\t            <div data-hamburger-icon=\"&lt;svg aria-hidden=&quot;true&quot; class=&quot;e-font-icon-svg e-fas-bars&quot; viewBox=&quot;0 0 448 512&quot; xmlns=&quot;http:\/\/www.w3.org\/2000\/svg&quot;&gt;&lt;path d=&quot;M16 132h416c8.837 0 16-7.163 16-16V76c0-8.837-7.163-16-16-16H16C7.163 60 0 67.163 0 76v40c0 8.837 7.163 16 16 16zm0 160h416c8.837 0 16-7.163 16-16v-40c0-8.837-7.163-16-16-16H16c-8.837 0-16 7.163-16 16v40c0 8.837 7.163 16 16 16zm0 160h416c8.837 0 16-7.163 16-16v-40c0-8.837-7.163-16-16-16H16c-8.837 0-16 7.163-16 16v40c0 8.837 7.163 16 16 16z&quot;&gt;&lt;\/path&gt;&lt;\/svg&gt;\" data-indicator-icon=\"&lt;svg aria-hidden=&quot;true&quot; class=&quot;e-font-icon-svg e-fas-angle-down&quot; viewBox=&quot;0 0 320 512&quot; xmlns=&quot;http:\/\/www.w3.org\/2000\/svg&quot;&gt;&lt;path d=&quot;M143 352.3L7 216.3c-9.4-9.4-9.4-24.6 0-33.9l22.6-22.6c9.4-9.4 24.6-9.4 33.9 0l96.4 96.4 96.4-96.4c9.4-9.4 24.6-9.4 33.9 0l22.6 22.6c9.4 9.4 9.4 24.6 0 33.9l-136 136c-9.2 9.4-24.4 9.4-33.8 0z&quot;&gt;&lt;\/path&gt;&lt;\/svg&gt;\" data-dropdown-indicator-icon=\"&lt;svg class=&quot;e-font-icon-svg e-fas-angle-down&quot; viewBox=&quot;0 0 320 512&quot; xmlns=&quot;http:\/\/www.w3.org\/2000\/svg&quot;&gt;&lt;path d=&quot;M143 352.3L7 216.3c-9.4-9.4-9.4-24.6 0-33.9l22.6-22.6c9.4-9.4 24.6-9.4 33.9 0l96.4 96.4 96.4-96.4c9.4-9.4 24.6-9.4 33.9 0l22.6 22.6c9.4 9.4 9.4 24.6 0 33.9l-136 136c-9.2 9.4-24.4 9.4-33.8 0z&quot;&gt;&lt;\/path&gt;&lt;\/svg&gt;\" class=\"eael-simple-menu-container eael-simple-menu--loading eael-simple-menu-align-left eael-simple-menu-dropdown-align-left preset-2\" data-hamburger-breakpoints=\"{&quot;mobile&quot;:&quot;Mobile Portrait (&gt; 767px)&quot;,&quot;tablet&quot;:&quot;Tablet verticale (&gt; 1024px)&quot;,&quot;desktop&quot;:&quot;Desktop (&gt; 2400px)&quot;,&quot;none&quot;:&quot;None&quot;}\" data-hamburger-device=\"none\">\n                <ul id=\"menu-estetik-cerrahi-islemler\" class=\"eael-simple-menu eael-simple-menu-dropdown-animate-to-top eael-simple-menu-indicator eael-simple-menu-vertical\"><li id=\"menu-item-539\" class=\"menu-item menu-item-type-post_type menu-item-object-page menu-item-539\"><a href=\"https:\/\/surgyteam.com\/it\/brow-lift\/\" class=\"menu-link\">Lifting delle sopracciglia<\/a><\/li>\n<li id=\"menu-item-538\" class=\"menu-item menu-item-type-post_type menu-item-object-page menu-item-538\"><a href=\"https:\/\/surgyteam.com\/it\/blepharoplasty\/\" class=\"menu-link\">Blefaroplastica<\/a><\/li>\n<li id=\"menu-item-537\" class=\"menu-item menu-item-type-post_type menu-item-object-page menu-item-537\"><a href=\"https:\/\/surgyteam.com\/it\/rhinoplasty\/\" class=\"menu-link\">Rinoplastica<\/a><\/li>\n<li id=\"menu-item-541\" class=\"menu-item menu-item-type-post_type menu-item-object-page menu-item-541\"><a href=\"https:\/\/surgyteam.com\/it\/prominent-ear\/\" class=\"menu-link\">Orecchio prominente<\/a><\/li>\n<li id=\"menu-item-535\" class=\"menu-item menu-item-type-post_type menu-item-object-page menu-item-535\"><a href=\"https:\/\/surgyteam.com\/it\/bichectomy\/\" class=\"menu-link\">Bichectomia<\/a><\/li>\n<li id=\"menu-item-534\" class=\"menu-item menu-item-type-post_type menu-item-object-page menu-item-534\"><a href=\"https:\/\/surgyteam.com\/it\/lip-lift\/\" class=\"menu-link\">Lifting delle labbra<\/a><\/li>\n<li id=\"menu-item-533\" class=\"menu-item menu-item-type-post_type menu-item-object-page menu-item-533\"><a href=\"https:\/\/surgyteam.com\/it\/face-lift\/\" class=\"menu-link\">Lifting del viso<\/a><\/li>\n<li id=\"menu-item-532\" class=\"menu-item menu-item-type-post_type menu-item-object-page menu-item-532\"><a href=\"https:\/\/surgyteam.com\/it\/neck-lift\/\" class=\"menu-link\">Lifting del collo<\/a><\/li>\n<li id=\"menu-item-531\" class=\"menu-item menu-item-type-post_type menu-item-object-page menu-item-531\"><a href=\"https:\/\/surgyteam.com\/it\/arm-lift\/\" class=\"menu-link\">Lifting delle braccia<\/a><\/li>\n<li id=\"menu-item-530\" class=\"menu-item menu-item-type-post_type menu-item-object-page menu-item-530\"><a href=\"https:\/\/surgyteam.com\/it\/reduction-mammoplasty\/\" class=\"menu-link\">Mastoplastica riduttiva<\/a><\/li>\n<li id=\"menu-item-529\" class=\"menu-item menu-item-type-post_type menu-item-object-page menu-item-529\"><a href=\"https:\/\/surgyteam.com\/it\/augmentation-mammoplasty\/\" class=\"menu-link\">Mastoplastica additiva<\/a><\/li>\n<li id=\"menu-item-528\" class=\"menu-item menu-item-type-post_type menu-item-object-page menu-item-528\"><a href=\"https:\/\/surgyteam.com\/it\/augmentation-mastopexy\/\" class=\"menu-link\">Mastopessi additiva<\/a><\/li>\n<li id=\"menu-item-556\" class=\"menu-item menu-item-type-post_type menu-item-object-page menu-item-556\"><a href=\"https:\/\/surgyteam.com\/it\/tummy-tuck\/\" class=\"menu-link\">Addominoplastica<\/a><\/li>\n<li id=\"menu-item-527\" class=\"menu-item menu-item-type-post_type menu-item-object-page menu-item-527\"><a href=\"https:\/\/surgyteam.com\/it\/back-lift\/\" class=\"menu-link\">Sollevamento della schiena<\/a><\/li>\n<li id=\"menu-item-526\" class=\"menu-item menu-item-type-post_type menu-item-object-page menu-item-526\"><a href=\"https:\/\/surgyteam.com\/it\/brasilian-butt-lift\/\" class=\"menu-link\">Lifting dei glutei brasiliano<\/a><\/li>\n<li id=\"menu-item-540\" class=\"menu-item menu-item-type-post_type menu-item-object-page menu-item-540\"><a href=\"https:\/\/surgyteam.com\/it\/360-liposuction\/\" class=\"menu-link\">Lifting delle cosce<\/a><\/li>\n<\/ul>                <button class=\"eael-simple-menu-toggle\">\n                    <span class=\"sr-only\">Menu a discesa dell&#039;hamburger<\/span>\n                    <svg aria-hidden=\"true\" class=\"e-font-icon-svg e-fas-bars\" viewbox=\"0 0 448 512\" xmlns=\"http:\/\/www.w3.org\/2000\/svg\"><path d=\"M16 132h416c8.837 0 16-7.163 16-16V76c0-8.837-7.163-16-16-16H16C7.163 60 0 67.163 0 76v40c0 8.837 7.163 16 16 16zm0 160h416c8.837 0 16-7.163 16-16v-40c0-8.837-7.163-16-16-16H16c-8.837 0-16 7.163-16 16v40c0 8.837 7.163 16 16 16zm0 160h416c8.837 0 16-7.163 16-16v-40c0-8.837-7.163-16-16-16H16c-8.837 0-16 7.163-16 16v40c0 8.837 7.163 16 16 16z\"><\/path><\/svg>                <\/button>\n            <\/div>\n            \t\t\t\t<\/div>\n\t\t\t\t<\/div>\n\t\t\t\t<\/div>\n\t\t\t\t\t<\/div>\n\t\t\t\t<\/div>\n\t\t\t\t<\/div>","protected":false},"excerpt":{"rendered":"<p>Prominent ear Prominent Ear Correction at SURGYTEAM Clinic At SURGYTEAM Clinic, we understand the impact that prominent ears can have on an individual\u2019s self-esteem and confidence. Our prominent ear correction procedure, also known as otoplasty, can help you achieve a more balanced and harmonious facial appearance, allowing you to feel more confident in your looks. What is Prominent Ear Correction? Prominent ear correction, or otoplasty, is a surgical procedure designed to reshape and reposition the ears closer to the head. This procedure addresses issues such as overly large or protruding ears, providing a more natural and aesthetically pleasing appearance. Benefits of Prominent Ear Correction The primary benefits of otoplasty include: Enhanced Appearance: By repositioning the ears, otoplasty creates a more balanced and proportionate facial appearance. Boosted Confidence: Correcting prominent ears can significantly improve self-esteem and confidence, especially for children and teenagers. Natural-Looking Results: Otoplasty provides subtle improvements that enhance overall appearance without looking artificial. Permanent Solution: The results of otoplasty are long-lasting, providing a permanent improvement to the appearance of the ears. The Otoplasty Procedure At SURGYTEAM Clinic, our skilled surgeons use advanced techniques to achieve the best possible outcomes. Otoplasty can be performed under local anesthesia with sedation or general anesthesia. The procedure involves the following steps: Incisions: Incisions are typically made behind the ears, in the natural folds, to minimize visible scarring. Reshaping Cartilage: The cartilage is reshaped and repositioned closer to the head, and excess skin may be removed to achieve the desired contour. Suturing: The incisions are closed with sutures, and the ears are bandaged to protect the surgical site during initial healing. Recovery and Aftercare Recovery from otoplasty varies, but most patients experience swelling and discomfort for the first few days. Our team at SURGYTEAM Clinic provides detailed aftercare instructions to ensure a smooth recovery. It\u2019s important to keep the head elevated, avoid strenuous activities, and follow our guidelines for caring for the surgical site. Most patients can return to work and normal activities within a week, although full recovery and the final results can take several months. Choosing SURGYTEAM Clinic for Your Otoplasty At SURGYTEAM Clinic, we prioritize patient satisfaction and safety. Our experienced surgeons and dedicated medical staff work closely with each patient to develop a personalized treatment plan that meets their unique needs and goals. We are committed to using the latest technology and techniques to achieve natural-looking results. Consultation and Planning The first step in your otoplasty journey is a comprehensive consultation with one of our expert surgeons at SURGYTEAM Clinic. During this consultation, we will discuss your concerns, medical history, and aesthetic goals. Our surgeon will evaluate your ear structure and facial proportions to determine the most suitable approach for your surgery. Why Choose Otoplasty? Many individuals, especially children and teenagers, experience self-consciousness and social anxiety due to prominent or protruding ears. Otoplasty can provide a significant boost in confidence by creating a more balanced and harmonious facial appearance. Whether you are seeking correction for yourself or your child, otoplasty can offer a permanent and effective solution. Combining Procedures for Enhanced Results For even more dramatic results, many patients choose to combine their otoplasty with other facial procedures. At SURGYTEAM Clinic, we offer a range of complementary treatments, including rhinoplasty, facelifts, and skin resurfacing treatments. Combining procedures can provide a more comprehensive rejuvenation and a more harmonious overall appearance. Conclusion If you\u2019re considering otoplasty to enhance your appearance and boost your confidence, look no further than SURGYTEAM Clinic. Our team of experienced surgeons is dedicated to providing the highest quality care and achieving outstanding results. Contact us today to schedule your consultation and take the first step toward a more balanced, harmonious you. WHAT CAN YOU EXPECT Click on the links to discover more about your chosen surgical procedure, including information about your hospital stay and recovery time. Contact Us Brow lift Blepharoplasty Rhinoplasty Prominent ear Bichectomy Lip lift Face lift Neck Lift Arm Lift Reduction Mammoplasty Augmentation Mammoplasty Augmentation Mastopexy Tummy Tuck Back Lift Brasilian Butt Lift Thigh Lift Humberger Toggle Menu<\/p>","protected":false},"author":1,"featured_media":0,"parent":0,"menu_order":0,"comment_status":"closed","ping_status":"closed","template":"elementor_header_footer","meta":{"content-type":"","_daextam_enable_autolinks":"","site-sidebar-layout":"default","site-content-layout":"","ast-site-content-layout":"default","site-content-style":"default","site-sidebar-style":"default","ast-global-header-display":"","ast-banner-title-visibility":"","ast-main-header-display":"","ast-hfb-above-header-display":"","ast-hfb-below-header-display":"","ast-hfb-mobile-header-display":"","site-post-title":"","ast-breadcrumbs-content":"","ast-featured-img":"","footer-sml-layout":"","ast-disable-related-posts":"","theme-transparent-header-meta":"","adv-header-id-meta":"","stick-header-meta":"","header-above-stick-meta":"","header-main-stick-meta":"","header-below-stick-meta":"","astra-migrate-meta-layouts":"default","ast-page-background-enabled":"default","ast-page-background-meta":{"desktop":{"background-color":"var(--ast-global-color-4)","background-image":"","background-repeat":"repeat","background-position":"center center","background-size":"auto","background-attachment":"scroll","background-type":"","background-media":"","overlay-type":"","overlay-color":"","overlay-opacity":"","overlay-gradient":""},"tablet":{"background-color":"","background-image":"","background-repeat":"repeat","background-position":"center center","background-size":"auto","background-attachment":"scroll","background-type":"","background-media":"","overlay-type":"","overlay-color":"","overlay-opacity":"","overlay-gradient":""},"mobile":{"background-color":"","background-image":"","background-repeat":"repeat","background-position":"center center","background-size":"auto","background-attachment":"scroll","background-type":"","background-media":"","overlay-type":"","overlay-color":"","overlay-opacity":"","overlay-gradient":""}},"ast-content-background-meta":{"desktop":{"background-color":"var(--ast-global-color-5)","background-image":"","background-repeat":"repeat","background-position":"center center","background-size":"auto","background-attachment":"scroll","background-type":"","background-media":"","overlay-type":"","overlay-color":"","overlay-opacity":"","overlay-gradient":""},"tablet":{"background-color":"var(--ast-global-color-5)","background-image":"","background-repeat":"repeat","background-position":"center center","background-size":"auto","background-attachment":"scroll","background-type":"","background-media":"","overlay-type":"","overlay-color":"","overlay-opacity":"","overlay-gradient":""},"mobile":{"background-color":"var(--ast-global-color-5)","background-image":"","background-repeat":"repeat","background-position":"center center","background-size":"auto","background-attachment":"scroll","background-type":"","background-media":"","overlay-type":"","overlay-color":"","overlay-opacity":"","overlay-gradient":""}},"footnotes":""},"class_list":["post-401","page","type-page","status-publish","hentry"],"_links":{"self":[{"href":"https:\/\/surgyteam.com\/it\/wp-json\/wp\/v2\/pages\/401","targetHints":{"allow":["GET"]}}],"collection":[{"href":"https:\/\/surgyteam.com\/it\/wp-json\/wp\/v2\/pages"}],"about":[{"href":"https:\/\/surgyteam.com\/it\/wp-json\/wp\/v2\/types\/page"}],"author":[{"embeddable":true,"href":"https:\/\/surgyteam.com\/it\/wp-json\/wp\/v2\/users\/1"}],"replies":[{"embeddable":true,"href":"https:\/\/surgyteam.com\/it\/wp-json\/wp\/v2\/comments?post=401"}],"version-history":[{"count":0,"href":"https:\/\/surgyteam.com\/it\/wp-json\/wp\/v2\/pages\/401\/revisions"}],"wp:attachment":[{"href":"https:\/\/surgyteam.com\/it\/wp-json\/wp\/v2\/media?parent=401"}],"curies":[{"name":"wp","href":"https:\/\/api.w.org\/{rel}","templated":true}]}}