{"id":410,"date":"2024-07-20T13:01:34","date_gmt":"2024-07-20T13:01:34","guid":{"rendered":"https:\/\/surgyteam.com\/?page_id=410"},"modified":"2024-07-20T17:05:16","modified_gmt":"2024-07-20T17:05:16","slug":"bichectomia","status":"publish","type":"page","link":"https:\/\/surgyteam.com\/it\/bichectomy\/","title":{"rendered":"Bichectomia"},"content":{"rendered":"<div data-elementor-type=\"wp-page\" data-elementor-id=\"410\" class=\"elementor elementor-410\">\n\t\t\t\t<div class=\"elementor-element elementor-element-09cf3b8 e-flex e-con-boxed wpr-particle-no wpr-jarallax-no wpr-parallax-no wpr-sticky-section-no wpr-equal-height-no e-con e-parent\" data-id=\"09cf3b8\" data-element_type=\"container\" data-e-type=\"container\" data-settings=\"{&quot;background_background&quot;:&quot;classic&quot;}\">\n\t\t\t\t\t<div class=\"e-con-inner\">\n\t\t\t\t<div class=\"elementor-element elementor-element-6eaee70 elementor-widget elementor-widget-wpr-post-title\" data-id=\"6eaee70\" data-element_type=\"widget\" data-e-type=\"widget\" data-widget_type=\"wpr-post-title.default\">\n\t\t\t\t<div class=\"elementor-widget-container\">\n\t\t\t\t\t<h1 class=\"wpr-post-title\">Bichectomia<\/h1>\t\t\t\t<\/div>\n\t\t\t\t<\/div>\n\t\t\t\t\t<\/div>\n\t\t\t\t<\/div>\n\t\t<div class=\"elementor-element elementor-element-6ecccb3 e-flex e-con-boxed wpr-particle-no wpr-jarallax-no wpr-parallax-no wpr-sticky-section-no wpr-equal-height-no e-con e-parent\" data-id=\"6ecccb3\" data-element_type=\"container\" data-e-type=\"container\">\n\t\t\t\t\t<div class=\"e-con-inner\">\n\t\t<div class=\"elementor-element elementor-element-bd5f2bf e-con-full e-flex wpr-particle-no wpr-jarallax-no wpr-parallax-no wpr-sticky-section-no wpr-equal-height-no e-con e-child\" data-id=\"bd5f2bf\" data-element_type=\"container\" data-e-type=\"container\">\n\t\t\t\t<div class=\"elementor-element elementor-element-b88b836 elementor-widget elementor-widget-image\" data-id=\"b88b836\" data-element_type=\"widget\" data-e-type=\"widget\" data-widget_type=\"image.default\">\n\t\t\t\t<div class=\"elementor-widget-container\">\n\t\t\t\t\t\t\t\t\t\t\t\t\t\t\t<img fetchpriority=\"high\" decoding=\"async\" width=\"1024\" height=\"647\" src=\"https:\/\/surgyteam.com\/wp-content\/uploads\/2024\/07\/bichectomia-1024x647.jpg\" class=\"attachment-large size-large wp-image-412\" alt=\"Bichectomy Procedure Illustration\" srcset=\"https:\/\/surgyteam.com\/wp-content\/uploads\/2024\/07\/bichectomia-1024x647.jpg 1024w, https:\/\/surgyteam.com\/wp-content\/uploads\/2024\/07\/bichectomia-300x190.jpg 300w, https:\/\/surgyteam.com\/wp-content\/uploads\/2024\/07\/bichectomia-768x485.jpg 768w, https:\/\/surgyteam.com\/wp-content\/uploads\/2024\/07\/bichectomia-1536x970.jpg 1536w, https:\/\/surgyteam.com\/wp-content\/uploads\/2024\/07\/bichectomia.jpg 1882w\" sizes=\"(max-width: 1024px) 100vw, 1024px\" \/>\t\t\t\t\t\t\t\t\t\t\t\t\t\t\t<\/div>\n\t\t\t\t<\/div>\n\t\t\t\t<div class=\"elementor-element elementor-element-c5acd1f elementor-widget elementor-widget-text-editor\" data-id=\"c5acd1f\" data-element_type=\"widget\" data-e-type=\"widget\" data-widget_type=\"text-editor.default\">\n\t\t\t\t<div class=\"elementor-widget-container\">\n\t\t\t\t\t\t\t\t\t<h2 class=\"western\"><span style=\"font-size: x-large;\"><b>Bichectomia presso la Clinica SURGYTEAM<\/b><\/span><\/h2><p align=\"left\">Presso la clinica SURGYTEAM, ci impegniamo ad aiutarti a ottenere un aspetto del viso raffinato e definito attraverso le nostre procedure cosmetiche avanzate. Uno dei nostri trattamenti pi\u00f9 richiesti \u00e8 la bichectomia, nota anche come rimozione del grasso buccale. Questa procedura pu\u00f2 migliorare la definizione degli zigomi e creare un aspetto pi\u00f9 snello e scolpito.<\/p><h3 class=\"western\"><a name=\"_pwlxgkaiyxh7\"><\/a> <span style=\"color: #000000;\"><span style=\"font-size: medium;\"><b>Che cos&#039;\u00e8 la bichectomia?<\/b><\/span><\/span><\/h3><p align=\"left\">La bichectomia \u00e8 una procedura chirurgica che prevede la rimozione dei cuscinetti adiposi buccali, che si trovano nella parte inferiore delle guance. Questa procedura \u00e8 progettata per ridurre la pienezza delle guance, creando un contorno facciale pi\u00f9 definito e cesellato. La bichectomia \u00e8 ideale per gli individui che desiderano un aspetto pi\u00f9 scolpito e raffinato.<\/p><h3 class=\"western\"><a name=\"_a7tscjcox2b9\"><\/a> <span style=\"color: #000000;\"><span style=\"font-size: medium;\"><b>Vantaggi della bichectomia<\/b><\/span><\/span><\/h3><p align=\"left\">I principali vantaggi della bichectomia includono:<\/p><ul><li><p align=\"left\"><b>Definizione migliorata delle guance<\/b>:Rimuovendo i cuscinetti di grasso buccali, la bichectomia migliora i contorni naturali degli zigomi, creando un aspetto pi\u00f9 scolpito.<\/p><\/li><li><p align=\"left\"><b>Profilo facciale pi\u00f9 sottile<\/b>:La bichectomia riduce la pienezza delle guance inferiori, conferendo al viso un profilo pi\u00f9 snello e affusolato.<\/p><\/li><li><p align=\"left\"><b>Maggiore fiducia<\/b>:Un aspetto del viso pi\u00f9 raffinato e definito pu\u00f2 migliorare significativamente l&#039;autostima e la sicurezza.<\/p><\/li><li><p align=\"left\"><b>Risultati permanenti<\/b>:I risultati della bichectomia sono duraturi e migliorano in modo permanente l&#039;aspetto delle guance.<\/p><\/li><\/ul><h3 class=\"western\"><a name=\"_naodqcbz1afs\"><\/a> <span style=\"color: #000000;\"><span style=\"font-size: medium;\"><b>La procedura di bichectomia<\/b><\/span><\/span><\/h3><p align=\"left\">Presso la clinica SURGYTEAM, i nostri abili chirurghi utilizzano tecniche avanzate per ottenere i migliori risultati possibili. La bichectomia pu\u00f2 essere eseguita in anestesia locale con sedazione o in anestesia generale. La procedura prevede i seguenti passaggi:<\/p><ul><li><p align=\"left\"><b>Incisioni<\/b>: Vengono praticate piccole incisioni all&#039;interno della bocca, sul rivestimento interno delle guance, per accedere ai cuscinetti adiposi buccali.<\/p><\/li><li><p align=\"left\"><b>Rimozione del grasso<\/b>: I cuscinetti di grasso buccali vengono rimossi con cura per ottenere il contorno e la definizione desiderati.<\/p><\/li><li><p align=\"left\"><b>Suturazione<\/b>: Le incisioni vengono chiuse con suture riassorbibili e al paziente vengono fornite istruzioni per la cura postoperatoria.<\/p><\/li><\/ul><h3 class=\"western\"><a name=\"_3s2oqwybukag\"><\/a> <span style=\"color: #000000;\"><span style=\"font-size: medium;\"><b>Recupero e post-trattamento<\/b><\/span><\/span><\/h3><p align=\"left\">Il recupero dalla bichectomia varia, ma la maggior parte dei pazienti avverte gonfiore e un leggero fastidio nei primi giorni. Il nostro team presso la clinica SURGYTEAM fornisce istruzioni dettagliate per la cura postoperatoria per garantire un recupero senza intoppi. \u00c8 importante mantenere una buona igiene orale, evitare attivit\u00e0 faticose e seguire le nostre linee guida per la cura del sito chirurgico. La maggior parte dei pazienti pu\u00f2 tornare al lavoro e alle normali attivit\u00e0 entro una settimana, anche se il recupero completo e i risultati finali possono richiedere diverse settimane.<\/p><h3 class=\"western\"><a name=\"_ljevbg7n308n\"><\/a> <span style=\"color: #000000;\"><span style=\"font-size: medium;\"><b>Scegliere la clinica SURGYTEAM per la tua bichectomia<\/b><\/span><\/span><\/h3><p align=\"left\">Presso la clinica SURGYTEAM, diamo priorit\u00e0 alla soddisfazione e alla sicurezza del paziente. I nostri chirurghi esperti e il personale medico dedicato lavorano a stretto contatto con ogni paziente per sviluppare un piano di trattamento personalizzato che soddisfi le sue esigenze e i suoi obiettivi unici. Ci impegniamo a utilizzare le tecnologie e le tecniche pi\u00f9 recenti per ottenere risultati dall&#039;aspetto naturale.<\/p><h3 class=\"western\"><a name=\"_hnoujsmwxp35\"><\/a> <span style=\"color: #000000;\"><span style=\"font-size: medium;\"><b>Consulenza e pianificazione<\/b><\/span><\/span><\/h3><p align=\"left\">Il primo passo nel tuo percorso di bichectomia \u00e8 una consulenza completa con uno dei nostri chirurghi esperti presso la clinica SURGYTEAM. Durante questa consulenza, discuteremo delle tue preoccupazioni, della tua storia clinica e dei tuoi obiettivi estetici. Il nostro chirurgo valuter\u00e0 la struttura del tuo viso e le condizioni della tua pelle per determinare l&#039;approccio pi\u00f9 adatto alla tua bichectomia.<\/p><h3 class=\"western\"><a name=\"_hyq1wgou1ags\"><\/a> <span style=\"color: #000000;\"><span style=\"font-size: medium;\"><b>Perch\u00e9 scegliere la bichectomia?<\/b><\/span><\/span><\/h3><p align=\"left\">Molti individui cercano la bichectomia per ottenere un aspetto facciale pi\u00f9 definito e scolpito. Se sei in imbarazzo per la pienezza delle tue guance e desideri un profilo pi\u00f9 sottile, la bichectomia pu\u00f2 fornire un miglioramento significativo. Questa procedura \u00e8 particolarmente popolare tra coloro che cercano di accentuare i propri zigomi e ottenere un aspetto pi\u00f9 cesellato.<\/p><h3 class=\"western\"><a name=\"_sa8ghuwqnxa8\"><\/a> <span style=\"color: #000000;\"><span style=\"font-size: medium;\"><b>Combinazione di procedure per risultati migliori<\/b><\/span><\/span><\/h3><p align=\"left\">Per risultati ancora pi\u00f9 spettacolari, molti pazienti scelgono di abbinare il lifting del collo ad altre procedure facciali. Alla clinica SURGYTEAM offriamo una gamma di trattamenti complementari, tra cui lifting del viso, aumento del mento e trattamenti di resurfacing cutaneo. L&#039;associazione di procedure pu\u00f2 fornire un ringiovanimento pi\u00f9 completo e un aspetto generale pi\u00f9 armonioso.<\/p><h3 class=\"western\"><a name=\"_b6vg97t5i0g6\"><\/a> <span style=\"color: #000000;\"><span style=\"font-size: medium;\"><b>Conclusione<\/b><\/span><\/span><\/h3><p align=\"left\">Se stai pensando alla bichectomia per migliorare il tuo aspetto e aumentare la tua sicurezza, non cercare oltre la clinica SURGYTEAM. Il nostro team di chirurghi esperti \u00e8 impegnato a fornire la massima qualit\u00e0 di cure e a ottenere risultati eccezionali. Contattaci oggi stesso per programmare la tua consulenza e fare il primo passo verso un te pi\u00f9 scolpito e raffinato.<\/p>\t\t\t\t\t\t\t\t<\/div>\n\t\t\t\t<\/div>\n\t\t\t\t<\/div>\n\t\t<div class=\"elementor-element elementor-element-b373dbe e-con-full e-flex wpr-particle-no wpr-jarallax-no wpr-parallax-no wpr-sticky-section-no wpr-equal-height-no e-con e-child\" data-id=\"b373dbe\" data-element_type=\"container\" data-e-type=\"container\">\n\t\t\t\t<div class=\"elementor-element elementor-element-36389fc content-align-cta-default elementor-widget elementor-widget-eael-cta-box\" data-id=\"36389fc\" data-element_type=\"widget\" data-e-type=\"widget\" data-widget_type=\"eael-cta-box.default\">\n\t\t\t\t<div class=\"elementor-widget-container\">\n\t\t\t\t\t\t\t<div class=\"eael-call-to-action cta-basic bg-lite cta-preset-1\">\n        <h2 class=\"title eael-cta-heading\">COSA PUOI ASPETTARTI<\/h2><p>Clicca sui link per scoprire di pi\u00f9 sulla procedura chirurgica scelta, comprese le informazioni sul tuo ricovero ospedaliero e <a href=\"https:\/\/surgyteam.com\/it\/contattaci\/\" rel=\"sponsored\">tempo di recupero<\/a>.<\/p><a href=\"\/it\/contattaci\/\" class=\"cta-button cta-preset-1\">Contattaci<\/a>\t<\/div>\n\t\t\t\t\t\t\t\t<\/div>\n\t\t\t\t<\/div>\n\t\t\t\t<div class=\"elementor-element elementor-element-b4d5abb eael-hamburger--none eael-simple-menu-hamburger-align-right elementor-widget elementor-widget-eael-simple-menu\" data-id=\"b4d5abb\" data-element_type=\"widget\" data-e-type=\"widget\" data-widget_type=\"eael-simple-menu.default\">\n\t\t\t\t<div class=\"elementor-widget-container\">\n\t\t\t\t\t            <div data-hamburger-icon=\"&lt;svg aria-hidden=&quot;true&quot; class=&quot;e-font-icon-svg e-fas-bars&quot; viewBox=&quot;0 0 448 512&quot; xmlns=&quot;http:\/\/www.w3.org\/2000\/svg&quot;&gt;&lt;path d=&quot;M16 132h416c8.837 0 16-7.163 16-16V76c0-8.837-7.163-16-16-16H16C7.163 60 0 67.163 0 76v40c0 8.837 7.163 16 16 16zm0 160h416c8.837 0 16-7.163 16-16v-40c0-8.837-7.163-16-16-16H16c-8.837 0-16 7.163-16 16v40c0 8.837 7.163 16 16 16zm0 160h416c8.837 0 16-7.163 16-16v-40c0-8.837-7.163-16-16-16H16c-8.837 0-16 7.163-16 16v40c0 8.837 7.163 16 16 16z&quot;&gt;&lt;\/path&gt;&lt;\/svg&gt;\" data-indicator-icon=\"&lt;svg aria-hidden=&quot;true&quot; class=&quot;e-font-icon-svg e-fas-angle-down&quot; viewBox=&quot;0 0 320 512&quot; xmlns=&quot;http:\/\/www.w3.org\/2000\/svg&quot;&gt;&lt;path d=&quot;M143 352.3L7 216.3c-9.4-9.4-9.4-24.6 0-33.9l22.6-22.6c9.4-9.4 24.6-9.4 33.9 0l96.4 96.4 96.4-96.4c9.4-9.4 24.6-9.4 33.9 0l22.6 22.6c9.4 9.4 9.4 24.6 0 33.9l-136 136c-9.2 9.4-24.4 9.4-33.8 0z&quot;&gt;&lt;\/path&gt;&lt;\/svg&gt;\" data-dropdown-indicator-icon=\"&lt;svg class=&quot;e-font-icon-svg e-fas-angle-down&quot; viewBox=&quot;0 0 320 512&quot; xmlns=&quot;http:\/\/www.w3.org\/2000\/svg&quot;&gt;&lt;path d=&quot;M143 352.3L7 216.3c-9.4-9.4-9.4-24.6 0-33.9l22.6-22.6c9.4-9.4 24.6-9.4 33.9 0l96.4 96.4 96.4-96.4c9.4-9.4 24.6-9.4 33.9 0l22.6 22.6c9.4 9.4 9.4 24.6 0 33.9l-136 136c-9.2 9.4-24.4 9.4-33.8 0z&quot;&gt;&lt;\/path&gt;&lt;\/svg&gt;\" class=\"eael-simple-menu-container eael-simple-menu--loading eael-simple-menu-align-left eael-simple-menu-dropdown-align-left preset-2\" data-hamburger-breakpoints=\"{&quot;mobile&quot;:&quot;Mobile Portrait (&gt; 767px)&quot;,&quot;tablet&quot;:&quot;Tablet verticale (&gt; 1024px)&quot;,&quot;desktop&quot;:&quot;Desktop (&gt; 2400px)&quot;,&quot;none&quot;:&quot;None&quot;}\" data-hamburger-device=\"none\">\n                <ul id=\"menu-estetik-cerrahi-islemler\" class=\"eael-simple-menu eael-simple-menu-dropdown-animate-to-top eael-simple-menu-indicator eael-simple-menu-vertical\"><li id=\"menu-item-539\" class=\"menu-item menu-item-type-post_type menu-item-object-page menu-item-539\"><a href=\"https:\/\/surgyteam.com\/it\/brow-lift\/\" class=\"menu-link\">Lifting delle sopracciglia<\/a><\/li>\n<li id=\"menu-item-538\" class=\"menu-item menu-item-type-post_type menu-item-object-page menu-item-538\"><a href=\"https:\/\/surgyteam.com\/it\/blepharoplasty\/\" class=\"menu-link\">Blefaroplastica<\/a><\/li>\n<li id=\"menu-item-537\" class=\"menu-item menu-item-type-post_type menu-item-object-page menu-item-537\"><a href=\"https:\/\/surgyteam.com\/it\/rhinoplasty\/\" class=\"menu-link\">Rinoplastica<\/a><\/li>\n<li id=\"menu-item-541\" class=\"menu-item menu-item-type-post_type menu-item-object-page menu-item-541\"><a href=\"https:\/\/surgyteam.com\/it\/prominent-ear\/\" class=\"menu-link\">Orecchio prominente<\/a><\/li>\n<li id=\"menu-item-535\" class=\"menu-item menu-item-type-post_type menu-item-object-page menu-item-535\"><a href=\"https:\/\/surgyteam.com\/it\/bichectomy\/\" class=\"menu-link\">Bichectomia<\/a><\/li>\n<li id=\"menu-item-534\" class=\"menu-item menu-item-type-post_type menu-item-object-page menu-item-534\"><a href=\"https:\/\/surgyteam.com\/it\/lip-lift\/\" class=\"menu-link\">Lifting delle labbra<\/a><\/li>\n<li id=\"menu-item-533\" class=\"menu-item menu-item-type-post_type menu-item-object-page menu-item-533\"><a href=\"https:\/\/surgyteam.com\/it\/face-lift\/\" class=\"menu-link\">Lifting del viso<\/a><\/li>\n<li id=\"menu-item-532\" class=\"menu-item menu-item-type-post_type menu-item-object-page menu-item-532\"><a href=\"https:\/\/surgyteam.com\/it\/neck-lift\/\" class=\"menu-link\">Lifting del collo<\/a><\/li>\n<li id=\"menu-item-531\" class=\"menu-item menu-item-type-post_type menu-item-object-page menu-item-531\"><a href=\"https:\/\/surgyteam.com\/it\/arm-lift\/\" class=\"menu-link\">Lifting delle braccia<\/a><\/li>\n<li id=\"menu-item-530\" class=\"menu-item menu-item-type-post_type menu-item-object-page menu-item-530\"><a href=\"https:\/\/surgyteam.com\/it\/reduction-mammoplasty\/\" class=\"menu-link\">Mastoplastica riduttiva<\/a><\/li>\n<li id=\"menu-item-529\" class=\"menu-item menu-item-type-post_type menu-item-object-page menu-item-529\"><a href=\"https:\/\/surgyteam.com\/it\/augmentation-mammoplasty\/\" class=\"menu-link\">Mastoplastica additiva<\/a><\/li>\n<li id=\"menu-item-528\" class=\"menu-item menu-item-type-post_type menu-item-object-page menu-item-528\"><a href=\"https:\/\/surgyteam.com\/it\/augmentation-mastopexy\/\" class=\"menu-link\">Mastopessi additiva<\/a><\/li>\n<li id=\"menu-item-556\" class=\"menu-item menu-item-type-post_type menu-item-object-page menu-item-556\"><a href=\"https:\/\/surgyteam.com\/it\/tummy-tuck\/\" class=\"menu-link\">Addominoplastica<\/a><\/li>\n<li id=\"menu-item-527\" class=\"menu-item menu-item-type-post_type menu-item-object-page menu-item-527\"><a href=\"https:\/\/surgyteam.com\/it\/back-lift\/\" class=\"menu-link\">Sollevamento della schiena<\/a><\/li>\n<li id=\"menu-item-526\" class=\"menu-item menu-item-type-post_type menu-item-object-page menu-item-526\"><a href=\"https:\/\/surgyteam.com\/it\/brasilian-butt-lift\/\" class=\"menu-link\">Lifting dei glutei brasiliano<\/a><\/li>\n<li id=\"menu-item-540\" class=\"menu-item menu-item-type-post_type menu-item-object-page menu-item-540\"><a href=\"https:\/\/surgyteam.com\/it\/360-liposuction\/\" class=\"menu-link\">Lifting delle cosce<\/a><\/li>\n<\/ul>                <button class=\"eael-simple-menu-toggle\">\n                    <span class=\"sr-only\">Menu a discesa dell&#039;hamburger<\/span>\n                    <svg aria-hidden=\"true\" class=\"e-font-icon-svg e-fas-bars\" viewbox=\"0 0 448 512\" xmlns=\"http:\/\/www.w3.org\/2000\/svg\"><path d=\"M16 132h416c8.837 0 16-7.163 16-16V76c0-8.837-7.163-16-16-16H16C7.163 60 0 67.163 0 76v40c0 8.837 7.163 16 16 16zm0 160h416c8.837 0 16-7.163 16-16v-40c0-8.837-7.163-16-16-16H16c-8.837 0-16 7.163-16 16v40c0 8.837 7.163 16 16 16zm0 160h416c8.837 0 16-7.163 16-16v-40c0-8.837-7.163-16-16-16H16c-8.837 0-16 7.163-16 16v40c0 8.837 7.163 16 16 16z\"><\/path><\/svg>                <\/button>\n            <\/div>\n            \t\t\t\t<\/div>\n\t\t\t\t<\/div>\n\t\t\t\t<\/div>\n\t\t\t\t\t<\/div>\n\t\t\t\t<\/div>\n\t\t\t\t<\/div>","protected":false},"excerpt":{"rendered":"<p>Bichectomy Bichectomy at SURGYTEAM Clinic At SURGYTEAM Clinic, we are committed to helping you achieve a refined and contoured facial appearance through our advanced cosmetic procedures. One of our highly sought-after treatments is bichectomy, also known as buccal fat removal. This procedure can enhance the definition of your cheekbones and create a slimmer, more sculpted look. What is Bichectomy? Bichectomy is a surgical procedure that involves the removal of the buccal fat pads, which are located in the lower cheeks. This procedure is designed to reduce the fullness of the cheeks, creating a more defined and chiseled facial contour. Bichectomy is ideal for individuals who desire a more sculpted and refined appearance. Benefits of Bichectomy The primary benefits of bichectomy include: Enhanced Cheek Definition: By removing the buccal fat pads, bichectomy enhances the natural contours of the cheekbones, creating a more sculpted appearance. Slimmer Facial Profile: Bichectomy reduces the fullness of the lower cheeks, resulting in a slimmer and more streamlined facial profile. Boosted Confidence: A more refined and contoured facial appearance can significantly improve self-esteem and confidence. Permanent Results: The results of bichectomy are long-lasting, providing a permanent improvement to the appearance of the cheeks. The Bichectomy Procedure At SURGYTEAM Clinic, our skilled surgeons use advanced techniques to achieve the best possible outcomes. Bichectomy can be performed under local anesthesia with sedation or general anesthesia. The procedure involves the following steps: Incisions: Small incisions are made inside the mouth, on the inner lining of the cheeks, to access the buccal fat pads. Fat Removal: The buccal fat pads are carefully removed to achieve the desired contour and definition. Suturing: The incisions are closed with dissolvable sutures, and the patient is provided with post-operative care instructions. Recovery and Aftercare Recovery from bichectomy varies, but most patients experience swelling and mild discomfort for the first few days. Our team at SURGYTEAM Clinic provides detailed aftercare instructions to ensure a smooth recovery. It is important to maintain good oral hygiene, avoid strenuous activities, and follow our guidelines for caring for the surgical site. Most patients can return to work and normal activities within a week, although full recovery and the final results can take several weeks. Choosing SURGYTEAM Clinic for Your Bichectomy At SURGYTEAM Clinic, we prioritize patient satisfaction and safety. Our experienced surgeons and dedicated medical staff work closely with each patient to develop a personalized treatment plan that meets their unique needs and goals. We are committed to using the latest technology and techniques to achieve natural-looking results. Consultation and Planning The first step in your bichectomy journey is a comprehensive consultation with one of our expert surgeons at SURGYTEAM Clinic. During this consultation, we will discuss your concerns, medical history, and aesthetic goals. Our surgeon will evaluate your facial structure and skin condition to determine the most suitable approach for your bichectomy. Why Choose Bichectomy? Many individuals seek bichectomy to achieve a more defined and sculpted facial appearance. If you are self-conscious about the fullness of your cheeks and desire a slimmer profile, bichectomy can provide a significant enhancement. This procedure is particularly popular among those looking to accentuate their cheekbones and achieve a more chiseled look. Combining Procedures for Enhanced Results For even more dramatic results, many patients choose to combine their bichectomy with other facial procedures. At SURGYTEAM Clinic, we offer a range of complementary treatments, including chin augmentation, facelifts, and skin resurfacing treatments. Combining procedures can provide a more comprehensive rejuvenation and a more harmonious overall appearance. Conclusion If you\u2019re considering bichectomy to enhance your appearance and boost your confidence, look no further than SURGYTEAM Clinic. Our team of experienced surgeons is dedicated to providing the highest quality care and achieving outstanding results. Contact us today to schedule your consultation and take the first step toward a more sculpted, refined you. WHAT CAN YOU EXPECT Click on the links to discover more about your chosen surgical procedure, including information about your hospital stay and recovery time. Contact Us Brow lift Blepharoplasty Rhinoplasty Prominent ear Bichectomy Lip lift Face lift Neck Lift Arm Lift Reduction Mammoplasty Augmentation Mammoplasty Augmentation Mastopexy Tummy Tuck Back Lift Brasilian Butt Lift Thigh Lift Humberger Toggle Menu<\/p>","protected":false},"author":1,"featured_media":0,"parent":0,"menu_order":0,"comment_status":"closed","ping_status":"closed","template":"elementor_header_footer","meta":{"content-type":"","_daextam_enable_autolinks":"","site-sidebar-layout":"default","site-content-layout":"","ast-site-content-layout":"default","site-content-style":"default","site-sidebar-style":"default","ast-global-header-display":"","ast-banner-title-visibility":"","ast-main-header-display":"","ast-hfb-above-header-display":"","ast-hfb-below-header-display":"","ast-hfb-mobile-header-display":"","site-post-title":"","ast-breadcrumbs-content":"","ast-featured-img":"","footer-sml-layout":"","ast-disable-related-posts":"","theme-transparent-header-meta":"","adv-header-id-meta":"","stick-header-meta":"","header-above-stick-meta":"","header-main-stick-meta":"","header-below-stick-meta":"","astra-migrate-meta-layouts":"default","ast-page-background-enabled":"default","ast-page-background-meta":{"desktop":{"background-color":"var(--ast-global-color-4)","background-image":"","background-repeat":"repeat","background-position":"center center","background-size":"auto","background-attachment":"scroll","background-type":"","background-media":"","overlay-type":"","overlay-color":"","overlay-opacity":"","overlay-gradient":""},"tablet":{"background-color":"","background-image":"","background-repeat":"repeat","background-position":"center center","background-size":"auto","background-attachment":"scroll","background-type":"","background-media":"","overlay-type":"","overlay-color":"","overlay-opacity":"","overlay-gradient":""},"mobile":{"background-color":"","background-image":"","background-repeat":"repeat","background-position":"center center","background-size":"auto","background-attachment":"scroll","background-type":"","background-media":"","overlay-type":"","overlay-color":"","overlay-opacity":"","overlay-gradient":""}},"ast-content-background-meta":{"desktop":{"background-color":"var(--ast-global-color-5)","background-image":"","background-repeat":"repeat","background-position":"center center","background-size":"auto","background-attachment":"scroll","background-type":"","background-media":"","overlay-type":"","overlay-color":"","overlay-opacity":"","overlay-gradient":""},"tablet":{"background-color":"var(--ast-global-color-5)","background-image":"","background-repeat":"repeat","background-position":"center center","background-size":"auto","background-attachment":"scroll","background-type":"","background-media":"","overlay-type":"","overlay-color":"","overlay-opacity":"","overlay-gradient":""},"mobile":{"background-color":"var(--ast-global-color-5)","background-image":"","background-repeat":"repeat","background-position":"center center","background-size":"auto","background-attachment":"scroll","background-type":"","background-media":"","overlay-type":"","overlay-color":"","overlay-opacity":"","overlay-gradient":""}},"footnotes":""},"class_list":["post-410","page","type-page","status-publish","hentry"],"_links":{"self":[{"href":"https:\/\/surgyteam.com\/it\/wp-json\/wp\/v2\/pages\/410","targetHints":{"allow":["GET"]}}],"collection":[{"href":"https:\/\/surgyteam.com\/it\/wp-json\/wp\/v2\/pages"}],"about":[{"href":"https:\/\/surgyteam.com\/it\/wp-json\/wp\/v2\/types\/page"}],"author":[{"embeddable":true,"href":"https:\/\/surgyteam.com\/it\/wp-json\/wp\/v2\/users\/1"}],"replies":[{"embeddable":true,"href":"https:\/\/surgyteam.com\/it\/wp-json\/wp\/v2\/comments?post=410"}],"version-history":[{"count":0,"href":"https:\/\/surgyteam.com\/it\/wp-json\/wp\/v2\/pages\/410\/revisions"}],"wp:attachment":[{"href":"https:\/\/surgyteam.com\/it\/wp-json\/wp\/v2\/media?parent=410"}],"curies":[{"name":"wp","href":"https:\/\/api.w.org\/{rel}","templated":true}]}}