{"id":423,"date":"2024-07-20T13:10:37","date_gmt":"2024-07-20T13:10:37","guid":{"rendered":"https:\/\/surgyteam.com\/?page_id=423"},"modified":"2024-07-20T17:06:27","modified_gmt":"2024-07-20T17:06:27","slug":"lifting-delle-labbra","status":"publish","type":"page","link":"https:\/\/surgyteam.com\/it\/lip-lift\/","title":{"rendered":"Lifting delle labbra"},"content":{"rendered":"<div data-elementor-type=\"wp-page\" data-elementor-id=\"423\" class=\"elementor elementor-423\">\n\t\t\t\t<div class=\"elementor-element elementor-element-09cf3b8 e-flex e-con-boxed wpr-particle-no wpr-jarallax-no wpr-parallax-no wpr-sticky-section-no wpr-equal-height-no e-con e-parent\" data-id=\"09cf3b8\" data-element_type=\"container\" data-e-type=\"container\" data-settings=\"{&quot;background_background&quot;:&quot;classic&quot;}\">\n\t\t\t\t\t<div class=\"e-con-inner\">\n\t\t\t\t<div class=\"elementor-element elementor-element-6eaee70 elementor-widget elementor-widget-wpr-post-title\" data-id=\"6eaee70\" data-element_type=\"widget\" data-e-type=\"widget\" data-widget_type=\"wpr-post-title.default\">\n\t\t\t\t<div class=\"elementor-widget-container\">\n\t\t\t\t\t<h1 class=\"wpr-post-title\">Lifting delle labbra<\/h1>\t\t\t\t<\/div>\n\t\t\t\t<\/div>\n\t\t\t\t\t<\/div>\n\t\t\t\t<\/div>\n\t\t<div class=\"elementor-element elementor-element-6ecccb3 e-flex e-con-boxed wpr-particle-no wpr-jarallax-no wpr-parallax-no wpr-sticky-section-no wpr-equal-height-no e-con e-parent\" data-id=\"6ecccb3\" data-element_type=\"container\" data-e-type=\"container\">\n\t\t\t\t\t<div class=\"e-con-inner\">\n\t\t<div class=\"elementor-element elementor-element-bd5f2bf e-con-full e-flex wpr-particle-no wpr-jarallax-no wpr-parallax-no wpr-sticky-section-no wpr-equal-height-no e-con e-child\" data-id=\"bd5f2bf\" data-element_type=\"container\" data-e-type=\"container\">\n\t\t\t\t<div class=\"elementor-element elementor-element-b88b836 elementor-widget elementor-widget-image\" data-id=\"b88b836\" data-element_type=\"widget\" data-e-type=\"widget\" data-widget_type=\"image.default\">\n\t\t\t\t<div class=\"elementor-widget-container\">\n\t\t\t\t\t\t\t\t\t\t\t\t\t\t\t<img fetchpriority=\"high\" decoding=\"async\" width=\"1024\" height=\"483\" src=\"https:\/\/surgyteam.com\/wp-content\/uploads\/2024\/07\/Lip-lift-1024x483.jpg\" class=\"attachment-large size-large wp-image-425\" alt=\"Lifting delle labbra\" srcset=\"https:\/\/surgyteam.com\/wp-content\/uploads\/2024\/07\/Lip-lift-1024x483.jpg 1024w, https:\/\/surgyteam.com\/wp-content\/uploads\/2024\/07\/Lip-lift-300x142.jpg 300w, https:\/\/surgyteam.com\/wp-content\/uploads\/2024\/07\/Lip-lift-768x362.jpg 768w, https:\/\/surgyteam.com\/wp-content\/uploads\/2024\/07\/Lip-lift.jpg 1170w\" sizes=\"(max-width: 1024px) 100vw, 1024px\" \/>\t\t\t\t\t\t\t\t\t\t\t\t\t\t\t<\/div>\n\t\t\t\t<\/div>\n\t\t\t\t<div class=\"elementor-element elementor-element-c5acd1f elementor-widget elementor-widget-text-editor\" data-id=\"c5acd1f\" data-element_type=\"widget\" data-e-type=\"widget\" data-widget_type=\"text-editor.default\">\n\t\t\t\t<div class=\"elementor-widget-container\">\n\t\t\t\t\t\t\t\t\t<h2 class=\"western\"><span style=\"font-size: x-large;\"><b>Lifting delle labbra presso la clinica SURGYTEAM<\/b><\/span><\/h2><p align=\"left\">Presso la clinica SURGYTEAM, ci impegniamo ad aiutarti a ottenere un sorriso giovane e attraente attraverso le nostre procedure cosmetiche avanzate. Uno dei nostri trattamenti altamente efficaci \u00e8 il lifting delle labbra, progettato per migliorare la forma e la posizione del labbro superiore, creando un aspetto pi\u00f9 equilibrato e attraente.<\/p><h3 class=\"western\"><a name=\"_fsvwn8k2i44\"><\/a> <span style=\"color: #000000;\"><span style=\"font-size: medium;\"><b>Cos&#039;\u00e8 il lifting delle labbra?<\/b><\/span><\/span><\/h3><p align=\"left\">Un lifting delle labbra \u00e8 una procedura chirurgica che accorcia la distanza tra il naso e il labbro superiore, dando origine a una forma delle labbra pi\u00f9 giovanile e prominente. Questa procedura pu\u00f2 migliorare l&#039;aspetto di labbra superiori sottili o allungate, migliorando l&#039;armonia generale del viso e del sorriso.<\/p><h3 class=\"western\"><a name=\"_7fa1686n3dl9\"><\/a> <span style=\"color: #000000;\"><span style=\"font-size: medium;\"><b>Vantaggi del lifting delle labbra<\/b><\/span><\/span><\/h3><p align=\"left\">I principali vantaggi del lifting delle labbra includono:<\/p><ul><li><p align=\"left\"><b>Forma delle labbra migliorata<\/b>: Sollevando il labbro superiore, questa procedura crea un contorno labbra pi\u00f9 definito e attraente.<\/p><\/li><li><p align=\"left\"><b>Aumento del volume delle labbra<\/b>:Un lifting delle labbra pu\u00f2 far apparire il labbro superiore pi\u00f9 pieno e prominente senza bisogno di filler.<\/p><\/li><li><p align=\"left\"><b>Miglioramento dell&#039;estetica del sorriso<\/b>: Accorciare la distanza tra il naso e il labbro superiore pu\u00f2 migliorare l&#039;aspetto del sorriso, rendendolo pi\u00f9 giovanile e invitante.<\/p><\/li><li><p align=\"left\"><b>Risultati duraturi<\/b>:Gli effetti del lifting delle labbra sono permanenti e migliorano in modo duraturo l&#039;aspetto delle labbra.<\/p><\/li><\/ul><h3 class=\"western\"><a name=\"_y2ska9oya5fm\"><\/a> <span style=\"color: #000000;\"><span style=\"font-size: medium;\"><b>La procedura di lifting delle labbra<\/b><\/span><\/span><\/h3><p align=\"left\">Presso la clinica SURGYTEAM, i nostri abili chirurghi utilizzano tecniche avanzate per ottenere i migliori risultati possibili. Il lifting pu\u00f2 essere eseguito in anestesia locale con sedazione o in anestesia generale. La procedura prevede i seguenti passaggi:<\/p><ul><li><p align=\"left\"><b>Incisioni<\/b>: Viene effettuata una piccola incisione alla base del naso, nascosta tra le pieghe naturali, per ridurre al minimo le cicatrici visibili.<\/p><\/li><li><p align=\"left\"><b>Sollevamento e rimodellamento<\/b>: La pelle in eccesso viene rimossa e il tessuto rimanente viene sollevato e fissato per ottenere la forma e la posizione desiderate delle labbra.<\/p><\/li><li><p align=\"left\"><b>Suturazione<\/b>: Le incisioni vengono chiuse con suture e al paziente vengono fornite istruzioni per la cura postoperatoria.<\/p><\/li><\/ul><h3 class=\"western\"><a name=\"_dsyedyb83odp\"><\/a> <span style=\"color: #000000;\"><span style=\"font-size: medium;\"><b>Recupero e post-trattamento<\/b><\/span><\/span><\/h3><p align=\"left\">Il recupero da un lifting delle labbra varia, ma la maggior parte dei pazienti avverte gonfiore e un leggero fastidio per i primi giorni. Il nostro team presso la clinica SURGYTEAM fornisce istruzioni dettagliate per la cura postoperatoria per garantire un recupero senza intoppi. \u00c8 importante tenere la testa sollevata, evitare attivit\u00e0 faticose e seguire le nostre linee guida per la cura del sito chirurgico. La maggior parte dei pazienti pu\u00f2 tornare al lavoro e alle normali attivit\u00e0 entro una settimana, anche se il recupero completo e i risultati finali possono richiedere diverse settimane.<\/p><h3 class=\"western\"><a name=\"_rqyt8gs4a396\"><\/a> <span style=\"color: #000000;\"><span style=\"font-size: medium;\"><b>Scegli la clinica SURGYTEAM per il tuo lifting delle labbra<\/b><\/span><\/span><\/h3><p align=\"left\">Presso la clinica SURGYTEAM, diamo priorit\u00e0 alla soddisfazione e alla sicurezza del paziente. I nostri chirurghi esperti e il personale medico dedicato lavorano a stretto contatto con ogni paziente per sviluppare un piano di trattamento personalizzato che soddisfi le sue esigenze e i suoi obiettivi unici. Ci impegniamo a utilizzare le tecnologie e le tecniche pi\u00f9 recenti per ottenere risultati dall&#039;aspetto naturale.<\/p><h3 class=\"western\"><a name=\"_b28bhy68yvpg\"><\/a> <span style=\"color: #000000;\"><span style=\"font-size: medium;\"><b>Consulenza e pianificazione<\/b><\/span><\/span><\/h3><p align=\"left\">Il primo passo nel tuo percorso di lifting delle labbra \u00e8 una consulenza completa con uno dei nostri chirurghi esperti presso la clinica SURGYTEAM. Durante questa consulenza, discuteremo delle tue preoccupazioni, della tua storia clinica e dei tuoi obiettivi estetici. Il nostro chirurgo valuter\u00e0 la struttura delle tue labbra e le proporzioni del viso per determinare l&#039;approccio pi\u00f9 adatto al tuo intervento chirurgico.<\/p><h3 class=\"western\"><a name=\"_ccwk00wg63p3\"><\/a> <span style=\"color: #000000;\"><span style=\"font-size: medium;\"><b>Perch\u00e9 scegliere un lifting delle labbra?<\/b><\/span><\/span><\/h3><p align=\"left\">Molte persone cercano un lifting delle labbra per risolvere i problemi di labbra superiori sottili o allungate. Questa procedura \u00e8 ideale per coloro che desiderano una forma delle labbra pi\u00f9 definita e giovanile senza la necessit\u00e0 di iniezioni di filler ripetute. Un lifting delle labbra pu\u00f2 fornire miglioramenti estetici significativi, aiutandoti a ottenere un aspetto pi\u00f9 equilibrato e attraente.<\/p><h3 class=\"western\"><a name=\"_ntd8wwaucfxk\"><\/a> <span style=\"color: #000000;\"><span style=\"font-size: medium;\"><b>Combinazione di procedure per risultati migliori<\/b><\/span><\/span><\/h3><p align=\"left\">Per risultati ancora pi\u00f9 spettacolari, molti pazienti scelgono di abbinare il lifting delle labbra ad altre procedure facciali. Alla clinica SURGYTEAM offriamo una gamma di trattamenti complementari, tra cui rinoplastica, lifting e trattamenti di resurfacing cutaneo. L&#039;associazione di procedure pu\u00f2 fornire un ringiovanimento pi\u00f9 completo e un aspetto generale pi\u00f9 armonioso.<\/p><h3 class=\"western\"><a name=\"_jikh024m3lmx\"><\/a> <span style=\"color: #000000;\"><span style=\"font-size: medium;\"><b>Conclusione<\/b><\/span><\/span><\/h3><p align=\"left\">Se stai pensando a un lifting delle labbra per migliorare il tuo aspetto e aumentare la tua sicurezza, non cercare oltre la clinica SURGYTEAM. Il nostro team di chirurghi esperti \u00e8 impegnato a fornire la massima qualit\u00e0 di cure e a ottenere risultati eccezionali. Contattaci oggi stesso per programmare la tua consulenza e fare il primo passo verso un sorriso pi\u00f9 giovane e attraente.<\/p>\t\t\t\t\t\t\t\t<\/div>\n\t\t\t\t<\/div>\n\t\t\t\t<\/div>\n\t\t<div class=\"elementor-element elementor-element-b373dbe e-con-full e-flex wpr-particle-no wpr-jarallax-no wpr-parallax-no wpr-sticky-section-no wpr-equal-height-no e-con e-child\" data-id=\"b373dbe\" data-element_type=\"container\" data-e-type=\"container\">\n\t\t\t\t<div class=\"elementor-element elementor-element-36389fc content-align-cta-default elementor-widget elementor-widget-eael-cta-box\" data-id=\"36389fc\" data-element_type=\"widget\" data-e-type=\"widget\" data-widget_type=\"eael-cta-box.default\">\n\t\t\t\t<div class=\"elementor-widget-container\">\n\t\t\t\t\t\t\t<div class=\"eael-call-to-action cta-basic bg-lite cta-preset-1\">\n        <h2 class=\"title eael-cta-heading\">COSA PUOI ASPETTARTI<\/h2><p>Clicca sui link per scoprire di pi\u00f9 sulla procedura chirurgica scelta, comprese le informazioni sul tuo ricovero ospedaliero e <a href=\"https:\/\/surgyteam.com\/it\/contattaci\/\" rel=\"sponsored\">tempo di recupero<\/a>.<\/p><a href=\"\/it\/contattaci\/\" class=\"cta-button cta-preset-1\">Contattaci<\/a>\t<\/div>\n\t\t\t\t\t\t\t\t<\/div>\n\t\t\t\t<\/div>\n\t\t\t\t<div class=\"elementor-element elementor-element-7f629d8 eael-hamburger--none eael-simple-menu-hamburger-align-right elementor-widget elementor-widget-eael-simple-menu\" data-id=\"7f629d8\" data-element_type=\"widget\" data-e-type=\"widget\" data-widget_type=\"eael-simple-menu.default\">\n\t\t\t\t<div class=\"elementor-widget-container\">\n\t\t\t\t\t            <div data-hamburger-icon=\"&lt;svg aria-hidden=&quot;true&quot; class=&quot;e-font-icon-svg e-fas-bars&quot; viewBox=&quot;0 0 448 512&quot; xmlns=&quot;http:\/\/www.w3.org\/2000\/svg&quot;&gt;&lt;path d=&quot;M16 132h416c8.837 0 16-7.163 16-16V76c0-8.837-7.163-16-16-16H16C7.163 60 0 67.163 0 76v40c0 8.837 7.163 16 16 16zm0 160h416c8.837 0 16-7.163 16-16v-40c0-8.837-7.163-16-16-16H16c-8.837 0-16 7.163-16 16v40c0 8.837 7.163 16 16 16zm0 160h416c8.837 0 16-7.163 16-16v-40c0-8.837-7.163-16-16-16H16c-8.837 0-16 7.163-16 16v40c0 8.837 7.163 16 16 16z&quot;&gt;&lt;\/path&gt;&lt;\/svg&gt;\" data-indicator-icon=\"&lt;svg aria-hidden=&quot;true&quot; class=&quot;e-font-icon-svg e-fas-angle-down&quot; viewBox=&quot;0 0 320 512&quot; xmlns=&quot;http:\/\/www.w3.org\/2000\/svg&quot;&gt;&lt;path d=&quot;M143 352.3L7 216.3c-9.4-9.4-9.4-24.6 0-33.9l22.6-22.6c9.4-9.4 24.6-9.4 33.9 0l96.4 96.4 96.4-96.4c9.4-9.4 24.6-9.4 33.9 0l22.6 22.6c9.4 9.4 9.4 24.6 0 33.9l-136 136c-9.2 9.4-24.4 9.4-33.8 0z&quot;&gt;&lt;\/path&gt;&lt;\/svg&gt;\" data-dropdown-indicator-icon=\"&lt;svg class=&quot;e-font-icon-svg e-fas-angle-down&quot; viewBox=&quot;0 0 320 512&quot; xmlns=&quot;http:\/\/www.w3.org\/2000\/svg&quot;&gt;&lt;path d=&quot;M143 352.3L7 216.3c-9.4-9.4-9.4-24.6 0-33.9l22.6-22.6c9.4-9.4 24.6-9.4 33.9 0l96.4 96.4 96.4-96.4c9.4-9.4 24.6-9.4 33.9 0l22.6 22.6c9.4 9.4 9.4 24.6 0 33.9l-136 136c-9.2 9.4-24.4 9.4-33.8 0z&quot;&gt;&lt;\/path&gt;&lt;\/svg&gt;\" class=\"eael-simple-menu-container eael-simple-menu--loading eael-simple-menu-align-left eael-simple-menu-dropdown-align-left preset-2\" data-hamburger-breakpoints=\"{&quot;mobile&quot;:&quot;Mobile Portrait (&gt; 767px)&quot;,&quot;tablet&quot;:&quot;Tablet verticale (&gt; 1024px)&quot;,&quot;desktop&quot;:&quot;Desktop (&gt; 2400px)&quot;,&quot;none&quot;:&quot;None&quot;}\" data-hamburger-device=\"none\">\n                <ul id=\"menu-estetik-cerrahi-islemler\" class=\"eael-simple-menu eael-simple-menu-dropdown-animate-to-top eael-simple-menu-indicator eael-simple-menu-vertical\"><li id=\"menu-item-539\" class=\"menu-item menu-item-type-post_type menu-item-object-page menu-item-539\"><a href=\"https:\/\/surgyteam.com\/it\/brow-lift\/\" class=\"menu-link\">Lifting delle sopracciglia<\/a><\/li>\n<li id=\"menu-item-538\" class=\"menu-item menu-item-type-post_type menu-item-object-page menu-item-538\"><a href=\"https:\/\/surgyteam.com\/it\/blepharoplasty\/\" class=\"menu-link\">Blefaroplastica<\/a><\/li>\n<li id=\"menu-item-537\" class=\"menu-item menu-item-type-post_type menu-item-object-page menu-item-537\"><a href=\"https:\/\/surgyteam.com\/it\/rhinoplasty\/\" class=\"menu-link\">Rinoplastica<\/a><\/li>\n<li id=\"menu-item-541\" class=\"menu-item menu-item-type-post_type menu-item-object-page menu-item-541\"><a href=\"https:\/\/surgyteam.com\/it\/prominent-ear\/\" class=\"menu-link\">Orecchio prominente<\/a><\/li>\n<li id=\"menu-item-535\" class=\"menu-item menu-item-type-post_type menu-item-object-page menu-item-535\"><a href=\"https:\/\/surgyteam.com\/it\/bichectomy\/\" class=\"menu-link\">Bichectomia<\/a><\/li>\n<li id=\"menu-item-534\" class=\"menu-item menu-item-type-post_type menu-item-object-page menu-item-534\"><a href=\"https:\/\/surgyteam.com\/it\/lip-lift\/\" class=\"menu-link\">Lifting delle labbra<\/a><\/li>\n<li id=\"menu-item-533\" class=\"menu-item menu-item-type-post_type menu-item-object-page menu-item-533\"><a href=\"https:\/\/surgyteam.com\/it\/face-lift\/\" class=\"menu-link\">Lifting del viso<\/a><\/li>\n<li id=\"menu-item-532\" class=\"menu-item menu-item-type-post_type menu-item-object-page menu-item-532\"><a href=\"https:\/\/surgyteam.com\/it\/neck-lift\/\" class=\"menu-link\">Lifting del collo<\/a><\/li>\n<li id=\"menu-item-531\" class=\"menu-item menu-item-type-post_type menu-item-object-page menu-item-531\"><a href=\"https:\/\/surgyteam.com\/it\/arm-lift\/\" class=\"menu-link\">Lifting delle braccia<\/a><\/li>\n<li id=\"menu-item-530\" class=\"menu-item menu-item-type-post_type menu-item-object-page menu-item-530\"><a href=\"https:\/\/surgyteam.com\/it\/reduction-mammoplasty\/\" class=\"menu-link\">Mastoplastica riduttiva<\/a><\/li>\n<li id=\"menu-item-529\" class=\"menu-item menu-item-type-post_type menu-item-object-page menu-item-529\"><a href=\"https:\/\/surgyteam.com\/it\/augmentation-mammoplasty\/\" class=\"menu-link\">Mastoplastica additiva<\/a><\/li>\n<li id=\"menu-item-528\" class=\"menu-item menu-item-type-post_type menu-item-object-page menu-item-528\"><a href=\"https:\/\/surgyteam.com\/it\/augmentation-mastopexy\/\" class=\"menu-link\">Mastopessi additiva<\/a><\/li>\n<li id=\"menu-item-556\" class=\"menu-item menu-item-type-post_type menu-item-object-page menu-item-556\"><a href=\"https:\/\/surgyteam.com\/it\/tummy-tuck\/\" class=\"menu-link\">Addominoplastica<\/a><\/li>\n<li id=\"menu-item-527\" class=\"menu-item menu-item-type-post_type menu-item-object-page menu-item-527\"><a href=\"https:\/\/surgyteam.com\/it\/back-lift\/\" class=\"menu-link\">Sollevamento della schiena<\/a><\/li>\n<li id=\"menu-item-526\" class=\"menu-item menu-item-type-post_type menu-item-object-page menu-item-526\"><a href=\"https:\/\/surgyteam.com\/it\/brasilian-butt-lift\/\" class=\"menu-link\">Lifting dei glutei brasiliano<\/a><\/li>\n<li id=\"menu-item-540\" class=\"menu-item menu-item-type-post_type menu-item-object-page menu-item-540\"><a href=\"https:\/\/surgyteam.com\/it\/360-liposuction\/\" class=\"menu-link\">Lifting delle cosce<\/a><\/li>\n<\/ul>                <button class=\"eael-simple-menu-toggle\">\n                    <span class=\"sr-only\">Menu a discesa dell&#039;hamburger<\/span>\n                    <svg aria-hidden=\"true\" class=\"e-font-icon-svg e-fas-bars\" viewbox=\"0 0 448 512\" xmlns=\"http:\/\/www.w3.org\/2000\/svg\"><path d=\"M16 132h416c8.837 0 16-7.163 16-16V76c0-8.837-7.163-16-16-16H16C7.163 60 0 67.163 0 76v40c0 8.837 7.163 16 16 16zm0 160h416c8.837 0 16-7.163 16-16v-40c0-8.837-7.163-16-16-16H16c-8.837 0-16 7.163-16 16v40c0 8.837 7.163 16 16 16zm0 160h416c8.837 0 16-7.163 16-16v-40c0-8.837-7.163-16-16-16H16c-8.837 0-16 7.163-16 16v40c0 8.837 7.163 16 16 16z\"><\/path><\/svg>                <\/button>\n            <\/div>\n            \t\t\t\t<\/div>\n\t\t\t\t<\/div>\n\t\t\t\t<\/div>\n\t\t\t\t\t<\/div>\n\t\t\t\t<\/div>\n\t\t\t\t<\/div>","protected":false},"excerpt":{"rendered":"<p>Lifting delle labbra Lifting delle labbra presso la clinica SURGYTEAM Alla clinica SURGYTEAM, ci dedichiamo ad aiutarti a ottenere un sorriso giovane e attraente attraverso le nostre procedure cosmetiche avanzate. Uno dei nostri trattamenti altamente efficaci \u00e8 il lifting delle labbra, progettato per migliorare la forma e la posizione del labbro superiore, creando un aspetto pi\u00f9 equilibrato e attraente. Cos&#039;\u00e8 un lifting delle labbra? Un lifting delle labbra \u00e8 una procedura chirurgica che accorcia la distanza tra il naso e il labbro superiore, con conseguente forma delle labbra pi\u00f9 giovane e prominente. Questa procedura pu\u00f2 migliorare l&#039;aspetto delle labbra superiori sottili o allungate, migliorando l&#039;armonia generale del viso e del sorriso. Vantaggi di un lifting delle labbra I principali vantaggi di un lifting delle labbra includono: Forma delle labbra migliorata: sollevando il labbro superiore, questa procedura crea un contorno delle labbra pi\u00f9 definito e attraente. Volume delle labbra aumentato: un lifting delle labbra pu\u00f2 rendere il labbro superiore pi\u00f9 pieno e pi\u00f9 prominente senza la necessit\u00e0 di filler. Estetica del sorriso migliorata: accorciare la distanza tra il naso e il labbro superiore pu\u00f2 migliorare l&#039;aspetto del sorriso, rendendolo pi\u00f9 giovane e invitante. Risultati duraturi: gli effetti di un lifting delle labbra sono permanenti, fornendo un miglioramento duraturo all&#039;aspetto delle labbra. La procedura di lifting delle labbra Presso la clinica SURGYTEAM, i nostri chirurghi qualificati utilizzano tecniche avanzate per ottenere i migliori risultati possibili. Il lifting delle labbra pu\u00f2 essere eseguito in anestesia locale con sedazione o in anestesia generale. La procedura prevede i seguenti passaggi: Incisioni: viene eseguita una piccola incisione alla base del naso, nascosta tra le pieghe naturali, per ridurre al minimo le cicatrici visibili. Lifting e rimodellamento: la pelle in eccesso viene rimossa e il tessuto rimanente viene sollevato e fissato per ottenere la forma e la posizione desiderate per le labbra. Sutura: le incisioni vengono chiuse con suture e al paziente vengono fornite istruzioni per le cure postoperatorie. Recupero e cure successive Il recupero da un lifting delle labbra varia, ma la maggior parte dei pazienti avverte gonfiore e un leggero fastidio per i primi giorni. Il nostro team presso la clinica SURGYTEAM fornisce istruzioni dettagliate per le cure successive per garantire una convalescenza senza intoppi. \u00c8 importante tenere la testa sollevata, evitare attivit\u00e0 faticose e seguire le nostre linee guida per la cura del sito chirurgico. La maggior parte dei pazienti pu\u00f2 tornare al lavoro e alle normali attivit\u00e0 entro una settimana, anche se il recupero completo e i risultati finali possono richiedere diverse settimane. Scegliere la clinica SURGYTEAM per il tuo lifting delle labbra Alla clinica SURGYTEAM, diamo priorit\u00e0 alla soddisfazione e alla sicurezza del paziente. I nostri chirurghi esperti e il personale medico dedicato lavorano a stretto contatto con ogni paziente per sviluppare un piano di trattamento personalizzato che soddisfi le sue esigenze e i suoi obiettivi unici. Ci impegniamo a utilizzare le ultime tecnologie e tecniche per ottenere risultati dall&#039;aspetto naturale. Consulenza e pianificazione Il primo passo nel tuo percorso di lifting delle labbra \u00e8 una consulenza completa con uno dei nostri chirurghi esperti presso la clinica SURGYTEAM. Durante questa consulenza, discuteremo delle tue preoccupazioni, della tua storia medica e dei tuoi obiettivi estetici. Il nostro chirurgo valuter\u00e0 la struttura delle tue labbra e le proporzioni del viso per determinare l&#039;approccio pi\u00f9 adatto per il tuo intervento. Perch\u00e9 scegliere un lifting delle labbra? Molte persone cercano un lifting delle labbra per risolvere i problemi relativi a labbri superiori sottili o allungati. Questa procedura \u00e8 ideale per coloro che desiderano una forma delle labbra pi\u00f9 definita e giovanile senza la necessit\u00e0 di iniezioni di filler ripetute. Un lifting delle labbra pu\u00f2 fornire significativi miglioramenti estetici, aiutandoti a ottenere un aspetto pi\u00f9 equilibrato e attraente. Combinazione di procedure per risultati migliori Per risultati ancora pi\u00f9 spettacolari, molti pazienti scelgono di combinare il lifting delle labbra con altre procedure facciali. Alla clinica SURGYTEAM, offriamo una gamma di trattamenti complementari, tra cui rinoplastica, lifting e trattamenti di resurfacing cutaneo. Combinare le procedure pu\u00f2 fornire un ringiovanimento pi\u00f9 completo e un aspetto generale pi\u00f9 armonioso. Conclusione Se stai pensando a un lifting delle labbra per migliorare il tuo aspetto e aumentare la tua sicurezza, non cercare oltre la clinica SURGYTEAM. Il nostro team di chirurghi esperti \u00e8 impegnato a fornire la massima qualit\u00e0 di assistenza e a ottenere risultati eccezionali. Contattaci oggi per programmare la tua consulenza e fare il primo passo verso un sorriso pi\u00f9 giovane e attraente. COSA PUOI ASPETTARTI Fai clic sui link per scoprire di pi\u00f9 sulla procedura chirurgica scelta, comprese informazioni sulla degenza ospedaliera e sui tempi di recupero. Contattaci Lifting delle sopracciglia Blefaroplastica Rinoplastica Orecchie sporgenti Bichectomia Lifting delle labbra Lifting del viso Lifting del collo Lifting delle braccia Riduzione Mastoplastica additiva Mastoplastica additiva Mastopessi Addominoplastica Lifting della schiena Lifting brasiliano dei glutei Lifting delle cosce Humberger Toggle Menu<\/p>","protected":false},"author":1,"featured_media":0,"parent":0,"menu_order":0,"comment_status":"closed","ping_status":"closed","template":"elementor_header_footer","meta":{"content-type":"","_daextam_enable_autolinks":"","site-sidebar-layout":"default","site-content-layout":"","ast-site-content-layout":"default","site-content-style":"default","site-sidebar-style":"default","ast-global-header-display":"","ast-banner-title-visibility":"","ast-main-header-display":"","ast-hfb-above-header-display":"","ast-hfb-below-header-display":"","ast-hfb-mobile-header-display":"","site-post-title":"","ast-breadcrumbs-content":"","ast-featured-img":"","footer-sml-layout":"","ast-disable-related-posts":"","theme-transparent-header-meta":"","adv-header-id-meta":"","stick-header-meta":"","header-above-stick-meta":"","header-main-stick-meta":"","header-below-stick-meta":"","astra-migrate-meta-layouts":"default","ast-page-background-enabled":"default","ast-page-background-meta":{"desktop":{"background-color":"var(--ast-global-color-4)","background-image":"","background-repeat":"repeat","background-position":"center center","background-size":"auto","background-attachment":"scroll","background-type":"","background-media":"","overlay-type":"","overlay-color":"","overlay-opacity":"","overlay-gradient":""},"tablet":{"background-color":"","background-image":"","background-repeat":"repeat","background-position":"center center","background-size":"auto","background-attachment":"scroll","background-type":"","background-media":"","overlay-type":"","overlay-color":"","overlay-opacity":"","overlay-gradient":""},"mobile":{"background-color":"","background-image":"","background-repeat":"repeat","background-position":"center center","background-size":"auto","background-attachment":"scroll","background-type":"","background-media":"","overlay-type":"","overlay-color":"","overlay-opacity":"","overlay-gradient":""}},"ast-content-background-meta":{"desktop":{"background-color":"var(--ast-global-color-5)","background-image":"","background-repeat":"repeat","background-position":"center center","background-size":"auto","background-attachment":"scroll","background-type":"","background-media":"","overlay-type":"","overlay-color":"","overlay-opacity":"","overlay-gradient":""},"tablet":{"background-color":"var(--ast-global-color-5)","background-image":"","background-repeat":"repeat","background-position":"center center","background-size":"auto","background-attachment":"scroll","background-type":"","background-media":"","overlay-type":"","overlay-color":"","overlay-opacity":"","overlay-gradient":""},"mobile":{"background-color":"var(--ast-global-color-5)","background-image":"","background-repeat":"repeat","background-position":"center center","background-size":"auto","background-attachment":"scroll","background-type":"","background-media":"","overlay-type":"","overlay-color":"","overlay-opacity":"","overlay-gradient":""}},"footnotes":""},"class_list":["post-423","page","type-page","status-publish","hentry"],"_links":{"self":[{"href":"https:\/\/surgyteam.com\/it\/wp-json\/wp\/v2\/pages\/423","targetHints":{"allow":["GET"]}}],"collection":[{"href":"https:\/\/surgyteam.com\/it\/wp-json\/wp\/v2\/pages"}],"about":[{"href":"https:\/\/surgyteam.com\/it\/wp-json\/wp\/v2\/types\/page"}],"author":[{"embeddable":true,"href":"https:\/\/surgyteam.com\/it\/wp-json\/wp\/v2\/users\/1"}],"replies":[{"embeddable":true,"href":"https:\/\/surgyteam.com\/it\/wp-json\/wp\/v2\/comments?post=423"}],"version-history":[{"count":0,"href":"https:\/\/surgyteam.com\/it\/wp-json\/wp\/v2\/pages\/423\/revisions"}],"wp:attachment":[{"href":"https:\/\/surgyteam.com\/it\/wp-json\/wp\/v2\/media?parent=423"}],"curies":[{"name":"wp","href":"https:\/\/api.w.org\/{rel}","templated":true}]}}