{"id":460,"date":"2024-07-20T13:27:20","date_gmt":"2024-07-20T13:27:20","guid":{"rendered":"https:\/\/surgyteam.com\/?page_id=460"},"modified":"2024-07-20T17:11:09","modified_gmt":"2024-07-20T17:11:09","slug":"mastoplastica-additiva","status":"publish","type":"page","link":"https:\/\/surgyteam.com\/it\/augmentation-mammoplasty\/","title":{"rendered":"Mastoplastica additiva"},"content":{"rendered":"<div data-elementor-type=\"wp-page\" data-elementor-id=\"460\" class=\"elementor elementor-460\">\n\t\t\t\t<div class=\"elementor-element elementor-element-09cf3b8 e-flex e-con-boxed wpr-particle-no wpr-jarallax-no wpr-parallax-no wpr-sticky-section-no wpr-equal-height-no e-con e-parent\" data-id=\"09cf3b8\" data-element_type=\"container\" data-e-type=\"container\" data-settings=\"{&quot;background_background&quot;:&quot;classic&quot;}\">\n\t\t\t\t\t<div class=\"e-con-inner\">\n\t\t\t\t<div class=\"elementor-element elementor-element-6eaee70 elementor-widget elementor-widget-wpr-post-title\" data-id=\"6eaee70\" data-element_type=\"widget\" data-e-type=\"widget\" data-widget_type=\"wpr-post-title.default\">\n\t\t\t\t<div class=\"elementor-widget-container\">\n\t\t\t\t\t<h1 class=\"wpr-post-title\">Mastoplastica additiva<\/h1>\t\t\t\t<\/div>\n\t\t\t\t<\/div>\n\t\t\t\t\t<\/div>\n\t\t\t\t<\/div>\n\t\t<div class=\"elementor-element elementor-element-6ecccb3 e-flex e-con-boxed wpr-particle-no wpr-jarallax-no wpr-parallax-no wpr-sticky-section-no wpr-equal-height-no e-con e-parent\" data-id=\"6ecccb3\" data-element_type=\"container\" data-e-type=\"container\">\n\t\t\t\t\t<div class=\"e-con-inner\">\n\t\t<div class=\"elementor-element elementor-element-bd5f2bf e-con-full e-flex wpr-particle-no wpr-jarallax-no wpr-parallax-no wpr-sticky-section-no wpr-equal-height-no e-con e-child\" data-id=\"bd5f2bf\" data-element_type=\"container\" data-e-type=\"container\">\n\t\t\t\t<div class=\"elementor-element elementor-element-b88b836 elementor-widget elementor-widget-image\" data-id=\"b88b836\" data-element_type=\"widget\" data-e-type=\"widget\" data-widget_type=\"image.default\">\n\t\t\t\t<div class=\"elementor-widget-container\">\n\t\t\t\t\t\t\t\t\t\t\t\t\t\t\t<img fetchpriority=\"high\" decoding=\"async\" width=\"1024\" height=\"683\" src=\"https:\/\/surgyteam.com\/wp-content\/uploads\/2024\/07\/Augmentation-mammoplasty-1024x683.jpg\" class=\"attachment-large size-large wp-image-462\" alt=\"Mastoplastica additiva\" srcset=\"https:\/\/surgyteam.com\/wp-content\/uploads\/2024\/07\/Augmentation-mammoplasty-1024x683.jpg 1024w, https:\/\/surgyteam.com\/wp-content\/uploads\/2024\/07\/Augmentation-mammoplasty-300x200.jpg 300w, https:\/\/surgyteam.com\/wp-content\/uploads\/2024\/07\/Augmentation-mammoplasty-768x512.jpg 768w, https:\/\/surgyteam.com\/wp-content\/uploads\/2024\/07\/Augmentation-mammoplasty-1536x1024.jpg 1536w, https:\/\/surgyteam.com\/wp-content\/uploads\/2024\/07\/Augmentation-mammoplasty.jpg 1681w\" sizes=\"(max-width: 1024px) 100vw, 1024px\" \/>\t\t\t\t\t\t\t\t\t\t\t\t\t\t\t<\/div>\n\t\t\t\t<\/div>\n\t\t\t\t<div class=\"elementor-element elementor-element-c5acd1f elementor-widget elementor-widget-text-editor\" data-id=\"c5acd1f\" data-element_type=\"widget\" data-e-type=\"widget\" data-widget_type=\"text-editor.default\">\n\t\t\t\t<div class=\"elementor-widget-container\">\n\t\t\t\t\t\t\t\t\t<h2 class=\"western\"><span style=\"font-size: x-large;\"><b>Mastoplastica additiva presso la clinica SURGYTEAM<\/b><\/span><\/h2><p align=\"left\">Presso la clinica SURGYTEAM, ci dedichiamo ad aiutarti a raggiungere il contorno del corpo desiderato attraverso le nostre procedure cosmetiche avanzate. Uno dei nostri trattamenti altamente efficaci \u00e8 la mastoplastica additiva, progettata per migliorare le dimensioni e la forma del seno, fornendo una figura pi\u00f9 proporzionata e attraente.<\/p><h3 class=\"western\"><a name=\"_mxkgb26453xs\"><\/a> <span style=\"color: #000000;\"><span style=\"font-size: medium;\"><b>Che cosa \u00e8 la mastoplastica additiva?<\/b><\/span><\/span><\/h3><p align=\"left\">La mastoplastica additiva, nota anche come aumento del seno o mastoplastica additiva, \u00e8 una procedura chirurgica che utilizza impianti o trasferimento di grasso per aumentare le dimensioni e migliorare la forma del seno. Questa procedura pu\u00f2 aumentare il volume del seno, migliorare la simmetria e aumentare la sicurezza generale del corpo.<\/p><h3 class=\"western\"><a name=\"_gaslfrk1pw89\"><\/a> <span style=\"color: #000000;\"><span style=\"font-size: medium;\"><b>Vantaggi della mastoplastica additiva<\/b><\/span><\/span><\/h3><p align=\"left\">I principali vantaggi della mastoplastica additiva includono:<\/p><ul><li><p align=\"left\"><b>Aumento delle dimensioni e della forma del seno<\/b>:La mastoplastica additiva pu\u00f2 aumentare il volume del seno e migliorarne la forma e il contorno complessivi.<\/p><\/li><li><p align=\"left\"><b>Simmetria migliorata<\/b>: Questa procedura pu\u00f2 correggere i seni asimmetrici, creando un aspetto pi\u00f9 equilibrato e armonioso.<\/p><\/li><li><p align=\"left\"><b>Maggiore fiducia<\/b>:Un seno pi\u00f9 grande e pi\u00f9 tonico pu\u00f2 aumentare notevolmente l&#039;autostima e la sicurezza in s\u00e9 stessi.<\/p><\/li><li><p align=\"left\"><b>Risultati personalizzabili<\/b>: La mastoplastica additiva offre una variet\u00e0 di tipologie, dimensioni e forme di impianti per raggiungere gli obiettivi estetici desiderati.<\/p><\/li><\/ul><h3 class=\"western\"><a name=\"_dgil2oy1v2q0\"><\/a> <span style=\"color: #000000;\"><span style=\"font-size: medium;\"><b>La procedura di mastoplastica additiva<\/b><\/span><\/span><\/h3><p align=\"left\">Presso la clinica SURGYTEAM, i nostri abili chirurghi utilizzano tecniche avanzate per ottenere i migliori risultati possibili. La mastoplastica riduttiva pu\u00f2 essere eseguita in anestesia locale con sedazione o in anestesia generale. La procedura prevede i seguenti passaggi:<\/p><ul><li><p align=\"left\"><b>Incisioni<\/b>: Le incisioni possono essere effettuate in aree poco visibili come la piega sottomammaria (sotto il seno), periareolare (intorno al capezzolo) o transascellare (nell&#039;ascella) per ridurre al minimo le cicatrici visibili.<\/p><\/li><li><p align=\"left\"><b>Posizionamento dell&#039;impianto<\/b>: Gli impianti scelti (in silicone o soluzione salina) vengono posizionati sotto il tessuto mammario o sotto il muscolo toracico per ottenere la dimensione e la forma desiderate.<\/p><\/li><li><p align=\"left\"><b>Suturazione<\/b>: Le incisioni vengono chiuse con suture e al paziente vengono fornite istruzioni per la cura postoperatoria.<\/p><\/li><\/ul><h3 class=\"western\"><a name=\"_hsgntpm5i3tt\"><\/a> <span style=\"color: #000000;\"><span style=\"font-size: medium;\"><b>Recupero e post-trattamento<\/b><\/span><\/span><\/h3><p align=\"left\">Il recupero dalla mastoplastica riduttiva varia, ma la maggior parte dei pazienti avverte gonfiore e fastidio per le prime due settimane. Il nostro team presso la clinica SURGYTEAM fornisce istruzioni dettagliate per la cura postoperatoria per garantire un recupero senza intoppi. \u00c8 importante indossare un reggiseno di supporto, evitare attivit\u00e0 faticose e seguire le nostre linee guida per la cura del sito chirurgico. La maggior parte dei pazienti pu\u00f2 tornare al lavoro e alle normali attivit\u00e0 entro due o tre settimane, anche se il recupero completo e i risultati finali possono richiedere diversi mesi.<\/p><h3 class=\"western\"><a name=\"_ohhal04uv7z\"><\/a> <span style=\"color: #000000;\"><span style=\"font-size: medium;\"><b>Scegli la clinica SURGYTEAM per la tua mastoplastica additiva<\/b><\/span><\/span><\/h3><p align=\"left\">Presso la clinica SURGYTEAM, diamo priorit\u00e0 alla soddisfazione e alla sicurezza del paziente. I nostri chirurghi esperti e il personale medico dedicato lavorano a stretto contatto con ogni paziente per sviluppare un piano di trattamento personalizzato che soddisfi le sue esigenze e i suoi obiettivi unici. Ci impegniamo a utilizzare le tecnologie e le tecniche pi\u00f9 recenti per ottenere risultati dall&#039;aspetto naturale.<\/p><h3 class=\"western\"><a name=\"_24yo5g68v1qc\"><\/a> <span style=\"color: #000000;\"><span style=\"font-size: medium;\"><b>Consulenza e pianificazione<\/b><\/span><\/span><\/h3><p align=\"left\">Il primo passo nel tuo percorso di mastoplastica additiva \u00e8 una consulenza completa con uno dei nostri chirurghi esperti presso la clinica SURGYTEAM. Durante questa consulenza, discuteremo delle tue preoccupazioni, della tua storia clinica e dei tuoi obiettivi estetici. Il nostro chirurgo valuter\u00e0 l&#039;anatomia del tuo seno e le condizioni della tua pelle per determinare l&#039;approccio pi\u00f9 adatto al tuo intervento chirurgico.<\/p><h3 class=\"western\"><a name=\"_yz9yudaywf9c\"><\/a> <span style=\"color: #000000;\"><span style=\"font-size: medium;\"><b>Perch\u00e9 scegliere la mastoplastica additiva?<\/b><\/span><\/span><\/h3><p align=\"left\">Molte persone cercano la mastoplastica additiva per migliorare le dimensioni e la forma del seno, affrontando le preoccupazioni relative a seni piccoli o asimmetrici. Questa procedura \u00e8 ideale per coloro che desiderano ottenere una figura pi\u00f9 proporzionata e attraente, aumentando la sicurezza generale del corpo.<\/p><h3 class=\"western\"><a name=\"_d8xnrrk52hi9\"><\/a> <span style=\"color: #000000;\"><span style=\"font-size: medium;\"><b>Combinazione di procedure per risultati migliori<\/b><\/span><\/span><\/h3><p align=\"left\">Per risultati ancora pi\u00f9 spettacolari, molti pazienti scelgono di combinare la mastoplastica riduttiva con altre procedure di body contouring. Alla clinica SURGYTEAM offriamo una gamma di trattamenti complementari, tra cui liposuzione, addominoplastica e lifting delle braccia. Combinare le procedure pu\u00f2 fornire un ringiovanimento pi\u00f9 completo e un aspetto generale pi\u00f9 armonioso.<\/p><h3 class=\"western\"><a name=\"_7xshvwjbn91f\"><\/a> <span style=\"color: #000000;\"><span style=\"font-size: medium;\"><b>Conclusione<\/b><\/span><\/span><\/h3><p align=\"left\">Se stai pensando a una mastoplastica additiva per migliorare il tuo aspetto e aumentare la tua sicurezza, non cercare oltre la clinica SURGYTEAM. Il nostro team di chirurghi esperti \u00e8 impegnato a fornire la massima qualit\u00e0 di cure e a ottenere risultati eccezionali. Contattaci oggi stesso per programmare la tua consulenza e fare il primo passo verso un te pi\u00f9 proporzionato e attraente.<\/p>\t\t\t\t\t\t\t\t<\/div>\n\t\t\t\t<\/div>\n\t\t\t\t<\/div>\n\t\t<div class=\"elementor-element elementor-element-b373dbe e-con-full e-flex wpr-particle-no wpr-jarallax-no wpr-parallax-no wpr-sticky-section-no wpr-equal-height-no e-con e-child\" data-id=\"b373dbe\" data-element_type=\"container\" data-e-type=\"container\">\n\t\t\t\t<div class=\"elementor-element elementor-element-36389fc content-align-cta-default elementor-widget elementor-widget-eael-cta-box\" data-id=\"36389fc\" data-element_type=\"widget\" data-e-type=\"widget\" data-widget_type=\"eael-cta-box.default\">\n\t\t\t\t<div class=\"elementor-widget-container\">\n\t\t\t\t\t\t\t<div class=\"eael-call-to-action cta-basic bg-lite cta-preset-1\">\n        <h2 class=\"title eael-cta-heading\">COSA PUOI ASPETTARTI<\/h2><p>Clicca sui link per scoprire di pi\u00f9 sulla procedura chirurgica scelta, comprese le informazioni sul tuo ricovero ospedaliero e <a href=\"https:\/\/surgyteam.com\/it\/contattaci\/\" rel=\"sponsored\">tempo di recupero<\/a>.<\/p><a href=\"\/it\/contattaci\/\" class=\"cta-button cta-preset-1\">Contattaci<\/a>\t<\/div>\n\t\t\t\t\t\t\t\t<\/div>\n\t\t\t\t<\/div>\n\t\t\t\t<div class=\"elementor-element elementor-element-10f9dd3 eael-hamburger--none eael-simple-menu-hamburger-align-right elementor-widget elementor-widget-eael-simple-menu\" data-id=\"10f9dd3\" data-element_type=\"widget\" data-e-type=\"widget\" data-widget_type=\"eael-simple-menu.default\">\n\t\t\t\t<div class=\"elementor-widget-container\">\n\t\t\t\t\t            <div data-hamburger-icon=\"&lt;svg aria-hidden=&quot;true&quot; class=&quot;e-font-icon-svg e-fas-bars&quot; viewBox=&quot;0 0 448 512&quot; xmlns=&quot;http:\/\/www.w3.org\/2000\/svg&quot;&gt;&lt;path d=&quot;M16 132h416c8.837 0 16-7.163 16-16V76c0-8.837-7.163-16-16-16H16C7.163 60 0 67.163 0 76v40c0 8.837 7.163 16 16 16zm0 160h416c8.837 0 16-7.163 16-16v-40c0-8.837-7.163-16-16-16H16c-8.837 0-16 7.163-16 16v40c0 8.837 7.163 16 16 16zm0 160h416c8.837 0 16-7.163 16-16v-40c0-8.837-7.163-16-16-16H16c-8.837 0-16 7.163-16 16v40c0 8.837 7.163 16 16 16z&quot;&gt;&lt;\/path&gt;&lt;\/svg&gt;\" data-indicator-icon=\"&lt;svg aria-hidden=&quot;true&quot; class=&quot;e-font-icon-svg e-fas-angle-down&quot; viewBox=&quot;0 0 320 512&quot; xmlns=&quot;http:\/\/www.w3.org\/2000\/svg&quot;&gt;&lt;path d=&quot;M143 352.3L7 216.3c-9.4-9.4-9.4-24.6 0-33.9l22.6-22.6c9.4-9.4 24.6-9.4 33.9 0l96.4 96.4 96.4-96.4c9.4-9.4 24.6-9.4 33.9 0l22.6 22.6c9.4 9.4 9.4 24.6 0 33.9l-136 136c-9.2 9.4-24.4 9.4-33.8 0z&quot;&gt;&lt;\/path&gt;&lt;\/svg&gt;\" data-dropdown-indicator-icon=\"&lt;svg class=&quot;e-font-icon-svg e-fas-angle-down&quot; viewBox=&quot;0 0 320 512&quot; xmlns=&quot;http:\/\/www.w3.org\/2000\/svg&quot;&gt;&lt;path d=&quot;M143 352.3L7 216.3c-9.4-9.4-9.4-24.6 0-33.9l22.6-22.6c9.4-9.4 24.6-9.4 33.9 0l96.4 96.4 96.4-96.4c9.4-9.4 24.6-9.4 33.9 0l22.6 22.6c9.4 9.4 9.4 24.6 0 33.9l-136 136c-9.2 9.4-24.4 9.4-33.8 0z&quot;&gt;&lt;\/path&gt;&lt;\/svg&gt;\" class=\"eael-simple-menu-container eael-simple-menu--loading eael-simple-menu-align-left eael-simple-menu-dropdown-align-left preset-2\" data-hamburger-breakpoints=\"{&quot;mobile&quot;:&quot;Mobile Portrait (&gt; 767px)&quot;,&quot;tablet&quot;:&quot;Tablet verticale (&gt; 1024px)&quot;,&quot;desktop&quot;:&quot;Desktop (&gt; 2400px)&quot;,&quot;none&quot;:&quot;None&quot;}\" data-hamburger-device=\"none\">\n                <ul id=\"menu-estetik-cerrahi-islemler\" class=\"eael-simple-menu eael-simple-menu-dropdown-animate-to-top eael-simple-menu-indicator eael-simple-menu-vertical\"><li id=\"menu-item-539\" class=\"menu-item menu-item-type-post_type menu-item-object-page menu-item-539\"><a href=\"https:\/\/surgyteam.com\/it\/brow-lift\/\" class=\"menu-link\">Lifting delle sopracciglia<\/a><\/li>\n<li id=\"menu-item-538\" class=\"menu-item menu-item-type-post_type menu-item-object-page menu-item-538\"><a href=\"https:\/\/surgyteam.com\/it\/blepharoplasty\/\" class=\"menu-link\">Blefaroplastica<\/a><\/li>\n<li id=\"menu-item-537\" class=\"menu-item menu-item-type-post_type menu-item-object-page menu-item-537\"><a href=\"https:\/\/surgyteam.com\/it\/rhinoplasty\/\" class=\"menu-link\">Rinoplastica<\/a><\/li>\n<li id=\"menu-item-541\" class=\"menu-item menu-item-type-post_type menu-item-object-page menu-item-541\"><a href=\"https:\/\/surgyteam.com\/it\/prominent-ear\/\" class=\"menu-link\">Orecchio prominente<\/a><\/li>\n<li id=\"menu-item-535\" class=\"menu-item menu-item-type-post_type menu-item-object-page menu-item-535\"><a href=\"https:\/\/surgyteam.com\/it\/bichectomy\/\" class=\"menu-link\">Bichectomia<\/a><\/li>\n<li id=\"menu-item-534\" class=\"menu-item menu-item-type-post_type menu-item-object-page menu-item-534\"><a href=\"https:\/\/surgyteam.com\/it\/lip-lift\/\" class=\"menu-link\">Lifting delle labbra<\/a><\/li>\n<li id=\"menu-item-533\" class=\"menu-item menu-item-type-post_type menu-item-object-page menu-item-533\"><a href=\"https:\/\/surgyteam.com\/it\/face-lift\/\" class=\"menu-link\">Lifting del viso<\/a><\/li>\n<li id=\"menu-item-532\" class=\"menu-item menu-item-type-post_type menu-item-object-page menu-item-532\"><a href=\"https:\/\/surgyteam.com\/it\/neck-lift\/\" class=\"menu-link\">Lifting del collo<\/a><\/li>\n<li id=\"menu-item-531\" class=\"menu-item menu-item-type-post_type menu-item-object-page menu-item-531\"><a href=\"https:\/\/surgyteam.com\/it\/arm-lift\/\" class=\"menu-link\">Lifting delle braccia<\/a><\/li>\n<li id=\"menu-item-530\" class=\"menu-item menu-item-type-post_type menu-item-object-page menu-item-530\"><a href=\"https:\/\/surgyteam.com\/it\/reduction-mammoplasty\/\" class=\"menu-link\">Mastoplastica riduttiva<\/a><\/li>\n<li id=\"menu-item-529\" class=\"menu-item menu-item-type-post_type menu-item-object-page menu-item-529\"><a href=\"https:\/\/surgyteam.com\/it\/augmentation-mammoplasty\/\" class=\"menu-link\">Mastoplastica additiva<\/a><\/li>\n<li id=\"menu-item-528\" class=\"menu-item menu-item-type-post_type menu-item-object-page menu-item-528\"><a href=\"https:\/\/surgyteam.com\/it\/augmentation-mastopexy\/\" class=\"menu-link\">Mastopessi additiva<\/a><\/li>\n<li id=\"menu-item-556\" class=\"menu-item menu-item-type-post_type menu-item-object-page menu-item-556\"><a href=\"https:\/\/surgyteam.com\/it\/tummy-tuck\/\" class=\"menu-link\">Addominoplastica<\/a><\/li>\n<li id=\"menu-item-527\" class=\"menu-item menu-item-type-post_type menu-item-object-page menu-item-527\"><a href=\"https:\/\/surgyteam.com\/it\/back-lift\/\" class=\"menu-link\">Sollevamento della schiena<\/a><\/li>\n<li id=\"menu-item-526\" class=\"menu-item menu-item-type-post_type menu-item-object-page menu-item-526\"><a href=\"https:\/\/surgyteam.com\/it\/brasilian-butt-lift\/\" class=\"menu-link\">Lifting dei glutei brasiliano<\/a><\/li>\n<li id=\"menu-item-540\" class=\"menu-item menu-item-type-post_type menu-item-object-page menu-item-540\"><a href=\"https:\/\/surgyteam.com\/it\/360-liposuction\/\" class=\"menu-link\">Lifting delle cosce<\/a><\/li>\n<\/ul>                <button class=\"eael-simple-menu-toggle\">\n                    <span class=\"sr-only\">Menu a discesa dell&#039;hamburger<\/span>\n                    <svg aria-hidden=\"true\" class=\"e-font-icon-svg e-fas-bars\" viewbox=\"0 0 448 512\" xmlns=\"http:\/\/www.w3.org\/2000\/svg\"><path d=\"M16 132h416c8.837 0 16-7.163 16-16V76c0-8.837-7.163-16-16-16H16C7.163 60 0 67.163 0 76v40c0 8.837 7.163 16 16 16zm0 160h416c8.837 0 16-7.163 16-16v-40c0-8.837-7.163-16-16-16H16c-8.837 0-16 7.163-16 16v40c0 8.837 7.163 16 16 16zm0 160h416c8.837 0 16-7.163 16-16v-40c0-8.837-7.163-16-16-16H16c-8.837 0-16 7.163-16 16v40c0 8.837 7.163 16 16 16z\"><\/path><\/svg>                <\/button>\n            <\/div>\n            \t\t\t\t<\/div>\n\t\t\t\t<\/div>\n\t\t\t\t<\/div>\n\t\t\t\t\t<\/div>\n\t\t\t\t<\/div>\n\t\t\t\t<\/div>","protected":false},"excerpt":{"rendered":"<p>Augmentation Mammoplasty Augmentation Mammoplasty at SURGYTEAM Clinic At SURGYTEAM Clinic, we are dedicated to helping you achieve your desired body contour through our advanced cosmetic procedures. One of our highly effective treatments is augmentation mammoplasty, designed to enhance the size and shape of the breasts, providing a more proportionate and attractive figure. What is Augmentation Mammoplasty? Augmentation mammoplasty, also known as breast augmentation or augmentation mammaplasty, is a surgical procedure that uses implants or fat transfer to increase the size and improve the shape of the breasts. This procedure can enhance breast volume, improve symmetry, and boost overall body confidence. Benefits of Augmentation Mammoplasty The primary benefits of augmentation mammoplasty include: Enhanced Breast Size and Shape: Augmentation mammoplasty can increase breast volume and improve the overall shape and contour of the breasts. Improved Symmetry: This procedure can correct asymmetrical breasts, creating a more balanced and harmonious appearance. Boosted Confidence: Enhanced breast size and shape can greatly enhance self-esteem and confidence. Customizable Results: Augmentation mammoplasty offers a variety of implant types, sizes, and shapes to achieve the desired aesthetic goals. The Augmentation Mammoplasty Procedure At SURGYTEAM Clinic, our skilled surgeons use advanced techniques to achieve the best possible outcomes. Augmentation mammoplasty can be performed under local anesthesia with sedation or general anesthesia. The procedure involves the following steps: Incisions: Incisions can be made in inconspicuous areas such as the inframammary fold (under the breast), periareolar (around the nipple), or transaxillary (in the armpit) to minimize visible scarring. Implant Placement: The chosen implants (silicone or saline) are placed either under the breast tissue or beneath the chest muscle to achieve the desired size and shape. Suturing: The incisions are closed with sutures, and the patient is provided with post-operative care instructions. Recovery and Aftercare Recovery from augmentation mammoplasty varies, but most patients experience swelling and discomfort for the first week. Our team at SURGYTEAM Clinic provides detailed aftercare instructions to ensure a smooth recovery. It is important to wear a supportive bra, avoid strenuous activities, and follow our guidelines for caring for the surgical site. Most patients can return to work and normal activities within one to two weeks, although full recovery and the final results can take several months. Choosing SURGYTEAM Clinic for Your Augmentation Mammoplasty At SURGYTEAM Clinic, we prioritize patient satisfaction and safety. Our experienced surgeons and dedicated medical staff work closely with each patient to develop a personalized treatment plan that meets their unique needs and goals. We are committed to using the latest technology and techniques to achieve natural-looking results. Consultation and Planning The first step in your augmentation mammoplasty journey is a comprehensive consultation with one of our expert surgeons at SURGYTEAM Clinic. During this consultation, we will discuss your concerns, medical history, and aesthetic goals. Our surgeon will evaluate your breast anatomy and skin condition to determine the most suitable approach for your surgery. Why Choose Augmentation Mammoplasty? Many individuals seek augmentation mammoplasty to enhance their breast size and shape, addressing concerns about small or asymmetrical breasts. This procedure is ideal for those who want to achieve a more proportionate and attractive figure, boosting overall body confidence. Combining Procedures for Enhanced Results For even more dramatic results, many patients choose to combine their augmentation mammoplasty with other body contouring procedures. At SURGYTEAM Clinic, we offer a range of complementary treatments, including breast lifts, tummy tucks, and liposuction. Combining procedures can provide a more comprehensive rejuvenation and a more harmonious overall appearance. Conclusion If you\u2019re considering augmentation mammoplasty to enhance your appearance and boost your confidence, look no further than SURGYTEAM Clinic. Our team of experienced surgeons is dedicated to providing the highest quality care and achieving outstanding results. Contact us today to schedule your consultation and take the first step toward a more proportionate, attractive you. WHAT CAN YOU EXPECT Click on the links to discover more about your chosen surgical procedure, including information about your hospital stay and recovery time. Contact Us Brow lift Blepharoplasty Rhinoplasty Prominent ear Bichectomy Lip lift Face lift Neck Lift Arm Lift Reduction Mammoplasty Augmentation Mammoplasty Augmentation Mastopexy Tummy Tuck Back Lift Brasilian Butt Lift Thigh Lift Humberger Toggle Menu<\/p>","protected":false},"author":1,"featured_media":0,"parent":0,"menu_order":0,"comment_status":"closed","ping_status":"closed","template":"elementor_header_footer","meta":{"content-type":"","_daextam_enable_autolinks":"","site-sidebar-layout":"default","site-content-layout":"","ast-site-content-layout":"default","site-content-style":"default","site-sidebar-style":"default","ast-global-header-display":"","ast-banner-title-visibility":"","ast-main-header-display":"","ast-hfb-above-header-display":"","ast-hfb-below-header-display":"","ast-hfb-mobile-header-display":"","site-post-title":"","ast-breadcrumbs-content":"","ast-featured-img":"","footer-sml-layout":"","ast-disable-related-posts":"","theme-transparent-header-meta":"","adv-header-id-meta":"","stick-header-meta":"","header-above-stick-meta":"","header-main-stick-meta":"","header-below-stick-meta":"","astra-migrate-meta-layouts":"default","ast-page-background-enabled":"default","ast-page-background-meta":{"desktop":{"background-color":"var(--ast-global-color-4)","background-image":"","background-repeat":"repeat","background-position":"center center","background-size":"auto","background-attachment":"scroll","background-type":"","background-media":"","overlay-type":"","overlay-color":"","overlay-opacity":"","overlay-gradient":""},"tablet":{"background-color":"","background-image":"","background-repeat":"repeat","background-position":"center center","background-size":"auto","background-attachment":"scroll","background-type":"","background-media":"","overlay-type":"","overlay-color":"","overlay-opacity":"","overlay-gradient":""},"mobile":{"background-color":"","background-image":"","background-repeat":"repeat","background-position":"center center","background-size":"auto","background-attachment":"scroll","background-type":"","background-media":"","overlay-type":"","overlay-color":"","overlay-opacity":"","overlay-gradient":""}},"ast-content-background-meta":{"desktop":{"background-color":"var(--ast-global-color-5)","background-image":"","background-repeat":"repeat","background-position":"center center","background-size":"auto","background-attachment":"scroll","background-type":"","background-media":"","overlay-type":"","overlay-color":"","overlay-opacity":"","overlay-gradient":""},"tablet":{"background-color":"var(--ast-global-color-5)","background-image":"","background-repeat":"repeat","background-position":"center center","background-size":"auto","background-attachment":"scroll","background-type":"","background-media":"","overlay-type":"","overlay-color":"","overlay-opacity":"","overlay-gradient":""},"mobile":{"background-color":"var(--ast-global-color-5)","background-image":"","background-repeat":"repeat","background-position":"center center","background-size":"auto","background-attachment":"scroll","background-type":"","background-media":"","overlay-type":"","overlay-color":"","overlay-opacity":"","overlay-gradient":""}},"footnotes":""},"class_list":["post-460","page","type-page","status-publish","hentry"],"_links":{"self":[{"href":"https:\/\/surgyteam.com\/it\/wp-json\/wp\/v2\/pages\/460","targetHints":{"allow":["GET"]}}],"collection":[{"href":"https:\/\/surgyteam.com\/it\/wp-json\/wp\/v2\/pages"}],"about":[{"href":"https:\/\/surgyteam.com\/it\/wp-json\/wp\/v2\/types\/page"}],"author":[{"embeddable":true,"href":"https:\/\/surgyteam.com\/it\/wp-json\/wp\/v2\/users\/1"}],"replies":[{"embeddable":true,"href":"https:\/\/surgyteam.com\/it\/wp-json\/wp\/v2\/comments?post=460"}],"version-history":[{"count":0,"href":"https:\/\/surgyteam.com\/it\/wp-json\/wp\/v2\/pages\/460\/revisions"}],"wp:attachment":[{"href":"https:\/\/surgyteam.com\/it\/wp-json\/wp\/v2\/media?parent=460"}],"curies":[{"name":"wp","href":"https:\/\/api.w.org\/{rel}","templated":true}]}}