{"id":479,"date":"2024-07-20T16:37:12","date_gmt":"2024-07-20T16:37:12","guid":{"rendered":"https:\/\/surgyteam.com\/?page_id=479"},"modified":"2024-07-20T18:53:23","modified_gmt":"2024-07-20T18:53:23","slug":"addominoplastica","status":"publish","type":"page","link":"https:\/\/surgyteam.com\/it\/tummy-tuck\/","title":{"rendered":"Addominoplastica"},"content":{"rendered":"<div data-elementor-type=\"wp-page\" data-elementor-id=\"479\" class=\"elementor elementor-479\">\n\t\t\t\t<div class=\"elementor-element elementor-element-09cf3b8 e-flex e-con-boxed wpr-particle-no wpr-jarallax-no wpr-parallax-no wpr-sticky-section-no wpr-equal-height-no e-con e-parent\" data-id=\"09cf3b8\" data-element_type=\"container\" data-e-type=\"container\" data-settings=\"{&quot;background_background&quot;:&quot;classic&quot;}\">\n\t\t\t\t\t<div class=\"e-con-inner\">\n\t\t\t\t<div class=\"elementor-element elementor-element-6eaee70 elementor-widget elementor-widget-wpr-post-title\" data-id=\"6eaee70\" data-element_type=\"widget\" data-e-type=\"widget\" data-widget_type=\"wpr-post-title.default\">\n\t\t\t\t<div class=\"elementor-widget-container\">\n\t\t\t\t\t<h1 class=\"wpr-post-title\">Addominoplastica<\/h1>\t\t\t\t<\/div>\n\t\t\t\t<\/div>\n\t\t\t\t\t<\/div>\n\t\t\t\t<\/div>\n\t\t<div class=\"elementor-element elementor-element-6ecccb3 e-flex e-con-boxed wpr-particle-no wpr-jarallax-no wpr-parallax-no wpr-sticky-section-no wpr-equal-height-no e-con e-parent\" data-id=\"6ecccb3\" data-element_type=\"container\" data-e-type=\"container\">\n\t\t\t\t\t<div class=\"e-con-inner\">\n\t\t<div class=\"elementor-element elementor-element-bd5f2bf e-con-full e-flex wpr-particle-no wpr-jarallax-no wpr-parallax-no wpr-sticky-section-no wpr-equal-height-no e-con e-child\" data-id=\"bd5f2bf\" data-element_type=\"container\" data-e-type=\"container\">\n\t\t\t\t<div class=\"elementor-element elementor-element-b88b836 elementor-widget elementor-widget-image\" data-id=\"b88b836\" data-element_type=\"widget\" data-e-type=\"widget\" data-widget_type=\"image.default\">\n\t\t\t\t<div class=\"elementor-widget-container\">\n\t\t\t\t\t\t\t\t\t\t\t\t\t\t\t<img fetchpriority=\"high\" decoding=\"async\" width=\"778\" height=\"350\" src=\"https:\/\/surgyteam.com\/wp-content\/uploads\/2024\/07\/liposuction.jpg\" class=\"attachment-large size-large wp-image-278\" alt=\"liposuzione\" srcset=\"https:\/\/surgyteam.com\/wp-content\/uploads\/2024\/07\/liposuction.jpg 778w, https:\/\/surgyteam.com\/wp-content\/uploads\/2024\/07\/liposuction-300x135.jpg 300w, https:\/\/surgyteam.com\/wp-content\/uploads\/2024\/07\/liposuction-768x346.jpg 768w\" sizes=\"(max-width: 778px) 100vw, 778px\" \/>\t\t\t\t\t\t\t\t\t\t\t\t\t\t\t<\/div>\n\t\t\t\t<\/div>\n\t\t\t\t<div class=\"elementor-element elementor-element-c5acd1f elementor-widget elementor-widget-text-editor\" data-id=\"c5acd1f\" data-element_type=\"widget\" data-e-type=\"widget\" data-widget_type=\"text-editor.default\">\n\t\t\t\t<div class=\"elementor-widget-container\">\n\t\t\t\t\t\t\t\t\t<p><strong>Addominoplastica<\/strong><\/p><p>Presso la clinica SURGYTEAM, siamo specializzati nell&#039;aiutare i nostri pazienti a ottenere un addome pi\u00f9 piatto e tonico attraverso le nostre procedure cosmetiche avanzate. Uno dei nostri trattamenti pi\u00f9 efficaci \u00e8 l&#039;addominoplastica, nota anche come addominoplastica, che rimuove la pelle e il grasso in eccesso, rassodando i muscoli addominali per creare un addome pi\u00f9 liscio e sodo.<\/p><p><strong>Cos&#039;\u00e8 l&#039;addominoplastica?<\/strong><\/p><ul><li><strong>Rimozione della pelle in eccesso:<\/strong> Eliminare la pelle in eccesso che spesso rimane dopo una significativa perdita di peso o una gravidanza.<\/li><li><strong>Rassodamento dei muscoli addominali:<\/strong> Rafforzare e rassodare i muscoli della parete addominale per ripristinare la forza del core e migliorare il contorno addominale.<\/li><li><strong>Modellare il girovita:<\/strong> Esalta la forma e la definizione del punto vita per un aspetto pi\u00f9 scolpito.<\/li><\/ul><p>\u00a0<\/p><p><strong>Vantaggi della procedura di addominoplastica<\/strong><\/p><ul><li><strong>Profilo addominale pi\u00f9 piatto:<\/strong> La rimozione della pelle e del grasso in eccesso conferisce un contorno addominale pi\u00f9 liscio e piatto.<\/li><li><strong>Muscoli addominali tesi:<\/strong> Miglioramento della forza del core e della postura.<\/li><li><strong>Maggiore sicurezza nel proprio corpo:<\/strong> Ottenere una figura pi\u00f9 tonica e proporzionata pu\u00f2 aumentare l&#039;autostima.<\/li><li><strong>Irritazione cutanea ridotta:<\/strong> Allevia il disagio causato da pieghe cutanee eccessive e irritazioni.<\/li><\/ul><p><strong>La procedura di addominoplastica<\/strong><\/p><p>Presso la clinica SURGYTEAM, i nostri abili chirurghi eseguono interventi di addominoplastica con meticolosa attenzione ai dettagli e alla sicurezza del paziente. Ecco cosa puoi aspettarti:<\/p><ul><li><strong>Anestesia:<\/strong> Somministrato per garantire il massimo comfort durante tutta la procedura.<\/li><li><strong>Posizionamento dell&#039;incisione:<\/strong> Le incisioni vengono eseguite strategicamente per ridurre al minimo le cicatrici visibili.<\/li><li><strong>Rimozione di pelle e grasso:<\/strong> La pelle e il grasso in eccesso vengono rimossi con precisione.<\/li><li><strong>Riparazione muscolare:<\/strong> I muscoli addominali vengono tesi e suturati in una posizione pi\u00f9 ferma.<\/li><li><strong>Contorno e sutura:<\/strong> La pelle rimanente viene attentamente rimodellata e suturata per ottenere risultati ottimali.<\/li><\/ul><p>\u00a0<\/p><p><strong>Recupero e post-trattamento<\/strong><\/p><ul><li><strong>Attivit\u00e0 fisica:<\/strong> Si consiglia di camminare leggermente subito dopo l&#039;intervento per favorire la circolazione, ma si consiglia di evitare attivit\u00e0 faticose.<\/li><li><strong>Gonfiore e lividi:<\/strong> Come previsto dopo l&#039;intervento chirurgico, questi sintomi diminuiscono gradualmente con un&#039;adeguata elevazione e impacchi freddi.<\/li><li><strong>Appuntamenti di follow-up:<\/strong> Essenziale per monitorare i progressi della guarigione e garantire risultati ottimali.<\/li><li><strong>Risultati a lungo termine:<\/strong> Mantenere un peso stabile e uno stile di vita sano prolunga i benefici della procedura.<\/li><\/ul><p><strong>Scegli la clinica SURGYTEAM per la tua addominoplastica<\/strong><\/p><p>Alla clinica SURGYTEAM diamo priorit\u00e0 alla sicurezza del paziente, alla soddisfazione e ai risultati dall&#039;aspetto naturale. I motivi per cui i pazienti ci scelgono includono:<\/p><ul><li><strong>Chirurghi esperti:<\/strong> Specialisti certificati con vasta esperienza negli interventi di addominoplastica.<\/li><li><strong>Assistenza personalizzata:<\/strong> Consulenze e trattamenti personalizzati per soddisfare le esigenze individuali.<\/li><li><strong>Strutture all&#039;avanguardia:<\/strong> Dotato di tecnologia avanzata per interventi chirurgici sicuri e confortevoli.<\/li><li><strong>Supporto completo:<\/strong> Dalla consulenza alla ripresa, personale dedicato fornisce assistenza e guida costanti.<\/li><\/ul><p><strong>Consulenza e pianificazione<\/strong><\/p><p>Il tuo viaggio inizia con una consulenza riservata:<\/p><ul><li><strong>Valutazione:<\/strong> Valutazione della zona addominale e discussione dei tuoi obiettivi.<\/li><li><strong>Piano di trattamento personalizzato:<\/strong> Procedura personalizzata in base alla tua anatomia e ai risultati desiderati.<\/li><li><strong>Istruzione e preparazione:<\/strong> Informazioni dettagliate sulla procedura e istruzioni esaustive per la cura pre e post operatoria.<\/li><\/ul><p><strong>Conclusione<\/strong><\/p><p>Se desideri un addome pi\u00f9 liscio e sodo per aumentare la tua sicurezza, la clinica SURGYTEAM offre una guida e un supporto da esperti. Contattaci oggi stesso per programmare la tua consulenza e fare il primo passo verso il raggiungimento dei tuoi obiettivi estetici con il nostro team esperto.<\/p>\t\t\t\t\t\t\t\t<\/div>\n\t\t\t\t<\/div>\n\t\t\t\t<\/div>\n\t\t<div class=\"elementor-element elementor-element-b373dbe e-con-full e-flex wpr-particle-no wpr-jarallax-no wpr-parallax-no wpr-sticky-section-no wpr-equal-height-no e-con e-child\" data-id=\"b373dbe\" data-element_type=\"container\" data-e-type=\"container\">\n\t\t\t\t<div class=\"elementor-element elementor-element-36389fc content-align-cta-default elementor-widget elementor-widget-eael-cta-box\" data-id=\"36389fc\" data-element_type=\"widget\" data-e-type=\"widget\" data-widget_type=\"eael-cta-box.default\">\n\t\t\t\t<div class=\"elementor-widget-container\">\n\t\t\t\t\t\t\t<div class=\"eael-call-to-action cta-basic bg-lite cta-preset-1\">\n        <h2 class=\"title eael-cta-heading\">COSA PUOI ASPETTARTI<\/h2><p>Clicca sui link per scoprire di pi\u00f9 sulla procedura chirurgica scelta, comprese le informazioni sul tuo ricovero ospedaliero e <a href=\"https:\/\/surgyteam.com\/it\/contattaci\/\" rel=\"sponsored\">tempo di recupero<\/a>.<\/p><a href=\"\/it\/contattaci\/\" class=\"cta-button cta-preset-1\">Contattaci<\/a>\t<\/div>\n\t\t\t\t\t\t\t\t<\/div>\n\t\t\t\t<\/div>\n\t\t\t\t<div class=\"elementor-element elementor-element-efa78f5 eael-hamburger--none eael-simple-menu-hamburger-align-right elementor-widget elementor-widget-eael-simple-menu\" data-id=\"efa78f5\" data-element_type=\"widget\" data-e-type=\"widget\" data-widget_type=\"eael-simple-menu.default\">\n\t\t\t\t<div class=\"elementor-widget-container\">\n\t\t\t\t\t            <div data-hamburger-icon=\"&lt;svg aria-hidden=&quot;true&quot; class=&quot;e-font-icon-svg e-fas-bars&quot; viewBox=&quot;0 0 448 512&quot; xmlns=&quot;http:\/\/www.w3.org\/2000\/svg&quot;&gt;&lt;path d=&quot;M16 132h416c8.837 0 16-7.163 16-16V76c0-8.837-7.163-16-16-16H16C7.163 60 0 67.163 0 76v40c0 8.837 7.163 16 16 16zm0 160h416c8.837 0 16-7.163 16-16v-40c0-8.837-7.163-16-16-16H16c-8.837 0-16 7.163-16 16v40c0 8.837 7.163 16 16 16zm0 160h416c8.837 0 16-7.163 16-16v-40c0-8.837-7.163-16-16-16H16c-8.837 0-16 7.163-16 16v40c0 8.837 7.163 16 16 16z&quot;&gt;&lt;\/path&gt;&lt;\/svg&gt;\" data-indicator-icon=\"&lt;svg aria-hidden=&quot;true&quot; class=&quot;e-font-icon-svg e-fas-angle-down&quot; viewBox=&quot;0 0 320 512&quot; xmlns=&quot;http:\/\/www.w3.org\/2000\/svg&quot;&gt;&lt;path d=&quot;M143 352.3L7 216.3c-9.4-9.4-9.4-24.6 0-33.9l22.6-22.6c9.4-9.4 24.6-9.4 33.9 0l96.4 96.4 96.4-96.4c9.4-9.4 24.6-9.4 33.9 0l22.6 22.6c9.4 9.4 9.4 24.6 0 33.9l-136 136c-9.2 9.4-24.4 9.4-33.8 0z&quot;&gt;&lt;\/path&gt;&lt;\/svg&gt;\" data-dropdown-indicator-icon=\"&lt;svg class=&quot;e-font-icon-svg e-fas-angle-down&quot; viewBox=&quot;0 0 320 512&quot; xmlns=&quot;http:\/\/www.w3.org\/2000\/svg&quot;&gt;&lt;path d=&quot;M143 352.3L7 216.3c-9.4-9.4-9.4-24.6 0-33.9l22.6-22.6c9.4-9.4 24.6-9.4 33.9 0l96.4 96.4 96.4-96.4c9.4-9.4 24.6-9.4 33.9 0l22.6 22.6c9.4 9.4 9.4 24.6 0 33.9l-136 136c-9.2 9.4-24.4 9.4-33.8 0z&quot;&gt;&lt;\/path&gt;&lt;\/svg&gt;\" class=\"eael-simple-menu-container eael-simple-menu--loading eael-simple-menu-align-left eael-simple-menu-dropdown-align-left preset-2\" data-hamburger-breakpoints=\"{&quot;mobile&quot;:&quot;Mobile Portrait (&gt; 767px)&quot;,&quot;tablet&quot;:&quot;Tablet verticale (&gt; 1024px)&quot;,&quot;desktop&quot;:&quot;Desktop (&gt; 2400px)&quot;,&quot;none&quot;:&quot;None&quot;}\" data-hamburger-device=\"none\">\n                <ul id=\"menu-estetik-cerrahi-islemler\" class=\"eael-simple-menu eael-simple-menu-dropdown-animate-to-top eael-simple-menu-indicator eael-simple-menu-vertical\"><li id=\"menu-item-539\" class=\"menu-item menu-item-type-post_type menu-item-object-page menu-item-539\"><a href=\"https:\/\/surgyteam.com\/it\/brow-lift\/\" class=\"menu-link\">Lifting delle sopracciglia<\/a><\/li>\n<li id=\"menu-item-538\" class=\"menu-item menu-item-type-post_type menu-item-object-page menu-item-538\"><a href=\"https:\/\/surgyteam.com\/it\/blepharoplasty\/\" class=\"menu-link\">Blefaroplastica<\/a><\/li>\n<li id=\"menu-item-537\" class=\"menu-item menu-item-type-post_type menu-item-object-page menu-item-537\"><a href=\"https:\/\/surgyteam.com\/it\/rhinoplasty\/\" class=\"menu-link\">Rinoplastica<\/a><\/li>\n<li id=\"menu-item-541\" class=\"menu-item menu-item-type-post_type menu-item-object-page menu-item-541\"><a href=\"https:\/\/surgyteam.com\/it\/prominent-ear\/\" class=\"menu-link\">Orecchio prominente<\/a><\/li>\n<li id=\"menu-item-535\" class=\"menu-item menu-item-type-post_type menu-item-object-page menu-item-535\"><a href=\"https:\/\/surgyteam.com\/it\/bichectomy\/\" class=\"menu-link\">Bichectomia<\/a><\/li>\n<li id=\"menu-item-534\" class=\"menu-item menu-item-type-post_type menu-item-object-page menu-item-534\"><a href=\"https:\/\/surgyteam.com\/it\/lip-lift\/\" class=\"menu-link\">Lifting delle labbra<\/a><\/li>\n<li id=\"menu-item-533\" class=\"menu-item menu-item-type-post_type menu-item-object-page menu-item-533\"><a href=\"https:\/\/surgyteam.com\/it\/face-lift\/\" class=\"menu-link\">Lifting del viso<\/a><\/li>\n<li id=\"menu-item-532\" class=\"menu-item menu-item-type-post_type menu-item-object-page menu-item-532\"><a href=\"https:\/\/surgyteam.com\/it\/neck-lift\/\" class=\"menu-link\">Lifting del collo<\/a><\/li>\n<li id=\"menu-item-531\" class=\"menu-item menu-item-type-post_type menu-item-object-page menu-item-531\"><a href=\"https:\/\/surgyteam.com\/it\/arm-lift\/\" class=\"menu-link\">Lifting delle braccia<\/a><\/li>\n<li id=\"menu-item-530\" class=\"menu-item menu-item-type-post_type menu-item-object-page menu-item-530\"><a href=\"https:\/\/surgyteam.com\/it\/reduction-mammoplasty\/\" class=\"menu-link\">Mastoplastica riduttiva<\/a><\/li>\n<li id=\"menu-item-529\" class=\"menu-item menu-item-type-post_type menu-item-object-page menu-item-529\"><a href=\"https:\/\/surgyteam.com\/it\/augmentation-mammoplasty\/\" class=\"menu-link\">Mastoplastica additiva<\/a><\/li>\n<li id=\"menu-item-528\" class=\"menu-item menu-item-type-post_type menu-item-object-page menu-item-528\"><a href=\"https:\/\/surgyteam.com\/it\/augmentation-mastopexy\/\" class=\"menu-link\">Mastopessi additiva<\/a><\/li>\n<li id=\"menu-item-556\" class=\"menu-item menu-item-type-post_type menu-item-object-page menu-item-556\"><a href=\"https:\/\/surgyteam.com\/it\/tummy-tuck\/\" class=\"menu-link\">Addominoplastica<\/a><\/li>\n<li id=\"menu-item-527\" class=\"menu-item menu-item-type-post_type menu-item-object-page menu-item-527\"><a href=\"https:\/\/surgyteam.com\/it\/back-lift\/\" class=\"menu-link\">Sollevamento della schiena<\/a><\/li>\n<li id=\"menu-item-526\" class=\"menu-item menu-item-type-post_type menu-item-object-page menu-item-526\"><a href=\"https:\/\/surgyteam.com\/it\/brasilian-butt-lift\/\" class=\"menu-link\">Lifting dei glutei brasiliano<\/a><\/li>\n<li id=\"menu-item-540\" class=\"menu-item menu-item-type-post_type menu-item-object-page menu-item-540\"><a href=\"https:\/\/surgyteam.com\/it\/360-liposuction\/\" class=\"menu-link\">Lifting delle cosce<\/a><\/li>\n<\/ul>                <button class=\"eael-simple-menu-toggle\">\n                    <span class=\"sr-only\">Menu a discesa dell&#039;hamburger<\/span>\n                    <svg aria-hidden=\"true\" class=\"e-font-icon-svg e-fas-bars\" viewbox=\"0 0 448 512\" xmlns=\"http:\/\/www.w3.org\/2000\/svg\"><path d=\"M16 132h416c8.837 0 16-7.163 16-16V76c0-8.837-7.163-16-16-16H16C7.163 60 0 67.163 0 76v40c0 8.837 7.163 16 16 16zm0 160h416c8.837 0 16-7.163 16-16v-40c0-8.837-7.163-16-16-16H16c-8.837 0-16 7.163-16 16v40c0 8.837 7.163 16 16 16zm0 160h416c8.837 0 16-7.163 16-16v-40c0-8.837-7.163-16-16-16H16c-8.837 0-16 7.163-16 16v40c0 8.837 7.163 16 16 16z\"><\/path><\/svg>                <\/button>\n            <\/div>\n            \t\t\t\t<\/div>\n\t\t\t\t<\/div>\n\t\t\t\t<\/div>\n\t\t\t\t\t<\/div>\n\t\t\t\t<\/div>\n\t\t\t\t<\/div>","protected":false},"excerpt":{"rendered":"<p>Tummy Tuck Tummy Tuck At SURGYTEAM Clinic, we specialize in helping our patients achieve a flatter and more toned abdomen through our advanced cosmetic procedures. One of our most effective treatments is the tummy tuck, also known as abdominoplasty, which removes excess skin and fat while tightening the abdominal muscles to create a smoother and firmer abdomen. What is a Tummy Tuck? Removing Excess Skin: Eliminating redundant skin that often remains after significant weight loss or pregnancy. Tightening Abdominal Muscles: Strengthening and tightening the muscles of the abdominal wall to restore core strength and improve abdominal contour. Contouring the Waistline: Enhancing the shape and definition of the waist for a more sculpted appearance. \u00a0 Benefits of the Tummy Tuck Procedure Flatter Abdominal Profile: Removing excess skin and fat leads to a smoother, flatter abdominal contour. Tightened Abdominal Muscles: Improved core strength and posture. Improved Body Confidence: Achieving a more toned and proportionate figure can enhance self-esteem. Reduced Skin Irritation: Alleviating discomfort caused by excess skin folds and irritation. The Tummy Tuck Procedure At SURGYTEAM Clinic, our skilled surgeons perform tummy tuck procedures with meticulous attention to detail and patient safety. Here\u2019s what you can expect: Anesthesia: Administered to ensure your comfort throughout the procedure. Incision Placement: Incisions are strategically made to minimize visible scarring. Skin and Fat Removal: Excess skin and fat are precisely excised. Muscle Repair: Abdominal muscles are tightened and sutured into a firmer position. Contouring and Suturing: Remaining skin is carefully contoured and sutured for optimal results. \u00a0 Recovery and Aftercare Physical Activity: Light walking is encouraged shortly after surgery to aid circulation, but strenuous activities should be avoided. Swelling and Bruising: Expected after surgery, these symptoms gradually diminish with proper elevation and cold compresses. Follow-up Appointments: Essential for monitoring healing progress and ensuring optimal outcomes. Long-term Results: Maintaining a stable weight and healthy lifestyle prolongs the benefits of the procedure. Choosing SURGYTEAM Clinic for Your Tummy Tuck At SURGYTEAM Clinic, we prioritize patient safety, satisfaction, and natural-looking results. Reasons patients choose us include: Expert Surgeons: Board-certified specialists with extensive experience in tummy tuck procedures. Personalized Care: Tailored consultations and treatments to address individual needs. State-of-the-art Facilities: Equipped with advanced technology for safe and comfortable surgeries. Comprehensive Support: From consultation to recovery, dedicated staff provide continuous care and guidance. Consultation and Planning Your journey begins with a confidential consultation: Assessment: Evaluation of your abdominal area and discussion of your goals. Customized Treatment Plan: Tailored procedure based on your anatomy and desired outcomes. Education and Preparation: Detailed information on the procedure and comprehensive pre- and post-operative care instructions. Conclusion If you desire a smoother, firmer abdomen to enhance your confidence, SURGYTEAM Clinic offers expert guidance and support. Contact us today to schedule your consultation and take the first step towards achieving your aesthetic goals with our experienced team. WHAT CAN YOU EXPECT Click on the links to discover more about your chosen surgical procedure, including information about your hospital stay and recovery time. Contact Us Brow lift Blepharoplasty Rhinoplasty Prominent ear Bichectomy Lip lift Face lift Neck Lift Arm Lift Reduction Mammoplasty Augmentation Mammoplasty Augmentation Mastopexy Tummy Tuck Back Lift Brasilian Butt Lift Thigh Lift Humberger Toggle Menu<\/p>","protected":false},"author":1,"featured_media":0,"parent":0,"menu_order":0,"comment_status":"closed","ping_status":"closed","template":"elementor_header_footer","meta":{"content-type":"","_daextam_enable_autolinks":"","site-sidebar-layout":"default","site-content-layout":"","ast-site-content-layout":"default","site-content-style":"default","site-sidebar-style":"default","ast-global-header-display":"","ast-banner-title-visibility":"","ast-main-header-display":"","ast-hfb-above-header-display":"","ast-hfb-below-header-display":"","ast-hfb-mobile-header-display":"","site-post-title":"","ast-breadcrumbs-content":"","ast-featured-img":"","footer-sml-layout":"","ast-disable-related-posts":"","theme-transparent-header-meta":"","adv-header-id-meta":"","stick-header-meta":"","header-above-stick-meta":"","header-main-stick-meta":"","header-below-stick-meta":"","astra-migrate-meta-layouts":"default","ast-page-background-enabled":"default","ast-page-background-meta":{"desktop":{"background-color":"var(--ast-global-color-4)","background-image":"","background-repeat":"repeat","background-position":"center center","background-size":"auto","background-attachment":"scroll","background-type":"","background-media":"","overlay-type":"","overlay-color":"","overlay-opacity":"","overlay-gradient":""},"tablet":{"background-color":"","background-image":"","background-repeat":"repeat","background-position":"center center","background-size":"auto","background-attachment":"scroll","background-type":"","background-media":"","overlay-type":"","overlay-color":"","overlay-opacity":"","overlay-gradient":""},"mobile":{"background-color":"","background-image":"","background-repeat":"repeat","background-position":"center center","background-size":"auto","background-attachment":"scroll","background-type":"","background-media":"","overlay-type":"","overlay-color":"","overlay-opacity":"","overlay-gradient":""}},"ast-content-background-meta":{"desktop":{"background-color":"var(--ast-global-color-5)","background-image":"","background-repeat":"repeat","background-position":"center center","background-size":"auto","background-attachment":"scroll","background-type":"","background-media":"","overlay-type":"","overlay-color":"","overlay-opacity":"","overlay-gradient":""},"tablet":{"background-color":"var(--ast-global-color-5)","background-image":"","background-repeat":"repeat","background-position":"center center","background-size":"auto","background-attachment":"scroll","background-type":"","background-media":"","overlay-type":"","overlay-color":"","overlay-opacity":"","overlay-gradient":""},"mobile":{"background-color":"var(--ast-global-color-5)","background-image":"","background-repeat":"repeat","background-position":"center center","background-size":"auto","background-attachment":"scroll","background-type":"","background-media":"","overlay-type":"","overlay-color":"","overlay-opacity":"","overlay-gradient":""}},"footnotes":""},"class_list":["post-479","page","type-page","status-publish","hentry"],"_links":{"self":[{"href":"https:\/\/surgyteam.com\/it\/wp-json\/wp\/v2\/pages\/479","targetHints":{"allow":["GET"]}}],"collection":[{"href":"https:\/\/surgyteam.com\/it\/wp-json\/wp\/v2\/pages"}],"about":[{"href":"https:\/\/surgyteam.com\/it\/wp-json\/wp\/v2\/types\/page"}],"author":[{"embeddable":true,"href":"https:\/\/surgyteam.com\/it\/wp-json\/wp\/v2\/users\/1"}],"replies":[{"embeddable":true,"href":"https:\/\/surgyteam.com\/it\/wp-json\/wp\/v2\/comments?post=479"}],"version-history":[{"count":0,"href":"https:\/\/surgyteam.com\/it\/wp-json\/wp\/v2\/pages\/479\/revisions"}],"wp:attachment":[{"href":"https:\/\/surgyteam.com\/it\/wp-json\/wp\/v2\/media?parent=479"}],"curies":[{"name":"wp","href":"https:\/\/api.w.org\/{rel}","templated":true}]}}