{"id":517,"date":"2024-07-20T16:37:05","date_gmt":"2024-07-20T16:37:05","guid":{"rendered":"https:\/\/surgyteam.com\/?page_id=517"},"modified":"2024-08-26T10:55:41","modified_gmt":"2024-08-26T10:55:41","slug":"liposuzione-360-2","status":"publish","type":"page","link":"https:\/\/surgyteam.com\/it\/360-liposuction-2\/","title":{"rendered":"Liposuzione a 360\u00b0"},"content":{"rendered":"<div data-elementor-type=\"wp-page\" data-elementor-id=\"517\" class=\"elementor elementor-517\">\n\t\t\t\t<div class=\"elementor-element elementor-element-09cf3b8 e-flex e-con-boxed wpr-particle-no wpr-jarallax-no wpr-parallax-no wpr-sticky-section-no wpr-equal-height-no e-con e-parent\" data-id=\"09cf3b8\" data-element_type=\"container\" data-e-type=\"container\" data-settings=\"{&quot;background_background&quot;:&quot;classic&quot;}\">\n\t\t\t\t\t<div class=\"e-con-inner\">\n\t\t\t\t<div class=\"elementor-element elementor-element-6eaee70 elementor-widget elementor-widget-wpr-post-title\" data-id=\"6eaee70\" data-element_type=\"widget\" data-e-type=\"widget\" data-widget_type=\"wpr-post-title.default\">\n\t\t\t\t<div class=\"elementor-widget-container\">\n\t\t\t\t\t<h1 class=\"wpr-post-title\">Liposuzione a 360\u00b0<\/h1>\t\t\t\t<\/div>\n\t\t\t\t<\/div>\n\t\t\t\t\t<\/div>\n\t\t\t\t<\/div>\n\t\t<div class=\"elementor-element elementor-element-6ecccb3 e-flex e-con-boxed wpr-particle-no wpr-jarallax-no wpr-parallax-no wpr-sticky-section-no wpr-equal-height-no e-con e-parent\" data-id=\"6ecccb3\" data-element_type=\"container\" data-e-type=\"container\">\n\t\t\t\t\t<div class=\"e-con-inner\">\n\t\t<div class=\"elementor-element elementor-element-bd5f2bf e-con-full e-flex wpr-particle-no wpr-jarallax-no wpr-parallax-no wpr-sticky-section-no wpr-equal-height-no e-con e-child\" data-id=\"bd5f2bf\" data-element_type=\"container\" data-e-type=\"container\">\n\t\t\t\t<div class=\"elementor-element elementor-element-1eac5e6 elementor-widget elementor-widget-image\" data-id=\"1eac5e6\" data-element_type=\"widget\" data-e-type=\"widget\" data-widget_type=\"image.default\">\n\t\t\t\t<div class=\"elementor-widget-container\">\n\t\t\t\t\t\t\t\t\t\t\t\t\t\t\t<img fetchpriority=\"high\" decoding=\"async\" width=\"980\" height=\"450\" src=\"https:\/\/surgyteam.com\/wp-content\/uploads\/2024\/07\/Liposuction-.webp\" class=\"attachment-large size-large wp-image-291\" alt=\"A surgeon in blue scrubs is marking a patient&#039;s abdomen and waist area with a purple marker before a liposuction procedure. The patient is standing, and the markings indicate the areas to be treated.\" srcset=\"https:\/\/surgyteam.com\/wp-content\/uploads\/2024\/07\/Liposuction-.webp 980w, https:\/\/surgyteam.com\/wp-content\/uploads\/2024\/07\/Liposuction--300x138.webp 300w, https:\/\/surgyteam.com\/wp-content\/uploads\/2024\/07\/Liposuction--768x353.webp 768w\" sizes=\"(max-width: 980px) 100vw, 980px\" \/>\t\t\t\t\t\t\t\t\t\t\t\t\t\t\t<\/div>\n\t\t\t\t<\/div>\n\t\t\t\t<div class=\"elementor-element elementor-element-c5acd1f elementor-widget elementor-widget-text-editor\" data-id=\"c5acd1f\" data-element_type=\"widget\" data-e-type=\"widget\" data-widget_type=\"text-editor.default\">\n\t\t\t\t<div class=\"elementor-widget-container\">\n\t\t\t\t\t\t\t\t\t<p align=\"left\"><b>Liposuzione a 360\u00b0: rimodellamento corporeo completo presso la clinica SURGYTEAM<\/b><\/p>\n<p align=\"left\">Ottenere un corpo tonico e scolpito pu\u00f2 essere una sfida, soprattutto quando ostinate sacche di grasso resistono alla dieta e all&#039;esercizio fisico. La clinica SURGYTEAM offre la liposuzione a 360\u00b0, una procedura rivoluzionaria che prende di mira il grasso da tutte le angolazioni, offrendo un rimodellamento completo del corpo e risultati eccezionali.<\/p>\n<p align=\"left\"><b>Cos&#039;\u00e8 la liposuzione a 360\u00b0?<\/b><\/p>\n<p align=\"left\">La liposuzione a 360\u00b0, nota anche come liposuzione circonferenziale, \u00e8 una tecnica che si occupa di pi\u00f9 aree del corpo in un&#039;unica seduta. Questo approccio assicura un contorno armonioso ed equilibrato rimuovendo il grasso dall&#039;addome, dai fianchi, dalla schiena e dalle cosce. Il risultato \u00e8 una silhouette pi\u00f9 snella e definita.<\/p>\n<p align=\"left\"><b>Perch\u00e9 scegliere la liposuzione a 360\u00b0 presso la clinica SURGYTEAM?<\/b><\/p>\n<p align=\"left\">Presso la clinica SURGYTEAM, i nostri chirurghi esperti utilizzano le pi\u00f9 recenti tecnologie e tecniche di liposuzione per fornire risultati ottimali. Sappiamo che ogni paziente \u00e8 unico e adattiamo il nostro approccio per soddisfare esigenze e obiettivi individuali. Il nostro impegno per la sicurezza, la precisione e la soddisfazione del paziente ci distingue.<\/p>\n<p align=\"left\"><b>La procedura<\/b><\/p>\n<p align=\"left\">La liposuzione a 360 gradi prevede la realizzazione di piccole incisioni in aree strategicamente posizionate per accedere e rimuovere il grasso indesiderato. Utilizzando una cannula, il chirurgo aspira con attenzione i depositi di grasso, scolpendo il corpo per migliorare le curve naturali. Questa procedura pu\u00f2 essere eseguita in anestesia locale o generale, a seconda dell&#039;entit\u00e0 del trattamento.<\/p>\n<p align=\"left\"><b>Vantaggi della liposuzione a 360\u00b0<\/b><\/p>\n<ul>\n<li>\n<p align=\"left\"><b>Contorno completo<\/b>:A differenza della liposuzione tradizionale, che agisce su aree isolate, la liposuzione 360 garantisce un risultato pi\u00f9 equilibrato e proporzionato, trattando pi\u00f9 regioni contemporaneamente.<\/p>\n<\/li>\n<li>\n<p align=\"left\"><b>Tempi di inattivit\u00e0 minimi<\/b>: Grazie alle tecniche e alle tecnologie avanzate, i pazienti solitamente sperimentano una ripresa pi\u00f9 rapida e un disagio minore rispetto ai metodi tradizionali.<\/p>\n<\/li>\n<li>\n<p align=\"left\"><b>Risultati duraturi<\/b>:Rimuovendo le cellule adipose da pi\u00f9 aree, la liposuzione a 360\u00b0 offre risultati duraturi, a condizione che i pazienti mantengano uno stile di vita sano dopo l&#039;intervento.<\/p>\n<\/li>\n<\/ul>\n<p align=\"left\"><b>Recupero e post-trattamento<\/b><\/p>\n<p align=\"left\">Il recupero dalla liposuzione a 360\u00b0 varia a seconda dell&#039;entit\u00e0 della procedura e del processo di guarigione individuale. La maggior parte dei pazienti pu\u00f2 tornare alle proprie attivit\u00e0 quotidiane entro una settimana, anche se il recupero completo potrebbe richiedere diverse settimane. Presso la clinica SURGYTEAM, forniamo istruzioni complete per la cura postoperatoria per garantire un recupero agevole e risultati ottimali.<\/p>\n<p align=\"left\"><b style=\"color: var( --e-global-color-text ); font-family: var( --e-global-typography-text-font-family ), Sans-serif; font-size: var( --e-global-typography-text-font-size ); text-align: var(--text-align);\">Consulenze personalizzate<\/b><br><\/p>\n<p align=\"left\">Alla clinica SURGYTEAM crediamo in un&#039;assistenza personalizzata, su misura per le esigenze e gli obiettivi unici di ogni paziente. Durante la tua visita, i nostri chirurghi esperti valuteranno il tuo corpo, discuteranno i tuoi desideri estetici e creeranno un piano di trattamento personalizzato. Il nostro obiettivo \u00e8 fornirti le informazioni e il supporto di cui hai bisogno per prendere decisioni consapevoli sul tuo percorso di body contouring.<\/p>\n<p align=\"left\"><b>Perch\u00e9 scegliere la clinica SURGYTEAM?<\/b><\/p>\n<ul>\n<li>\n<p align=\"left\"><b>Chirurghi esperti<\/b>: Il nostro team \u00e8 composto da chirurghi altamente qualificati ed esperti, specializzati in procedure di body contouring. Sono sempre aggiornati con gli ultimi progressi della chirurgia estetica per garantire che tu riceva la migliore assistenza possibile.<\/p>\n<\/li>\n<li>\n<p align=\"left\"><b>Struttura all&#039;avanguardia<\/b>:La clinica SURGYTEAM \u00e8 dotata di tecnologie all&#039;avanguardia e di una moderna sala operatoria, garantendo ai nostri pazienti un ambiente sicuro e confortevole.<\/p>\n<\/li>\n<li>\n<p align=\"left\"><b>Approccio incentrato sul paziente<\/b>: Diamo priorit\u00e0 alla sicurezza, al comfort e alla soddisfazione dei nostri pazienti. Dalla consulenza iniziale alle cure post-operatorie, il nostro team \u00e8 impegnato a fornire un&#039;esperienza positiva e di supporto.<\/p>\n<\/li>\n<li>\n<p align=\"left\"><b>Risultati dall&#039;aspetto naturale<\/b>: Il nostro obiettivo \u00e8 quello di esaltare la tua bellezza naturale e ottenere risultati che sembrino armoniosi e proporzionati. Ci concentriamo sulla creazione di un aspetto equilibrato e scolpito che completi il tuo corpo.<\/p>\n<\/li>\n<\/ul>\n<p align=\"left\"><b>Prenota la tua consulenza oggi<\/b><\/p>\n<p align=\"left\">Se sei pronto a ottenere un corpo pi\u00f9 tonico e scolpito, contatta la clinica SURGYTEAM per programmare la tua consulenza. Il nostro team \u00e8 qui per guidarti in ogni fase del processo, dalla comprensione della procedura alla fornitura di cure post-operatorie eccezionali. Sperimenta i benefici trasformativi della liposuzione a 360\u00b0 e abbraccia un nuovo livello di sicurezza.<\/p>\t\t\t\t\t\t\t\t<\/div>\n\t\t\t\t<\/div>\n\t\t\t\t<\/div>\n\t\t<div class=\"elementor-element elementor-element-b373dbe e-con-full e-flex wpr-particle-no wpr-jarallax-no wpr-parallax-no wpr-sticky-section-no wpr-equal-height-no e-con e-child\" data-id=\"b373dbe\" data-element_type=\"container\" data-e-type=\"container\">\n\t\t\t\t<div class=\"elementor-element elementor-element-36389fc content-align-cta-default elementor-widget elementor-widget-eael-cta-box\" data-id=\"36389fc\" data-element_type=\"widget\" data-e-type=\"widget\" data-widget_type=\"eael-cta-box.default\">\n\t\t\t\t<div class=\"elementor-widget-container\">\n\t\t\t\t\t\t\t<div class=\"eael-call-to-action cta-basic bg-lite cta-preset-1\">\n        <h2 class=\"title eael-cta-heading\">COSA PUOI ASPETTARTI<\/h2><p>Clicca sui link per scoprire di pi\u00f9 sulla procedura chirurgica scelta, comprese le informazioni sul tuo ricovero ospedaliero e <a href=\"https:\/\/surgyteam.com\/it\/contattaci\/\" rel=\"sponsored\">tempo di recupero<\/a>.<\/p><a href=\"\/it\/contattaci\/\" class=\"cta-button cta-preset-1\">Contattaci<\/a>\t<\/div>\n\t\t\t\t\t\t\t\t<\/div>\n\t\t\t\t<\/div>\n\t\t\t\t<div class=\"elementor-element elementor-element-e8eb1f0 eael-hamburger--none eael-simple-menu-hamburger-align-right elementor-widget elementor-widget-eael-simple-menu\" data-id=\"e8eb1f0\" data-element_type=\"widget\" data-e-type=\"widget\" data-widget_type=\"eael-simple-menu.default\">\n\t\t\t\t<div class=\"elementor-widget-container\">\n\t\t\t\t\t            <div data-hamburger-icon=\"&lt;svg aria-hidden=&quot;true&quot; class=&quot;e-font-icon-svg e-fas-bars&quot; viewBox=&quot;0 0 448 512&quot; xmlns=&quot;http:\/\/www.w3.org\/2000\/svg&quot;&gt;&lt;path d=&quot;M16 132h416c8.837 0 16-7.163 16-16V76c0-8.837-7.163-16-16-16H16C7.163 60 0 67.163 0 76v40c0 8.837 7.163 16 16 16zm0 160h416c8.837 0 16-7.163 16-16v-40c0-8.837-7.163-16-16-16H16c-8.837 0-16 7.163-16 16v40c0 8.837 7.163 16 16 16zm0 160h416c8.837 0 16-7.163 16-16v-40c0-8.837-7.163-16-16-16H16c-8.837 0-16 7.163-16 16v40c0 8.837 7.163 16 16 16z&quot;&gt;&lt;\/path&gt;&lt;\/svg&gt;\" data-indicator-icon=\"&lt;svg aria-hidden=&quot;true&quot; class=&quot;e-font-icon-svg e-fas-angle-down&quot; viewBox=&quot;0 0 320 512&quot; xmlns=&quot;http:\/\/www.w3.org\/2000\/svg&quot;&gt;&lt;path d=&quot;M143 352.3L7 216.3c-9.4-9.4-9.4-24.6 0-33.9l22.6-22.6c9.4-9.4 24.6-9.4 33.9 0l96.4 96.4 96.4-96.4c9.4-9.4 24.6-9.4 33.9 0l22.6 22.6c9.4 9.4 9.4 24.6 0 33.9l-136 136c-9.2 9.4-24.4 9.4-33.8 0z&quot;&gt;&lt;\/path&gt;&lt;\/svg&gt;\" data-dropdown-indicator-icon=\"&lt;svg class=&quot;e-font-icon-svg e-fas-angle-down&quot; viewBox=&quot;0 0 320 512&quot; xmlns=&quot;http:\/\/www.w3.org\/2000\/svg&quot;&gt;&lt;path d=&quot;M143 352.3L7 216.3c-9.4-9.4-9.4-24.6 0-33.9l22.6-22.6c9.4-9.4 24.6-9.4 33.9 0l96.4 96.4 96.4-96.4c9.4-9.4 24.6-9.4 33.9 0l22.6 22.6c9.4 9.4 9.4 24.6 0 33.9l-136 136c-9.2 9.4-24.4 9.4-33.8 0z&quot;&gt;&lt;\/path&gt;&lt;\/svg&gt;\" class=\"eael-simple-menu-container eael-simple-menu--loading eael-simple-menu-align-left eael-simple-menu-dropdown-align-left preset-2\" data-hamburger-breakpoints=\"{&quot;mobile&quot;:&quot;Mobile Portrait (&gt; 767px)&quot;,&quot;tablet&quot;:&quot;Tablet verticale (&gt; 1024px)&quot;,&quot;desktop&quot;:&quot;Desktop (&gt; 2400px)&quot;,&quot;none&quot;:&quot;None&quot;}\" data-hamburger-device=\"none\">\n                <ul id=\"menu-kozmetik-cerrahi\" class=\"eael-simple-menu eael-simple-menu-dropdown-animate-to-top eael-simple-menu-indicator eael-simple-menu-vertical\"><li id=\"menu-item-552\" class=\"menu-item menu-item-type-post_type menu-item-object-page menu-item-552\"><a href=\"https:\/\/surgyteam.com\/it\/mommy-makeover-2\/\" class=\"menu-link\">Trasformazione della mamma<\/a><\/li>\n<li id=\"menu-item-543\" class=\"menu-item menu-item-type-post_type menu-item-object-page menu-item-543\"><a href=\"https:\/\/surgyteam.com\/it\/360-liposuction-2\/\" class=\"menu-link\">Liposuzione a 360\u00b0<\/a><\/li>\n<li id=\"menu-item-550\" class=\"menu-item menu-item-type-post_type menu-item-object-page menu-item-550\"><a href=\"https:\/\/surgyteam.com\/it\/hi-def-liposuction\/\" class=\"menu-link\">Liposuzione ad alta definizione<\/a><\/li>\n<li id=\"menu-item-545\" class=\"menu-item menu-item-type-post_type menu-item-object-page menu-item-545\"><a href=\"https:\/\/surgyteam.com\/it\/abs-cracks\/\" class=\"menu-link\">Crepe addominali<\/a><\/li>\n<li id=\"menu-item-544\" class=\"menu-item menu-item-type-post_type menu-item-object-page menu-item-544\"><a href=\"https:\/\/surgyteam.com\/it\/abdominal-etching\/\" class=\"menu-link\">Incisione addominale<\/a><\/li>\n<li id=\"menu-item-555\" class=\"menu-item menu-item-type-post_type menu-item-object-page menu-item-555\"><a href=\"https:\/\/surgyteam.com\/it\/upper-blepharoplasty\/\" class=\"menu-link\">Blefaroplastica superiore<\/a><\/li>\n<li id=\"menu-item-551\" class=\"menu-item menu-item-type-post_type menu-item-object-page menu-item-551\"><a href=\"https:\/\/surgyteam.com\/it\/lower-blepharoplasty\/\" class=\"menu-link\">Blefaroplastica inferiore<\/a><\/li>\n<li id=\"menu-item-547\" class=\"menu-item menu-item-type-post_type menu-item-object-page menu-item-547\"><a href=\"https:\/\/surgyteam.com\/it\/1-kozmetik-cerrahi-islemler-icin-cogaltilacak-2\/\" class=\"menu-link\">Occhio di gatto<\/a><\/li>\n<li id=\"menu-item-549\" class=\"menu-item menu-item-type-post_type menu-item-object-page menu-item-549\"><a href=\"https:\/\/surgyteam.com\/it\/fox-eye\/\" class=\"menu-link\">Occhio di volpe<\/a><\/li>\n<li id=\"menu-item-546\" class=\"menu-item menu-item-type-post_type menu-item-object-page menu-item-546\"><a href=\"https:\/\/surgyteam.com\/it\/almond-eye\/\" class=\"menu-link\">Occhio di mandorla<\/a><\/li>\n<li id=\"menu-item-554\" class=\"menu-item menu-item-type-post_type menu-item-object-page menu-item-554\"><a href=\"https:\/\/surgyteam.com\/it\/temporal-lift\/\" class=\"menu-link\">Sollevamento temporale<\/a><\/li>\n<li id=\"menu-item-548\" class=\"menu-item menu-item-type-post_type menu-item-object-page menu-item-548\"><a href=\"https:\/\/surgyteam.com\/it\/double-jaw-surgery\/\" class=\"menu-link\">Chirurgia della doppia mascella<\/a><\/li>\n<li id=\"menu-item-553\" class=\"menu-item menu-item-type-post_type menu-item-object-page menu-item-553\"><a href=\"https:\/\/surgyteam.com\/it\/orthognatic-surgery\/\" class=\"menu-link\">Chirurgia Ortognatica<\/a><\/li>\n<\/ul>                <button class=\"eael-simple-menu-toggle\">\n                    <span class=\"sr-only\">Menu a discesa dell&#039;hamburger<\/span>\n                    <svg aria-hidden=\"true\" class=\"e-font-icon-svg e-fas-bars\" viewbox=\"0 0 448 512\" xmlns=\"http:\/\/www.w3.org\/2000\/svg\"><path d=\"M16 132h416c8.837 0 16-7.163 16-16V76c0-8.837-7.163-16-16-16H16C7.163 60 0 67.163 0 76v40c0 8.837 7.163 16 16 16zm0 160h416c8.837 0 16-7.163 16-16v-40c0-8.837-7.163-16-16-16H16c-8.837 0-16 7.163-16 16v40c0 8.837 7.163 16 16 16zm0 160h416c8.837 0 16-7.163 16-16v-40c0-8.837-7.163-16-16-16H16c-8.837 0-16 7.163-16 16v40c0 8.837 7.163 16 16 16z\"><\/path><\/svg>                <\/button>\n            <\/div>\n            \t\t\t\t<\/div>\n\t\t\t\t<\/div>\n\t\t\t\t<\/div>\n\t\t\t\t\t<\/div>\n\t\t\t\t<\/div>\n\t\t\t\t<\/div>","protected":false},"excerpt":{"rendered":"<p>360 Liposuction 360 Liposuction: Comprehensive Body Contouring at SURGYTEAM Clinic Achieving a toned and sculpted body can be challenging, especially when stubborn fat pockets resist diet and exercise. SURGYTEAM Clinic offers 360 Liposuction, a revolutionary procedure that targets fat from all angles, providing comprehensive body contouring and outstanding results. What is 360 Liposuction? 360 Liposuction, also known as circumferential liposuction, is a technique that addresses multiple areas of the body in a single session. This approach ensures a harmonious and balanced contour by removing fat from the abdomen, flanks, back, and thighs. The result is a slimmer, more defined silhouette. Why Choose 360 Liposuction at SURGYTEAM Clinic? At SURGYTEAM Clinic, our experienced surgeons utilize the latest liposuction technologies and techniques to deliver optimal results. We understand that each patient is unique, and we tailor our approach to meet individual needs and goals. Our commitment to safety, precision, and patient satisfaction sets us apart. The Procedure 360 Liposuction involves making small incisions in strategically placed areas to access and remove unwanted fat. Using a cannula, the surgeon carefully suctions out the fat deposits, sculpting the body to enhance natural curves. This procedure can be performed under local or general anesthesia, depending on the extent of the treatment. Benefits of 360 Liposuction Comprehensive Contouring: Unlike traditional liposuction, which targets isolated areas, 360 Liposuction provides a more balanced and proportional result by treating multiple regions simultaneously. Minimal Downtime: Thanks to advanced techniques and technologies, patients typically experience a quicker recovery and less discomfort compared to traditional methods. Long-Lasting Results: By removing fat cells from multiple areas, 360 Liposuction offers long-lasting results, provided patients maintain a healthy lifestyle post-procedure. Recovery and Aftercare Recovery from 360 Liposuction varies depending on the extent of the procedure and the individual\u2019s healing process. Most patients can return to their daily activities within a week, though full recovery may take several weeks. At SURGYTEAM Clinic, we provide comprehensive aftercare instructions to ensure a smooth recovery and optimal results. Personalized Consultations At SURGYTEAM Clinic, we believe in personalized care tailored to each patient&#8217;s unique needs and goals. During your consultation, our expert surgeons will evaluate your body, discuss your aesthetic desires, and create a customized treatment plan. We aim to provide you with the information and support you need to make informed decisions about your body contouring journey. Why Choose SURGYTEAM Clinic? Expert Surgeons: Our team comprises highly skilled and experienced surgeons who specialize in body contouring procedures. They stay updated with the latest advancements in cosmetic surgery to ensure you receive the best care possible. State-of-the-Art Facility: SURGYTEAM Clinic is equipped with cutting-edge technology and a modern surgical suite, ensuring a safe and comfortable environment for our patients. Patient-Centered Approach: We prioritize our patients&#8217; safety, comfort, and satisfaction. From the initial consultation to post-operative care, our team is dedicated to providing a positive and supportive experience. Natural-Looking Results: Our goal is to enhance your natural beauty and achieve results that look harmonious and proportionate. We focus on creating a balanced and sculpted appearance that complements your body. Schedule Your Consultation Today If you&#8217;re ready to achieve a more toned and sculpted body, contact SURGYTEAM Clinic to schedule your consultation. Our team is here to guide you through every step of the process, from understanding the procedure to providing exceptional post-operative care. Experience the transformative benefits of 360 Liposuction and embrace a new level of confidence. WHAT CAN YOU EXPECT Click on the links to discover more about your chosen surgical procedure, including information about your hospital stay and recovery time. Contact Us Mommy Makeover 360 Liposuction Hi-Def Liposuction Abs Cracks Abdominal Etching Upper Blepharoplasty Lower Blepharoplasty Cat Eye Fox Eye Almond Eye Temporal Lift Double Jaw Surgery Orthognatic Surgery Humberger Toggle Menu<\/p>","protected":false},"author":1,"featured_media":0,"parent":0,"menu_order":0,"comment_status":"closed","ping_status":"closed","template":"elementor_header_footer","meta":{"content-type":"","_daextam_enable_autolinks":"","site-sidebar-layout":"default","site-content-layout":"","ast-site-content-layout":"default","site-content-style":"default","site-sidebar-style":"default","ast-global-header-display":"","ast-banner-title-visibility":"","ast-main-header-display":"","ast-hfb-above-header-display":"","ast-hfb-below-header-display":"","ast-hfb-mobile-header-display":"","site-post-title":"","ast-breadcrumbs-content":"","ast-featured-img":"","footer-sml-layout":"","ast-disable-related-posts":"","theme-transparent-header-meta":"","adv-header-id-meta":"","stick-header-meta":"","header-above-stick-meta":"","header-main-stick-meta":"","header-below-stick-meta":"","astra-migrate-meta-layouts":"default","ast-page-background-enabled":"default","ast-page-background-meta":{"desktop":{"background-color":"var(--ast-global-color-4)","background-image":"","background-repeat":"repeat","background-position":"center center","background-size":"auto","background-attachment":"scroll","background-type":"","background-media":"","overlay-type":"","overlay-color":"","overlay-opacity":"","overlay-gradient":""},"tablet":{"background-color":"","background-image":"","background-repeat":"repeat","background-position":"center center","background-size":"auto","background-attachment":"scroll","background-type":"","background-media":"","overlay-type":"","overlay-color":"","overlay-opacity":"","overlay-gradient":""},"mobile":{"background-color":"","background-image":"","background-repeat":"repeat","background-position":"center center","background-size":"auto","background-attachment":"scroll","background-type":"","background-media":"","overlay-type":"","overlay-color":"","overlay-opacity":"","overlay-gradient":""}},"ast-content-background-meta":{"desktop":{"background-color":"var(--ast-global-color-5)","background-image":"","background-repeat":"repeat","background-position":"center center","background-size":"auto","background-attachment":"scroll","background-type":"","background-media":"","overlay-type":"","overlay-color":"","overlay-opacity":"","overlay-gradient":""},"tablet":{"background-color":"var(--ast-global-color-5)","background-image":"","background-repeat":"repeat","background-position":"center center","background-size":"auto","background-attachment":"scroll","background-type":"","background-media":"","overlay-type":"","overlay-color":"","overlay-opacity":"","overlay-gradient":""},"mobile":{"background-color":"var(--ast-global-color-5)","background-image":"","background-repeat":"repeat","background-position":"center center","background-size":"auto","background-attachment":"scroll","background-type":"","background-media":"","overlay-type":"","overlay-color":"","overlay-opacity":"","overlay-gradient":""}},"footnotes":""},"class_list":["post-517","page","type-page","status-publish","hentry"],"_links":{"self":[{"href":"https:\/\/surgyteam.com\/it\/wp-json\/wp\/v2\/pages\/517","targetHints":{"allow":["GET"]}}],"collection":[{"href":"https:\/\/surgyteam.com\/it\/wp-json\/wp\/v2\/pages"}],"about":[{"href":"https:\/\/surgyteam.com\/it\/wp-json\/wp\/v2\/types\/page"}],"author":[{"embeddable":true,"href":"https:\/\/surgyteam.com\/it\/wp-json\/wp\/v2\/users\/1"}],"replies":[{"embeddable":true,"href":"https:\/\/surgyteam.com\/it\/wp-json\/wp\/v2\/comments?post=517"}],"version-history":[{"count":0,"href":"https:\/\/surgyteam.com\/it\/wp-json\/wp\/v2\/pages\/517\/revisions"}],"wp:attachment":[{"href":"https:\/\/surgyteam.com\/it\/wp-json\/wp\/v2\/media?parent=517"}],"curies":[{"name":"wp","href":"https:\/\/api.w.org\/{rel}","templated":true}]}}