{"id":557,"date":"2024-07-20T16:48:56","date_gmt":"2024-07-20T16:48:56","guid":{"rendered":"https:\/\/surgyteam.com\/?page_id=557"},"modified":"2024-07-20T18:37:18","modified_gmt":"2024-07-20T18:37:18","slug":"lifting-del-viso-medio","status":"publish","type":"page","link":"https:\/\/surgyteam.com\/it\/midface-lift\/","title":{"rendered":"Lifting del viso medio"},"content":{"rendered":"<div data-elementor-type=\"wp-page\" data-elementor-id=\"557\" class=\"elementor elementor-557\">\n\t\t\t\t<div class=\"elementor-element elementor-element-09cf3b8 e-flex e-con-boxed wpr-particle-no wpr-jarallax-no wpr-parallax-no wpr-sticky-section-no wpr-equal-height-no e-con e-parent\" data-id=\"09cf3b8\" data-element_type=\"container\" data-e-type=\"container\" data-settings=\"{&quot;background_background&quot;:&quot;classic&quot;}\">\n\t\t\t\t\t<div class=\"e-con-inner\">\n\t\t\t\t<div class=\"elementor-element elementor-element-6eaee70 elementor-widget elementor-widget-wpr-post-title\" data-id=\"6eaee70\" data-element_type=\"widget\" data-e-type=\"widget\" data-widget_type=\"wpr-post-title.default\">\n\t\t\t\t<div class=\"elementor-widget-container\">\n\t\t\t\t\t<h1 class=\"wpr-post-title\">Lifting del viso medio<\/h1>\t\t\t\t<\/div>\n\t\t\t\t<\/div>\n\t\t\t\t\t<\/div>\n\t\t\t\t<\/div>\n\t\t<div class=\"elementor-element elementor-element-6ecccb3 e-flex e-con-boxed wpr-particle-no wpr-jarallax-no wpr-parallax-no wpr-sticky-section-no wpr-equal-height-no e-con e-parent\" data-id=\"6ecccb3\" data-element_type=\"container\" data-e-type=\"container\">\n\t\t\t\t\t<div class=\"e-con-inner\">\n\t\t<div class=\"elementor-element elementor-element-bd5f2bf e-con-full e-flex wpr-particle-no wpr-jarallax-no wpr-parallax-no wpr-sticky-section-no wpr-equal-height-no e-con e-child\" data-id=\"bd5f2bf\" data-element_type=\"container\" data-e-type=\"container\">\n\t\t\t\t<div class=\"elementor-element elementor-element-b88b836 elementor-widget elementor-widget-image\" data-id=\"b88b836\" data-element_type=\"widget\" data-e-type=\"widget\" data-widget_type=\"image.default\">\n\t\t\t\t<div class=\"elementor-widget-container\">\n\t\t\t\t\t\t\t\t\t\t\t\t\t\t\t<img fetchpriority=\"high\" decoding=\"async\" width=\"800\" height=\"568\" src=\"https:\/\/surgyteam.com\/wp-content\/uploads\/2024\/07\/Midface-lift.jpg\" class=\"attachment-large size-large wp-image-392\" alt=\"A woman receiving a midface lift procedure, with a doctor&#039;s gloved hands indicating the areas of treatment on her face.\" srcset=\"https:\/\/surgyteam.com\/wp-content\/uploads\/2024\/07\/Midface-lift.jpg 800w, https:\/\/surgyteam.com\/wp-content\/uploads\/2024\/07\/Midface-lift-300x213.jpg 300w, https:\/\/surgyteam.com\/wp-content\/uploads\/2024\/07\/Midface-lift-768x545.jpg 768w\" sizes=\"(max-width: 800px) 100vw, 800px\" \/>\t\t\t\t\t\t\t\t\t\t\t\t\t\t\t<\/div>\n\t\t\t\t<\/div>\n\t\t\t\t<div class=\"elementor-element elementor-element-c5acd1f elementor-widget elementor-widget-text-editor\" data-id=\"c5acd1f\" data-element_type=\"widget\" data-e-type=\"widget\" data-widget_type=\"text-editor.default\">\n\t\t\t\t<div class=\"elementor-widget-container\">\n\t\t\t\t\t\t\t\t\t<h2 class=\"western\"><span style=\"font-size: x-large;\"><b>Lifting del viso medio presso la clinica SURGYTEAM<\/b><\/span><\/h2><p align=\"left\">Presso la clinica SURGYTEAM, ci impegniamo ad aiutarti a ottenere un aspetto ringiovanito e giovanile attraverso le nostre procedure cosmetiche avanzate. Uno dei nostri trattamenti altamente efficaci \u00e8 il lifting del viso medio, progettato per affrontare i segni dell&#039;invecchiamento nella parte centrale del viso, fornendo un aspetto naturale e fresco.<\/p><h3 class=\"western\"><a name=\"_bccpwncuylvx\"><\/a> <span style=\"color: #000000;\"><span style=\"font-size: medium;\"><b>Cos&#039;\u00e8 il lifting del viso medio?<\/b><\/span><\/span><\/h3><p align=\"left\">Un lifting del viso medio, noto anche come lifting delle guance, \u00e8 una procedura chirurgica che prende di mira il terzo medio del viso, in particolare l&#039;area attorno alle guance e alle palpebre inferiori. Questa procedura solleva e riposiziona i tessuti cadenti, ripristinando volume e contorno delle guance e riducendo la comparsa di pieghe naso-labiali e incavi sotto gli occhi.<\/p><h3 class=\"western\"><a name=\"_39qxr5un69t3\"><\/a> <span style=\"color: #000000;\"><span style=\"font-size: medium;\"><b>Vantaggi del lifting del viso medio<\/b><\/span><\/span><\/h3><p align=\"left\">I principali vantaggi di un lifting del viso medio includono:<\/p><ul><li><p align=\"left\"><b>Giovinezza ritrovata<\/b>: Sollevando e riposizionando i tessuti della parte media del viso, questa procedura ripristina un contorno giovanile alle guance e alla zona sotto gli occhi.<\/p><\/li><li><p align=\"left\"><b>Rughe ridotte<\/b>:Il lifting del viso medio distende le pieghe naso-labiali profonde e altre rughe nella parte centrale del viso.<\/p><\/li><li><p align=\"left\"><b>Miglioramento dell&#039;armonia facciale<\/b>: Ringiovanire la parte centrale del viso pu\u00f2 conferire al viso un aspetto complessivo pi\u00f9 equilibrato e armonioso.<\/p><\/li><li><p align=\"left\"><b>Risultati dall&#039;aspetto naturale<\/b>:Il lifting del viso medio apporta miglioramenti impercettibili e naturali che valorizzano l&#039;aspetto generale senza risultare esagerati.<\/p><\/li><\/ul><h3 class=\"western\"><a name=\"_9tdgal47ulm8\"><\/a> <span style=\"color: #000000;\"><span style=\"font-size: medium;\"><b>La procedura di lifting del viso medio<\/b><\/span><\/span><\/h3><p align=\"left\">Presso la clinica SURGYTEAM, i nostri abili chirurghi utilizzano le tecniche pi\u00f9 recenti per ottenere i migliori risultati possibili. Il lifting del viso medio pu\u00f2 essere eseguito in anestesia locale con sedazione o in anestesia generale. La procedura prevede i seguenti passaggi:<\/p><ul><li><p align=\"left\"><b>Incisioni<\/b>: Vengono effettuate piccole incisioni, solitamente all&#039;altezza dell&#039;attaccatura dei capelli o all&#039;interno della bocca, per ridurre al minimo le cicatrici visibili.<\/p><\/li><li><p align=\"left\"><b>Sollevamento e riposizionamento<\/b>: I tessuti e i muscoli sottostanti della parte centrale del viso vengono sollevati e riposizionati per ripristinare i contorni giovanili e<\/p><\/li><li><p align=\"left\">\u00a0<\/p><\/li><\/ul><h3 class=\"western\"><a name=\"_alpxgejhfv4o\"><\/a> <span style=\"color: #000000;\"><span style=\"font-size: medium;\"><b>aumentare il volume del viso.<\/b><\/span><\/span><\/h3><ul><li><p align=\"left\"><b>Rassodante e levigante<\/b>: La pelle in eccesso viene rimossa e quella rimanente viene rassodata per distendere le rughe e migliorare la consistenza generale della pelle.<\/p><\/li><\/ul><h3 class=\"western\"><a name=\"_173ywdet8n8r\"><\/a> <span style=\"color: #000000;\"><span style=\"font-size: medium;\"><b>Recupero e post-trattamento<\/b><\/span><\/span><\/h3><p align=\"left\">Il recupero da un lifting varia, ma la maggior parte dei pazienti sperimenta gonfiore e lividi per le prime due settimane. Il nostro team presso la clinica SURGYTEAM fornisce istruzioni dettagliate per la cura successiva per garantire un recupero senza intoppi. \u00c8 importante tenere la testa sollevata, evitare attivit\u00e0 faticose e seguire le nostre linee guida per la pulizia e la cura dei siti di incisione. La maggior parte dei pazienti pu\u00f2 tornare al lavoro e alle normali attivit\u00e0 entro due o tre settimane, anche se il recupero completo e i risultati finali possono richiedere diversi mesi.<\/p><h3 class=\"western\"><a name=\"_hor146vgd9i1\"><\/a> <span style=\"color: #000000;\"><span style=\"font-size: medium;\"><b>Scegli la clinica SURGYTEAM per il tuo lifting del viso medio<\/b><\/span><\/span><\/h3><p align=\"left\">Presso la clinica SURGYTEAM, diamo priorit\u00e0 alla soddisfazione e alla sicurezza del paziente. I nostri chirurghi esperti e il personale medico dedicato lavorano a stretto contatto con ogni paziente per sviluppare un piano di trattamento personalizzato che soddisfi le sue esigenze e i suoi obiettivi unici. Ci impegniamo a utilizzare le tecnologie e le tecniche pi\u00f9 recenti per ottenere risultati dall&#039;aspetto naturale.<\/p><h3 class=\"western\"><a name=\"_cvbsu2hxw58x\"><\/a> <span style=\"color: #000000;\"><span style=\"font-size: medium;\"><b>Consulenza e pianificazione<\/b><\/span><\/span><\/h3><p align=\"left\">Il primo passo nel tuo percorso di lifting \u00e8 una consulenza completa con uno dei nostri chirurghi esperti presso la clinica SURGYTEAM. Durante questa consulenza, discuteremo delle tue preoccupazioni, della tua storia clinica e dei tuoi obiettivi estetici. Il nostro chirurgo valuter\u00e0 la struttura del tuo viso e le condizioni della tua pelle per determinare l&#039;approccio pi\u00f9 adatto al tuo intervento chirurgico.<\/p><h3 class=\"western\"><a name=\"_pn7lemjkjpy4\"><\/a> <span style=\"color: #000000;\"><span style=\"font-size: medium;\"><b>Perch\u00e9 scegliere un lifting del viso medio?<\/b><\/span><\/span><\/h3><p align=\"left\">Invecchiando, gli effetti della gravit\u00e0, dell&#039;esposizione al sole e della perdita naturale di collagene ed elastina causano il cedimento e la perdita di volume dei tessuti del viso medio. Ci\u00f2 pu\u00f2 causare guance incavate, profonde pieghe naso-labiali e incavi sotto gli occhi, conferendo al viso un aspetto stanco e invecchiato. Un lifting del viso medio pu\u00f2 ripristinare i contorni giovanili e migliorare l&#039;armonia del viso, aiutandoti ad apparire vibrante ed energico come ti senti dentro.<\/p><h3 class=\"western\"><a name=\"_1iwb446jp0y0\"><\/a> <span style=\"color: #000000;\"><span style=\"font-size: medium;\"><b>Combinazione di procedure per risultati migliori<\/b><\/span><\/span><\/h3><p align=\"left\">Per risultati ancora pi\u00f9 spettacolari, molti pazienti scelgono di combinare il lifting delle sopracciglia con altre procedure facciali. Alla clinica SURGYTEAM offriamo una gamma di trattamenti complementari, tra cui blefaroplastica (chirurgia delle palpebre), lifting del viso e trattamenti di resurfacing cutaneo. Combinare le procedure pu\u00f2 fornire un ringiovanimento pi\u00f9 completo e un aspetto generale pi\u00f9 armonioso.<\/p><h3 class=\"western\"><a name=\"_hcxeznim2np8\"><\/a> <span style=\"color: #000000;\"><span style=\"font-size: medium;\"><b>Conclusione<\/b><\/span><\/span><\/h3><p align=\"left\">Se stai pensando a un lifting delle sopracciglia per migliorare il tuo aspetto e aumentare la tua sicurezza, non cercare oltre la clinica SURGYTEAM. Il nostro team di chirurghi esperti \u00e8 impegnato a fornire la massima qualit\u00e0 di cure e a ottenere risultati eccezionali. Contattaci oggi stesso per programmare la tua consulenza e fare il primo passo verso un te pi\u00f9 giovane e fresco.<\/p>\t\t\t\t\t\t\t\t<\/div>\n\t\t\t\t<\/div>\n\t\t\t\t<\/div>\n\t\t<div class=\"elementor-element elementor-element-b373dbe e-con-full e-flex wpr-particle-no wpr-jarallax-no wpr-parallax-no wpr-sticky-section-no wpr-equal-height-no e-con e-child\" data-id=\"b373dbe\" data-element_type=\"container\" data-e-type=\"container\">\n\t\t\t\t<div class=\"elementor-element elementor-element-36389fc content-align-cta-default elementor-widget elementor-widget-eael-cta-box\" data-id=\"36389fc\" data-element_type=\"widget\" data-e-type=\"widget\" data-widget_type=\"eael-cta-box.default\">\n\t\t\t\t<div class=\"elementor-widget-container\">\n\t\t\t\t\t\t\t<div class=\"eael-call-to-action cta-basic bg-lite cta-preset-1\">\n        <h2 class=\"title eael-cta-heading\">COSA PUOI ASPETTARTI<\/h2><p>Clicca sui link per scoprire di pi\u00f9 sulla procedura chirurgica scelta, comprese le informazioni sul tuo ricovero ospedaliero e <a href=\"https:\/\/surgyteam.com\/it\/contattaci\/\" rel=\"sponsored\">tempo di recupero<\/a>.<\/p><a href=\"\/it\/contattaci\/\" class=\"cta-button cta-preset-1\">Contattaci<\/a>\t<\/div>\n\t\t\t\t\t\t\t\t<\/div>\n\t\t\t\t<\/div>\n\t\t\t\t<div class=\"elementor-element elementor-element-741269f eael-hamburger--none eael-simple-menu-hamburger-align-right elementor-widget elementor-widget-eael-simple-menu\" data-id=\"741269f\" data-element_type=\"widget\" data-e-type=\"widget\" data-widget_type=\"eael-simple-menu.default\">\n\t\t\t\t<div class=\"elementor-widget-container\">\n\t\t\t\t\t            <div data-hamburger-icon=\"&lt;svg aria-hidden=&quot;true&quot; class=&quot;e-font-icon-svg e-fas-bars&quot; viewBox=&quot;0 0 448 512&quot; xmlns=&quot;http:\/\/www.w3.org\/2000\/svg&quot;&gt;&lt;path d=&quot;M16 132h416c8.837 0 16-7.163 16-16V76c0-8.837-7.163-16-16-16H16C7.163 60 0 67.163 0 76v40c0 8.837 7.163 16 16 16zm0 160h416c8.837 0 16-7.163 16-16v-40c0-8.837-7.163-16-16-16H16c-8.837 0-16 7.163-16 16v40c0 8.837 7.163 16 16 16zm0 160h416c8.837 0 16-7.163 16-16v-40c0-8.837-7.163-16-16-16H16c-8.837 0-16 7.163-16 16v40c0 8.837 7.163 16 16 16z&quot;&gt;&lt;\/path&gt;&lt;\/svg&gt;\" data-indicator-icon=\"&lt;svg aria-hidden=&quot;true&quot; class=&quot;e-font-icon-svg e-fas-angle-down&quot; viewBox=&quot;0 0 320 512&quot; xmlns=&quot;http:\/\/www.w3.org\/2000\/svg&quot;&gt;&lt;path d=&quot;M143 352.3L7 216.3c-9.4-9.4-9.4-24.6 0-33.9l22.6-22.6c9.4-9.4 24.6-9.4 33.9 0l96.4 96.4 96.4-96.4c9.4-9.4 24.6-9.4 33.9 0l22.6 22.6c9.4 9.4 9.4 24.6 0 33.9l-136 136c-9.2 9.4-24.4 9.4-33.8 0z&quot;&gt;&lt;\/path&gt;&lt;\/svg&gt;\" data-dropdown-indicator-icon=\"&lt;svg class=&quot;e-font-icon-svg e-fas-angle-down&quot; viewBox=&quot;0 0 320 512&quot; xmlns=&quot;http:\/\/www.w3.org\/2000\/svg&quot;&gt;&lt;path d=&quot;M143 352.3L7 216.3c-9.4-9.4-9.4-24.6 0-33.9l22.6-22.6c9.4-9.4 24.6-9.4 33.9 0l96.4 96.4 96.4-96.4c9.4-9.4 24.6-9.4 33.9 0l22.6 22.6c9.4 9.4 9.4 24.6 0 33.9l-136 136c-9.2 9.4-24.4 9.4-33.8 0z&quot;&gt;&lt;\/path&gt;&lt;\/svg&gt;\" class=\"eael-simple-menu-container eael-simple-menu--loading eael-simple-menu-align-left eael-simple-menu-dropdown-align-left preset-2\" data-hamburger-breakpoints=\"{&quot;mobile&quot;:&quot;Mobile Portrait (&gt; 767px)&quot;,&quot;tablet&quot;:&quot;Tablet verticale (&gt; 1024px)&quot;,&quot;desktop&quot;:&quot;Desktop (&gt; 2400px)&quot;,&quot;none&quot;:&quot;None&quot;}\" data-hamburger-device=\"none\">\n                <ul id=\"menu-estetik-cerrahi-islemler\" class=\"eael-simple-menu eael-simple-menu-dropdown-animate-to-top eael-simple-menu-indicator eael-simple-menu-vertical\"><li id=\"menu-item-539\" class=\"menu-item menu-item-type-post_type menu-item-object-page menu-item-539\"><a href=\"https:\/\/surgyteam.com\/it\/brow-lift\/\" class=\"menu-link\">Lifting delle sopracciglia<\/a><\/li>\n<li id=\"menu-item-538\" class=\"menu-item menu-item-type-post_type menu-item-object-page menu-item-538\"><a href=\"https:\/\/surgyteam.com\/it\/blepharoplasty\/\" class=\"menu-link\">Blefaroplastica<\/a><\/li>\n<li id=\"menu-item-537\" class=\"menu-item menu-item-type-post_type menu-item-object-page menu-item-537\"><a href=\"https:\/\/surgyteam.com\/it\/rhinoplasty\/\" class=\"menu-link\">Rinoplastica<\/a><\/li>\n<li id=\"menu-item-541\" class=\"menu-item menu-item-type-post_type menu-item-object-page menu-item-541\"><a href=\"https:\/\/surgyteam.com\/it\/prominent-ear\/\" class=\"menu-link\">Orecchio prominente<\/a><\/li>\n<li id=\"menu-item-535\" class=\"menu-item menu-item-type-post_type menu-item-object-page menu-item-535\"><a href=\"https:\/\/surgyteam.com\/it\/bichectomy\/\" class=\"menu-link\">Bichectomia<\/a><\/li>\n<li id=\"menu-item-534\" class=\"menu-item menu-item-type-post_type menu-item-object-page menu-item-534\"><a href=\"https:\/\/surgyteam.com\/it\/lip-lift\/\" class=\"menu-link\">Lifting delle labbra<\/a><\/li>\n<li id=\"menu-item-533\" class=\"menu-item menu-item-type-post_type menu-item-object-page menu-item-533\"><a href=\"https:\/\/surgyteam.com\/it\/face-lift\/\" class=\"menu-link\">Lifting del viso<\/a><\/li>\n<li id=\"menu-item-532\" class=\"menu-item menu-item-type-post_type menu-item-object-page menu-item-532\"><a href=\"https:\/\/surgyteam.com\/it\/neck-lift\/\" class=\"menu-link\">Lifting del collo<\/a><\/li>\n<li id=\"menu-item-531\" class=\"menu-item menu-item-type-post_type menu-item-object-page menu-item-531\"><a href=\"https:\/\/surgyteam.com\/it\/arm-lift\/\" class=\"menu-link\">Lifting delle braccia<\/a><\/li>\n<li id=\"menu-item-530\" class=\"menu-item menu-item-type-post_type menu-item-object-page menu-item-530\"><a href=\"https:\/\/surgyteam.com\/it\/reduction-mammoplasty\/\" class=\"menu-link\">Mastoplastica riduttiva<\/a><\/li>\n<li id=\"menu-item-529\" class=\"menu-item menu-item-type-post_type menu-item-object-page menu-item-529\"><a href=\"https:\/\/surgyteam.com\/it\/augmentation-mammoplasty\/\" class=\"menu-link\">Mastoplastica additiva<\/a><\/li>\n<li id=\"menu-item-528\" class=\"menu-item menu-item-type-post_type menu-item-object-page menu-item-528\"><a href=\"https:\/\/surgyteam.com\/it\/augmentation-mastopexy\/\" class=\"menu-link\">Mastopessi additiva<\/a><\/li>\n<li id=\"menu-item-556\" class=\"menu-item menu-item-type-post_type menu-item-object-page menu-item-556\"><a href=\"https:\/\/surgyteam.com\/it\/tummy-tuck\/\" class=\"menu-link\">Addominoplastica<\/a><\/li>\n<li id=\"menu-item-527\" class=\"menu-item menu-item-type-post_type menu-item-object-page menu-item-527\"><a href=\"https:\/\/surgyteam.com\/it\/back-lift\/\" class=\"menu-link\">Sollevamento della schiena<\/a><\/li>\n<li id=\"menu-item-526\" class=\"menu-item menu-item-type-post_type menu-item-object-page menu-item-526\"><a href=\"https:\/\/surgyteam.com\/it\/brasilian-butt-lift\/\" class=\"menu-link\">Lifting dei glutei brasiliano<\/a><\/li>\n<li id=\"menu-item-540\" class=\"menu-item menu-item-type-post_type menu-item-object-page menu-item-540\"><a href=\"https:\/\/surgyteam.com\/it\/360-liposuction\/\" class=\"menu-link\">Lifting delle cosce<\/a><\/li>\n<\/ul>                <button class=\"eael-simple-menu-toggle\">\n                    <span class=\"sr-only\">Menu a discesa dell&#039;hamburger<\/span>\n                    <svg aria-hidden=\"true\" class=\"e-font-icon-svg e-fas-bars\" viewbox=\"0 0 448 512\" xmlns=\"http:\/\/www.w3.org\/2000\/svg\"><path d=\"M16 132h416c8.837 0 16-7.163 16-16V76c0-8.837-7.163-16-16-16H16C7.163 60 0 67.163 0 76v40c0 8.837 7.163 16 16 16zm0 160h416c8.837 0 16-7.163 16-16v-40c0-8.837-7.163-16-16-16H16c-8.837 0-16 7.163-16 16v40c0 8.837 7.163 16 16 16zm0 160h416c8.837 0 16-7.163 16-16v-40c0-8.837-7.163-16-16-16H16c-8.837 0-16 7.163-16 16v40c0 8.837 7.163 16 16 16z\"><\/path><\/svg>                <\/button>\n            <\/div>\n            \t\t\t\t<\/div>\n\t\t\t\t<\/div>\n\t\t\t\t<\/div>\n\t\t\t\t\t<\/div>\n\t\t\t\t<\/div>\n\t\t\t\t<\/div>","protected":false},"excerpt":{"rendered":"<p>Midface lift Midface Lift at SURGYTEAM Clinic At SURGYTEAM Clinic, we are committed to helping you achieve a rejuvenated and youthful appearance through our advanced cosmetic procedures. One of our highly effective treatments is the midface lift, designed to address signs of aging in the middle portion of the face, providing a natural and refreshed look. What is a Midface Lift? A midface lift, also known as a cheek lift, is a surgical procedure that targets the middle third of the face, specifically the area around the cheeks and lower eyelids. This procedure lifts and repositions sagging tissues, restoring volume and contour to the cheeks, and reducing the appearance of nasolabial folds and under-eye hollows. Benefits of a Midface Lift The primary benefits of a midface lift include: Restored Youthfulness: By lifting and repositioning the midface tissues, this procedure restores a youthful contour to the cheeks and under-eye area. Reduced Wrinkles: The midface lift smooths out deep nasolabial folds and other wrinkles in the middle portion of the face. Enhanced Facial Harmony: Rejuvenating the midface can create a more balanced and harmonious overall facial appearance. Natural-Looking Results: The midface lift provides subtle, natural-looking improvements that enhance your overall appearance without looking overdone. The Midface Lift Procedure At SURGYTEAM Clinic, our skilled surgeons use the latest techniques to achieve the best possible outcomes. The midface lift can be performed under local anesthesia with sedation or general anesthesia. The procedure involves the following steps: Incisions: Small incisions are made, typically within the hairline or inside the mouth, to minimize visible scarring. Lifting and Repositioning: The underlying tissues and muscles of the midface are lifted and repositioned to restore youthful contours and \u00a0 enhance facial volume. Tightening and Smoothing: Excess skin is removed, and the remaining skin is tightened to smooth out wrinkles and improve overall skin texture. Recovery and Aftercare Recovery from a midface lift varies, but most patients experience swelling and bruising for the first one to two weeks. Our team at SURGYTEAM Clinic provides detailed aftercare instructions to ensure a smooth recovery. It is essential to keep your head elevated, avoid strenuous activities, and follow our guidelines for cleaning and caring for the incision sites. Most patients can return to work and normal activities within two weeks, though full recovery and the final results can take several months. Choosing SURGYTEAM Clinic for Your Midface Lift At SURGYTEAM Clinic, we prioritize patient satisfaction and safety. Our experienced surgeons and dedicated medical staff work closely with each patient to develop a personalized treatment plan that meets their unique needs and goals. We are committed to using the latest technology and techniques to achieve natural-looking results. Consultation and Planning The first step in your midface lift journey is a comprehensive consultation with one of our expert surgeons at SURGYTEAM Clinic. During this consultation, we will discuss your concerns, medical history, and aesthetic goals. Our surgeon will evaluate your facial structure and skin condition to determine the most suitable approach for your midface lift. Why Choose a Midface Lift? As we age, the effects of gravity, sun exposure, and the natural loss of collagen and elastin cause the midface tissues to sag and lose volume. This can result in hollow cheeks, deep nasolabial folds, and under-eye hollows, giving the face a tired and aged appearance. A midface lift can restore youthful contours and improve facial harmony, helping you look as vibrant and energetic as you feel inside. Combining Procedures for Enhanced Results For even more dramatic results, many patients choose to combine their midface lift with other facial procedures. At SURGYTEAM Clinic, we offer a range of complementary treatments, including blepharoplasty (eyelid surgery), brow lifts, and skin resurfacing treatments. Combining procedures can provide a more comprehensive rejuvenation and a more harmonious overall appearance. Conclusion If you\u2019re considering a midface lift to enhance your appearance and boost your confidence, look no further than SURGYTEAM Clinic. Our team of experienced surgeons is dedicated to providing the highest quality care and achieving outstanding results. Contact us today to schedule your consultation and take the first step toward a more youthful, refreshed you. WHAT CAN YOU EXPECT Click on the links to discover more about your chosen surgical procedure, including information about your hospital stay and recovery time. Contact Us Brow lift Blepharoplasty Rhinoplasty Prominent ear Bichectomy Lip lift Face lift Neck Lift Arm Lift Reduction Mammoplasty Augmentation Mammoplasty Augmentation Mastopexy Tummy Tuck Back Lift Brasilian Butt Lift Thigh Lift Humberger Toggle Menu<\/p>","protected":false},"author":1,"featured_media":0,"parent":0,"menu_order":0,"comment_status":"closed","ping_status":"closed","template":"elementor_header_footer","meta":{"content-type":"","_daextam_enable_autolinks":"","site-sidebar-layout":"default","site-content-layout":"","ast-site-content-layout":"default","site-content-style":"default","site-sidebar-style":"default","ast-global-header-display":"","ast-banner-title-visibility":"","ast-main-header-display":"","ast-hfb-above-header-display":"","ast-hfb-below-header-display":"","ast-hfb-mobile-header-display":"","site-post-title":"","ast-breadcrumbs-content":"","ast-featured-img":"","footer-sml-layout":"","ast-disable-related-posts":"","theme-transparent-header-meta":"","adv-header-id-meta":"","stick-header-meta":"","header-above-stick-meta":"","header-main-stick-meta":"","header-below-stick-meta":"","astra-migrate-meta-layouts":"default","ast-page-background-enabled":"default","ast-page-background-meta":{"desktop":{"background-color":"var(--ast-global-color-4)","background-image":"","background-repeat":"repeat","background-position":"center center","background-size":"auto","background-attachment":"scroll","background-type":"","background-media":"","overlay-type":"","overlay-color":"","overlay-opacity":"","overlay-gradient":""},"tablet":{"background-color":"","background-image":"","background-repeat":"repeat","background-position":"center center","background-size":"auto","background-attachment":"scroll","background-type":"","background-media":"","overlay-type":"","overlay-color":"","overlay-opacity":"","overlay-gradient":""},"mobile":{"background-color":"","background-image":"","background-repeat":"repeat","background-position":"center center","background-size":"auto","background-attachment":"scroll","background-type":"","background-media":"","overlay-type":"","overlay-color":"","overlay-opacity":"","overlay-gradient":""}},"ast-content-background-meta":{"desktop":{"background-color":"var(--ast-global-color-5)","background-image":"","background-repeat":"repeat","background-position":"center center","background-size":"auto","background-attachment":"scroll","background-type":"","background-media":"","overlay-type":"","overlay-color":"","overlay-opacity":"","overlay-gradient":""},"tablet":{"background-color":"var(--ast-global-color-5)","background-image":"","background-repeat":"repeat","background-position":"center center","background-size":"auto","background-attachment":"scroll","background-type":"","background-media":"","overlay-type":"","overlay-color":"","overlay-opacity":"","overlay-gradient":""},"mobile":{"background-color":"var(--ast-global-color-5)","background-image":"","background-repeat":"repeat","background-position":"center center","background-size":"auto","background-attachment":"scroll","background-type":"","background-media":"","overlay-type":"","overlay-color":"","overlay-opacity":"","overlay-gradient":""}},"footnotes":""},"class_list":["post-557","page","type-page","status-publish","hentry"],"_links":{"self":[{"href":"https:\/\/surgyteam.com\/it\/wp-json\/wp\/v2\/pages\/557","targetHints":{"allow":["GET"]}}],"collection":[{"href":"https:\/\/surgyteam.com\/it\/wp-json\/wp\/v2\/pages"}],"about":[{"href":"https:\/\/surgyteam.com\/it\/wp-json\/wp\/v2\/types\/page"}],"author":[{"embeddable":true,"href":"https:\/\/surgyteam.com\/it\/wp-json\/wp\/v2\/users\/1"}],"replies":[{"embeddable":true,"href":"https:\/\/surgyteam.com\/it\/wp-json\/wp\/v2\/comments?post=557"}],"version-history":[{"count":0,"href":"https:\/\/surgyteam.com\/it\/wp-json\/wp\/v2\/pages\/557\/revisions"}],"wp:attachment":[{"href":"https:\/\/surgyteam.com\/it\/wp-json\/wp\/v2\/media?parent=557"}],"curies":[{"name":"wp","href":"https:\/\/api.w.org\/{rel}","templated":true}]}}