{"id":304,"date":"2024-07-20T10:36:14","date_gmt":"2024-07-20T10:36:14","guid":{"rendered":"https:\/\/surgyteam.com\/?page_id=304"},"modified":"2024-08-26T10:55:56","modified_gmt":"2024-08-26T10:55:56","slug":"karin-oymaciligi","status":"publish","type":"page","link":"https:\/\/surgyteam.com\/tr\/abdominal-etching\/","title":{"rendered":"Kar\u0131n A\u015f\u0131nd\u0131rma"},"content":{"rendered":"<div data-elementor-type=\"wp-page\" data-elementor-id=\"304\" class=\"elementor elementor-304\">\n\t\t\t\t<div class=\"elementor-element elementor-element-09cf3b8 e-flex e-con-boxed wpr-particle-no wpr-jarallax-no wpr-parallax-no wpr-sticky-section-no wpr-equal-height-no e-con e-parent\" data-id=\"09cf3b8\" data-element_type=\"container\" data-e-type=\"container\" data-settings=\"{&quot;background_background&quot;:&quot;classic&quot;}\">\n\t\t\t\t\t<div class=\"e-con-inner\">\n\t\t\t\t<div class=\"elementor-element elementor-element-6eaee70 elementor-widget elementor-widget-wpr-post-title\" data-id=\"6eaee70\" data-element_type=\"widget\" data-e-type=\"widget\" data-widget_type=\"wpr-post-title.default\">\n\t\t\t\t<div class=\"elementor-widget-container\">\n\t\t\t\t\t<h1 class=\"wpr-post-title\">Kar\u0131n A\u015f\u0131nd\u0131rma<\/h1>\t\t\t\t<\/div>\n\t\t\t\t<\/div>\n\t\t\t\t\t<\/div>\n\t\t\t\t<\/div>\n\t\t<div class=\"elementor-element elementor-element-6ecccb3 e-flex e-con-boxed wpr-particle-no wpr-jarallax-no wpr-parallax-no wpr-sticky-section-no wpr-equal-height-no e-con e-parent\" data-id=\"6ecccb3\" data-element_type=\"container\" data-e-type=\"container\">\n\t\t\t\t\t<div class=\"e-con-inner\">\n\t\t<div class=\"elementor-element elementor-element-bd5f2bf e-con-full e-flex wpr-particle-no wpr-jarallax-no wpr-parallax-no wpr-sticky-section-no wpr-equal-height-no e-con e-child\" data-id=\"bd5f2bf\" data-element_type=\"container\" data-e-type=\"container\">\n\t\t\t\t<div class=\"elementor-element elementor-element-cadc367 elementor-widget elementor-widget-image\" data-id=\"cadc367\" data-element_type=\"widget\" data-e-type=\"widget\" data-widget_type=\"image.default\">\n\t\t\t\t<div class=\"elementor-widget-container\">\n\t\t\t\t\t\t\t\t\t\t\t\t\t\t\t<img fetchpriority=\"high\" decoding=\"async\" width=\"1024\" height=\"683\" src=\"https:\/\/surgyteam.com\/wp-content\/uploads\/2024\/07\/Abdominal-Etching-1024x683.jpg\" class=\"attachment-large size-large wp-image-313\" alt=\"Kar\u0131n Grav\u00fcr\u00fc:\" srcset=\"https:\/\/surgyteam.com\/wp-content\/uploads\/2024\/07\/Abdominal-Etching-1024x683.jpg 1024w, https:\/\/surgyteam.com\/wp-content\/uploads\/2024\/07\/Abdominal-Etching-300x200.jpg 300w, https:\/\/surgyteam.com\/wp-content\/uploads\/2024\/07\/Abdominal-Etching-768x512.jpg 768w, https:\/\/surgyteam.com\/wp-content\/uploads\/2024\/07\/Abdominal-Etching.jpg 1200w\" sizes=\"(max-width: 1024px) 100vw, 1024px\" \/>\t\t\t\t\t\t\t\t\t\t\t\t\t\t\t<\/div>\n\t\t\t\t<\/div>\n\t\t\t\t<div class=\"elementor-element elementor-element-c5acd1f elementor-widget elementor-widget-text-editor\" data-id=\"c5acd1f\" data-element_type=\"widget\" data-e-type=\"widget\" data-widget_type=\"text-editor.default\">\n\t\t\t\t<div class=\"elementor-widget-container\">\n\t\t\t\t\t\t\t\t\t<p align=\"left\"><b>Kar\u0131n Kaz\u0131ma: SURGYTEAM Klini\u011finde Hassasiyetle \u015eekillendirilmi\u015f Kar\u0131n Kaslar\u0131<\/b><\/p><p align=\"left\">G\u00f6r\u00fcn\u00fcr kas tan\u0131m\u0131na sahip, \u015fekillendirilmi\u015f bir kar\u0131n elde etmek bir\u00e7ok fitness tutkununun ortak hedefidir. SURGYTEAM Clinic&#039;te, kar\u0131n kaslar\u0131n\u0131z\u0131n do\u011fal hatlar\u0131n\u0131 geli\u015ftirmek, belirgin ve atletik bir g\u00f6r\u00fcn\u00fcm sa\u011flamak i\u00e7in tasarlanm\u0131\u015f \u00f6zel bir prosed\u00fcr olan Kar\u0131n Ezmesi sunuyoruz.<\/p><p align=\"left\"><b>Kar\u0131n Etchingi Nedir?<\/b><\/p><p align=\"left\">Kar\u0131n Etching, kar\u0131n kaslar\u0131n\u0131 tan\u0131mlamaya odaklanan bir liposuction t\u00fcr\u00fcd\u00fcr. Bu prosed\u00fcr, daha keskin bir g\u00f6r\u00fcn\u00fcm yaratmak i\u00e7in kar\u0131n kaslar\u0131n\u0131n etraf\u0131ndaki k\u00fc\u00e7\u00fck miktarlarda ya\u011f\u0131 se\u00e7ici olarak \u00e7\u0131karmay\u0131 i\u00e7erir. Zaten formda olan ancak kas tan\u0131m\u0131n\u0131 geli\u015ftirmek isteyen ki\u015filer i\u00e7in idealdir.<\/p><p align=\"left\"><b>SURGYTEAM Klinik Fark\u0131<\/b><\/p><p align=\"left\">SURGYTEAM Clinic&#039;te uzman cerrahlar\u0131m\u0131z Kar\u0131n Etchleme sanat\u0131nda yeteneklidir. Hassas ve do\u011fal g\u00f6r\u00fcn\u00fcml\u00fc sonu\u00e7lar sa\u011flamak i\u00e7in geli\u015fmi\u015f teknikler ve teknolojiler kullan\u0131r\u0131z. Hasta merkezli yakla\u015f\u0131m\u0131m\u0131z g\u00fcvenli\u011fi, konforu ve memnuniyeti \u00f6n planda tutar ve bu da bizi v\u00fccut \u015fekillendirme prosed\u00fcrleri i\u00e7in g\u00fcvenilir bir tercih haline getirir.<\/p><p align=\"left\"><b>Prosed\u00fcr<\/b><\/p><p align=\"left\">Kar\u0131n Kaz\u0131ma, ya\u011f birikintilerini \u00e7\u0131karmak i\u00e7in bir kan\u00fcl\u00fcn yerle\u015ftirildi\u011fi k\u00fc\u00e7\u00fck kesiler yapmay\u0131 i\u00e7erir. Cerrah, kar\u0131n kaslar\u0131 etraf\u0131ndaki ya\u011f\u0131 \u015fekillendirir, do\u011fal \u00e7izgileri belirginle\u015ftirir ve alt\u0131 paket g\u00f6r\u00fcn\u00fcm\u00fc olu\u015fturur. Bu prosed\u00fcr genellikle genel anestezi alt\u0131nda ger\u00e7ekle\u015ftirilir ve yakla\u015f\u0131k bir ila iki saat s\u00fcrer.<\/p><p align=\"left\"><b>Kar\u0131n Etchinginin Faydalar\u0131<\/b><\/p><ul><li><p align=\"left\"><b>Geli\u015fmi\u015f Kas Tan\u0131m\u0131<\/b>:\u0130\u015flem, kar\u0131n kaslar\u0131n\u0131n do\u011fal hatlar\u0131n\u0131 vurgulayarak daha belirgin ve atletik bir g\u00f6r\u00fcn\u00fcm yarat\u0131r.<\/p><\/li><li><p align=\"left\"><b>H\u0131zl\u0131 \u0130yile\u015fme<\/b>:Hastalar genellikle bir hafta i\u00e7inde, minimum iyile\u015fme s\u00fcresi ve rahats\u0131zl\u0131kla normal aktivitelerine d\u00f6nebilirler.<\/p><\/li><li><p align=\"left\"><b>Uzun S\u00fcreli Sonu\u00e7lar<\/b>: Uygun beslenme ve egzersizle Kar\u0131n Ya\u011f Yakma i\u015fleminin sonu\u00e7lar\u0131 uzun \u00f6m\u00fcrl\u00fc olabilir.<\/p><\/li><li><p align=\"left\"><b>Artt\u0131r\u0131lm\u0131\u015f G\u00fcven<\/b>: \u015eekillendirilmi\u015f bir kar\u0131na sahip olmak, \u00f6zg\u00fcveninizi ve genel g\u00f6r\u00fcn\u00fcm\u00fcn\u00fcz\u00fc art\u0131rabilir.<\/p><\/li><\/ul><p align=\"left\"><b>\u0130deal Adaylar<\/b><\/p><p align=\"left\">Kar\u0131n Ezmesi, halihaz\u0131rda iyi fiziksel kondisyona sahip olan ancak istenilen kas tan\u0131m\u0131na ula\u015fmakta zorlanan ki\u015filer i\u00e7in en uygunudur. \u0130deal adaylar iyi cilt elastikiyetine ve sonu\u00e7lar hakk\u0131nda ger\u00e7ek\u00e7i beklentilere sahiptir.<\/p><p align=\"left\"><b>\u0130yile\u015fme ve Sonraki Bak\u0131m<\/b><\/p><p align=\"left\">Kar\u0131n A\u015f\u0131nd\u0131rma Ameliyat\u0131&#039;ndan iyile\u015fme, genellikle birka\u00e7 hafta i\u00e7inde azalan bir miktar \u015fi\u015flik ve morarma i\u00e7erir. Hastalara, sorunsuz bir iyile\u015fme ve optimum sonu\u00e7lar sa\u011flamak i\u00e7in SURGYTEAM Clinic taraf\u0131ndan sa\u011flanan ameliyat sonras\u0131 bak\u0131m talimatlar\u0131n\u0131 takip etmeleri \u00f6nerilir. \u015ei\u015fli\u011fi azaltmaya ve yeni konturlar\u0131 desteklemeye yard\u0131mc\u0131 olmak i\u00e7in kompresyon giysileri \u00f6nerilebilir.<\/p><p align=\"left\"><b>Neden SURGYTEAM Klini\u011fini Se\u00e7melisiniz?<\/b><\/p><ul><li><p align=\"left\"><b>Uzman Cerrahlar<\/b>:Cerrahlar\u0131m\u0131zdan olu\u015fan ekibimiz v\u00fccut \u015fekillendirme ameliyatlar\u0131nda geni\u015f deneyime sahiptir ve hastalar\u0131m\u0131z i\u00e7in m\u00fcmk\u00fcn olan en iyi sonu\u00e7lar\u0131 elde etmeye kendini adam\u0131\u015ft\u0131r.<\/p><\/li><li><p align=\"left\"><b>Son Teknoloji Tesis<\/b>: SURGYTEAM Klini\u011fimiz, hastalar\u0131m\u0131za g\u00fcvenli ve konforlu bir ortam sa\u011flamak amac\u0131yla en son teknoloji ve modern cerrahi \u00fcnitelerle donat\u0131lm\u0131\u015ft\u0131r.<\/p><\/li><li><p align=\"left\"><b>Ki\u015fiselle\u015ftirilmi\u015f Bak\u0131m<\/b>:Her hastan\u0131n kendine \u00f6zg\u00fc ihtiya\u00e7lar\u0131n\u0131 ve hedeflerini kar\u015f\u0131lamak i\u00e7in kapsaml\u0131 dan\u0131\u015fmanl\u0131k ve ki\u015fiselle\u015ftirilmi\u015f tedavi planlar\u0131 sunuyoruz.<\/p><\/li><li><p align=\"left\"><b>Do\u011fal Geli\u015ftirmeler<\/b>:Odak noktam\u0131z, genel g\u00f6r\u00fcn\u00fcm\u00fcn\u00fcz\u00fc iyile\u015ftiren ve \u00f6zg\u00fcveninizi art\u0131ran do\u011fal g\u00f6r\u00fcn\u00fcml\u00fc sonu\u00e7lar yaratmakt\u0131r.<\/p><\/li><\/ul><p align=\"left\"><b>Bug\u00fcn Dan\u0131\u015fmanl\u0131\u011f\u0131n\u0131z\u0131 Planlay\u0131n<\/b><\/p><p align=\"left\">Abdominal Etching ile \u015fekillendirilmi\u015f bir kar\u0131na kavu\u015fmaya haz\u0131rsan\u0131z, kons\u00fcltasyonunuzu planlamak i\u00e7in SURGYTEAM Clinic ile ileti\u015fime ge\u00e7in. Uzman ekibimiz, prosed\u00fcr\u00fc anlamaktan ola\u011fan\u00fcst\u00fc postoperatif bak\u0131m sa\u011flamaya kadar s\u00fcrecin her ad\u0131m\u0131nda size rehberlik etmek i\u00e7in burada. Abdominal Etching&#039;in d\u00f6n\u00fc\u015ft\u00fcr\u00fcc\u00fc faydalar\u0131n\u0131 ke\u015ffedin ve hayalinizdeki v\u00fccuda do\u011fru ilk ad\u0131m\u0131 at\u0131n.<\/p>\t\t\t\t\t\t\t\t<\/div>\n\t\t\t\t<\/div>\n\t\t\t\t<\/div>\n\t\t<div class=\"elementor-element elementor-element-b373dbe e-con-full e-flex wpr-particle-no wpr-jarallax-no wpr-parallax-no wpr-sticky-section-no wpr-equal-height-no e-con e-child\" data-id=\"b373dbe\" data-element_type=\"container\" data-e-type=\"container\">\n\t\t\t\t<div class=\"elementor-element elementor-element-36389fc content-align-cta-default elementor-widget elementor-widget-eael-cta-box\" data-id=\"36389fc\" data-element_type=\"widget\" data-e-type=\"widget\" data-widget_type=\"eael-cta-box.default\">\n\t\t\t\t<div class=\"elementor-widget-container\">\n\t\t\t\t\t\t\t<div class=\"eael-call-to-action cta-basic bg-lite cta-preset-1\">\n        <h2 class=\"title eael-cta-heading\">NE BEKLENT\u0130LER\u0130<\/h2><p>Se\u00e7ti\u011finiz cerrahi prosed\u00fcr hakk\u0131nda daha fazla bilgi edinmek i\u00e7in ba\u011flant\u0131lara t\u0131klay\u0131n; buna hastanede kal\u0131\u015f s\u00fcreniz ve <a href=\"https:\/\/surgyteam.com\/tr\/bize-ulasin\/\" rel=\"sponsored\">iyile\u015fme s\u00fcresi<\/a>.<\/p><a href=\"\/tr\/bize-ulasin\/\" class=\"cta-button cta-preset-1\">Bize Ula\u015f\u0131n<\/a>\t<\/div>\n\t\t\t\t\t\t\t\t<\/div>\n\t\t\t\t<\/div>\n\t\t\t\t<div class=\"elementor-element elementor-element-169f70b eael-hamburger--none eael-simple-menu-hamburger-align-right elementor-widget elementor-widget-eael-simple-menu\" data-id=\"169f70b\" data-element_type=\"widget\" data-e-type=\"widget\" data-widget_type=\"eael-simple-menu.default\">\n\t\t\t\t<div class=\"elementor-widget-container\">\n\t\t\t\t\t            <div data-hamburger-icon=\"&lt;svg aria-hidden=&quot;true&quot; class=&quot;e-font-icon-svg e-fas-bars&quot; viewBox=&quot;0 0 448 512&quot; xmlns=&quot;http:\/\/www.w3.org\/2000\/svg&quot;&gt;&lt;path d=&quot;M16 132h416c8.837 0 16-7.163 16-16V76c0-8.837-7.163-16-16-16H16C7.163 60 0 67.163 0 76v40c0 8.837 7.163 16 16 16zm0 160h416c8.837 0 16-7.163 16-16v-40c0-8.837-7.163-16-16-16H16c-8.837 0-16 7.163-16 16v40c0 8.837 7.163 16 16 16zm0 160h416c8.837 0 16-7.163 16-16v-40c0-8.837-7.163-16-16-16H16c-8.837 0-16 7.163-16 16v40c0 8.837 7.163 16 16 16z&quot;&gt;&lt;\/path&gt;&lt;\/svg&gt;\" data-indicator-icon=\"&lt;svg aria-hidden=&quot;true&quot; class=&quot;e-font-icon-svg e-fas-angle-down&quot; viewBox=&quot;0 0 320 512&quot; xmlns=&quot;http:\/\/www.w3.org\/2000\/svg&quot;&gt;&lt;path d=&quot;M143 352.3L7 216.3c-9.4-9.4-9.4-24.6 0-33.9l22.6-22.6c9.4-9.4 24.6-9.4 33.9 0l96.4 96.4 96.4-96.4c9.4-9.4 24.6-9.4 33.9 0l22.6 22.6c9.4 9.4 9.4 24.6 0 33.9l-136 136c-9.2 9.4-24.4 9.4-33.8 0z&quot;&gt;&lt;\/path&gt;&lt;\/svg&gt;\" data-dropdown-indicator-icon=\"&lt;svg class=&quot;e-font-icon-svg e-fas-angle-down&quot; viewBox=&quot;0 0 320 512&quot; xmlns=&quot;http:\/\/www.w3.org\/2000\/svg&quot;&gt;&lt;path d=&quot;M143 352.3L7 216.3c-9.4-9.4-9.4-24.6 0-33.9l22.6-22.6c9.4-9.4 24.6-9.4 33.9 0l96.4 96.4 96.4-96.4c9.4-9.4 24.6-9.4 33.9 0l22.6 22.6c9.4 9.4 9.4 24.6 0 33.9l-136 136c-9.2 9.4-24.4 9.4-33.8 0z&quot;&gt;&lt;\/path&gt;&lt;\/svg&gt;\" class=\"eael-simple-menu-container eael-simple-menu--loading eael-simple-menu-align-left eael-simple-menu-dropdown-align-left preset-2\" data-hamburger-breakpoints=\"{&quot;mobile&quot;:&quot;Mobil Portre (&gt; 767px)&quot;,&quot;tablet&quot;:&quot;Tablet Portresi (&gt; 1024px)&quot;,&quot;desktop&quot;:&quot;Desktop (&gt; 2400px)&quot;,&quot;none&quot;:&quot;None&quot;}\" data-hamburger-device=\"none\">\n                <ul id=\"menu-kozmetik-cerrahi\" class=\"eael-simple-menu eael-simple-menu-dropdown-animate-to-top eael-simple-menu-indicator eael-simple-menu-vertical\"><li id=\"menu-item-552\" class=\"menu-item menu-item-type-post_type menu-item-object-page menu-item-552\"><a href=\"https:\/\/surgyteam.com\/tr\/mommy-makeover-2\/\" class=\"menu-link\">Anne Esteti\u011fi<\/a><\/li>\n<li id=\"menu-item-543\" class=\"menu-item menu-item-type-post_type menu-item-object-page menu-item-543\"><a href=\"https:\/\/surgyteam.com\/tr\/360-liposuction-2\/\" class=\"menu-link\">360 Liposuction<\/a><\/li>\n<li id=\"menu-item-550\" class=\"menu-item menu-item-type-post_type menu-item-object-page menu-item-550\"><a href=\"https:\/\/surgyteam.com\/tr\/hi-def-liposuction\/\" class=\"menu-link\">Y\u00fcksek \u00c7\u00f6z\u00fcn\u00fcrl\u00fckl\u00fc Liposuction<\/a><\/li>\n<li id=\"menu-item-545\" class=\"menu-item menu-item-type-post_type menu-item-object-page menu-item-545\"><a href=\"https:\/\/surgyteam.com\/tr\/abs-cracks\/\" class=\"menu-link\">Kar\u0131n kaslar\u0131 \u00e7atlaklar\u0131<\/a><\/li>\n<li id=\"menu-item-544\" class=\"menu-item menu-item-type-post_type menu-item-object-page menu-item-544\"><a href=\"https:\/\/surgyteam.com\/tr\/abdominal-etching\/\" class=\"menu-link\">Kar\u0131n A\u015f\u0131nd\u0131rma<\/a><\/li>\n<li id=\"menu-item-555\" class=\"menu-item menu-item-type-post_type menu-item-object-page menu-item-555\"><a href=\"https:\/\/surgyteam.com\/tr\/upper-blepharoplasty\/\" class=\"menu-link\">\u00dcst Blefaroplasti<\/a><\/li>\n<li id=\"menu-item-551\" class=\"menu-item menu-item-type-post_type menu-item-object-page menu-item-551\"><a href=\"https:\/\/surgyteam.com\/tr\/lower-blepharoplasty\/\" class=\"menu-link\">Alt Blefaroplasti<\/a><\/li>\n<li id=\"menu-item-547\" class=\"menu-item menu-item-type-post_type menu-item-object-page menu-item-547\"><a href=\"https:\/\/surgyteam.com\/tr\/1-kozmetik-cerrahi-islemler-icin-cogaltilacak-2\/\" class=\"menu-link\">Kedi G\u00f6z\u00fc<\/a><\/li>\n<li id=\"menu-item-549\" class=\"menu-item menu-item-type-post_type menu-item-object-page menu-item-549\"><a href=\"https:\/\/surgyteam.com\/tr\/fox-eye\/\" class=\"menu-link\">Tilki G\u00f6z\u00fc<\/a><\/li>\n<li id=\"menu-item-546\" class=\"menu-item menu-item-type-post_type menu-item-object-page menu-item-546\"><a href=\"https:\/\/surgyteam.com\/tr\/almond-eye\/\" class=\"menu-link\">Badem G\u00f6z\u00fc<\/a><\/li>\n<li id=\"menu-item-554\" class=\"menu-item menu-item-type-post_type menu-item-object-page menu-item-554\"><a href=\"https:\/\/surgyteam.com\/tr\/temporal-lift\/\" class=\"menu-link\">Temporal Kald\u0131rma<\/a><\/li>\n<li id=\"menu-item-548\" class=\"menu-item menu-item-type-post_type menu-item-object-page menu-item-548\"><a href=\"https:\/\/surgyteam.com\/tr\/double-jaw-surgery\/\" class=\"menu-link\">\u00c7ift \u00c7ene Ameliyat\u0131<\/a><\/li>\n<li id=\"menu-item-553\" class=\"menu-item menu-item-type-post_type menu-item-object-page menu-item-553\"><a href=\"https:\/\/surgyteam.com\/tr\/orthognatic-surgery\/\" class=\"menu-link\">Ortognatik Cerrahi<\/a><\/li>\n<\/ul>                <button class=\"eael-simple-menu-toggle\">\n                    <span class=\"sr-only\">Hamburger Men\u00fc A\u00e7\u0131l\u0131r Kapatma<\/span>\n                    <svg aria-hidden=\"true\" class=\"e-font-icon-svg e-fas-bars\" viewbox=\"0 0 448 512\" xmlns=\"http:\/\/www.w3.org\/2000\/svg\"><path d=\"M16 132h416c8.837 0 16-7.163 16-16V76c0-8.837-7.163-16-16-16H16C7.163 60 0 67.163 0 76v40c0 8.837 7.163 16 16 16zm0 160h416c8.837 0 16-7.163 16-16v-40c0-8.837-7.163-16-16-16H16c-8.837 0-16 7.163-16 16v40c0 8.837 7.163 16 16 16zm0 160h416c8.837 0 16-7.163 16-16v-40c0-8.837-7.163-16-16-16H16c-8.837 0-16 7.163-16 16v40c0 8.837 7.163 16 16 16z\"><\/path><\/svg>                <\/button>\n            <\/div>\n            \t\t\t\t<\/div>\n\t\t\t\t<\/div>\n\t\t\t\t<\/div>\n\t\t\t\t\t<\/div>\n\t\t\t\t<\/div>\n\t\t\t\t<\/div>","protected":false},"excerpt":{"rendered":"<p>Kar\u0131n Kaz\u0131mas\u0131 Kar\u0131n Kaz\u0131mas\u0131: SURGYTEAM Klini\u011finde Hassas \u015eekilde \u015eekillendirilmi\u015f Kar\u0131n Kaslar\u0131 Bir\u00e7ok fitness tutkununun ortak hedefi, g\u00f6r\u00fcn\u00fcr kas tan\u0131m\u0131yla \u015fekillendirilmi\u015f bir kar\u0131na sahip olmakt\u0131r. SURGYTEAM Klini\u011finde, kar\u0131n kaslar\u0131n\u0131z\u0131n do\u011fal hatlar\u0131n\u0131 geli\u015ftirmek ve belirgin ve atletik bir g\u00f6r\u00fcn\u00fcm sa\u011flamak i\u00e7in tasarlanm\u0131\u015f \u00f6zel bir prosed\u00fcr olan Kar\u0131n Kaz\u0131mas\u0131 sunuyoruz. Kar\u0131n Kaz\u0131mas\u0131 Nedir? Kar\u0131n Kaz\u0131mas\u0131, kar\u0131n kaslar\u0131n\u0131 tan\u0131mlamaya odaklanan bir liposuction t\u00fcr\u00fcd\u00fcr. Bu prosed\u00fcr, daha keskin bir g\u00f6r\u00fcn\u00fcm olu\u015fturmak i\u00e7in kar\u0131n kaslar\u0131n\u0131n etraf\u0131ndaki k\u00fc\u00e7\u00fck miktarlarda ya\u011f\u0131 se\u00e7ici olarak \u00e7\u0131karmay\u0131 i\u00e7erir. Zaten formda olan ancak kas tan\u0131m\u0131n\u0131 geli\u015ftirmek isteyen ki\u015filer i\u00e7in idealdir. SURGYTEAM Klini\u011fi Fark\u0131 SURGYTEAM Klini\u011finde uzman cerrahlar\u0131m\u0131z Kar\u0131n Kaz\u0131mas\u0131 sanat\u0131nda yeteneklidir. Hassas ve do\u011fal g\u00f6r\u00fcn\u00fcml\u00fc sonu\u00e7lar sa\u011flamak i\u00e7in geli\u015fmi\u015f teknikler ve teknolojiler kullan\u0131yoruz. Hasta merkezli yakla\u015f\u0131m\u0131m\u0131z, g\u00fcvenli\u011fi, rahatl\u0131\u011f\u0131 ve memnuniyeti \u00f6n planda tutarak bizi v\u00fccut \u015fekillendirme prosed\u00fcrleri i\u00e7in g\u00fcvenilir bir se\u00e7im haline getiriyor. \u0130\u015flem Kar\u0131n Kaz\u0131ma, ya\u011f birikintilerini \u00e7\u0131karmak i\u00e7in bir kan\u00fcl\u00fcn yerle\u015ftirildi\u011fi k\u00fc\u00e7\u00fck kesiler yapmay\u0131 i\u00e7erir. Cerrah, kar\u0131n kaslar\u0131 etraf\u0131ndaki ya\u011f\u0131 \u015fekillendirir, do\u011fal \u00e7izgileri geli\u015ftirir ve alt\u0131 paket g\u00f6r\u00fcn\u00fcm\u00fc olu\u015fturur. Bu i\u015flem genellikle genel anestezi alt\u0131nda yap\u0131l\u0131r ve yakla\u015f\u0131k bir ila iki saat s\u00fcrer. Kar\u0131n Kaz\u0131man\u0131n Faydalar\u0131 Geli\u015fmi\u015f Kas Tan\u0131m\u0131: \u0130\u015flem, kar\u0131n kaslar\u0131n\u0131n do\u011fal hatlar\u0131n\u0131 vurgulayarak daha belirgin ve atletik bir g\u00f6r\u00fcn\u00fcm olu\u015fturur. H\u0131zl\u0131 \u0130yile\u015fme: Hastalar genellikle bir hafta i\u00e7inde minimum iyile\u015fme s\u00fcresi ve rahats\u0131zl\u0131kla normal aktivitelerine d\u00f6nebilirler. Uzun S\u00fcreli Sonu\u00e7lar: Uygun diyet ve egzersizle Kar\u0131n Kaz\u0131ma sonu\u00e7lar\u0131 uzun s\u00fcreli olabilir. Artan G\u00fcven: \u015eekillendirilmi\u015f bir kar\u0131n elde etmek, \u00f6zg\u00fcveninizi ve genel g\u00f6r\u00fcn\u00fcm\u00fcn\u00fcz\u00fc art\u0131rabilir. \u0130deal Adaylar Kar\u0131n Kaz\u0131ma, halihaz\u0131rda iyi bir fiziksel durumda olan ancak istenen kas tan\u0131m\u0131 seviyesine ula\u015fmakta zorlanan ki\u015filer i\u00e7in en uygunudur. \u0130deal adaylar, iyi cilt elastikiyetine ve sonu\u00e7lar hakk\u0131nda ger\u00e7ek\u00e7i beklentilere sahiptir. \u0130yile\u015fme ve Bak\u0131m Kar\u0131n Kaz\u0131ma Ameliyat\u0131 Sonras\u0131 \u0130yile\u015fme, genellikle birka\u00e7 hafta i\u00e7inde azalan bir miktar \u015fi\u015flik ve morarma i\u00e7erir. Hastalara, sorunsuz bir iyile\u015fme ve optimum sonu\u00e7lar sa\u011flamak i\u00e7in SURGYTEAM Clinic taraf\u0131ndan sa\u011flanan ameliyat sonras\u0131 bak\u0131m talimatlar\u0131n\u0131 izlemeleri \u00f6nerilir. \u015ei\u015fli\u011fi azaltmaya ve yeni konturlar\u0131 desteklemeye yard\u0131mc\u0131 olmak i\u00e7in kompresyon giysileri \u00f6nerilebilir. Neden SURGYTEAM Klini\u011fi&#039;ni Se\u00e7melisiniz? Uzman Cerrahlar: Cerrah ekibimiz v\u00fccut \u015fekillendirme prosed\u00fcrlerini ger\u00e7ekle\u015ftirme konusunda kapsaml\u0131 deneyime sahiptir ve hastalar\u0131m\u0131z i\u00e7in m\u00fcmk\u00fcn olan en iyi sonu\u00e7lar\u0131 elde etmeye kendini adam\u0131\u015ft\u0131r. Son Teknoloji Tesis: SURGYTEAM Klini\u011fi, hastalar\u0131m\u0131z i\u00e7in g\u00fcvenli ve konforlu bir ortam sa\u011flayan en son teknoloji ve modern bir cerrahi s\u00fcit ile donat\u0131lm\u0131\u015ft\u0131r. Ki\u015fiselle\u015ftirilmi\u015f Bak\u0131m: Her hastan\u0131n benzersiz ihtiya\u00e7lar\u0131n\u0131 ve hedeflerini kar\u015f\u0131lamak i\u00e7in kapsaml\u0131 dan\u0131\u015fmanl\u0131klar ve ki\u015fiselle\u015ftirilmi\u015f tedavi planlar\u0131 sunuyoruz. Do\u011fal Geli\u015ftirmeler: Odak noktam\u0131z, genel g\u00f6r\u00fcn\u00fcm\u00fcn\u00fcz\u00fc iyile\u015ftiren ve \u00f6zg\u00fcveninizi art\u0131ran do\u011fal g\u00f6r\u00fcn\u00fcml\u00fc sonu\u00e7lar yaratmakt\u0131r. Bug\u00fcn Dan\u0131\u015fmanl\u0131\u011f\u0131n\u0131z\u0131 Planlay\u0131n Kar\u0131n Kaz\u0131ma Ameliyat\u0131 ile \u015fekillendirilmi\u015f bir kar\u0131n elde etmeye haz\u0131rsan\u0131z, dan\u0131\u015fmanl\u0131\u011f\u0131n\u0131z\u0131 planlamak i\u00e7in SURGYTEAM Clinic ile ileti\u015fime ge\u00e7in. Uzman ekibimiz, prosed\u00fcr\u00fc anlamaktan ola\u011fan\u00fcst\u00fc ameliyat sonras\u0131 bak\u0131m sa\u011flamaya kadar s\u00fcrecin her ad\u0131m\u0131nda size rehberlik etmek i\u00e7in burada. Kar\u0131n Kaz\u0131mas\u0131n\u0131n d\u00f6n\u00fc\u015ft\u00fcr\u00fcc\u00fc faydalar\u0131n\u0131 ke\u015ffedin ve hayalinizdeki v\u00fccuda do\u011fru ilk ad\u0131m\u0131 at\u0131n. NE BEKLEYEB\u0130L\u0130RS\u0130N\u0130Z? Hastanede kal\u0131\u015f s\u00fcreniz ve iyile\u015fme s\u00fcreniz dahil olmak \u00fczere se\u00e7ti\u011finiz cerrahi prosed\u00fcr hakk\u0131nda daha fazla bilgi edinmek i\u00e7in ba\u011flant\u0131lara t\u0131klay\u0131n. Bize Ula\u015f\u0131n Anne Esteti\u011fi 360 Liposuction Y\u00fcksek \u00c7\u00f6z\u00fcn\u00fcrl\u00fckl\u00fc Liposuction Kar\u0131n \u00c7atlaklar\u0131 Kar\u0131n Kaz\u0131mas\u0131 \u00dcst Blefaroplasti Alt Blefaroplasti Kedi G\u00f6z\u00fc Tilki G\u00f6z\u00fc Badem G\u00f6z\u00fc Temporal Kald\u0131rma \u00c7ift \u00c7ene Ameliyat\u0131 Ortognatik Cerrahi Humberger Men\u00fc A\u00e7\u0131l\u0131r Kapat<\/p>","protected":false},"author":1,"featured_media":0,"parent":0,"menu_order":0,"comment_status":"closed","ping_status":"closed","template":"elementor_header_footer","meta":{"content-type":"","_daextam_enable_autolinks":"","site-sidebar-layout":"default","site-content-layout":"","ast-site-content-layout":"default","site-content-style":"default","site-sidebar-style":"default","ast-global-header-display":"","ast-banner-title-visibility":"","ast-main-header-display":"","ast-hfb-above-header-display":"","ast-hfb-below-header-display":"","ast-hfb-mobile-header-display":"","site-post-title":"","ast-breadcrumbs-content":"","ast-featured-img":"","footer-sml-layout":"","ast-disable-related-posts":"","theme-transparent-header-meta":"","adv-header-id-meta":"","stick-header-meta":"","header-above-stick-meta":"","header-main-stick-meta":"","header-below-stick-meta":"","astra-migrate-meta-layouts":"default","ast-page-background-enabled":"default","ast-page-background-meta":{"desktop":{"background-color":"var(--ast-global-color-4)","background-image":"","background-repeat":"repeat","background-position":"center center","background-size":"auto","background-attachment":"scroll","background-type":"","background-media":"","overlay-type":"","overlay-color":"","overlay-opacity":"","overlay-gradient":""},"tablet":{"background-color":"","background-image":"","background-repeat":"repeat","background-position":"center center","background-size":"auto","background-attachment":"scroll","background-type":"","background-media":"","overlay-type":"","overlay-color":"","overlay-opacity":"","overlay-gradient":""},"mobile":{"background-color":"","background-image":"","background-repeat":"repeat","background-position":"center center","background-size":"auto","background-attachment":"scroll","background-type":"","background-media":"","overlay-type":"","overlay-color":"","overlay-opacity":"","overlay-gradient":""}},"ast-content-background-meta":{"desktop":{"background-color":"var(--ast-global-color-5)","background-image":"","background-repeat":"repeat","background-position":"center center","background-size":"auto","background-attachment":"scroll","background-type":"","background-media":"","overlay-type":"","overlay-color":"","overlay-opacity":"","overlay-gradient":""},"tablet":{"background-color":"var(--ast-global-color-5)","background-image":"","background-repeat":"repeat","background-position":"center center","background-size":"auto","background-attachment":"scroll","background-type":"","background-media":"","overlay-type":"","overlay-color":"","overlay-opacity":"","overlay-gradient":""},"mobile":{"background-color":"var(--ast-global-color-5)","background-image":"","background-repeat":"repeat","background-position":"center center","background-size":"auto","background-attachment":"scroll","background-type":"","background-media":"","overlay-type":"","overlay-color":"","overlay-opacity":"","overlay-gradient":""}},"footnotes":""},"class_list":["post-304","page","type-page","status-publish","hentry"],"_links":{"self":[{"href":"https:\/\/surgyteam.com\/tr\/wp-json\/wp\/v2\/pages\/304","targetHints":{"allow":["GET"]}}],"collection":[{"href":"https:\/\/surgyteam.com\/tr\/wp-json\/wp\/v2\/pages"}],"about":[{"href":"https:\/\/surgyteam.com\/tr\/wp-json\/wp\/v2\/types\/page"}],"author":[{"embeddable":true,"href":"https:\/\/surgyteam.com\/tr\/wp-json\/wp\/v2\/users\/1"}],"replies":[{"embeddable":true,"href":"https:\/\/surgyteam.com\/tr\/wp-json\/wp\/v2\/comments?post=304"}],"version-history":[{"count":0,"href":"https:\/\/surgyteam.com\/tr\/wp-json\/wp\/v2\/pages\/304\/revisions"}],"wp:attachment":[{"href":"https:\/\/surgyteam.com\/tr\/wp-json\/wp\/v2\/media?parent=304"}],"curies":[{"name":"wp","href":"https:\/\/api.w.org\/{rel}","templated":true}]}}