{"id":322,"date":"2024-07-20T11:28:01","date_gmt":"2024-07-20T11:28:01","guid":{"rendered":"https:\/\/surgyteam.com\/?page_id=322"},"modified":"2025-02-04T15:33:41","modified_gmt":"2025-02-04T15:33:41","slug":"alt-blefaroplasti","status":"publish","type":"page","link":"https:\/\/surgyteam.com\/tr\/lower-blepharoplasty\/","title":{"rendered":"Alt Blefaroplasti"},"content":{"rendered":"<div data-elementor-type=\"wp-page\" data-elementor-id=\"322\" class=\"elementor elementor-322\">\n\t\t\t\t<div class=\"elementor-element elementor-element-09cf3b8 e-flex e-con-boxed wpr-particle-no wpr-jarallax-no wpr-parallax-no wpr-sticky-section-no wpr-equal-height-no e-con e-parent\" data-id=\"09cf3b8\" data-element_type=\"container\" data-e-type=\"container\" data-settings=\"{&quot;background_background&quot;:&quot;classic&quot;}\">\n\t\t\t\t\t<div class=\"e-con-inner\">\n\t\t\t\t<div class=\"elementor-element elementor-element-9ad3fe9 elementor-widget elementor-widget-wpr-post-title\" data-id=\"9ad3fe9\" data-element_type=\"widget\" data-e-type=\"widget\" data-widget_type=\"wpr-post-title.default\">\n\t\t\t\t<div class=\"elementor-widget-container\">\n\t\t\t\t\t<h1 class=\"wpr-post-title\">Alt Blefaroplasti<\/h1>\t\t\t\t<\/div>\n\t\t\t\t<\/div>\n\t\t\t\t\t<\/div>\n\t\t\t\t<\/div>\n\t\t<div class=\"elementor-element elementor-element-6ecccb3 e-flex e-con-boxed wpr-particle-no wpr-jarallax-no wpr-parallax-no wpr-sticky-section-no wpr-equal-height-no e-con e-parent\" data-id=\"6ecccb3\" data-element_type=\"container\" data-e-type=\"container\">\n\t\t\t\t\t<div class=\"e-con-inner\">\n\t\t<div class=\"elementor-element elementor-element-bd5f2bf e-con-full e-flex wpr-particle-no wpr-jarallax-no wpr-parallax-no wpr-sticky-section-no wpr-equal-height-no e-con e-child\" data-id=\"bd5f2bf\" data-element_type=\"container\" data-e-type=\"container\">\n\t\t\t\t<div class=\"elementor-element elementor-element-4227395 elementor-widget elementor-widget-image\" data-id=\"4227395\" data-element_type=\"widget\" data-e-type=\"widget\" data-widget_type=\"image.default\">\n\t\t\t\t<div class=\"elementor-widget-container\">\n\t\t\t\t\t\t\t\t\t\t\t\t\t\t\t<img fetchpriority=\"high\" decoding=\"async\" width=\"1024\" height=\"576\" src=\"https:\/\/surgyteam.com\/wp-content\/uploads\/2024\/07\/Lower-blepharoplasty-1024x576.jpg\" class=\"attachment-large size-large wp-image-326\" alt=\"Alt blefaroplasti\" srcset=\"https:\/\/surgyteam.com\/wp-content\/uploads\/2024\/07\/Lower-blepharoplasty-1024x576.jpg 1024w, https:\/\/surgyteam.com\/wp-content\/uploads\/2024\/07\/Lower-blepharoplasty-300x169.jpg 300w, https:\/\/surgyteam.com\/wp-content\/uploads\/2024\/07\/Lower-blepharoplasty-768x432.jpg 768w, https:\/\/surgyteam.com\/wp-content\/uploads\/2024\/07\/Lower-blepharoplasty-1536x864.jpg 1536w, https:\/\/surgyteam.com\/wp-content\/uploads\/2024\/07\/Lower-blepharoplasty.jpg 1920w\" sizes=\"(max-width: 1024px) 100vw, 1024px\" \/>\t\t\t\t\t\t\t\t\t\t\t\t\t\t\t<\/div>\n\t\t\t\t<\/div>\n\t\t\t\t<div class=\"elementor-element elementor-element-c5acd1f elementor-widget elementor-widget-text-editor\" data-id=\"c5acd1f\" data-element_type=\"widget\" data-e-type=\"widget\" data-widget_type=\"text-editor.default\">\n\t\t\t\t<div class=\"elementor-widget-container\">\n\t\t\t\t\t\t\t\t\t<p align=\"left\"><b>Alt Blefaroplasti: SURGYTEAM Klini\u011finde G\u00f6zlerinizi Parlat\u0131n<\/b><\/p><p align=\"left\">G\u00f6z alt\u0131 torbalar\u0131, \u015fi\u015fkinlik ve koyu halkalar, kendinizi hissetti\u011finizden daha yorgun ve ya\u015fl\u0131 g\u00f6r\u00fcnmenize neden olabilir. SURGYTEAM Clinic&#039;te, alt g\u00f6z kapaklar\u0131n\u0131 gen\u00e7le\u015ftirmek ve gen\u00e7, canl\u0131 bir g\u00f6r\u00fcn\u00fcme kavu\u015fturmak i\u00e7in Alt Blefaroplasti sunuyoruz.<\/p><p align=\"left\"><b>Alt Blefaroplasti Nedir?<\/b><\/p><p align=\"left\">Alt Blefaroplasti, alt g\u00f6z kapa\u011f\u0131 ameliyat\u0131 olarak da bilinir, alt g\u00f6z kapaklar\u0131ndan fazla deri, ya\u011f ve kas\u0131 \u00e7\u0131karan bir kozmetik i\u015flemdir. Bu ameliyat \u015fi\u015fkinli\u011fi azaltmaya, k\u0131r\u0131\u015f\u0131kl\u0131klar\u0131 d\u00fczeltmeye ve g\u00f6z alt\u0131 torbalar\u0131n\u0131 yok etmeye yard\u0131mc\u0131 olarak size daha tazelenmi\u015f ve uyan\u0131k bir g\u00f6r\u00fcn\u00fcm kazand\u0131r\u0131r.<\/p><p align=\"left\"><b>SURGYTEAM Klinik Yakla\u015f\u0131m\u0131<\/b><\/p><p align=\"left\">SURGYTEAM Clinic&#039;te deneyimli cerrahlar\u0131m\u0131z do\u011fal g\u00f6r\u00fcn\u00fcml\u00fc sonu\u00e7lar elde etmek i\u00e7in geli\u015fmi\u015f teknikler kullan\u0131r. Y\u00fcz hatlar\u0131n\u0131z\u0131 tamamlayan ince bir geli\u015ftirme elde etmeye odaklan\u0131r\u0131z. Hasta merkezli yakla\u015f\u0131m\u0131m\u0131z, her prosed\u00fcr\u00fcn bireysel ihtiya\u00e7lar\u0131 ve estetik hedefleri kar\u015f\u0131layacak \u015fekilde uyarlanmas\u0131n\u0131 sa\u011flar.<\/p><p align=\"left\"><b>Prosed\u00fcr<\/b><\/p><p align=\"left\">Alt Blefaroplasti genellikle sedasyonlu lokal anestezi veya genel anestezi alt\u0131nda yap\u0131l\u0131r. Cerrah, ya\u011flar\u0131 \u00e7\u0131karmak veya yeniden konumland\u0131rmak ve cildi s\u0131k\u0131la\u015ft\u0131rmak i\u00e7in alt g\u00f6z kapa\u011f\u0131n\u0131n i\u00e7ine (transkonjunktival yakla\u015f\u0131m) veya alt kirpik \u00e7izgisinin hemen alt\u0131na (subsilier yakla\u015f\u0131m) kesiler yapar. \u0130\u015flem genellikle yakla\u015f\u0131k bir ila iki saat s\u00fcrer.<\/p><p align=\"left\"><b>Alt Blefaroplastinin Faydalar\u0131<\/b><\/p><ul><li><p align=\"left\"><b>Gen\u00e7le\u015fmi\u015f G\u00f6r\u00fcn\u00fcm<\/b>: \u0130\u015flem g\u00f6zlere gen\u00e7 ve taze bir g\u00f6r\u00fcn\u00fcm kazand\u0131rmaya yard\u0131mc\u0131 olur.<\/p><\/li><li><p align=\"left\"><b>G\u00f6z Alt\u0131 Torbalar\u0131n\u0131n Azalt\u0131lmas\u0131<\/b>: Ya\u011flar\u0131n al\u0131nmas\u0131 veya yerlerinin de\u011fi\u015ftirilmesi \u015fi\u015fkinli\u011fi ve g\u00f6z alt\u0131 torbalar\u0131n\u0131 azalt\u0131r.<\/p><\/li><li><p align=\"left\"><b>Daha P\u00fcr\u00fczs\u00fcz Bir Cilt<\/b>:Cildi s\u0131k\u0131la\u015ft\u0131r\u0131r, k\u0131r\u0131\u015f\u0131kl\u0131klar\u0131 ve ince \u00e7izgileri yumu\u015fat\u0131r.<\/p><\/li><li><p align=\"left\"><b>Minimum Yara \u0130zi<\/b>: Kesiler g\u00f6r\u00fcnmeyen yerlerden yap\u0131ld\u0131\u011f\u0131ndan, minimal d\u00fczeyde g\u00f6r\u00fcnen yara izi olu\u015fur.<\/p><\/li><\/ul><p align=\"left\"><b>\u0130deal Adaylar<\/b><\/p><p align=\"left\">Alt Blefaroplasti, g\u00f6zlerinin alt\u0131nda g\u00f6r\u00fcn\u00fcm\u00fcn\u00fc etkileyen \u015fi\u015fkinlik, torba veya k\u0131r\u0131\u015f\u0131kl\u0131klar olan ki\u015filer i\u00e7in idealdir. Adaylar\u0131n genel sa\u011fl\u0131k durumu iyi olmal\u0131 ve sonu\u00e7lar hakk\u0131nda ger\u00e7ek\u00e7i beklentilere sahip olmal\u0131d\u0131r.<\/p><p align=\"left\"><b>\u0130yile\u015fme ve Sonraki Bak\u0131m<\/b><\/p><p align=\"left\">\u00dcst Blefaroplasti sonras\u0131 iyile\u015fme, genellikle bir hafta i\u00e7inde azalan bir miktar \u015fi\u015flik ve morarma i\u00e7erir. Hastalara, sorunsuz bir iyile\u015fme ve optimum sonu\u00e7lar sa\u011flamak i\u00e7in SURGYTEAM Clinic taraf\u0131ndan sa\u011flanan ameliyat sonras\u0131 bak\u0131m talimatlar\u0131n\u0131 takip etmeleri \u00f6nerilir. So\u011fuk kompresler ve re\u00e7eteli ila\u00e7lar, iyile\u015fme s\u00fcrecinde rahats\u0131zl\u0131\u011f\u0131 y\u00f6netmeye yard\u0131mc\u0131 olabilir.<\/p><p align=\"left\"><b>Neden SURGYTEAM Klini\u011fini Se\u00e7melisiniz?<\/b><\/p><ul><li><p align=\"left\"><b>Uzman Cerrahlar<\/b>:Cerrahlar\u0131m\u0131zdan olu\u015fan ekibimiz g\u00f6z kapa\u011f\u0131 ameliyatlar\u0131nda geni\u015f deneyime sahiptir ve hastalar\u0131m\u0131z i\u00e7in m\u00fcmk\u00fcn olan en iyi sonu\u00e7lar\u0131 elde etmeye kendini adam\u0131\u015ft\u0131r.<\/p><\/li><li><p align=\"left\"><b>Son Teknoloji Tesis<\/b>: SURGYTEAM Klini\u011fimiz, hastalar\u0131m\u0131za g\u00fcvenli ve konforlu bir ortam sa\u011flamak amac\u0131yla en son teknoloji ve modern cerrahi \u00fcnitelerle donat\u0131lm\u0131\u015ft\u0131r.<\/p><\/li><li><p align=\"left\"><b>Ki\u015fiselle\u015ftirilmi\u015f Bak\u0131m<\/b>:Her hastan\u0131n kendine \u00f6zg\u00fc ihtiya\u00e7lar\u0131n\u0131 ve hedeflerini kar\u015f\u0131lamak i\u00e7in kapsaml\u0131 dan\u0131\u015fmanl\u0131k ve ki\u015fiselle\u015ftirilmi\u015f tedavi planlar\u0131 sunuyoruz.<\/p><\/li><li><p align=\"left\"><b>Do\u011fal Geli\u015ftirmeler<\/b>:Odak noktam\u0131z, genel g\u00f6r\u00fcn\u00fcm\u00fcn\u00fcz\u00fc iyile\u015ftiren ve \u00f6zg\u00fcveninizi art\u0131ran do\u011fal g\u00f6r\u00fcn\u00fcml\u00fc sonu\u00e7lar yaratmakt\u0131r.<\/p><\/li><\/ul><p align=\"left\"><b>Bug\u00fcn Dan\u0131\u015fmanl\u0131\u011f\u0131n\u0131z\u0131 Planlay\u0131n<\/b><\/p><p align=\"left\">Alt Blefaroplasti ile g\u00f6zlerinizi ayd\u0131nlatmaya haz\u0131rsan\u0131z, kons\u00fcltasyonunuzu planlamak i\u00e7in SURGYTEAM Clinic ile ileti\u015fime ge\u00e7in. Uzman ekibimiz, prosed\u00fcr\u00fc anlamaktan ola\u011fan\u00fcst\u00fc postoperatif bak\u0131m sa\u011flamaya kadar s\u00fcrecin her ad\u0131m\u0131nda size rehberlik etmek i\u00e7in burada. Alt Blefaroplasti&#039;nin d\u00f6n\u00fc\u015ft\u00fcr\u00fcc\u00fc faydalar\u0131n\u0131 ke\u015ffedin ve daha gen\u00e7, canl\u0131 bir g\u00f6r\u00fcn\u00fcme kavu\u015fun.<\/p>\t\t\t\t\t\t\t\t<\/div>\n\t\t\t\t<\/div>\n\t\t\t\t<\/div>\n\t\t<div class=\"elementor-element elementor-element-b373dbe e-con-full e-flex wpr-particle-no wpr-jarallax-no wpr-parallax-no wpr-sticky-section-no wpr-equal-height-no e-con e-child\" data-id=\"b373dbe\" data-element_type=\"container\" data-e-type=\"container\">\n\t\t\t\t<div class=\"elementor-element elementor-element-36389fc content-align-cta-default elementor-widget elementor-widget-eael-cta-box\" data-id=\"36389fc\" data-element_type=\"widget\" data-e-type=\"widget\" data-widget_type=\"eael-cta-box.default\">\n\t\t\t\t<div class=\"elementor-widget-container\">\n\t\t\t\t\t\t\t<div class=\"eael-call-to-action cta-basic bg-lite cta-preset-1\">\n        <h2 class=\"title eael-cta-heading\">NE BEKLENT\u0130LER\u0130<\/h2><p>Se\u00e7ti\u011finiz cerrahi prosed\u00fcr hakk\u0131nda daha fazla bilgi edinmek i\u00e7in ba\u011flant\u0131lara t\u0131klay\u0131n; buna hastanede kal\u0131\u015f s\u00fcreniz ve <a href=\"https:\/\/surgyteam.com\/tr\/bize-ulasin\/\" rel=\"sponsored\">iyile\u015fme s\u00fcresi<\/a>.<\/p><a href=\"\/tr\/bize-ulasin\/\" class=\"cta-button cta-preset-1\">Bize Ula\u015f\u0131n<\/a>\t<\/div>\n\t\t\t\t\t\t\t\t<\/div>\n\t\t\t\t<\/div>\n\t\t\t\t<div class=\"elementor-element elementor-element-3f7df0b eael-hamburger--none eael-simple-menu-hamburger-align-right elementor-widget elementor-widget-eael-simple-menu\" data-id=\"3f7df0b\" data-element_type=\"widget\" data-e-type=\"widget\" data-widget_type=\"eael-simple-menu.default\">\n\t\t\t\t<div class=\"elementor-widget-container\">\n\t\t\t\t\t            <div data-hamburger-icon=\"&lt;svg aria-hidden=&quot;true&quot; class=&quot;e-font-icon-svg e-fas-bars&quot; viewBox=&quot;0 0 448 512&quot; xmlns=&quot;http:\/\/www.w3.org\/2000\/svg&quot;&gt;&lt;path d=&quot;M16 132h416c8.837 0 16-7.163 16-16V76c0-8.837-7.163-16-16-16H16C7.163 60 0 67.163 0 76v40c0 8.837 7.163 16 16 16zm0 160h416c8.837 0 16-7.163 16-16v-40c0-8.837-7.163-16-16-16H16c-8.837 0-16 7.163-16 16v40c0 8.837 7.163 16 16 16zm0 160h416c8.837 0 16-7.163 16-16v-40c0-8.837-7.163-16-16-16H16c-8.837 0-16 7.163-16 16v40c0 8.837 7.163 16 16 16z&quot;&gt;&lt;\/path&gt;&lt;\/svg&gt;\" data-indicator-icon=\"&lt;svg aria-hidden=&quot;true&quot; class=&quot;e-font-icon-svg e-fas-angle-down&quot; viewBox=&quot;0 0 320 512&quot; xmlns=&quot;http:\/\/www.w3.org\/2000\/svg&quot;&gt;&lt;path d=&quot;M143 352.3L7 216.3c-9.4-9.4-9.4-24.6 0-33.9l22.6-22.6c9.4-9.4 24.6-9.4 33.9 0l96.4 96.4 96.4-96.4c9.4-9.4 24.6-9.4 33.9 0l22.6 22.6c9.4 9.4 9.4 24.6 0 33.9l-136 136c-9.2 9.4-24.4 9.4-33.8 0z&quot;&gt;&lt;\/path&gt;&lt;\/svg&gt;\" data-dropdown-indicator-icon=\"&lt;svg class=&quot;e-font-icon-svg e-fas-angle-down&quot; viewBox=&quot;0 0 320 512&quot; xmlns=&quot;http:\/\/www.w3.org\/2000\/svg&quot;&gt;&lt;path d=&quot;M143 352.3L7 216.3c-9.4-9.4-9.4-24.6 0-33.9l22.6-22.6c9.4-9.4 24.6-9.4 33.9 0l96.4 96.4 96.4-96.4c9.4-9.4 24.6-9.4 33.9 0l22.6 22.6c9.4 9.4 9.4 24.6 0 33.9l-136 136c-9.2 9.4-24.4 9.4-33.8 0z&quot;&gt;&lt;\/path&gt;&lt;\/svg&gt;\" class=\"eael-simple-menu-container eael-simple-menu--loading eael-simple-menu-align-left eael-simple-menu-dropdown-align-left preset-2\" data-hamburger-breakpoints=\"{&quot;mobile&quot;:&quot;Mobil Portre (&gt; 767px)&quot;,&quot;tablet&quot;:&quot;Tablet Portresi (&gt; 1024px)&quot;,&quot;desktop&quot;:&quot;Desktop (&gt; 2400px)&quot;,&quot;none&quot;:&quot;None&quot;}\" data-hamburger-device=\"none\">\n                <ul id=\"menu-kozmetik-cerrahi\" class=\"eael-simple-menu eael-simple-menu-dropdown-animate-to-top eael-simple-menu-indicator eael-simple-menu-vertical\"><li id=\"menu-item-552\" class=\"menu-item menu-item-type-post_type menu-item-object-page menu-item-552\"><a href=\"https:\/\/surgyteam.com\/tr\/mommy-makeover-2\/\" class=\"menu-link\">Anne Esteti\u011fi<\/a><\/li>\n<li id=\"menu-item-543\" class=\"menu-item menu-item-type-post_type menu-item-object-page menu-item-543\"><a href=\"https:\/\/surgyteam.com\/tr\/360-liposuction-2\/\" class=\"menu-link\">360 Liposuction<\/a><\/li>\n<li id=\"menu-item-550\" class=\"menu-item menu-item-type-post_type menu-item-object-page menu-item-550\"><a href=\"https:\/\/surgyteam.com\/tr\/hi-def-liposuction\/\" class=\"menu-link\">Y\u00fcksek \u00c7\u00f6z\u00fcn\u00fcrl\u00fckl\u00fc Liposuction<\/a><\/li>\n<li id=\"menu-item-545\" class=\"menu-item menu-item-type-post_type menu-item-object-page menu-item-545\"><a href=\"https:\/\/surgyteam.com\/tr\/abs-cracks\/\" class=\"menu-link\">Kar\u0131n kaslar\u0131 \u00e7atlaklar\u0131<\/a><\/li>\n<li id=\"menu-item-544\" class=\"menu-item menu-item-type-post_type menu-item-object-page menu-item-544\"><a href=\"https:\/\/surgyteam.com\/tr\/abdominal-etching\/\" class=\"menu-link\">Kar\u0131n A\u015f\u0131nd\u0131rma<\/a><\/li>\n<li id=\"menu-item-555\" class=\"menu-item menu-item-type-post_type menu-item-object-page menu-item-555\"><a href=\"https:\/\/surgyteam.com\/tr\/upper-blepharoplasty\/\" class=\"menu-link\">\u00dcst Blefaroplasti<\/a><\/li>\n<li id=\"menu-item-551\" class=\"menu-item menu-item-type-post_type menu-item-object-page menu-item-551\"><a href=\"https:\/\/surgyteam.com\/tr\/lower-blepharoplasty\/\" class=\"menu-link\">Alt Blefaroplasti<\/a><\/li>\n<li id=\"menu-item-547\" class=\"menu-item menu-item-type-post_type menu-item-object-page menu-item-547\"><a href=\"https:\/\/surgyteam.com\/tr\/1-kozmetik-cerrahi-islemler-icin-cogaltilacak-2\/\" class=\"menu-link\">Kedi G\u00f6z\u00fc<\/a><\/li>\n<li id=\"menu-item-549\" class=\"menu-item menu-item-type-post_type menu-item-object-page menu-item-549\"><a href=\"https:\/\/surgyteam.com\/tr\/fox-eye\/\" class=\"menu-link\">Tilki G\u00f6z\u00fc<\/a><\/li>\n<li id=\"menu-item-546\" class=\"menu-item menu-item-type-post_type menu-item-object-page menu-item-546\"><a href=\"https:\/\/surgyteam.com\/tr\/almond-eye\/\" class=\"menu-link\">Badem G\u00f6z\u00fc<\/a><\/li>\n<li id=\"menu-item-554\" class=\"menu-item menu-item-type-post_type menu-item-object-page menu-item-554\"><a href=\"https:\/\/surgyteam.com\/tr\/temporal-lift\/\" class=\"menu-link\">Temporal Kald\u0131rma<\/a><\/li>\n<li id=\"menu-item-548\" class=\"menu-item menu-item-type-post_type menu-item-object-page menu-item-548\"><a href=\"https:\/\/surgyteam.com\/tr\/double-jaw-surgery\/\" class=\"menu-link\">\u00c7ift \u00c7ene Ameliyat\u0131<\/a><\/li>\n<li id=\"menu-item-553\" class=\"menu-item menu-item-type-post_type menu-item-object-page menu-item-553\"><a href=\"https:\/\/surgyteam.com\/tr\/orthognatic-surgery\/\" class=\"menu-link\">Ortognatik Cerrahi<\/a><\/li>\n<\/ul>                <button class=\"eael-simple-menu-toggle\">\n                    <span class=\"sr-only\">Hamburger Men\u00fc A\u00e7\u0131l\u0131r Kapatma<\/span>\n                    <svg aria-hidden=\"true\" class=\"e-font-icon-svg e-fas-bars\" viewbox=\"0 0 448 512\" xmlns=\"http:\/\/www.w3.org\/2000\/svg\"><path d=\"M16 132h416c8.837 0 16-7.163 16-16V76c0-8.837-7.163-16-16-16H16C7.163 60 0 67.163 0 76v40c0 8.837 7.163 16 16 16zm0 160h416c8.837 0 16-7.163 16-16v-40c0-8.837-7.163-16-16-16H16c-8.837 0-16 7.163-16 16v40c0 8.837 7.163 16 16 16zm0 160h416c8.837 0 16-7.163 16-16v-40c0-8.837-7.163-16-16-16H16c-8.837 0-16 7.163-16 16v40c0 8.837 7.163 16 16 16z\"><\/path><\/svg>                <\/button>\n            <\/div>\n            \t\t\t\t<\/div>\n\t\t\t\t<\/div>\n\t\t\t\t<\/div>\n\t\t\t\t\t<\/div>\n\t\t\t\t<\/div>\n\t\t\t\t<\/div>","protected":false},"excerpt":{"rendered":"<p>Alt Blefaroplasti Alt Blefaroplasti: SURGYTEAM Klini\u011finde G\u00f6zlerinizi Ayd\u0131nlat\u0131n G\u00f6z alt\u0131 torbalar\u0131, \u015fi\u015fkinlik ve koyu halkalar, kendinizi hissetti\u011finizden daha yorgun ve ya\u015fl\u0131 g\u00f6r\u00fcnmenize neden olabilir. SURGYTEAM Klini\u011finde, alt g\u00f6z kapaklar\u0131n\u0131 gen\u00e7le\u015ftirmek ve gen\u00e7, canl\u0131 bir g\u00f6r\u00fcn\u00fcm kazand\u0131rmak i\u00e7in Alt Blefaroplasti sunuyoruz. Alt Blefaroplasti Nedir? Alt g\u00f6z kapa\u011f\u0131 ameliyat\u0131 olarak da bilinen Alt Blefaroplasti, alt g\u00f6z kapaklar\u0131ndan fazla deri, ya\u011f ve kas\u0131 alan bir kozmetik i\u015flemdir. Bu ameliyat, \u015fi\u015fkinli\u011fi azaltmaya, k\u0131r\u0131\u015f\u0131kl\u0131klar\u0131 gidermeye ve g\u00f6z alt\u0131 torbalar\u0131n\u0131 ortadan kald\u0131rmaya yard\u0131mc\u0131 olarak size daha tazelenmi\u015f ve uyan\u0131k bir g\u00f6r\u00fcn\u00fcm kazand\u0131r\u0131r. SURGYTEAM Klini\u011fi Yakla\u015f\u0131m\u0131 SURGYTEAM Klini\u011finde deneyimli cerrahlar\u0131m\u0131z, do\u011fal g\u00f6r\u00fcn\u00fcml\u00fc sonu\u00e7lar sa\u011flamak i\u00e7in geli\u015fmi\u015f teknikler kullan\u0131r. Y\u00fcz hatlar\u0131n\u0131z\u0131 tamamlayan ince bir geli\u015ftirme elde etmeye odaklan\u0131r\u0131z. Hasta merkezli yakla\u015f\u0131m\u0131m\u0131z, her i\u015flemin bireysel ihtiya\u00e7lar\u0131 ve estetik hedefleri kar\u015f\u0131layacak \u015fekilde uyarlanmas\u0131n\u0131 sa\u011flar. \u0130\u015flem Alt Blefaroplasti genellikle sedasyon veya genel anestezi ile lokal anestezi alt\u0131nda yap\u0131l\u0131r. Cerrah, ya\u011flar\u0131 \u00e7\u0131karmak veya yeniden konumland\u0131rmak ve cildi s\u0131k\u0131la\u015ft\u0131rmak i\u00e7in alt g\u00f6z kapa\u011f\u0131n\u0131n i\u00e7ine (transkonjunktival yakla\u015f\u0131m) veya alt kirpik \u00e7izgisinin hemen alt\u0131na (subsiliyer yakla\u015f\u0131m) kesiler yapar. \u0130\u015flem genellikle yakla\u015f\u0131k bir ila iki saat s\u00fcrer. Alt Blefaroplastinin Faydalar\u0131 Gen\u00e7le\u015fmi\u015f G\u00f6r\u00fcn\u00fcm: \u0130\u015flem g\u00f6zlere gen\u00e7 ve tazelenmi\u015f bir g\u00f6r\u00fcn\u00fcm kazand\u0131rmaya yard\u0131mc\u0131 olur. G\u00f6z Alt\u0131 Torbalar\u0131n\u0131n Azalt\u0131lmas\u0131: Ya\u011flar\u0131n \u00e7\u0131kar\u0131lmas\u0131 veya yeniden konumland\u0131r\u0131lmas\u0131 \u015fi\u015fkinli\u011fi ve g\u00f6z alt\u0131 torbalar\u0131n\u0131 azalt\u0131r. Daha P\u00fcr\u00fczs\u00fcz Cilt: Cildin s\u0131k\u0131la\u015ft\u0131r\u0131lmas\u0131 k\u0131r\u0131\u015f\u0131kl\u0131klar\u0131 ve ince \u00e7izgileri yumu\u015fat\u0131r. Minimum Yara \u0130zi: Kesiler g\u00f6ze \u00e7arpmayan yerlerde yap\u0131l\u0131r ve minimum g\u00f6r\u00fcn\u00fcr yara iziyle sonu\u00e7lan\u0131r. \u0130deal Adaylar Alt Blefaroplasti, g\u00f6r\u00fcn\u00fcmlerini etkileyen g\u00f6z alt\u0131nda \u015fi\u015fkinlik, torba veya k\u0131r\u0131\u015f\u0131kl\u0131klar olan ki\u015filer i\u00e7in idealdir. Adaylar genel sa\u011fl\u0131k durumlar\u0131n\u0131n iyi olmas\u0131 ve sonu\u00e7lar hakk\u0131nda ger\u00e7ek\u00e7i beklentilere sahip olmalar\u0131 gerekir. \u0130yile\u015fme ve Bak\u0131m Alt Blefaroplasti sonras\u0131 iyile\u015fme, genellikle bir hafta i\u00e7inde azalan bir miktar \u015fi\u015flik ve morarma i\u00e7erir. Hastalara, sorunsuz bir iyile\u015fme ve optimum sonu\u00e7lar sa\u011flamak i\u00e7in SURGYTEAM Clinic taraf\u0131ndan sa\u011flanan ameliyat sonras\u0131 bak\u0131m talimatlar\u0131n\u0131 izlemeleri \u00f6nerilir. So\u011fuk kompresler ve re\u00e7eteli ila\u00e7lar, iyile\u015fme s\u00fcreci boyunca rahats\u0131zl\u0131\u011f\u0131 y\u00f6netmeye yard\u0131mc\u0131 olabilir. Neden SURGYTEAM Clinic&#039;i Se\u00e7melisiniz? Uzman Cerrahlar: Cerrah ekibimiz, g\u00f6z kapa\u011f\u0131 ameliyatlar\u0131 ger\u00e7ekle\u015ftirme konusunda kapsaml\u0131 deneyime sahiptir ve hastalar\u0131m\u0131z i\u00e7in m\u00fcmk\u00fcn olan en iyi sonu\u00e7lar\u0131 elde etmeye kendini adam\u0131\u015ft\u0131r. Son Teknoloji Tesis: SURGYTEAM Clinic, hastalar\u0131m\u0131z i\u00e7in g\u00fcvenli ve konforlu bir ortam sa\u011flayan en son teknoloji ve modern bir cerrahi s\u00fcit ile donat\u0131lm\u0131\u015ft\u0131r. Ki\u015fiselle\u015ftirilmi\u015f Bak\u0131m: Her hastan\u0131n benzersiz ihtiya\u00e7lar\u0131n\u0131 ve hedeflerini kar\u015f\u0131lamak i\u00e7in kapsaml\u0131 dan\u0131\u015fmanl\u0131klar ve ki\u015fiselle\u015ftirilmi\u015f tedavi planlar\u0131 sunuyoruz. Do\u011fal Geli\u015ftirmeler: Odak noktam\u0131z, genel g\u00f6r\u00fcn\u00fcm\u00fcn\u00fcz\u00fc iyile\u015ftiren ve \u00f6zg\u00fcveninizi art\u0131ran do\u011fal g\u00f6r\u00fcn\u00fcml\u00fc sonu\u00e7lar yaratmakt\u0131r. Bug\u00fcn Dan\u0131\u015fmanl\u0131\u011f\u0131n\u0131z\u0131 Planlay\u0131n Alt Blefaroplasti ile g\u00f6zlerinizi ayd\u0131nlatmaya haz\u0131rsan\u0131z, dan\u0131\u015fmanl\u0131\u011f\u0131n\u0131z\u0131 planlamak i\u00e7in SURGYTEAM Clinic ile ileti\u015fime ge\u00e7in. Uzman ekibimiz, prosed\u00fcr\u00fc anlamaktan ola\u011fan\u00fcst\u00fc ameliyat sonras\u0131 bak\u0131m sa\u011flamaya kadar s\u00fcrecin her ad\u0131m\u0131nda size rehberlik etmek i\u00e7in burada. Alt Blefaroplastinin d\u00f6n\u00fc\u015ft\u00fcr\u00fcc\u00fc faydalar\u0131n\u0131 ke\u015ffedin ve daha gen\u00e7, canl\u0131 bir g\u00f6r\u00fcn\u00fcme kavu\u015fun. NE BEKLEYEB\u0130L\u0130RS\u0130N\u0130Z? Hastanede kal\u0131\u015f s\u00fcreniz ve iyile\u015fme s\u00fcreniz dahil olmak \u00fczere se\u00e7ti\u011finiz cerrahi prosed\u00fcr hakk\u0131nda daha fazla bilgi edinmek i\u00e7in ba\u011flant\u0131lara t\u0131klay\u0131n. Bize Ula\u015f\u0131n Anne Esteti\u011fi 360 Liposuction Y\u00fcksek \u00c7\u00f6z\u00fcn\u00fcrl\u00fckl\u00fc Liposuction Kar\u0131n \u00c7atlaklar\u0131 Kar\u0131n Etileme \u00dcst Blefaroplasti Alt Blefaroplasti Kedi G\u00f6z\u00fc Tilki G\u00f6z\u00fc Badem G\u00f6z\u00fc Temporal Kald\u0131rma \u00c7ift \u00c7ene Ameliyat\u0131 Ortognatik Cerrahi Humberger Men\u00fc A\u00e7\u0131l\u0131r Kapat<\/p>","protected":false},"author":1,"featured_media":0,"parent":0,"menu_order":0,"comment_status":"closed","ping_status":"closed","template":"elementor_header_footer","meta":{"content-type":"","_daextam_enable_autolinks":"","site-sidebar-layout":"default","site-content-layout":"","ast-site-content-layout":"default","site-content-style":"default","site-sidebar-style":"default","ast-global-header-display":"","ast-banner-title-visibility":"","ast-main-header-display":"","ast-hfb-above-header-display":"","ast-hfb-below-header-display":"","ast-hfb-mobile-header-display":"","site-post-title":"","ast-breadcrumbs-content":"","ast-featured-img":"","footer-sml-layout":"","ast-disable-related-posts":"","theme-transparent-header-meta":"","adv-header-id-meta":"","stick-header-meta":"","header-above-stick-meta":"","header-main-stick-meta":"","header-below-stick-meta":"","astra-migrate-meta-layouts":"default","ast-page-background-enabled":"default","ast-page-background-meta":{"desktop":{"background-color":"var(--ast-global-color-4)","background-image":"","background-repeat":"repeat","background-position":"center center","background-size":"auto","background-attachment":"scroll","background-type":"","background-media":"","overlay-type":"","overlay-color":"","overlay-opacity":"","overlay-gradient":""},"tablet":{"background-color":"","background-image":"","background-repeat":"repeat","background-position":"center center","background-size":"auto","background-attachment":"scroll","background-type":"","background-media":"","overlay-type":"","overlay-color":"","overlay-opacity":"","overlay-gradient":""},"mobile":{"background-color":"","background-image":"","background-repeat":"repeat","background-position":"center center","background-size":"auto","background-attachment":"scroll","background-type":"","background-media":"","overlay-type":"","overlay-color":"","overlay-opacity":"","overlay-gradient":""}},"ast-content-background-meta":{"desktop":{"background-color":"var(--ast-global-color-5)","background-image":"","background-repeat":"repeat","background-position":"center center","background-size":"auto","background-attachment":"scroll","background-type":"","background-media":"","overlay-type":"","overlay-color":"","overlay-opacity":"","overlay-gradient":""},"tablet":{"background-color":"var(--ast-global-color-5)","background-image":"","background-repeat":"repeat","background-position":"center center","background-size":"auto","background-attachment":"scroll","background-type":"","background-media":"","overlay-type":"","overlay-color":"","overlay-opacity":"","overlay-gradient":""},"mobile":{"background-color":"var(--ast-global-color-5)","background-image":"","background-repeat":"repeat","background-position":"center center","background-size":"auto","background-attachment":"scroll","background-type":"","background-media":"","overlay-type":"","overlay-color":"","overlay-opacity":"","overlay-gradient":""}},"footnotes":""},"class_list":["post-322","page","type-page","status-publish","hentry"],"_links":{"self":[{"href":"https:\/\/surgyteam.com\/tr\/wp-json\/wp\/v2\/pages\/322","targetHints":{"allow":["GET"]}}],"collection":[{"href":"https:\/\/surgyteam.com\/tr\/wp-json\/wp\/v2\/pages"}],"about":[{"href":"https:\/\/surgyteam.com\/tr\/wp-json\/wp\/v2\/types\/page"}],"author":[{"embeddable":true,"href":"https:\/\/surgyteam.com\/tr\/wp-json\/wp\/v2\/users\/1"}],"replies":[{"embeddable":true,"href":"https:\/\/surgyteam.com\/tr\/wp-json\/wp\/v2\/comments?post=322"}],"version-history":[{"count":1,"href":"https:\/\/surgyteam.com\/tr\/wp-json\/wp\/v2\/pages\/322\/revisions"}],"predecessor-version":[{"id":2845,"href":"https:\/\/surgyteam.com\/tr\/wp-json\/wp\/v2\/pages\/322\/revisions\/2845"}],"wp:attachment":[{"href":"https:\/\/surgyteam.com\/tr\/wp-json\/wp\/v2\/media?parent=322"}],"curies":[{"name":"wp","href":"https:\/\/api.w.org\/{rel}","templated":true}]}}