{"id":345,"date":"2024-07-20T11:52:32","date_gmt":"2024-07-20T11:52:32","guid":{"rendered":"https:\/\/surgyteam.com\/?page_id=345"},"modified":"2024-07-20T17:00:38","modified_gmt":"2024-07-20T17:00:38","slug":"badem-gozu","status":"publish","type":"page","link":"https:\/\/surgyteam.com\/tr\/almond-eye\/","title":{"rendered":"Badem G\u00f6z\u00fc"},"content":{"rendered":"<div data-elementor-type=\"wp-page\" data-elementor-id=\"345\" class=\"elementor elementor-345\">\n\t\t\t\t<div class=\"elementor-element elementor-element-09cf3b8 e-flex e-con-boxed wpr-particle-no wpr-jarallax-no wpr-parallax-no wpr-sticky-section-no wpr-equal-height-no e-con e-parent\" data-id=\"09cf3b8\" data-element_type=\"container\" data-e-type=\"container\" data-settings=\"{&quot;background_background&quot;:&quot;classic&quot;}\">\n\t\t\t\t\t<div class=\"e-con-inner\">\n\t\t\t\t<div class=\"elementor-element elementor-element-9ad3fe9 elementor-widget elementor-widget-wpr-post-title\" data-id=\"9ad3fe9\" data-element_type=\"widget\" data-e-type=\"widget\" data-widget_type=\"wpr-post-title.default\">\n\t\t\t\t<div class=\"elementor-widget-container\">\n\t\t\t\t\t<h1 class=\"wpr-post-title\">Badem G\u00f6z\u00fc<\/h1>\t\t\t\t<\/div>\n\t\t\t\t<\/div>\n\t\t\t\t\t<\/div>\n\t\t\t\t<\/div>\n\t\t<div class=\"elementor-element elementor-element-6ecccb3 e-flex e-con-boxed wpr-particle-no wpr-jarallax-no wpr-parallax-no wpr-sticky-section-no wpr-equal-height-no e-con e-parent\" data-id=\"6ecccb3\" data-element_type=\"container\" data-e-type=\"container\">\n\t\t\t\t\t<div class=\"e-con-inner\">\n\t\t<div class=\"elementor-element elementor-element-bd5f2bf e-con-full e-flex wpr-particle-no wpr-jarallax-no wpr-parallax-no wpr-sticky-section-no wpr-equal-height-no e-con e-child\" data-id=\"bd5f2bf\" data-element_type=\"container\" data-e-type=\"container\">\n\t\t\t\t<div class=\"elementor-element elementor-element-4227395 elementor-widget elementor-widget-image\" data-id=\"4227395\" data-element_type=\"widget\" data-e-type=\"widget\" data-widget_type=\"image.default\">\n\t\t\t\t<div class=\"elementor-widget-container\">\n\t\t\t\t\t\t\t\t\t\t\t\t\t\t\t<img fetchpriority=\"high\" decoding=\"async\" width=\"1024\" height=\"536\" src=\"https:\/\/surgyteam.com\/wp-content\/uploads\/2024\/07\/Almond-Eye-Surgery-1024x536.jpg\" class=\"attachment-large size-large wp-image-348\" alt=\"Badem G\u00f6z Ameliyat\u0131\" srcset=\"https:\/\/surgyteam.com\/wp-content\/uploads\/2024\/07\/Almond-Eye-Surgery-1024x536.jpg.webp 1024w, https:\/\/surgyteam.com\/wp-content\/uploads\/2024\/07\/Almond-Eye-Surgery-300x157.jpg.webp 300w, https:\/\/surgyteam.com\/wp-content\/uploads\/2024\/07\/Almond-Eye-Surgery-768x402.jpg.webp 768w, https:\/\/surgyteam.com\/wp-content\/uploads\/2024\/07\/Almond-Eye-Surgery.jpg.webp 1200w\" sizes=\"(max-width: 1024px) 100vw, 1024px\" \/>\t\t\t\t\t\t\t\t\t\t\t\t\t\t\t<\/div>\n\t\t\t\t<\/div>\n\t\t\t\t<div class=\"elementor-element elementor-element-c5acd1f elementor-widget elementor-widget-text-editor\" data-id=\"c5acd1f\" data-element_type=\"widget\" data-e-type=\"widget\" data-widget_type=\"text-editor.default\">\n\t\t\t\t<div class=\"elementor-widget-container\">\n\t\t\t\t\t\t\t\t\t<p align=\"left\"><b>Badem G\u00f6z Ameliyat\u0131: SURGYTEAM Klini\u011finde Do\u011fal G\u00fczelli\u011finizi Geli\u015ftirin<\/b><\/p><p align=\"left\">Badem \u015feklindeki g\u00f6zler genellikle g\u00fczellik ve zarafetle ili\u015fkilendirilir. SURGYTEAM Clinic&#039;te, bu sofistike g\u00f6r\u00fcn\u00fcme kavu\u015fman\u0131za ve genel y\u00fcz esteti\u011finizi geli\u015ftirmenize yard\u0131mc\u0131 olmak i\u00e7in Badem G\u00f6z Ameliyat\u0131 sunuyoruz.<\/p><p align=\"left\"><b>Badem G\u00f6z Ameliyat\u0131 Nedir?<\/b><\/p><p align=\"left\">Badem G\u00f6z Ameliyat\u0131, medial kantoplasti veya epikantoplasti olarak da bilinir, g\u00f6zlerin i\u00e7 k\u00f6\u015felerini daha uzun ve badem benzeri bir g\u00f6r\u00fcn\u00fcm yaratmak i\u00e7in yeniden \u015fekillendiren bir kozmetik i\u015flemdir. Bu ameliyat, g\u00f6zlerin do\u011fal g\u00fczelli\u011fini art\u0131rarak onlara daha rafine ve uyumlu bir g\u00f6r\u00fcn\u00fcm kazand\u0131r\u0131r.<\/p><p align=\"left\"><b>SURGYTEAM Klinik Fark\u0131<\/b><\/p><p align=\"left\">SURGYTEAM Clinic&#039;te deneyimli cerrahlar\u0131m\u0131z do\u011fal g\u00f6r\u00fcn\u00fcml\u00fc sonu\u00e7lar elde etmek i\u00e7in geli\u015fmi\u015f teknikler kullan\u0131r. Y\u00fcz hatlar\u0131n\u0131z\u0131 tamamlayan ince bir geli\u015ftirme elde etmeye odaklan\u0131r\u0131z. Hasta merkezli yakla\u015f\u0131m\u0131m\u0131z, her prosed\u00fcr\u00fcn bireysel ihtiya\u00e7lar\u0131 ve estetik hedefleri kar\u015f\u0131layacak \u015fekilde uyarlanmas\u0131n\u0131 sa\u011flar.<\/p><p align=\"left\"><b>Prosed\u00fcr<\/b><\/p><p align=\"left\">Badem G\u00f6z Ameliyat\u0131 genellikle sedasyonlu lokal anestezi veya genel anestezi alt\u0131nda yap\u0131l\u0131r. Cerrah, fazla deriyi \u00e7\u0131karmak ve istenen badem \u015feklini olu\u015fturmak i\u00e7in g\u00f6zlerin i\u00e7 k\u00f6\u015felerinde k\u00fc\u00e7\u00fck kesiler yapar. \u0130\u015flem genellikle yakla\u015f\u0131k bir ila iki saat s\u00fcrer.<\/p><p align=\"left\"><b>Badem G\u00f6z Ameliyat\u0131n\u0131n Faydalar\u0131<\/b><\/p><ul><li><p align=\"left\"><b>\u015e\u0131k G\u00f6r\u00fcn\u00fcm<\/b>:\u0130\u015flem g\u00f6zlerin do\u011fal g\u00fczelli\u011fini ortaya \u00e7\u0131kararak daha rafine ve sofistike bir g\u00f6r\u00fcn\u00fcm yarat\u0131r.<\/p><\/li><li><p align=\"left\"><b>H\u0131zl\u0131 \u0130yile\u015fme<\/b>: \u00c7o\u011fu hasta, minimum iyile\u015fme s\u00fcresi ve rahats\u0131zl\u0131kla bir hafta i\u00e7inde normal aktivitelerine d\u00f6nebilir.<\/p><\/li><li><p align=\"left\"><b>Uzun S\u00fcreli Sonu\u00e7lar<\/b>: Badem G\u00f6z Ameliyat\u0131&#039;n\u0131n sonu\u00e7lar\u0131 uzun \u00f6m\u00fcrl\u00fcd\u00fcr ve g\u00f6r\u00fcn\u00fcm\u00fcn\u00fczde kal\u0131c\u0131 bir iyile\u015fme sa\u011flar.<\/p><\/li><li><p align=\"left\"><b>Artt\u0131r\u0131lm\u0131\u015f G\u00fcven<\/b>: Badem g\u00f6z g\u00f6r\u00fcn\u00fcm\u00fcne kavu\u015fmak, \u00f6zg\u00fcveninizi ve genel y\u00fcz esteti\u011finizi art\u0131rabilir.<\/p><\/li><\/ul><p align=\"left\"><b>\u0130deal Adaylar<\/b><\/p><p align=\"left\">Badem G\u00f6z Ameliyat\u0131, daha uzun ve badem \u015feklinde g\u00f6z g\u00f6r\u00fcn\u00fcm\u00fc isteyen ki\u015filer i\u00e7in idealdir. Adaylar\u0131n genel sa\u011fl\u0131k durumu iyi olmal\u0131 ve sonu\u00e7lar hakk\u0131nda ger\u00e7ek\u00e7i beklentilere sahip olmal\u0131d\u0131r.<\/p><p align=\"left\"><b>\u0130yile\u015fme ve Sonraki Bak\u0131m<\/b><\/p><p align=\"left\">\u00dcst Blefaroplasti sonras\u0131 iyile\u015fme, genellikle bir hafta i\u00e7inde azalan bir miktar \u015fi\u015flik ve morarma i\u00e7erir. Hastalara, sorunsuz bir iyile\u015fme ve optimum sonu\u00e7lar sa\u011flamak i\u00e7in SURGYTEAM Clinic taraf\u0131ndan sa\u011flanan ameliyat sonras\u0131 bak\u0131m talimatlar\u0131n\u0131 takip etmeleri \u00f6nerilir. So\u011fuk kompresler ve re\u00e7eteli ila\u00e7lar, iyile\u015fme s\u00fcrecinde rahats\u0131zl\u0131\u011f\u0131 y\u00f6netmeye yard\u0131mc\u0131 olabilir.<\/p><p align=\"left\"><b>Neden SURGYTEAM Klini\u011fini Se\u00e7melisiniz?<\/b><\/p><ul><li><p align=\"left\"><b>Uzman Cerrahlar<\/b>:Cerrahlar\u0131m\u0131zdan olu\u015fan ekibimiz g\u00f6z kapa\u011f\u0131 ameliyatlar\u0131nda geni\u015f deneyime sahiptir ve hastalar\u0131m\u0131z i\u00e7in m\u00fcmk\u00fcn olan en iyi sonu\u00e7lar\u0131 elde etmeye kendini adam\u0131\u015ft\u0131r.<\/p><\/li><li><p align=\"left\"><b>Son Teknoloji Tesis<\/b>: SURGYTEAM Klini\u011fimiz, hastalar\u0131m\u0131za g\u00fcvenli ve konforlu bir ortam sa\u011flamak amac\u0131yla en son teknoloji ve modern cerrahi \u00fcnitelerle donat\u0131lm\u0131\u015ft\u0131r.<\/p><\/li><li><p align=\"left\"><b>Ki\u015fiselle\u015ftirilmi\u015f Bak\u0131m<\/b>:Her hastan\u0131n kendine \u00f6zg\u00fc ihtiya\u00e7lar\u0131n\u0131 ve hedeflerini kar\u015f\u0131lamak i\u00e7in kapsaml\u0131 dan\u0131\u015fmanl\u0131k ve ki\u015fiselle\u015ftirilmi\u015f tedavi planlar\u0131 sunuyoruz.<\/p><\/li><li><p align=\"left\"><b>Do\u011fal Geli\u015ftirmeler<\/b>:Odak noktam\u0131z, genel g\u00f6r\u00fcn\u00fcm\u00fcn\u00fcz\u00fc iyile\u015ftiren ve \u00f6zg\u00fcveninizi art\u0131ran do\u011fal g\u00f6r\u00fcn\u00fcml\u00fc sonu\u00e7lar yaratmakt\u0131r.<\/p><\/li><\/ul><p align=\"left\"><b>Bug\u00fcn Dan\u0131\u015fmanl\u0131\u011f\u0131n\u0131z\u0131 Planlay\u0131n<\/b><\/p><p align=\"left\">Badem G\u00f6z Ameliyat\u0131 ile do\u011fal g\u00fczelli\u011finizi art\u0131rmaya haz\u0131rsan\u0131z, kons\u00fcltasyonunuzu planlamak i\u00e7in SURGYTEAM Clinic ile ileti\u015fime ge\u00e7in. Uzman ekibimiz, prosed\u00fcr\u00fc anlamaktan ola\u011fan\u00fcst\u00fc ameliyat sonras\u0131 bak\u0131m sa\u011flamaya kadar s\u00fcrecin her ad\u0131m\u0131nda size rehberlik etmek i\u00e7in burada. Badem G\u00f6z Ameliyat\u0131n\u0131n d\u00f6n\u00fc\u015ft\u00fcr\u00fcc\u00fc faydalar\u0131n\u0131 ke\u015ffedin ve daha sofistike bir g\u00f6r\u00fcn\u00fcm\u00fc kucaklay\u0131n.<\/p>\t\t\t\t\t\t\t\t<\/div>\n\t\t\t\t<\/div>\n\t\t\t\t<\/div>\n\t\t<div class=\"elementor-element elementor-element-b373dbe e-con-full e-flex wpr-particle-no wpr-jarallax-no wpr-parallax-no wpr-sticky-section-no wpr-equal-height-no e-con e-child\" data-id=\"b373dbe\" data-element_type=\"container\" data-e-type=\"container\">\n\t\t\t\t<div class=\"elementor-element elementor-element-36389fc content-align-cta-default elementor-widget elementor-widget-eael-cta-box\" data-id=\"36389fc\" data-element_type=\"widget\" data-e-type=\"widget\" data-widget_type=\"eael-cta-box.default\">\n\t\t\t\t<div class=\"elementor-widget-container\">\n\t\t\t\t\t\t\t<div class=\"eael-call-to-action cta-basic bg-lite cta-preset-1\">\n        <h2 class=\"title eael-cta-heading\">NE BEKLENT\u0130LER\u0130<\/h2><p>Se\u00e7ti\u011finiz cerrahi prosed\u00fcr hakk\u0131nda daha fazla bilgi edinmek i\u00e7in ba\u011flant\u0131lara t\u0131klay\u0131n; buna hastanede kal\u0131\u015f s\u00fcreniz ve <a href=\"https:\/\/surgyteam.com\/tr\/bize-ulasin\/\" rel=\"sponsored\">iyile\u015fme s\u00fcresi<\/a>.<\/p><a href=\"\/tr\/bize-ulasin\/\" class=\"cta-button cta-preset-1\">Bize Ula\u015f\u0131n<\/a>\t<\/div>\n\t\t\t\t\t\t\t\t<\/div>\n\t\t\t\t<\/div>\n\t\t\t\t<div class=\"elementor-element elementor-element-61ca047 eael-hamburger--none eael-simple-menu-hamburger-align-right elementor-widget elementor-widget-eael-simple-menu\" data-id=\"61ca047\" data-element_type=\"widget\" data-e-type=\"widget\" data-widget_type=\"eael-simple-menu.default\">\n\t\t\t\t<div class=\"elementor-widget-container\">\n\t\t\t\t\t            <div data-hamburger-icon=\"&lt;svg aria-hidden=&quot;true&quot; class=&quot;e-font-icon-svg e-fas-bars&quot; viewBox=&quot;0 0 448 512&quot; xmlns=&quot;http:\/\/www.w3.org\/2000\/svg&quot;&gt;&lt;path d=&quot;M16 132h416c8.837 0 16-7.163 16-16V76c0-8.837-7.163-16-16-16H16C7.163 60 0 67.163 0 76v40c0 8.837 7.163 16 16 16zm0 160h416c8.837 0 16-7.163 16-16v-40c0-8.837-7.163-16-16-16H16c-8.837 0-16 7.163-16 16v40c0 8.837 7.163 16 16 16zm0 160h416c8.837 0 16-7.163 16-16v-40c0-8.837-7.163-16-16-16H16c-8.837 0-16 7.163-16 16v40c0 8.837 7.163 16 16 16z&quot;&gt;&lt;\/path&gt;&lt;\/svg&gt;\" data-indicator-icon=\"&lt;svg aria-hidden=&quot;true&quot; class=&quot;e-font-icon-svg e-fas-angle-down&quot; viewBox=&quot;0 0 320 512&quot; xmlns=&quot;http:\/\/www.w3.org\/2000\/svg&quot;&gt;&lt;path d=&quot;M143 352.3L7 216.3c-9.4-9.4-9.4-24.6 0-33.9l22.6-22.6c9.4-9.4 24.6-9.4 33.9 0l96.4 96.4 96.4-96.4c9.4-9.4 24.6-9.4 33.9 0l22.6 22.6c9.4 9.4 9.4 24.6 0 33.9l-136 136c-9.2 9.4-24.4 9.4-33.8 0z&quot;&gt;&lt;\/path&gt;&lt;\/svg&gt;\" data-dropdown-indicator-icon=\"&lt;svg class=&quot;e-font-icon-svg e-fas-angle-down&quot; viewBox=&quot;0 0 320 512&quot; xmlns=&quot;http:\/\/www.w3.org\/2000\/svg&quot;&gt;&lt;path d=&quot;M143 352.3L7 216.3c-9.4-9.4-9.4-24.6 0-33.9l22.6-22.6c9.4-9.4 24.6-9.4 33.9 0l96.4 96.4 96.4-96.4c9.4-9.4 24.6-9.4 33.9 0l22.6 22.6c9.4 9.4 9.4 24.6 0 33.9l-136 136c-9.2 9.4-24.4 9.4-33.8 0z&quot;&gt;&lt;\/path&gt;&lt;\/svg&gt;\" class=\"eael-simple-menu-container eael-simple-menu--loading eael-simple-menu-align-left eael-simple-menu-dropdown-align-left preset-2\" data-hamburger-breakpoints=\"{&quot;mobile&quot;:&quot;Mobil Portre (&gt; 767px)&quot;,&quot;tablet&quot;:&quot;Tablet Portresi (&gt; 1024px)&quot;,&quot;desktop&quot;:&quot;Desktop (&gt; 2400px)&quot;,&quot;none&quot;:&quot;None&quot;}\" data-hamburger-device=\"none\">\n                <ul id=\"menu-kozmetik-cerrahi\" class=\"eael-simple-menu eael-simple-menu-dropdown-animate-to-top eael-simple-menu-indicator eael-simple-menu-vertical\"><li id=\"menu-item-552\" class=\"menu-item menu-item-type-post_type menu-item-object-page menu-item-552\"><a href=\"https:\/\/surgyteam.com\/tr\/mommy-makeover-2\/\" class=\"menu-link\">Anne Esteti\u011fi<\/a><\/li>\n<li id=\"menu-item-543\" class=\"menu-item menu-item-type-post_type menu-item-object-page menu-item-543\"><a href=\"https:\/\/surgyteam.com\/tr\/360-liposuction-2\/\" class=\"menu-link\">360 Liposuction<\/a><\/li>\n<li id=\"menu-item-550\" class=\"menu-item menu-item-type-post_type menu-item-object-page menu-item-550\"><a href=\"https:\/\/surgyteam.com\/tr\/hi-def-liposuction\/\" class=\"menu-link\">Y\u00fcksek \u00c7\u00f6z\u00fcn\u00fcrl\u00fckl\u00fc Liposuction<\/a><\/li>\n<li id=\"menu-item-545\" class=\"menu-item menu-item-type-post_type menu-item-object-page menu-item-545\"><a href=\"https:\/\/surgyteam.com\/tr\/abs-cracks\/\" class=\"menu-link\">Kar\u0131n kaslar\u0131 \u00e7atlaklar\u0131<\/a><\/li>\n<li id=\"menu-item-544\" class=\"menu-item menu-item-type-post_type menu-item-object-page menu-item-544\"><a href=\"https:\/\/surgyteam.com\/tr\/abdominal-etching\/\" class=\"menu-link\">Kar\u0131n A\u015f\u0131nd\u0131rma<\/a><\/li>\n<li id=\"menu-item-555\" class=\"menu-item menu-item-type-post_type menu-item-object-page menu-item-555\"><a href=\"https:\/\/surgyteam.com\/tr\/upper-blepharoplasty\/\" class=\"menu-link\">\u00dcst Blefaroplasti<\/a><\/li>\n<li id=\"menu-item-551\" class=\"menu-item menu-item-type-post_type menu-item-object-page menu-item-551\"><a href=\"https:\/\/surgyteam.com\/tr\/lower-blepharoplasty\/\" class=\"menu-link\">Alt Blefaroplasti<\/a><\/li>\n<li id=\"menu-item-547\" class=\"menu-item menu-item-type-post_type menu-item-object-page menu-item-547\"><a href=\"https:\/\/surgyteam.com\/tr\/1-kozmetik-cerrahi-islemler-icin-cogaltilacak-2\/\" class=\"menu-link\">Kedi G\u00f6z\u00fc<\/a><\/li>\n<li id=\"menu-item-549\" class=\"menu-item menu-item-type-post_type menu-item-object-page menu-item-549\"><a href=\"https:\/\/surgyteam.com\/tr\/fox-eye\/\" class=\"menu-link\">Tilki G\u00f6z\u00fc<\/a><\/li>\n<li id=\"menu-item-546\" class=\"menu-item menu-item-type-post_type menu-item-object-page menu-item-546\"><a href=\"https:\/\/surgyteam.com\/tr\/almond-eye\/\" class=\"menu-link\">Badem G\u00f6z\u00fc<\/a><\/li>\n<li id=\"menu-item-554\" class=\"menu-item menu-item-type-post_type menu-item-object-page menu-item-554\"><a href=\"https:\/\/surgyteam.com\/tr\/temporal-lift\/\" class=\"menu-link\">Temporal Kald\u0131rma<\/a><\/li>\n<li id=\"menu-item-548\" class=\"menu-item menu-item-type-post_type menu-item-object-page menu-item-548\"><a href=\"https:\/\/surgyteam.com\/tr\/double-jaw-surgery\/\" class=\"menu-link\">\u00c7ift \u00c7ene Ameliyat\u0131<\/a><\/li>\n<li id=\"menu-item-553\" class=\"menu-item menu-item-type-post_type menu-item-object-page menu-item-553\"><a href=\"https:\/\/surgyteam.com\/tr\/orthognatic-surgery\/\" class=\"menu-link\">Ortognatik Cerrahi<\/a><\/li>\n<\/ul>                <button class=\"eael-simple-menu-toggle\">\n                    <span class=\"sr-only\">Hamburger Men\u00fc A\u00e7\u0131l\u0131r Kapatma<\/span>\n                    <svg aria-hidden=\"true\" class=\"e-font-icon-svg e-fas-bars\" viewbox=\"0 0 448 512\" xmlns=\"http:\/\/www.w3.org\/2000\/svg\"><path d=\"M16 132h416c8.837 0 16-7.163 16-16V76c0-8.837-7.163-16-16-16H16C7.163 60 0 67.163 0 76v40c0 8.837 7.163 16 16 16zm0 160h416c8.837 0 16-7.163 16-16v-40c0-8.837-7.163-16-16-16H16c-8.837 0-16 7.163-16 16v40c0 8.837 7.163 16 16 16zm0 160h416c8.837 0 16-7.163 16-16v-40c0-8.837-7.163-16-16-16H16c-8.837 0-16 7.163-16 16v40c0 8.837 7.163 16 16 16z\"><\/path><\/svg>                <\/button>\n            <\/div>\n            \t\t\t\t<\/div>\n\t\t\t\t<\/div>\n\t\t\t\t<\/div>\n\t\t\t\t\t<\/div>\n\t\t\t\t<\/div>\n\t\t\t\t<\/div>","protected":false},"excerpt":{"rendered":"<p>Almond Eye Almond Eye Surgery: Enhance Your Natural Beauty at SURGYTEAM Clinic Almond-shaped eyes are often associated with beauty and elegance. At SURGYTEAM Clinic, we offer Almond Eye Surgery to help you achieve this sophisticated look and enhance your overall facial aesthetics. What is Almond Eye Surgery? Almond Eye Surgery, also known as medial canthoplasty or epicanthoplasty, is a cosmetic procedure that reshapes the inner corners of the eyes to create a more elongated and almond-like appearance. This surgery enhances the natural beauty of the eyes, giving them a more refined and harmonious look. The SURGYTEAM Clinic Difference At SURGYTEAM Clinic, our experienced surgeons use advanced techniques to ensure natural-looking results. We focus on achieving a subtle enhancement that complements your facial features. Our patient-centered approach ensures that each procedure is tailored to meet individual needs and aesthetic goals. The Procedure Almond Eye Surgery is typically performed under local anesthesia with sedation or general anesthesia. The surgeon makes small incisions at the inner corners of the eyes to remove excess skin and create the desired almond shape. The procedure usually takes about one to two hours. Benefits of Almond Eye Surgery Elegant Appearance: The procedure enhances the natural beauty of the eyes, creating a more refined and sophisticated look. Quick Recovery: Most patients can return to their normal activities within a week, with minimal downtime and discomfort. Long-Lasting Results: The results of Almond Eye Surgery are long-lasting, providing a sustained enhancement to your appearance. Boosted Confidence: Achieving the almond eye look can enhance your self-confidence and overall facial aesthetics. Ideal Candidates Almond Eye Surgery is ideal for individuals who desire a more elongated and almond-shaped eye appearance. Candidates should be in good overall health and have realistic expectations about the results. Recovery and Aftercare Recovery from Almond Eye Surgery involves some swelling and bruising, which typically subsides within a week. Patients are advised to follow post-operative care instructions provided by SURGYTEAM Clinic to ensure a smooth recovery and optimal results. Cold compresses and prescribed medications can help manage discomfort during the healing process. Why Choose SURGYTEAM Clinic? Expert Surgeons: Our team of surgeons has extensive experience in performing eye surgeries and is dedicated to achieving the best possible results for our patients. State-of-the-Art Facility: SURGYTEAM Clinic is equipped with the latest technology and a modern surgical suite, ensuring a safe and comfortable environment for our patients. Personalized Care: We provide comprehensive consultations and personalized treatment plans to meet each patient&#8217;s unique needs and goals. Natural Enhancements: Our focus is on creating natural-looking results that enhance your overall appearance and boost your confidence. Schedule Your Consultation Today If you&#8217;re ready to enhance your natural beauty with Almond Eye Surgery, contact SURGYTEAM Clinic to schedule your consultation. Our expert team is here to guide you through every step of the process, from understanding the procedure to providing exceptional post-operative care. Discover the transformative benefits of Almond Eye Surgery and embrace a more sophisticated look. WHAT CAN YOU EXPECT Click on the links to discover more about your chosen surgical procedure, including information about your hospital stay and recovery time. Contact Us Mommy Makeover 360 Liposuction Hi-Def Liposuction Abs Cracks Abdominal Etching Upper Blepharoplasty Lower Blepharoplasty Cat Eye Fox Eye Almond Eye Temporal Lift Double Jaw Surgery Orthognatic Surgery Humberger Toggle Menu<\/p>","protected":false},"author":1,"featured_media":0,"parent":0,"menu_order":0,"comment_status":"closed","ping_status":"closed","template":"elementor_header_footer","meta":{"content-type":"","_daextam_enable_autolinks":"","site-sidebar-layout":"default","site-content-layout":"","ast-site-content-layout":"default","site-content-style":"default","site-sidebar-style":"default","ast-global-header-display":"","ast-banner-title-visibility":"","ast-main-header-display":"","ast-hfb-above-header-display":"","ast-hfb-below-header-display":"","ast-hfb-mobile-header-display":"","site-post-title":"","ast-breadcrumbs-content":"","ast-featured-img":"","footer-sml-layout":"","ast-disable-related-posts":"","theme-transparent-header-meta":"","adv-header-id-meta":"","stick-header-meta":"","header-above-stick-meta":"","header-main-stick-meta":"","header-below-stick-meta":"","astra-migrate-meta-layouts":"default","ast-page-background-enabled":"default","ast-page-background-meta":{"desktop":{"background-color":"var(--ast-global-color-4)","background-image":"","background-repeat":"repeat","background-position":"center center","background-size":"auto","background-attachment":"scroll","background-type":"","background-media":"","overlay-type":"","overlay-color":"","overlay-opacity":"","overlay-gradient":""},"tablet":{"background-color":"","background-image":"","background-repeat":"repeat","background-position":"center center","background-size":"auto","background-attachment":"scroll","background-type":"","background-media":"","overlay-type":"","overlay-color":"","overlay-opacity":"","overlay-gradient":""},"mobile":{"background-color":"","background-image":"","background-repeat":"repeat","background-position":"center center","background-size":"auto","background-attachment":"scroll","background-type":"","background-media":"","overlay-type":"","overlay-color":"","overlay-opacity":"","overlay-gradient":""}},"ast-content-background-meta":{"desktop":{"background-color":"var(--ast-global-color-5)","background-image":"","background-repeat":"repeat","background-position":"center center","background-size":"auto","background-attachment":"scroll","background-type":"","background-media":"","overlay-type":"","overlay-color":"","overlay-opacity":"","overlay-gradient":""},"tablet":{"background-color":"var(--ast-global-color-5)","background-image":"","background-repeat":"repeat","background-position":"center center","background-size":"auto","background-attachment":"scroll","background-type":"","background-media":"","overlay-type":"","overlay-color":"","overlay-opacity":"","overlay-gradient":""},"mobile":{"background-color":"var(--ast-global-color-5)","background-image":"","background-repeat":"repeat","background-position":"center center","background-size":"auto","background-attachment":"scroll","background-type":"","background-media":"","overlay-type":"","overlay-color":"","overlay-opacity":"","overlay-gradient":""}},"footnotes":""},"class_list":["post-345","page","type-page","status-publish","hentry"],"_links":{"self":[{"href":"https:\/\/surgyteam.com\/tr\/wp-json\/wp\/v2\/pages\/345","targetHints":{"allow":["GET"]}}],"collection":[{"href":"https:\/\/surgyteam.com\/tr\/wp-json\/wp\/v2\/pages"}],"about":[{"href":"https:\/\/surgyteam.com\/tr\/wp-json\/wp\/v2\/types\/page"}],"author":[{"embeddable":true,"href":"https:\/\/surgyteam.com\/tr\/wp-json\/wp\/v2\/users\/1"}],"replies":[{"embeddable":true,"href":"https:\/\/surgyteam.com\/tr\/wp-json\/wp\/v2\/comments?post=345"}],"version-history":[{"count":0,"href":"https:\/\/surgyteam.com\/tr\/wp-json\/wp\/v2\/pages\/345\/revisions"}],"wp:attachment":[{"href":"https:\/\/surgyteam.com\/tr\/wp-json\/wp\/v2\/media?parent=345"}],"curies":[{"name":"wp","href":"https:\/\/api.w.org\/{rel}","templated":true}]}}