{"id":479,"date":"2024-07-20T16:37:12","date_gmt":"2024-07-20T16:37:12","guid":{"rendered":"https:\/\/surgyteam.com\/?page_id=479"},"modified":"2024-07-20T18:53:23","modified_gmt":"2024-07-20T18:53:23","slug":"karin-germe","status":"publish","type":"page","link":"https:\/\/surgyteam.com\/tr\/tummy-tuck\/","title":{"rendered":"Kar\u0131n Germe"},"content":{"rendered":"<div data-elementor-type=\"wp-page\" data-elementor-id=\"479\" class=\"elementor elementor-479\">\n\t\t\t\t<div class=\"elementor-element elementor-element-09cf3b8 e-flex e-con-boxed wpr-particle-no wpr-jarallax-no wpr-parallax-no wpr-sticky-section-no wpr-equal-height-no e-con e-parent\" data-id=\"09cf3b8\" data-element_type=\"container\" data-e-type=\"container\" data-settings=\"{&quot;background_background&quot;:&quot;classic&quot;}\">\n\t\t\t\t\t<div class=\"e-con-inner\">\n\t\t\t\t<div class=\"elementor-element elementor-element-6eaee70 elementor-widget elementor-widget-wpr-post-title\" data-id=\"6eaee70\" data-element_type=\"widget\" data-e-type=\"widget\" data-widget_type=\"wpr-post-title.default\">\n\t\t\t\t<div class=\"elementor-widget-container\">\n\t\t\t\t\t<h1 class=\"wpr-post-title\">Kar\u0131n Germe<\/h1>\t\t\t\t<\/div>\n\t\t\t\t<\/div>\n\t\t\t\t\t<\/div>\n\t\t\t\t<\/div>\n\t\t<div class=\"elementor-element elementor-element-6ecccb3 e-flex e-con-boxed wpr-particle-no wpr-jarallax-no wpr-parallax-no wpr-sticky-section-no wpr-equal-height-no e-con e-parent\" data-id=\"6ecccb3\" data-element_type=\"container\" data-e-type=\"container\">\n\t\t\t\t\t<div class=\"e-con-inner\">\n\t\t<div class=\"elementor-element elementor-element-bd5f2bf e-con-full e-flex wpr-particle-no wpr-jarallax-no wpr-parallax-no wpr-sticky-section-no wpr-equal-height-no e-con e-child\" data-id=\"bd5f2bf\" data-element_type=\"container\" data-e-type=\"container\">\n\t\t\t\t<div class=\"elementor-element elementor-element-b88b836 elementor-widget elementor-widget-image\" data-id=\"b88b836\" data-element_type=\"widget\" data-e-type=\"widget\" data-widget_type=\"image.default\">\n\t\t\t\t<div class=\"elementor-widget-container\">\n\t\t\t\t\t\t\t\t\t\t\t\t\t\t\t<img fetchpriority=\"high\" decoding=\"async\" width=\"778\" height=\"350\" src=\"https:\/\/surgyteam.com\/wp-content\/uploads\/2024\/07\/liposuction.jpg\" class=\"attachment-large size-large wp-image-278\" alt=\"liposuction\" srcset=\"https:\/\/surgyteam.com\/wp-content\/uploads\/2024\/07\/liposuction.jpg 778w, https:\/\/surgyteam.com\/wp-content\/uploads\/2024\/07\/liposuction-300x135.jpg 300w, https:\/\/surgyteam.com\/wp-content\/uploads\/2024\/07\/liposuction-768x346.jpg 768w\" sizes=\"(max-width: 778px) 100vw, 778px\" \/>\t\t\t\t\t\t\t\t\t\t\t\t\t\t\t<\/div>\n\t\t\t\t<\/div>\n\t\t\t\t<div class=\"elementor-element elementor-element-c5acd1f elementor-widget elementor-widget-text-editor\" data-id=\"c5acd1f\" data-element_type=\"widget\" data-e-type=\"widget\" data-widget_type=\"text-editor.default\">\n\t\t\t\t<div class=\"elementor-widget-container\">\n\t\t\t\t\t\t\t\t\t<p><strong>Kar\u0131n Germe<\/strong><\/p><p>SURGYTEAM Clinic&#039;te, geli\u015fmi\u015f kozmetik prosed\u00fcrlerimiz arac\u0131l\u0131\u011f\u0131yla hastalar\u0131m\u0131z\u0131n daha d\u00fcz ve daha s\u0131k\u0131 bir kar\u0131na kavu\u015fmas\u0131na yard\u0131mc\u0131 olma konusunda uzmanla\u015f\u0131yoruz. En etkili tedavilerimizden biri, kar\u0131n kaslar\u0131n\u0131 s\u0131k\u0131la\u015ft\u0131rarak daha p\u00fcr\u00fczs\u00fcz ve s\u0131k\u0131 bir kar\u0131n yaratmak i\u00e7in fazla deri ve ya\u011f\u0131 alan kar\u0131n germe, di\u011fer ad\u0131yla abdominoplastidir.<\/p><p><strong>Kar\u0131n Germe Nedir?<\/strong><\/p><ul><li><strong>Fazla Derinin Al\u0131nmas\u0131:<\/strong> A\u015f\u0131r\u0131 kilo kayb\u0131 veya hamilelik sonras\u0131 s\u0131kl\u0131kla kalan fazla deriyi ortadan kald\u0131rmak.<\/li><li><strong>Kar\u0131n Kaslar\u0131n\u0131 S\u0131k\u0131la\u015ft\u0131rma:<\/strong> Kar\u0131n duvar\u0131 kaslar\u0131n\u0131n g\u00fc\u00e7lendirilmesi ve s\u0131k\u0131la\u015ft\u0131r\u0131lmas\u0131, g\u00f6vdenin g\u00fc\u00e7lendirilmesi ve kar\u0131n konturunun iyile\u015ftirilmesi.<\/li><li><strong>Bel \u00c7evresini \u015eekillendirmek:<\/strong> Daha \u015fekilli bir g\u00f6r\u00fcn\u00fcm i\u00e7in belin \u015feklini ve belirginli\u011fini art\u0131r\u0131r.<\/li><\/ul><p>\u00a0<\/p><p><strong>Kar\u0131n Germe \u0130\u015fleminin Faydalar\u0131<\/strong><\/p><ul><li><strong>Daha D\u00fcz Kar\u0131n Profili:<\/strong> Fazla deri ve ya\u011f\u0131n al\u0131nmas\u0131yla daha d\u00fczg\u00fcn, daha d\u00fcz bir kar\u0131n konturuna sahip olunur.<\/li><li><strong>S\u0131k\u0131la\u015ft\u0131r\u0131lm\u0131\u015f Kar\u0131n Kaslar\u0131:<\/strong> G\u00f6vde g\u00fcc\u00fc ve duru\u015fun iyile\u015fmesi.<\/li><li><strong>Geli\u015fmi\u015f V\u00fccut G\u00fcveni:<\/strong> Daha fit ve orant\u0131l\u0131 bir v\u00fccuda sahip olmak, \u00f6z sayg\u0131n\u0131z\u0131 art\u0131rabilir.<\/li><li><strong>Cilt Tahri\u015fini Azalt\u0131r:<\/strong> A\u015f\u0131r\u0131 deri k\u0131vr\u0131mlar\u0131 ve tahri\u015finden kaynaklanan rahats\u0131zl\u0131klar\u0131n giderilmesinde.<\/li><\/ul><p><strong>Kar\u0131n Germe \u0130\u015flemi<\/strong><\/p><p>SURGYTEAM Clinic&#039;te yetenekli cerrahlar\u0131m\u0131z kar\u0131n germe prosed\u00fcrlerini ayr\u0131nt\u0131lara ve hasta g\u00fcvenli\u011fine titizlikle dikkat ederek ger\u00e7ekle\u015ftirir. \u0130\u015fte sizi neler bekliyor:<\/p><ul><li><strong>Anestezi:<\/strong> \u0130\u015flem boyunca konforunuzun sa\u011flanmas\u0131 i\u00e7in uygulan\u0131r.<\/li><li><strong>Kesi Yerle\u015fimi:<\/strong> G\u00f6r\u00fcn\u00fcr yara izini en aza indirmek i\u00e7in kesiler stratejik olarak yap\u0131l\u0131r.<\/li><li><strong>Deri ve Ya\u011f Alma:<\/strong> Fazla deri ve ya\u011f dokusu hassas bir \u015fekilde \u00e7\u0131kar\u0131l\u0131r.<\/li><li><strong>Kas Onar\u0131m\u0131:<\/strong> Kar\u0131n kaslar\u0131 s\u0131k\u0131la\u015ft\u0131r\u0131l\u0131r ve daha s\u0131k\u0131 bir pozisyona dikilir.<\/li><li><strong>Konturlama ve Diki\u015f:<\/strong> Kalan deri, en iyi sonucu elde etmek i\u00e7in dikkatlice \u015fekillendirilir ve dikilir.<\/li><\/ul><p>\u00a0<\/p><p><strong>\u0130yile\u015fme ve Sonraki Bak\u0131m<\/strong><\/p><ul><li><strong>Fiziksel Aktivite:<\/strong> Ameliyattan hemen sonra dola\u015f\u0131m\u0131n desteklenmesi i\u00e7in hafif y\u00fcr\u00fcy\u00fc\u015fler \u00f6nerilir, ancak yorucu aktivitelerden ka\u00e7\u0131n\u0131lmal\u0131d\u0131r.<\/li><li><strong>\u015ei\u015flik ve Morarma:<\/strong> Ameliyat sonras\u0131 beklenen bu belirtiler uygun elevasyon ve so\u011fuk kompres uygulamalar\u0131yla giderek azal\u0131r.<\/li><li><strong>Takip Randevular\u0131:<\/strong> \u0130yile\u015fme s\u00fcrecinin izlenmesi ve en iyi sonu\u00e7lar\u0131n sa\u011flanmas\u0131 i\u00e7in gereklidir.<\/li><li><strong>Uzun Vadeli Sonu\u00e7lar:<\/strong> Sa\u011fl\u0131kl\u0131 bir ya\u015fam tarz\u0131 ve sabit bir kilonun korunmas\u0131 i\u015flemin faydalar\u0131n\u0131 uzat\u0131r.<\/li><\/ul><p><strong>Kar\u0131n Germe Ameliyat\u0131n\u0131z \u0130\u00e7in SURGYTEAM Klini\u011fini Se\u00e7mek<\/strong><\/p><p>SURGYTEAM Clinic&#039;te hasta g\u00fcvenli\u011fine, memnuniyetine ve do\u011fal g\u00f6r\u00fcn\u00fcml\u00fc sonu\u00e7lara \u00f6ncelik veriyoruz. Hastalar\u0131n bizi se\u00e7mesinin nedenleri \u015funlard\u0131r:<\/p><ul><li><strong>Uzman Cerrahlar:<\/strong> Kar\u0131n germe ameliyatlar\u0131nda geni\u015f deneyime sahip, kurul onayl\u0131 uzmanlar.<\/li><li><strong>Ki\u015fiye \u00d6zel Bak\u0131m:<\/strong> Bireysel ihtiya\u00e7lara y\u00f6nelik, ki\u015fiye \u00f6zel dan\u0131\u015fmanl\u0131k ve tedaviler.<\/li><li><strong>Son Teknoloji Tesisler:<\/strong> G\u00fcvenli ve konforlu ameliyatlar i\u00e7in ileri teknoloji ile donat\u0131lm\u0131\u015ft\u0131r.<\/li><li><strong>Kapsaml\u0131 Destek:<\/strong> Dan\u0131\u015fmanl\u0131ktan iyile\u015fmeye kadar, \u00f6zverili personelimiz s\u00fcrekli bak\u0131m ve rehberlik sa\u011flar.<\/li><\/ul><p><strong>Dan\u0131\u015fmanl\u0131k ve Planlama<\/strong><\/p><p>Yolculu\u011funuz gizli bir dan\u0131\u015fmanl\u0131kla ba\u015fl\u0131yor:<\/p><ul><li><strong>De\u011ferlendirme:<\/strong> Kar\u0131n b\u00f6lgenizin de\u011ferlendirilmesi ve hedeflerinizin tart\u0131\u015f\u0131lmas\u0131.<\/li><li><strong>Ki\u015fiye \u00d6zel Tedavi Plan\u0131:<\/strong> Anatominize ve istedi\u011finiz sonu\u00e7lara g\u00f6re ki\u015fiye \u00f6zel prosed\u00fcr.<\/li><li><strong>E\u011fitim ve Haz\u0131rl\u0131k:<\/strong> \u0130\u015flem hakk\u0131nda detayl\u0131 bilgiler ve kapsaml\u0131 ameliyat \u00f6ncesi ve sonras\u0131 bak\u0131m talimatlar\u0131.<\/li><\/ul><p><strong>\u00c7\u00f6z\u00fcm<\/strong><\/p><p>G\u00fcveninizi art\u0131rmak i\u00e7in daha p\u00fcr\u00fczs\u00fcz, daha s\u0131k\u0131 bir kar\u0131n istiyorsan\u0131z, SURGYTEAM Clinic uzman rehberlik ve destek sunar. Deneyimli ekibimizle estetik hedeflerinize ula\u015fmak i\u00e7in ilk ad\u0131m\u0131 atmak ve dan\u0131\u015fmanl\u0131\u011f\u0131n\u0131z\u0131 planlamak i\u00e7in bug\u00fcn bizimle ileti\u015fime ge\u00e7in.<\/p>\t\t\t\t\t\t\t\t<\/div>\n\t\t\t\t<\/div>\n\t\t\t\t<\/div>\n\t\t<div class=\"elementor-element elementor-element-b373dbe e-con-full e-flex wpr-particle-no wpr-jarallax-no wpr-parallax-no wpr-sticky-section-no wpr-equal-height-no e-con e-child\" data-id=\"b373dbe\" data-element_type=\"container\" data-e-type=\"container\">\n\t\t\t\t<div class=\"elementor-element elementor-element-36389fc content-align-cta-default elementor-widget elementor-widget-eael-cta-box\" data-id=\"36389fc\" data-element_type=\"widget\" data-e-type=\"widget\" data-widget_type=\"eael-cta-box.default\">\n\t\t\t\t<div class=\"elementor-widget-container\">\n\t\t\t\t\t\t\t<div class=\"eael-call-to-action cta-basic bg-lite cta-preset-1\">\n        <h2 class=\"title eael-cta-heading\">NE BEKLENT\u0130LER\u0130<\/h2><p>Se\u00e7ti\u011finiz cerrahi prosed\u00fcr hakk\u0131nda daha fazla bilgi edinmek i\u00e7in ba\u011flant\u0131lara t\u0131klay\u0131n; buna hastanede kal\u0131\u015f s\u00fcreniz ve <a href=\"https:\/\/surgyteam.com\/tr\/bize-ulasin\/\" rel=\"sponsored\">iyile\u015fme s\u00fcresi<\/a>.<\/p><a href=\"\/tr\/bize-ulasin\/\" class=\"cta-button cta-preset-1\">Bize Ula\u015f\u0131n<\/a>\t<\/div>\n\t\t\t\t\t\t\t\t<\/div>\n\t\t\t\t<\/div>\n\t\t\t\t<div class=\"elementor-element elementor-element-efa78f5 eael-hamburger--none eael-simple-menu-hamburger-align-right elementor-widget elementor-widget-eael-simple-menu\" data-id=\"efa78f5\" data-element_type=\"widget\" data-e-type=\"widget\" data-widget_type=\"eael-simple-menu.default\">\n\t\t\t\t<div class=\"elementor-widget-container\">\n\t\t\t\t\t            <div data-hamburger-icon=\"&lt;svg aria-hidden=&quot;true&quot; class=&quot;e-font-icon-svg e-fas-bars&quot; viewBox=&quot;0 0 448 512&quot; xmlns=&quot;http:\/\/www.w3.org\/2000\/svg&quot;&gt;&lt;path d=&quot;M16 132h416c8.837 0 16-7.163 16-16V76c0-8.837-7.163-16-16-16H16C7.163 60 0 67.163 0 76v40c0 8.837 7.163 16 16 16zm0 160h416c8.837 0 16-7.163 16-16v-40c0-8.837-7.163-16-16-16H16c-8.837 0-16 7.163-16 16v40c0 8.837 7.163 16 16 16zm0 160h416c8.837 0 16-7.163 16-16v-40c0-8.837-7.163-16-16-16H16c-8.837 0-16 7.163-16 16v40c0 8.837 7.163 16 16 16z&quot;&gt;&lt;\/path&gt;&lt;\/svg&gt;\" data-indicator-icon=\"&lt;svg aria-hidden=&quot;true&quot; class=&quot;e-font-icon-svg e-fas-angle-down&quot; viewBox=&quot;0 0 320 512&quot; xmlns=&quot;http:\/\/www.w3.org\/2000\/svg&quot;&gt;&lt;path d=&quot;M143 352.3L7 216.3c-9.4-9.4-9.4-24.6 0-33.9l22.6-22.6c9.4-9.4 24.6-9.4 33.9 0l96.4 96.4 96.4-96.4c9.4-9.4 24.6-9.4 33.9 0l22.6 22.6c9.4 9.4 9.4 24.6 0 33.9l-136 136c-9.2 9.4-24.4 9.4-33.8 0z&quot;&gt;&lt;\/path&gt;&lt;\/svg&gt;\" data-dropdown-indicator-icon=\"&lt;svg class=&quot;e-font-icon-svg e-fas-angle-down&quot; viewBox=&quot;0 0 320 512&quot; xmlns=&quot;http:\/\/www.w3.org\/2000\/svg&quot;&gt;&lt;path d=&quot;M143 352.3L7 216.3c-9.4-9.4-9.4-24.6 0-33.9l22.6-22.6c9.4-9.4 24.6-9.4 33.9 0l96.4 96.4 96.4-96.4c9.4-9.4 24.6-9.4 33.9 0l22.6 22.6c9.4 9.4 9.4 24.6 0 33.9l-136 136c-9.2 9.4-24.4 9.4-33.8 0z&quot;&gt;&lt;\/path&gt;&lt;\/svg&gt;\" class=\"eael-simple-menu-container eael-simple-menu--loading eael-simple-menu-align-left eael-simple-menu-dropdown-align-left preset-2\" data-hamburger-breakpoints=\"{&quot;mobile&quot;:&quot;Mobil Portre (&gt; 767px)&quot;,&quot;tablet&quot;:&quot;Tablet Portresi (&gt; 1024px)&quot;,&quot;desktop&quot;:&quot;Desktop (&gt; 2400px)&quot;,&quot;none&quot;:&quot;None&quot;}\" data-hamburger-device=\"none\">\n                <ul id=\"menu-estetik-cerrahi-islemler\" class=\"eael-simple-menu eael-simple-menu-dropdown-animate-to-top eael-simple-menu-indicator eael-simple-menu-vertical\"><li id=\"menu-item-539\" class=\"menu-item menu-item-type-post_type menu-item-object-page menu-item-539\"><a href=\"https:\/\/surgyteam.com\/tr\/brow-lift\/\" class=\"menu-link\">Ka\u015f kald\u0131rma<\/a><\/li>\n<li id=\"menu-item-538\" class=\"menu-item menu-item-type-post_type menu-item-object-page menu-item-538\"><a href=\"https:\/\/surgyteam.com\/tr\/blepharoplasty\/\" class=\"menu-link\">Blefaroplasti<\/a><\/li>\n<li id=\"menu-item-537\" class=\"menu-item menu-item-type-post_type menu-item-object-page menu-item-537\"><a href=\"https:\/\/surgyteam.com\/tr\/rhinoplasty\/\" class=\"menu-link\">Rinoplasti<\/a><\/li>\n<li id=\"menu-item-541\" class=\"menu-item menu-item-type-post_type menu-item-object-page menu-item-541\"><a href=\"https:\/\/surgyteam.com\/tr\/prominent-ear\/\" class=\"menu-link\">Kep\u00e7e kulak<\/a><\/li>\n<li id=\"menu-item-535\" class=\"menu-item menu-item-type-post_type menu-item-object-page menu-item-535\"><a href=\"https:\/\/surgyteam.com\/tr\/bichectomy\/\" class=\"menu-link\">Bi\u015fektomi<\/a><\/li>\n<li id=\"menu-item-534\" class=\"menu-item menu-item-type-post_type menu-item-object-page menu-item-534\"><a href=\"https:\/\/surgyteam.com\/tr\/lip-lift\/\" class=\"menu-link\">Dudak kald\u0131rma<\/a><\/li>\n<li id=\"menu-item-533\" class=\"menu-item menu-item-type-post_type menu-item-object-page menu-item-533\"><a href=\"https:\/\/surgyteam.com\/tr\/face-lift\/\" class=\"menu-link\">Y\u00fcz germe<\/a><\/li>\n<li id=\"menu-item-532\" class=\"menu-item menu-item-type-post_type menu-item-object-page menu-item-532\"><a href=\"https:\/\/surgyteam.com\/tr\/neck-lift\/\" class=\"menu-link\">Boyun Germe<\/a><\/li>\n<li id=\"menu-item-531\" class=\"menu-item menu-item-type-post_type menu-item-object-page menu-item-531\"><a href=\"https:\/\/surgyteam.com\/tr\/arm-lift\/\" class=\"menu-link\">Kol Kald\u0131rma<\/a><\/li>\n<li id=\"menu-item-530\" class=\"menu-item menu-item-type-post_type menu-item-object-page menu-item-530\"><a href=\"https:\/\/surgyteam.com\/tr\/reduction-mammoplasty\/\" class=\"menu-link\">K\u00fc\u00e7\u00fcltme Mamoplastisi<\/a><\/li>\n<li id=\"menu-item-529\" class=\"menu-item menu-item-type-post_type menu-item-object-page menu-item-529\"><a href=\"https:\/\/surgyteam.com\/tr\/augmentation-mammoplasty\/\" class=\"menu-link\">B\u00fcy\u00fctme Mamoplastisi<\/a><\/li>\n<li id=\"menu-item-528\" class=\"menu-item menu-item-type-post_type menu-item-object-page menu-item-528\"><a href=\"https:\/\/surgyteam.com\/tr\/augmentation-mastopexy\/\" class=\"menu-link\">B\u00fcy\u00fctme Mastopeksi<\/a><\/li>\n<li id=\"menu-item-556\" class=\"menu-item menu-item-type-post_type menu-item-object-page menu-item-556\"><a href=\"https:\/\/surgyteam.com\/tr\/tummy-tuck\/\" class=\"menu-link\">Kar\u0131n Germe<\/a><\/li>\n<li id=\"menu-item-527\" class=\"menu-item menu-item-type-post_type menu-item-object-page menu-item-527\"><a href=\"https:\/\/surgyteam.com\/tr\/back-lift\/\" class=\"menu-link\">S\u0131rt Kald\u0131rma<\/a><\/li>\n<li id=\"menu-item-526\" class=\"menu-item menu-item-type-post_type menu-item-object-page menu-item-526\"><a href=\"https:\/\/surgyteam.com\/tr\/brasilian-butt-lift\/\" class=\"menu-link\">Brezilya Poposu Kald\u0131rma<\/a><\/li>\n<li id=\"menu-item-540\" class=\"menu-item menu-item-type-post_type menu-item-object-page menu-item-540\"><a href=\"https:\/\/surgyteam.com\/tr\/360-liposuction\/\" class=\"menu-link\">Uyluk Germe<\/a><\/li>\n<\/ul>                <button class=\"eael-simple-menu-toggle\">\n                    <span class=\"sr-only\">Hamburger Men\u00fc A\u00e7\u0131l\u0131r Kapatma<\/span>\n                    <svg aria-hidden=\"true\" class=\"e-font-icon-svg e-fas-bars\" viewbox=\"0 0 448 512\" xmlns=\"http:\/\/www.w3.org\/2000\/svg\"><path d=\"M16 132h416c8.837 0 16-7.163 16-16V76c0-8.837-7.163-16-16-16H16C7.163 60 0 67.163 0 76v40c0 8.837 7.163 16 16 16zm0 160h416c8.837 0 16-7.163 16-16v-40c0-8.837-7.163-16-16-16H16c-8.837 0-16 7.163-16 16v40c0 8.837 7.163 16 16 16zm0 160h416c8.837 0 16-7.163 16-16v-40c0-8.837-7.163-16-16-16H16c-8.837 0-16 7.163-16 16v40c0 8.837 7.163 16 16 16z\"><\/path><\/svg>                <\/button>\n            <\/div>\n            \t\t\t\t<\/div>\n\t\t\t\t<\/div>\n\t\t\t\t<\/div>\n\t\t\t\t\t<\/div>\n\t\t\t\t<\/div>\n\t\t\t\t<\/div>","protected":false},"excerpt":{"rendered":"<p>Kar\u0131n Germe Kar\u0131n Germe SURGYTEAM Klini\u011fi&#039;nde, geli\u015fmi\u015f kozmetik prosed\u00fcrlerimiz arac\u0131l\u0131\u011f\u0131yla hastalar\u0131m\u0131z\u0131n daha d\u00fcz ve daha s\u0131k\u0131 bir kar\u0131na kavu\u015fmas\u0131na yard\u0131mc\u0131 olma konusunda uzmanla\u015f\u0131yoruz. En etkili tedavilerimizden biri, kar\u0131n kaslar\u0131n\u0131 s\u0131k\u0131la\u015ft\u0131rarak daha p\u00fcr\u00fczs\u00fcz ve s\u0131k\u0131 bir kar\u0131n yaratmak i\u00e7in fazla deri ve ya\u011f\u0131 alan kar\u0131n germe, di\u011fer ad\u0131yla abdominoplastidir. Kar\u0131n Germe Nedir? Fazla Deriyi Alma: Genellikle \u00f6nemli kilo kayb\u0131 veya hamilelikten sonra kalan fazla deriyi ortadan kald\u0131rma. Kar\u0131n Kaslar\u0131n\u0131 S\u0131k\u0131la\u015ft\u0131rma: \u00c7ekirdek g\u00fcc\u00fcn\u00fc geri kazand\u0131rmak ve kar\u0131n konturunu iyile\u015ftirmek i\u00e7in kar\u0131n duvar\u0131 kaslar\u0131n\u0131 g\u00fc\u00e7lendirme ve s\u0131k\u0131la\u015ft\u0131rma. Bel \u00c7izgisini \u015eekillendirme: Daha \u015fekillendirilmi\u015f bir g\u00f6r\u00fcn\u00fcm i\u00e7in belin \u015feklini ve tan\u0131m\u0131n\u0131 iyile\u015ftirme. Kar\u0131n Germe \u0130\u015fleminin Faydalar\u0131 Daha D\u00fcz Kar\u0131n Profili: Fazla deri ve ya\u011f\u0131n al\u0131nmas\u0131 daha p\u00fcr\u00fczs\u00fcz, daha d\u00fcz bir kar\u0131n konturuna yol a\u00e7ar. S\u0131k\u0131la\u015ft\u0131r\u0131lm\u0131\u015f Kar\u0131n Kaslar\u0131: \u00c7ekirdek g\u00fcc\u00fc ve duru\u015fun iyile\u015ftirilmesi. Geli\u015fmi\u015f V\u00fccut G\u00fcveni: Daha s\u0131k\u0131 ve orant\u0131l\u0131 bir fig\u00fcre ula\u015fmak \u00f6z sayg\u0131y\u0131 art\u0131rabilir. Azalt\u0131lm\u0131\u015f Cilt Tahri\u015fi: Fazla deri k\u0131vr\u0131mlar\u0131 ve tahri\u015ften kaynaklanan rahats\u0131zl\u0131\u011f\u0131 hafifletir. Kar\u0131n Germe Prosed\u00fcr\u00fc SURGYTEAM Klini\u011finde, yetenekli cerrahlar\u0131m\u0131z kar\u0131n germe prosed\u00fcrlerini ayr\u0131nt\u0131lara ve hasta g\u00fcvenli\u011fine titizlikle dikkat ederek ger\u00e7ekle\u015ftirir. \u0130\u015fte sizi neler bekledi\u011fi: Anestezi: Prosed\u00fcr boyunca konforunuzu sa\u011flamak i\u00e7in uygulan\u0131r. Kesi Yerle\u015fimi: Kesiler, g\u00f6r\u00fcn\u00fcr yara izlerini en aza indirmek i\u00e7in stratejik olarak yap\u0131l\u0131r. Deri ve Ya\u011f \u00c7\u0131karma: Fazla deri ve ya\u011f hassas bir \u015fekilde \u00e7\u0131kar\u0131l\u0131r. Kas Onar\u0131m\u0131: Kar\u0131n kaslar\u0131 s\u0131k\u0131la\u015ft\u0131r\u0131l\u0131r ve daha s\u0131k\u0131 bir pozisyona dikilir. Konturlama ve Diki\u015f Atma: Kalan deri, en iyi sonu\u00e7lar i\u00e7in dikkatlice konturlan\u0131r ve dikilir. \u0130yile\u015fme ve Sonras\u0131 Bak\u0131m Fiziksel Aktivite: Dola\u015f\u0131m\u0131 desteklemek i\u00e7in ameliyattan k\u0131sa bir s\u00fcre sonra hafif y\u00fcr\u00fcy\u00fc\u015f te\u015fvik edilir, ancak yorucu aktivitelerden ka\u00e7\u0131n\u0131lmal\u0131d\u0131r. \u015ei\u015flik ve Morarma: Ameliyattan sonra beklenen bu semptomlar, uygun y\u00fckseltme ve so\u011fuk kompreslerle kademeli olarak azal\u0131r. Takip Randevular\u0131: \u0130yile\u015fme s\u00fcrecini izlemek ve en iyi sonu\u00e7lar\u0131 sa\u011flamak i\u00e7in \u00f6nemlidir. Uzun Vadeli Sonu\u00e7lar: Sabit bir kilo ve sa\u011fl\u0131kl\u0131 bir ya\u015fam tarz\u0131 s\u00fcrd\u00fcrmek, prosed\u00fcr\u00fcn faydalar\u0131n\u0131 uzat\u0131r. Kar\u0131n Germe \u0130\u015fleminiz \u0130\u00e7in SURGYTEAM Klini\u011fi&#039;ni Se\u00e7mek SURGYTEAM Klini\u011fi&#039;nde, hasta g\u00fcvenli\u011fine, memnuniyetine ve do\u011fal g\u00f6r\u00fcn\u00fcml\u00fc sonu\u00e7lara \u00f6ncelik veriyoruz. Hastalar\u0131n bizi se\u00e7mesinin nedenleri \u015funlard\u0131r: Uzman Cerrahlar: Kar\u0131n germe prosed\u00fcrlerinde kapsaml\u0131 deneyime sahip, kurul onayl\u0131 uzmanlar. Ki\u015fiselle\u015ftirilmi\u015f Bak\u0131m: Bireysel ihtiya\u00e7lar\u0131 kar\u015f\u0131lamak i\u00e7in \u00f6zel dan\u0131\u015fmanl\u0131klar ve tedaviler. Son Teknoloji Tesisler: G\u00fcvenli ve konforlu ameliyatlar i\u00e7in geli\u015fmi\u015f teknoloji ile donat\u0131lm\u0131\u015ft\u0131r. Kapsaml\u0131 Destek: Dan\u0131\u015fmanl\u0131ktan iyile\u015fmeye kadar, \u00f6zel personel s\u00fcrekli bak\u0131m ve rehberlik sa\u011flar. Dan\u0131\u015fmanl\u0131k ve Planlama Yolculu\u011funuz gizli bir dan\u0131\u015fmanl\u0131kla ba\u015flar: De\u011ferlendirme: Kar\u0131n b\u00f6lgenizin de\u011ferlendirilmesi ve hedeflerinizin tart\u0131\u015f\u0131lmas\u0131. \u00d6zelle\u015ftirilmi\u015f Tedavi Plan\u0131: Anatominize ve istenen sonu\u00e7lara g\u00f6re \u00f6zel prosed\u00fcr. E\u011fitim ve Haz\u0131rl\u0131k: Prosed\u00fcr hakk\u0131nda ayr\u0131nt\u0131l\u0131 bilgi ve kapsaml\u0131 ameliyat \u00f6ncesi ve sonras\u0131 bak\u0131m talimatlar\u0131. Sonu\u00e7 G\u00fcveninizi art\u0131rmak i\u00e7in daha p\u00fcr\u00fczs\u00fcz, daha s\u0131k\u0131 bir kar\u0131n istiyorsan\u0131z, SURGYTEAM Klini\u011fi uzman rehberlik ve destek sunar. Deneyimli ekibimizle estetik hedeflerinize ula\u015fmak i\u00e7in ilk ad\u0131m\u0131 atmak ve dan\u0131\u015fmanl\u0131\u011f\u0131n\u0131z\u0131 planlamak i\u00e7in bug\u00fcn bizimle ileti\u015fime ge\u00e7in. NE BEKLEYEB\u0130L\u0130RS\u0130N\u0130Z? Hastanede kal\u0131\u015f s\u00fcreniz ve iyile\u015fme s\u00fcreniz dahil olmak \u00fczere se\u00e7ti\u011finiz cerrahi prosed\u00fcr hakk\u0131nda daha fazla bilgi edinmek i\u00e7in ba\u011flant\u0131lara t\u0131klay\u0131n. Bize Ula\u015f\u0131n Ka\u015f kald\u0131rma Blefaroplasti Rinoplasti Kep\u00e7e kulak Bi\u015fektomi Dudak kald\u0131rma Y\u00fcz germe Boyun Germe Kol Germe K\u00fc\u00e7\u00fcltme Mamoplasti B\u00fcy\u00fctme Mamoplasti B\u00fcy\u00fctme Mastopeksi Kar\u0131n Germe S\u0131rt Germe Brezilya Poposu Kald\u0131rma Uyluk Kald\u0131rma Humberger Men\u00fc A\u00e7\u0131l\u0131r Kapat<\/p>","protected":false},"author":1,"featured_media":0,"parent":0,"menu_order":0,"comment_status":"closed","ping_status":"closed","template":"elementor_header_footer","meta":{"content-type":"","_daextam_enable_autolinks":"","site-sidebar-layout":"default","site-content-layout":"","ast-site-content-layout":"default","site-content-style":"default","site-sidebar-style":"default","ast-global-header-display":"","ast-banner-title-visibility":"","ast-main-header-display":"","ast-hfb-above-header-display":"","ast-hfb-below-header-display":"","ast-hfb-mobile-header-display":"","site-post-title":"","ast-breadcrumbs-content":"","ast-featured-img":"","footer-sml-layout":"","ast-disable-related-posts":"","theme-transparent-header-meta":"","adv-header-id-meta":"","stick-header-meta":"","header-above-stick-meta":"","header-main-stick-meta":"","header-below-stick-meta":"","astra-migrate-meta-layouts":"default","ast-page-background-enabled":"default","ast-page-background-meta":{"desktop":{"background-color":"var(--ast-global-color-4)","background-image":"","background-repeat":"repeat","background-position":"center center","background-size":"auto","background-attachment":"scroll","background-type":"","background-media":"","overlay-type":"","overlay-color":"","overlay-opacity":"","overlay-gradient":""},"tablet":{"background-color":"","background-image":"","background-repeat":"repeat","background-position":"center center","background-size":"auto","background-attachment":"scroll","background-type":"","background-media":"","overlay-type":"","overlay-color":"","overlay-opacity":"","overlay-gradient":""},"mobile":{"background-color":"","background-image":"","background-repeat":"repeat","background-position":"center center","background-size":"auto","background-attachment":"scroll","background-type":"","background-media":"","overlay-type":"","overlay-color":"","overlay-opacity":"","overlay-gradient":""}},"ast-content-background-meta":{"desktop":{"background-color":"var(--ast-global-color-5)","background-image":"","background-repeat":"repeat","background-position":"center center","background-size":"auto","background-attachment":"scroll","background-type":"","background-media":"","overlay-type":"","overlay-color":"","overlay-opacity":"","overlay-gradient":""},"tablet":{"background-color":"var(--ast-global-color-5)","background-image":"","background-repeat":"repeat","background-position":"center center","background-size":"auto","background-attachment":"scroll","background-type":"","background-media":"","overlay-type":"","overlay-color":"","overlay-opacity":"","overlay-gradient":""},"mobile":{"background-color":"var(--ast-global-color-5)","background-image":"","background-repeat":"repeat","background-position":"center center","background-size":"auto","background-attachment":"scroll","background-type":"","background-media":"","overlay-type":"","overlay-color":"","overlay-opacity":"","overlay-gradient":""}},"footnotes":""},"class_list":["post-479","page","type-page","status-publish","hentry"],"_links":{"self":[{"href":"https:\/\/surgyteam.com\/tr\/wp-json\/wp\/v2\/pages\/479","targetHints":{"allow":["GET"]}}],"collection":[{"href":"https:\/\/surgyteam.com\/tr\/wp-json\/wp\/v2\/pages"}],"about":[{"href":"https:\/\/surgyteam.com\/tr\/wp-json\/wp\/v2\/types\/page"}],"author":[{"embeddable":true,"href":"https:\/\/surgyteam.com\/tr\/wp-json\/wp\/v2\/users\/1"}],"replies":[{"embeddable":true,"href":"https:\/\/surgyteam.com\/tr\/wp-json\/wp\/v2\/comments?post=479"}],"version-history":[{"count":0,"href":"https:\/\/surgyteam.com\/tr\/wp-json\/wp\/v2\/pages\/479\/revisions"}],"wp:attachment":[{"href":"https:\/\/surgyteam.com\/tr\/wp-json\/wp\/v2\/media?parent=479"}],"curies":[{"name":"wp","href":"https:\/\/api.w.org\/{rel}","templated":true}]}}